{"id":19409,"date":"2025-04-07T06:33:06","date_gmt":"2025-04-07T06:33:06","guid":{"rendered":"https:\/\/www.hydraulic-cylinders.net\/product\/boom-cylinder-for-bobcat-small-excavator-e63\/"},"modified":"2025-04-07T06:33:09","modified_gmt":"2025-04-07T06:33:09","slug":"boom-cylinder-for-bobcat-small-excavator-e63","status":"publish","type":"product","link":"https:\/\/www.hydraulic-cylinders.net\/tr\/urun\/boom-cylinder-for-bobcat-small-excavator-e63\/","title":{"rendered":"Bobcat K\u00fc\u00e7\u00fck Ekskavat\u00f6r E63 i\u00e7in Bom Silindiri"},"content":{"rendered":"<h1>Bobcat K\u00fc\u00e7\u00fck Ekskavat\u00f6r E63 i\u00e7in Bom Silindiri<\/h1>\n<h2>Bom Silindirlerine Giri\u015f<\/h2>\n<p>The <strong>Bom Silindiri<\/strong> ekskavat\u00f6rler, beko-loderler ve \u00f6n y\u00fckleyiciler gibi \u00e7e\u015fitli a\u011f\u0131r makinelerin hareketini kontrol etmek i\u00e7in \u00f6zel olarak tasarlanm\u0131\u015f temel bir hidrolik bile\u015fendir. Bu hidrolik silindir, bomun kald\u0131rma, indirme ve yat\u0131rma i\u015flemlerini sa\u011flayarak malzeme ta\u015f\u0131ma g\u00f6revlerini kolayla\u015ft\u0131r\u0131r. Bom silindirlerinin i\u015flevselli\u011fi, in\u015faat, tar\u0131m ve bir\u00e7ok end\u00fcstriyel uygulamada hayati \u00f6nem ta\u015f\u0131r ve etkili \u00e7al\u0131\u015fma i\u00e7in gerekli g\u00fc\u00e7 ve hassasiyeti sa\u011flar.<\/p>\n<p><img decoding=\"async\" src=\"https:\/\/www.hydraulic-cylinders.net\/wp-content\/uploads\/2025\/04\/songte-company-1.webp\" alt=\"Bom Silindiri G\u00f6r\u00fcnt\u00fcs\u00fc\"><\/p>\n<h3>Kova Silindirlerini Anlamak<\/h3>\n<p>Bir hidrolik silindir t\u00fcr\u00fc olan kova silindirleri, a\u011f\u0131r makinelerdeki kovalar\u0131n hareketini y\u00f6netmek i\u00e7in \u00f6zel olarak tasarlanm\u0131\u015ft\u0131r. Kazma, kald\u0131rma ve malzeme ta\u015f\u0131ma gibi g\u00f6revler i\u00e7in gerekli olan kontroll\u00fc hareket ve mukavemeti sa\u011flamak \u00fczere tasarlanm\u0131\u015ft\u0131r. Bu silindirlerin verimli \u00e7al\u0131\u015fmas\u0131, entegre edildikleri makinelerin performans\u0131n\u0131 ve uzun \u00f6m\u00fcrl\u00fcl\u00fc\u011f\u00fcn\u00fc sa\u011flamak i\u00e7in hayati \u00f6nem ta\u015f\u0131r.<\/p>\n<h2>Bom Silindirinin \u00d6zellikleri<\/h2>\n<ul>\n<li><strong>Y\u00fcksek Dayan\u0131kl\u0131l\u0131k ve Dayan\u0131kl\u0131l\u0131k:<\/strong> Y\u00fcksek mukavemetli \u00e7elik veya al\u00fcminyumdan \u00fcretilen bu silindirler, y\u00fcksek bas\u0131nca ve a\u011f\u0131r y\u00fcklere dayanacak \u015fekilde \u00fcretilmi\u015ftir ve bu da onlar\u0131 zorlu \u00e7al\u0131\u015fma ortamlar\u0131 i\u00e7in ideal hale getirir.<\/li>\n<li><strong>Verimli Hidrolik \u00c7al\u0131\u015fma:<\/strong> Bom silindiri, d\u00fczg\u00fcn uzatma ve geri \u00e7ekme i\u00e7in hidrolik ya\u011f bas\u0131nc\u0131n\u0131 kullan\u0131r, kontrol komutlar\u0131na h\u0131zl\u0131 tepki verilmesini ve \u00f6nemli itme ve \u00e7ekme kuvveti sa\u011flanmas\u0131n\u0131 m\u00fcmk\u00fcn k\u0131lar.<\/li>\n<li><strong>\u00c7e\u015fitli T\u00fcrler:<\/strong> Tek etkili (tek y\u00f6nde \u00e7al\u0131\u015fan) veya \u00e7ift etkili (iki y\u00f6nde \u00e7al\u0131\u015fan) konfig\u00fcrasyonlarda mevcuttur ve \u00f6zel operasyonel ihtiya\u00e7lara g\u00f6re \u00f6zelle\u015ftirme olana\u011f\u0131 sunar. Baz\u0131 modeller, d\u0131\u015f boyutlar\u0131 art\u0131rmadan daha fazla eri\u015fim sa\u011flamak i\u00e7in teleskopiktir.<\/li>\n<li><strong>Bak\u0131m\u0131 Kolay Tasar\u0131m:<\/strong> Kolay bak\u0131m i\u00e7in tasarlanm\u0131\u015ft\u0131r, operat\u00f6rlerin minimum kesinti s\u00fcresiyle denetim ve onar\u0131m yapabilmelerini sa\u011flar.<\/li>\n<li><strong>Korozyon ve A\u015f\u0131nma Direnci:<\/strong> Korozyon ve a\u015f\u0131nmaya dayan\u0131kl\u0131 kaplamalar ve malzeme se\u00e7imleri sayesinde dayan\u0131kl\u0131l\u0131\u011f\u0131 art\u0131r\u0131larak \u00fcr\u00fcn\u00fcn kullan\u0131m \u00f6mr\u00fc uzat\u0131l\u0131r.<\/li>\n<\/ul>\n<p>Firmam\u0131z bu tip \u00fcr\u00fcnlerin \u00fcretiminde uzmanla\u015fm\u0131\u015f olup, piyasadaki \u00e7e\u015fitli hidrolik silindirlerin m\u00fckemmel bir \u015fekilde de\u011fi\u015ftirilmesini sa\u011flamaktad\u0131r.<\/p>\n<p><img decoding=\"async\" src=\"https:\/\/www.hydraulic-cylinders.net\/wp-content\/uploads\/2025\/04\/songte-cylinder-head-with-all-kinds-excavator-models.webp\" alt=\"Ekskavat\u00f6r Modelleri G\u00f6rseli\"><\/p>\n<h2>Bom Silindirinin Uygulamalar\u0131<\/h2>\n<h3>\u0130n\u015faat Ekipmanlar\u0131<\/h3>\n<p>Ekskavat\u00f6rlerde bom silindirleri, kazma, y\u00fckleme ve toprak veya moloz ta\u015f\u0131ma i\u015flemlerinde \u00f6nemli bir rol oynar. Tasar\u0131mlar\u0131, g\u00fc\u00e7l\u00fc hareketlere olanak tan\u0131yarak \u00e7e\u015fitli in\u015faat g\u00f6revlerinde etkili bir \u00e7al\u0131\u015fma sa\u011flar.<\/p>\n<h3>Tar\u0131m Makinalar\u0131<\/h3>\n<p>\u00d6n y\u00fckleyicilerde bom silindirleri, toprak, saman ve di\u011fer malzemelerin kep\u00e7elenmesi, kald\u0131r\u0131lmas\u0131 ve ta\u015f\u0131nmas\u0131ndan sorumludur. Bu silindirler, b\u00fcy\u00fck y\u00fckleri verimli bir \u015fekilde ta\u015f\u0131mak i\u00e7in gereken kuvveti sa\u011flayarak onlar\u0131 tar\u0131msal ortamlarda vazge\u00e7ilmez k\u0131lar.<\/p>\n<h3>Ekskavat\u00f6r Kullan\u0131m\u0131<\/h3>\n<p>Ekskavat\u00f6rlerde bom silindiri, kep\u00e7enin zemine n\u00fcfuz etmesini sa\u011flayarak verimli kaz\u0131 operasyonlar\u0131n\u0131 kolayla\u015ft\u0131r\u0131r. Bu silindirlerin g\u00fcc\u00fc ve hassasiyeti, makinenin genel verimlili\u011fini art\u0131r\u0131r.<\/p>\n<h3>Y\u00fckleyici Uygulamalar\u0131<\/h3>\n<p>\u00d6n y\u00fckleyicilerde bom silindirleri, y\u00fckleri etkili bir \u015fekilde kald\u0131r\u0131p bo\u015faltmak i\u00e7in olmazsa olmazd\u0131r. G\u00fcvenilirlikleri ve g\u00fc\u00e7leri, in\u015faat ve at\u0131k y\u00f6netimi de dahil olmak \u00fczere \u00e7e\u015fitli sekt\u00f6rlerdeki g\u00f6revlerin yerine getirilmesinde kilit rol oynar.<\/p>\n<h2>Tasar\u0131m Hususlar\u0131 ve Se\u00e7im Kriterleri<\/h2>\n<h3>Y\u00fck Kapasitesi<\/h3>\n<p>Bir bom silindirinin y\u00fck kapasitesi, temel tasar\u0131m unsurlar\u0131ndan biridir. Kald\u0131r\u0131p ta\u015f\u0131yaca\u011f\u0131 y\u00fcklerin a\u011f\u0131rl\u0131\u011f\u0131n\u0131 ta\u015f\u0131yabilmelidir. Bu, gerekli hidrolik bas\u0131nc\u0131n hesaplanmas\u0131n\u0131 ve kullan\u0131lan malzemelerin b\u00fck\u00fclmeden veya k\u0131r\u0131lmadan kuvvete dayanabilmesini sa\u011flamay\u0131 i\u00e7erir. Y\u00fcksek mukavemetli malzemeler, makinenin performans\u0131n\u0131 ve g\u00fcvenli\u011fini do\u011frudan etkileyen gerekli y\u00fck de\u011ferlerine ula\u015fmada kritik \u00f6neme sahiptir. M\u00fchendisler, silindirlerin end\u00fcstri standartlar\u0131n\u0131 kar\u015f\u0131lad\u0131\u011f\u0131ndan veya a\u015ft\u0131\u011f\u0131ndan emin olmak i\u00e7in \u00e7e\u015fitli ko\u015fullar alt\u0131nda titizlikle test etmelidir.<\/p>\n<h3>S\u0131zd\u0131rmazl\u0131k ve Dayan\u0131kl\u0131l\u0131k<\/h3>\n<p>Bir hidrolik silindirin s\u0131zd\u0131rmazl\u0131k sistemi, uzun \u00f6m\u00fcrl\u00fcl\u00fc\u011f\u00fc ve verimlili\u011fi i\u00e7in hayati \u00f6nem ta\u015f\u0131r. Y\u00fcksek kaliteli contalar, performans sorunlar\u0131na ve artan bak\u0131m maliyetlerine yol a\u00e7abilen hidrolik s\u0131v\u0131 s\u0131z\u0131nt\u0131lar\u0131n\u0131 \u00f6nler. Dayan\u0131kl\u0131l\u0131klar\u0131 ve a\u015f\u0131nma diren\u00e7leri nedeniyle poli\u00fcretan ve nitril kau\u00e7uk gibi malzemeler s\u0131kl\u0131kla kullan\u0131l\u0131r. Ayr\u0131ca, tasar\u0131m, contalar\u0131n kapsaml\u0131 s\u00f6kme i\u015flemlerine gerek kalmadan kolayca de\u011fi\u015ftirilmesine olanak sa\u011flamal\u0131, bu da bak\u0131m\u0131 daha kolay ve daha uygun maliyetli hale getirmelidir. \u0130yi s\u0131zd\u0131rmazl\u0131\u011fa sahip bir silindir, tutarl\u0131 bas\u0131n\u00e7 seviyeleri sa\u011flayarak genel makine verimlili\u011fini art\u0131r\u0131r.<\/p>\n<h3>G\u00fcvenlik \u00d6zellikleri<\/h3>\n<p>Bom silindirlerinin tasar\u0131m\u0131nda g\u00fcvenlik en \u00f6nemli unsurdur. Bas\u0131n\u00e7 tahliye valfleri ve a\u015f\u0131r\u0131 y\u00fck koruma mekanizmalar\u0131 gibi \u00f6zellikler, hasar\u0131 \u00f6nlemek ve g\u00fcvenli \u00e7al\u0131\u015fmay\u0131 sa\u011flamak i\u00e7in hayati \u00f6nem ta\u015f\u0131r. Bu g\u00fcvenlik bile\u015fenleri, hidrolik bas\u0131nc\u0131 y\u00f6netmeye ve sistem ar\u0131zalar\u0131n\u0131 \u00f6nlemeye yard\u0131mc\u0131 olarak hem operat\u00f6r\u00fc hem de makineyi korur. Bu \u00f6zelliklerin ama\u00e7land\u0131\u011f\u0131 gibi \u00e7al\u0131\u015fmas\u0131n\u0131 sa\u011flamak i\u00e7in d\u00fczenli g\u00fcvenlik kontrolleri ve bak\u0131m programlar\u0131na uyulmas\u0131 gerekir. Tasar\u0131m ayr\u0131ca, silindirin \u00e7al\u0131\u015faca\u011f\u0131 ortam\u0131 ve g\u00fcvenli\u011fi tehlikeye atabilecek potansiyel tehlikeleri de dikkate almal\u0131d\u0131r.<\/p>\n<p><img decoding=\"async\" src=\"https:\/\/www.hydraulic-cylinders.net\/wp-content\/uploads\/2025\/04\/songte-oil-pipes-and-spare-parts.webp\" alt=\"Petrol Borular\u0131 ve Yedek Par\u00e7a G\u00f6rseli\"><\/p>\n<h2>S\u0131zd\u0131rmazl\u0131k ve Ya\u011flama<\/h2>\n<p>Etkili s\u0131zd\u0131rmazl\u0131k ve ya\u011flama, hidrolik silindirlerin performans\u0131 i\u00e7in kritik \u00f6neme sahiptir. Piston ve piston kolu contalar\u0131 gibi \u00e7e\u015fitli contalar, s\u0131z\u0131nt\u0131lar\u0131 \u00f6nlemek ve hidrolik bas\u0131nc\u0131 korumak i\u00e7in kullan\u0131l\u0131r. Bu contalar, a\u015f\u0131nmaya dayan\u0131kl\u0131 ve s\u0131v\u0131 kayb\u0131na kar\u015f\u0131 g\u00fcvenilir bir bariyer sa\u011flamak i\u00e7in genellikle poli\u00fcretan ve nitril kau\u00e7uk gibi dayan\u0131kl\u0131 malzemelerden \u00fcretilir. Silindir g\u00f6vdesi ve di\u015fli u\u00e7 y\u00fczeyleri, a\u015f\u0131nma direncini art\u0131rmak i\u00e7in hassas bir i\u015flemden ge\u00e7irilir ve silindirin zaman i\u00e7inde i\u015flevselli\u011fini korumas\u0131n\u0131 sa\u011flar. S\u00fcrt\u00fcnmeyi en aza indirmek ve a\u015f\u0131nmay\u0131 \u00f6nlemek, silindirin \u00f6mr\u00fcn\u00fc uzatmak ve sorunsuz \u00e7al\u0131\u015fmas\u0131n\u0131 sa\u011flamak i\u00e7in uygun hidrolik ya\u011f ile d\u00fczenli ya\u011flama gereklidir.<\/p>\n<h2>\u00d6nleyici Bak\u0131m \u00d6nlemleri<\/h2>\n<ul>\n<li><strong>D\u00fczenli Denetimler:<\/strong> A\u015f\u0131nma, s\u0131z\u0131nt\u0131 veya hasar belirtilerini kontrol etmek i\u00e7in rutin denetimler ger\u00e7ekle\u015ftirin. Sorunlar\u0131n erken tespiti, daha ciddi sorunlar\u0131n ve aksama s\u00fcrelerinin \u00f6nlenmesine yard\u0131mc\u0131 olabilir.<\/li>\n<li><strong>Uygun Ya\u011flama:<\/strong> Hidrolik ya\u011f seviyelerinin yeterli oldu\u011fundan emin olun ve optimum performans\u0131 korumak i\u00e7in \u00fcreticinin \u00f6nerileri do\u011frultusunda t\u00fcm hareketli par\u00e7alara ya\u011flay\u0131c\u0131 uygulay\u0131n.<\/li>\n<li><strong>Conta De\u011fi\u015fimi:<\/strong> S\u0131z\u0131nt\u0131lar\u0131 \u00f6nlemek ve hidrolik bas\u0131nc\u0131 korumak i\u00e7in contalar\u0131 d\u00fczenli olarak kontrol edin ve a\u015f\u0131nma belirtileri g\u00f6sterdi\u011finde de\u011fi\u015ftirin.<\/li>\n<\/ul>\n<h2>Kurulum Talimatlar\u0131<\/h2>\n<p>Optimum performans i\u00e7in bom silindirinin do\u011fru \u015fekilde tak\u0131lmas\u0131 \u00e7ok \u00f6nemlidir. \u00c7al\u0131\u015fma alan\u0131n\u0131n temiz ve kal\u0131nt\u0131lardan ar\u0131nd\u0131r\u0131lm\u0131\u015f oldu\u011fundan emin olarak ba\u015flay\u0131n. Silindiri yerine sabitlemek i\u00e7in uygun montaj braketlerini kullan\u0131n ve silindir \u00fczerinde a\u015f\u0131r\u0131 bask\u0131 olu\u015fmas\u0131n\u0131 \u00f6nlemek i\u00e7in hidrolik sistemle hizaland\u0131\u011f\u0131ndan emin olun. Silindire zarar vermemek i\u00e7in c\u0131vatalar\u0131 s\u0131karken \u00fcreticinin tork ayarlar\u0131na uyun. Kurulumdan sonra, s\u0131z\u0131nt\u0131 olmad\u0131\u011f\u0131ndan emin olarak hidrolik hatlar\u0131n\u0131 ba\u011flay\u0131n. Son olarak, her \u015feyin beklendi\u011fi gibi \u00e7al\u0131\u015ft\u0131\u011f\u0131ndan emin olmak i\u00e7in silindirin y\u00fck alt\u0131nda \u00e7al\u0131\u015fmas\u0131n\u0131 test edin. Kurulumdan sonra d\u00fczenli kontroller, performans\u0131n\u0131n ve g\u00fcvenli\u011finin korunmas\u0131na yard\u0131mc\u0131 olacakt\u0131r.<\/p>\n<h2>Yayg\u0131n Bak\u0131m G\u00f6revleri<\/h2>\n<h3>Periyodik Muayeneler<\/h3>\n<p>Olas\u0131 sorunlar\u0131 daha da b\u00fcy\u00fcmeden tespit etmek i\u00e7in d\u00fczenli kontroller yap\u0131n. Bu, s\u0131z\u0131nt\u0131, a\u015f\u0131nma ve do\u011fru hizalama kontrol\u00fc i\u00e7erir. Bu kontrollerin kay\u0131tlar\u0131n\u0131 tutmak, silindirin zaman i\u00e7indeki durumunu takip etmenize ve bak\u0131m programlar\u0131n\u0131 bilgilendirmenize yard\u0131mc\u0131 olabilir.<\/p>\n<h3>Uygun Ya\u011flama<\/h3>\n<p>S\u00fcrt\u00fcnme ve a\u015f\u0131nmay\u0131 azaltmak i\u00e7in ya\u011flama \u00e7ok \u00f6nemlidir. Verimlili\u011fi korumak ve silindirin \u00f6mr\u00fcn\u00fc uzatmak i\u00e7in t\u00fcm hareketli par\u00e7alar\u0131n do\u011fru tipte hidrolik ya\u011f ile yeterli \u015fekilde ya\u011fland\u0131\u011f\u0131ndan emin olun. Ya\u011f seviyelerini d\u00fczenli olarak kontrol edin ve gerekti\u011finde ya\u011f doldurun.<\/p>\n<h3>Conta De\u011fi\u015fimi ve Kalibrasyon Kontrolleri<\/h3>\n<p>Contalar\u0131 a\u015f\u0131nma belirtileri a\u00e7\u0131s\u0131ndan d\u00fczenli olarak kontrol edin ve s\u0131z\u0131nt\u0131lar\u0131 \u00f6nlemek i\u00e7in gerekti\u011finde de\u011fi\u015ftirin. Kalibrasyon kontrolleri, silindirin belirtilen parametreler dahilinde \u00e7al\u0131\u015fmas\u0131n\u0131 sa\u011flayarak hassas kontrol ve performans sa\u011flar. Bu kontrollere dayanarak gereken ayarlamalar\u0131 yapmak, silindirin verimlili\u011fini ve g\u00fcvenli\u011fini art\u0131racakt\u0131r.<\/p>\n<p><img decoding=\"async\" src=\"https:\/\/www.hydraulic-cylinders.net\/wp-content\/uploads\/2025\/04\/songte-chushion-collar.webp\" alt=\"Yast\u0131k Yaka G\u00f6rseli\"><\/p>\n<h2>G\u00fcvenlik Hususlar\u0131 ve \u00c7evresel Fakt\u00f6rler<\/h2>\n<p>Hidrolik sistemlerle \u00e7al\u0131\u015f\u0131rken g\u00fcvenlik \u00f6nlemleri son derece \u00f6nemlidir. Operat\u00f6rler, kaza ve yaralanmalar\u0131 \u00f6nlemek i\u00e7in do\u011fru kullan\u0131m teknikleri konusunda e\u011fitilmelidir. Ayr\u0131ca, kullan\u0131lan hidrolik s\u0131v\u0131n\u0131n \u00e7evre dostu olmas\u0131n\u0131 sa\u011flamak, s\u0131z\u0131nt\u0131 veya d\u00f6k\u00fclmelerin ekolojik etkisini en aza indirebilir. D\u00fczenli e\u011fitim ve g\u00fcvenlik protokollerine uyum, daha g\u00fcvenli bir \u00e7al\u0131\u015fma ortam\u0131 olu\u015fturulmas\u0131na yard\u0131mc\u0131 olacakt\u0131r.<\/p>\n<h2>Yayg\u0131n Sorunlar\u0131n Giderilmesi<\/h2>\n<ul>\n<li><strong>S\u0131z\u0131nt\u0131:<\/strong> A\u015f\u0131nm\u0131\u015f contalardan veya hasarl\u0131 ba\u011flant\u0131 par\u00e7alar\u0131ndan kaynaklanabilecek s\u0131z\u0131nt\u0131n\u0131n kayna\u011f\u0131n\u0131 belirleyin. Contalar\u0131 de\u011fi\u015ftirin ve t\u00fcm ba\u011flant\u0131lar\u0131n s\u0131k\u0131 oldu\u011fundan emin olun.<\/li>\n<li><strong>Tutarl\u0131 Olmayan Performans:<\/strong> Hidrolik s\u0131v\u0131 seviyelerini kontrol edin ve sistemin kirleticilerden ar\u0131nm\u0131\u015f oldu\u011fundan emin olun. Filtreleri temizleyin ve gerekirse s\u0131v\u0131lar\u0131 de\u011fi\u015ftirin.<\/li>\n<li><strong>Yava\u015f \u00c7al\u0131\u015fma:<\/strong> Hidrolik hatlarda t\u0131kan\u0131kl\u0131k olup olmad\u0131\u011f\u0131n\u0131 kontrol edin ve pompan\u0131n d\u00fczg\u00fcn \u00e7al\u0131\u015ft\u0131\u011f\u0131ndan emin olun. Sistemde s\u0131k\u0131\u015fan hava da yava\u015f \u00e7al\u0131\u015fmaya neden olabilir ve bo\u015falt\u0131lmal\u0131d\u0131r.<\/li>\n<\/ul>\n<h2>Sorun Giderme \u0130pu\u00e7lar\u0131<\/h2>\n<p>Sorunlar\u0131n etkili bir \u015fekilde te\u015fhis ve \u00e7\u00f6z\u00fcm\u00fc i\u00e7in operat\u00f6rlerin hidrolik sistemin teknik \u00f6zelliklerini bilmeleri gerekir. D\u00fczenli e\u011fitim, sorunlar\u0131n h\u0131zl\u0131 bir \u015fekilde tespit edilmesine yard\u0131mc\u0131 olabilir. Rutin bak\u0131m ve do\u011fru \u00e7al\u0131\u015fma uygulamalar\u0131 gibi \u00f6nleyici tedbirler, olas\u0131 sorunlar\u0131 en aza indirmek i\u00e7in olmazsa olmazd\u0131r. Proaktif bir bak\u0131m program\u0131 uygulamak, beklenmedik ar\u0131za olas\u0131l\u0131\u011f\u0131n\u0131 \u00f6nemli \u00f6l\u00e7\u00fcde azaltabilir.<\/p>\n<p><img decoding=\"async\" src=\"https:\/\/www.hydraulic-cylinders.net\/wp-content\/uploads\/2025\/04\/songte-bushings-with-all-kinds-of-excavator-models.webp\" alt=\"Bur\u00e7lar G\u00f6r\u00fcnt\u00fcs\u00fc\"><\/p>\n<h2>\u015eirketimiz Hakk\u0131nda<\/h2>\n<p>Hidrolik silindirlerin lider \u00fcreticisi ve toptanc\u0131s\u0131y\u0131z ve pazara y\u00fcksek kaliteli yedek silindirler sa\u011flama konusunda uzmanla\u015fm\u0131\u015f durumday\u0131z. \u015eirketimiz, hassas \u00fcretim ve kaliteye olan ba\u011fl\u0131l\u0131\u011f\u0131m\u0131zla m\u00fckemmellik sunmaktan gurur duymaktad\u0131r. M\u00fc\u015fterilerimizin \u00e7e\u015fitli ihtiya\u00e7lar\u0131n\u0131 kar\u015f\u0131lamak i\u00e7in ileri teknoloji, yetenekli personel ve verimli \u00fcretim s\u00fcre\u00e7lerinden yararlan\u0131yoruz. Uluslararas\u0131 sertifikalar\u0131m\u0131z ve \u00f6zel hizmetlerimiz, \u00fcst\u00fcn \u00fcr\u00fcnler sunma konusundaki kararl\u0131l\u0131\u011f\u0131m\u0131z\u0131 vurgulamaktad\u0131r. G\u00fc\u00e7l\u00fc \u00fcretim kapasitemiz ve m\u00fc\u015fteri memnuniyetine odaklanmam\u0131zla, hem yurt i\u00e7i hem de yurt d\u0131\u015f\u0131 pazarlarda uzun vadeli ili\u015fkiler kurmay\u0131 hedefliyoruz.<\/p>\n<p><img decoding=\"async\" src=\"https:\/\/www.hydraulic-cylinders.net\/wp-content\/uploads\/2025\/04\/songte-company-4.webp\" alt=\"\u015eirket G\u00f6rseli 1\"><br \/>\n<img decoding=\"async\" src=\"https:\/\/www.hydraulic-cylinders.net\/wp-content\/uploads\/2025\/04\/songte-company-3.webp\" alt=\"\u015eirket G\u00f6rseli 2\"><\/p>\n<p>Yazar: lyl<\/p>","protected":false},"excerpt":{"rendered":"<p>Boom Cylinder For Bobcat Small Excavator E63 Introduction to Boom Cylinders The Boom Cylinder is an essential hydraulic component designed specifically for controlling the movement of various heavy machinery, such as excavators, backhoe loaders, and front loaders. This hydraulic cylinder enables the boom to lift, lower, and tilt, facilitating material handling tasks. The functionality of [&hellip;]<\/p>","protected":false},"featured_media":17869,"comment_status":"open","ping_status":"closed","template":"","meta":{"_et_pb_use_builder":"","_et_pb_old_content":"","_et_gb_content_width":""},"product_brand":[],"product_cat":[1546],"product_tag":[1547,1496],"class_list":{"0":"post-19409","1":"product","2":"type-product","3":"status-publish","4":"has-post-thumbnail","6":"product_cat-boom-cylinders","7":"product_tag-boom-cylinders","8":"product_tag-hydraulic-cylinders","10":"first","11":"instock","12":"shipping-taxable","13":"product-type-simple"},"amp_enabled":true,"_links":{"self":[{"href":"https:\/\/www.hydraulic-cylinders.net\/tr\/wp-json\/wp\/v2\/product\/19409","targetHints":{"allow":["GET"]}}],"collection":[{"href":"https:\/\/www.hydraulic-cylinders.net\/tr\/wp-json\/wp\/v2\/product"}],"about":[{"href":"https:\/\/www.hydraulic-cylinders.net\/tr\/wp-json\/wp\/v2\/types\/product"}],"replies":[{"embeddable":true,"href":"https:\/\/www.hydraulic-cylinders.net\/tr\/wp-json\/wp\/v2\/comments?post=19409"}],"wp:featuredmedia":[{"embeddable":true,"href":"https:\/\/www.hydraulic-cylinders.net\/tr\/wp-json\/wp\/v2\/media\/17869"}],"wp:attachment":[{"href":"https:\/\/www.hydraulic-cylinders.net\/tr\/wp-json\/wp\/v2\/media?parent=19409"}],"wp:term":[{"taxonomy":"product_brand","embeddable":true,"href":"https:\/\/www.hydraulic-cylinders.net\/tr\/wp-json\/wp\/v2\/product_brand?post=19409"},{"taxonomy":"product_cat","embeddable":true,"href":"https:\/\/www.hydraulic-cylinders.net\/tr\/wp-json\/wp\/v2\/product_cat?post=19409"},{"taxonomy":"product_tag","embeddable":true,"href":"https:\/\/www.hydraulic-cylinders.net\/tr\/wp-json\/wp\/v2\/product_tag?post=19409"}],"curies":[{"name":"wp","href":"https:\/\/api.w.org\/{rel}","templated":true}]}}