{"id":19411,"date":"2025-04-07T06:33:12","date_gmt":"2025-04-07T06:33:12","guid":{"rendered":"https:\/\/www.hydraulic-cylinders.net\/product\/boom-cylinder-for-bobcat-small-excavator-e32\/"},"modified":"2025-04-07T06:33:14","modified_gmt":"2025-04-07T06:33:14","slug":"boom-cylinder-for-bobcat-small-excavator-e32","status":"publish","type":"product","link":"https:\/\/www.hydraulic-cylinders.net\/tr\/urun\/boom-cylinder-for-bobcat-small-excavator-e32\/","title":{"rendered":"Bobcat E32 K\u00fc\u00e7\u00fck Ekskavat\u00f6r \u0130\u00e7in Bom Silindiri"},"content":{"rendered":"<h1>Bobcat E32 K\u00fc\u00e7\u00fck Ekskavat\u00f6r \u0130\u00e7in Bom Silindiri<\/h1>\n<h2>Bom Silindirini Anlamak<\/h2>\n<p>Bom silindiri, a\u011f\u0131r makinelerin hidrolik sistemlerinde hayati bir bile\u015fendir ve \u00f6zellikle ekskavat\u00f6rler, kaz\u0131c\u0131lar ve \u00f6n y\u00fckleyicilerdeki kep\u00e7elerin hareketini kontrol etmek i\u00e7in tasarlanm\u0131\u015ft\u0131r. Bu hidrolik silindir, kep\u00e7enin kalkmas\u0131n\u0131, inmesini ve e\u011filmesini sa\u011flayarak verimli malzeme ta\u015f\u0131ma g\u00f6revleri i\u00e7in vazge\u00e7ilmezdir.<\/p>\n<p>Hidrolik silindir t\u00fcrlerinden biri olan bom silindiri, hareket olu\u015fturmak i\u00e7in bas\u0131n\u00e7l\u0131 hidrolik s\u0131v\u0131 kullan\u0131r. Operat\u00f6r bir komut g\u00f6nderdi\u011finde, hidrolik s\u0131v\u0131 silindire girer ve piston kolunun uzamas\u0131na veya geri \u00e7ekilmesine neden olur. Bu mekanizma, kep\u00e7enin konumunun hassas bir \u015fekilde kontrol edilmesini sa\u011flayarak makinenin i\u015flevselli\u011fini art\u0131r\u0131r.<\/p>\n<p>\u0130n\u015faat sekt\u00f6r\u00fcnde, a\u011f\u0131r y\u00fckleri hassas ve h\u0131zl\u0131 bir \u015fekilde manevra ettirebilme yetene\u011fi \u00e7ok \u00f6nemlidir. Bom silindirinin bu i\u015flevi yerine getirmedeki rol\u00fc, \u00f6zellikle zorlu \u00e7al\u0131\u015fma ortamlar\u0131nda, modern ekskavat\u00f6rlerin vazge\u00e7ilmez bir \u00f6zelli\u011fi haline gelmesini sa\u011flar. Tasar\u0131m\u0131 dayan\u0131kl\u0131l\u0131k ve verimlili\u011fe odaklanarak, operat\u00f6rlerin g\u00f6revleri maksimum verimlilikle tamamlamalar\u0131n\u0131 sa\u011flar.<\/p>\n<p><img decoding=\"async\" src=\"https:\/\/www.hydraulic-cylinders.net\/wp-content\/uploads\/2025\/04\/songte-company-1.webp\" alt=\"Bom Silindiri\" \/><\/p>\n<h2>Bom Silindirinin Temel \u00d6zellikleri<\/h2>\n<ul>\n<li><strong>Y\u00fcksek Dayan\u0131kl\u0131l\u0131k ve Dayan\u0131kl\u0131l\u0131k:<\/strong> Genellikle y\u00fcksek mukavemetli \u00e7elik veya al\u00fcminyumdan \u00fcretilen bom silindiri, y\u00fcksek bas\u0131nca ve a\u011f\u0131r y\u00fcklere dayanacak \u015fekilde tasarlanm\u0131\u015ft\u0131r ve bu da onu zorlu \u00e7al\u0131\u015fma ko\u015fullar\u0131 i\u00e7in uygun hale getirir.<\/li>\n<li><strong>Verimli Hidrolik \u00c7al\u0131\u015fma:<\/strong> Silindir, d\u00fczg\u00fcn uzama ve geri \u00e7ekilme i\u00e7in hidrolik ya\u011f bas\u0131nc\u0131n\u0131 kullan\u0131r, operasyonel komutlara h\u0131zl\u0131 yan\u0131t verir ve \u00f6nemli bir itme ve \u00e7ekme kuvveti sa\u011flar.<\/li>\n<li><strong>\u00c7e\u015fitli T\u00fcrler:<\/strong> Tek veya \u00e7ift etkili konfig\u00fcrasyonlarda mevcut olan bu \u00fcr\u00fcnler aras\u0131ndan kullan\u0131c\u0131lar, operasyonel ihtiya\u00e7lar\u0131na en uygun olan\u0131 se\u00e7ebilirler. Baz\u0131 modeller teleskopiktir ve d\u0131\u015f boyutlar\u0131 art\u0131rmadan daha uzun eri\u015fim sa\u011flar.<\/li>\n<\/ul>\n<p>Biz, mevcut hidrolik silindirlerin yerine sorunsuz bir \u015fekilde tak\u0131labilen ve \u00e7e\u015fitli uygulamalarda optimum performans sa\u011flayan, en y\u00fcksek kalitede bom silindirleri \u00fcretme konusunda uzmanla\u015fm\u0131\u015f bir firmay\u0131z.<\/p>\n<p><img decoding=\"async\" src=\"https:\/\/www.hydraulic-cylinders.net\/wp-content\/uploads\/2025\/04\/songte-cylinder-head-with-all-kinds-excavator-models.webp\" alt=\"Hidrolik Silindirler\" \/><\/p>\n<h2>Bom Silindirinin Uygulamalar\u0131<\/h2>\n<h3>\u0130n\u015faat Ekipmanlar\u0131<\/h3>\n<p>Ekskavat\u00f6rlerde, bom silindirleri toprak veya moloz kazma, y\u00fckleme ve ta\u015f\u0131ma i\u015flemlerinde hayati \u00f6neme sahiptir. Hassas hareketlere olanak tan\u0131yarak operat\u00f6rlerin g\u00fcvenlik veya performanstan \u00f6d\u00fcn vermeden kaz\u0131 i\u015flerini verimli bir \u015fekilde y\u00f6netmelerini sa\u011flarlar.<\/p>\n<h3>Kaz\u0131c\u0131 Y\u00fckleyiciler<\/h3>\n<p>Kaz\u0131c\u0131 y\u00fckleyicilerde, bom silindiri sadece kazmay\u0131 kolayla\u015ft\u0131rmakla kalmaz, ayn\u0131 zamanda a\u011f\u0131r y\u00fcklerin kald\u0131r\u0131lmas\u0131na da yard\u0131mc\u0131 olur. Bu \u00e7ift i\u015flevsellik, makinenin \u00e7ok y\u00f6nl\u00fcl\u00fc\u011f\u00fcn\u00fc art\u0131rarak, kaz\u0131 veya malzeme ta\u015f\u0131ma gibi her t\u00fcrl\u00fc \u015fantiyede de\u011ferli bir varl\u0131k haline getirir.<\/p>\n<h3>Tar\u0131m Makinalar\u0131<\/h3>\n<p>\u00d6n y\u00fckleyicilerde, bom silindirleri toprak, saman ve di\u011fer malzemelerin kep\u00e7elenmesi, kald\u0131r\u0131lmas\u0131 ve ta\u015f\u0131nmas\u0131nda \u00e7ok \u00f6nemli bir rol oynar. G\u00fcvenilir performanslar\u0131, \u00e7ift\u00e7ilerin ve tar\u0131m i\u015f\u00e7ilerinin \u00e7e\u015fitli g\u00f6revler s\u0131ras\u0131nda verimliliklerini optimize etmelerine yard\u0131mc\u0131 olur.<\/p>\n<h3>Ekskavat\u00f6rler<\/h3>\n<p>Ekskavat\u00f6rler i\u00e7in, kep\u00e7enin topra\u011fa n\u00fcfuz etmesini sa\u011flayan bom silindirinin i\u015flevi kritik \u00f6neme sahiptir. Bu \u00f6zellik, etkili kaz\u0131 i\u015flemleri i\u00e7in olmazsa olmazd\u0131r ve bom silindirini makinenin hidrolik sisteminin ayr\u0131lmaz bir par\u00e7as\u0131 haline getirir.<\/p>\n<h3>Y\u00fckleyiciler<\/h3>\n<p>\u00d6n y\u00fckleyicilerde, bom silindirleri y\u00fcklerin etkili bir \u015fekilde kald\u0131r\u0131lmas\u0131na ve bo\u015falt\u0131lmas\u0131na yard\u0131mc\u0131 olur. Sa\u011flam tasar\u0131mlar\u0131 ve g\u00fcvenilir \u00e7al\u0131\u015fmalar\u0131, operat\u00f6rlerin a\u011f\u0131r malzemeleri g\u00fcvenli bir \u015fekilde y\u00f6netmelerini sa\u011flayarak y\u00fckleme g\u00f6revleri s\u0131ras\u0131nda verimli bir i\u015f ak\u0131\u015f\u0131 sa\u011flar.<\/p>\n<h2>Tasar\u0131m Hususlar\u0131 ve Se\u00e7im Kriterleri<\/h2>\n<h3>Y\u00fck Kapasitesi<\/h3>\n<p>Bom silindiri se\u00e7erken, y\u00fck ta\u015f\u0131ma kapasitesini anlamak \u00e7ok \u00f6nemlidir. Silindir, ar\u0131za riski olmadan \u00e7al\u0131\u015fma s\u0131ras\u0131nda beklenen maksimum y\u00fck\u00fc kald\u0131rabilmelidir. \u00dcreticiler genellikle y\u00fck kapasitelerini belirtir ve g\u00fcvenlik ve uzun \u00f6m\u00fcrl\u00fcl\u00fck sa\u011flamak i\u00e7in beklenen y\u00fckleri a\u015fan bir silindir se\u00e7mek \u015fartt\u0131r.<\/p>\n<h3>S\u0131zd\u0131rmazl\u0131k Mekanizmalar\u0131<\/h3>\n<p>Etkin s\u0131zd\u0131rmazl\u0131k da bir di\u011fer kritik fakt\u00f6rd\u00fcr. Contalar, hidrolik s\u0131v\u0131 s\u0131z\u0131nt\u0131s\u0131n\u0131 \u00f6nlerken ayn\u0131 zamanda d\u00fczg\u00fcn harekete izin vermelidir. Y\u00fcksek kaliteli contalar, silindir \u00fczerindeki a\u015f\u0131nmay\u0131 azalt\u0131r ve genel verimlili\u011fi art\u0131r\u0131r. Poli\u00fcretan ve nitril kau\u00e7uk gibi uygun s\u0131zd\u0131rmazl\u0131k malzemeleri, optimum performans i\u00e7in \u015fartt\u0131r.<\/p>\n<h3>Dayan\u0131kl\u0131l\u0131k<\/h3>\n<p>\u00d6zellikle zorlu \u00e7al\u0131\u015fma ortamlar\u0131nda dayan\u0131kl\u0131l\u0131k son derece \u00f6nemlidir. \u0130yi tasarlanm\u0131\u015f bir bom silindiri, a\u015f\u0131nmaya, korozyona ve d\u0131\u015f etkenlere maruz kalman\u0131n di\u011fer zararl\u0131 etkilerine kar\u015f\u0131 diren\u00e7li olmal\u0131d\u0131r. Dayan\u0131kl\u0131l\u0131\u011f\u0131 art\u0131ran malzemeler ve kaplamalar, silindirin kullan\u0131m \u00f6mr\u00fcn\u00fc \u00f6nemli \u00f6l\u00e7\u00fcde uzatabilir.<\/p>\n<h3>G\u00fcvenlik \u00d6zellikleri<\/h3>\n<p>G\u00fcvenlik hayati bir husustur. Bom silindirlerinde, a\u015f\u0131r\u0131 bas\u0131n\u00e7lanmay\u0131 \u00f6nlemek ve felaketle sonu\u00e7lanabilecek ar\u0131zalar\u0131 engellemek i\u00e7in bas\u0131n\u00e7 tahliye vanalar\u0131 gibi g\u00fcvenlik \u00f6zellikleri bulunmal\u0131d\u0131r. Operasyonel b\u00fct\u00fcnl\u00fc\u011f\u00fcn korunmas\u0131 i\u00e7in d\u00fczenli g\u00fcvenlik kontrolleri de \u015fartt\u0131r.<\/p>\n<h3>Bak\u0131m Eri\u015filebilirli\u011fi<\/h3>\n<p>Son olarak, bak\u0131m eri\u015filebilirli\u011fi, bom silindirinin uzun \u00f6m\u00fcrl\u00fc olmas\u0131n\u0131 sa\u011flamak i\u00e7in \u00e7ok \u00f6nemlidir. Kolay inceleme, ya\u011flama ve conta de\u011fi\u015fimine olanak tan\u0131yan tasar\u0131m \u00f6zellikleri, uzun vadede zamandan tasarruf sa\u011flayabilir ve i\u015f\u00e7ilik maliyetlerini d\u00fc\u015f\u00fcrebilir.<\/p>\n<p><img decoding=\"async\" src=\"https:\/\/www.hydraulic-cylinders.net\/wp-content\/uploads\/2025\/04\/songte-oil-pipes-and-spare-parts.webp\" alt=\"Hidrolik Par\u00e7alar\" \/><\/p>\n<h2>Hidrolik Silindirin S\u0131zd\u0131rmazl\u0131\u011f\u0131 ve Ya\u011flanmas\u0131<\/h2>\n<p>Bom silindirinin i\u015flevselli\u011fi i\u00e7in uygun s\u0131zd\u0131rmazl\u0131k ve ya\u011flama \u00e7ok \u00f6nemlidir. Piston contalar\u0131 ve mil contalar\u0131 da dahil olmak \u00fczere \u00e7e\u015fitli s\u0131zd\u0131rmazl\u0131k elemanlar\u0131, hidrolik sistemin \u00e7al\u0131\u015fma ko\u015fullar\u0131na dayanabilecek \u015fekilde dikkatlice se\u00e7ilmelidir. Poli\u00fcretan ve nitril kau\u00e7uk gibi malzemeler m\u00fckemmel a\u015f\u0131nma direnci sa\u011flar ve contalar\u0131n dayan\u0131kl\u0131l\u0131\u011f\u0131n\u0131 art\u0131r\u0131r.<\/p>\n<p>Silindir g\u00f6vdesi ve di\u015fli u\u00e7 y\u00fczeyleri, a\u015f\u0131nma direncini art\u0131rmak ve s\u0131k\u0131 bir s\u0131zd\u0131rmazl\u0131k sa\u011flamak i\u00e7in hassas i\u015fleme tabi tutulmal\u0131d\u0131r. D\u00fczenli bak\u0131m uygulamalar\u0131, contalar\u0131n a\u015f\u0131nma ve y\u0131pranma a\u00e7\u0131s\u0131ndan kontrol edilmesini ve gerekti\u011finde de\u011fi\u015ftirilmesini i\u00e7ermelidir.<\/p>\n<p>Ayr\u0131ca, ya\u011flama i\u00e7in d\u00fczenli hidrolik ya\u011f temini \u015fartt\u0131r. Operat\u00f6rler periyodik olarak ya\u011f seviyelerini kontrol etmeli ve silindir performans\u0131n\u0131 korumak i\u00e7in do\u011fru tipte hidrolik s\u0131v\u0131n\u0131n kullan\u0131ld\u0131\u011f\u0131ndan emin olmal\u0131d\u0131r.<\/p>\n<h2>\u00d6nleyici Bak\u0131m \u00d6nlemleri<\/h2>\n<ul>\n<li><strong>D\u00fczenli Denetimler:<\/strong> Olas\u0131 sorunlar\u0131 erken tespit etmek i\u00e7in d\u00fczenli kontroller yap\u0131n. A\u015f\u0131nma, s\u0131z\u0131nt\u0131 veya hasar belirtilerine dikkat edin ve daha fazla komplikasyonu \u00f6nlemek i\u00e7in bunlar\u0131 derhal giderin.<\/li>\n<li><strong>Uygun Ya\u011flama:<\/strong> Bom silindirinin \u00f6nerilen hidrolik ya\u011f ile uygun \u015fekilde ya\u011fland\u0131\u011f\u0131ndan emin olun. Yetersiz ya\u011flama, a\u015f\u0131nma ve y\u0131pranmay\u0131 art\u0131rarak performans\u0131 olumsuz etkileyebilir.<\/li>\n<li><strong>Conta De\u011fi\u015fimi:<\/strong> Contalar\u0131n durumunu d\u00fczenli olarak kontrol edin ve gerekti\u011finde de\u011fi\u015ftirin. A\u015f\u0131nm\u0131\u015f contalar ya\u011f s\u0131z\u0131nt\u0131lar\u0131na yol a\u00e7arak verimlili\u011fi d\u00fc\u015f\u00fcr\u00fcr ve silindir ar\u0131zas\u0131 riskini art\u0131r\u0131r.<\/li>\n<\/ul>\n<h2>Kurulum Talimatlar\u0131<\/h2>\n<p>Bom silindirinin do\u011fru montaj\u0131, optimum performans i\u00e7in \u00e7ok \u00f6nemlidir. \u00d6ncelikle t\u00fcm bile\u015fenlerin temiz ve kal\u0131nt\u0131lardan ar\u0131nd\u0131r\u0131lm\u0131\u015f oldu\u011fundan emin olun. Silindiri ekskavat\u00f6r \u00fczerindeki ba\u011flant\u0131 noktalar\u0131yla do\u011fru \u015fekilde hizalay\u0131n. Uygun montaj braketlerini kullanarak, silindiri \u00e7al\u0131\u015fma s\u0131ras\u0131nda hareket etmesini \u00f6nleyecek \u015fekilde sabitleyin.<\/p>\n<p>Hidrolik hatlar\u0131n g\u00fcvenli bir \u015fekilde ba\u011fl\u0131 oldu\u011fundan ve hortumlarda herhangi bir b\u00fck\u00fclme veya t\u0131kan\u0131kl\u0131k olmad\u0131\u011f\u0131ndan emin olun. Her \u015fey yerli yerine oturduktan sonra, hidrolik sistemi do\u011fru s\u0131v\u0131yla doldurmak ve hava ceplerini gidermek i\u00e7in sistemi havaland\u0131rmak \u00e7ok \u00f6nemlidir. Kurulumdan sonra d\u00fczenli kontroller, her \u015feyin g\u00fcvenli kalmas\u0131n\u0131 ve ama\u00e7land\u0131\u011f\u0131 gibi \u00e7al\u0131\u015fmas\u0131n\u0131 sa\u011flamaya yard\u0131mc\u0131 olabilir.<\/p>\n<h2>Yayg\u0131n Bak\u0131m G\u00f6revleri<\/h2>\n<h3>D\u00fczenli Denetimler<\/h3>\n<p>Bom silindirinin d\u00fczenli olarak kontrol edilmesi, olas\u0131 sorunlar\u0131n \u00f6nemli hale gelmeden \u00f6nce tespit edilmesi i\u00e7in \u00e7ok \u00f6nemlidir. A\u015f\u0131nma, s\u0131z\u0131nt\u0131 veya hasar belirtileri olup olmad\u0131\u011f\u0131n\u0131 kontrol edin ve herhangi bir endi\u015feyi derhal giderin. S\u00fcrekli g\u00f6zetim, maliyetli onar\u0131mlar\u0131 \u00f6nleyebilir ve hidrolik sistemin sorunsuz \u00e7al\u0131\u015fmas\u0131n\u0131 sa\u011flayabilir.<\/p>\n<h3>Uygun Ya\u011flama<\/h3>\n<p>Bom silindirinin performans\u0131n\u0131 korumak i\u00e7in do\u011fru ya\u011flama \u00e7ok \u00f6nemlidir. Hidrolik ya\u011f\u0131n do\u011fru seviyede oldu\u011fundan ve \u00fcreticinin spesifikasyonlar\u0131na uygun oldu\u011fundan emin olun. Yetersiz ya\u011flama, s\u00fcrt\u00fcnmeyi ve a\u015f\u0131nmay\u0131 art\u0131rarak silindirin \u00f6mr\u00fcn\u00fc k\u0131saltabilir.<\/p>\n<h3>Conta De\u011fi\u015fimi<\/h3>\n<p>S\u0131zd\u0131rmazl\u0131k elemanlar\u0131n\u0131n durumunu d\u00fczenli olarak kontrol edin. A\u015f\u0131nm\u0131\u015f veya hasar g\u00f6rm\u00fc\u015f s\u0131zd\u0131rmazl\u0131k elemanlar\u0131 hidrolik s\u0131v\u0131 s\u0131z\u0131nt\u0131lar\u0131na yol a\u00e7arak verimlili\u011fi d\u00fc\u015f\u00fcrebilir ve potansiyel olarak sistem ar\u0131zas\u0131na neden olabilir. Optimum performans\u0131 korumak i\u00e7in s\u0131zd\u0131rmazl\u0131k elemanlar\u0131n\u0131n kontrol\u00fc ve de\u011fi\u015ftirilmesi i\u00e7in bir rutin olu\u015fturun.<\/p>\n<p><img decoding=\"async\" src=\"https:\/\/www.hydraulic-cylinders.net\/wp-content\/uploads\/2025\/04\/songte-chushion-collar.webp\" alt=\"Hidrolik Silindir Par\u00e7alar\u0131\" \/><\/p>\n<h2>G\u00fcvenlik Hususlar\u0131 ve \u00c7evresel Fakt\u00f6rler<\/h2>\n<p>Hidrolik silindirlerle \u00e7al\u0131\u015f\u0131rken g\u00fcvenlik \u00f6nlemleri son derece \u00f6nemlidir. Operat\u00f6rler her zaman uygun ki\u015fisel koruyucu ekipman (KKD) giymeli ve \u00e7al\u0131\u015fma alan\u0131n\u0131n tehlikelerden ar\u0131nd\u0131r\u0131lm\u0131\u015f oldu\u011fundan emin olmal\u0131d\u0131r. Bom silindirinin \u00e7al\u0131\u015fma bas\u0131nc\u0131n\u0131 anlamak ve buna uymak, kazalar\u0131 ve ekipman ar\u0131zalar\u0131n\u0131 \u00f6nleyebilir.<\/p>\n<p>Ayr\u0131ca, hidrolik s\u0131v\u0131lar\u0131n \u00e7evresel etkisini de g\u00f6z \u00f6n\u00fcnde bulundurmak \u015fartt\u0131r. Biyolojik olarak par\u00e7alanabilir hidrolik ya\u011flar\u0131n kullan\u0131lmas\u0131, \u00e7evresel endi\u015feleri azaltabilir ve d\u00fczenlemelere uyumu sa\u011flayabilir. D\u00fczenli bak\u0131m ve s\u0131v\u0131lar\u0131n uygun \u015fekilde bertaraf edilmesi de ekolojik ayak izini en aza indirmeye yard\u0131mc\u0131 olabilir.<\/p>\n<h2>Sorun Giderme ve Yayg\u0131n Sorunlar<\/h2>\n<ul>\n<li><strong>Performans D\u00fc\u015f\u00fc\u015f\u00fc:<\/strong> E\u011fer bom silindiri beklendi\u011fi gibi kald\u0131rma yapm\u0131yorsa, hidrolik s\u0131v\u0131 seviyelerini ve sistemdeki s\u0131z\u0131nt\u0131lar\u0131 kontrol edin. D\u00fc\u015f\u00fck s\u0131v\u0131 seviyeleri performans\u0131 olumsuz etkileyebilir.<\/li>\n<li><strong>S\u0131z\u0131nt\u0131lar\u0131 Giderin:<\/strong> Hidrolik s\u0131v\u0131s\u0131 s\u0131z\u0131yorsa, contalarda hasar olup olmad\u0131\u011f\u0131n\u0131 kontrol edin. S\u0131v\u0131 kayb\u0131n\u0131 \u00f6nlemek i\u00e7in a\u015f\u0131nm\u0131\u015f contalar derhal de\u011fi\u015ftirilmelidir.<\/li>\n<li><strong>\u00c7al\u0131\u015fma S\u0131ras\u0131nda G\u00fcr\u00fclt\u00fc:<\/strong> Ola\u011fand\u0131\u015f\u0131 sesler, hidrolik sistemde hava oldu\u011funu veya s\u0131v\u0131 seviyesinin d\u00fc\u015f\u00fck oldu\u011funu g\u00f6sterebilir. Sistemi havas\u0131n\u0131 almak ve hidrolik s\u0131v\u0131s\u0131n\u0131 tamamlamak bu sorunlar\u0131 \u00e7\u00f6zebilir.<\/li>\n<\/ul>\n<h2>Sorun Giderme \u0130pu\u00e7lar\u0131<\/h2>\n<p>Bom silindirindeki sorunlar\u0131 etkili bir \u015fekilde te\u015fhis etmek ve \u00e7\u00f6zmek i\u00e7in operat\u00f6rler sistematik bir yakla\u015f\u0131m izlemelidir. \u00d6ncelikle, belirli belirtiler i\u00e7in kullan\u0131m k\u0131lavuzlar\u0131n\u0131 ve sorun giderme rehberlerini inceleyin. Bak\u0131m faaliyetlerinin ve kar\u015f\u0131la\u015f\u0131lan sorunlar\u0131n d\u00fczenli bir kayd\u0131n\u0131 tutun; bu bilgiler tekrarlayan sorunlar\u0131 belirlemeye yard\u0131mc\u0131 olabilir.<\/p>\n<p>\u00d6nlem almak \u00e7ok \u00f6nemlidir. D\u00fczenli bak\u0131m, muayene ve ya\u011flama da dahil olmak \u00fczere, sorunlar\u0131n ortaya \u00e7\u0131kma olas\u0131l\u0131\u011f\u0131n\u0131 azaltmaya yard\u0131mc\u0131 olabilir. Operat\u00f6rler ayr\u0131ca olas\u0131 ar\u0131za noktalar\u0131n\u0131 daha iyi anlamak i\u00e7in sistemin bile\u015fenleri ve i\u015flevleri hakk\u0131nda bilgi sahibi olmal\u0131d\u0131r.<\/p>\n<p><img decoding=\"async\" src=\"https:\/\/www.hydraulic-cylinders.net\/wp-content\/uploads\/2025\/04\/songte-bushings-with-all-kinds-of-excavator-models.webp\" alt=\"Ekskavat\u00f6r Par\u00e7alar\u0131\" \/><\/p>\n<h2>\u015eirketimiz Hakk\u0131nda<\/h2>\n<p>\u00d6nde gelen yedek hidrolik silindir \u00fcreticisi olarak, yerel ve uluslararas\u0131 pazarlar\u0131n \u00e7e\u015fitli ihtiya\u00e7lar\u0131n\u0131 kar\u015f\u0131lamak \u00fczere geni\u015f bir \u00fcr\u00fcn yelpazesi sunuyoruz. Kaliteye olan ba\u011fl\u0131l\u0131\u011f\u0131m\u0131z, geli\u015fmi\u015f \u00fcretim s\u00fcre\u00e7lerimizde ve son teknoloji ekipmanlar\u0131m\u0131zda a\u00e7\u0131k\u00e7a g\u00f6r\u00fclmektedir.<\/p>\n<p>\u00dcretim y\u00f6netimi alan\u0131nda m\u00fckemmellik stratejisine ba\u011fl\u0131 kalarak, \u00fcretim kapasitemizi art\u0131rmak i\u00e7in yetenekli teknisyenler ve dijital \u00fcretim sistemleri kullan\u0131yoruz. Kalite kontrol\u00fcne verdi\u011fimiz \u00f6nem, her \u00fcr\u00fcn\u00fcn en y\u00fcksek end\u00fcstri standartlar\u0131n\u0131 kar\u015f\u0131lamas\u0131n\u0131 sa\u011flayarak, geni\u015f bir m\u00fc\u015fteri yelpazesinin gereksinimlerini kar\u015f\u0131lamam\u0131za olanak tan\u0131yor.<\/p>\n<p>\u015eirketimiz ayr\u0131ca engin deneyimi, profesyonel uzmanl\u0131\u011f\u0131 ve m\u00fc\u015fteri memnuniyetine olan ba\u011fl\u0131l\u0131\u011f\u0131yla da tan\u0131nmaktad\u0131r. \u00dcr\u00fcnlerimizin m\u00fc\u015fterilerimizin \u00f6zel ihtiya\u00e7lar\u0131n\u0131 kar\u015f\u0131lamas\u0131n\u0131 sa\u011flarken, ayn\u0131 zamanda titiz uluslararas\u0131 sertifikalar\u0131 da koruyarak \u00f6zelle\u015ftirilmi\u015f hizmetler sunuyoruz.<\/p>\n<p><img decoding=\"async\" src=\"https:\/\/www.hydraulic-cylinders.net\/wp-content\/uploads\/2025\/04\/songte-company-4.webp\" alt=\"\u015eirketimiz\" \/><br \/>\n<img decoding=\"async\" src=\"https:\/\/www.hydraulic-cylinders.net\/wp-content\/uploads\/2025\/04\/songte-company-3.webp\" alt=\"\u00dcretim Tesisi\" \/><\/p>\n<p>Yazar: lyl<\/p>","protected":false},"excerpt":{"rendered":"<p>Boom Cylinder For Bobcat Small Excavator E32 Understanding the Boom Cylinder The boom cylinder is a vital component in the hydraulic systems of heavy machinery, specifically designed to control the movement of buckets in excavators, backhoes, and front loaders. This hydraulic cylinder enables the bucket to lift, lower, and tilt, making it essential for efficient [&hellip;]<\/p>","protected":false},"featured_media":17871,"comment_status":"open","ping_status":"closed","template":"","meta":{"_et_pb_use_builder":"","_et_pb_old_content":"","_et_gb_content_width":""},"product_brand":[],"product_cat":[1546],"product_tag":[1547,1496],"class_list":{"0":"post-19411","1":"product","2":"type-product","3":"status-publish","4":"has-post-thumbnail","6":"product_cat-boom-cylinders","7":"product_tag-boom-cylinders","8":"product_tag-hydraulic-cylinders","10":"first","11":"instock","12":"shipping-taxable","13":"product-type-simple"},"amp_enabled":true,"_links":{"self":[{"href":"https:\/\/www.hydraulic-cylinders.net\/tr\/wp-json\/wp\/v2\/product\/19411","targetHints":{"allow":["GET"]}}],"collection":[{"href":"https:\/\/www.hydraulic-cylinders.net\/tr\/wp-json\/wp\/v2\/product"}],"about":[{"href":"https:\/\/www.hydraulic-cylinders.net\/tr\/wp-json\/wp\/v2\/types\/product"}],"replies":[{"embeddable":true,"href":"https:\/\/www.hydraulic-cylinders.net\/tr\/wp-json\/wp\/v2\/comments?post=19411"}],"wp:featuredmedia":[{"embeddable":true,"href":"https:\/\/www.hydraulic-cylinders.net\/tr\/wp-json\/wp\/v2\/media\/17871"}],"wp:attachment":[{"href":"https:\/\/www.hydraulic-cylinders.net\/tr\/wp-json\/wp\/v2\/media?parent=19411"}],"wp:term":[{"taxonomy":"product_brand","embeddable":true,"href":"https:\/\/www.hydraulic-cylinders.net\/tr\/wp-json\/wp\/v2\/product_brand?post=19411"},{"taxonomy":"product_cat","embeddable":true,"href":"https:\/\/www.hydraulic-cylinders.net\/tr\/wp-json\/wp\/v2\/product_cat?post=19411"},{"taxonomy":"product_tag","embeddable":true,"href":"https:\/\/www.hydraulic-cylinders.net\/tr\/wp-json\/wp\/v2\/product_tag?post=19411"}],"curies":[{"name":"wp","href":"https:\/\/api.w.org\/{rel}","templated":true}]}}