{"id":19412,"date":"2025-04-07T06:33:15","date_gmt":"2025-04-07T06:33:15","guid":{"rendered":"https:\/\/www.hydraulic-cylinders.net\/product\/boom-cylinder-for-bobcat-small-excavator-e35i\/"},"modified":"2025-04-07T06:33:17","modified_gmt":"2025-04-07T06:33:17","slug":"boom-cylinder-for-bobcat-small-excavator-e35i","status":"publish","type":"product","link":"https:\/\/www.hydraulic-cylinders.net\/tr\/urun\/boom-cylinder-for-bobcat-small-excavator-e35i\/","title":{"rendered":"Bobcat E35i K\u00fc\u00e7\u00fck Ekskavat\u00f6r \u0130\u00e7in Bom Silindiri"},"content":{"rendered":"<h1>Bobcat E35i K\u00fc\u00e7\u00fck Ekskavat\u00f6r \u0130\u00e7in Bom Silindiri<\/h1>\n<h2>Bom Silindirine Giri\u015f<\/h2>\n<p>The <strong>Bom Silindiri<\/strong> Hidrolik sistemlerde, \u00f6zellikle ekskavat\u00f6rler, kaz\u0131c\u0131lar ve \u00f6n y\u00fckleyiciler gibi a\u011f\u0131r makinelerde hayati bir bile\u015fendir. Bu hidrolik silindir, kep\u00e7enin hareketini kontrol ederek kald\u0131rma, indirme ve e\u011fme i\u015flemlerini m\u00fcmk\u00fcn k\u0131lar ve b\u00f6ylece \u00e7e\u015fitli malzeme ta\u015f\u0131ma g\u00f6revlerini kolayla\u015ft\u0131r\u0131r. \u00d6zellikle operasyonel verimlili\u011fi art\u0131rmak i\u00e7in tasarlanan kep\u00e7e silindiri, bu makinelerin i\u015flevselli\u011finde \u00f6nemli bir rol oynar. Tasar\u0131m\u0131, y\u00fcksek bas\u0131nca ve a\u011f\u0131r y\u00fcklere dayanabilmesini sa\u011flayarak zorlu \u00e7al\u0131\u015fma ortamlar\u0131 i\u00e7in uygun hale getirir.<\/p>\n<p><img decoding=\"async\" src=\"https:\/\/www.hydraulic-cylinders.net\/wp-content\/uploads\/2025\/04\/songte-company-1.webp\" alt=\"Bom Silindiri\"><\/p>\n<h2>Bom Silindirinin \u00d6zellikleri<\/h2>\n<ul>\n<li><strong>Y\u00fcksek Dayan\u0131kl\u0131l\u0131k ve Dayan\u0131kl\u0131l\u0131k:<\/strong> Y\u00fcksek mukavemetli \u00e7elik veya al\u00fcminyumdan \u00fcretilen bu \u00fcr\u00fcn, y\u00fcksek bas\u0131n\u00e7lara ve a\u011f\u0131r y\u00fcklere dayanabilir, zorlu \u00e7al\u0131\u015fma ko\u015fullar\u0131na uygundur ve uzun bir kullan\u0131m \u00f6mr\u00fc sa\u011flar.<\/li>\n<li><strong>Verimli Hidrolik \u00c7al\u0131\u015fma:<\/strong> Hidrolik ya\u011f bas\u0131nc\u0131n\u0131 kullanarak d\u00fczg\u00fcn uzatma ve geri \u00e7ekme hareketi sa\u011flar, kontrol komutlar\u0131na h\u0131zl\u0131 yan\u0131t verir ve g\u00fc\u00e7l\u00fc itme ve \u00e7ekme kuvveti sunar; a\u011f\u0131r ve karma\u015f\u0131k i\u015fler i\u00e7in idealdir.<\/li>\n<li><strong>\u00c7e\u015fitli T\u00fcrler:<\/strong> Tek y\u00f6nl\u00fc (tek y\u00f6nde \u00e7al\u0131\u015fan) veya \u00e7ift y\u00f6nl\u00fc (iki y\u00f6nde \u00e7al\u0131\u015fan) silindirler, \u00e7e\u015fitli \u00e7al\u0131\u015fma ihtiya\u00e7lar\u0131n\u0131 kar\u015f\u0131lamak \u00fczere mevcuttur; baz\u0131 modeller ise d\u0131\u015f boyutlar\u0131 art\u0131rmadan daha fazla uzama sa\u011flamak i\u00e7in teleskopik hareket \u00f6zelli\u011fine sahip olacak \u015fekilde tasarlanm\u0131\u015ft\u0131r ve alan k\u0131s\u0131tlamal\u0131 uygulamalar i\u00e7in idealdir.<\/li>\n<li><strong>\u00d6zel \u00dcretim:<\/strong> \u00dcretim kapasitemiz, mevcut hidrolik silindirlerin yerini m\u00fckemmel \u015fekilde alacak, uyumlulu\u011fu ve performans\u0131 garanti edecek silindirler \u00fcretmemize olanak tan\u0131r.<\/li>\n<\/ul>\n<p><img decoding=\"async\" src=\"https:\/\/www.hydraulic-cylinders.net\/wp-content\/uploads\/2025\/04\/songte-cylinder-head-with-all-kinds-excavator-models.webp\" alt=\"Bom Silindiri \u00d6zel \u0130malat\u0131\"><\/p>\n<h2>Uygulama Senaryolar\u0131<\/h2>\n<h3>\u0130n\u015faat Ekipmanlar\u0131<\/h3>\n<p>In excavators, the boom cylinder is vital for digging, loading, and moving soil or debris. It enables precise control during excavation, allowing operators to perform tasks efficiently and effectively. In backhoe loaders, the cylinder contributes significantly to both digging and lifting, enhancing the machine&#8217;s versatility in various construction tasks.<\/p>\n<h3>Tar\u0131m Makinalar\u0131<\/h3>\n<p>\u00d6n y\u00fckleyicilerde, bom silindirleri toprak, saman ve di\u011fer malzemeleri kep\u00e7eyle almak, kald\u0131rmak ve ta\u015f\u0131mak i\u00e7in kullan\u0131l\u0131r. A\u011f\u0131r y\u00fcklerin hareketini kolayla\u015ft\u0131rarak, zaman ve verimlili\u011fin \u00e7ok \u00f6nemli oldu\u011fu tar\u0131msal faaliyetlerde verimlili\u011fi art\u0131r\u0131rlar.<\/p>\n<h3>Ekskavat\u00f6rler<\/h3>\n<p>Bom silindiri, ekskavat\u00f6rlerin zemine etkili bir \u015fekilde n\u00fcfuz etmesini sa\u011flar. Bu da \u00e7e\u015fitli kaz\u0131 i\u015flemlerinde onu vazge\u00e7ilmez k\u0131lar; kep\u00e7enin istenen derinliklere ula\u015fmas\u0131n\u0131 sa\u011flarken, i\u015flem boyunca denge ve kontrol\u00fcn korunmas\u0131n\u0131 garanti eder.<\/p>\n<h3>Y\u00fckleyiciler<\/h3>\n<p>\u00d6n y\u00fckleyicilerde, bom silindirleri malzemelerin kald\u0131r\u0131lmas\u0131na ve bo\u015falt\u0131lmas\u0131na yard\u0131mc\u0131 olarak malzeme ta\u015f\u0131mada kritik bir rol oynar. Makinenin bu g\u00f6revleri sorunsuz bir \u015fekilde yerine getirebilmesini sa\u011flayarak genel operasyonel verimlili\u011fi art\u0131r\u0131rlar.<\/p>\n<h2>Tasar\u0131m Hususlar\u0131 ve Se\u00e7im Kriterleri<\/h2>\n<h3>Y\u00fck Kapasitesi<\/h3>\n<p>Bom silindiri se\u00e7erken, y\u00fck ta\u015f\u0131ma kapasitesi dikkate al\u0131nmas\u0131 gereken temel bir husustur. Bu, silindirin b\u00fct\u00fcnl\u00fc\u011f\u00fcnden veya \u00e7al\u0131\u015fma verimlili\u011finden \u00f6d\u00fcn vermeden ta\u015f\u0131yabilece\u011fi maksimum a\u011f\u0131rl\u0131\u011f\u0131 ifade eder. Do\u011fru \u015fekilde derecelendirilmi\u015f bir y\u00fck ta\u015f\u0131ma kapasitesi, silindirin ger\u00e7ek \u00e7al\u0131\u015fma ko\u015fullar\u0131nda en iyi performans\u0131 g\u00f6stermesini sa\u011flayarak, \u00e7al\u0131\u015fma kesintilerine veya g\u00fcvenlik tehlikelerine yol a\u00e7abilecek ar\u0131zalar\u0131 \u00f6nler.<\/p>\n<h3>S\u0131zd\u0131rmazl\u0131k Performans\u0131<\/h3>\n<p>Hidrolik silindirlerdeki s\u0131zd\u0131rmazl\u0131k sistemleri, s\u0131v\u0131 s\u0131z\u0131nt\u0131lar\u0131n\u0131 \u00f6nlemek ve verimli \u00e7al\u0131\u015fmay\u0131 sa\u011flamak i\u00e7in kritik \u00f6neme sahiptir. Piston ve mil contalar\u0131 gibi dayan\u0131kl\u0131 malzemelerden yap\u0131lm\u0131\u015f y\u00fcksek kaliteli contalar\u0131n kullan\u0131m\u0131 \u015fartt\u0131r. Bu contalar, y\u00fcksek bas\u0131n\u00e7lara dayanacak ve performans\u0131 ve kullan\u0131m \u00f6mr\u00fcn\u00fc \u00f6nemli \u00f6l\u00e7\u00fcde etkileyebilecek kirlenmeyi \u00f6nleyecek \u015fekilde tasarlanmal\u0131d\u0131r.<\/p>\n<h3>Dayan\u0131kl\u0131l\u0131k<\/h3>\n<p>Hidrolik silindirler i\u00e7in, \u00f6zellikle zorlu ortamlarda, dayan\u0131kl\u0131l\u0131k hayati \u00f6nem ta\u015f\u0131r. A\u015f\u0131nmaya, korozyona ve y\u00fcksek bas\u0131nca kar\u015f\u0131 diren\u00e7 g\u00f6steren malzemelerin se\u00e7imi \u015fartt\u0131r. Bu, \u00e7evresel fakt\u00f6rlere kar\u015f\u0131 ek koruma sa\u011flayan, b\u00f6ylece silindirin \u00f6mr\u00fcn\u00fc uzatan ve bak\u0131m ihtiya\u00e7lar\u0131n\u0131 azaltan kaplamalar\u0131 da i\u00e7erir.<\/p>\n<h3>G\u00fcvenlik \u00d6zellikleri<\/h3>\n<p>Hidrolik silindirlerin tasar\u0131m\u0131nda g\u00fcvenlik her \u015feyden \u00f6nemlidir. Bas\u0131n\u00e7 tahliye vanalar\u0131 ve ar\u0131za emniyet mekanizmalar\u0131 gibi \u00f6zellikler, beklenmedik ar\u0131zalar\u0131 \u00f6nlemek i\u00e7in gereklidir. Bu g\u00fcvenlik \u00f6nlemleri hem operat\u00f6r\u00fc hem de ekipman\u0131 koruyarak sistemin her zaman g\u00fcvenli parametreler i\u00e7inde \u00e7al\u0131\u015fmas\u0131n\u0131 sa\u011flar.<\/p>\n<h3>Bak\u0131m Eri\u015filebilirli\u011fi<\/h3>\n<p>Silindir se\u00e7erken bak\u0131m kolayl\u0131\u011f\u0131 da dikkate al\u0131nmal\u0131d\u0131r. Bile\u015fenlere kolay eri\u015fim sa\u011flayan, inceleme, ya\u011flama ve onar\u0131m i\u015flemlerine olanak tan\u0131yan tasar\u0131mlar, uzun vadede zaman ve maliyet tasarrufu sa\u011flayabilir. Bu, kolay s\u00f6kme ve yeniden montaj\u0131 kolayla\u015ft\u0131ran ve rutin bak\u0131m\u0131n verimli bir \u015fekilde yap\u0131lmas\u0131n\u0131 sa\u011flayan \u00f6zellikleri de i\u00e7erir.<\/p>\n<p><img decoding=\"async\" src=\"https:\/\/www.hydraulic-cylinders.net\/wp-content\/uploads\/2025\/04\/songte-oil-pipes-and-spare-parts.webp\" alt=\"Hidrolik Bile\u015fenler\"><\/p>\n<h2>S\u0131zd\u0131rmazl\u0131k ve Ya\u011flama<\/h2>\n<p>Hidrolik silindirlerin \u00e7al\u0131\u015fmas\u0131 i\u00e7in etkili s\u0131zd\u0131rmazl\u0131k ve ya\u011flama \u00e7ok \u00f6nemlidir. S\u0131z\u0131nt\u0131y\u0131 \u00f6nlemek ve verimli bas\u0131n\u00e7 tutmay\u0131 sa\u011flamak i\u00e7in piston contalar\u0131 ve mil contalar\u0131 gibi \u00e7e\u015fitli s\u0131zd\u0131rmazl\u0131k elemanlar\u0131 kullan\u0131l\u0131r. A\u015f\u0131nmaya dayan\u0131kl\u0131l\u0131klar\u0131 ve uzun \u00f6m\u00fcrl\u00fcl\u00fckleri nedeniyle genellikle poli\u00fcretan ve nitril kau\u00e7uk gibi malzemelerden yap\u0131lm\u0131\u015f contalar kullan\u0131l\u0131r. Ayr\u0131ca, a\u015f\u0131nma direncini art\u0131rmak i\u00e7in silindir g\u00f6vdesi ve di\u015fli u\u00e7 y\u00fczeyleri ince bir \u015fekilde parlat\u0131l\u0131r. Sorunsuz \u00e7al\u0131\u015fmay\u0131 s\u00fcrd\u00fcrmek ve a\u015f\u0131nmay\u0131 \u00f6nlemek i\u00e7in yeterli hidrolik ya\u011f ile d\u00fczenli ya\u011flama \u015fartt\u0131r.<\/p>\n<h2>D\u00fczenli Muayene ve \u00d6nleyici Bak\u0131m<\/h2>\n<ul>\n<li><strong>Rutin Denetimler:<\/strong> A\u015f\u0131nma veya hasar belirtilerini erken tespit etmek i\u00e7in d\u00fczenli kontroller yap\u0131n. Altta yatan sorunlara i\u015faret edebilecek s\u0131z\u0131nt\u0131lar\u0131, ola\u011fand\u0131\u015f\u0131 sesleri veya performans sorunlar\u0131n\u0131 aray\u0131n.<\/li>\n<li><strong>Uygun Ya\u011flama:<\/strong> Hidrolik ya\u011f seviyesinin optimum d\u00fczeyde oldu\u011fundan ve t\u00fcm hareketli par\u00e7alara do\u011fru \u015fekilde ya\u011flama uyguland\u0131\u011f\u0131ndan emin olun. Bu, a\u015f\u0131r\u0131 s\u00fcrt\u00fcnmeyi ve a\u015f\u0131nmay\u0131 \u00f6nleyerek silindirin kullan\u0131m \u00f6mr\u00fcn\u00fc uzat\u0131r.<\/li>\n<li><strong>Conta De\u011fi\u015fimi:<\/strong> Contalar\u0131n durumunu d\u00fczenli olarak kontrol edin ve gerekti\u011finde de\u011fi\u015ftirin. A\u015f\u0131nm\u0131\u015f contalar s\u0131v\u0131 s\u0131z\u0131nt\u0131lar\u0131na yol a\u00e7arak sistem verimlili\u011fini d\u00fc\u015f\u00fcrebilir ve ar\u0131za riskini art\u0131rabilir.<\/li>\n<\/ul>\n<h2>Kurulum Talimatlar\u0131<\/h2>\n<p>Proper installation of the boom cylinder is crucial for optimal performance. Start by ensuring that all components are clean and free from debris. Align the cylinder accurately with the mounting points, using appropriate brackets for support. Tighten all bolts to the manufacturer&#8217;s specifications to ensure stability. After installation, check the alignment to ensure that the cylinder operates smoothly. It&#8217;s also important to fill the system with hydraulic oil and perform a function test before putting the equipment into full operation.<\/p>\n<h2>Bak\u0131m G\u00f6revleri<\/h2>\n<ul>\n<li><strong>D\u00fczenli Denetimler:<\/strong> Herhangi bir a\u015f\u0131nma veya hasar belirtisi i\u00e7in d\u00fczenli kontroller, ileride daha b\u00fcy\u00fck sorunlar\u0131n \u00f6n\u00fcne ge\u00e7ebilir. \u00c7al\u0131\u015fma s\u0131ras\u0131nda herhangi bir s\u0131z\u0131nt\u0131 veya ola\u011fand\u0131\u015f\u0131 ses olup olmad\u0131\u011f\u0131n\u0131 kontrol edin.<\/li>\n<li><strong>Uygun Ya\u011flama:<\/strong> \u00d6nerilen hidrolik ya\u011f\u0131 kullan\u0131n ve a\u015f\u0131r\u0131 a\u015f\u0131nmay\u0131 \u00f6nlemek i\u00e7in ya\u011f seviyelerinin korunmas\u0131n\u0131 sa\u011flay\u0131n.<\/li>\n<li><strong>Conta De\u011fi\u015fimi ve Kalibrasyonu:<\/strong> A\u015f\u0131nm\u0131\u015f contalar\u0131 d\u00fczenli olarak de\u011fi\u015ftirin ve sistemin tasarland\u0131\u011f\u0131 gibi \u00e7al\u0131\u015fmas\u0131n\u0131 sa\u011flamak i\u00e7in kalibrasyonunu yap\u0131n. Bu, g\u00fcvenlik ve verimlili\u011fin korunmas\u0131 i\u00e7in \u00e7ok \u00f6nemlidir.<\/li>\n<\/ul>\n<h2>G\u00fcvenlik Hususlar\u0131 ve \u00c7evresel Fakt\u00f6rler<\/h2>\n<p>Hidrolik silindirlerle \u00e7al\u0131\u015f\u0131rken g\u00fcvenlik \u00f6nlemlerinin uygulanmas\u0131 \u015fartt\u0131r. Operat\u00f6rler, riskleri en aza indirmek i\u00e7in uygun ki\u015fisel koruyucu ekipman (KKD) giymeli ve belirlenmi\u015f g\u00fcvenlik protokollerini takip etmelidir. D\u00fczenli g\u00fcvenlik e\u011fitimleri, kazalar\u0131 \u00f6nlemeye ve t\u00fcm personelin hidrolik sistemlerle ili\u015fkili potansiyel tehlikelerin fark\u0131nda olmas\u0131n\u0131 sa\u011flamaya yard\u0131mc\u0131 olabilir.<\/p>\n<h2>Sorun Giderme ve Yayg\u0131n Sorunlar<\/h2>\n<ul>\n<li><strong>S\u0131z\u0131nt\u0131:<\/strong> Silindirden ya\u011f s\u0131z\u0131nt\u0131s\u0131 varsa, contalar\u0131 a\u015f\u0131nma veya hasar a\u00e7\u0131s\u0131ndan kontrol edin. Contalar\u0131n de\u011fi\u015ftirilmesi sorunu \u00e7\u00f6zebilir.<\/li>\n<li><strong>Yava\u015f \u00c7al\u0131\u015fma:<\/strong> Silindir yava\u015f \u00e7al\u0131\u015f\u0131yorsa, hidrolik s\u0131v\u0131 seviyelerini ve hatlardaki olas\u0131 t\u0131kan\u0131kl\u0131klar\u0131 kontrol edin. Hidrolik sistemdeki hava da yava\u015f performansa neden olabilir.<\/li>\n<li><strong>Al\u0131\u015f\u0131lmad\u0131k Sesler:<\/strong> \u00c7al\u0131\u015fma s\u0131ras\u0131nda \u00e7\u0131kan sesler a\u015f\u0131nma veya hizalama sorununa i\u015faret edebilir. Silindiri ve \u00e7evresindeki bile\u015fenleri, giderilmesi gereken sorunlar a\u00e7\u0131s\u0131ndan inceleyin.<\/li>\n<\/ul>\n<h2>Sorun Giderme \u0130pu\u00e7lar\u0131<\/h2>\n<p>Sorunlar\u0131 etkili bir \u015fekilde te\u015fhis etmek ve \u00e7\u00f6zmek i\u00e7in, kar\u015f\u0131la\u015f\u0131lan t\u00fcm sorunlar\u0131n ve \u00e7\u00f6z\u00fcmlerinin kayd\u0131n\u0131 tutmak \u00e7ok \u00f6nemlidir. Bu kay\u0131tlar\u0131 d\u00fczenli olarak incelemek, kal\u0131plar\u0131 belirlemeye ve gelecekteki sorunlar\u0131 \u00f6nlemeye yard\u0131mc\u0131 olabilir. Ayr\u0131ca, rutin bak\u0131m ve denetimlerin planlanmas\u0131, sorunlar\u0131 erken tespit ederek, felaket niteli\u011findeki ar\u0131zalar\u0131n olas\u0131l\u0131\u011f\u0131n\u0131 azalt\u0131r ve ekipman\u0131n \u00f6mr\u00fcn\u00fc uzat\u0131r.<\/p>\n<p><img decoding=\"async\" src=\"https:\/\/www.hydraulic-cylinders.net\/wp-content\/uploads\/2025\/04\/songte-bushings-with-all-kinds-of-excavator-models.webp\" alt=\"Hidrolik Par\u00e7alar\"><\/p>\n<h2>\u015eirketimiz Hakk\u0131nda<\/h2>\n<p>Hidrolik silindir yedek par\u00e7alar\u0131n\u0131n \u00fcretiminde uzmanla\u015fm\u0131\u015f olup, hem yurt i\u00e7i hem de uluslararas\u0131 pazarda \u00f6nde gelen \u00fcretici ve toptanc\u0131lardan biri haline geldik. M\u00fckemmelli\u011fe olan ba\u011fl\u0131l\u0131\u011f\u0131m\u0131z, y\u00fcksek vas\u0131fl\u0131 teknik personel, dijital \u00fcst d\u00fczey \u00fcretim ekipmanlar\u0131 ve profesyonel test sistemlerini i\u00e7eren geli\u015fmi\u015f bir \u00fcretim stratejisiyle desteklenmektedir. \u00dcr\u00fcn kalitesini art\u0131rmak i\u00e7in \u00fcretim platformumuzu s\u00fcrekli olarak geli\u015ftiriyor ve \u00e7e\u015fitli m\u00fc\u015fteri ihtiya\u00e7lar\u0131n\u0131 verimlilik, hassasiyet ve y\u00fcksek kaliteyle kar\u015f\u0131lamay\u0131 sa\u011fl\u0131yoruz.<\/p>\n<p><img decoding=\"async\" src=\"https:\/\/www.hydraulic-cylinders.net\/wp-content\/uploads\/2025\/04\/songte-company-4.webp\" alt=\"\u015eirket Genel Bak\u0131\u015f\u0131\"><br \/>\n<img decoding=\"async\" src=\"https:\/\/www.hydraulic-cylinders.net\/wp-content\/uploads\/2025\/04\/songte-company-3.webp\" alt=\"\u00dcretim Tesisleri\"><\/p>\n<p>\u015eirketimiz profesyonellik, uluslararas\u0131 sertifikalar, \u00f6zel hizmetler, geli\u015fmi\u015f \u00fcretim ekipmanlar\u0131 ve ola\u011fan\u00fcst\u00fc sat\u0131\u015f sonras\u0131 destek ile gurur duymaktad\u0131r. Hidrolik silindir sekt\u00f6r\u00fcnde \u00f6ne \u00e7\u0131kan birinci s\u0131n\u0131f \u00fcr\u00fcnler ve hizmetler sunmaya kendimizi adad\u0131k.<\/p>\n<p>Yazar: lyl<\/p>","protected":false},"excerpt":{"rendered":"<p>Boom Cylinder For Bobcat Small Excavator E35i Introduction to Boom Cylinder The Boom Cylinder is a crucial component in hydraulic systems, particularly in heavy machinery like excavators, backhoes, and front loaders. This hydraulic cylinder controls the movement of the bucket, allowing it to lift, lower, and tilt, thus facilitating various material handling tasks. The bucket [&hellip;]<\/p>","protected":false},"featured_media":17872,"comment_status":"open","ping_status":"closed","template":"","meta":{"_et_pb_use_builder":"","_et_pb_old_content":"","_et_gb_content_width":""},"product_brand":[],"product_cat":[1546],"product_tag":[1547,1496],"class_list":{"0":"post-19412","1":"product","2":"type-product","3":"status-publish","4":"has-post-thumbnail","6":"product_cat-boom-cylinders","7":"product_tag-boom-cylinders","8":"product_tag-hydraulic-cylinders","10":"first","11":"instock","12":"shipping-taxable","13":"product-type-simple"},"amp_enabled":true,"_links":{"self":[{"href":"https:\/\/www.hydraulic-cylinders.net\/tr\/wp-json\/wp\/v2\/product\/19412","targetHints":{"allow":["GET"]}}],"collection":[{"href":"https:\/\/www.hydraulic-cylinders.net\/tr\/wp-json\/wp\/v2\/product"}],"about":[{"href":"https:\/\/www.hydraulic-cylinders.net\/tr\/wp-json\/wp\/v2\/types\/product"}],"replies":[{"embeddable":true,"href":"https:\/\/www.hydraulic-cylinders.net\/tr\/wp-json\/wp\/v2\/comments?post=19412"}],"wp:featuredmedia":[{"embeddable":true,"href":"https:\/\/www.hydraulic-cylinders.net\/tr\/wp-json\/wp\/v2\/media\/17872"}],"wp:attachment":[{"href":"https:\/\/www.hydraulic-cylinders.net\/tr\/wp-json\/wp\/v2\/media?parent=19412"}],"wp:term":[{"taxonomy":"product_brand","embeddable":true,"href":"https:\/\/www.hydraulic-cylinders.net\/tr\/wp-json\/wp\/v2\/product_brand?post=19412"},{"taxonomy":"product_cat","embeddable":true,"href":"https:\/\/www.hydraulic-cylinders.net\/tr\/wp-json\/wp\/v2\/product_cat?post=19412"},{"taxonomy":"product_tag","embeddable":true,"href":"https:\/\/www.hydraulic-cylinders.net\/tr\/wp-json\/wp\/v2\/product_tag?post=19412"}],"curies":[{"name":"wp","href":"https:\/\/api.w.org\/{rel}","templated":true}]}}