{"id":19415,"date":"2025-04-07T06:33:25","date_gmt":"2025-04-07T06:33:25","guid":{"rendered":"https:\/\/www.hydraulic-cylinders.net\/product\/boom-cylinder-for-bobcat-small-excavator-e85\/"},"modified":"2025-04-07T06:33:28","modified_gmt":"2025-04-07T06:33:28","slug":"boom-cylinder-for-bobcat-small-excavator-e85","status":"publish","type":"product","link":"https:\/\/www.hydraulic-cylinders.net\/tr\/urun\/boom-cylinder-for-bobcat-small-excavator-e85\/","title":{"rendered":"Bobcat E85 K\u00fc\u00e7\u00fck Ekskavat\u00f6r \u0130\u00e7in Bom Silindiri"},"content":{"rendered":"<h1>Bobcat E85 K\u00fc\u00e7\u00fck Ekskavat\u00f6r \u0130\u00e7in Bom Silindiri<\/h1>\n<h2>\u00dcr\u00fcn Genel Bak\u0131\u015f\u0131<\/h2>\n<p>Bobcat E85 k\u00fc\u00e7\u00fck ekskavat\u00f6r i\u00e7in bom silindiri, a\u011f\u0131r makinelerin performans\u0131nda kritik bir rol oynayan hayati bir hidrolik bile\u015fendir. Bu hidrolik silindir, ekskavat\u00f6rlerde, kaz\u0131c\u0131 kep\u00e7elerde ve \u00f6n y\u00fckleyicilerde bomun hareketini kontrol etmek i\u00e7in \u00f6zel olarak tasarlanm\u0131\u015ft\u0131r. Bomun kald\u0131r\u0131lmas\u0131n\u0131, indirilmesini ve e\u011filmesini sa\u011flayarak verimli malzeme ta\u015f\u0131ma g\u00f6revlerini kolayla\u015ft\u0131r\u0131r. Esasen, kova silindiri, hidrolik bas\u0131nc\u0131 mekanik kuvvete d\u00f6n\u00fc\u015ft\u00fcren ve d\u00fczg\u00fcn ve kontroll\u00fc hareketlere olanak tan\u0131yan bir hidrolik silindir t\u00fcr\u00fcd\u00fcr. Bu, \u00f6zellikle hassasiyet ve g\u00fcc\u00fcn gerekli oldu\u011fu in\u015faat ve kaz\u0131 uygulamalar\u0131nda \u00f6nemlidir.<\/p>\n<p><img decoding=\"async\" src=\"https:\/\/www.hydraulic-cylinders.net\/wp-content\/uploads\/2025\/04\/songte-company-1.webp\" alt=\"Hidrolik Silindir G\u00f6r\u00fcnt\u00fcs\u00fc\"><\/p>\n<h2>Bom Silindirinin \u00d6zellikleri<\/h2>\n<ul>\n<li><strong>Y\u00fcksek Dayan\u0131kl\u0131l\u0131k ve Dayan\u0131kl\u0131l\u0131k:<\/strong> Y\u00fcksek mukavemetli \u00e7elik veya al\u00fcminyumdan \u00fcretilen bu silindir, y\u00fcksek bas\u0131nca ve a\u011f\u0131r y\u00fcklere dayanabilir, bu da onu zorlu \u00e7al\u0131\u015fma ortamlar\u0131 i\u00e7in uygun hale getirir. Tasar\u0131mda a\u015f\u0131nma direnci ve korozyon direnci dikkate al\u0131narak \u00fcr\u00fcn\u00fcn kullan\u0131m \u00f6mr\u00fc uzat\u0131lm\u0131\u015ft\u0131r.<\/li>\n<li><strong>Verimli Hidrolik \u00c7al\u0131\u015fma:<\/strong> Hidrolik s\u0131v\u0131 bas\u0131nc\u0131n\u0131 kullanarak d\u00fczg\u00fcn uzatma ve geri \u00e7ekme hareketi sa\u011flar, kontrol komutlar\u0131na h\u0131zl\u0131 yan\u0131t verir ve a\u011f\u0131r ve karma\u015f\u0131k i\u015flerin \u00fcstesinden gelmek i\u00e7in g\u00fc\u00e7l\u00fc itme ve \u00e7ekme kuvveti sunar.<\/li>\n<li><strong>\u00c7e\u015fitli T\u00fcrler:<\/strong> \u00c7e\u015fitli \u00e7al\u0131\u015fma ihtiya\u00e7lar\u0131n\u0131 kar\u015f\u0131lamak \u00fczere tek etkili (hidrolik tek y\u00f6nde kullan\u0131l\u0131r) veya \u00e7ift etkili (hidrolik her iki y\u00f6nde kullan\u0131l\u0131r) silindirler halinde mevcuttur. Baz\u0131 modellerde, d\u0131\u015f boyutlar\u0131 art\u0131rmadan daha fazla uzatma sa\u011flayan teleskopik tasar\u0131mlar bulunur; bu da alan k\u0131s\u0131tlamal\u0131 uygulamalar i\u00e7in idealdir.<\/li>\n<li><strong>Uyumluluk:<\/strong> \u00dcr\u00fcnlerimiz bu hidrolik silindirlerin yerini m\u00fckemmel bir \u015fekilde alarak sorunsuz entegrasyon ve \u00e7al\u0131\u015fma sa\u011flar.<\/li>\n<li><strong>\u00c7ok Y\u00f6nl\u00fc Uygulamalar:<\/strong> \u00c7e\u015fitli makinelerde kullan\u0131labilir, genel verimlili\u011fi ve i\u015f verimlili\u011fini art\u0131r\u0131r.<\/li>\n<\/ul>\n<p><img decoding=\"async\" src=\"https:\/\/www.hydraulic-cylinders.net\/wp-content\/uploads\/2025\/04\/songte-cylinder-head-with-all-kinds-excavator-models.webp\" alt=\"Ekskavat\u00f6r Model Silindiri\"><\/p>\n<h2>Bom Silindirinin Uygulamalar\u0131<\/h2>\n<h3>\u0130n\u015faat Ekipmanlar\u0131<\/h3>\n<p>Ekskavat\u00f6rlerde, bom silindirleri topra\u011f\u0131 veya molozu etkili bir \u015fekilde kazmak, y\u00fcklemek ve ta\u015f\u0131mak i\u00e7in \u00e7ok \u00f6nemlidir. Derin hendekler kazmak veya a\u011f\u0131r y\u00fckleri kald\u0131rmak i\u00e7in gereken hassas hareketleri kolayla\u015ft\u0131r\u0131rlar. H\u0131zl\u0131 bir \u015fekilde uzat\u0131l\u0131p geri \u00e7ekilebilme \u00f6zelli\u011fi, in\u015faat i\u015flerinin verimli bir \u015fekilde tamamlanmas\u0131n\u0131 sa\u011flar ve bu da onlar\u0131 herhangi bir \u015fantiyede paha bi\u00e7ilmez k\u0131lar.<\/p>\n<h3>Tar\u0131m Makinalar\u0131<\/h3>\n<p>\u00d6n y\u00fckleyicilerde kullan\u0131lan bom silindirleri, toprak, saman ve di\u011fer malzemelerin kep\u00e7elenmesi, kald\u0131r\u0131lmas\u0131 ve ta\u015f\u0131nmas\u0131na yard\u0131mc\u0131 olur. A\u011f\u0131r y\u00fckleri ta\u015f\u0131yabilme ve hassas kontrol sa\u011flayabilme yetenekleri, zaman\u0131nda ve do\u011fru i\u015flemlerin verimlili\u011fi \u00f6nemli \u00f6l\u00e7\u00fcde etkileyebildi\u011fi tar\u0131msal ortamlarda \u00e7ok \u00f6nemlidir.<\/p>\n<h3>Ekskavat\u00f6rler<\/h3>\n<p>Ekskavat\u00f6rlerde, bom silindiri kep\u00e7enin topra\u011fa etkili bir \u015fekilde n\u00fcfuz etmesini sa\u011flayarak verimli kaz\u0131 yap\u0131lmas\u0131na olanak tan\u0131r. Bu i\u015flevsellik, peyzaj \u00e7al\u0131\u015fmalar\u0131ndan b\u00fcy\u00fck \u00f6l\u00e7ekli in\u015faat projelerine kadar, h\u0131zl\u0131 ve do\u011fru kaz\u0131 yapabilme yetene\u011finin \u00e7ok \u00f6nemli oldu\u011fu \u00e7e\u015fitli uygulamalarda hayati \u00f6neme sahiptir.<\/p>\n<h3>Y\u00fckleyiciler<\/h3>\n<p>\u00d6n y\u00fckleyicilerde, bom silindirleri y\u00fcklerin verimli bir \u015fekilde kald\u0131r\u0131lmas\u0131 ve bo\u015falt\u0131lmas\u0131nda \u00e7ok \u00f6nemli bir rol oynar. G\u00fc\u00e7leri ve h\u0131zl\u0131 tepki verme yetenekleri, h\u0131zl\u0131 ve etkili malzeme ta\u015f\u0131man\u0131n \u015fart oldu\u011fu depolarda, \u015fantiyelerde ve tar\u0131m alanlar\u0131nda malzeme ta\u015f\u0131ma i\u00e7in onlar\u0131 ideal hale getirir.<\/p>\n<h2>Tasar\u0131m Hususlar\u0131 ve Se\u00e7im Kriterleri<\/h2>\n<h3>Y\u00fck Kapasitesi<\/h3>\n<p>Bom silindirinin y\u00fck ta\u015f\u0131ma kapasitesi kritik bir husustur. \u00c7al\u0131\u015fma s\u0131ras\u0131nda kar\u015f\u0131la\u015faca\u011f\u0131 maksimum y\u00fck\u00fc kald\u0131racak \u015fekilde tasarlanmal\u0131d\u0131r. Bu, silindirin bas\u0131n\u00e7 alt\u0131nda g\u00fcvenli ve etkili bir \u015fekilde, ar\u0131za yapmadan \u00e7al\u0131\u015fmas\u0131n\u0131 sa\u011flar. Yeterli kapasiteye sahip bir silindir se\u00e7mek, ekipman hasar\u0131n\u0131 \u00f6nlemek ve \u00e7al\u0131\u015fma verimlili\u011fini korumak i\u00e7in hayati \u00f6nem ta\u015f\u0131r. Makinenin \u00f6zelliklerine ve beklenen y\u00fcklere dayal\u0131 do\u011fru hesaplamalar, do\u011fru se\u00e7imi yapmak i\u00e7in \u00e7ok \u00f6nemlidir.<\/p>\n<h3>S\u0131zd\u0131rmazl\u0131k<\/h3>\n<p>Etkili s\u0131zd\u0131rmazl\u0131k, hidrolik bas\u0131nc\u0131n korunmas\u0131 ve s\u0131z\u0131nt\u0131lar\u0131n \u00f6nlenmesi i\u00e7in \u00e7ok \u00f6nemlidir. S\u0131zd\u0131rmazl\u0131k elemanlar\u0131n\u0131n se\u00e7iminde, a\u015f\u0131nmaya ve \u00e7al\u0131\u015ft\u0131klar\u0131 ortama dayan\u0131kl\u0131 malzemelere \u00f6ncelik verilmelidir. Dayan\u0131kl\u0131l\u0131klar\u0131 ve kimyasallara kar\u015f\u0131 diren\u00e7leri nedeniyle poli\u00fcretan veya nitril kau\u00e7uktan yap\u0131lm\u0131\u015f y\u00fcksek kaliteli s\u0131zd\u0131rmazl\u0131k elemanlar\u0131 \u00f6nerilir. Do\u011fru s\u0131zd\u0131rmazl\u0131k tasar\u0131m\u0131, silindirin genel g\u00fcvenilirli\u011fine ve uzun \u00f6mr\u00fcne \u00f6nemli \u00f6l\u00e7\u00fcde katk\u0131da bulunur.<\/p>\n<h3>Dayan\u0131kl\u0131l\u0131k<\/h3>\n<p>\u00d6zellikle zorlu uygulamalarda, bom silindirleri i\u00e7in dayan\u0131kl\u0131l\u0131k \u00e7ok \u00f6nemlidir. Kullan\u0131lan malzemeler a\u015f\u0131nmaya ve korozyona kar\u015f\u0131 diren\u00e7li olmal\u0131, b\u00f6ylece silindir a\u011f\u0131r kullan\u0131m\u0131n zorluklar\u0131na dayanabilmelidir. D\u00fczenli kontroller ve bak\u0131m, a\u015f\u0131nma belirtilerini erken tespit etmeye ve \u00fcr\u00fcn\u00fcn \u00f6mr\u00fcn\u00fc uzatmaya yard\u0131mc\u0131 olabilir. Y\u00fcksek kaliteli malzemelere ve yap\u0131m tekniklerine yat\u0131r\u0131m yapmak, s\u0131k de\u011fi\u015ftirme ve ar\u0131za s\u00fcreleriyle ilgili sorunlar\u0131 azaltabilir.<\/p>\n<h3>Emniyet<\/h3>\n<p>Operat\u00f6rleri ve makineleri korumak i\u00e7in tasar\u0131mda g\u00fcvenlik \u00f6zellikleri entegre edilmelidir. Bu, bas\u0131n\u00e7 tahliye vanalar\u0131n\u0131n dahil edilmesini ve silindirin a\u015f\u0131r\u0131 ko\u015fullar alt\u0131nda g\u00fcvenli bir \u015fekilde \u00e7al\u0131\u015fabilmesinin sa\u011flanmas\u0131n\u0131 i\u00e7erir. Hidrolik ar\u0131zalarla ili\u015fkili riskleri azaltmak i\u00e7in d\u00fczenli g\u00fcvenlik denetimleri ve g\u00fcvenlik protokollerine uyulmas\u0131 gereklidir.<\/p>\n<h3>Bak\u0131m kolayl\u0131\u011f\u0131<\/h3>\n<p>Bom silindiri se\u00e7erken bak\u0131m kolayl\u0131\u011f\u0131 \u00f6ncelikli bir husus olmal\u0131d\u0131r. Ya\u011flama, inceleme ve onar\u0131m i\u00e7in bile\u015fenlere kolay eri\u015fim sa\u011flayan tasar\u0131m \u00f6zellikleri zaman ve maliyet tasarrufu sa\u011flayabilir. \u00d6nleyici bak\u0131m program\u0131n\u0131n uygulanmas\u0131, silindirin g\u00fcvenilirli\u011fini art\u0131rarak kullan\u0131m \u00f6mr\u00fc boyunca verimli \u00e7al\u0131\u015fmas\u0131n\u0131 sa\u011flayabilir.<\/p>\n<p><img decoding=\"async\" src=\"https:\/\/www.hydraulic-cylinders.net\/wp-content\/uploads\/2025\/04\/songte-oil-pipes-and-spare-parts.webp\" alt=\"Hidrolik Par\u00e7alar G\u00f6rseli\"><\/p>\n<h2>S\u0131zd\u0131rmazl\u0131k ve Ya\u011flama<\/h2>\n<p>Hidrolik sistemlerde do\u011fru s\u0131zd\u0131rmazl\u0131k hayati \u00f6nem ta\u015f\u0131r. Piston contalar\u0131 ve mil contalar\u0131 gibi \u00e7e\u015fitli contalar, hidrolik s\u0131v\u0131n\u0131n s\u0131zmas\u0131n\u0131 \u00f6nler ve silindir i\u00e7indeki bas\u0131nc\u0131 korur. Contalar, a\u015f\u0131nmaya ve \u00e7evresel ko\u015fullara dayanacak \u015fekilde poli\u00fcretan veya nitril kau\u00e7uk gibi dayan\u0131kl\u0131 malzemelerden \u00fcretilmelidir. Ayr\u0131ca, silindir g\u00f6vdesi ve di\u015fli u\u00e7 y\u00fczeyleri, a\u015f\u0131nma direncini art\u0131rmak i\u00e7in ince bir \u015fekilde i\u015flenmelidir. S\u00fcrt\u00fcnmeyi en aza indirmek ve performans\u0131 art\u0131rmak i\u00e7in uygun hidrolik ya\u011f ile d\u00fczenli ya\u011flama gereklidir. Bu, yaln\u0131zca contalar\u0131n \u00f6mr\u00fcn\u00fc uzatmakla kalmaz, ayn\u0131 zamanda hidrolik sistemin sorunsuz \u00e7al\u0131\u015fmas\u0131n\u0131 da sa\u011flar.<\/p>\n<h2>D\u00fczenli Muayene ve \u00d6nleyici Bak\u0131m<\/h2>\n<ul>\n<li><strong>D\u00fczenli Kontroller:<\/strong> A\u015f\u0131nma veya hasar belirtilerini tespit etmek i\u00e7in d\u00fczenli kontroller planlay\u0131n. Bu proaktif yakla\u015f\u0131m, sorunlar\u0131n \u00f6nemli problemlere d\u00f6n\u00fc\u015fmeden \u00f6nce erken a\u015famada tespit edilmesine yard\u0131mc\u0131 olabilir.<\/li>\n<li><strong>Uygun Ya\u011flama:<\/strong> Hidrolik ya\u011f\u0131n do\u011fru seviyede ve do\u011fru tipte oldu\u011fundan emin olunarak optimum performans sa\u011flanmal\u0131d\u0131r. Ya\u011flama ar\u0131zas\u0131yla ilgili sorunlardan ka\u00e7\u0131nmak i\u00e7in ya\u011f\u0131 d\u00fczenli olarak kontrol edin ve gerekti\u011finde de\u011fi\u015ftirin.<\/li>\n<li><strong>Conta De\u011fi\u015fimi:<\/strong> S\u0131z\u0131nt\u0131lar\u0131 \u00f6nlemek ve sistemdeki bas\u0131nc\u0131 korumak i\u00e7in contalar\u0131 a\u015f\u0131nma a\u00e7\u0131s\u0131ndan izleyin ve gerekti\u011finde de\u011fi\u015ftirin. D\u00fczenli conta kontrolleri, hidrolik silindirin uzun \u00f6mr\u00fc i\u00e7in \u00e7ok \u00f6nemlidir.<\/li>\n<\/ul>\n<h2>Kurulum Talimatlar\u0131<\/h2>\n<p>Bom silindirinin do\u011fru montaj\u0131, optimum performans i\u00e7in \u00e7ok \u00f6nemlidir. \u00d6ncelikle silindirin montaj braketleriyle do\u011fru \u015fekilde hizaland\u0131\u011f\u0131ndan emin olun, \u00e7\u00fcnk\u00fc yanl\u0131\u015f hizalama a\u015f\u0131r\u0131 a\u015f\u0131nmaya ve olas\u0131 ar\u0131zaya neden olabilir. Silindiri yerine sabitlemek i\u00e7in uygun montaj donan\u0131m\u0131 kullan\u0131n ve bile\u015fenlere zarar verebilecek a\u015f\u0131r\u0131 s\u0131kmadan ka\u00e7\u0131n\u0131n. Hidrolik ba\u011flant\u0131lar i\u00e7in \u00fcretici spesifikasyonlar\u0131n\u0131 izleyin ve s\u0131z\u0131nt\u0131lar\u0131 \u00f6nlemek i\u00e7in t\u00fcm ba\u011flant\u0131lar\u0131n s\u0131k\u0131 oldu\u011fundan emin olun. Montajdan sonra, \u00e7al\u0131\u015fmadaki herhangi bir d\u00fczensizli\u011fi kontrol etmek i\u00e7in bir test \u00e7al\u0131\u015fmas\u0131 ger\u00e7ekle\u015ftirin. Her \u015feyin do\u011fru ve g\u00fcvenli bir \u015fekilde \u00e7al\u0131\u015ft\u0131\u011f\u0131ndan emin olmak i\u00e7in ilk \u00e7al\u0131\u015ft\u0131rma s\u0131ras\u0131nda silindiri d\u00fczenli olarak izleyin.<\/p>\n<h2>Yayg\u0131n Bak\u0131m G\u00f6revleri<\/h2>\n<h3>D\u00fczenli Denetimler<\/h3>\n<p>Potansiyel sorunlar\u0131 ciddi hale gelmeden \u00f6nce tespit etmek i\u00e7in d\u00fczenli denetimler yapmak \u00e7ok \u00f6nemlidir. S\u0131z\u0131nt\u0131, a\u015f\u0131nma ve genel i\u015flevsellik belirtilerini kontrol edin. G\u00f6rsel bir inceleme, ele al\u0131nmas\u0131 gereken sorunlar\u0131 s\u0131kl\u0131kla ortaya \u00e7\u0131karabilir. Bulgular\u0131 belgelemek ve bunlar\u0131 derhal ele almak, operasyonel verimlili\u011fin korunmas\u0131na yard\u0131mc\u0131 olabilir.<\/p>\n<h3>Uygun Ya\u011flama<\/h3>\n<p>Hidrolik sistemin d\u00fczenli olarak ya\u011flanmas\u0131, s\u00fcrt\u00fcnmeyi ve a\u015f\u0131nmay\u0131 en aza indirmek i\u00e7in hayati \u00f6nem ta\u015f\u0131r. \u00d6nerilen hidrolik ya\u011f\u0131 kullan\u0131n ve t\u00fcm hareketli par\u00e7alar\u0131n yeterli ya\u011flama ald\u0131\u011f\u0131ndan emin olun. Bu uygulama yaln\u0131zca bile\u015fenlerin \u00f6mr\u00fcn\u00fc uzatmakla kalmaz, ayn\u0131 zamanda sistemin genel performans\u0131n\u0131 da art\u0131r\u0131r. Bir ya\u011flama program\u0131 olu\u015fturmak, bu g\u00f6revde tutarl\u0131l\u0131\u011f\u0131 sa\u011flamaya yard\u0131mc\u0131 olabilir.<\/p>\n<h3>Conta De\u011fi\u015fimi<\/h3>\n<p>S\u0131z\u0131nt\u0131lar\u0131 \u00f6nlemek i\u00e7in d\u00fczenli bak\u0131m\u0131n bir par\u00e7as\u0131 olarak contalar\u0131n de\u011fi\u015ftirilmesi \u00e7ok \u00f6nemlidir. Contalar\u0131n durumunu izleyin ve \u00f6nemli \u00f6l\u00e7\u00fcde a\u015f\u0131nma belirtisi g\u00f6stermeden \u00f6nce de\u011fi\u015ftirin. Do\u011fru conta bak\u0131m\u0131, sistemin bas\u0131nc\u0131 korumas\u0131n\u0131 ve do\u011fru \u015fekilde \u00e7al\u0131\u015fmas\u0131n\u0131 sa\u011flayarak hidrolik ar\u0131zalarla ili\u015fkili maliyetli onar\u0131mlardan ka\u00e7\u0131nmay\u0131 sa\u011flar.<\/p>\n<p><img decoding=\"async\" src=\"https:\/\/www.hydraulic-cylinders.net\/wp-content\/uploads\/2025\/04\/songte-chushion-collar.webp\" alt=\"Yast\u0131k Yaka G\u00f6rseli\"><\/p>\n<h2>G\u00fcvenlik Hususlar\u0131 ve \u00c7evresel Fakt\u00f6rler<\/h2>\n<p>Hidrolik sistemlerle \u00e7al\u0131\u015f\u0131rken g\u00fcvenlik \u00f6nlemleri son derece \u00f6nemlidir. Operat\u00f6rler, ekipman\u0131n g\u00fcvenli kullan\u0131m\u0131 konusunda e\u011fitilmeli ve hidrolik ar\u0131zalarla ili\u015fkili potansiyel tehlikelerin fark\u0131nda olmal\u0131d\u0131r. \u00c7al\u0131\u015fma ve bak\u0131m s\u0131ras\u0131nda riskleri en aza indirmek i\u00e7in ki\u015fisel koruyucu ekipman (KKD) kullan\u0131lmal\u0131d\u0131r. Ayr\u0131ca, kirlenmeyi \u00f6nlemek ve \u00e7evre d\u00fczenlemelerine uyumu sa\u011flamak i\u00e7in hidrolik s\u0131v\u0131lar\u0131n ve malzemelerin do\u011fru \u015fekilde i\u015flenmesi ve bertaraf\u0131na odaklanarak \u00e7evresel hususlar da dikkate al\u0131nmal\u0131d\u0131r.<\/p>\n<h2>Sorun Giderme ve Yayg\u0131n Sorunlar<\/h2>\n<ul>\n<li><strong>S\u0131z\u0131nt\u0131:<\/strong> Genellikle a\u015f\u0131nm\u0131\u015f contalardan veya yanl\u0131\u015f montajdan kaynaklan\u0131r. Contalar\u0131 ve ba\u011flant\u0131 par\u00e7alar\u0131n\u0131 kontrol edin ve gerekirse de\u011fi\u015ftirin.<\/li>\n<li><strong>D\u00fc\u015f\u00fck Bas\u0131n\u00e7:<\/strong> Sistemde s\u0131z\u0131nt\u0131, yetersiz hidrolik s\u0131v\u0131 veya pompa sorunlar\u0131 olabilir. Sorunun kayna\u011f\u0131n\u0131 belirlemek i\u00e7in sistemi iyice inceleyin.<\/li>\n<li><strong>Tepkisiz Silindir:<\/strong> Bu durum hidrolik hatlarda hava s\u0131k\u0131\u015fmas\u0131ndan, d\u00fc\u015f\u00fck s\u0131v\u0131 seviyelerinden veya t\u0131kan\u0131kl\u0131klardan kaynaklanabilir. Sistemi havas\u0131n\u0131 al\u0131n, s\u0131v\u0131 seviyelerini kontrol edin ve t\u0131kan\u0131kl\u0131klar\u0131 giderin.<\/li>\n<\/ul>\n<h2>Sorun Giderme \u0130pu\u00e7lar\u0131<\/h2>\n<p>Sorunlar\u0131 te\u015fhis ederken, \u00f6ncelikle \u00e7al\u0131\u015fma parametrelerini g\u00f6zden ge\u00e7irin ve g\u00f6zle g\u00f6r\u00fcl\u00fcr herhangi bir hasar olup olmad\u0131\u011f\u0131n\u0131 inceleyin. S\u0131v\u0131 seviyelerini ve kalitesini kontrol etmek, ar\u0131zalar\u0131n nedenini s\u0131kl\u0131kla ortaya \u00e7\u0131karabilir. Sorun gidermeye sistematik bir yakla\u015f\u0131m uygulay\u0131n, bulgular\u0131 ve al\u0131nan \u00f6nlemleri belgeleyerek kapsaml\u0131 bir bak\u0131m ge\u00e7mi\u015fi olu\u015fturun. D\u00fczenli bak\u0131m ve sistem kontrolleri gibi \u00f6nleyici tedbirler, gelecekteki sorunlar\u0131n olas\u0131l\u0131\u011f\u0131n\u0131 \u00f6nemli \u00f6l\u00e7\u00fcde azaltabilir.<\/p>\n<p><img decoding=\"async\" src=\"https:\/\/www.hydraulic-cylinders.net\/wp-content\/uploads\/2025\/04\/songte-bushings-with-all-kinds-of-excavator-models.webp\" alt=\"Ekskavat\u00f6r Bur\u00e7lar\u0131 Resmi\"><\/p>\n<h2>\u015eirket Genel Bak\u0131\u015f\u0131<\/h2>\n<p>\u00d6nde gelen yedek hidrolik silindir \u00fcreticisi olarak, hem yerel hem de uluslararas\u0131 pazarlar i\u00e7in kapsaml\u0131 bir \u00fcr\u00fcn yelpazesi sunuyoruz. Kaliteye olan ba\u011fl\u0131l\u0131\u011f\u0131m\u0131z, titiz \u00fcretim stratejilerimiz ve geli\u015fmi\u015f \u00fcretim y\u00f6netim sistemlerimizle desteklenmektedir. Yetenekli teknik personelimiz ve son teknoloji \u00fcr\u00fcn\u00fc dijital \u00fcretim ekipmanlar\u0131m\u0131zdan yararlanarak, \u00fcr\u00fcn kalitesini art\u0131rmak i\u00e7in \u00fcretim platformlar\u0131m\u0131z\u0131 s\u00fcrekli olarak geli\u015ftiriyoruz. Yeteneklerimiz, \u00e7e\u015fitli m\u00fc\u015fteri gereksinimlerini verimli ve do\u011fru bir \u015fekilde kar\u015f\u0131lamam\u0131z\u0131 ve y\u00fcksek m\u00fc\u015fteri memnuniyeti seviyelerini sa\u011flamam\u0131z\u0131 m\u00fcmk\u00fcn k\u0131lmaktad\u0131r.<\/p>\n<p>Uluslararas\u0131 sertifikalar\u0131m\u0131z ve sundu\u011fumuz \u00f6zel hizmetler, profesyonelli\u011fimizi yans\u0131tmaktad\u0131r. M\u00fc\u015fteri sorular\u0131n\u0131 ve endi\u015felerini gidermek i\u00e7in en son teknolojiye sahip \u00fcretim ekipmanlar\u0131 kullan\u0131yor ve g\u00fc\u00e7l\u00fc sat\u0131\u015f sonras\u0131 destek sa\u011fl\u0131yoruz. Kaliteye ve hizmete olan ba\u011fl\u0131l\u0131\u011f\u0131m\u0131zla, sekt\u00f6rde hidrolik silindirler i\u00e7in tercih edilen se\u00e7enek olmay\u0131 hedefliyoruz.<\/p>\n<p><img decoding=\"async\" src=\"https:\/\/www.hydraulic-cylinders.net\/wp-content\/uploads\/2025\/04\/songte-company-4.webp\" alt=\"\u015eirket \u0130maj\u0131\"><br \/>\n<img decoding=\"async\" src=\"https:\/\/www.hydraulic-cylinders.net\/wp-content\/uploads\/2025\/04\/songte-company-3.webp\" alt=\"\u015eirket \u0130maj\u0131\"><\/p>\n<p>Yazar: lyl<\/p>","protected":false},"excerpt":{"rendered":"<p>Boom Cylinder For Bobcat Small Excavator E85 Product Overview The Boom Cylinder for Bobcat Small Excavator E85 is a vital hydraulic component that plays a crucial role in the performance of heavy machinery. This hydraulic cylinder is specifically designed to control the movement of the boom in excavators, backhoes, and front loaders. It enables the [&hellip;]<\/p>","protected":false},"featured_media":17875,"comment_status":"open","ping_status":"closed","template":"","meta":{"_et_pb_use_builder":"","_et_pb_old_content":"","_et_gb_content_width":""},"product_brand":[],"product_cat":[1546],"product_tag":[1547,1496],"class_list":{"0":"post-19415","1":"product","2":"type-product","3":"status-publish","4":"has-post-thumbnail","6":"product_cat-boom-cylinders","7":"product_tag-boom-cylinders","8":"product_tag-hydraulic-cylinders","10":"first","11":"instock","12":"shipping-taxable","13":"product-type-simple"},"amp_enabled":true,"_links":{"self":[{"href":"https:\/\/www.hydraulic-cylinders.net\/tr\/wp-json\/wp\/v2\/product\/19415","targetHints":{"allow":["GET"]}}],"collection":[{"href":"https:\/\/www.hydraulic-cylinders.net\/tr\/wp-json\/wp\/v2\/product"}],"about":[{"href":"https:\/\/www.hydraulic-cylinders.net\/tr\/wp-json\/wp\/v2\/types\/product"}],"replies":[{"embeddable":true,"href":"https:\/\/www.hydraulic-cylinders.net\/tr\/wp-json\/wp\/v2\/comments?post=19415"}],"wp:featuredmedia":[{"embeddable":true,"href":"https:\/\/www.hydraulic-cylinders.net\/tr\/wp-json\/wp\/v2\/media\/17875"}],"wp:attachment":[{"href":"https:\/\/www.hydraulic-cylinders.net\/tr\/wp-json\/wp\/v2\/media?parent=19415"}],"wp:term":[{"taxonomy":"product_brand","embeddable":true,"href":"https:\/\/www.hydraulic-cylinders.net\/tr\/wp-json\/wp\/v2\/product_brand?post=19415"},{"taxonomy":"product_cat","embeddable":true,"href":"https:\/\/www.hydraulic-cylinders.net\/tr\/wp-json\/wp\/v2\/product_cat?post=19415"},{"taxonomy":"product_tag","embeddable":true,"href":"https:\/\/www.hydraulic-cylinders.net\/tr\/wp-json\/wp\/v2\/product_tag?post=19415"}],"curies":[{"name":"wp","href":"https:\/\/api.w.org\/{rel}","templated":true}]}}