{"id":19416,"date":"2025-04-07T06:33:28","date_gmt":"2025-04-07T06:33:28","guid":{"rendered":"https:\/\/www.hydraulic-cylinders.net\/product\/boom-cylinder-for-bobcat-small-excavator-e418\/"},"modified":"2025-04-07T06:33:30","modified_gmt":"2025-04-07T06:33:30","slug":"boom-cylinder-for-bobcat-small-excavator-e418","status":"publish","type":"product","link":"https:\/\/www.hydraulic-cylinders.net\/tr\/urun\/boom-cylinder-for-bobcat-small-excavator-e418\/","title":{"rendered":"Bobcat K\u00fc\u00e7\u00fck Ekskavat\u00f6r E418 i\u00e7in Bom Silindiri"},"content":{"rendered":"<h1>Bobcat K\u00fc\u00e7\u00fck Ekskavat\u00f6r E418 i\u00e7in Bom Silindiri<\/h1>\n<h2>Bom Silindirlerine Giri\u015f<\/h2>\n<p>Bom silindiri, ekskavat\u00f6rler, kaz\u0131c\u0131 y\u00fckleyiciler ve \u00f6n y\u00fckleyiciler dahil olmak \u00fczere \u00e7e\u015fitli a\u011f\u0131r i\u015f makinelerinde kullan\u0131lan \u00f6nemli bir hidrolik bile\u015fendir. Bomun hareketini kontrol etmede hayati bir rol oynar, kald\u0131rma, indirme ve yat\u0131rma i\u015flemlerini m\u00fcmk\u00fcn k\u0131larak verimli malzeme ta\u015f\u0131ma g\u00f6revlerini kolayla\u015ft\u0131r\u0131r. Y\u00fcksek bas\u0131n\u00e7 alt\u0131nda \u00e7al\u0131\u015fmak \u00fczere tasarlanan bom silindirleri, hassas manevralar sa\u011flar ve ekipman\u0131n genel verimlili\u011fini art\u0131r\u0131r. Bir hidrolik silindir t\u00fcr\u00fc olan bom silindiri, kuvvet \u00fcretmek i\u00e7in hidrolik s\u0131v\u0131 kullan\u0131r ve bu da onu in\u015faat, tar\u0131m ve di\u011fer end\u00fcstrilerdeki operasyonlar i\u00e7in vazge\u00e7ilmez k\u0131lar.<\/p>\n<p><img decoding=\"async\" src=\"https:\/\/www.hydraulic-cylinders.net\/wp-content\/uploads\/2025\/04\/songte-company-1.webp\" alt=\"Ekskavat\u00f6r i\u00e7in Bom Silindiri\"><\/p>\n<h2>Bom Silindirinin \u00d6zellikleri<\/h2>\n<ul>\n<li><strong>Y\u00fcksek Dayan\u0131kl\u0131l\u0131k ve Dayan\u0131kl\u0131l\u0131k:<\/strong> Genellikle y\u00fcksek mukavemetli \u00e7elik veya al\u00fcminyumdan \u00fcretilen bu silindirler, y\u00fcksek bas\u0131nca ve a\u011f\u0131r y\u00fcklere dayanabilir ve bu sayede zorlu \u00e7al\u0131\u015fma ortamlar\u0131 i\u00e7in uygundur. Kullan\u0131m \u00f6m\u00fcrlerini uzatmak i\u00e7in a\u015f\u0131nma direnci ve korozyon korumas\u0131 ile tasarlanm\u0131\u015ft\u0131r.<\/li>\n<li><strong>Verimli Hidrolik \u00c7al\u0131\u015fma:<\/strong> Bom silindiri, d\u00fczg\u00fcn uzatma ve geri \u00e7ekme i\u00e7in hidrolik bas\u0131n\u00e7tan yararlan\u0131r, operat\u00f6r komutlar\u0131na h\u0131zl\u0131 yan\u0131t verilmesini sa\u011flar ve a\u011f\u0131r nesneleri kald\u0131rmak i\u00e7in gerekli olan g\u00fc\u00e7l\u00fc itme ve \u00e7ekme kuvvetini sa\u011flar.<\/li>\n<li><strong>\u00c7e\u015fitli T\u00fcrler:<\/strong> Bom silindirleri, farkl\u0131 operasyonel ihtiya\u00e7lar\u0131 kar\u015f\u0131lamak i\u00e7in hem tek etkili (tek y\u00f6nde hidrolik bas\u0131n\u00e7 kullanan) hem de \u00e7ift etkili (her iki y\u00f6nde hidrolik bas\u0131n\u00e7 kullanan) konfig\u00fcrasyonlarda mevcuttur. Baz\u0131 modeller teleskopiktir ve d\u0131\u015f boyutlar\u0131 art\u0131rmadan daha geni\u015f eri\u015fim sa\u011flar; bu da alan k\u0131s\u0131tlamas\u0131 olan uygulamalar i\u00e7in idealdir.<\/li>\n<li><strong>\u00c7ok Y\u00f6nl\u00fc Uygulamalar:<\/strong> Bu silindirler \u00e7e\u015fitli makineler ve g\u00f6revler i\u00e7in uygundur, bu da farkl\u0131 end\u00fcstrilere uyum sa\u011flamalar\u0131n\u0131 art\u0131r\u0131r.<\/li>\n<li><strong>\u00d6zel \u00dcretim:<\/strong> Firmam\u0131z, mevcut hidrolik silindirlerin yerini m\u00fckemmel \u015fekilde alan, uyumluluk ve performans\u0131 garanti eden bom silindirleri \u00fcretme konusunda uzmanla\u015fm\u0131\u015ft\u0131r.<\/li>\n<\/ul>\n<p><img decoding=\"async\" src=\"https:\/\/www.hydraulic-cylinders.net\/wp-content\/uploads\/2025\/04\/songte-cylinder-head-with-all-kinds-excavator-models.webp\" alt=\"Ekskavat\u00f6r Modelleri\"><\/p>\n<h2>Bom Silindirlerinin Uygulamalar\u0131<\/h2>\n<h3>\u0130n\u015faat Ekipmanlar\u0131<\/h3>\n<p>Ekskavat\u00f6rlerde bom silindirleri, kazma, y\u00fckleme ve toprak veya moloz ta\u015f\u0131ma i\u00e7in olmazsa olmazd\u0131r. Bomun uzamas\u0131n\u0131 ve geri \u00e7ekilmesini sa\u011flayarak operasyonlarda hassasiyet sa\u011flarlar. Ayr\u0131ca, beko-y\u00fckleyicilerde bom silindirleri hem kazma hem de kald\u0131rma i\u015flerinde yard\u0131mc\u0131 olarak makinenin \u00e7ok y\u00f6nl\u00fcl\u00fc\u011f\u00fcn\u00fc en \u00fcst d\u00fczeye \u00e7\u0131kar\u0131r.<\/p>\n<h3>Tar\u0131m Makinalar\u0131<\/h3>\n<p>\u00d6n y\u00fckleyicilerde bom silindirleri, toprak, saman ve di\u011fer malzemelerin kep\u00e7elenmesi, kald\u0131r\u0131lmas\u0131 ve ta\u015f\u0131nmas\u0131nda \u00f6nemli bir rol oynar. A\u011f\u0131r y\u00fckleri ta\u015f\u0131mak i\u00e7in gerekli kuvveti sa\u011flarlar ve bu da onlar\u0131 tar\u0131msal faaliyetlerde vazge\u00e7ilmez k\u0131lar.<\/p>\n<h3>Ekskavat\u00f6rler<\/h3>\n<p>Bom silindiri, kep\u00e7enin topra\u011fa etkili bir \u015fekilde n\u00fcfuz etmesini sa\u011flayarak kaz\u0131 i\u015flerini kolayla\u015ft\u0131r\u0131r. Bu \u00f6zellik, in\u015faat projeleri, peyzaj d\u00fczenlemeleri ve di\u011fer toprak i\u015fleme faaliyetleri i\u00e7in hayati \u00f6nem ta\u015f\u0131r.<\/p>\n<h3>Y\u00fckleyiciler<\/h3>\n<p>\u00d6n y\u00fckleyicilerde bu silindirler, y\u00fcklerin verimli bir \u015fekilde kald\u0131r\u0131lmas\u0131na ve bo\u015falt\u0131lmas\u0131na yard\u0131mc\u0131 olarak operasyonlar\u0131n sorunsuz ve etkili bir \u015fekilde y\u00fcr\u00fct\u00fclmesini sa\u011flar. G\u00fc\u00e7l\u00fc kald\u0131rma g\u00fcc\u00fc sa\u011flama kabiliyetleri, onlar\u0131 \u00e7e\u015fitli malzemelerin ta\u015f\u0131nmas\u0131 i\u00e7in ideal hale getirir.<\/p>\n<h2>Tasar\u0131m Hususlar\u0131 ve Se\u00e7im Kriterleri<\/h2>\n<h3>Y\u00fck Kapasitesi<\/h3>\n<p>Bir bom silindiri se\u00e7erken, y\u00fck kapasitesinin dikkatlice de\u011ferlendirilmesi gerekir. Silindirin teknik \u00f6zelliklerinin ekipman\u0131n \u00e7al\u0131\u015fma gereksinimleriyle uyumlu olmas\u0131 \u00e7ok \u00f6nemlidir. \u00c7ok zay\u0131f bir silindir, a\u011f\u0131r y\u00fckler alt\u0131nda ar\u0131zalanabilir ve bu da ekipman hasar\u0131na veya operasyonel gecikmelere yol a\u00e7abilir. \u00dcreticiler genellikle uygun silindir boyutunun se\u00e7ilmesine yard\u0131mc\u0131 olmak i\u00e7in ayr\u0131nt\u0131l\u0131 y\u00fck \u00e7izelgeleri sunar.<\/p>\n<h3>S\u0131zd\u0131rmazl\u0131k ve Dayan\u0131kl\u0131l\u0131k<\/h3>\n<p>S\u0131zd\u0131rmazl\u0131k, hidrolik silindirler i\u00e7in kritik \u00f6neme sahiptir, \u00e7\u00fcnk\u00fc s\u0131v\u0131 s\u0131z\u0131nt\u0131lar\u0131n\u0131 \u00f6nler ve optimum performans sa\u011flar. Poli\u00fcretan veya nitril kau\u00e7uk gibi malzemelerden \u00fcretilen kaliteli contalar, dayan\u0131kl\u0131l\u0131\u011f\u0131 ve a\u015f\u0131nma direncini art\u0131r\u0131r. Hidrolik verimlili\u011fi ve uzun \u00f6m\u00fcrl\u00fcl\u00fc\u011f\u00fc korumak i\u00e7in bom silindirinde kullan\u0131lan s\u0131zd\u0131rmazl\u0131k teknolojisini de\u011ferlendirmek \u00e7ok \u00f6nemlidir.<\/p>\n<h3>G\u00fcvenlik \u00d6zellikleri<\/h3>\n<p>Hidrolik uygulamalarda g\u00fcvenlik \u00e7ok \u00f6nemlidir. Bom silindirleri, a\u015f\u0131r\u0131 bas\u0131n\u00e7tan kaynaklanan kazalar\u0131 \u00f6nlemek i\u00e7in bas\u0131n\u00e7 tahliye valfleri gibi g\u00fcvenlik mekanizmalar\u0131na sahip olmal\u0131d\u0131r. Operat\u00f6rler ayr\u0131ca, se\u00e7im s\u00fcrecinde g\u00fcvenlik standartlar\u0131na ve y\u00f6netmeliklerine uyuldu\u011fundan emin olmal\u0131d\u0131r.<\/p>\n<h3>Bak\u0131m ve Onar\u0131m<\/h3>\n<p>Bom silindiri se\u00e7erken bak\u0131m kolayl\u0131\u011f\u0131 hayati bir husustur. Eri\u015fimi ve de\u011fi\u015ftirilmesi kolay bile\u015fenler, ar\u0131za s\u00fcresini ve onar\u0131m maliyetlerini azalt\u0131r. Kapsaml\u0131 onar\u0131m hizmetleri ve destek sunan \u00fcreticiler, hidrolik ekipmanlar\u0131n kullan\u0131m \u00f6mr\u00fcn\u00fc \u00f6nemli \u00f6l\u00e7\u00fcde art\u0131rabilir.<\/p>\n<p><img decoding=\"async\" src=\"https:\/\/www.hydraulic-cylinders.net\/wp-content\/uploads\/2025\/04\/songte-oil-pipes-and-spare-parts.webp\" alt=\"Hidrolik Silindir Par\u00e7alar\u0131\"><\/p>\n<h2>S\u0131zd\u0131rmazl\u0131k ve Ya\u011flama<\/h2>\n<p>S\u0131zd\u0131rmazl\u0131k ve ya\u011flama, bom silindirlerinin i\u015flevselli\u011fi i\u00e7in olmazsa olmazd\u0131r. Piston contalar\u0131 ve piston kolu contalar\u0131 gibi \u00e7e\u015fitli s\u0131zd\u0131rmazl\u0131k bile\u015fenleri, hidrolik bas\u0131nc\u0131 korumak ve s\u0131z\u0131nt\u0131y\u0131 \u00f6nlemek i\u00e7in kullan\u0131l\u0131r. Poli\u00fcretan ve nitril kau\u00e7uk gibi dayan\u0131kl\u0131 malzemelerden \u00fcretilen contalar, a\u015f\u0131nmaya kar\u015f\u0131 dayan\u0131kl\u0131l\u0131klar\u0131 nedeniyle tercih edilir. Silindir g\u00f6vdesi ve di\u015fli u\u00e7 y\u00fczeyleri, a\u015f\u0131nmaya kar\u015f\u0131 dayan\u0131kl\u0131l\u0131\u011f\u0131 art\u0131rmak i\u00e7in hassas bir i\u015flemden ge\u00e7irilir. Sorunsuz \u00e7al\u0131\u015fma sa\u011flamak ve silindir i\u00e7indeki s\u00fcrt\u00fcnmeyi azaltmak i\u00e7in hidrolik ya\u011f ile d\u00fczenli ya\u011flama gereklidir.<\/p>\n<h2>\u00d6nleyici Bak\u0131m \u00d6nlemleri<\/h2>\n<ul>\n<li><strong>D\u00fczenli Denetimler:<\/strong> Rutin denetimler yapmak, olas\u0131 sorunlar\u0131n b\u00fcy\u00fcmeden \u00f6nce tespit edilmesine yard\u0131mc\u0131 olur. Operat\u00f6rler a\u015f\u0131nma, s\u0131z\u0131nt\u0131 ve genel silindir b\u00fct\u00fcnl\u00fc\u011f\u00fc belirtilerini kontrol etmelidir.<\/li>\n<li><strong>Zaman\u0131nda Ya\u011flama:<\/strong> Silindirin uzun \u00f6m\u00fcrl\u00fc olmas\u0131 i\u00e7in uygun ya\u011flama seviyelerinin korunmas\u0131 kritik \u00f6neme sahiptir. Operat\u00f6rler, hidrolik ya\u011f\u0131n yenilenmesini ve ya\u011f kalitesinin gerekli \u00f6zellikleri kar\u015f\u0131lamas\u0131n\u0131 sa\u011flamal\u0131d\u0131r.<\/li>\n<li><strong>Conta De\u011fi\u015fimi:<\/strong> Zamanla contalar a\u015f\u0131nabilir ve de\u011fi\u015ftirilmeleri gerekebilir. Contalar\u0131n durumunu d\u00fczenli olarak de\u011ferlendirmek ve gerekti\u011finde de\u011fi\u015ftirmek, s\u0131z\u0131nt\u0131lar\u0131 \u00f6nleyebilir ve optimum performans\u0131 koruyabilir.<\/li>\n<\/ul>\n<h2>Kurulum Talimatlar\u0131<\/h2>\n<p>Bom silindirlerinin do\u011fru montaj\u0131, performanslar\u0131 ve g\u00fcvenlikleri i\u00e7in \u00e7ok \u00f6nemlidir. \u00c7al\u0131\u015fma alan\u0131n\u0131n temiz ve kal\u0131nt\u0131lardan ar\u0131nd\u0131r\u0131lm\u0131\u015f oldu\u011fundan emin olun. Silindiri, sabitlemek i\u00e7in uygun aletler kullanarak montaj braketleriyle d\u00fczg\u00fcn bir \u015fekilde hizalay\u0131n. Erken ar\u0131zaya yol a\u00e7abilecek hizalama hatalar\u0131n\u0131 \u00f6nlemek i\u00e7in t\u00fcm c\u0131vatalar\u0131 e\u015fit \u015fekilde s\u0131kmak \u00f6nemlidir. Kurulum s\u0131ras\u0131nda silindiri sabitlemek i\u00e7in montaj destekleri kullan\u0131n. Kurulumdan sonra, ekipman\u0131 \u00e7al\u0131\u015ft\u0131rmadan \u00f6nce hizalaman\u0131n do\u011frulu\u011funu ve i\u015flevselli\u011fini kontrol edin.<\/p>\n<h2>Yayg\u0131n Bak\u0131m G\u00f6revleri<\/h2>\n<ul>\n<li><strong>D\u00fczenli Kontroller:<\/strong> T\u00fcm bile\u015fenlerin etkin bir \u015fekilde \u00e7al\u0131\u015ft\u0131\u011f\u0131ndan emin olarak, a\u015f\u0131nma ve s\u0131z\u0131nt\u0131lara kar\u015f\u0131 rutin kontrolleri planlay\u0131n.<\/li>\n<li><strong>Uygun Ya\u011flama:<\/strong> Hareketli par\u00e7alardaki a\u015f\u0131nma ve y\u0131pranmay\u0131 azaltmak i\u00e7in \u00fcreticinin \u00f6nerdi\u011fi ya\u011flama seviyelerini koruyun.<\/li>\n<li><strong>Conta De\u011fi\u015fimi:<\/strong> Hidrolik s\u0131v\u0131 s\u0131z\u0131nt\u0131lar\u0131n\u0131 \u00f6nlemek ve sistem verimlili\u011fini korumak i\u00e7in contalar\u0131n durumunu izleyin ve gerekti\u011finde de\u011fi\u015ftirin.<\/li>\n<\/ul>\n<h2>G\u00fcvenlik Hususlar\u0131 ve \u00c7evresel Fakt\u00f6rler<\/h2>\n<p>Hidrolik sistemlerle \u00e7al\u0131\u015f\u0131rken g\u00fcvenlik \u00f6nlemleri hayati \u00f6nem ta\u015f\u0131r. Operat\u00f6rler, y\u00fcksek bas\u0131n\u00e7l\u0131 sistemlerle ili\u015fkili riskleri en aza indirmek i\u00e7in g\u00fcvenli kullan\u0131m uygulamalar\u0131 konusunda e\u011fitilmelidir. Ki\u015fisel koruyucu ekipman (KKD) kullanmak ve uygun acil durum protokollerinin uygulanmas\u0131n\u0131 sa\u011flamak, kazalar\u0131n \u00f6nlenmesine yard\u0131mc\u0131 olabilir. Ayr\u0131ca, \u00e7evresel etkiyi azaltmak ve s\u00fcrd\u00fcr\u00fclebilirli\u011fi art\u0131rmak i\u00e7in \u00e7evre dostu hidrolik s\u0131v\u0131lar kullan\u0131lmal\u0131d\u0131r.<\/p>\n<h2>Yayg\u0131n Sorunlar\u0131n Giderilmesi<\/h2>\n<ul>\n<li><strong>S\u0131z\u0131nt\u0131:<\/strong> Hasarl\u0131 contalardan veya ba\u011flant\u0131 par\u00e7alar\u0131ndan kaynaklanabilecek s\u0131v\u0131 s\u0131z\u0131nt\u0131s\u0131n\u0131n kayna\u011f\u0131n\u0131 belirleyin. \u0130\u015flevselli\u011fi geri kazand\u0131rmak i\u00e7in hasarl\u0131 bile\u015fenleri de\u011fi\u015ftirin.<\/li>\n<li><strong>Yetersiz Performans:<\/strong> Silindir d\u00fczg\u00fcn \u00e7al\u0131\u015fm\u0131yorsa, hidrolik hatlar\u0131nda t\u0131kan\u0131kl\u0131k veya d\u00fc\u015f\u00fck s\u0131v\u0131 seviyesi olup olmad\u0131\u011f\u0131n\u0131 kontrol edin. Hidrolik ya\u011f\u0131n temiz ve gerekli \u00f6zelliklerde oldu\u011fundan emin olun.<\/li>\n<li><strong>Al\u0131\u015f\u0131lmad\u0131k Sesler:<\/strong> \u00c7al\u0131\u015fma s\u0131ras\u0131nda al\u0131\u015f\u0131lmad\u0131k sesler duyulmas\u0131, i\u00e7 hasar veya yetersiz ya\u011flama belirtisi olabilir. Sorunun nedenini belirlemek ve olas\u0131 sorunlar\u0131 gidermek i\u00e7in kapsaml\u0131 bir inceleme yap\u0131n.<\/li>\n<\/ul>\n<h2>\u00dcr\u00fcn Kalitesi ve \u015eirket Genel Bak\u0131\u015f\u0131<\/h2>\n<p>Hem yurt i\u00e7i hem de yurt d\u0131\u015f\u0131 pazarlara hizmet veren lider bir yedek hidrolik silindir \u00fcreticisiyiz. Geni\u015f \u00fcr\u00fcn yelpazemiz, verimli bir \u00fcretim s\u00fcreciyle desteklenen kalite m\u00fckemmelli\u011fine olan ba\u011fl\u0131l\u0131\u011f\u0131m\u0131z\u0131 yans\u0131tmaktad\u0131r. \u00dcretim kapasitemizi art\u0131rmak i\u00e7in ileri teknoloji, kalifiye personel ve g\u00fc\u00e7l\u00fc bir test sisteminden yararlan\u0131yoruz. Y\u00fcksek verimlilik, hassasiyet ve kaliteye odaklanmam\u0131z, \u00f6zelle\u015ftirilmi\u015f \u00e7\u00f6z\u00fcmlerle farkl\u0131 m\u00fc\u015fteri ihtiya\u00e7lar\u0131n\u0131 kar\u015f\u0131lamam\u0131z\u0131 sa\u011flar.<\/p>\n<p>\u015eirketimiz, profesyonel uzmanl\u0131\u011f\u0131, uluslararas\u0131 sertifikalar\u0131 ve kapsaml\u0131 sat\u0131\u015f sonras\u0131 hizmetleriyle gurur duymaktad\u0131r. M\u00fc\u015fteri memnuniyetini ve sadakatini garanti alt\u0131na alarak, \u00f6zel gereksinimleri kar\u015f\u0131layan, \u00f6zel \u00fcr\u00fcnler sunuyoruz.<\/p>\n<p><img decoding=\"async\" src=\"https:\/\/www.hydraulic-cylinders.net\/wp-content\/uploads\/2025\/04\/songte-company-4.webp\" alt=\"\u015eirket Genel Bak\u0131\u015f\u0131\"><br \/>\n<img decoding=\"async\" src=\"https:\/\/www.hydraulic-cylinders.net\/wp-content\/uploads\/2025\/04\/songte-company-3.webp\" alt=\"\u015eirket \u00dcretim S\u00fcreci\"><\/p>\n<p>Yazar: lyl<\/p>","protected":false},"excerpt":{"rendered":"<p>Boom Cylinder For Bobcat Small Excavator E418 Introduction to Boom Cylinders The boom cylinder is a crucial hydraulic component used in various heavy machinery, including excavators, backhoe loaders, and front loaders. It plays a vital role in controlling the movement of the boom, allowing it to elevate, lower, and tilt, which facilitates efficient material handling [&hellip;]<\/p>","protected":false},"featured_media":17876,"comment_status":"open","ping_status":"closed","template":"","meta":{"_et_pb_use_builder":"","_et_pb_old_content":"","_et_gb_content_width":""},"product_brand":[],"product_cat":[1546],"product_tag":[1547,1496],"class_list":{"0":"post-19416","1":"product","2":"type-product","3":"status-publish","4":"has-post-thumbnail","6":"product_cat-boom-cylinders","7":"product_tag-boom-cylinders","8":"product_tag-hydraulic-cylinders","10":"first","11":"instock","12":"shipping-taxable","13":"product-type-simple"},"amp_enabled":true,"_links":{"self":[{"href":"https:\/\/www.hydraulic-cylinders.net\/tr\/wp-json\/wp\/v2\/product\/19416","targetHints":{"allow":["GET"]}}],"collection":[{"href":"https:\/\/www.hydraulic-cylinders.net\/tr\/wp-json\/wp\/v2\/product"}],"about":[{"href":"https:\/\/www.hydraulic-cylinders.net\/tr\/wp-json\/wp\/v2\/types\/product"}],"replies":[{"embeddable":true,"href":"https:\/\/www.hydraulic-cylinders.net\/tr\/wp-json\/wp\/v2\/comments?post=19416"}],"wp:featuredmedia":[{"embeddable":true,"href":"https:\/\/www.hydraulic-cylinders.net\/tr\/wp-json\/wp\/v2\/media\/17876"}],"wp:attachment":[{"href":"https:\/\/www.hydraulic-cylinders.net\/tr\/wp-json\/wp\/v2\/media?parent=19416"}],"wp:term":[{"taxonomy":"product_brand","embeddable":true,"href":"https:\/\/www.hydraulic-cylinders.net\/tr\/wp-json\/wp\/v2\/product_brand?post=19416"},{"taxonomy":"product_cat","embeddable":true,"href":"https:\/\/www.hydraulic-cylinders.net\/tr\/wp-json\/wp\/v2\/product_cat?post=19416"},{"taxonomy":"product_tag","embeddable":true,"href":"https:\/\/www.hydraulic-cylinders.net\/tr\/wp-json\/wp\/v2\/product_tag?post=19416"}],"curies":[{"name":"wp","href":"https:\/\/api.w.org\/{rel}","templated":true}]}}