{"id":19455,"date":"2025-04-07T06:48:35","date_gmt":"2025-04-07T06:48:35","guid":{"rendered":"https:\/\/www.hydraulic-cylinders.net\/product\/boom-cylinder-for-zhenyu-small-excavator-zy330\/"},"modified":"2025-04-07T06:48:37","modified_gmt":"2025-04-07T06:48:37","slug":"boom-cylinder-for-zhenyu-small-excavator-zy330","status":"publish","type":"product","link":"https:\/\/www.hydraulic-cylinders.net\/tr\/urun\/boom-cylinder-for-zhenyu-small-excavator-zy330\/","title":{"rendered":"Zhenyu ZY330 K\u00fc\u00e7\u00fck Ekskavat\u00f6r \u0130\u00e7in Bom Silindiri"},"content":{"rendered":"<h1>Zhenyu ZY330 K\u00fc\u00e7\u00fck Ekskavat\u00f6r \u0130\u00e7in Bom Silindiri<\/h1>\n<h2>Bom Silindirlerine Giri\u015f<\/h2>\n<p>Bom silindiri, a\u011f\u0131r makinelerin hidrolik sisteminde hayati bir bile\u015fendir ve \u00f6zellikle ekskavat\u00f6r kep\u00e7elerinin hareketini kontrol etmek i\u00e7in tasarlanm\u0131\u015ft\u0131r. Kep\u00e7enin kald\u0131r\u0131lmas\u0131, indirilmesi ve e\u011filmesi gibi g\u00f6revlerin ger\u00e7ekle\u015ftirilmesinde ve verimli malzeme ta\u015f\u0131ma i\u015flemlerinin kolayla\u015ft\u0131r\u0131lmas\u0131nda kritik bir rol oynar. Hidrolik enerjiyi mekanik harekete d\u00f6n\u00fc\u015ft\u00fcrerek, bom silindirleri operat\u00f6rlerin \u00e7e\u015fitli i\u015flevleri hassasiyet ve h\u0131zla ger\u00e7ekle\u015ftirmelerini sa\u011flar.<\/p>\n<p><img decoding=\"async\" src=\"https:\/\/www.hydraulic-cylinders.net\/wp-content\/uploads\/2025\/04\/songte-company-1.webp\" alt=\"Bom Silindiri\"><\/p>\n<h3>Tan\u0131m ve Genel Bak\u0131\u015f<\/h3>\n<p>Bom silindiri, ekskavat\u00f6rler, kaz\u0131c\u0131lar ve \u00f6n y\u00fckleyiciler gibi a\u011f\u0131r ekipmanlar i\u00e7in \u00f6zel olarak tasarlanm\u0131\u015f bir hidrolik silindir t\u00fcr\u00fcd\u00fcr. Ba\u015fl\u0131ca i\u015flevi, kep\u00e7enin hareketini kontrol ederek kaz\u0131 ve malzeme ta\u015f\u0131ma i\u00e7in hayati \u00f6nem ta\u015f\u0131yan g\u00f6revleri yerine getirmesini sa\u011flamakt\u0131r. Bu silindirler, kep\u00e7enin hareketleri \u00fczerinde hassas kontrol sa\u011flayarak, in\u015faat ve tar\u0131m uygulamalar\u0131nda gerekli olan kald\u0131rma ve e\u011fme kuvvetini sa\u011flar.<\/p>\n<h2>Bom Silindirinin Temel \u00d6zellikleri<\/h2>\n<ul>\n<li><strong>Y\u00fcksek Dayan\u0131kl\u0131l\u0131k ve Dayan\u0131kl\u0131l\u0131k:<\/strong> Genellikle y\u00fcksek mukavemetli \u00e7elik veya al\u00fcminyumdan \u00fcretilen bom silindirleri, y\u00fcksek bas\u0131nca ve a\u011f\u0131r y\u00fcklere dayanacak \u015fekilde tasarlanm\u0131\u015ft\u0131r ve zorlu \u00e7al\u0131\u015fma ortamlar\u0131na uygundur. A\u015f\u0131nma direnci ve korozyon korumas\u0131 i\u00e7in tasarlanm\u0131\u015f olup, kullan\u0131m \u00f6mr\u00fcn\u00fc uzat\u0131rlar.<\/li>\n<li><strong>Verimli Hidrolik \u00c7al\u0131\u015fma:<\/strong> Hidrolik ya\u011f bas\u0131nc\u0131n\u0131 kullanan bom silindirleri, sorunsuz uzatma ve geri \u00e7ekme sa\u011flayarak operat\u00f6r komutlar\u0131na h\u0131zl\u0131 yan\u0131t verilmesine olanak tan\u0131r. A\u011f\u0131r malzemelerin ve karma\u015f\u0131k i\u015flerin ta\u015f\u0131nmas\u0131 i\u00e7in ideal olan g\u00fc\u00e7l\u00fc itme ve \u00e7ekme kuvveti sa\u011flarlar.<\/li>\n<li><strong>\u00c7e\u015fitli T\u00fcrler:<\/strong> Tek y\u00f6nl\u00fc (hidrolik sistemi tek y\u00f6nde kullanan) veya \u00e7ift y\u00f6nl\u00fc (hidrolik sistemi her iki y\u00f6nde kullanan) olarak temin edilebilen bom silindirleri, \u00e7e\u015fitli operasyonel ihtiya\u00e7lar\u0131 kar\u015f\u0131layacak \u015fekilde uyarlanabilir. Baz\u0131 modellerde teleskopik tasar\u0131mlar bulunur; bu da d\u0131\u015f boyutlar\u0131 b\u00fcy\u00fctmeden daha fazla uzatmaya olanak tan\u0131r ve alan s\u0131n\u0131rlamalar\u0131 olan uygulamalar i\u00e7in idealdir.<\/li>\n<li><strong>Uyumluluk:<\/strong> \u00dcr\u00fcnlerimiz, mevcut hidrolik silindirlerin ideal yerine ge\u00e7ecek \u015fekilde titizlikle \u00fcretilmekte olup, kusursuz entegrasyon ve performans sa\u011flamaktad\u0131r.<\/li>\n<\/ul>\n<p><img decoding=\"async\" src=\"https:\/\/www.hydraulic-cylinders.net\/wp-content\/uploads\/2025\/04\/songte-cylinder-head-with-all-kinds-excavator-models.webp\" alt=\"Ekskavat\u00f6r Modelleri\"><\/p>\n<h2>Bom Silindirinin Uygulamalar\u0131<\/h2>\n<h3>\u0130n\u015faat Ekipmanlar\u0131<\/h3>\n<p>\u0130n\u015faat makinelerinde, bom silindirleri ekskavat\u00f6rlerin ayr\u0131lmaz bir par\u00e7as\u0131d\u0131r ve topra\u011f\u0131 veya molozu kazmak, y\u00fcklemek ve ta\u015f\u0131mak i\u00e7in gerekli g\u00fcc\u00fc sa\u011flar. Verimli kaz\u0131 s\u00fcre\u00e7lerini kolayla\u015ft\u0131r\u0131r ve in\u015faat sahalar\u0131ndaki genel verimlili\u011fe katk\u0131da bulunur.<\/p>\n<h3>Tar\u0131m Makinalar\u0131<\/h3>\n<p>\u00d6n y\u00fckleyicilerde kullan\u0131lan bom silindirleri, toprak, saman ve di\u011fer malzemelerin kep\u00e7elenmesi, kald\u0131r\u0131lmas\u0131 ve ta\u015f\u0131nmas\u0131 i\u00e7in hayati \u00f6neme sahiptir. A\u011f\u0131r y\u00fckleri etkili bir \u015fekilde ta\u015f\u0131yabilme yetenekleri, onlar\u0131 tar\u0131msal faaliyetlerde vazge\u00e7ilmez k\u0131lmaktad\u0131r.<\/p>\n<h3>Ekskavat\u00f6rler<\/h3>\n<p>Ekskavat\u00f6rlerde, bom silindirleri kep\u00e7enin topra\u011fa n\u00fcfuz etmesini sa\u011flayarak etkili kaz\u0131 i\u015flemlerine olanak tan\u0131r. Bu \u00f6zellik, peyzaj \u00e7al\u0131\u015fmalar\u0131ndan b\u00fcy\u00fck \u00f6l\u00e7ekli kaz\u0131lara kadar \u00e7e\u015fitli projeler i\u00e7in \u00e7ok \u00f6nemlidir.<\/p>\n<h3>Y\u00fckleyiciler<\/h3>\n<p>\u00d6n y\u00fckleyicilerde, bom silindirleri y\u00fcklerin verimli bir \u015fekilde kald\u0131r\u0131lmas\u0131na ve bo\u015falt\u0131lmas\u0131na yard\u0131mc\u0131 olur. Malzeme ta\u015f\u0131mada hayati bir rol oynayarak y\u00fckleyicinin operasyonel yeteneklerini art\u0131r\u0131rlar.<\/p>\n<h2>Tasar\u0131m Hususlar\u0131 ve Se\u00e7im Kriterleri<\/h2>\n<h3>Y\u00fck Kapasitesi<\/h3>\n<p>Bir bom silindiri tasarlan\u0131rken, y\u00fck ta\u015f\u0131ma kapasitesi kritik bir fakt\u00f6rd\u00fcr. Silindir, kep\u00e7enin kald\u0131rabilece\u011fi maksimum a\u011f\u0131rl\u0131\u011f\u0131 ta\u015f\u0131yabilmeli ve ayn\u0131 zamanda g\u00fcvenlik ve performans\u0131 da sa\u011flamal\u0131d\u0131r. A\u011f\u0131r y\u00fckler alt\u0131nda g\u00fcvenilirli\u011fi garanti etmek i\u00e7in malzeme dayan\u0131m\u0131, silindir boyutlar\u0131 ve hidrolik bas\u0131n\u00e7 de\u011ferleri dikkate al\u0131nmal\u0131d\u0131r.<\/p>\n<h3>S\u0131zd\u0131rmazl\u0131k<\/h3>\n<p>Hidrolik sistemlerde s\u0131v\u0131 s\u0131z\u0131nt\u0131s\u0131n\u0131 ve kirlenmeyi \u00f6nlemek i\u00e7in etkili s\u0131zd\u0131rmazl\u0131k son derece \u00f6nemlidir. Poli\u00fcretan ve nitril kau\u00e7uk gibi s\u0131zd\u0131rmazl\u0131k malzemelerinin se\u00e7imi, uzun \u00f6m\u00fcr ve performans sa\u011flamada hayati \u00f6neme sahiptir. Silindir g\u00f6vdesinin ve di\u015fli y\u00fczeylerin hassas i\u015flenmesi, s\u0131zd\u0131rmazl\u0131k etkinli\u011fini art\u0131rarak genel sistem g\u00fcvenilirli\u011fine katk\u0131da bulunur.<\/p>\n<h3>Dayan\u0131kl\u0131l\u0131k<\/h3>\n<p>Bom silindirleri zorlu ortamlarda \u00e7al\u0131\u015ft\u0131klar\u0131 i\u00e7in dayan\u0131kl\u0131l\u0131k \u00e7ok \u00f6nemlidir. Malzeme se\u00e7imi, y\u00fczey i\u015flemi ve tasar\u0131m \u00f6zellikleri gibi fakt\u00f6rler, a\u015f\u0131nmaya ve korozyona kar\u015f\u0131 diren\u00e7 g\u00f6sterecek \u015fekilde optimize edilmeli, b\u00f6ylece daha uzun bir kullan\u0131m \u00f6mr\u00fc ve daha d\u00fc\u015f\u00fck bak\u0131m maliyetleri sa\u011flanmal\u0131d\u0131r.<\/p>\n<h3>Emniyet<\/h3>\n<p>Hidrolik silindirlerin tasar\u0131m\u0131nda g\u00fcvenlik \u00e7ok \u00f6nemli bir husustur. Bas\u0131n\u00e7 tahliye vanalar\u0131, a\u015f\u0131r\u0131 y\u00fck korumas\u0131 ve sa\u011flam yap\u0131 gibi \u00f6zellikler, ekipman\u0131n ve operat\u00f6rlerinin g\u00fcvenli \u00e7al\u0131\u015fmas\u0131n\u0131 sa\u011flayarak, felaketle sonu\u00e7lanabilecek ar\u0131zalar\u0131 \u00f6nlemek i\u00e7in uygulanmal\u0131d\u0131r.<\/p>\n<h3>Bak\u0131m<\/h3>\n<p>Bak\u0131m hususlar\u0131 aras\u0131nda inceleme ve onar\u0131m i\u00e7in eri\u015fim kolayl\u0131\u011f\u0131, yedek par\u00e7alar\u0131n bulunabilirli\u011fi ve s\u00f6kme-takma i\u015flemlerinin karma\u015f\u0131kl\u0131\u011f\u0131 yer almaktad\u0131r. \u0130yi tasarlanm\u0131\u015f bir silindir, bak\u0131m i\u015flemlerini basitle\u015ftirerek ar\u0131za s\u00fcresini azalt\u0131r ve genel verimlili\u011fi art\u0131r\u0131r.<\/p>\n<p><img decoding=\"async\" src=\"https:\/\/www.hydraulic-cylinders.net\/wp-content\/uploads\/2025\/04\/songte-oil-pipes-and-spare-parts.webp\" alt=\"Hidrolik Par\u00e7alar\"><\/p>\n<h2>S\u0131zd\u0131rmazl\u0131k ve Ya\u011flama<\/h2>\n<p>Bom silindirlerinin s\u0131zd\u0131rmazl\u0131k sistemi, hidrolik b\u00fct\u00fcnl\u00fc\u011f\u00fcn korunmas\u0131 i\u00e7in kritik \u00f6neme sahiptir. Piston contalar\u0131 ve mil contalar\u0131 da dahil olmak \u00fczere \u00e7e\u015fitli contalar, hidrolik s\u0131v\u0131n\u0131n silindir i\u00e7inde kalmas\u0131n\u0131 sa\u011flamak i\u00e7in kullan\u0131l\u0131r. Poli\u00fcretan ve nitril kau\u00e7uk gibi dayan\u0131kl\u0131 malzemelerin kullan\u0131m\u0131, a\u015f\u0131nmaya ve \u00e7evresel fakt\u00f6rlere kar\u015f\u0131 direnci art\u0131r\u0131r. Ek olarak, silindir g\u00f6vdesi ve di\u015fli u\u00e7lar\u0131, a\u015f\u0131nma direncini art\u0131rmak ve genel verimlili\u011fe katk\u0131da bulunmak i\u00e7in hassas i\u015fleme s\u00fcre\u00e7lerinden ge\u00e7er. Sorunsuz \u00e7al\u0131\u015fma sa\u011flamak ve erken a\u015f\u0131nmay\u0131 \u00f6nlemek i\u00e7in hidrolik ya\u011f ile d\u00fczenli ya\u011flama hayati \u00f6nem ta\u015f\u0131r ve optimum performans\u0131 korumak i\u00e7in rutin kontroller gerektirir.<\/p>\n<h2>D\u00fczenli Denetimler ve \u00d6nleyici Bak\u0131m<\/h2>\n<ul>\n<li><strong>Periyodik Muayeneler:<\/strong> D\u00fczenli g\u00f6rsel ve operasyonel kontroller yapmak, a\u015f\u0131nma belirtilerini veya hasarlar\u0131 erken tespit etmeye ve daha fazla komplikasyonu \u00f6nlemeye yard\u0131mc\u0131 olabilir.<\/li>\n<li><strong>Ya\u011flama:<\/strong> Yeterli ya\u011flaman\u0131n sa\u011flanmas\u0131, sorunsuz \u00e7al\u0131\u015fma ve uzun \u00f6m\u00fcr i\u00e7in \u015fartt\u0131r. Hidrolik ya\u011f seviyelerinin izlenmesi ve gerekti\u011finde tamamlanmas\u0131 sa\u011flanmal\u0131d\u0131r.<\/li>\n<li><strong>Conta De\u011fi\u015fimi:<\/strong> S\u0131v\u0131 s\u0131z\u0131nt\u0131lar\u0131n\u0131 \u00f6nlemek ve hidrolik verimlili\u011fi korumak i\u00e7in contalar\u0131 d\u00fczenli olarak a\u015f\u0131nma a\u00e7\u0131s\u0131ndan kontrol edin ve derhal de\u011fi\u015ftirin.<\/li>\n<\/ul>\n<h2>Kurulum Talimatlar\u0131<\/h2>\n<p>Bom silindirlerinin do\u011fru montaj\u0131, optimum performans i\u00e7in hayati \u00f6nem ta\u015f\u0131r. \u00d6ncelikle \u00e7al\u0131\u015fma alan\u0131n\u0131n temiz ve kal\u0131nt\u0131lardan ar\u0131nd\u0131r\u0131lm\u0131\u015f oldu\u011fundan emin olun. Silindiri, uygun montaj braketleri kullanarak yerine sabitleyerek, montaj noktalar\u0131yla do\u011fru bir \u015fekilde hizalay\u0131n. S\u0131k\u0131 bir uyum sa\u011flamak i\u00e7in \u00fcreticinin tork ayarlar\u0131 spesifikasyonlar\u0131n\u0131 izleyin. Do\u011fru hizalama, \u00e7al\u0131\u015fma s\u0131ras\u0131nda silindire a\u015f\u0131r\u0131 y\u00fck binmesini \u00f6nlemek i\u00e7in \u00e7ok \u00f6nemlidir. Montajdan sonra, her \u015feyin do\u011fru \u00e7al\u0131\u015ft\u0131\u011f\u0131ndan emin olmak i\u00e7in hidrolik sistemi iyice inceleyin ve test edin. Performans\u0131 optimize etmek i\u00e7in ayarlamalar gerekebilir.<\/p>\n<h2>Bak\u0131m G\u00f6revleri<\/h2>\n<ul>\n<li><strong>D\u00fczenli Denetimler:<\/strong> S\u0131z\u0131nt\u0131lar\u0131, a\u015f\u0131nmay\u0131 ve genel durumu d\u00fczenli olarak kontrol edin. Sorunlar\u0131n erken tespiti, b\u00fcy\u00fck ar\u0131zalar\u0131 ve maliyetli onar\u0131mlar\u0131 \u00f6nleyebilir.<\/li>\n<li><strong>Uygun Ya\u011flama:<\/strong> Sorunsuz \u00e7al\u0131\u015fmay\u0131 s\u00fcrd\u00fcrmek ve a\u015f\u0131nmay\u0131 \u00f6nlemek i\u00e7in hidrolik ya\u011f\u0131n d\u00fczenli olarak yenilenmesini sa\u011flay\u0131n. Ya\u011flama aral\u0131klar\u0131 i\u00e7in \u00fcreticinin y\u00f6nergelerini izleyin.<\/li>\n<li><strong>Conta De\u011fi\u015fimi ve Kalibrasyon Kontrolleri:<\/strong> Contalar\u0131 d\u00fczenli olarak kontrol edin ve gerekti\u011finde de\u011fi\u015ftirin. Hidrolik sistemin kalibrasyonu, do\u011fru \u00e7al\u0131\u015fmay\u0131 sa\u011flar ve gelecekteki sorunlar\u0131n \u00f6nlenmesine yard\u0131mc\u0131 olabilir.<\/li>\n<\/ul>\n<h2>G\u00fcvenlik Hususlar\u0131 ve \u00c7evresel Fakt\u00f6rler<\/h2>\n<p>Bom silindirlerini \u00e7al\u0131\u015ft\u0131r\u0131rken g\u00fcvenlik \u00f6nlemleri son derece \u00f6nemlidir. Operat\u00f6rler, hidrolik sistemlerle ili\u015fkili potansiyel riskleri anlamak i\u00e7in e\u011fitilmelidir. Her zaman uygun ki\u015fisel koruyucu ekipman (KKD) kullan\u0131lmal\u0131d\u0131r. A\u015f\u0131r\u0131 s\u0131cakl\u0131klara ve a\u015f\u0131nd\u0131r\u0131c\u0131 maddelere maruz kalma gibi \u00e7evresel fakt\u00f6rler de bom silindirlerinin se\u00e7imi ve bak\u0131m\u0131 yap\u0131l\u0131rken dikkate al\u0131nmal\u0131d\u0131r. G\u00fcvenlik protokollerinin uygulanmas\u0131 ve d\u00fczenli e\u011fitim, kazalar\u0131 \u00f6nemli \u00f6l\u00e7\u00fcde azaltabilir ve i\u015f yeri g\u00fcvenli\u011fini art\u0131rabilir.<\/p>\n<h2>Yayg\u0131n Sorunlar\u0131n Giderilmesi<\/h2>\n<ul>\n<li><strong>S\u0131v\u0131 S\u0131z\u0131nt\u0131lar\u0131:<\/strong> Contalar\u0131 ve ba\u011flant\u0131lar\u0131 a\u015f\u0131nma veya hasar a\u00e7\u0131s\u0131ndan kontrol edin ve hidrolik s\u0131v\u0131 seviyelerinin korunmas\u0131n\u0131 sa\u011flay\u0131n.<\/li>\n<li><strong>Yava\u015f \u00c7al\u0131\u015fma:<\/strong> Bu durum, hidrolik s\u0131v\u0131 seviyesinin d\u00fc\u015f\u00fck oldu\u011funu veya sistemde hava bulundu\u011funu g\u00f6sterebilir. Sistemi havas\u0131n\u0131 al\u0131n ve herhangi bir t\u0131kan\u0131kl\u0131k olup olmad\u0131\u011f\u0131n\u0131 kontrol edin.<\/li>\n<li><strong>Tepkisiz Silindir:<\/strong> Hidrolik bas\u0131nc\u0131n yeterli oldu\u011fundan ve t\u00fcm ba\u011flant\u0131lar\u0131n sa\u011flam oldu\u011fundan emin olun. Hidrolik hatlardaki olas\u0131 t\u0131kan\u0131kl\u0131klar\u0131 ara\u015ft\u0131r\u0131n.<\/li>\n<\/ul>\n<h2>Sorun Giderme \u0130pu\u00e7lar\u0131<\/h2>\n<p>Etkili sorun giderme i\u00e7in, sorunlar\u0131 ve onar\u0131mlar\u0131 takip etmek \u00fczere ayr\u0131nt\u0131l\u0131 bir bak\u0131m g\u00fcnl\u00fc\u011f\u00fc tutun. Altta yatan sorunlar\u0131 g\u00f6sterebilecek e\u011filimleri belirlemek i\u00e7in operasyonel performans verilerini d\u00fczenli olarak inceleyin. Potansiyel sorunlar\u0131 en aza indirmek i\u00e7in rutin bak\u0131m ve denetimler gibi \u00f6nleyici tedbirler uygulay\u0131n. Operat\u00f6rleri sorunlar\u0131n erken belirtilerini tan\u0131ma konusunda e\u011fitmek, genel sistem g\u00fcvenilirli\u011fini art\u0131rabilir.<\/p>\n<p><img decoding=\"async\" src=\"https:\/\/www.hydraulic-cylinders.net\/wp-content\/uploads\/2025\/04\/songte-bushings-with-all-kinds-of-excavator-models.webp\" alt=\"Ekskavat\u00f6r Bur\u00e7lar\u0131\"><\/p>\n<h2>\u015eirketimiz Hakk\u0131nda<\/h2>\n<p>Yedek hidrolik silindir \u00fcreticisi olarak, hem yurt i\u00e7i hem de uluslararas\u0131 pazarlarda \u00f6nde gelen \u00fcretici ve toptanc\u0131lardan biri olarak konumumuzu sa\u011flamla\u015ft\u0131ran kapsaml\u0131 bir \u00fcr\u00fcn yelpazesi sunuyoruz. Geli\u015fmi\u015f bir \u00fcretim at\u00f6lyesi ve end\u00fcstriyel \u00fcretim y\u00f6netim stratejisinden yararlanarak ola\u011fan\u00fcst\u00fc kalite standartlar\u0131na ba\u011fl\u0131 kal\u0131yoruz. \u015eirketimiz, verimli \u00fcretim s\u00fcre\u00e7leri ve \u00fcst\u00fcn \u00fcr\u00fcn kalitesi sa\u011flamak i\u00e7in teknik yetenek, dijital \u00fcst d\u00fczey \u00fcretim ekipmanlar\u0131 ve \u00f6zel test sistemlerinin uygulanmas\u0131 yoluyla \u00fcretim platformunu s\u00fcrekli olarak geli\u015ftiriyor.<\/p>\n<p><img decoding=\"async\" src=\"https:\/\/www.hydraulic-cylinders.net\/wp-content\/uploads\/2025\/04\/songte-company-4.webp\" alt=\"\u015eirket Genel Bak\u0131\u015f\u0131\"><br \/>\n<img decoding=\"async\" src=\"https:\/\/www.hydraulic-cylinders.net\/wp-content\/uploads\/2025\/04\/songte-company-3.webp\" alt=\"\u00dcretim S\u00fcreci\"><\/p>\n<p>Uzmanla\u015fmaya olan ba\u011fl\u0131l\u0131\u011f\u0131m\u0131z, uluslararas\u0131 sertifikalar\u0131m\u0131z, \u00f6zelle\u015ftirilebilir hizmetlerimiz, geli\u015fmi\u015f \u00fcretim ekipmanlar\u0131m\u0131z ve ola\u011fan\u00fcst\u00fc sat\u0131\u015f sonras\u0131 deste\u011fimiz, m\u00fc\u015fterilerimizin \u00e7e\u015fitli ihtiya\u00e7lar\u0131n\u0131 etkili bir \u015fekilde kar\u015f\u0131lamam\u0131z\u0131 sa\u011flamaktad\u0131r.<\/p>\n<p>Yazar: lyl<\/p>","protected":false},"excerpt":{"rendered":"<p>Boom Cylinder For Zhenyu Small Excavator ZY330 Introduction to Boom Cylinders The Boom Cylinder is a vital component in the hydraulic system of heavy machinery, specifically designed for controlling the movement of excavator buckets. It plays a crucial role in enabling tasks such as lifting, lowering, and tilting the bucket, facilitating efficient material handling operations. [&hellip;]<\/p>","protected":false},"featured_media":17869,"comment_status":"open","ping_status":"closed","template":"","meta":{"_et_pb_use_builder":"","_et_pb_old_content":"","_et_gb_content_width":""},"product_brand":[],"product_cat":[1546],"product_tag":[1547,1496],"class_list":{"0":"post-19455","1":"product","2":"type-product","3":"status-publish","4":"has-post-thumbnail","6":"product_cat-boom-cylinders","7":"product_tag-boom-cylinders","8":"product_tag-hydraulic-cylinders","10":"first","11":"instock","12":"shipping-taxable","13":"product-type-simple"},"amp_enabled":true,"_links":{"self":[{"href":"https:\/\/www.hydraulic-cylinders.net\/tr\/wp-json\/wp\/v2\/product\/19455","targetHints":{"allow":["GET"]}}],"collection":[{"href":"https:\/\/www.hydraulic-cylinders.net\/tr\/wp-json\/wp\/v2\/product"}],"about":[{"href":"https:\/\/www.hydraulic-cylinders.net\/tr\/wp-json\/wp\/v2\/types\/product"}],"replies":[{"embeddable":true,"href":"https:\/\/www.hydraulic-cylinders.net\/tr\/wp-json\/wp\/v2\/comments?post=19455"}],"wp:featuredmedia":[{"embeddable":true,"href":"https:\/\/www.hydraulic-cylinders.net\/tr\/wp-json\/wp\/v2\/media\/17869"}],"wp:attachment":[{"href":"https:\/\/www.hydraulic-cylinders.net\/tr\/wp-json\/wp\/v2\/media?parent=19455"}],"wp:term":[{"taxonomy":"product_brand","embeddable":true,"href":"https:\/\/www.hydraulic-cylinders.net\/tr\/wp-json\/wp\/v2\/product_brand?post=19455"},{"taxonomy":"product_cat","embeddable":true,"href":"https:\/\/www.hydraulic-cylinders.net\/tr\/wp-json\/wp\/v2\/product_cat?post=19455"},{"taxonomy":"product_tag","embeddable":true,"href":"https:\/\/www.hydraulic-cylinders.net\/tr\/wp-json\/wp\/v2\/product_tag?post=19455"}],"curies":[{"name":"wp","href":"https:\/\/api.w.org\/{rel}","templated":true}]}}