{"id":19459,"date":"2025-04-07T06:48:45","date_gmt":"2025-04-07T06:48:45","guid":{"rendered":"https:\/\/www.hydraulic-cylinders.net\/product\/boom-cylinder-for-world-small-excavator-w265-8\/"},"modified":"2025-04-07T06:48:47","modified_gmt":"2025-04-07T06:48:47","slug":"boom-cylinder-for-world-small-excavator-w265-8","status":"publish","type":"product","link":"https:\/\/www.hydraulic-cylinders.net\/tr\/urun\/boom-cylinder-for-world-small-excavator-w265-8\/","title":{"rendered":"World Small Excavator W265-8 i\u00e7in Bom Silindiri"},"content":{"rendered":"<h1>World Small Excavator W265-8 i\u00e7in Bom Silindiri<\/h1>\n<h2>Bom Silindiri Nedir?<\/h2>\n<p>The Boom Cylinder, specifically designed for the World Small Excavator W265-8, is a crucial component in hydraulic systems. It is a type of hydraulic cylinder that facilitates the movement of the boom on excavators, backhoes, and front loaders. This cylinder enables the boom to lift, lower, and tilt, making it an essential tool for material handling tasks. The operation of the boom cylinder is vital in various construction and agricultural applications, as it directly affects the machine&#8217;s performance and efficiency.<\/p>\n<p><img decoding=\"async\" src=\"https:\/\/www.hydraulic-cylinders.net\/wp-content\/uploads\/2025\/04\/songte-company-1.webp\" alt=\"Bom Silindiri\" \/><\/p>\n<h2>Bom Silindirinin \u00d6zellikleri<\/h2>\n<ul>\n<li>\n<h3>Y\u00fcksek G\u00fc\u00e7 ve Dayan\u0131kl\u0131l\u0131k<\/h3>\n<p>Genellikle y\u00fcksek mukavemetli \u00e7elik veya al\u00fcminyumdan \u00fcretilen bom silindiri, y\u00fcksek bas\u0131nca ve a\u011f\u0131r y\u00fcklere dayanabilir, bu da onu zorlu \u00e7al\u0131\u015fma ortamlar\u0131 i\u00e7in uygun hale getirir. Tasar\u0131m\u0131nda a\u015f\u0131nma ve korozyon direnci de bulunur, bu da kullan\u0131m \u00f6mr\u00fcn\u00fc \u00f6nemli \u00f6l\u00e7\u00fcde uzat\u0131r.<\/p>\n<\/li>\n<li>\n<h3>Verimli Hidrolik \u00c7al\u0131\u015fma<\/h3>\n<p>Bom silindiri, d\u00fczg\u00fcn teleskopik hareket sa\u011flamak i\u00e7in hidrolik ya\u011f bas\u0131nc\u0131n\u0131 kullan\u0131r ve bu da kontrol komutlar\u0131na h\u0131zl\u0131 yan\u0131t verilmesini m\u00fcmk\u00fcn k\u0131lar. Bu \u00f6zellik, a\u011f\u0131r nesnelerin ve karma\u015f\u0131k operasyonel g\u00f6revlerin ta\u015f\u0131nmas\u0131 i\u00e7in ideal olan g\u00fc\u00e7l\u00fc itme ve \u00e7ekme kuvvetleri sa\u011flar.<\/p>\n<\/li>\n<li>\n<h3>\u00c7e\u015fitli T\u00fcrler<\/h3>\n<p>Uygulama gereksinimlerine ba\u011fl\u0131 olarak, bom silindiri tek etkili (hidrolik kuvveti tek y\u00f6nde kullanan) veya \u00e7ift etkili (hidrolik kuvveti iki y\u00f6nde kullanan) bir silindir olarak se\u00e7ilebilir. Baz\u0131 modeller teleskopiktir ve d\u0131\u015f boyutlar\u0131 art\u0131rmadan daha fazla uzama sa\u011flayarak dar alanlar i\u00e7in uygun hale gelir.<\/p>\n<\/li>\n<li>\n<h3>\u00d6zel \u00dcretim<\/h3>\n<p>Mevcut hidrolik silindirlerin yerine m\u00fckemmel \u015fekilde uyacak bom silindirleri \u00fcretme konusunda uzmanla\u015fm\u0131\u015f durumday\u0131z. \u00dcr\u00fcnlerimiz, \u00e7e\u015fitli ekskavat\u00f6r modellerinin \u00f6zel ihtiya\u00e7lar\u0131n\u0131 kar\u015f\u0131lamak \u00fczere tasarlanm\u0131\u015f olup, uyumluluk ve g\u00fcvenilirlik sa\u011flamaktad\u0131r.<\/p>\n<\/li>\n<li>\n<h3>Kalite G\u00fcvencesi<\/h3>\n<p>\u00dcretim s\u00fcre\u00e7lerimiz, s\u0131k\u0131 kalite standartlar\u0131na uygun olarak y\u00fcr\u00fct\u00fclmekte olup, \u00fcretilen her bir bom silindirinin en y\u00fcksek kalitede ve zorlu ko\u015fullar alt\u0131nda performans g\u00f6sterebilecek kapasitede olmas\u0131n\u0131 sa\u011flamaktad\u0131r.<\/p>\n<\/li>\n<\/ul>\n<p><img decoding=\"async\" src=\"https:\/\/www.hydraulic-cylinders.net\/wp-content\/uploads\/2025\/04\/songte-cylinder-head-with-all-kinds-excavator-models.webp\" alt=\"Ekskavat\u00f6r Modelleri\" \/><\/p>\n<h2>Bom Silindirinin Uygulamalar\u0131<\/h2>\n<ul>\n<li>\n<h3>\u0130n\u015faat Ekipmanlar\u0131<\/h3>\n<p>Kaz\u0131c\u0131 makinelerde bom silindiri yayg\u0131n olarak kullan\u0131l\u0131r ve kazma, y\u00fckleme ve toprak veya moloz ta\u015f\u0131ma i\u015flemlerinde kritik bir rol oynar. Kaz\u0131c\u0131 makinelerde ise bom silindiri hem kazma hem de kald\u0131rma i\u015flemlerine yard\u0131mc\u0131 olarak in\u015faat sahalar\u0131nda verimlili\u011fi en \u00fcst d\u00fczeye \u00e7\u0131kar\u0131r.<\/p>\n<\/li>\n<li>\n<h3>Tar\u0131m Makinalar\u0131<\/h3>\n<p>\u00d6n y\u00fckleyicilerde, bom silindirleri toprak, saman ve di\u011fer malzemeleri kep\u00e7elemek, kald\u0131rmak ve ta\u015f\u0131mak i\u00e7in kullan\u0131l\u0131r. Verimli \u00e7al\u0131\u015fmalar\u0131, etkili \u00e7iftlik y\u00f6netimi i\u00e7in gerekli olan h\u0131zl\u0131 manevra kabiliyetini sa\u011flar.<\/p>\n<\/li>\n<li>\n<h3>Ekskavat\u00f6rler<\/h3>\n<p>Kaz\u0131c\u0131lar, topra\u011f\u0131 delmek ve kazma i\u015flemlerini kolayla\u015ft\u0131rmak i\u00e7in bom silindirine g\u00fcvenirler. Bom silindirinin hidrolik \u00f6zellikleri, kaz\u0131c\u0131n\u0131n derin kazma i\u015flerini verimli bir \u015fekilde ger\u00e7ekle\u015ftirmesini sa\u011flar.<\/p>\n<\/li>\n<li>\n<h3>Y\u00fckleyiciler<\/h3>\n<p>\u00d6n y\u00fckleyicilerde, bom silindiri y\u00fcklerin etkili bir \u015fekilde kald\u0131r\u0131lmas\u0131na ve bo\u015falt\u0131lmas\u0131na yard\u0131mc\u0131 olur. Tasar\u0131m\u0131, optimum kontrol sa\u011flayarak malzemelerin ihtiya\u00e7 duyulan yere hassas bir \u015fekilde yerle\u015ftirilmesini garanti eder.<\/p>\n<\/li>\n<\/ul>\n<h2>Tasar\u0131m Hususlar\u0131 ve Se\u00e7im Kriterleri<\/h2>\n<ul>\n<li>\n<h3>Y\u00fck Kapasitesi<\/h3>\n<p>Bom silindiri se\u00e7erken, y\u00fck ta\u015f\u0131ma kapasitesini dikkate almak \u00e7ok \u00f6nemlidir. Bu, silindirin \u00e7al\u0131\u015fma s\u0131ras\u0131nda kar\u015f\u0131la\u015faca\u011f\u0131 maksimum a\u011f\u0131rl\u0131\u011f\u0131 kald\u0131rabilmesini sa\u011flar. Y\u00fcksek y\u00fck ta\u015f\u0131ma kapasitesi yaln\u0131zca verimlili\u011fi art\u0131rmakla kalmaz, ayn\u0131 zamanda ekipman ar\u0131zas\u0131 riskini de en aza indirir.<\/p>\n<\/li>\n<li>\n<h3>S\u0131zd\u0131rmazl\u0131k<\/h3>\n<p>Bom silindirinin s\u0131zd\u0131rmazl\u0131k performans\u0131, \u00e7al\u0131\u015fmas\u0131 i\u00e7in kritik \u00f6neme sahiptir. Uygun contalar, hidrolik s\u0131v\u0131 s\u0131z\u0131nt\u0131s\u0131n\u0131 \u00f6nleyerek silindirin verimlili\u011fini korumas\u0131n\u0131 sa\u011flar. Contalar, \u00e7al\u0131\u015fma ko\u015fullar\u0131na uygun olarak dikkatlice se\u00e7ilmeli ve b\u00fct\u00fcnl\u00fcklerini sa\u011flamak i\u00e7in d\u00fczenli bak\u0131m gereklidir.<\/p>\n<\/li>\n<li>\n<h3>Dayan\u0131kl\u0131l\u0131k<\/h3>\n<p>Bom silindirlerinin tasar\u0131m\u0131nda dayan\u0131kl\u0131l\u0131k \u00e7ok \u00f6nemli bir fakt\u00f6rd\u00fcr. A\u015f\u0131r\u0131 ko\u015fullara maruz kald\u0131klar\u0131 i\u00e7in sa\u011flam malzemeler ve yap\u0131m y\u00f6ntemleri kullan\u0131lmal\u0131d\u0131r. Dayan\u0131kl\u0131 bir silindir, a\u015f\u0131nmaya ve y\u0131pranmaya kar\u015f\u0131 diren\u00e7 g\u00f6stererek kullan\u0131m \u00f6mr\u00fcn\u00fc uzat\u0131r ve bak\u0131m maliyetlerini d\u00fc\u015f\u00fcr\u00fcr.<\/p>\n<\/li>\n<li>\n<h3>Emniyet<\/h3>\n<p>Bom silindirinin tasar\u0131m\u0131nda g\u00fcvenlik \u00f6zellikleri son derece \u00f6nemlidir. Bunlar, hem operat\u00f6r\u00fc hem de makineyi koruyacak \u015fekilde a\u015f\u0131r\u0131 uzamay\u0131 veya ar\u0131zay\u0131 \u00f6nleyen mekanizmalar\u0131 i\u00e7ermelidir. \u0130\u015flevselli\u011fin sa\u011flanmas\u0131 i\u00e7in d\u00fczenli g\u00fcvenlik kontrolleri de \u00e7ok \u00f6nemlidir.<\/p>\n<\/li>\n<li>\n<h3>Bak\u0131m<\/h3>\n<p>Bom silindiri se\u00e7erken bak\u0131m kolayl\u0131\u011f\u0131 \u00f6nemli bir husustur. Par\u00e7alara kolay eri\u015fim sa\u011flayan, inceleme, ya\u011flama ve de\u011fi\u015ftirme i\u015flemlerini kolayla\u015ft\u0131ran tasar\u0131mlar, uzun vadede zaman ve kaynak tasarrufu sa\u011flayacakt\u0131r.<\/p>\n<\/li>\n<\/ul>\n<p><img decoding=\"async\" src=\"https:\/\/www.hydraulic-cylinders.net\/wp-content\/uploads\/2025\/04\/songte-oil-pipes-and-spare-parts.webp\" alt=\"Petrol Borular\u0131 ve Yedek Par\u00e7alar\u0131\" \/><\/p>\n<h2>Silindirin S\u0131zd\u0131rmazl\u0131\u011f\u0131 ve Ya\u011flanmas\u0131<\/h2>\n<p>Bom silindirinin s\u0131zd\u0131rmazl\u0131\u011f\u0131 ve ya\u011flanmas\u0131, optimum performans i\u00e7in \u00e7ok \u00f6nemlidir. Hidrolik s\u0131v\u0131 s\u0131z\u0131nt\u0131lar\u0131n\u0131 \u00f6nlemek i\u00e7in piston contalar\u0131 ve mil contalar\u0131 gibi \u00e7e\u015fitli contalar kullan\u0131l\u0131r. Poli\u00fcretan ve nitril kau\u00e7uk gibi dayan\u0131kl\u0131 malzemelerden yap\u0131lm\u0131\u015f contalar, uzun \u00f6m\u00fcrl\u00fcl\u00fck i\u00e7in gereklidir. Silindir g\u00f6vdesinin ve di\u015fli u\u00e7lar\u0131n\u0131n y\u00fczeyleri, a\u015f\u0131nma direncini art\u0131rmak i\u00e7in hassas bir \u015fekilde i\u015flenir. Sorunsuz \u00e7al\u0131\u015fmay\u0131 s\u00fcrd\u00fcrmek ve s\u00fcrt\u00fcnmeye ba\u011fl\u0131 hasar\u0131 \u00f6nlemek i\u00e7in uygun hidrolik ya\u011f ile d\u00fczenli ya\u011flama gereklidir.<\/p>\n<h2>D\u00fczenli Muayene ve \u00d6nleyici Bak\u0131m<\/h2>\n<ul>\n<li>\n<h3>D\u00fczenli Denetimler<\/h3>\n<p>Bom silindirinin d\u00fczenli olarak kontrol edilmesi, a\u015f\u0131nma veya hasar belirtilerini tespit etmek i\u00e7in hayati \u00f6nem ta\u015f\u0131r. S\u0131z\u0131nt\u0131lara, ola\u011fand\u0131\u015f\u0131 seslere ve d\u00fczensiz hareketlere dikkat edin. Sorunlar\u0131n erken tespiti, \u00f6nemli ar\u0131zalar\u0131 ve maliyetli onar\u0131mlar\u0131 \u00f6nleyebilir.<\/p>\n<\/li>\n<li>\n<h3>Uygun Ya\u011flama<\/h3>\n<p>A\u015f\u0131nmay\u0131 en aza indirmek ve sorunsuz \u00e7al\u0131\u015fmay\u0131 kolayla\u015ft\u0131rmak i\u00e7in silindirin do\u011fru hidrolik ya\u011f ile yeterince ya\u011fland\u0131\u011f\u0131ndan emin olun. Kullan\u0131m s\u0131kl\u0131\u011f\u0131na ve \u00e7al\u0131\u015fma ko\u015fullar\u0131na ba\u011fl\u0131 olarak bir ya\u011flama program\u0131 olu\u015fturun.<\/p>\n<\/li>\n<li>\n<h3>Conta De\u011fi\u015fimi ve Kalibrasyon Kontrolleri<\/h3>\n<p>Regularly check and replace seals as needed to maintain the hydraulic system&#8217;s integrity. Calibration checks ensure that the cylinder operates within the specified parameters, which enhances performance and safety.<\/p>\n<\/li>\n<\/ul>\n<h2>Kurulum Talimatlar\u0131<\/h2>\n<p>Installing a boom cylinder requires careful attention to detail to ensure proper functionality. Begin by ensuring that all necessary tools and equipment are on hand. Align the cylinder correctly with the mounting brackets, using appropriate installation supports to prevent misalignment. Torque the bolts to the manufacturer&#8217;s specifications to ensure a secure fit. After installation, perform a thorough inspection to confirm that all connections are tight and that there are no leaks. Follow up with a functional test to ensure smooth operation before putting the machinery into active use.<\/p>\n<h2>Yayg\u0131n Bak\u0131m G\u00f6revleri<\/h2>\n<ul>\n<li>\n<h3>D\u00fczenli Denetimler<\/h3>\n<p>Potansiyel sorunlar\u0131 erken tespit etmek i\u00e7in d\u00fczenli kontroller \u00e7ok \u00f6nemlidir. A\u015f\u0131nma, s\u0131z\u0131nt\u0131 ve genel i\u015flevsellik belirtilerini kontrol edin. Planl\u0131 kontroller, maliyetli onar\u0131mlar\u0131 ve ar\u0131za s\u00fcrelerini \u00f6nleyebilir.<\/p>\n<\/li>\n<li>\n<h3>Uygun Ya\u011flama<\/h3>\n<p>Lubricate the boom cylinder as part of a routine maintenance schedule. Proper lubrication reduces friction and wear, prolonging the cylinder&#8217;s lifespan.<\/p>\n<\/li>\n<li>\n<h3>Conta De\u011fi\u015fimi ve Kalibrasyon Kontrolleri<\/h3>\n<p>S\u0131zd\u0131rmazl\u0131k elemanlar\u0131n\u0131n rutin kontrol\u00fc hidrolik b\u00fct\u00fcnl\u00fc\u011f\u00fcn sa\u011flanmas\u0131n\u0131 garanti eder. S\u0131z\u0131nt\u0131lar\u0131 \u00f6nlemek i\u00e7in a\u015f\u0131nm\u0131\u015f contalar\u0131 derhal de\u011fi\u015ftirin ve silindirin istenen \u00f6zellikler dahilinde \u00e7al\u0131\u015ft\u0131\u011f\u0131n\u0131 do\u011frulamak i\u00e7in kalibrasyonunu yap\u0131n.<\/p>\n<\/li>\n<\/ul>\n<p><img decoding=\"async\" src=\"https:\/\/www.hydraulic-cylinders.net\/wp-content\/uploads\/2025\/04\/songte-chushion-collar.webp\" alt=\"Yast\u0131k Yaka\" \/><\/p>\n<h2>G\u00fcvenlik Hususlar\u0131 ve \u00c7evresel Fakt\u00f6rler<\/h2>\n<p>Hidrolik sistemlerle \u00e7al\u0131\u015f\u0131rken g\u00fcvenlik \u00f6nlemleri son derece \u00f6nemlidir. T\u00fcm operat\u00f6rlerin makine ve hidrolik s\u0131v\u0131lar\u0131n g\u00fcvenli kullan\u0131m\u0131 konusunda e\u011fitildi\u011finden emin olunmal\u0131d\u0131r. Her zaman uygun g\u00fcvenlik ekipmanlar\u0131 giyilmelidir. Hidrolik s\u0131v\u0131 d\u00f6k\u00fclmeleri gibi \u00e7evresel etkilerin fark\u0131nda olmak \u00e7ok \u00f6nemlidir. D\u00fczenli bak\u0131m, s\u0131z\u0131nt\u0131lar\u0131 \u00f6nleyerek \u00e7evreyi korur ve g\u00fcvenli \u00e7al\u0131\u015fmay\u0131 sa\u011flar.<\/p>\n<h2>Ar\u0131za Te\u015fhisi ve Yayg\u0131n Sorunlar<\/h2>\n<ul>\n<li>\n<h3>Hidrolik S\u0131z\u0131nt\u0131lar<\/h3>\n<p>S\u0131z\u0131nt\u0131lar genellikle a\u015f\u0131nm\u0131\u015f contalar\u0131 veya hasar g\u00f6rm\u00fc\u015f borular\u0131 g\u00f6sterir. Contalar\u0131 d\u00fczenli olarak a\u015f\u0131nma a\u00e7\u0131s\u0131ndan kontrol edin ve gerekti\u011finde de\u011fi\u015ftirin. Bir s\u0131z\u0131nt\u0131 meydana gelirse, kayna\u011f\u0131n\u0131 h\u0131zl\u0131ca belirleyin ve daha fazla hasar\u0131 \u00f6nlemek i\u00e7in sorunu \u00e7\u00f6z\u00fcn.<\/p>\n<\/li>\n<li>\n<h3>Tepkisiz Silindir<\/h3>\n<p>Silindir tepkisiz veya yava\u015f \u00e7al\u0131\u015f\u0131yorsa, hidrolik s\u0131v\u0131 seviyelerini ve filtre durumunu kontrol edin. Sistemde s\u0131k\u0131\u015fan hava da tepki sorunlar\u0131na neden olabilir ve bu durumda sistemin havas\u0131n\u0131n al\u0131nmas\u0131 gerekir.<\/p>\n<\/li>\n<li>\n<h3>A\u015f\u0131r\u0131 \u0131s\u0131nma<\/h3>\n<p>A\u015f\u0131r\u0131 y\u00fcklenme veya d\u00fc\u015f\u00fck s\u0131v\u0131 seviyeleri a\u015f\u0131r\u0131 \u0131s\u0131nmaya neden olabilir. \u00c7al\u0131\u015fma ko\u015fullar\u0131n\u0131 izleyin ve sistemin a\u015f\u0131r\u0131 y\u00fcklenmedi\u011finden emin olun. So\u011futmay\u0131 kolayla\u015ft\u0131rmak i\u00e7in yeterli s\u0131v\u0131 seviyelerini koruyun.<\/p>\n<\/li>\n<\/ul>\n<h2>Sorun \u00c7\u00f6z\u00fcm\u00fc \u0130\u00e7in \u0130pu\u00e7lar\u0131<\/h2>\n<p>Silindirle ilgili sorunlar\u0131 etkili bir \u015fekilde te\u015fhis etmek ve \u00e7\u00f6zmek i\u00e7in sistematik bir yakla\u015f\u0131m benimsemek \u00f6nemlidir. Potansiyel sorunlar\u0131 b\u00fcy\u00fcmeden \u00f6nce belirlemek i\u00e7in d\u00fczenli kontroller ve bak\u0131m uygulamalar\u0131yla ba\u015flay\u0131n. Tekrarlayan sorunlar\u0131 takip etmek i\u00e7in bak\u0131m faaliyetlerinin kayd\u0131n\u0131 tutun. Silindir \u00fczerindeki a\u015f\u0131nmay\u0131 en aza indirmek i\u00e7in do\u011fru y\u00fckleme teknikleri ve yeterli ya\u011flama sa\u011flamak gibi \u00f6nleyici tedbirler uygulay\u0131n.<\/p>\n<p><img decoding=\"async\" src=\"https:\/\/www.hydraulic-cylinders.net\/wp-content\/uploads\/2025\/04\/songte-bushings-with-all-kinds-of-excavator-models.webp\" alt=\"Ekskavat\u00f6r Modelleri i\u00e7in Bur\u00e7lar\" \/><\/p>\n<h2>\u015eirketimiz Hakk\u0131nda<\/h2>\n<p>We are a leading manufacturer of replacement hydraulic cylinders, offering a comprehensive range of products for both domestic and international markets. Our commitment to quality is reflected in our meticulous manufacturing processes, supported by advanced technology and a skilled workforce. We emphasize excellence in production management, ensuring that we meet our customers&#8217; diverse needs with high efficiency, precision, and quality.<\/p>\n<p><img decoding=\"async\" src=\"https:\/\/www.hydraulic-cylinders.net\/wp-content\/uploads\/2025\/04\/songte-company-4.webp\" alt=\"\u015eirket G\u00f6rseli 1\" \/><br \/>\n<img decoding=\"async\" src=\"https:\/\/www.hydraulic-cylinders.net\/wp-content\/uploads\/2025\/04\/songte-company-3.webp\" alt=\"\u015eirket G\u00f6rseli 2\" \/><\/p>\n<h2>\u00c7\u00f6z\u00fcm<\/h2>\n<p>Profesyonelli\u011fe, uluslararas\u0131 sertifikalara, \u00f6zel hizmetlere, geli\u015fmi\u015f \u00fcretim ekipmanlar\u0131na ve ola\u011fan\u00fcst\u00fc sat\u0131\u015f sonras\u0131 deste\u011fe odaklanarak, m\u00fc\u015fterilerimize en iyi hidrolik \u00e7\u00f6z\u00fcmleri sunmak i\u00e7in \u00e7al\u0131\u015f\u0131yoruz.<\/p>\n<p>Yazar: lyl<\/p>","protected":false},"excerpt":{"rendered":"<p>Boom Cylinder For World Small Excavator W265-8 What is a Boom Cylinder? The Boom Cylinder, specifically designed for the World Small Excavator W265-8, is a crucial component in hydraulic systems. It is a type of hydraulic cylinder that facilitates the movement of the boom on excavators, backhoes, and front loaders. This cylinder enables the boom [&hellip;]<\/p>","protected":false},"featured_media":17873,"comment_status":"open","ping_status":"closed","template":"","meta":{"_et_pb_use_builder":"","_et_pb_old_content":"","_et_gb_content_width":""},"product_brand":[],"product_cat":[1546],"product_tag":[1547,1496],"class_list":{"0":"post-19459","1":"product","2":"type-product","3":"status-publish","4":"has-post-thumbnail","6":"product_cat-boom-cylinders","7":"product_tag-boom-cylinders","8":"product_tag-hydraulic-cylinders","10":"first","11":"instock","12":"shipping-taxable","13":"product-type-simple"},"amp_enabled":true,"_links":{"self":[{"href":"https:\/\/www.hydraulic-cylinders.net\/tr\/wp-json\/wp\/v2\/product\/19459","targetHints":{"allow":["GET"]}}],"collection":[{"href":"https:\/\/www.hydraulic-cylinders.net\/tr\/wp-json\/wp\/v2\/product"}],"about":[{"href":"https:\/\/www.hydraulic-cylinders.net\/tr\/wp-json\/wp\/v2\/types\/product"}],"replies":[{"embeddable":true,"href":"https:\/\/www.hydraulic-cylinders.net\/tr\/wp-json\/wp\/v2\/comments?post=19459"}],"wp:featuredmedia":[{"embeddable":true,"href":"https:\/\/www.hydraulic-cylinders.net\/tr\/wp-json\/wp\/v2\/media\/17873"}],"wp:attachment":[{"href":"https:\/\/www.hydraulic-cylinders.net\/tr\/wp-json\/wp\/v2\/media?parent=19459"}],"wp:term":[{"taxonomy":"product_brand","embeddable":true,"href":"https:\/\/www.hydraulic-cylinders.net\/tr\/wp-json\/wp\/v2\/product_brand?post=19459"},{"taxonomy":"product_cat","embeddable":true,"href":"https:\/\/www.hydraulic-cylinders.net\/tr\/wp-json\/wp\/v2\/product_cat?post=19459"},{"taxonomy":"product_tag","embeddable":true,"href":"https:\/\/www.hydraulic-cylinders.net\/tr\/wp-json\/wp\/v2\/product_tag?post=19459"}],"curies":[{"name":"wp","href":"https:\/\/api.w.org\/{rel}","templated":true}]}}