{"id":19463,"date":"2025-04-07T06:48:56","date_gmt":"2025-04-07T06:48:56","guid":{"rendered":"https:\/\/www.hydraulic-cylinders.net\/product\/boom-cylinder-for-world-middle-excavator-w2215-8\/"},"modified":"2025-04-07T06:48:59","modified_gmt":"2025-04-07T06:48:59","slug":"boom-cylinder-for-world-middle-excavator-w2215-8","status":"publish","type":"product","link":"https:\/\/www.hydraulic-cylinders.net\/tr\/urun\/boom-cylinder-for-world-middle-excavator-w2215-8\/","title":{"rendered":"World Middle W2215-8 Ekskavat\u00f6r i\u00e7in Bom Silindiri"},"content":{"rendered":"<h1>World Middle W2215-8 Ekskavat\u00f6r i\u00e7in Bom Silindiri<\/h1>\n<h2>Bom Silindirine Genel Bak\u0131\u015f<\/h2>\n<p>Bom silindiri, ekskavat\u00f6rler, beko y\u00fckleyiciler ve \u00f6n y\u00fckleyiciler gibi \u00e7e\u015fitli a\u011f\u0131r makinelerde kep\u00e7elerin hareketini kontrol etmek i\u00e7in \u00f6zel olarak tasarlanm\u0131\u015f, hidrolik sistemlerde \u00e7ok \u00f6nemli bir bile\u015fendir. Bu hidrolik silindir, kep\u00e7enin kalkmas\u0131n\u0131, inmesini ve e\u011filmesini sa\u011flayarak verimli malzeme ta\u015f\u0131ma i\u015flemlerini kolayla\u015ft\u0131r\u0131r. Esasen, bom silindiri hidrolik bas\u0131nc\u0131 do\u011frusal harekete d\u00f6n\u00fc\u015ft\u00fcrerek operat\u00f6rlerin karma\u015f\u0131k kazma, y\u00fckleme ve kald\u0131rma i\u015flemlerini hassasiyet ve kolayl\u0131kla ger\u00e7ekle\u015ftirmelerini sa\u011flar.<\/p>\n<p><img decoding=\"async\" src=\"https:\/\/www.hydraulic-cylinders.net\/wp-content\/uploads\/2025\/04\/songte-company-1.webp\" alt=\"Bom Silindiri\" \/><\/p>\n<h2>Bom Silindirinin \u00d6zellikleri<\/h2>\n<ul>\n<li>\n<h3>Y\u00fcksek G\u00fc\u00e7 ve Dayan\u0131kl\u0131l\u0131k<\/h3>\n<p>Y\u00fcksek mukavemetli \u00e7elik veya al\u00fcminyumdan \u00fcretilen bom silindirleri, zorlu \u00e7al\u0131\u015fma ortamlar\u0131nda y\u00fcksek bas\u0131nca ve a\u011f\u0131r y\u00fcklere dayanacak \u015fekilde tasarlanm\u0131\u015ft\u0131r. Yap\u0131lar\u0131, a\u015f\u0131nma direnci ve korozyon korumas\u0131na odaklanarak kullan\u0131m \u00f6mr\u00fcn\u00fc \u00f6nemli \u00f6l\u00e7\u00fcde uzat\u0131r.<\/p>\n<\/li>\n<li>\n<h3>Verimli Hidrolik \u00c7al\u0131\u015fma<\/h3>\n<p>Bom silindiri, d\u00fczg\u00fcn uzatma ve geri \u00e7ekme hareketleri sa\u011flamak i\u00e7in hidrolik ya\u011f bas\u0131nc\u0131n\u0131 kullan\u0131r. Bu, kontrol komutlar\u0131na h\u0131zl\u0131 yan\u0131t verilmesini sa\u011flayarak g\u00fc\u00e7l\u00fc itme ve \u00e7ekme kuvveti sunar ve a\u011f\u0131r malzemelerin ta\u015f\u0131nmas\u0131 ve karma\u015f\u0131k operasyonel g\u00f6revler i\u00e7in idealdir.<\/p>\n<\/li>\n<li>\n<h3>\u00c7e\u015fitli T\u00fcrler<\/h3>\n<p>\u00c7e\u015fitli konfig\u00fcrasyonlarda bulunan bom silindirleri, farkl\u0131 \u00e7al\u0131\u015fma ihtiya\u00e7lar\u0131n\u0131 kar\u015f\u0131lamak \u00fczere tek etkili (tek y\u00f6nde \u00e7al\u0131\u015fan) veya \u00e7ift etkili (iki y\u00f6nde \u00e7al\u0131\u015fan) olarak se\u00e7ilebilir. Baz\u0131 modellerde teleskopik tasar\u0131mlar bulunur; bu da d\u0131\u015f boyutlar\u0131 art\u0131rmadan daha fazla uzatmaya olanak tan\u0131r ve alan k\u0131s\u0131tlamal\u0131 uygulamalar i\u00e7in uygundur.<\/p>\n<\/li>\n<\/ul>\n<h2>\u00dcretim Yetenekleri<\/h2>\n<p>Firmam\u0131z bom silindirleri \u00fcretiminde uzmanla\u015fm\u0131\u015ft\u0131r ve \u00fcr\u00fcnlerimizin \u00e7e\u015fitli uygulamalarda mevcut hidrolik silindirlerin yerini m\u00fckemmel bir \u015fekilde alabilmesini sa\u011flamaktad\u0131r.<\/p>\n<p><img decoding=\"async\" src=\"https:\/\/www.hydraulic-cylinders.net\/wp-content\/uploads\/2025\/04\/songte-cylinder-head-with-all-kinds-excavator-models.webp\" alt=\"Ekskavat\u00f6r Modelleri\" \/><\/p>\n<h2>Bom Silindirlerinin Uygulamalar\u0131<\/h2>\n<ul>\n<li>\n<h3>\u0130n\u015faat Ekipmanlar\u0131<\/h3>\n<p>Ekskavat\u00f6rlerde, bom silindirleri topra\u011f\u0131 veya molozu kazmada, y\u00fcklemede ve ta\u015f\u0131mada hayati bir rol oynar. Kep\u00e7enin a\u00e7\u0131s\u0131n\u0131 ve derinli\u011fini kontrol etme yetenekleri, verimli kaz\u0131 s\u00fcre\u00e7lerine olanak tan\u0131r. Kaz\u0131c\u0131 y\u00fckleyicilerde ise bu silindirler sadece kazmaya de\u011fil, ayn\u0131 zamanda malzemeleri kald\u0131rmaya da yard\u0131mc\u0131 olarak in\u015faat sahalar\u0131ndaki genel verimlili\u011fi art\u0131r\u0131r.<\/p>\n<\/li>\n<li>\n<h3>Tar\u0131m Makinalar\u0131<\/h3>\n<p>\u00d6n y\u00fckleyicilerde kullan\u0131lan bom silindirleri, toprak, saman ve di\u011fer malzemelerin kep\u00e7elenmesi, kald\u0131r\u0131lmas\u0131 ve ta\u015f\u0131nmas\u0131 i\u00e7in hayati \u00f6neme sahiptir. G\u00fcvenilir performanslar\u0131, tar\u0131m \u00fcr\u00fcnlerinin h\u0131zl\u0131 bir \u015fekilde i\u015flenmesine olanak sa\u011flayarak verimli tar\u0131m faaliyetlerine katk\u0131da bulunur.<\/p>\n<\/li>\n<li>\n<h3>Kaz\u0131<\/h3>\n<p>Bom silindirleri, ekskavat\u00f6rlerin topra\u011fa etkili bir \u015fekilde n\u00fcfuz etmesini sa\u011flayarak kazma i\u015flemini kolayla\u015ft\u0131r\u0131r. Bu \u00f6zellik, temel atma, peyzaj d\u00fczenlemesi ve altyap\u0131 kurulumu gibi hassas kaz\u0131 gerektiren \u00e7e\u015fitli kaz\u0131 projeleri i\u00e7in \u00e7ok \u00f6nemlidir.<\/p>\n<\/li>\n<li>\n<h3>Y\u00fckleyiciler<\/h3>\n<p>\u00d6n y\u00fckleyicilerde, bom silindirleri malzemelerin verimli bir \u015fekilde kald\u0131r\u0131lmas\u0131na ve bo\u015falt\u0131lmas\u0131na yard\u0131mc\u0131 olur. Tasar\u0131mlar\u0131, y\u00fcklerin g\u00fcvenli bir \u015fekilde kald\u0131r\u0131l\u0131p e\u011filebilmesini sa\u011flayarak, \u015fantiyelerdeki malzeme ta\u015f\u0131ma g\u00f6revlerinde daha fazla \u00e7ok y\u00f6nl\u00fcl\u00fck sunar.<\/p>\n<\/li>\n<\/ul>\n<h2>Bom Silindirleri \u0130\u00e7in Tasar\u0131m Hususlar\u0131<\/h2>\n<ul>\n<li>\n<h3>Y\u00fck Kapasitesi<\/h3>\n<p>Tasar\u0131mda dikkate al\u0131nmas\u0131 gereken en \u00f6nemli unsurlardan biri bom silindirinin y\u00fck ta\u015f\u0131ma kapasitesidir. Her silindir, g\u00fcvenlik veya performanstan \u00f6d\u00fcn vermeden beklenen maksimum y\u00fck\u00fc kald\u0131racak \u015fekilde tasarlanmal\u0131d\u0131r. Uygun y\u00fck ta\u015f\u0131ma kapasitesinin hesaplanmas\u0131, malzemelerin a\u011f\u0131rl\u0131\u011f\u0131n\u0131n, \u00e7al\u0131\u015fma ortam\u0131n\u0131n ve makinenin kullan\u0131m amac\u0131n\u0131n de\u011ferlendirilmesini i\u00e7erir. Y\u00fcksek kapasiteli silindirler, a\u015f\u0131r\u0131 ko\u015fullar alt\u0131nda ar\u0131zay\u0131 \u00f6nlemek ve operasyonlar s\u0131ras\u0131nda g\u00fcvenilirlik ve g\u00fcvenli\u011fi sa\u011flamak i\u00e7in sa\u011flam malzemelerden \u00fcretilmelidir.<\/p>\n<\/li>\n<li>\n<h3>S\u0131zd\u0131rmazl\u0131k Performans\u0131<\/h3>\n<p>Hidrolik sistemlerde s\u0131z\u0131nt\u0131lar\u0131 \u00f6nlemek ve bas\u0131nc\u0131 korumak i\u00e7in etkili s\u0131zd\u0131rmazl\u0131k \u00e7ok \u00f6nemlidir. Bom silindirleri, dayan\u0131kl\u0131l\u0131\u011f\u0131 ve a\u015f\u0131nmaya kar\u015f\u0131 direnci art\u0131rmak i\u00e7in poli\u00fcretan veya nitril kau\u00e7uk gibi malzemeler kullanan geli\u015fmi\u015f s\u0131zd\u0131rmazl\u0131k teknolojileriyle tasarlanm\u0131\u015ft\u0131r. Tasar\u0131m, contalar\u0131n de\u011fi\u015fen s\u0131cakl\u0131klar, bas\u0131n\u00e7lar ve hidrolik s\u0131v\u0131lara maruz kalma ko\u015fullar\u0131nda etkili kalmas\u0131n\u0131 sa\u011flamal\u0131d\u0131r. Contalar\u0131n sa\u011flam kalmas\u0131n\u0131 sa\u011flamak i\u00e7in d\u00fczenli bak\u0131m ve kontroller \u015fartt\u0131r, \u00e7\u00fcnk\u00fc herhangi bir bozulma performans sorunlar\u0131na ve artan i\u015fletme maliyetlerine yol a\u00e7abilir.<\/p>\n<\/li>\n<li>\n<h3>Dayan\u0131kl\u0131l\u0131k<\/h3>\n<p>Bom silindirlerinin tasar\u0131m\u0131nda dayan\u0131kl\u0131l\u0131k \u00f6nemli bir fakt\u00f6rd\u00fcr. A\u015f\u0131nd\u0131r\u0131c\u0131 par\u00e7ac\u0131klara, a\u015f\u0131r\u0131 s\u0131cakl\u0131klara ve a\u015f\u0131nd\u0131r\u0131c\u0131 maddelere maruz kalma da dahil olmak \u00fczere zorlu \u00e7al\u0131\u015fma ko\u015fullar\u0131na dayanmalar\u0131 gerekir. \u00dcreticiler, y\u00fczey sertli\u011fini ve korozyon direncini art\u0131rmak i\u00e7in genellikle sert krom kaplama ve \u00f6zel kaplamalar gibi \u00f6zellikler eklerler. Dayan\u0131kl\u0131l\u0131\u011fa verilen bu \u00f6nem, silindirlerin \u00f6mr\u00fcn\u00fc uzatmakla kalmaz, ayn\u0131 zamanda onar\u0131m ve de\u011fi\u015ftirme s\u0131kl\u0131\u011f\u0131n\u0131 da azaltarak operat\u00f6rler i\u00e7in maliyet tasarrufu sa\u011flar.<\/p>\n<\/li>\n<li>\n<h3>G\u00fcvenlik \u00d6zellikleri<\/h3>\n<p>Hidrolik bile\u015fenlerin tasar\u0131m\u0131nda g\u00fcvenlik en \u00f6nemli unsurdur. Bom silindirleri, a\u015f\u0131r\u0131 bas\u0131n\u00e7lanmay\u0131 ve olas\u0131 ar\u0131zalar\u0131 \u00f6nlemeye yard\u0131mc\u0131 olan bas\u0131n\u00e7 tahliye vanalar\u0131 gibi \u00f6zelliklerle donat\u0131lm\u0131\u015ft\u0131r. Tasar\u0131mda ayr\u0131ca, beklenmedik darbelere veya y\u00fcklere dayanabilmesi i\u00e7in silindirin genel yap\u0131sal b\u00fct\u00fcnl\u00fc\u011f\u00fc de dikkate al\u0131nmal\u0131d\u0131r. D\u00fczenli denetimler ve g\u00fcvenlik protokollerine uyulmas\u0131, hidrolik ekipman ar\u0131zalar\u0131yla ili\u015fkili riskleri azaltmaya ve \u00e7e\u015fitli uygulamalarda g\u00fcvenli \u00e7al\u0131\u015fmay\u0131 sa\u011flamaya yard\u0131mc\u0131 olabilir.<\/p>\n<\/li>\n<li>\n<h3>Bak\u0131m Kolayl\u0131\u011f\u0131<\/h3>\n<p>Bom silindirlerinin bak\u0131m kolayl\u0131\u011f\u0131 sa\u011flayacak \u015fekilde tasarlanmas\u0131, operasyonel verimlili\u011fi b\u00fcy\u00fck \u00f6l\u00e7\u00fcde art\u0131rabilir. Kolay eri\u015filebilir gres nipelleri ve mod\u00fcler bile\u015fenler gibi \u00f6zellikler, daha h\u0131zl\u0131 servis ve de\u011fi\u015ftirme imkan\u0131 sa\u011flar. \u0130yi d\u00fc\u015f\u00fcn\u00fclm\u00fc\u015f bir tasar\u0131m, rutin bak\u0131m i\u015flemlerini kolayla\u015ft\u0131rarak ar\u0131za s\u00fcrelerini azalt\u0131r ve verimlili\u011fi art\u0131r\u0131r. \u00dcreticiler ayr\u0131ca, operat\u00f6rlerin ekipmanlar\u0131na etkili bir \u015fekilde bakabilmelerini sa\u011flamak i\u00e7in bak\u0131m prosed\u00fcrlerine ili\u015fkin a\u00e7\u0131k y\u00f6nergeler ve dok\u00fcmantasyon sa\u011flamal\u0131d\u0131r.<\/p>\n<\/li>\n<\/ul>\n<p><img decoding=\"async\" src=\"https:\/\/www.hydraulic-cylinders.net\/wp-content\/uploads\/2025\/04\/songte-oil-pipes-and-spare-parts.webp\" alt=\"Petrol Borular\u0131 ve Yedek Par\u00e7alar\u0131\" \/><\/p>\n<h2>Bom Silindirlerinin S\u0131zd\u0131rmazl\u0131\u011f\u0131 ve Ya\u011flanmas\u0131<\/h2>\n<p>Bom silindirlerinin optimum performans\u0131 i\u00e7in uygun s\u0131zd\u0131rmazl\u0131k ve ya\u011flama hayati \u00f6nem ta\u015f\u0131r. Piston contalar\u0131 ve mil contalar\u0131 gibi \u00e7e\u015fitli s\u0131zd\u0131rmazl\u0131k bile\u015fenleri, s\u0131z\u0131nt\u0131lar\u0131 \u00f6nlemek ve bas\u0131nc\u0131 korumak i\u00e7in \u00e7ok \u00f6nemlidir. Poli\u00fcretan ve nitril kau\u00e7uk gibi s\u0131zd\u0131rmazl\u0131k malzemelerinin se\u00e7imi, y\u00fcksek bas\u0131n\u00e7l\u0131 ortamlarda gerekli olan dayan\u0131kl\u0131l\u0131\u011f\u0131 ve a\u015f\u0131nmaya kar\u015f\u0131 direnci sa\u011flar. Ek olarak, silindir g\u00f6vdesi ve di\u015fli u\u00e7 y\u00fczeyleri, a\u015f\u0131nma direncini art\u0131rmak i\u00e7in ince bir \u015fekilde i\u015flenir.<\/p>\n<p>Hidrolik sistemin sorunsuz \u00e7al\u0131\u015fmas\u0131 ve hareketli par\u00e7alar aras\u0131ndaki s\u00fcrt\u00fcnmenin azalt\u0131lmas\u0131 i\u00e7in d\u00fczenli hidrolik ya\u011flama gereklidir. Operat\u00f6rler, optimum performans\u0131 korumak i\u00e7in ya\u011f seviyelerini izlemeli ve gerekti\u011finde ya\u011f eklemelidir. D\u00fczenli bir ya\u011flama program\u0131 uygulamak, hidrolik sistemin \u00f6mr\u00fcn\u00fc \u00f6nemli \u00f6l\u00e7\u00fcde uzatabilir ve ihmalden kaynaklanan maliyetli onar\u0131mlar\u0131 \u00f6nleyebilir.<\/p>\n<h2>\u00d6nleyici Bak\u0131m \u00d6nlemleri<\/h2>\n<ul>\n<li>\n<h3>D\u00fczenli Denetimler<\/h3>\n<p>Bom silindirlerinin d\u00fczenli olarak kontrol edilmesi, a\u015f\u0131nma, s\u0131z\u0131nt\u0131 veya hasar belirtilerini tespit etmek i\u00e7in \u00e7ok \u00f6nemlidir. Operat\u00f6rler, contalar\u0131, ba\u011flant\u0131lar\u0131 ve silindir g\u00f6vdesini herhangi bir anormallik a\u00e7\u0131s\u0131ndan kontrol etmelidir. Kontroller s\u0131ras\u0131nda bulunan sorunlar\u0131n derhal giderilmesi, daha b\u00fcy\u00fck sorunlar\u0131n \u00f6nlenmesine ve ekipman\u0131n g\u00fcvenli bir \u015fekilde \u00e7al\u0131\u015fmas\u0131na olanak sa\u011flar.<\/p>\n<\/li>\n<li>\n<h3>Uygun Ya\u011flama<\/h3>\n<p>Bom silindirlerinin uzun \u00f6m\u00fcrl\u00fc olmas\u0131 i\u00e7in do\u011fru ya\u011flama \u00e7ok \u00f6nemlidir. Operat\u00f6rler, ya\u011flama aral\u0131klar\u0131 konusunda \u00fcreticinin tavsiyelerine uymal\u0131 ve do\u011fru tipte hidrolik ya\u011f kullan\u0131ld\u0131\u011f\u0131ndan emin olmal\u0131d\u0131r. Ya\u011f seviyelerinin d\u00fczenli olarak kontrol edilmesi ve tamamlanmas\u0131, silindir bile\u015fenlerinde a\u015f\u0131r\u0131 a\u015f\u0131nma ve y\u0131pranmay\u0131 \u00f6nlemeye yard\u0131mc\u0131 olur.<\/p>\n<\/li>\n<li>\n<h3>Conta De\u011fi\u015fimi<\/h3>\n<p>Zamanla, contalar a\u015f\u0131nabilir ve etkilerini kaybedebilir. S\u0131z\u0131nt\u0131lar\u0131 \u00f6nlemek ve hidrolik bas\u0131nc\u0131 korumak i\u00e7in, a\u015f\u0131nman\u0131n ilk belirtisinde contalar\u0131n de\u011fi\u015ftirilmesi \u00e7ok \u00f6nemlidir. Operat\u00f6rler, zaman\u0131nda de\u011fi\u015fim sa\u011flamak i\u00e7in yedek conta sto\u011fu bulundurmal\u0131 ve planl\u0131 bir bak\u0131m program\u0131 izlemelidir.<\/p>\n<\/li>\n<\/ul>\n<h2>Bom Silindirleri \u0130\u00e7in Montaj K\u0131lavuzu<\/h2>\n<p>Bom silindirinin montaj\u0131, optimum performans ve uzun \u00f6m\u00fcr sa\u011flamak i\u00e7in ayr\u0131nt\u0131lara dikkat edilmesini gerektirir. \u0130\u015fte baz\u0131 temel y\u00f6nergeler:<\/p>\n<ul>\n<li>Montaj s\u0131ras\u0131nda kirlenmeyi \u00f6nlemek i\u00e7in \u00e7al\u0131\u015fma alan\u0131n\u0131n temiz ve kal\u0131nt\u0131lardan ar\u0131nd\u0131r\u0131lm\u0131\u015f oldu\u011fundan emin olun.<\/li>\n<li>Silindiri ba\u011flant\u0131 noktalar\u0131yla do\u011fru \u015fekilde hizalamak i\u00e7in uygun hizalama aletleri kullan\u0131n. Yanl\u0131\u015f hizalama, erken a\u015f\u0131nmaya ve ar\u0131zaya neden olabilir.<\/li>\n<li>Silindiri yerine sabitlemek i\u00e7in uygun montaj braketleri kullan\u0131n. T\u00fcm ba\u011flant\u0131 elemanlar\u0131n\u0131n \u00fcreticinin belirtti\u011fi \u015fekilde s\u0131k\u0131ld\u0131\u011f\u0131ndan emin olun.<\/li>\n<li>Montajdan sonra hidrolik ba\u011flant\u0131larda s\u0131z\u0131nt\u0131 olup olmad\u0131\u011f\u0131n\u0131 kontrol edin. Ekipman\u0131 tekrar hizmete almadan \u00f6nce sistemin b\u00fct\u00fcnl\u00fc\u011f\u00fcn\u00fc do\u011frulamak i\u00e7in bas\u0131n\u00e7 testi yap\u0131n.<\/li>\n<li>G\u00fcvenlik standartlar\u0131na uyumu sa\u011flamak i\u00e7in, kurulum \u00f6nerileri veya gereksinimleri a\u00e7\u0131s\u0131ndan kullan\u0131m k\u0131lavuzunu inceleyin.<\/li>\n<\/ul>\n<h2>Yayg\u0131n Bak\u0131m G\u00f6revleri<\/h2>\n<ul>\n<li>\n<h3>D\u00fczenli Denetimler<\/h3>\n<p>Bom silindirinin s\u0131k s\u0131k kontrol edilmesi, olas\u0131 sorunlar\u0131n erken tespiti i\u00e7in gereklidir. S\u0131z\u0131nt\u0131, korozyon veya fiziksel hasar olup olmad\u0131\u011f\u0131n\u0131 kontrol edin. Daha b\u00fcy\u00fck sorunlar\u0131n \u00f6n\u00fcne ge\u00e7mek i\u00e7in bulgular\u0131 belgeleyin ve derhal giderin.<\/p>\n<\/li>\n<li>\n<h3>Uygun Ya\u011flama<\/h3>\n<p>Ya\u011flama, \u00fcreticinin y\u00f6nergelerine g\u00f6re d\u00fczenli olarak yap\u0131lmal\u0131d\u0131r. Do\u011fru hidrolik ya\u011f\u0131n kullan\u0131ld\u0131\u011f\u0131ndan ve ya\u011flama noktalar\u0131na bak\u0131m i\u00e7in kolayca eri\u015filebildi\u011finden emin olun. Do\u011fru ya\u011flama, hareketli par\u00e7alardaki a\u015f\u0131nmay\u0131 en aza indirerek silindir performans\u0131n\u0131 art\u0131r\u0131r.<\/p>\n<\/li>\n<li>\n<h3>Conta De\u011fi\u015fimi ve Kalibrasyonu<\/h3>\n<p>Contalar\u0131n durumunu izleyin ve a\u015f\u0131nma belirtileri g\u00f6r\u00fcld\u00fc\u011f\u00fcnde de\u011fi\u015ftirin. Hidrolik sistemin kalibrasyonu da optimum performans\u0131 korumak i\u00e7in \u00e7ok \u00f6nemlidir. Do\u011fru \u00e7al\u0131\u015fmay\u0131 sa\u011flamak i\u00e7in gerekli ayarlamalar i\u00e7in \u00fcreticinin talimatlar\u0131n\u0131 izleyin.<\/p>\n<\/li>\n<\/ul>\n<p><img decoding=\"async\" src=\"https:\/\/www.hydraulic-cylinders.net\/wp-content\/uploads\/2025\/04\/songte-chushion-collar.webp\" alt=\"Yast\u0131k Yaka\" \/><\/p>\n<h2>G\u00fcvenlik Hususlar\u0131 ve \u00c7evresel Fakt\u00f6rler<\/h2>\n<p>Bom silindirleriyle \u00e7al\u0131\u015f\u0131rken, operat\u00f6rlerin ve ekipman\u0131n korunmas\u0131 i\u00e7in g\u00fcvenlik \u00f6nlemlerine \u00f6ncelik verilmelidir. Hidrolik sistem i\u015fletimi konusunda uygun e\u011fitim, kazalar\u0131 \u00f6nlemek i\u00e7in \u00e7ok \u00f6nemlidir. Operat\u00f6rler, hidrolik ar\u0131zalarla ili\u015fkili riskleri azaltmak i\u00e7in her zaman uygun koruyucu ekipman giymeli ve belirlenmi\u015f g\u00fcvenlik protokollerini takip etmelidir.<\/p>\n<p>Hidrolik s\u0131v\u0131lar\u0131n yerel ekosistemler \u00fczerindeki etkisi gibi \u00e7evresel fakt\u00f6rler de dikkate al\u0131nmal\u0131d\u0131r. D\u00f6k\u00fclme \u00f6nleme \u00f6nlemlerinin uygulanmas\u0131 ve \u00e7evre dostu hidrolik ya\u011flar\u0131n kullan\u0131lmas\u0131, \u00e7evresel zarar\u0131n potansiyelini azaltmaya yard\u0131mc\u0131 olabilir. G\u00fcvenlik ve \u00e7evresel en iyi uygulamalar konusunda d\u00fczenli e\u011fitim, operasyonel prosed\u00fcrlerin bir par\u00e7as\u0131 olmal\u0131d\u0131r.<\/p>\n<h2>Sorun Giderme ve Yayg\u0131n Sorunlar<\/h2>\n<ul>\n<li>\n<h3>S\u0131z\u0131nt\u0131 Sorunlar\u0131<\/h3>\n<p>Hidrolik sistemdeki s\u0131z\u0131nt\u0131lar, a\u015f\u0131nm\u0131\u015f contalardan veya hasarl\u0131 ba\u011flant\u0131 par\u00e7alar\u0131ndan kaynaklanabilir. Bir s\u0131z\u0131nt\u0131 tespit edilirse, kayna\u011f\u0131n\u0131 belirlemek ve derhal gidermek \u00e7ok \u00f6nemlidir, \u00e7\u00fcnk\u00fc k\u00fc\u00e7\u00fck s\u0131z\u0131nt\u0131lar bile zamanla \u00f6nemli performans sorunlar\u0131na yol a\u00e7abilir.<\/p>\n<\/li>\n<li>\n<h3>Azalt\u0131lm\u0131\u015f Performans<\/h3>\n<p>Bom silindiri d\u00fczg\u00fcn \u00e7al\u0131\u015fm\u0131yorsa veya g\u00fc\u00e7s\u00fczse, bunun nedeni hidrolik s\u0131v\u0131 seviyesinin d\u00fc\u015f\u00fck olmas\u0131 veya kirlenmesi olabilir. S\u0131v\u0131 seviyelerini d\u00fczenli olarak kontrol edin ve kirli veya bozulmu\u015f g\u00f6r\u00fcn\u00fcyorsa hidrolik ya\u011f\u0131 de\u011fi\u015ftirin.<\/p>\n<\/li>\n<li>\n<h3>\u00c7al\u0131\u015fma S\u0131ras\u0131nda G\u00fcr\u00fclt\u00fc<\/h3>\n<p>\u00c7al\u0131\u015fma s\u0131ras\u0131nda duyulan ola\u011fand\u0131\u015f\u0131 sesler, i\u00e7 a\u015f\u0131nma veya hasar\u0131n g\u00f6stergesi olabilir. Anormal seslerin derhal ara\u015ft\u0131r\u0131lmas\u0131 \u00f6nemlidir, \u00e7\u00fcnk\u00fc bunlar sistem i\u00e7indeki daha derin mekanik sorunlar\u0131n belirtileri olabilir.<\/p>\n<\/li>\n<\/ul>\n<p>Sorunlar\u0131 etkili bir \u015fekilde te\u015fhis etmek ve \u00e7\u00f6zmek i\u00e7in operat\u00f6rler d\u00fczenli kontroller yapmal\u0131 ve kar\u015f\u0131la\u015f\u0131lan sorunlar\u0131n ayr\u0131nt\u0131l\u0131 kay\u0131tlar\u0131n\u0131 tutmal\u0131d\u0131r. Potansiyel sorunlar\u0131 en aza indirmek i\u00e7in d\u00fczenli bak\u0131m programlar\u0131 ve sistem izleme gibi \u00f6nleyici tedbirler uygulanmal\u0131d\u0131r.<\/p>\n<p><img decoding=\"async\" src=\"https:\/\/www.hydraulic-cylinders.net\/wp-content\/uploads\/2025\/04\/songte-bushings-with-all-kinds-of-excavator-models.webp\" alt=\"Ekskavat\u00f6r Modellerinde Bur\u00e7lar\" \/><\/p>\n<h2>\u015eirket Tan\u0131t\u0131m\u0131<\/h2>\n<p>\u00d6nde gelen yedek hidrolik silindir \u00fcreticisi olarak, yerel ve uluslararas\u0131 pazarlar\u0131n \u00e7e\u015fitli ihtiya\u00e7lar\u0131n\u0131 kar\u015f\u0131lamak \u00fczere kapsaml\u0131 bir \u00fcr\u00fcn yelpazesi sunuyoruz. M\u00fckemmelli\u011fe olan ba\u011fl\u0131l\u0131\u011f\u0131m\u0131z, yetenekli personele, geli\u015fmi\u015f dijital \u00fcretim ekipmanlar\u0131na ve \u00f6zel test sistemlerine dayanan titiz \u00fcretim y\u00f6netim stratejilerimizde kendini g\u00f6stermektedir. Kaliteye olan bu ba\u011fl\u0131l\u0131\u011f\u0131m\u0131z, \u00fcretim kapasitemizi s\u00fcrekli olarak geli\u015ftirmemizi ve m\u00fc\u015fteri taleplerine verimli bir \u015fekilde yan\u0131t vermemizi sa\u011flamaktad\u0131r.<\/p>\n<p>\u015eirketimiz, profesyonelli\u011fe, uluslararas\u0131 sertifikalara ve \u00f6zelle\u015ftirilmi\u015f hizmetlere odaklanmas\u0131 sayesinde sekt\u00f6rde \u00f6ne \u00e7\u0131kmaktad\u0131r. M\u00fc\u015fteri memnuniyetini sa\u011flamak i\u00e7in en son teknolojiye sahip \u00fcretim ekipmanlar\u0131 kullan\u0131yor ve g\u00fc\u00e7l\u00fc sat\u0131\u015f sonras\u0131 destek sunuyoruz. Bu kapsaml\u0131 yakla\u015f\u0131m, en y\u00fcksek kalite ve performans standartlar\u0131n\u0131 kar\u015f\u0131layan \u00fcr\u00fcnler sunmam\u0131z\u0131 sa\u011fl\u0131yor.<\/p>\n<p><img decoding=\"async\" src=\"https:\/\/www.hydraulic-cylinders.net\/wp-content\/uploads\/2025\/04\/songte-company-4.webp\" alt=\"\u015eirket Genel Bak\u0131\u015f\u0131\" \/><br \/>\n<img decoding=\"async\" src=\"https:\/\/www.hydraulic-cylinders.net\/wp-content\/uploads\/2025\/04\/songte-company-3.webp\" alt=\"\u015eirket Tesisleri\" \/><\/p>\n<p>Yazar: lyl<\/p>","protected":false},"excerpt":{"rendered":"<p>Boom Cylinder For World Middle Excavator W2215-8 Overview of Boom Cylinder The boom cylinder is a crucial component in hydraulic systems, specifically designed to control the movement of buckets in various heavy machinery such as excavators, backhoe loaders, and front loaders. This hydraulic cylinder enables the bucket to lift, lower, and tilt, facilitating efficient material [&hellip;]<\/p>","protected":false},"featured_media":17877,"comment_status":"open","ping_status":"closed","template":"","meta":{"_et_pb_use_builder":"","_et_pb_old_content":"","_et_gb_content_width":""},"product_brand":[],"product_cat":[1546],"product_tag":[1547,1496],"class_list":{"0":"post-19463","1":"product","2":"type-product","3":"status-publish","4":"has-post-thumbnail","6":"product_cat-boom-cylinders","7":"product_tag-boom-cylinders","8":"product_tag-hydraulic-cylinders","10":"first","11":"instock","12":"shipping-taxable","13":"product-type-simple"},"amp_enabled":true,"_links":{"self":[{"href":"https:\/\/www.hydraulic-cylinders.net\/tr\/wp-json\/wp\/v2\/product\/19463","targetHints":{"allow":["GET"]}}],"collection":[{"href":"https:\/\/www.hydraulic-cylinders.net\/tr\/wp-json\/wp\/v2\/product"}],"about":[{"href":"https:\/\/www.hydraulic-cylinders.net\/tr\/wp-json\/wp\/v2\/types\/product"}],"replies":[{"embeddable":true,"href":"https:\/\/www.hydraulic-cylinders.net\/tr\/wp-json\/wp\/v2\/comments?post=19463"}],"wp:featuredmedia":[{"embeddable":true,"href":"https:\/\/www.hydraulic-cylinders.net\/tr\/wp-json\/wp\/v2\/media\/17877"}],"wp:attachment":[{"href":"https:\/\/www.hydraulic-cylinders.net\/tr\/wp-json\/wp\/v2\/media?parent=19463"}],"wp:term":[{"taxonomy":"product_brand","embeddable":true,"href":"https:\/\/www.hydraulic-cylinders.net\/tr\/wp-json\/wp\/v2\/product_brand?post=19463"},{"taxonomy":"product_cat","embeddable":true,"href":"https:\/\/www.hydraulic-cylinders.net\/tr\/wp-json\/wp\/v2\/product_cat?post=19463"},{"taxonomy":"product_tag","embeddable":true,"href":"https:\/\/www.hydraulic-cylinders.net\/tr\/wp-json\/wp\/v2\/product_tag?post=19463"}],"curies":[{"name":"wp","href":"https:\/\/api.w.org\/{rel}","templated":true}]}}