{"id":19465,"date":"2025-04-07T06:49:02","date_gmt":"2025-04-07T06:49:02","guid":{"rendered":"https:\/\/www.hydraulic-cylinders.net\/product\/boom-cylinder-for-world-middle-excavator-w2245dlc-8\/"},"modified":"2025-04-07T06:49:04","modified_gmt":"2025-04-07T06:49:04","slug":"boom-cylinder-for-world-middle-excavator-w2245dlc-8","status":"publish","type":"product","link":"https:\/\/www.hydraulic-cylinders.net\/tr\/urun\/boom-cylinder-for-world-middle-excavator-w2245dlc-8\/","title":{"rendered":"World Middle W2245DLC-8 Ekskavat\u00f6r i\u00e7in Bom Silindiri"},"content":{"rendered":"<h1>World Middle W2245DLC-8 Ekskavat\u00f6r i\u00e7in Bom Silindiri<\/h1>\n<h2>\u00dcr\u00fcn Genel Bak\u0131\u015f\u0131<\/h2>\n<p>Kep\u00e7e silindiri, ekskavat\u00f6rler, kaz\u0131c\u0131 y\u00fckleyiciler ve \u00f6n y\u00fckleyiciler de dahil olmak \u00fczere \u00e7e\u015fitli a\u011f\u0131r makinelerde kep\u00e7elerin hareketini kontrol etmek i\u00e7in tasarlanm\u0131\u015f \u00f6zel bir hidrolik silindirdir. Bu temel bile\u015fen, kep\u00e7enin kalkmas\u0131n\u0131, al\u00e7almas\u0131n\u0131 ve e\u011filmesini sa\u011flayarak verimli malzeme ta\u015f\u0131ma i\u015flemlerini kolayla\u015ft\u0131r\u0131r. Kep\u00e7e silindiri, hidrolik sistemler i\u00e7inde \u00e7al\u0131\u015f\u0131r ve silindirin pistonunu hareket ettiren bas\u0131nc\u0131 olu\u015fturmak i\u00e7in hidrolik s\u0131v\u0131 kullan\u0131r; bu da sonu\u00e7ta kaz\u0131 ve y\u00fckleme i\u015flemleri i\u00e7in gerekli mekanik harekete d\u00f6n\u00fc\u015f\u00fcr.<\/p>\n<p><img decoding=\"async\" src=\"https:\/\/www.hydraulic-cylinders.net\/wp-content\/uploads\/2025\/04\/songte-company-1.webp\" alt=\"Bom Silindiri\"><\/p>\n<h2>Bom Silindirinin \u00d6zellikleri<\/h2>\n<ul>\n<li><strong>Y\u00fcksek Dayan\u0131kl\u0131l\u0131k ve Dayan\u0131kl\u0131l\u0131k:<\/strong> Genellikle y\u00fcksek mukavemetli \u00e7elik veya al\u00fcminyumdan \u00fcretilen bu silindirler, y\u00fcksek bas\u0131n\u00e7lara ve a\u011f\u0131r y\u00fcklere dayanabilir ve zorlu \u00e7al\u0131\u015fma ortamlar\u0131 i\u00e7in uygundur. A\u015f\u0131nmaya ve korozyona dayan\u0131kl\u0131 olacak \u015fekilde tasarlanm\u0131\u015flard\u0131r, bu da kullan\u0131m \u00f6m\u00fcrlerini uzat\u0131r.<\/li>\n<li><strong>Verimli Hidrolik \u00c7al\u0131\u015fma:<\/strong> Silindir, hidrolik ya\u011f\u0131n bas\u0131nc\u0131n\u0131 kullanarak d\u00fczg\u00fcn bir \u015fekilde uzama ve geri \u00e7ekilme sa\u011flar, bu da operasyonel komutlara h\u0131zl\u0131 yan\u0131t vermeyi ve g\u00fc\u00e7l\u00fc itme-\u00e7ekme kuvveti sa\u011flamay\u0131 m\u00fcmk\u00fcn k\u0131lar; bu da onlar\u0131 a\u011f\u0131r ve karma\u015f\u0131k i\u015flerin \u00fcstesinden gelmek i\u00e7in ideal hale getirir.<\/li>\n<li><strong>\u00c7e\u015fitli T\u00fcrler:<\/strong> Farkl\u0131 \u00e7al\u0131\u015fma gereksinimlerini kar\u015f\u0131lamak \u00fczere tek etkili (tek y\u00f6nde hidrolik bas\u0131n\u00e7 kullanan) veya \u00e7ift etkili (iki y\u00f6nde hidrolik bas\u0131n\u00e7 kullanan) konfig\u00fcrasyonlarda mevcuttur. Baz\u0131 modeller teleskopiktir ve d\u0131\u015f boyutlar\u0131 art\u0131rmadan daha fazla uzatmaya olanak tan\u0131yarak, alan k\u0131s\u0131tlamal\u0131 uygulamalar i\u00e7in uygundur.<\/li>\n<\/ul>\n<p>Bu \u00fcr\u00fcn\u00fc \u00fcretebilecek kapasitedeyiz ve silindirlerimiz mevcut hidrolik silindirlerin yerini m\u00fckemmel \u015fekilde alabilir.<\/p>\n<p><img decoding=\"async\" src=\"https:\/\/www.hydraulic-cylinders.net\/wp-content\/uploads\/2025\/04\/songte-cylinder-head-with-all-kinds-excavator-models.webp\" alt=\"Ekskavat\u00f6r Modelleri\"><\/p>\n<h2>Bom Silindirlerinin Uygulamalar\u0131<\/h2>\n<h3>\u0130n\u015faat Ekipmanlar\u0131<\/h3>\n<p>Ekskavat\u00f6rlerde, bom silindiri kazma, y\u00fckleme ve toprak veya moloz ta\u015f\u0131ma i\u015flemlerinde hayati \u00f6neme sahiptir. Hassas kontrol\u00fc, operat\u00f6rlerin kep\u00e7eyi etkili bir \u015fekilde manevra ettirmesine olanak tan\u0131yarak \u015fantiyelerde verimlili\u011fi art\u0131r\u0131r. Silindirin sa\u011flam tasar\u0131m\u0131, a\u011f\u0131r kald\u0131rma ve kazma i\u015flemlerinin zorlu taleplerini kar\u015f\u0131layabilmesini sa\u011flayarak in\u015faat makinelerinde vazge\u00e7ilmez bir bile\u015fen haline getirir.<\/p>\n<h3>Tar\u0131m Makinalar\u0131<\/h3>\n<p>\u00d6n y\u00fckleyicilerde, bom silindirleri toprak, saman ve di\u011fer malzemeleri kep\u00e7elemek, kald\u0131rmak ve ta\u015f\u0131mak i\u00e7in kullan\u0131l\u0131r. \u00d6nemli bir kuvvet uygulama yetenekleri, \u00e7ift\u00e7ilerin b\u00fcy\u00fck miktarda malzemeyi verimli bir \u015fekilde y\u00f6netmelerini sa\u011flar. Bu \u00e7ok y\u00f6nl\u00fcl\u00fck, \u00e7e\u015fitli tar\u0131msal i\u015fler i\u00e7in hayati \u00f6nem ta\u015f\u0131r ve ekipman\u0131n farkl\u0131 y\u00fckleme ve ta\u015f\u0131ma ihtiya\u00e7lar\u0131na uyum sa\u011flayabilmesini garanti eder.<\/p>\n<h3>Ekskavat\u00f6rler<\/h3>\n<p>Bom silindiri, kep\u00e7enin topra\u011fa etkili bir \u015fekilde n\u00fcfuz etmesini sa\u011flayarak kaz\u0131 s\u00fcrecini kolayla\u015ft\u0131r\u0131r. Bu \u00f6zellik, temel kazmadan peyzaj \u00e7al\u0131\u015fmalar\u0131na kadar \u00e7e\u015fitli uygulamalar i\u00e7in hayati \u00f6nem ta\u015f\u0131r. Hidrolik \u00e7al\u0131\u015fma, d\u00fczg\u00fcn ve kontroll\u00fc hareketler sa\u011flayarak ekskavat\u00f6rlerin performans\u0131n\u0131 optimize eder ve operasyonel verimlili\u011fini art\u0131r\u0131r.<\/p>\n<h3>Y\u00fckleyiciler<\/h3>\n<p>\u00d6n y\u00fckleyicilerde, bom silindirleri y\u00fcklerin etkili bir \u015fekilde kald\u0131r\u0131lmas\u0131na ve bo\u015falt\u0131lmas\u0131na yard\u0131mc\u0131 olur. Tasar\u0131mlar\u0131, \u00f6nemli bir hareket aral\u0131\u011f\u0131na olanak tan\u0131yarak operat\u00f6rlerin malzemeleri kamyonlara veya di\u011fer ta\u015f\u0131ma ara\u00e7lar\u0131na verimli bir \u015fekilde y\u00fcklemelerini sa\u011flar. Bu i\u015flevsellik, zaman ve verimlili\u011fin kritik oldu\u011fu in\u015faat ve malzeme ta\u015f\u0131ma i\u015flemlerinde \u00e7ok \u00f6nemlidir.<\/p>\n<h2>Tasar\u0131m Hususlar\u0131 ve Se\u00e7im Kriterleri<\/h2>\n<h3>Y\u00fck Kapasitesi<\/h3>\n<p>Bom silindiri se\u00e7ilirken, y\u00fck ta\u015f\u0131ma kapasitesi en \u00f6nemli hususlardan biridir. Silindirin \u00e7al\u0131\u015fma s\u0131ras\u0131nda uygulanacak maksimum a\u011f\u0131rl\u0131\u011f\u0131 kald\u0131rabilmesi \u00e7ok \u00f6nemlidir. Tasar\u0131m, hem statik hem de dinamik y\u00fckleri hesaba katmal\u0131 ve \u00e7e\u015fitli ko\u015fullar alt\u0131nda g\u00fcvenlik ve i\u015flevselli\u011fi sa\u011flamal\u0131d\u0131r.<\/p>\n<h3>S\u0131zd\u0131rmazl\u0131k<\/h3>\n<p>Etkili s\u0131zd\u0131rmazl\u0131k, hidrolik silindirlerin performans\u0131 ve uzun \u00f6mr\u00fc i\u00e7in hayati \u00f6nem ta\u015f\u0131r. \u0130yi s\u0131zd\u0131rmazl\u0131k elemanlar\u0131, sistem ar\u0131zalar\u0131na yol a\u00e7abilecek hidrolik s\u0131v\u0131 s\u0131z\u0131nt\u0131lar\u0131n\u0131 \u00f6nler. Hidrolik sistemlerde kar\u015f\u0131la\u015f\u0131lan bas\u0131n\u00e7 ve s\u0131cakl\u0131klara dayanabilen y\u00fcksek kaliteli s\u0131zd\u0131rmazl\u0131k malzemeleri kullanmak \u00e7ok \u00f6nemlidir. Optimum performans sa\u011flamak i\u00e7in s\u0131zd\u0131rmazl\u0131k elemanlar\u0131n\u0131n d\u00fczenli olarak kontrol edilmesi ve bak\u0131m\u0131 gereklidir.<\/p>\n<h3>Dayan\u0131kl\u0131l\u0131k<\/h3>\n<p>Hidrolik silindirlerde, \u00f6zellikle zorlu ortamlarda, dayan\u0131kl\u0131l\u0131k \u00e7ok \u00f6nemlidir. Malzemeler, a\u015f\u0131nmaya ve korozyona kar\u015f\u0131 diren\u00e7lerine g\u00f6re se\u00e7ilmeli ve silindirlerin zaman i\u00e7inde etkili bir \u015fekilde \u00e7al\u0131\u015fabilmesi sa\u011flanmal\u0131d\u0131r. Sert kaplamalar ve y\u00fczey i\u015flemleri gibi tasar\u0131m \u00f6zellikleri, silindirin dayan\u0131kl\u0131l\u0131\u011f\u0131n\u0131 art\u0131rarak geni\u015f bir uygulama yelpazesi i\u00e7in uygun hale getirebilir.<\/p>\n<h3>Emniyet<\/h3>\n<p>Hidrolik silindirlerin tasar\u0131m\u0131nda g\u00fcvenlik hususlar\u0131 son derece \u00f6nemlidir. Bas\u0131n\u00e7 tahliye vanalar\u0131 ve sa\u011flam yap\u0131 gibi \u00f6zellikler, kazalara yol a\u00e7abilecek ar\u0131zalar\u0131 \u00f6nlemek i\u00e7in gereklidir. \u00c7al\u0131\u015fma ve bak\u0131m s\u0131ras\u0131nda uygun e\u011fitim ve g\u00fcvenlik protokollerine uyulmas\u0131 da kullan\u0131c\u0131 g\u00fcvenli\u011finin sa\u011flanmas\u0131 a\u00e7\u0131s\u0131ndan kritik \u00f6neme sahiptir.<\/p>\n<h3>Bak\u0131m kolayl\u0131\u011f\u0131<\/h3>\n<p>Bak\u0131m kolayl\u0131\u011f\u0131na y\u00f6nelik tasar\u0131m, bile\u015fenlere rutin bak\u0131m ve onar\u0131mlar i\u00e7in kolayca eri\u015filebilmesini sa\u011flamay\u0131 i\u00e7erir. Bu husus, ar\u0131za s\u00fcrelerini ve bak\u0131m maliyetlerini \u00f6nemli \u00f6l\u00e7\u00fcde azaltabilir. Standartla\u015ft\u0131r\u0131lm\u0131\u015f par\u00e7alar\u0131n ve a\u00e7\u0131k dok\u00fcmantasyonun kullan\u0131lmas\u0131, onar\u0131mlar\u0131 ve ayarlamalar\u0131 kolayla\u015ft\u0131rarak silindirin \u00f6mr\u00fcn\u00fc uzatabilir.<\/p>\n<p><img decoding=\"async\" src=\"https:\/\/www.hydraulic-cylinders.net\/wp-content\/uploads\/2025\/04\/songte-oil-pipes-and-spare-parts.webp\" alt=\"Petrol Borular\u0131 ve Yedek Par\u00e7alar\u0131\"><\/p>\n<h2>S\u0131zd\u0131rmazl\u0131k ve Ya\u011flama<\/h2>\n<p>Hidrolik silindirlerin do\u011fru \u015fekilde s\u0131zd\u0131rmazl\u0131\u011f\u0131 ve ya\u011flanmas\u0131, i\u015flevsellikleri ve uzun \u00f6m\u00fcrleri i\u00e7in kritik \u00f6neme sahiptir. Piston contalar\u0131 ve mil contalar\u0131 gibi \u00e7e\u015fitli contalar\u0131n kullan\u0131lmas\u0131, s\u0131z\u0131nt\u0131lar\u0131 \u00f6nlemeye ve sistem i\u00e7indeki bas\u0131nc\u0131 korumaya yard\u0131mc\u0131 olur. Poli\u00fcretan ve nitril kau\u00e7uk gibi dayan\u0131kl\u0131 malzemelerden yap\u0131lm\u0131\u015f contalar, a\u015f\u0131nma diren\u00e7leri nedeniyle tercih edilir. Silindir g\u00f6vdesi ve di\u015fli u\u00e7lar\u0131, a\u015f\u0131nma direncini ve s\u0131zd\u0131rmazl\u0131k \u00f6zelli\u011fini art\u0131rmak i\u00e7in ince bir i\u015flemden ge\u00e7irilmelidir. Ayr\u0131ca, sorunsuz \u00e7al\u0131\u015fmay\u0131 sa\u011flamak ve i\u00e7 bile\u015fenlerdeki a\u015f\u0131nmay\u0131 \u00f6nlemek i\u00e7in hidrolik ya\u011f ile d\u00fczenli ya\u011flama gereklidir.<\/p>\n<h2>\u00d6nleyici Bak\u0131m \u00d6nlemleri<\/h2>\n<ul>\n<li><strong>D\u00fczenli Denetimler:<\/strong> D\u00fczenli kontroller yapmak, potansiyel sorunlar\u0131 erken tespit etmeye yard\u0131mc\u0131 olur. Contalarda ve silindir bile\u015fenlerinde a\u015f\u0131nma, s\u0131z\u0131nt\u0131 veya hasar belirtileri olup olmad\u0131\u011f\u0131n\u0131 kontrol edin. D\u00fczenli kontroller, b\u00fcy\u00fck ar\u0131zalar\u0131 \u00f6nleyebilir ve ekipman\u0131n \u00f6mr\u00fcn\u00fc uzatabilir.<\/li>\n<li><strong>Zaman\u0131nda Ya\u011flama:<\/strong> Silindirin sorunsuz \u00e7al\u0131\u015fmas\u0131n\u0131 sa\u011flamak i\u00e7in \u00f6nerilen hidrolik ya\u011f ile ya\u011fland\u0131\u011f\u0131ndan emin olun. Do\u011fru ya\u011flama, i\u00e7 bile\u015fenlerdeki s\u00fcrt\u00fcnmeyi ve a\u015f\u0131nmay\u0131 en aza indirerek performans\u0131 ve dayan\u0131kl\u0131l\u0131\u011f\u0131 art\u0131r\u0131r.<\/li>\n<li><strong>Conta De\u011fi\u015fimleri:<\/strong> Zamanla contalar a\u015f\u0131nabilir, bu da s\u0131z\u0131nt\u0131lara ve bas\u0131n\u00e7 kayb\u0131na yol a\u00e7abilir. Hidrolik sistemin b\u00fct\u00fcnl\u00fc\u011f\u00fcn\u00fc korumak i\u00e7in contalar\u0131 d\u00fczenli olarak kontrol edin ve gerekti\u011finde de\u011fi\u015ftirin.<\/li>\n<\/ul>\n<h2>Kurulum Talimatlar\u0131<\/h2>\n<p>Bom silindirinin do\u011fru montaj\u0131, performans\u0131 ve uzun \u00f6mr\u00fc i\u00e7in \u00e7ok \u00f6nemlidir. \u00d6ncelikle t\u00fcm bile\u015fenlerin temiz ve kal\u0131nt\u0131lardan ar\u0131nd\u0131r\u0131lm\u0131\u015f oldu\u011fundan emin olun. \u00c7al\u0131\u015fma s\u0131ras\u0131nda silindire a\u015f\u0131r\u0131 y\u00fck binmesini \u00f6nlemek i\u00e7in silindiri montaj noktalar\u0131yla do\u011fru \u015fekilde hizalay\u0131n. Silindiri yerine sabitlemek i\u00e7in uygun montaj braketleri kullan\u0131n ve a\u015f\u0131r\u0131 s\u0131kmadan, hasara yol a\u00e7abilecek \u015fekilde, d\u00fczg\u00fcn bir \u015fekilde sabitlendi\u011finden emin olun. Montaj tamamland\u0131ktan sonra, s\u0131z\u0131nt\u0131 olmad\u0131\u011f\u0131ndan emin olmak i\u00e7in t\u00fcm ba\u011flant\u0131lar\u0131 ve contalar\u0131 tekrar kontrol edin. Son olarak, \u00e7al\u0131\u015ft\u0131rmadan \u00f6nce hidrolik sisteme \u00f6nerilen ya\u011f\u0131 doldurun ve sistemdeki havay\u0131 bo\u015falt\u0131n.<\/p>\n<h2>Yayg\u0131n Bak\u0131m G\u00f6revleri<\/h2>\n<h3>D\u00fczenli Muayene<\/h3>\n<p>D\u00fczenli kontroller, a\u015f\u0131nmay\u0131 ve olas\u0131 ar\u0131zalar\u0131 ciddi sorunlara d\u00f6n\u00fc\u015fmeden \u00f6nce tespit etmek i\u00e7in \u00e7ok \u00f6nemlidir. Silindiri, ezik veya \u00e7izik gibi g\u00f6r\u00fcn\u00fcr hasar belirtileri a\u00e7\u0131s\u0131ndan inceleyin ve contalar\u0131n etraf\u0131ndaki s\u0131z\u0131nt\u0131lar\u0131 kontrol edin. Hidrolik hatlar\u0131n sa\u011flam oldu\u011fundan ve a\u015f\u0131r\u0131 gerilime maruz kalmad\u0131\u011f\u0131ndan emin olun. Bak\u0131m kay\u0131t defteri tutmak, silindirin durumunu zaman i\u00e7inde takip etmenize yard\u0131mc\u0131 olabilir.<\/p>\n<h3>Uygun Ya\u011flama<\/h3>\n<p>Hidrolik silindirin performans\u0131 i\u00e7in uygun ya\u011flama \u00e7ok \u00f6nemlidir. Belirtilen hidrolik ya\u011f\u0131 kullan\u0131n ve \u00fcreticinin ya\u011flama aral\u0131klar\u0131 hakk\u0131ndaki \u00f6nerilerine uyun. Ya\u011f seviyesini d\u00fczenli olarak kontrol edin ve gerekti\u011finde tamamlay\u0131n, b\u00f6ylece sistemin sorunsuz ve verimli \u00e7al\u0131\u015fmas\u0131n\u0131 sa\u011flay\u0131n.<\/p>\n<h3>Conta De\u011fi\u015fimi ve Kalibrasyon Kontrolleri<\/h3>\n<p>Contalar zamanla a\u015f\u0131nd\u0131k\u00e7a, s\u0131z\u0131nt\u0131lar\u0131 \u00f6nlemek ve sistem bas\u0131nc\u0131n\u0131 korumak i\u00e7in de\u011fi\u015ftirilmeleri \u00f6nemlidir. Kullan\u0131m ve ko\u015fullara ba\u011fl\u0131 olarak d\u00fczenli conta kontrolleri ve de\u011fi\u015fimleri planlay\u0131n. Ayr\u0131ca, silindirin belirtilen parametreler dahilinde \u00e7al\u0131\u015ft\u0131\u011f\u0131ndan emin olmak i\u00e7in d\u00fczenli olarak kalibre edin. Do\u011fru kalibrasyon, erken a\u015f\u0131nmaya ve performans d\u00fc\u015f\u00fc\u015f\u00fcne yol a\u00e7abilen d\u00fczensiz hareketler gibi sorunlar\u0131 \u00f6nleyebilir.<\/p>\n<p><img decoding=\"async\" src=\"https:\/\/www.hydraulic-cylinders.net\/wp-content\/uploads\/2025\/04\/songte-chushion-collar.webp\" alt=\"Yast\u0131k Yaka\"><\/p>\n<h2>G\u00fcvenlik Hususlar\u0131 ve \u00c7evresel Fakt\u00f6rler<\/h2>\n<p>Hidrolik silindirlerle \u00e7al\u0131\u015f\u0131rken g\u00fcvenlik \u00f6nlemleri \u00e7ok \u00f6nemlidir. Her zaman uygun ki\u015fisel koruyucu ekipman (KKD) kullan\u0131n ve t\u00fcm operat\u00f6rlerin g\u00fcvenli kullan\u0131m uygulamalar\u0131 konusunda e\u011fitildi\u011finden emin olun. Bas\u0131n\u00e7 tahliye vanalar\u0131 gibi g\u00fcvenlik \u00f6zelliklerinin uygulanmas\u0131, ani bas\u0131n\u00e7 de\u011fi\u015fikliklerinden kaynaklanan kazalar\u0131 \u00f6nleyebilir. Ayr\u0131ca, hidrolik s\u0131v\u0131lar\u0131n \u00e7evresel etkisini g\u00f6z \u00f6n\u00fcnde bulundurun ve kirlenmeyi en aza indirmek i\u00e7in uygun imha y\u00f6ntemlerinin mevcut oldu\u011fundan emin olun.<\/p>\n<h2>Sorun Giderme ve Yayg\u0131n Sorunlar<\/h2>\n<ul>\n<li><strong>S\u0131z\u0131nt\u0131:<\/strong> Silindirden hidrolik s\u0131v\u0131s\u0131 s\u0131z\u0131nt\u0131s\u0131 fark ederseniz, contalar\u0131 ve ba\u011flant\u0131 par\u00e7alar\u0131n\u0131 kontrol edin. A\u015f\u0131nm\u0131\u015f contalar genellikle s\u0131z\u0131nt\u0131lara neden olur ve de\u011fi\u015ftirilmesi gerekebilir.<\/li>\n<li><strong>Yava\u015f \u00c7al\u0131\u015fma:<\/strong> Silindir yava\u015f hareket ediyorsa, bunun nedeni hidrolik s\u0131v\u0131 seviyesinin d\u00fc\u015f\u00fck olmas\u0131 veya sistemde hava bulunmas\u0131 olabilir. S\u0131v\u0131 seviyelerini kontrol edin ve gerekirse sistemi havaland\u0131r\u0131n.<\/li>\n<li><strong>Tutarl\u0131 Olmayan Hareket:<\/strong> D\u00fczensiz hareket, i\u00e7 hasar veya a\u015f\u0131nman\u0131n bir g\u00f6stergesi olabilir. Silindiri a\u015f\u0131nma belirtileri a\u00e7\u0131s\u0131ndan inceleyin ve gerekirse profesyonel bir de\u011ferlendirme yapt\u0131r\u0131n.<\/li>\n<\/ul>\n<p>Bu sorunlar\u0131 etkili bir \u015fekilde te\u015fhis etmek ve \u00e7\u00f6zmek i\u00e7in, performans\u0131 izlemek ve altta yatan sorunlar\u0131 g\u00f6sterebilecek kal\u0131plar\u0131 belirlemek amac\u0131yla ayr\u0131nt\u0131l\u0131 bir bak\u0131m kayd\u0131 tutun. Potansiyel sorunlar\u0131 en aza indirmek ve sorunsuz \u00e7al\u0131\u015fmay\u0131 sa\u011flamak i\u00e7in d\u00fczenli kontroller ve zaman\u0131nda par\u00e7a de\u011fi\u015fimleri gibi \u00f6nleyici tedbirler uygulay\u0131n.<\/p>\n<p><img decoding=\"async\" src=\"https:\/\/www.hydraulic-cylinders.net\/wp-content\/uploads\/2025\/04\/songte-bushings-with-all-kinds-of-excavator-models.webp\" alt=\"Ekskavat\u00f6r Modellerinde Bur\u00e7lar\"><\/p>\n<h2>\u015eirket Genel Bak\u0131\u015f\u0131<\/h2>\n<p>\u00d6nde gelen yedek hidrolik silindir \u00fcreticisi olarak, hem yurt i\u00e7i hem de uluslararas\u0131 pazarlarda kapsaml\u0131 bir \u00fcr\u00fcn yelpazesi sunuyoruz. Kaliteye olan ba\u011fl\u0131l\u0131\u011f\u0131m\u0131z, rafine edilmi\u015f \u00fcretim s\u00fcre\u00e7leri ve geli\u015fmi\u015f \u00fcretim stratejileriyle desteklenmektedir. Yetenekli teknik personel, \u00fcst d\u00fczey dijital ekipman ve profesyonel test sistemlerinden yararlanarak \u00fcretim platformlar\u0131m\u0131z\u0131 s\u00fcrekli olarak geli\u015ftiriyoruz. Bu \u00f6zveri, m\u00fc\u015fterilerimizin \u00e7e\u015fitli ihtiya\u00e7lar\u0131n\u0131 kar\u015f\u0131layan y\u00fcksek verimlilik, hassasiyet ve kaliteyi garanti eder.<\/p>\n<p><img decoding=\"async\" src=\"https:\/\/www.hydraulic-cylinders.net\/wp-content\/uploads\/2025\/04\/songte-company-4.webp\" alt=\"\u015eirket Genel Bak\u0131\u015f\u0131\"><br \/>\n<img decoding=\"async\" src=\"https:\/\/www.hydraulic-cylinders.net\/wp-content\/uploads\/2025\/04\/songte-company-3.webp\" alt=\"\u015eirket Ekipmanlar\u0131\"><\/p>\n<h2>\u00c7\u00f6z\u00fcm<\/h2>\n<p>World Middle Excavator W2245DLC-8 i\u00e7in tasarlanm\u0131\u015f bu kapsaml\u0131 bom silindiri genel bak\u0131\u015f\u0131, in\u015faattan tar\u0131ma kadar \u00e7e\u015fitli uygulamalardaki \u00f6nemini vurgulamaktad\u0131r. Tart\u0131\u015f\u0131lan tasar\u0131m hususlar\u0131, bak\u0131m uygulamalar\u0131 ve g\u00fcvenlik \u00f6nlemleri, hidrolik silindirlerin optimum performans\u0131n\u0131 ve uzun \u00f6mr\u00fcn\u00fc sa\u011flamaktad\u0131r. \u015eirketimiz, profesyonel hizmet ve uzmanl\u0131kla desteklenen kaliteli \u00fcr\u00fcnler sunmaktan gurur duymakta ve bu da bizi hidrolik silindir sekt\u00f6r\u00fcnde g\u00fcvenilir bir ortak haline getirmektedir.<\/p>\n<p>Yazar: lyl<\/p>","protected":false},"excerpt":{"rendered":"<p>Boom Cylinder For World Middle Excavator W2245DLC-8 Product Overview The Boom Cylinder is a specialized hydraulic cylinder designed for controlling the movement of buckets in various heavy machinery, including excavators, backhoe loaders, and front loaders. This essential component allows the bucket to lift, lower, and tilt, facilitating efficient material handling tasks. The bucket cylinder operates [&hellip;]<\/p>","protected":false},"featured_media":17879,"comment_status":"open","ping_status":"closed","template":"","meta":{"_et_pb_use_builder":"","_et_pb_old_content":"","_et_gb_content_width":""},"product_brand":[],"product_cat":[1546],"product_tag":[1547,1496],"class_list":{"0":"post-19465","1":"product","2":"type-product","3":"status-publish","4":"has-post-thumbnail","6":"product_cat-boom-cylinders","7":"product_tag-boom-cylinders","8":"product_tag-hydraulic-cylinders","10":"first","11":"instock","12":"shipping-taxable","13":"product-type-simple"},"amp_enabled":true,"_links":{"self":[{"href":"https:\/\/www.hydraulic-cylinders.net\/tr\/wp-json\/wp\/v2\/product\/19465","targetHints":{"allow":["GET"]}}],"collection":[{"href":"https:\/\/www.hydraulic-cylinders.net\/tr\/wp-json\/wp\/v2\/product"}],"about":[{"href":"https:\/\/www.hydraulic-cylinders.net\/tr\/wp-json\/wp\/v2\/types\/product"}],"replies":[{"embeddable":true,"href":"https:\/\/www.hydraulic-cylinders.net\/tr\/wp-json\/wp\/v2\/comments?post=19465"}],"wp:featuredmedia":[{"embeddable":true,"href":"https:\/\/www.hydraulic-cylinders.net\/tr\/wp-json\/wp\/v2\/media\/17879"}],"wp:attachment":[{"href":"https:\/\/www.hydraulic-cylinders.net\/tr\/wp-json\/wp\/v2\/media?parent=19465"}],"wp:term":[{"taxonomy":"product_brand","embeddable":true,"href":"https:\/\/www.hydraulic-cylinders.net\/tr\/wp-json\/wp\/v2\/product_brand?post=19465"},{"taxonomy":"product_cat","embeddable":true,"href":"https:\/\/www.hydraulic-cylinders.net\/tr\/wp-json\/wp\/v2\/product_cat?post=19465"},{"taxonomy":"product_tag","embeddable":true,"href":"https:\/\/www.hydraulic-cylinders.net\/tr\/wp-json\/wp\/v2\/product_tag?post=19465"}],"curies":[{"name":"wp","href":"https:\/\/api.w.org\/{rel}","templated":true}]}}