{"id":19481,"date":"2025-04-07T06:50:00","date_gmt":"2025-04-07T06:50:00","guid":{"rendered":"https:\/\/www.hydraulic-cylinders.net\/product\/boom-cylinder-for-jchi-ns09-7\/"},"modified":"2025-04-07T06:50:02","modified_gmt":"2025-04-07T06:50:02","slug":"boom-cylinder-for-jchi-ns09-7","status":"publish","type":"product","link":"https:\/\/www.hydraulic-cylinders.net\/tr\/urun\/boom-cylinder-for-jchi-ns09-7\/","title":{"rendered":"JCHI NS09-7 i\u00e7in Bom Silindiri"},"content":{"rendered":"<h1>JCHI NS09-7 i\u00e7in Bom Silindiri<\/h1>\n<h2>\u00dcr\u00fcn Genel Bak\u0131\u015f\u0131<\/h2>\n<p>JCHI NS09-7 Bom Silindiri, a\u011f\u0131r makine kovalar\u0131n\u0131n hareketini kontrol etmek i\u00e7in tasarlanm\u0131\u015f \u00f6zel bir hidrolik silindirdir. Bu silindirler, ekskavat\u00f6rlerde, kaz\u0131c\u0131 y\u00fckleyicilerde ve \u00f6n y\u00fckleyicilerde kullan\u0131lan kovalar\u0131n kald\u0131r\u0131lmas\u0131n\u0131, indirilmesini ve e\u011filmesini sa\u011flayan hidrolik sistemlerdeki \u00f6nemli bile\u015fenlerdir. Verimli malzeme ta\u015f\u0131may\u0131 kolayla\u015ft\u0131r\u0131rlar ve hassas ve g\u00fc\u00e7l\u00fc hareket gerektiren operasyonlar i\u00e7in hayati \u00f6nem ta\u015f\u0131rlar.<\/p>\n<p><img decoding=\"async\" src=\"https:\/\/www.hydraulic-cylinders.net\/wp-content\/uploads\/2025\/04\/songte-company-1.webp\" alt=\"Bom Silindiri\" \/><\/p>\n<h3>Tan\u0131m ve \u0130\u015flev<\/h3>\n<p>Kova silindiri, a\u011f\u0131r makinelerdeki kovalar\u0131n hareketini sa\u011flayan bir t\u00fcr hidrolik silindirdir. Hidrolik s\u0131v\u0131 bas\u0131nc\u0131n\u0131 kullanarak kuvvet olu\u015fturur ve kovan\u0131n kazma, kald\u0131rma ve malzeme bo\u015faltma gibi \u00e7e\u015fitli g\u00f6revleri yerine getirmesini sa\u011flar. Bu silindirlerin tasar\u0131m\u0131, in\u015faat ve tar\u0131m ortamlar\u0131n\u0131n zorlu ko\u015fullar\u0131na dayanabilmelerini sa\u011flayarak, bu alanlardaki profesyoneller i\u00e7in vazge\u00e7ilmezdir.<\/p>\n<h2>Bom Silindirinin \u00d6zellikleri<\/h2>\n<ul>\n<li><strong>Y\u00fcksek Dayan\u0131kl\u0131l\u0131k ve Dayan\u0131kl\u0131l\u0131k:<\/strong> Y\u00fcksek bas\u0131n\u00e7 ve a\u011f\u0131r y\u00fcklere dayanacak, a\u015f\u0131nma ve korozyona diren\u00e7 g\u00f6sterecek \u015fekilde tasarlanm\u0131\u015f, y\u00fcksek mukavemetli \u00e7elik veya al\u00fcminyumdan \u00fcretilmi\u015ftir, b\u00f6ylece silindirin \u00f6mr\u00fc uzar.<\/li>\n<li><strong>Verimli Hidrolik \u00c7al\u0131\u015fma:<\/strong> Hidrolik ya\u011f bas\u0131nc\u0131n\u0131 kullanarak d\u00fczg\u00fcn uzatma ve geri \u00e7ekme sa\u011flar, kontrol komutlar\u0131na h\u0131zl\u0131 yan\u0131tlar verir ve a\u011f\u0131r ve karma\u015f\u0131k g\u00f6revler i\u00e7in uygun \u00f6nemli itme ve \u00e7ekme kuvvetleri sa\u011flar.<\/li>\n<li><strong>\u00c7e\u015fitli T\u00fcrler:<\/strong> \u00c7e\u015fitli operasyonel ihtiya\u00e7lar\u0131 kar\u015f\u0131lamak i\u00e7in tek etkili (bir y\u00f6nde hidrolik bas\u0131n\u00e7 kullanan) veya \u00e7ift etkili (her iki y\u00f6nde hidrolik bas\u0131n\u00e7 kullanan) olarak mevcuttur; baz\u0131 modeller, d\u0131\u015f boyutlar\u0131 art\u0131rmadan daha geni\u015f eri\u015fim i\u00e7in teleskopiktir.<\/li>\n<li><strong>\u00d6zelle\u015ftirilebilir Se\u00e7enekler:<\/strong> Mevcut hidrolik silindirlerinizi m\u00fckemmel bir \u015fekilde de\u011fi\u015ftirmek i\u00e7in bu \u00fcr\u00fcn\u00fc \u00fcretebilir, makinelerinizde uyumlulu\u011fu ve verimlili\u011fi garanti alt\u0131na alabiliriz.<\/li>\n<\/ul>\n<p><img decoding=\"async\" src=\"https:\/\/www.hydraulic-cylinders.net\/wp-content\/uploads\/2025\/04\/songte-cylinder-head-with-all-kinds-excavator-models.webp\" alt=\"Ekskavat\u00f6r Modelleri\" \/><\/p>\n<h2>Uygulama Senaryolar\u0131<\/h2>\n<h3>\u0130n\u015faat Ekipmanlar\u0131:<\/h3>\n<p>Ekskavat\u00f6rlerde bom silindirleri, kaz\u0131, y\u00fckleme ve toprak veya moloz ta\u015f\u0131mada hayati \u00f6nem ta\u015f\u0131r. Kovan\u0131n zemine etkili bir \u015fekilde n\u00fcfuz etmesini sa\u011flayarak, hassasiyet ve g\u00fc\u00e7 gerektiren \u015fantiyeler i\u00e7in vazge\u00e7ilmezdir. Bir beko-loderin i\u015flevselli\u011fi, hem kazma hem de kald\u0131rma i\u015flerine yard\u0131mc\u0131 olan kova silindiri ile de art\u0131r\u0131l\u0131r.<\/p>\n<h3>Tar\u0131m Makinalar\u0131:<\/h3>\n<p>\u00d6n y\u00fckleyicilerde bom silindiri, toprak, saman ve di\u011fer malzemeleri toplamak, kald\u0131rmak ve ta\u015f\u0131mak i\u00e7in kullan\u0131l\u0131r. Bu silindirlerin esnekli\u011fi, \u00e7ift\u00e7ilerin birden fazla g\u00f6revi verimli bir \u015fekilde ger\u00e7ekle\u015ftirmesini sa\u011flayarak tar\u0131msal faaliyetlerde verimlili\u011fi art\u0131r\u0131r.<\/p>\n<h3>Ekskavat\u00f6rler:<\/h3>\n<p>Kova silindiri, kovan\u0131n topra\u011fa n\u00fcfuz etmesini sa\u011flayarak kazma i\u015flemine olanak tan\u0131r ve bu da onu kaz\u0131 projelerinde kritik bir bile\u015fen haline getirir. \u00d6nemli kald\u0131rma kuvveti sa\u011flama kabiliyeti, a\u011f\u0131r hizmet uygulamalar\u0131 i\u00e7in olmazsa olmazd\u0131r.<\/p>\n<h3>Y\u00fckleyiciler:<\/h3>\n<p>\u00d6n y\u00fckleyicilerde bom silindirleri, y\u00fcklerin etkili bir \u015fekilde kald\u0131r\u0131lmas\u0131na ve bo\u015falt\u0131lmas\u0131na yard\u0131mc\u0131 olur. Sa\u011flam tasar\u0131mlar\u0131, malzeme ta\u015f\u0131man\u0131n zorluklar\u0131na dayanabilmelerini sa\u011flayarak onlar\u0131 \u00e7e\u015fitli y\u00fckleme g\u00f6revleri i\u00e7in g\u00fcvenilir bir se\u00e7enek haline getirir.<\/p>\n<h2>Tasar\u0131m Hususlar\u0131 ve Se\u00e7im Kriterleri<\/h2>\n<h3>Y\u00fck Kapasitesi:<\/h3>\n<p>Bir bom silindiri se\u00e7erken, y\u00fck kapasitesini anlamak \u00e7ok \u00f6nemlidir. Silindir, ar\u0131zay\u0131 \u00f6nlemek ve g\u00fcvenli\u011fi sa\u011flamak i\u00e7in \u00e7al\u0131\u015fma s\u0131ras\u0131nda beklenen maksimum a\u011f\u0131rl\u0131\u011f\u0131 kald\u0131rabilecek kapasitede olmal\u0131d\u0131r. M\u00fchendisler, y\u00fck gereksinimlerini do\u011fru bir \u015fekilde hesaplamal\u0131 ve beklenmedik stres fakt\u00f6rlerini hesaba katmak i\u00e7in bu \u00f6zellikleri a\u015fan bir silindir se\u00e7melidir.<\/p>\n<h3>S\u0131zd\u0131rmazl\u0131k:<\/h3>\n<p>Hidrolik bas\u0131nc\u0131 korumak ve s\u0131z\u0131nt\u0131lar\u0131 \u00f6nlemek i\u00e7in etkili s\u0131zd\u0131rmazl\u0131k hayati \u00f6nem ta\u015f\u0131r. Y\u00fcksek kaliteli contalar, zorlu ko\u015fullara dayan\u0131kl\u0131 olmal\u0131 ve uzun s\u00fcre sa\u011flaml\u0131\u011f\u0131n\u0131 korumal\u0131d\u0131r. Poli\u00fcretan veya nitril kau\u00e7uk gibi s\u0131zd\u0131rmazl\u0131k malzemelerinin se\u00e7imi, hidrolik sistemin performans\u0131nda ve uzun \u00f6m\u00fcrl\u00fcl\u00fc\u011f\u00fcnde \u00f6nemli bir rol oynar.<\/p>\n<h3>Dayan\u0131kl\u0131l\u0131k:<\/h3>\n<p>Hidrolik silindirler i\u00e7in dayan\u0131kl\u0131l\u0131k, \u00f6zellikle zorlu ortamlarda olmazsa olmazd\u0131r. Malzemeler, a\u015f\u0131nmaya ve nem ve a\u015f\u0131nd\u0131r\u0131c\u0131 maddeler gibi \u00e7evresel fakt\u00f6rlere dayan\u0131kl\u0131 olmal\u0131d\u0131r. Silindir durumunun d\u00fczenli olarak de\u011ferlendirilmesi, erken ar\u0131zalar\u0131 \u00f6nleyebilir ve uzun s\u00fcreli \u00e7al\u0131\u015fma sa\u011flayabilir.<\/p>\n<h3>Emniyet:<\/h3>\n<p>Hidrolik sistemlerde g\u00fcvenlik \u00f6zellikleri \u00e7ok \u00f6nemlidir. Bas\u0131n\u00e7 tahliye valfleri ve emniyet kilitleri gibi g\u00fcvenlik \u00f6nlemlerinin uygulanmas\u0131, ekipman\u0131n tasarlanan parametreler dahilinde \u00e7al\u0131\u015fmas\u0131n\u0131 sa\u011flayarak kaza ve ekipman hasar\u0131 riskini azalt\u0131r.<\/p>\n<h3>Bak\u0131m:<\/h3>\n<p>Bak\u0131m hususlar\u0131 tasar\u0131m a\u015famas\u0131nda dikkate al\u0131nmal\u0131d\u0131r. Kolay bak\u0131m sa\u011flamak, hidrolik silindirlerin iyi \u00e7al\u0131\u015fma ko\u015fullar\u0131nda kalmas\u0131n\u0131 sa\u011flamak ve ar\u0131za s\u00fcrelerini en aza indirmek i\u00e7in ya\u011flama ve d\u00fczenli kontrol noktalar\u0131 sa\u011flanmal\u0131d\u0131r.<\/p>\n<p><img decoding=\"async\" src=\"https:\/\/www.hydraulic-cylinders.net\/wp-content\/uploads\/2025\/04\/songte-oil-pipes-and-spare-parts.webp\" alt=\"Petrol Borular\u0131 ve Yedek Par\u00e7alar\u0131\" \/><\/p>\n<h2>S\u0131zd\u0131rmazl\u0131k ve Ya\u011flama<\/h2>\n<p>Piston contalar\u0131 ve piston kolu contalar\u0131 gibi \u00e7e\u015fitli s\u0131zd\u0131rmazl\u0131k bile\u015fenlerinin kullan\u0131m\u0131, hidrolik i\u015flevin korunmas\u0131 i\u00e7in hayati \u00f6nem ta\u015f\u0131r. Contalar, a\u015f\u0131nma ve bas\u0131nca dayan\u0131kl\u0131 poli\u00fcretan ve nitril kau\u00e7uk gibi dayan\u0131kl\u0131 malzemelerden yap\u0131lmal\u0131d\u0131r. Silindir g\u00f6vdesi ve di\u015fli u\u00e7lar, a\u015f\u0131nma direncini art\u0131rmak i\u00e7in hassas bir i\u015fleme tabi tutulmal\u0131d\u0131r. Optimum performans\u0131 korumak ve \u00e7al\u0131\u015fma sorunlar\u0131n\u0131 \u00f6nlemek i\u00e7in uygun hidrolik s\u0131v\u0131 ile d\u00fczenli ya\u011flama gereklidir.<\/p>\n<h2>D\u00fczenli Muayene ve \u00d6nleyici Bak\u0131m<\/h2>\n<ul>\n<li><strong>D\u00fczenli Kontroller:<\/strong> A\u015f\u0131nma, s\u0131z\u0131nt\u0131 veya hasar belirtilerini aramak i\u00e7in rutin bir inceleme program\u0131 uygulamak, sorunlar\u0131n ciddi sorunlara d\u00f6n\u00fc\u015fmeden \u00f6nce belirlenmesine yard\u0131mc\u0131 olabilir.<\/li>\n<li><strong>Uygun Ya\u011flama:<\/strong> Sistemin sorunsuz \u00e7al\u0131\u015fmas\u0131n\u0131 sa\u011flamak i\u00e7in hidrolik ya\u011f\u0131n \u00f6nerilen seviyelerde yenilendi\u011finden ve muhafaza edildi\u011finden emin olun.<\/li>\n<li><strong>Conta De\u011fi\u015fimi:<\/strong> S\u0131z\u0131nt\u0131y\u0131 \u00f6nlemek ve sistem b\u00fct\u00fcnl\u00fc\u011f\u00fcn\u00fc korumak i\u00e7in contalar\u0131 d\u00fczenli olarak a\u015f\u0131nma a\u00e7\u0131s\u0131ndan de\u011ferlendirin ve gerekti\u011finde de\u011fi\u015ftirin.<\/li>\n<\/ul>\n<h2>Kurulum Talimatlar\u0131<\/h2>\n<p>Bom silindirinin do\u011fru montaj\u0131, performans\u0131 i\u00e7in kritik \u00f6neme sahiptir. \u00d6ncelikle t\u00fcm montaj y\u00fczeylerinin temiz ve kal\u0131nt\u0131lardan ar\u0131nd\u0131r\u0131lm\u0131\u015f oldu\u011fundan emin olun. Silindiri, hizalama sorunlar\u0131n\u0131 \u00f6nlemek i\u00e7in makinenin \u015fasisiyle hizalayarak do\u011fru bir \u015fekilde konumland\u0131r\u0131n. Silindiri s\u0131k\u0131ca yerine sabitlemek i\u00e7in uygun montaj braketlerini kullan\u0131n. Montajdan sonra, t\u00fcm hidrolik hatlar\u0131n\u0131n do\u011fru \u015fekilde ba\u011fland\u0131\u011f\u0131ndan ve s\u0131z\u0131nt\u0131 olmad\u0131\u011f\u0131ndan emin olun. Son olarak, silindirin sorunsuz ve verimli bir \u015fekilde \u00e7al\u0131\u015ft\u0131\u011f\u0131n\u0131 do\u011frulamak i\u00e7in bir test \u00e7al\u0131\u015fmas\u0131 yap\u0131n.<\/p>\n<h2>Bak\u0131m G\u00f6revleri<\/h2>\n<ul>\n<li><strong>D\u00fczenli Denetimler:<\/strong> Potansiyel sorunlar\u0131 belirlemek i\u00e7in s\u0131k s\u0131k denetimler yap\u0131n, contalar\u0131n ve ba\u011flant\u0131lar\u0131n sa\u011flam ve \u00e7al\u0131\u015f\u0131r durumda oldu\u011fundan emin olun.<\/li>\n<li><strong>Uygun Ya\u011flama:<\/strong> \u00dcretici spesifikasyonlar\u0131na uygun bir ya\u011flama program\u0131 uygulay\u0131n, hidrolik ya\u011f\u0131n temiz ve uygun seviyelerde oldu\u011fundan emin olun.<\/li>\n<li><strong>Conta De\u011fi\u015fimi:<\/strong> S\u0131z\u0131nt\u0131lar\u0131 \u00f6nlemek ve operasyonel verimlili\u011fi korumak i\u00e7in contalar\u0131n durumunu izleyin ve a\u015f\u0131nma belirtileri tespit edildi\u011finde contalar\u0131 de\u011fi\u015ftirin.<\/li>\n<\/ul>\n<h2>G\u00fcvenlik Hususlar\u0131 ve \u00c7evresel Fakt\u00f6rler<\/h2>\n<p>Hidrolik silindirleri kullan\u0131rken g\u00fcvenlik \u00f6nlemlerinin uygulanmas\u0131 \u00e7ok \u00f6nemlidir. Operat\u00f6rler g\u00fcvenli uygulamalar konusunda e\u011fitilmeli ve hidrolik sistemlerle ili\u015fkili potansiyel tehlikelerin fark\u0131nda olmal\u0131d\u0131r. D\u00fczenli g\u00fcvenlik denetimleri, risklerin belirlenmesine ve azalt\u0131lmas\u0131na yard\u0131mc\u0131 olarak g\u00fcvenli bir \u00e7al\u0131\u015fma ortam\u0131 sa\u011flayabilir.<\/p>\n<h2>Ar\u0131za Te\u015fhisi ve Yayg\u0131n Sorunlar<\/h2>\n<ul>\n<li><strong>S\u0131z\u0131nt\u0131lar:<\/strong> A\u015f\u0131nm\u0131\u015f contalar veya hasarl\u0131 hortumlar nedeniyle s\u0131z\u0131nt\u0131lar meydana gelebilir. S\u0131v\u0131 kayb\u0131n\u0131 \u00f6nlemek i\u00e7in contalar\u0131 d\u00fczenli olarak kontrol edin ve gerekti\u011finde de\u011fi\u015ftirin.<\/li>\n<li><strong>Performans Sorunlar\u0131:<\/strong> Silindir d\u00fczg\u00fcn bir \u015fekilde ileri veya geri \u00e7ekilmiyorsa, t\u0131kan\u0131kl\u0131k veya d\u00fc\u015f\u00fck hidrolik s\u0131v\u0131 seviyesi olup olmad\u0131\u011f\u0131n\u0131 kontrol edin.<\/li>\n<li><strong>Al\u0131\u015f\u0131lmad\u0131k Sesler:<\/strong> \u00c7al\u0131\u015fma s\u0131ras\u0131nda duyulan sesler, i\u00e7 hasar veya d\u00fc\u015f\u00fck ya\u011flama seviyesi belirtisi olabilir. Daha fazla hasar\u0131 \u00f6nlemek i\u00e7in acil de\u011ferlendirme gereklidir.<\/li>\n<\/ul>\n<p>Okuyucular\u0131n sorunlar\u0131 etkili bir \u015fekilde te\u015fhis etmelerine ve \u00e7\u00f6zmelerine yard\u0131mc\u0131 olmak i\u00e7in, potansiyel sorunlar\u0131 en aza indiren \u00f6nleyici tedbirler uygulayarak proaktif bir yakla\u015f\u0131m s\u00fcrd\u00fcr\u00fcn.<\/p>\n<p><img decoding=\"async\" src=\"https:\/\/www.hydraulic-cylinders.net\/wp-content\/uploads\/2025\/04\/songte-bushings-with-all-kinds-of-excavator-models.webp\" alt=\"Ekskavat\u00f6r Modellerinde Bur\u00e7lar\" \/><\/p>\n<h2>\u015eirket Genel Bak\u0131\u015f\u0131<\/h2>\n<p>Hem yurt i\u00e7i hem de yurt d\u0131\u015f\u0131 pazarlara geni\u015f bir \u00fcr\u00fcn yelpazesi sunan lider bir yedek hidrolik silindir \u00fcreticisiyiz. Kalitede m\u00fckemmelli\u011fe olan ba\u011fl\u0131l\u0131\u011f\u0131m\u0131z, geli\u015fmi\u015f bir \u00fcretim y\u00f6netimi stratejisiyle desteklenmektedir. Nitelikli teknik personele, geli\u015fmi\u015f dijital \u00fcretim ekipmanlar\u0131na ve profesyonel test sistemlerine yat\u0131r\u0131m yaparak \u00fcretim kapasitemizi s\u00fcrekli olarak geli\u015ftiriyoruz. Y\u00fcksek verimlilik, hassasiyet ve kaliteye odaklanmam\u0131z, m\u00fc\u015fterilerimizin \u00e7e\u015fitli ihtiya\u00e7lar\u0131n\u0131 kar\u015f\u0131lamam\u0131z\u0131 sa\u011flar.<\/p>\n<p><img decoding=\"async\" src=\"https:\/\/www.hydraulic-cylinders.net\/wp-content\/uploads\/2025\/04\/songte-company-4.webp\" alt=\"\u015eirket Genel Bak\u0131\u015f\u0131 1\" \/><br \/>\n<img decoding=\"async\" src=\"https:\/\/www.hydraulic-cylinders.net\/wp-content\/uploads\/2025\/04\/songte-company-3.webp\" alt=\"\u015eirket Genel Bak\u0131\u015f\u0131 2\" \/><\/p>\n<p>Sonu\u00e7 olarak, uluslararas\u0131 sertifikalar\u0131m\u0131z ve \u00f6zel ihtiya\u00e7lara g\u00f6re uyarlanm\u0131\u015f hizmetlerimizle hidrolik silindir \u00fcretiminde uzman \u00e7\u00f6z\u00fcmler sunuyoruz. Son teknoloji \u00fcretim ekipmanlar\u0131m\u0131z ve \u00f6zel sat\u0131\u015f sonras\u0131 hizmetlerimiz, hidrolik silindir sekt\u00f6r\u00fcnde g\u00fcvenilir bir ortak olarak konumumuzu daha da sa\u011flamla\u015ft\u0131r\u0131yor.<\/p>\n<p>Yazar: lyl<\/p>","protected":false},"excerpt":{"rendered":"<p>Boom Cylinder For JCHI NS09-7 Product Overview The Boom Cylinder for JCHI NS09-7 is a specialized hydraulic cylinder designed to control the movement of heavy machinery buckets. These cylinders are crucial components in hydraulic systems, enabling the lifting, lowering, and tilting of buckets used in excavators, backhoe loaders, and front-end loaders. They facilitate efficient material [&hellip;]<\/p>","protected":false},"featured_media":17880,"comment_status":"open","ping_status":"closed","template":"","meta":{"_et_pb_use_builder":"","_et_pb_old_content":"","_et_gb_content_width":""},"product_brand":[],"product_cat":[1546],"product_tag":[1547,1496],"class_list":{"0":"post-19481","1":"product","2":"type-product","3":"status-publish","4":"has-post-thumbnail","6":"product_cat-boom-cylinders","7":"product_tag-boom-cylinders","8":"product_tag-hydraulic-cylinders","10":"first","11":"instock","12":"shipping-taxable","13":"product-type-simple"},"amp_enabled":true,"_links":{"self":[{"href":"https:\/\/www.hydraulic-cylinders.net\/tr\/wp-json\/wp\/v2\/product\/19481","targetHints":{"allow":["GET"]}}],"collection":[{"href":"https:\/\/www.hydraulic-cylinders.net\/tr\/wp-json\/wp\/v2\/product"}],"about":[{"href":"https:\/\/www.hydraulic-cylinders.net\/tr\/wp-json\/wp\/v2\/types\/product"}],"replies":[{"embeddable":true,"href":"https:\/\/www.hydraulic-cylinders.net\/tr\/wp-json\/wp\/v2\/comments?post=19481"}],"wp:featuredmedia":[{"embeddable":true,"href":"https:\/\/www.hydraulic-cylinders.net\/tr\/wp-json\/wp\/v2\/media\/17880"}],"wp:attachment":[{"href":"https:\/\/www.hydraulic-cylinders.net\/tr\/wp-json\/wp\/v2\/media?parent=19481"}],"wp:term":[{"taxonomy":"product_brand","embeddable":true,"href":"https:\/\/www.hydraulic-cylinders.net\/tr\/wp-json\/wp\/v2\/product_brand?post=19481"},{"taxonomy":"product_cat","embeddable":true,"href":"https:\/\/www.hydraulic-cylinders.net\/tr\/wp-json\/wp\/v2\/product_cat?post=19481"},{"taxonomy":"product_tag","embeddable":true,"href":"https:\/\/www.hydraulic-cylinders.net\/tr\/wp-json\/wp\/v2\/product_tag?post=19481"}],"curies":[{"name":"wp","href":"https:\/\/api.w.org\/{rel}","templated":true}]}}