{"id":19488,"date":"2025-04-07T06:50:20","date_gmt":"2025-04-07T06:50:20","guid":{"rendered":"https:\/\/www.hydraulic-cylinders.net\/product\/boom-cylinder-for-jchi-ns220c\/"},"modified":"2025-04-07T06:50:23","modified_gmt":"2025-04-07T06:50:23","slug":"boom-cylinder-for-jchi-ns220c","status":"publish","type":"product","link":"https:\/\/www.hydraulic-cylinders.net\/tr\/urun\/boom-cylinder-for-jchi-ns220c\/","title":{"rendered":"JCHI NS220C i\u00e7in Bom Silindiri"},"content":{"rendered":"<h1>JCHI NS220C i\u00e7in Bom Silindiri<\/h1>\n<h2>Bom Silindirine Giri\u015f<\/h2>\n<p>JCHI NS220C i\u00e7in \u00f6zel olarak tasarlanm\u0131\u015f olan Bom Silindiri, a\u011f\u0131r makinelerde kullan\u0131lan hidrolik sistemlerde kritik bir bile\u015fendir. Bu hidrolik silindir, ekskavat\u00f6rlerde, beko y\u00fckleyicilerde ve \u00f6n y\u00fckleyicilerde kep\u00e7enin hareketini kontrol etmekten sorumludur. Kep\u00e7enin kald\u0131r\u0131lmas\u0131n\u0131, indirilmesini ve e\u011filmesini sa\u011flayarak verimli malzeme ta\u015f\u0131ma i\u015flemlerini kolayla\u015ft\u0131r\u0131r. Bu hidrolik silindir, hidrolik s\u0131v\u0131 bas\u0131nc\u0131n\u0131n uygulanmas\u0131yla \u00e7al\u0131\u015f\u0131r ve in\u015faat ve tar\u0131m makinelerinde \u00e7e\u015fitli i\u015flemler i\u00e7in gerekli kuvveti sa\u011flar.<\/p>\n<p><img decoding=\"async\" src=\"https:\/\/www.hydraulic-cylinders.net\/wp-content\/uploads\/2025\/04\/songte-company-1.webp\" alt=\"Bom Silindiri G\u00f6r\u00fcnt\u00fcs\u00fc\" \/><\/p>\n<h2>Bom Silindirinin \u00d6zellikleri<\/h2>\n<ul>\n<li>\n<h3>Y\u00fcksek G\u00fc\u00e7 ve Dayan\u0131kl\u0131l\u0131k<\/h3>\n<p>Y\u00fcksek mukavemetli \u00e7elik veya al\u00fcminyumdan \u00fcretilen bu silindir, y\u00fcksek bas\u0131nca ve a\u011f\u0131r y\u00fcklere dayanabilir, bu da onu zorlu \u00e7al\u0131\u015fma ortamlar\u0131 i\u00e7in uygun hale getirir. A\u015f\u0131nma ve korozyon direncini i\u00e7eren tasar\u0131m\u0131, kullan\u0131m \u00f6mr\u00fcn\u00fc uzat\u0131r.<\/p>\n<\/li>\n<li>\n<h3>Verimli Hidrolik \u00c7al\u0131\u015fma<\/h3>\n<p>Hidrolik ya\u011f bas\u0131nc\u0131n\u0131 kullanan bom silindiri, yumu\u015fak ve hassas bir uzama ve geri \u00e7ekme hareketi sa\u011flayarak, a\u011f\u0131r ve karma\u015f\u0131k i\u015flerin \u00fcstesinden gelmek i\u00e7in gerekli olan g\u00fc\u00e7l\u00fc itme ve \u00e7ekme kuvvetleri sunar.<\/p>\n<\/li>\n<li>\n<h3>\u00c7e\u015fitli T\u00fcrler<\/h3>\n<p>Tek y\u00f6nl\u00fc (tek y\u00f6nde \u00e7al\u0131\u015fan) veya \u00e7ift y\u00f6nl\u00fc (iki y\u00f6nde \u00e7al\u0131\u015fan) konfig\u00fcrasyonlarda mevcut olup, \u00e7e\u015fitli \u00e7al\u0131\u015fma ihtiya\u00e7lar\u0131n\u0131 kar\u015f\u0131lamaktad\u0131r. Baz\u0131 modeller teleskopiktir ve d\u0131\u015f boyutlar\u0131 art\u0131rmadan daha fazla uzatmaya olanak tan\u0131r; bu da s\u0131n\u0131rl\u0131 alan gerektiren uygulamalar i\u00e7in idealdir.<\/p>\n<\/li>\n<\/ul>\n<h2>\u00dcretim Yetene\u011fi<\/h2>\n<p>Bu bom silindirinin \u00fcretiminde uzmanla\u015fm\u0131\u015f olup, \u00fcr\u00fcnlerimizin mevcut hidrolik silindirlerin m\u00fckemmel birer alternatifi olmas\u0131n\u0131 sa\u011fl\u0131yoruz.<\/p>\n<p><img decoding=\"async\" src=\"https:\/\/www.hydraulic-cylinders.net\/wp-content\/uploads\/2025\/04\/songte-cylinder-head-with-all-kinds-excavator-models.webp\" alt=\"Silindir Kapa\u011f\u0131 G\u00f6r\u00fcnt\u00fcs\u00fc\" \/><\/p>\n<h2>Uygulama Senaryolar\u0131<\/h2>\n<ul>\n<li>\n<h3>\u0130n\u015faat Ekipmanlar\u0131<\/h3>\n<p>Ekskavat\u00f6rlerde, bom silindirleri kazma, y\u00fckleme ve toprak veya moloz ta\u015f\u0131ma i\u015flemlerinde hayati \u00f6neme sahiptir. Kaz\u0131c\u0131 y\u00fckleyicilerde ise sadece kazmada de\u011fil, kald\u0131rma i\u015flemlerinde de yard\u0131mc\u0131 olarak \u00e7e\u015fitli in\u015faat i\u015flerinde vazge\u00e7ilmez bir rol oynarlar.<\/p>\n<\/li>\n<li>\n<h3>Tar\u0131m Makinalar\u0131<\/h3>\n<p>\u00d6n y\u00fckleyicilerde kullan\u0131lan bom silindirleri, toprak, saman ve di\u011fer malzemelerin kep\u00e7eyle al\u0131nmas\u0131, kald\u0131r\u0131lmas\u0131 ve ta\u015f\u0131nmas\u0131 i\u00e7in hayati \u00f6neme sahiptir ve tar\u0131msal faaliyetlerde verimlili\u011fi art\u0131r\u0131r.<\/p>\n<\/li>\n<li>\n<h3>Ekskavat\u00f6rler<\/h3>\n<p>Bom silindiri, kep\u00e7enin topra\u011fa etkili bir \u015fekilde n\u00fcfuz etmesini sa\u011flayarak, in\u015faat ve peyzaj projelerinde hayati \u00f6nem ta\u015f\u0131yan verimli kaz\u0131 i\u015flemlerini kolayla\u015ft\u0131r\u0131r.<\/p>\n<\/li>\n<li>\n<h3>Y\u00fckleyiciler<\/h3>\n<p>\u00d6nden y\u00fcklemeli ara\u00e7larda, bu silindirler malzemelerin etkili bir \u015fekilde kald\u0131r\u0131lmas\u0131na ve bo\u015falt\u0131lmas\u0131na yard\u0131mc\u0131 olarak verimli y\u00fckleme ve bo\u015faltma s\u00fcre\u00e7lerine katk\u0131da bulunur.<\/p>\n<\/li>\n<\/ul>\n<h2>Tasar\u0131m Hususlar\u0131 ve Se\u00e7im Kriterleri<\/h2>\n<ul>\n<li>\n<h3>Y\u00fck Kapasitesi<\/h3>\n<p>Optimum y\u00fck kapasitesi i\u00e7in tasar\u0131m yapmak, bom silindirinin \u00e7al\u0131\u015fma s\u0131ras\u0131nda beklenen gerilmelere dayanabilmesini sa\u011flamak a\u00e7\u0131s\u0131ndan \u00e7ok \u00f6nemlidir. Bu, maksimum y\u00fck ko\u015fullar\u0131n\u0131n analiz edilmesini ve malzeme ve yap\u0131m tekniklerinin bu talepleri a\u015facak \u015fekilde uygun olmas\u0131n\u0131 sa\u011flamay\u0131 i\u00e7erir.<\/p>\n<\/li>\n<li>\n<h3>S\u0131zd\u0131rmazl\u0131k B\u00fct\u00fcnl\u00fc\u011f\u00fc<\/h3>\n<p>Etkili s\u0131zd\u0131rmazl\u0131k, \u00e7al\u0131\u015fma ar\u0131zalar\u0131na yol a\u00e7abilecek hidrolik s\u0131v\u0131 s\u0131z\u0131nt\u0131s\u0131n\u0131 \u00f6nlemek i\u00e7in \u00e7ok \u00f6nemlidir. Tasar\u0131m, bas\u0131nca ve \u00e7evresel fakt\u00f6rlere dayan\u0131kl\u0131, uzun \u00f6m\u00fcrl\u00fc ve g\u00fcvenilir y\u00fcksek kaliteli contalar i\u00e7ermelidir.<\/p>\n<\/li>\n<li>\n<h3>Dayan\u0131kl\u0131l\u0131k<\/h3>\n<p>Bom silindirleri zorlu ko\u015fullarda \u00e7al\u0131\u015ft\u0131\u011f\u0131 i\u00e7in dayan\u0131kl\u0131l\u0131k hayati bir tasar\u0131m unsurudur. Kullan\u0131lan malzemeler a\u015f\u0131nmaya ve korozyona kar\u015f\u0131 diren\u00e7li olmal\u0131 ve silindir, bozulma olmadan tekrarlanan \u00e7al\u0131\u015fma d\u00f6ng\u00fclerine dayanacak \u015fekilde tasarlanmal\u0131d\u0131r.<\/p>\n<\/li>\n<li>\n<h3>G\u00fcvenlik \u00d6zellikleri<\/h3>\n<p>Bas\u0131n\u00e7 tahliye vanalar\u0131 gibi g\u00fcvenlik \u00f6zelliklerinin entegre edilmesi, felaket niteli\u011findeki ar\u0131zalar\u0131n \u00f6nlenmesine yard\u0131mc\u0131 olur. Tasar\u0131m, bu g\u00fcvenlik mekanizmalar\u0131n\u0131n bak\u0131m kontrolleri i\u00e7in kolayca eri\u015filebilir olmas\u0131n\u0131 sa\u011flamal\u0131d\u0131r.<\/p>\n<\/li>\n<li>\n<h3>Bak\u0131m Eri\u015filebilirli\u011fi<\/h3>\n<p>Tasar\u0131m, kolay bak\u0131m ve onar\u0131ma olanak sa\u011flamal\u0131, eri\u015filebilir bile\u015fenler makinenin kapsaml\u0131 bir \u015fekilde s\u00f6k\u00fclmesine gerek kalmadan bak\u0131m veya de\u011fi\u015fim yap\u0131labilmesini m\u00fcmk\u00fcn k\u0131lmal\u0131d\u0131r.<\/p>\n<\/li>\n<\/ul>\n<p><img decoding=\"async\" src=\"https:\/\/www.hydraulic-cylinders.net\/wp-content\/uploads\/2025\/04\/songte-oil-pipes-and-spare-parts.webp\" alt=\"Petrol Borular\u0131 ve Yedek Par\u00e7a G\u00f6rseli\" \/><\/p>\n<h2>S\u0131zd\u0131rmazl\u0131k ve Ya\u011flama<\/h2>\n<p>Bom silindirlerinin optimum performans\u0131 i\u00e7in etkili s\u0131zd\u0131rmazl\u0131k ve ya\u011flama \u00e7ok \u00f6nemlidir. Piston contalar\u0131 ve mil contalar\u0131 gibi \u00e7e\u015fitli s\u0131zd\u0131rmazl\u0131k elemanlar\u0131, silindir i\u00e7indeki bas\u0131nc\u0131n korunmas\u0131n\u0131 sa\u011flamak i\u00e7in kullan\u0131l\u0131r. Poli\u00fcretan ve nitril kau\u00e7uk dahil olmak \u00fczere bu contalar i\u00e7in se\u00e7ilen malzemeler, a\u015f\u0131nma direncini art\u0131r\u0131r ve kullan\u0131m \u00f6mr\u00fcn\u00fc uzat\u0131r. Ek olarak, silindir g\u00f6vdesi ve di\u015fli u\u00e7 y\u00fczeyleri, dayan\u0131kl\u0131l\u0131\u011f\u0131 art\u0131rmak i\u00e7in hassas bir \u015fekilde i\u015flenir. S\u00fcrt\u00fcnmeyi azaltmak, performans\u0131 art\u0131rmak ve erken a\u015f\u0131nmay\u0131 \u00f6nlemek i\u00e7in hidrolik ya\u011f ile d\u00fczenli ya\u011flama \u015fartt\u0131r.<\/p>\n<h2>D\u00fczenli Muayene ve \u00d6nleyici Bak\u0131m<\/h2>\n<ul>\n<li>\n<h3>D\u00fczenli Denetimler<\/h3>\n<p>Bom silindiri ve ilgili bile\u015fenlerin d\u00fczenli olarak kontrol edilmesi hayati \u00f6nem ta\u015f\u0131r. A\u015f\u0131nma, s\u0131z\u0131nt\u0131 belirtilerine ve \u00e7al\u0131\u015fma s\u0131ras\u0131nda ola\u011fand\u0131\u015f\u0131 seslere dikkat edin. Sorunlar\u0131n zaman\u0131nda tespiti, maliyetli onar\u0131mlar\u0131 ve ar\u0131za s\u00fcrelerini \u00f6nleyebilir.<\/p>\n<\/li>\n<li>\n<h3>Uygun Ya\u011flama<\/h3>\n<p>Silindirin yeterince ya\u011flanmas\u0131, sorunsuz \u00e7al\u0131\u015fman\u0131n s\u00fcrd\u00fcr\u00fclmesi i\u00e7in \u00e7ok \u00f6nemlidir. \u00d6nerilen hidrolik ya\u011f t\u00fcr\u00fcn\u00fc kullan\u0131n ve seviyeleri d\u00fczenli olarak kontrol edin. Ya\u011flama, s\u00fcrt\u00fcnmeyi azaltmaya ve contalar\u0131n ve di\u011fer bile\u015fenlerin \u00f6mr\u00fcn\u00fc uzatmaya yard\u0131mc\u0131 olur.<\/p>\n<\/li>\n<li>\n<h3>Conta De\u011fi\u015fimi ve Kalibrasyon Kontrolleri<\/h3>\n<p>Zamanla, contalar a\u015f\u0131nabilir ve etkilerini kaybedebilir. Hidrolik b\u00fct\u00fcnl\u00fc\u011f\u00fc korumak i\u00e7in contalar\u0131 d\u00fczenli olarak hasar a\u00e7\u0131s\u0131ndan kontrol edin ve gerekti\u011finde de\u011fi\u015ftirin. Ayr\u0131ca, periyodik kalibrasyon kontrolleri, silindirin belirtilen parametreler dahilinde \u00e7al\u0131\u015fmas\u0131n\u0131 sa\u011flayarak g\u00fcvenli\u011fi ve performans\u0131 art\u0131r\u0131r.<\/p>\n<\/li>\n<\/ul>\n<p><img decoding=\"async\" src=\"https:\/\/www.hydraulic-cylinders.net\/wp-content\/uploads\/2025\/04\/songte-chushion-collar.webp\" alt=\"Yast\u0131k Yaka G\u00f6rseli\" \/><\/p>\n<h2>G\u00fcvenlik Hususlar\u0131 ve \u00c7evresel Fakt\u00f6rler<\/h2>\n<p>Bom silindirlerinin \u00e7al\u0131\u015ft\u0131r\u0131lmas\u0131 s\u0131ras\u0131nda g\u00fcvenlik \u00f6nlemlerine \u00f6ncelik verilmelidir. Riskleri en aza indirmek i\u00e7in operat\u00f6rlerin g\u00fcvenlik protokolleri konusunda uygun \u015fekilde e\u011fitilmesi \u015fartt\u0131r. Ayr\u0131ca, hava ko\u015fullar\u0131 gibi \u00e7evresel fakt\u00f6rler silindir performans\u0131n\u0131 etkileyebilir ve operasyonel planlamada dikkate al\u0131nmal\u0131d\u0131r. D\u00fczenli g\u00fcvenlik denetimleri ve y\u00f6netmeliklere uyum, ekipman\u0131n kullan\u0131m\u0131n\u0131n g\u00fcvenli olmas\u0131n\u0131 ve \u00e7evresel etkisinin en aza indirilmesini sa\u011flar.<\/p>\n<h2>Ar\u0131za Te\u015fhisi ve Yayg\u0131n Sorunlar<\/h2>\n<ul>\n<li>\n<h3>S\u0131z\u0131nt\u0131 Sorunlar\u0131<\/h3>\n<p>Hidrolik s\u0131v\u0131 s\u0131z\u0131nt\u0131s\u0131, ar\u0131zal\u0131 bir conta veya hasarl\u0131 bir silindirin g\u00f6stergesi olabilir. D\u00fczenli kontroller, bu sorunlar\u0131n daha b\u00fcy\u00fck problemlere d\u00f6n\u00fc\u015fmeden \u00f6nce tespit edilmesine yard\u0131mc\u0131 olabilir.<\/p>\n<\/li>\n<li>\n<h3>Tutars\u0131z Performans<\/h3>\n<p>E\u011fer bom silindirinde d\u00fczensiz hareket veya azalm\u0131\u015f kuvvet g\u00f6zlemleniyorsa, bunun nedeni hidrolik sistemde hava olmas\u0131 veya yetersiz hidrolik s\u0131v\u0131s\u0131 olabilir. Sorun giderme \u00e7al\u0131\u015fmalar\u0131 bu olas\u0131 nedenlere odaklanmal\u0131d\u0131r.<\/p>\n<\/li>\n<li>\n<h3>\u00c7al\u0131\u015fma S\u0131ras\u0131nda G\u00fcr\u00fclt\u00fc<\/h3>\n<p>Ola\u011fand\u0131\u015f\u0131 sesler, i\u00e7 a\u015f\u0131nma veya hasar\u0131n i\u015fareti olabilir. Sesin kayna\u011f\u0131n\u0131 ara\u015ft\u0131rmak, daha fazla hasar\u0131 \u00f6nleyebilir ve g\u00fcvenli \u00e7al\u0131\u015fmay\u0131 sa\u011flayabilir.<\/p>\n<\/li>\n<\/ul>\n<h2>Sorun Giderme \u0130pu\u00e7lar\u0131 ve \u00c7\u00f6z\u00fcmleri<\/h2>\n<p>Bom silindirlerindeki sorunlar\u0131 etkili bir \u015fekilde te\u015fhis etmek ve \u00e7\u00f6zmek i\u00e7in proaktif bir yakla\u015f\u0131m benimsemek \u00e7ok \u00f6nemlidir. D\u00fczenli bak\u0131m ve kontroller, potansiyel sorunlar\u0131n erken tespit edilmesine yard\u0131mc\u0131 olabilir. Ayr\u0131ca, uygun ya\u011flama sa\u011flamak ve y\u00fcksek kaliteli contalar kullanmak gibi \u00f6nleyici tedbirler uygulamak, gelecekte sorunlar\u0131n ortaya \u00e7\u0131kma olas\u0131l\u0131\u011f\u0131n\u0131 azaltabilir.<\/p>\n<p><img decoding=\"async\" src=\"https:\/\/www.hydraulic-cylinders.net\/wp-content\/uploads\/2025\/04\/songte-bushings-with-all-kinds-of-excavator-models.webp\" alt=\"Bur\u00e7lar G\u00f6r\u00fcnt\u00fcs\u00fc\" \/><\/p>\n<h2>\u015eirket Genel Bak\u0131\u015f\u0131<\/h2>\n<p>\u00d6nde gelen yedek hidrolik silindir \u00fcreticisi ve toptanc\u0131s\u0131 olarak, kapsaml\u0131 bir \u00fcr\u00fcn yelpazesi sunuyoruz. Kaliteye olan ba\u011fl\u0131l\u0131\u011f\u0131m\u0131z ve hassas \u00fcretim stratejimiz, bizi hem yurt i\u00e7inde hem de uluslararas\u0131 alanda pazar lideri konumuna getirmi\u015ftir. \u00dcretim kapasitemizi art\u0131rmak i\u00e7in teknolojik uzmanl\u0131\u011f\u0131m\u0131zdan, geli\u015fmi\u015f \u00fcretim ekipmanlar\u0131m\u0131zdan ve profesyonel test sistemlerimizden yararlan\u0131yoruz. Y\u00fcksek verimlilik, hassasiyet ve kaliteye odaklanmam\u0131z, g\u00fc\u00e7l\u00fc yarat\u0131c\u0131 yeteneklerimizi korurken \u00e7e\u015fitli m\u00fc\u015fteri ihtiya\u00e7lar\u0131n\u0131 kar\u015f\u0131lamam\u0131z\u0131 sa\u011fl\u0131yor.<\/p>\n<p><img decoding=\"async\" src=\"https:\/\/www.hydraulic-cylinders.net\/wp-content\/uploads\/2025\/04\/songte-company-4.webp\" alt=\"\u015eirket \u0130maj\u0131\" \/><br \/>\n<img decoding=\"async\" src=\"https:\/\/www.hydraulic-cylinders.net\/wp-content\/uploads\/2025\/04\/songte-company-3.webp\" alt=\"\u015eirket \u0130maj\u0131\" \/><\/p>\n<p>Uzmanl\u0131\u011f\u0131m\u0131z, profesyonel sertifikalar\u0131, \u00f6zelle\u015ftirilmi\u015f hizmetleri, geli\u015fmi\u015f \u00fcretim ekipmanlar\u0131n\u0131 ve kapsaml\u0131 sat\u0131\u015f sonras\u0131 deste\u011fi kapsamaktad\u0131r.<\/p>\n<p>Yazar: lyl<\/p>","protected":false},"excerpt":{"rendered":"<p>Boom Cylinder For JCHI NS220C Introduction to the Boom Cylinder The Boom Cylinder, specifically designed for JCHI NS220C, is a critical component in hydraulic systems used in heavy machinery. This hydraulic cylinder is responsible for controlling the movement of the bucket in excavators, backhoe loaders, and front-end loaders. It enables the bucket to lift, lower, [&hellip;]<\/p>","protected":false},"featured_media":17872,"comment_status":"open","ping_status":"closed","template":"","meta":{"_et_pb_use_builder":"","_et_pb_old_content":"","_et_gb_content_width":""},"product_brand":[],"product_cat":[1546],"product_tag":[1547,1496],"class_list":{"0":"post-19488","1":"product","2":"type-product","3":"status-publish","4":"has-post-thumbnail","6":"product_cat-boom-cylinders","7":"product_tag-boom-cylinders","8":"product_tag-hydraulic-cylinders","10":"first","11":"instock","12":"shipping-taxable","13":"product-type-simple"},"amp_enabled":true,"_links":{"self":[{"href":"https:\/\/www.hydraulic-cylinders.net\/tr\/wp-json\/wp\/v2\/product\/19488","targetHints":{"allow":["GET"]}}],"collection":[{"href":"https:\/\/www.hydraulic-cylinders.net\/tr\/wp-json\/wp\/v2\/product"}],"about":[{"href":"https:\/\/www.hydraulic-cylinders.net\/tr\/wp-json\/wp\/v2\/types\/product"}],"replies":[{"embeddable":true,"href":"https:\/\/www.hydraulic-cylinders.net\/tr\/wp-json\/wp\/v2\/comments?post=19488"}],"wp:featuredmedia":[{"embeddable":true,"href":"https:\/\/www.hydraulic-cylinders.net\/tr\/wp-json\/wp\/v2\/media\/17872"}],"wp:attachment":[{"href":"https:\/\/www.hydraulic-cylinders.net\/tr\/wp-json\/wp\/v2\/media?parent=19488"}],"wp:term":[{"taxonomy":"product_brand","embeddable":true,"href":"https:\/\/www.hydraulic-cylinders.net\/tr\/wp-json\/wp\/v2\/product_brand?post=19488"},{"taxonomy":"product_cat","embeddable":true,"href":"https:\/\/www.hydraulic-cylinders.net\/tr\/wp-json\/wp\/v2\/product_cat?post=19488"},{"taxonomy":"product_tag","embeddable":true,"href":"https:\/\/www.hydraulic-cylinders.net\/tr\/wp-json\/wp\/v2\/product_tag?post=19488"}],"curies":[{"name":"wp","href":"https:\/\/api.w.org\/{rel}","templated":true}]}}