{"id":19489,"date":"2025-04-07T06:50:23","date_gmt":"2025-04-07T06:50:23","guid":{"rendered":"https:\/\/www.hydraulic-cylinders.net\/product\/boom-cylinder-for-sinomach-zg3065-9\/"},"modified":"2025-04-07T06:50:25","modified_gmt":"2025-04-07T06:50:25","slug":"boom-cylinder-for-sinomach-zg3065-9","status":"publish","type":"product","link":"https:\/\/www.hydraulic-cylinders.net\/tr\/urun\/boom-cylinder-for-sinomach-zg3065-9\/","title":{"rendered":"Sinomach ZG3065-9 i\u00e7in Bom Silindiri"},"content":{"rendered":"<h1>Sinomach ZG3065-9 i\u00e7in Bom Silindiri<\/h1>\n<h2>Bom Silindirine Giri\u015f<\/h2>\n<p>Bom silindiri, \u00f6zellikle ekskavat\u00f6rler, kaz\u0131c\u0131 y\u00fckleyiciler ve \u00f6n y\u00fckleyiciler gibi a\u011f\u0131r makinelerde kep\u00e7elerin hareketini kontrol etmek i\u00e7in tasarlanm\u0131\u015f, hidrolik sistemlerde hayati bir bile\u015fendir. Bu hidrolik silindir, kep\u00e7enin kald\u0131r\u0131lmas\u0131n\u0131, indirilmesini ve e\u011filmesini sa\u011flayarak verimli malzeme ta\u015f\u0131ma i\u015flemlerini kolayla\u015ft\u0131r\u0131r. \u00c7e\u015fitli in\u015faat ve tar\u0131m makinelerinin \u00e7al\u0131\u015fmas\u0131nda \u00e7ok \u00f6nemli bir rol oynar ve a\u011f\u0131r y\u00fcklerin hassas ve kolay bir \u015fekilde ta\u015f\u0131nmas\u0131n\u0131 sa\u011flar.<\/p>\n<p><img decoding=\"async\" src=\"https:\/\/www.hydraulic-cylinders.net\/wp-content\/uploads\/2025\/04\/songte-company-1.webp\" alt=\"Bom Silindiri G\u00f6r\u00fcnt\u00fcs\u00fc\" \/><\/p>\n<h2>Bom Silindirinin \u00d6zellikleri<\/h2>\n<ul>\n<li><strong>Y\u00fcksek Dayan\u0131kl\u0131l\u0131k ve Dayan\u0131kl\u0131l\u0131k:<\/strong> Y\u00fcksek mukavemetli \u00e7elik veya al\u00fcminyumdan \u00fcretilen bom silindiri, y\u00fcksek bas\u0131nca ve a\u011f\u0131r y\u00fcklere dayanacak \u015fekilde tasarlanm\u0131\u015ft\u0131r ve bu da onu zorlu \u00e7al\u0131\u015fma ortamlar\u0131 i\u00e7in uygun hale getirir. A\u015f\u0131nma ve korozyon direncini de i\u00e7eren tasar\u0131m\u0131, kullan\u0131m \u00f6mr\u00fcn\u00fc \u00f6nemli \u00f6l\u00e7\u00fcde uzat\u0131r.<\/li>\n<li><strong>Verimli Hidrolik \u00c7al\u0131\u015fma:<\/strong> Bom silindiri, sorunsuz uzatma ve geri \u00e7ekme sa\u011flamak i\u00e7in hidrolik ya\u011f bas\u0131nc\u0131n\u0131 kullan\u0131r, operat\u00f6r komutlar\u0131na h\u0131zl\u0131 yan\u0131t verir ve g\u00fc\u00e7l\u00fc itme-\u00e7ekme kuvveti sunarak a\u011f\u0131r malzemelerin ve karma\u015f\u0131k i\u015flerin ta\u015f\u0131nmas\u0131 i\u00e7in idealdir.<\/li>\n<li><strong>\u00c7e\u015fitli T\u00fcrler:<\/strong> Operasyonel ihtiya\u00e7lara ba\u011fl\u0131 olarak, m\u00fc\u015fteriler tek etkili (hidrolik tek y\u00f6nde kullan\u0131l\u0131r) veya \u00e7ift etkili (hidrolik her iki y\u00f6nde kullan\u0131l\u0131r) silindirler aras\u0131ndan se\u00e7im yapabilirler. Baz\u0131 modeller teleskopiktir ve d\u0131\u015f boyutlar\u0131 art\u0131rmadan daha fazla uzatmaya olanak tan\u0131r; bu da alan k\u0131s\u0131tlamal\u0131 uygulamalar i\u00e7in idealdir.<\/li>\n<\/ul>\n<p>Bu \u00fcr\u00fcnleri \u00fcretebilecek kapasitedeyiz ve \u00fcr\u00fcnlerimiz mevcut hidrolik silindirlerin yerini m\u00fckemmel bir \u015fekilde alabilir.<\/p>\n<p><img decoding=\"async\" src=\"https:\/\/www.hydraulic-cylinders.net\/wp-content\/uploads\/2025\/04\/songte-cylinder-head-with-all-kinds-excavator-models.webp\" alt=\"Ekskavat\u00f6r Modelleri G\u00f6rseli\" \/><\/p>\n<h2>Bom Silindirinin Uygulamalar\u0131<\/h2>\n<ul>\n<li><strong>\u0130n\u015faat Ekipmanlar\u0131:<\/strong> Ekskavat\u00f6rlerde, bom silindirleri kazma, y\u00fckleme ve toprak veya moloz ta\u015f\u0131ma i\u015flemlerinde hayati \u00f6neme sahiptir. Kaz\u0131c\u0131 y\u00fckleyicilerde ise kova silindiri hem kazma hem de kald\u0131rma i\u015flerinde yard\u0131mc\u0131 olarak \u015fantiyelerde verimlili\u011fi art\u0131r\u0131r.<\/li>\n<li><strong>Tar\u0131m Makinalar\u0131:<\/strong> \u00d6n y\u00fckleyicilerde kullan\u0131lan bom silindirleri, toprak, saman ve di\u011fer malzemelerin kep\u00e7eyle al\u0131nmas\u0131, kald\u0131r\u0131lmas\u0131 ve ta\u015f\u0131nmas\u0131 i\u00e7in hayati \u00f6neme sahiptir ve tar\u0131msal faaliyetlerde verimlili\u011fi art\u0131r\u0131r.<\/li>\n<li><strong>Ekskavat\u00f6rler:<\/strong> Bom silindiri, kep\u00e7enin zemine etkili bir \u015fekilde n\u00fcfuz etmesini sa\u011flayarak verimli kaz\u0131 i\u015flemlerini kolayla\u015ft\u0131r\u0131r.<\/li>\n<li><strong>Y\u00fckleyiciler:<\/strong> \u00d6n y\u00fckleyicilerde, bom silindirleri y\u00fcklerin verimli bir \u015fekilde kald\u0131r\u0131lmas\u0131na ve bo\u015falt\u0131lmas\u0131na yard\u0131mc\u0131 olarak, malzeme ta\u015f\u0131ma i\u015flemlerinin sorunsuz bir \u015fekilde ger\u00e7ekle\u015ftirilmesini sa\u011flar.<\/li>\n<\/ul>\n<h2>Tasar\u0131m Hususlar\u0131<\/h2>\n<h3>Y\u00fck Kapasitesi<\/h3>\n<p>Bom silindirinin y\u00fck ta\u015f\u0131ma kapasitesi, performans\u0131n\u0131 do\u011frudan etkileyen kritik bir tasar\u0131m unsurudur. \u00c7al\u0131\u015fmalar s\u0131ras\u0131nda beklenen maksimum y\u00fck\u00fc kald\u0131rabilecek \u015fekilde tasarlanmal\u0131, b\u00f6ylece g\u00fcvenlik ve g\u00fcvenilirlik sa\u011flanmal\u0131d\u0131r. \u0130yi tasarlanm\u0131\u015f bir bom silindiri, b\u00fck\u00fclmeden veya ar\u0131za yapmadan a\u011f\u0131r y\u00fckleri destekleyebilir; bu da verimli makine \u00e7al\u0131\u015fmas\u0131 i\u00e7in \u00e7ok \u00f6nemlidir.<\/p>\n<h3>S\u0131zd\u0131rmazl\u0131k<\/h3>\n<p>Etkili s\u0131zd\u0131rmazl\u0131k, s\u0131v\u0131 s\u0131z\u0131nt\u0131lar\u0131n\u0131 \u00f6nlemek ve hidrolik sistem i\u00e7indeki bas\u0131nc\u0131 korumak i\u00e7in son derece \u00f6nemlidir. Y\u00fcksek kaliteli contalar, hidrolik s\u0131v\u0131n\u0131n s\u0131zmas\u0131n\u0131 engeller ki bu da bom silindirinin \u00e7al\u0131\u015fmas\u0131 i\u00e7in gereklidir. Contalar\u0131n d\u00fczenli olarak kontrol edilmesi ve de\u011fi\u015ftirilmesi, maliyetli ar\u0131za s\u00fcrelerini ve onar\u0131mlar\u0131 \u00f6nleyebilir.<\/p>\n<h3>Dayan\u0131kl\u0131l\u0131k<\/h3>\n<p>Bom silindirlerinin tasar\u0131m\u0131nda dayan\u0131kl\u0131l\u0131k \u00f6nemli bir fakt\u00f6rd\u00fcr. Bu bile\u015fenler, y\u00fcksek bas\u0131n\u00e7lar, de\u011fi\u015fen s\u0131cakl\u0131klar ve zorlu ortamlara maruz kalma gibi a\u015f\u0131r\u0131 \u00e7al\u0131\u015fma ko\u015fullar\u0131na dayanmal\u0131d\u0131r. A\u015f\u0131nmaya ve korozyona dayan\u0131kl\u0131 malzemelerin kullan\u0131lmas\u0131, silindirin \u00f6mr\u00fcn\u00fc uzatarak bak\u0131m ve de\u011fi\u015ftirme maliyetlerini en aza indirir.<\/p>\n<h3>Emniyet<\/h3>\n<p>Bom silindirlerinin tasar\u0131m\u0131ndaki g\u00fcvenlik \u00f6zellikleri, \u00e7al\u0131\u015fma s\u0131ras\u0131nda kazalar\u0131 \u00f6nlemek i\u00e7in \u00e7ok \u00f6nemlidir. Emniyet valfleri, bas\u0131n\u00e7 tahliye sistemleri ve yedek sistemlerin entegre edilmesi g\u00fcvenli\u011fi art\u0131rarak makinenin g\u00fcvenli s\u0131n\u0131rlar i\u00e7inde \u00e7al\u0131\u015fmas\u0131n\u0131 sa\u011flar. D\u00fczenli bak\u0131m ve g\u00fcvenlik protokollerine uyulmas\u0131, hidrolik sistemlerle ili\u015fkili riskleri daha da azalt\u0131r.<\/p>\n<h3>Bak\u0131m kolayl\u0131\u011f\u0131<\/h3>\n<p>Bom silindirlerinin kolay bak\u0131m i\u00e7in tasarlanmas\u0131, verimli \u00e7al\u0131\u015fma i\u00e7in \u00e7ok \u00f6nemlidir. Bile\u015fenlere inceleme, ya\u011flama ve de\u011fi\u015ftirme i\u00e7in kolayca eri\u015filebilmelidir. H\u0131zl\u0131 onar\u0131mlar\u0131 kolayla\u015ft\u0131ran bir tasar\u0131m, ar\u0131za s\u00fcresini \u00f6nemli \u00f6l\u00e7\u00fcde azaltarak makinelerin \u00e7al\u0131\u015f\u0131r durumda ve verimli kalmas\u0131n\u0131 sa\u011flar.<\/p>\n<p><img decoding=\"async\" src=\"https:\/\/www.hydraulic-cylinders.net\/wp-content\/uploads\/2025\/04\/songte-oil-pipes-and-spare-parts.webp\" alt=\"Petrol Borular\u0131 ve Yedek Par\u00e7a G\u00f6rseli\" \/><\/p>\n<h2>S\u0131zd\u0131rmazl\u0131k ve Ya\u011flama<\/h2>\n<p>Bom silindirlerinin performans\u0131 i\u00e7in uygun s\u0131zd\u0131rmazl\u0131k ve ya\u011flama \u00e7ok \u00f6nemlidir. Piston contalar\u0131 ve mil contalar\u0131 gibi \u00e7e\u015fitli contalar, hidrolik s\u0131v\u0131n\u0131n s\u0131zmas\u0131n\u0131 \u00f6nlemek i\u00e7in hayati \u00f6neme sahiptir. Poli\u00fcretan ve nitril kau\u00e7uk gibi a\u015f\u0131nmaya dayan\u0131kl\u0131 malzemelerden yap\u0131lm\u0131\u015f contalar\u0131n se\u00e7ilmesi dayan\u0131kl\u0131l\u0131\u011f\u0131 art\u0131r\u0131r. Silindir g\u00f6vdesi ve di\u015fli u\u00e7 y\u00fczeyleri, a\u015f\u0131nma direncini art\u0131rmak i\u00e7in ince i\u015fleme tabi tutulmal\u0131d\u0131r. Ayr\u0131ca, sorunsuz \u00e7al\u0131\u015fma sa\u011flamak ve a\u015f\u0131nmay\u0131 en aza indirmek i\u00e7in hidrolik ya\u011f ile d\u00fczenli ya\u011flama gereklidir.<\/p>\n<h2>\u00d6nleyici Bak\u0131m Tedbirleri<\/h2>\n<ul>\n<li><strong>D\u00fczenli Denetimler:<\/strong> Bom silindirinde a\u015f\u0131nma veya hasar belirtilerini erken tespit etmek i\u00e7in d\u00fczenli kontroller yap\u0131n. Bu proaktif yakla\u015f\u0131m, b\u00fcy\u00fck ar\u0131zalar\u0131 ve maliyetli onar\u0131mlar\u0131 \u00f6nlemeye yard\u0131mc\u0131 olabilir.<\/li>\n<li><strong>Ya\u011flama:<\/strong> Sorunsuz \u00e7al\u0131\u015fmay\u0131 s\u00fcrd\u00fcrmek i\u00e7in hidrolik s\u0131v\u0131s\u0131n\u0131n uygun seviyede oldu\u011fundan ve ya\u011flay\u0131c\u0131lar\u0131n d\u00fczenli olarak uyguland\u0131\u011f\u0131ndan emin olun.<\/li>\n<li><strong>Conta De\u011fi\u015fimi:<\/strong> S\u0131z\u0131nt\u0131lar\u0131 \u00f6nlemek ve sistem bas\u0131nc\u0131n\u0131 korumak i\u00e7in contalar\u0131 a\u015f\u0131nma a\u00e7\u0131s\u0131ndan izleyin ve gerekti\u011finde de\u011fi\u015ftirin.<\/li>\n<\/ul>\n<h2>Kurulum K\u0131lavuzu<\/h2>\n<p>Bom silindirinin do\u011fru \u015fekilde tak\u0131lmas\u0131, performans\u0131 i\u00e7in \u00e7ok \u00f6nemlidir. \u00d6ncelikle montaj y\u00fczeylerinin temiz ve kal\u0131nt\u0131lardan ar\u0131nd\u0131r\u0131lm\u0131\u015f oldu\u011fundan emin olun. Silindiri yerine sabitlemek i\u00e7in uygun montaj braketlerini kullan\u0131n ve silindir ile makine aras\u0131nda do\u011fru hizalama sa\u011flay\u0131n. C\u0131vatalar\u0131 s\u0131kmak ve hidrolik hatlar\u0131 takmak i\u00e7in \u00fcreticinin spesifikasyonlar\u0131n\u0131 izleyin. Ekipman\u0131 \u00e7al\u0131\u015ft\u0131rmadan \u00f6nce t\u00fcm ba\u011flant\u0131lar\u0131n g\u00fcvenli ve s\u0131z\u0131nt\u0131s\u0131z oldu\u011fundan emin olun. Performans\u0131 etkileyebilecek hava ceplerini gidermek i\u00e7in hidrolik sistemin havas\u0131n\u0131 almak da \u00e7ok \u00f6nemlidir.<\/p>\n<h2>Yayg\u0131n Bak\u0131m G\u00f6revleri<\/h2>\n<ul>\n<li><strong>D\u00fczenli Kontroller:<\/strong> Bom silindirinin durumunu izlemek i\u00e7in d\u00fczenli kontroller planlay\u0131n. Performans\u0131 etkileyebilecek a\u015f\u0131nma, s\u0131z\u0131nt\u0131 veya hasar belirtilerine bak\u0131n.<\/li>\n<li><strong>Uygun Ya\u011flama:<\/strong> Sorunsuz \u00e7al\u0131\u015fma i\u00e7in silindirin yeterince ya\u011fland\u0131\u011f\u0131ndan emin olun. En iyi performans i\u00e7in \u00f6nerilen hidrolik ya\u011f\u0131 kullan\u0131n.<\/li>\n<li><strong>Conta De\u011fi\u015fimi ve Kalibrasyonu:<\/strong> Gerekti\u011finde contalar\u0131 de\u011fi\u015ftirin ve silindirin belirtilen parametreler dahilinde \u00e7al\u0131\u015ft\u0131\u011f\u0131ndan emin olmak i\u00e7in kalibrasyon kontrolleri yap\u0131n.<\/li>\n<\/ul>\n<h2>G\u00fcvenlik Hususlar\u0131 ve \u00c7evresel Fakt\u00f6rler<\/h2>\n<p>Hidrolik silindirler kullan\u0131l\u0131rken, operat\u00f6rleri ve ekipman\u0131 korumak i\u00e7in g\u00fcvenlik \u00f6nlemlerinin uygulanmas\u0131 hayati \u00f6nem ta\u015f\u0131r. Bu, t\u00fcm g\u00fcvenlik \u00f6zelliklerinin i\u015flevsel olmas\u0131n\u0131 ve operat\u00f6rlerin makineleri g\u00fcvenli bir \u015fekilde kullanma konusunda e\u011fitilmesini i\u00e7erir. Hidrolik s\u0131v\u0131 s\u0131z\u0131nt\u0131lar\u0131n\u0131n \u00f6nlenmesi gibi \u00e7evresel hususlar, g\u00fcvenli ve temiz bir \u00e7al\u0131\u015fma ortam\u0131n\u0131n korunmas\u0131 i\u00e7in gereklidir. Hidrolik s\u0131v\u0131lar\u0131n ve bile\u015fenlerin uygun \u015fekilde imha edilmesi de s\u00fcrd\u00fcr\u00fclebilirli\u011fe ve \u00e7evre d\u00fczenlemelerine uyumlulu\u011fa katk\u0131da bulunur.<\/p>\n<h2>Sorun Giderme ve Yayg\u0131n Sorunlar<\/h2>\n<ul>\n<li><strong>Bas\u0131n\u00e7 Kayb\u0131:<\/strong> E\u011fer bom silindirinde bas\u0131n\u00e7 kayb\u0131 ya\u015fan\u0131yorsa, hidrolik hatlarda veya contalarda s\u0131z\u0131nt\u0131 olup olmad\u0131\u011f\u0131n\u0131 kontrol edin. Hidrolik s\u0131v\u0131 seviyesinin yeterli oldu\u011fundan emin olun ve herhangi bir t\u0131kan\u0131kl\u0131k olup olmad\u0131\u011f\u0131n\u0131 inceleyin.<\/li>\n<li><strong>Yava\u015f \u00c7al\u0131\u015fma:<\/strong> Yava\u015f \u00e7al\u0131\u015fma, yetersiz hidrolik s\u0131v\u0131s\u0131 veya sistemde hava bulunmas\u0131n\u0131n bir g\u00f6stergesi olabilir. Bu sorunu \u00e7\u00f6zmek i\u00e7in sistemi havaland\u0131r\u0131n ve s\u0131v\u0131 seviyelerini kontrol edin.<\/li>\n<li><strong>Dengesiz Hareket:<\/strong> E\u011fer bom silindiri d\u00fczensiz hareket ediyorsa, contalar\u0131 ve hidrolik ba\u011flant\u0131lar\u0131 hasar veya a\u015f\u0131nma a\u00e7\u0131s\u0131ndan kontrol edin. Silindirin do\u011fru \u015fekilde hizaland\u0131\u011f\u0131ndan ve kalibre edildi\u011finden emin olun.<\/li>\n<\/ul>\n<h2>Sorun Giderme \u0130pu\u00e7lar\u0131<\/h2>\n<p>Bom silindirlerindeki sorunlar\u0131 etkili bir \u015fekilde te\u015fhis etmek ve \u00e7\u00f6zmek i\u00e7in, \u00f6ncelikle kullan\u0131m k\u0131lavuzundaki sorun giderme y\u00f6nergelerini inceleyin. D\u00fczenli bak\u0131m bir\u00e7ok yayg\u0131n sorunu \u00f6nleyebilir, bu nedenle planl\u0131 kontrolleri uygulay\u0131n ve a\u015f\u0131nm\u0131\u015f par\u00e7alar\u0131 derhal de\u011fi\u015ftirin. Silindir performans\u0131n\u0131 izlemek i\u00e7in sistematik bir yakla\u015f\u0131m uygulamak, potansiyel sorunlar\u0131n b\u00fcy\u00fcmeden \u00f6nce belirlenmesine yard\u0131mc\u0131 olur ve g\u00fcvenilir \u00e7al\u0131\u015fma sa\u011flar.<\/p>\n<p><img decoding=\"async\" src=\"https:\/\/www.hydraulic-cylinders.net\/wp-content\/uploads\/2025\/04\/songte-bushings-with-all-kinds-of-excavator-models.webp\" alt=\"Ekskavat\u00f6r Modelleri ile Bur\u00e7lar G\u00f6rseli\" \/><\/p>\n<h2>\u015eirketimiz Hakk\u0131nda<\/h2>\n<p>\u00d6nde gelen yedek hidrolik silindir \u00fcreticisi olarak, hem yerel hem de uluslararas\u0131 pazarlarda geni\u015f bir \u00fcr\u00fcn yelpazesi sunuyoruz. M\u00fckemmelli\u011fe olan ba\u011fl\u0131l\u0131\u011f\u0131m\u0131z, titiz \u00fcretim s\u00fcre\u00e7lerimize ve y\u00f6netim stratejilerimize yans\u0131maktad\u0131r. Teknik yeteneklerden, geli\u015fmi\u015f dijital \u00fcretim ekipmanlar\u0131ndan ve profesyonel test sistemlerinden yararlanarak \u00fcretim platformumuzu s\u00fcrekli olarak geli\u015ftiriyor ve \u00e7e\u015fitli m\u00fc\u015fteri ihtiya\u00e7lar\u0131n\u0131 y\u00fcksek verimlilik, do\u011fruluk ve kaliteyle kar\u015f\u0131l\u0131yoruz.<\/p>\n<h3>Uzmanl\u0131k ve \u00d6zel \u00c7\u00f6z\u00fcmler<\/h3>\n<p>Uzman bilgi birikimimizle, \u00f6zel operasyonel gereksinimleri kar\u015f\u0131lamak \u00fczere uyarlanm\u0131\u015f \u00e7\u00f6z\u00fcmler sunuyoruz. Uluslararas\u0131 sertifikalar\u0131m\u0131z, m\u00fc\u015fterilerimize \u00fcr\u00fcnlerimizin kalitesi ve g\u00fcvenilirli\u011fi konusunda g\u00fcvence vererek, hidrolik \u00e7\u00f6z\u00fcmler alan\u0131nda g\u00fcvenilir bir ortak olmam\u0131z\u0131 sa\u011fl\u0131yor.<\/p>\n<h3>Geli\u015fmi\u015f \u00dcretim Ekipmanlar\u0131<\/h3>\n<p>Tesislerimiz, en son teknolojiye sahip \u00fcretim ekipmanlar\u0131yla donat\u0131lm\u0131\u015f olup, bu sayede kat\u0131 kalite standartlar\u0131n\u0131 kar\u015f\u0131layan hidrolik silindirler \u00fcretebiliyoruz. Titiz kalite kontrol s\u00fcre\u00e7lerimiz, t\u00fcm \u00fcr\u00fcnlerin m\u00fc\u015fteri beklentilerini a\u015fmas\u0131n\u0131 sa\u011flamaktad\u0131r.<\/p>\n<h3>Sat\u0131\u015f Sonras\u0131 Destek<\/h3>\n<p>M\u00fc\u015fterilerimize kurulum, bak\u0131m ve sorun giderme konular\u0131nda yard\u0131mc\u0131 olarak ola\u011fan\u00fcst\u00fc sat\u0131\u015f sonras\u0131 destek sunmaktan gurur duyuyoruz. \u00d6zel m\u00fc\u015fteri hizmetleri ekibimiz, her t\u00fcrl\u00fc soru veya endi\u015fenizde size yard\u0131mc\u0131 olmak i\u00e7in her zaman haz\u0131rd\u0131r.<\/p>\n<p><img decoding=\"async\" src=\"https:\/\/www.hydraulic-cylinders.net\/wp-content\/uploads\/2025\/04\/songte-company-4.webp\" alt=\"\u015eirket G\u00f6rseli 1\" \/><br \/>\n<img decoding=\"async\" src=\"https:\/\/www.hydraulic-cylinders.net\/wp-content\/uploads\/2025\/04\/songte-company-3.webp\" alt=\"\u015eirket G\u00f6rseli 2\" \/><\/p>\n<p>Yazar: lyl<\/p>","protected":false},"excerpt":{"rendered":"<p>Boom Cylinder For Sinomach ZG3065-9 Introduction to Boom Cylinder The Boom Cylinder is a vital component in hydraulic systems, specifically designed for controlling the movement of buckets in heavy machinery such as excavators, backhoe loaders, and front loaders. This hydraulic cylinder allows the bucket to lift, lower, and tilt, facilitating efficient material handling tasks. It [&hellip;]<\/p>","protected":false},"featured_media":17873,"comment_status":"open","ping_status":"closed","template":"","meta":{"_et_pb_use_builder":"","_et_pb_old_content":"","_et_gb_content_width":""},"product_brand":[],"product_cat":[1546],"product_tag":[1547,1496],"class_list":{"0":"post-19489","1":"product","2":"type-product","3":"status-publish","4":"has-post-thumbnail","6":"product_cat-boom-cylinders","7":"product_tag-boom-cylinders","8":"product_tag-hydraulic-cylinders","10":"first","11":"instock","12":"shipping-taxable","13":"product-type-simple"},"amp_enabled":true,"_links":{"self":[{"href":"https:\/\/www.hydraulic-cylinders.net\/tr\/wp-json\/wp\/v2\/product\/19489","targetHints":{"allow":["GET"]}}],"collection":[{"href":"https:\/\/www.hydraulic-cylinders.net\/tr\/wp-json\/wp\/v2\/product"}],"about":[{"href":"https:\/\/www.hydraulic-cylinders.net\/tr\/wp-json\/wp\/v2\/types\/product"}],"replies":[{"embeddable":true,"href":"https:\/\/www.hydraulic-cylinders.net\/tr\/wp-json\/wp\/v2\/comments?post=19489"}],"wp:featuredmedia":[{"embeddable":true,"href":"https:\/\/www.hydraulic-cylinders.net\/tr\/wp-json\/wp\/v2\/media\/17873"}],"wp:attachment":[{"href":"https:\/\/www.hydraulic-cylinders.net\/tr\/wp-json\/wp\/v2\/media?parent=19489"}],"wp:term":[{"taxonomy":"product_brand","embeddable":true,"href":"https:\/\/www.hydraulic-cylinders.net\/tr\/wp-json\/wp\/v2\/product_brand?post=19489"},{"taxonomy":"product_cat","embeddable":true,"href":"https:\/\/www.hydraulic-cylinders.net\/tr\/wp-json\/wp\/v2\/product_cat?post=19489"},{"taxonomy":"product_tag","embeddable":true,"href":"https:\/\/www.hydraulic-cylinders.net\/tr\/wp-json\/wp\/v2\/product_tag?post=19489"}],"curies":[{"name":"wp","href":"https:\/\/api.w.org\/{rel}","templated":true}]}}