{"id":19491,"date":"2025-04-07T06:50:34","date_gmt":"2025-04-07T06:50:34","guid":{"rendered":"https:\/\/www.hydraulic-cylinders.net\/product\/boom-cylinder-for-sinomach-zg3085-9\/"},"modified":"2025-04-07T06:50:42","modified_gmt":"2025-04-07T06:50:42","slug":"boom-cylinder-for-sinomach-zg3085-9","status":"publish","type":"product","link":"https:\/\/www.hydraulic-cylinders.net\/tr\/urun\/boom-cylinder-for-sinomach-zg3085-9\/","title":{"rendered":"Sinomach ZG3085-9 i\u00e7in Bom Silindiri"},"content":{"rendered":"<h1>Sinomach ZG3085-9 i\u00e7in Bom Silindiri<\/h1>\n<h2>\u00dcr\u00fcn Genel Bak\u0131\u015f\u0131<\/h2>\n<p>Sinomach ZG3085-9 i\u00e7in tasarlanm\u0131\u015f \u00f6zel bir hidrolik silindir olan kep\u00e7e silindiri, ekskavat\u00f6rler, kaz\u0131c\u0131 y\u00fckleyiciler ve \u00f6n y\u00fckleyiciler gibi \u00e7e\u015fitli a\u011f\u0131r makinelerde kep\u00e7enin hareketini kontrol etmek i\u00e7in kullan\u0131l\u0131r. Bu hidrolik silindir, kep\u00e7enin kald\u0131r\u0131lmas\u0131n\u0131, indirilmesini ve e\u011filmesini sa\u011flayarak malzeme ta\u015f\u0131ma i\u015flemlerinin verimli bir \u015fekilde ger\u00e7ekle\u015ftirilmesini kolayla\u015ft\u0131r\u0131r. Hidrolik sistemlerde \u00f6nemli bir rol oynayan kep\u00e7e silindiri, hidrolik enerjiyi mekanik enerjiye d\u00f6n\u00fc\u015ft\u00fcrerek i\u015f yap\u0131lmas\u0131n\u0131 sa\u011flar.<\/p>\n<p><img decoding=\"async\" src=\"https:\/\/www.hydraulic-cylinders.net\/wp-content\/uploads\/2025\/04\/songte-company-1.webp\" alt=\"Sinomach ZG3085-9 i\u00e7in Bom Silindiri\"><\/p>\n<h2>Bom Silindirinin \u00d6zellikleri<\/h2>\n<ul>\n<li>\n<h3>Y\u00fcksek G\u00fc\u00e7 ve Dayan\u0131kl\u0131l\u0131k<\/h3>\n<p>Y\u00fcksek mukavemetli \u00e7elik veya al\u00fcminyumdan \u00fcretilen bu silindir, y\u00fcksek bas\u0131nca ve a\u011f\u0131r y\u00fcklere dayanabilir, bu da onu zorlu \u00e7al\u0131\u015fma ortamlar\u0131 i\u00e7in uygun hale getirir. Ayr\u0131ca a\u015f\u0131nma direnci ve korozyon direnci de dikkate al\u0131narak tasarlanm\u0131\u015ft\u0131r, bu da kullan\u0131m \u00f6mr\u00fcn\u00fc uzat\u0131r.<\/p>\n<\/li>\n<li>\n<h3>Verimli Hidrolik \u00c7al\u0131\u015fma<\/h3>\n<p>Silindir, d\u00fczg\u00fcn uzama ve geri \u00e7ekilme sa\u011flamak i\u00e7in hidrolik ya\u011f bas\u0131nc\u0131n\u0131 kullan\u0131r; bu da operasyonel komutlara h\u0131zl\u0131 yan\u0131t verilmesini ve a\u011f\u0131r malzemelerin ve karma\u015f\u0131k i\u015flerin ta\u015f\u0131nmas\u0131 i\u00e7in ideal olan \u00f6nemli bir itme ve \u00e7ekme kuvveti sa\u011flamas\u0131n\u0131 m\u00fcmk\u00fcn k\u0131lar.<\/p>\n<\/li>\n<li>\n<h3>\u00c7e\u015fitli T\u00fcrler Mevcuttur<\/h3>\n<p>\u00dcr\u00fcn yelpazesi, \u00e7e\u015fitli \u00e7al\u0131\u015fma gereksinimlerine uygun olarak tek y\u00f6nl\u00fc (tek y\u00f6nde \u00e7al\u0131\u015fan) ve \u00e7ift y\u00f6nl\u00fc (iki y\u00f6nde \u00e7al\u0131\u015fan) silindirleri i\u00e7ermektedir. Baz\u0131 modeller teleskopiktir ve d\u0131\u015f boyutlar\u0131 art\u0131rmadan daha fazla uzatmaya olanak tan\u0131r; bu da alan k\u0131s\u0131tlamal\u0131 uygulamalar i\u00e7in idealdir.<\/p>\n<\/li>\n<li>\n<h3>\u00d6zelle\u015ftirilebilir \u00c7\u00f6z\u00fcmler<\/h3>\n<p>Bu \u00fcr\u00fcn\u00fc, ekipman\u0131n\u0131zdaki mevcut hidrolik silindirlerin yerine m\u00fckemmel bir \u015fekilde ge\u00e7ebilecek \u015fekilde \u00fcretiyoruz.<\/p>\n<\/li>\n<\/ul>\n<p><img decoding=\"async\" src=\"https:\/\/www.hydraulic-cylinders.net\/wp-content\/uploads\/2025\/04\/songte-cylinder-head-with-all-kinds-excavator-models.webp\" alt=\"Ekskavat\u00f6rler i\u00e7in Hidrolik Silindir Ba\u015fl\u0131\u011f\u0131\"><\/p>\n<h2>Bom Silindirinin Uygulamalar\u0131<\/h2>\n<ul>\n<li>\n<h3>\u0130n\u015faat Ekipmanlar\u0131<\/h3>\n<p>Ekskavat\u00f6rlerde, bom silindiri kazma, y\u00fckleme ve toprak veya moloz ta\u015f\u0131ma i\u015flemleri i\u00e7in hayati \u00f6neme sahiptir. Kep\u00e7enin zemine etkili bir \u015fekilde n\u00fcfuz etmesini sa\u011flayarak in\u015faat i\u015flerinde vazge\u00e7ilmez bir unsur haline gelir. Hidrolik g\u00fc\u00e7, a\u011f\u0131r y\u00fckleri kald\u0131rmak i\u00e7in gerekli kuvveti sa\u011flayarak operat\u00f6rlerin y\u00fck\u00fcn\u00fc hafifletir ve \u015fantiyelerde verimlili\u011fi art\u0131r\u0131r.<\/p>\n<\/li>\n<li>\n<h3>Tar\u0131m Makinalar\u0131<\/h3>\n<p>\u00d6n y\u00fckleyicilerde kullan\u0131lan bom silindiri, toprak, saman ve di\u011fer malzemelerin kep\u00e7elenmesi, kald\u0131r\u0131lmas\u0131 ve ta\u015f\u0131nmas\u0131nda \u00fcst\u00fcn performans g\u00f6sterir. G\u00fcvenilirli\u011fi, ekim mevsiminde veya genel \u00e7iftlik bak\u0131m\u0131nda tar\u0131msal i\u015flerin verimli bir \u015fekilde tamamlanmas\u0131n\u0131 sa\u011flayarak tar\u0131m sekt\u00f6r\u00fcndeki verimlili\u011fi art\u0131r\u0131r.<\/p>\n<\/li>\n<li>\n<h3>Ekskavat\u00f6rler<\/h3>\n<p>Kep\u00e7enin topra\u011fa n\u00fcfuz etmesini sa\u011flayan bom silindiri, etkili kaz\u0131 i\u015flemlerine katk\u0131da bulunur. Bu i\u015flevsellik, hendek kazmadan saha haz\u0131rl\u0131\u011f\u0131na kadar \u00e7e\u015fitli projelerde, farkl\u0131 toprak tiplerini k\u0131rmak i\u00e7in gereken g\u00fcc\u00fc sa\u011flamada kritik \u00f6neme sahiptir.<\/p>\n<\/li>\n<li>\n<h3>Y\u00fckleyiciler<\/h3>\n<p>\u00d6n y\u00fckleyicilerde, bom silindiri malzemelerin etkili bir \u015fekilde kald\u0131r\u0131lmas\u0131na ve bo\u015falt\u0131lmas\u0131na yard\u0131mc\u0131 olur. Bu \u00f6zellik, kamyon y\u00fckleme veya malzemelerin bir yerden ba\u015fka bir yere ta\u015f\u0131nmas\u0131 gibi i\u015fler i\u00e7in \u00e7ok \u00f6nemlidir ve h\u0131zl\u0131 ve sorunsuz operasyonlar sa\u011flar.<\/p>\n<\/li>\n<\/ul>\n<h2>Tasar\u0131m Hususlar\u0131 ve Se\u00e7im Kriterleri<\/h2>\n<ul>\n<li>\n<h3>Y\u00fck Kapasitesi<\/h3>\n<p>Bom silindirinin y\u00fck ta\u015f\u0131ma kapasitesi, silindirin ar\u0131za yapmadan kald\u0131rabilece\u011fi maksimum a\u011f\u0131rl\u0131\u011f\u0131 belirledi\u011fi i\u00e7in kritik bir fakt\u00f6rd\u00fcr. Uygun bir y\u00fck ta\u015f\u0131ma kapasitesi g\u00fcvenli\u011fi sa\u011flar ve operasyonlar\u0131n genel verimlili\u011fini art\u0131r\u0131r. Yap\u0131lacak i\u015flerin \u00f6zel a\u011f\u0131rl\u0131k gereksinimlerini kar\u015f\u0131layan veya a\u015fan bir silindir se\u00e7mek \u00e7ok \u00f6nemlidir.<\/p>\n<\/li>\n<li>\n<h3>S\u0131zd\u0131rmazl\u0131k \u00d6zellikleri<\/h3>\n<p>Etkili s\u0131zd\u0131rmazl\u0131k, hidrolik s\u0131v\u0131 s\u0131z\u0131nt\u0131s\u0131n\u0131 \u00f6nlemek ve sistem bas\u0131nc\u0131n\u0131 korumak i\u00e7in hayati \u00f6neme sahiptir. Y\u00fcksek kaliteli contalar, silindirin verimli \u00e7al\u0131\u015fmas\u0131n\u0131 sa\u011flayarak ar\u0131za s\u00fcrelerini ve bak\u0131m maliyetlerini azalt\u0131r. Contalar\u0131n d\u00fczenli olarak kontrol edilmesi ve de\u011fi\u015ftirilmesi, optimum performans\u0131 korumaya ve hidrolik silindirin \u00f6mr\u00fcn\u00fc uzatmaya yard\u0131mc\u0131 olacakt\u0131r.<\/p>\n<\/li>\n<li>\n<h3>Dayan\u0131kl\u0131l\u0131k<\/h3>\n<p>Zorlu ortamlarda \u00e7al\u0131\u015fan hidrolik silindirler i\u00e7in dayan\u0131kl\u0131l\u0131k \u00e7ok \u00f6nemlidir. \u00dcretimde kullan\u0131lan malzemeler, tasar\u0131m \u00f6zellikleriyle birlikte, a\u015f\u0131r\u0131 s\u0131cakl\u0131klar ve a\u015f\u0131nd\u0131r\u0131c\u0131 malzemeler de dahil olmak \u00fczere zorlu ko\u015fullara dayanabilmelidir. Dayan\u0131kl\u0131 \u00fcr\u00fcnlere yat\u0131r\u0131m yapmak, erken ar\u0131zalar ve maliyetli onar\u0131mlar riskini azalt\u0131r.<\/p>\n<\/li>\n<li>\n<h3>G\u00fcvenlik \u00d6zellikleri<\/h3>\n<p>Hidrolik silindir se\u00e7iminde g\u00fcvenlik en \u00f6nemli \u00f6nceliktir. Bas\u0131n\u00e7 tahliye vanalar\u0131, emniyet kilitleri ve acil durdurma mekanizmalar\u0131 gibi \u00f6zellikler, \u00e7al\u0131\u015fma s\u0131ras\u0131nda kazalar\u0131 ve yaralanmalar\u0131 \u00f6nlemeye yard\u0131mc\u0131 olur. Silindirde bulunan g\u00fcvenlik \u00f6zelliklerini anlamak, end\u00fcstri standartlar\u0131na ve y\u00f6netmeliklerine uyumu sa\u011flamaya yard\u0131mc\u0131 olur.<\/p>\n<\/li>\n<li>\n<h3>Bak\u0131m Eri\u015filebilirli\u011fi<\/h3>\n<p>Hidrolik silindir se\u00e7erken bak\u0131m kolayl\u0131\u011f\u0131n\u0131 g\u00f6z \u00f6n\u00fcnde bulundurmak \u00e7ok \u00f6nemlidir. Kritik bile\u015fenlere kolay eri\u015fim sa\u011flayan tasar\u0131mlar, kapsaml\u0131 s\u00f6kme i\u015flemine gerek kalmadan rutin inceleme ve onar\u0131mlara olanak tan\u0131r. Bu husus, bak\u0131m s\u00fcresini ve maliyetlerini \u00f6nemli \u00f6l\u00e7\u00fcde azaltarak genel operasyonel verimlili\u011fi art\u0131rabilir.<\/p>\n<\/li>\n<\/ul>\n<p><img decoding=\"async\" src=\"https:\/\/www.hydraulic-cylinders.net\/wp-content\/uploads\/2025\/04\/songte-oil-pipes-and-spare-parts.webp\" alt=\"Petrol Borular\u0131 ve Yedek Par\u00e7alar\u0131\"><\/p>\n<h2>S\u0131zd\u0131rmazl\u0131k ve Ya\u011flama<\/h2>\n<p>Bom silindirinin etkinli\u011fi, contalar\u0131n\u0131n ve ya\u011flamas\u0131n\u0131n kalitesinden b\u00fcy\u00fck \u00f6l\u00e7\u00fcde etkilenir. Piston contalar\u0131 ve mil contalar\u0131 gibi \u00e7e\u015fitli s\u0131zd\u0131rmazl\u0131k bile\u015fenlerinin kullan\u0131lmas\u0131, optimum performans\u0131 sa\u011flar. Poli\u00fcretan ve nitril kau\u00e7uk gibi a\u015f\u0131nmaya dayan\u0131kl\u0131 malzemelerden yap\u0131lm\u0131\u015f contalar, uzun \u00f6m\u00fcrl\u00fcl\u00fc\u011f\u00fc ve g\u00fcvenilirli\u011fi art\u0131r\u0131r. Silindir g\u00f6vdesinin ve di\u015fli u\u00e7 y\u00fczeylerinin dikkatli i\u015flenmesi, a\u015f\u0131nma direncini art\u0131r\u0131r. Hidrolik sistemin genel verimlili\u011fine katk\u0131da bulunarak, d\u00fczg\u00fcn \u00e7al\u0131\u015fmay\u0131 sa\u011flamak ve s\u00fcrt\u00fcnmeyi azaltmak i\u00e7in d\u00fczenli hidrolik ya\u011f ile ya\u011flama gereklidir. Conta b\u00fct\u00fcnl\u00fc\u011f\u00fcn\u00fcn rutin olarak kontrol edilmesi ve zaman\u0131nda de\u011fi\u015ftirilmesi, maliyetli s\u0131z\u0131nt\u0131lar\u0131 \u00f6nleyebilir ve en y\u00fcksek performans\u0131 koruyabilir.<\/p>\n<h2>\u00d6nleyici Bak\u0131m \u00d6nlemleri<\/h2>\n<ul>\n<li>\n<h3>D\u00fczenli Denetimler<\/h3>\n<p>Bom silindirinin d\u00fczenli olarak kontrol edilmesi, a\u015f\u0131nma ve y\u0131pranmay\u0131 tespit etmek i\u00e7in \u00e7ok \u00f6nemlidir. Planl\u0131 bir kontrol rutini, s\u0131z\u0131nt\u0131lar veya yanl\u0131\u015f hizalama gibi potansiyel sorunlar\u0131n erken tespit edilmesini sa\u011flayarak maliyetli onar\u0131mlar\u0131 \u00f6nler ve silindirin en iyi \u015fekilde \u00e7al\u0131\u015fmas\u0131n\u0131 garanti eder.<\/p>\n<\/li>\n<li>\n<h3>Uygun Ya\u011flama<\/h3>\n<p>Silindirin yeterince ya\u011flanmas\u0131 hayati \u00f6nem ta\u015f\u0131r. Uygun miktarda hidrolik ya\u011f\u0131n d\u00fczenli olarak eklenmesi s\u00fcrt\u00fcnmeyi azaltmaya, silindirin performans\u0131n\u0131 art\u0131rmaya ve \u00f6mr\u00fcn\u00fc uzatmaya yard\u0131mc\u0131 olur. Ya\u011flama t\u00fcr\u00fc ve s\u0131kl\u0131\u011f\u0131 konusunda \u00fcreticinin tavsiyelerine uymak \u00f6nemlidir.<\/p>\n<\/li>\n<li>\n<h3>Conta De\u011fi\u015fimi<\/h3>\n<p>Zamanla, contalar bozulabilir, bu da s\u0131z\u0131nt\u0131lara ve verimlili\u011fin azalmas\u0131na yol a\u00e7abilir. S\u0131v\u0131 kayb\u0131n\u0131 \u00f6nlemek ve hidrolik sistem i\u00e7indeki bas\u0131nc\u0131 korumak i\u00e7in contalar\u0131n d\u00fczenli olarak kontrol edilmesi ve zaman\u0131nda de\u011fi\u015ftirilmesi bak\u0131m rutinlerinin bir par\u00e7as\u0131 olmal\u0131d\u0131r.<\/p>\n<\/li>\n<\/ul>\n<h2>Kurulum Talimatlar\u0131<\/h2>\n<p>Bom silindirinin do\u011fru montaj\u0131, optimum performans i\u00e7in kritik \u00f6neme sahiptir. \u00d6ncelikle silindiri makine \u00fczerindeki montaj noktalar\u0131yla do\u011fru \u015fekilde hizalayarak ba\u015flay\u0131n. Silindiri yerinde sabitlemek ve yanl\u0131\u015f hizalamaya ve a\u015f\u0131r\u0131 a\u015f\u0131nmaya yol a\u00e7abilecek hareketleri \u00f6nlemek i\u00e7in uygun montaj braketleri kullan\u0131lmas\u0131 tavsiye edilir. T\u00fcm hidrolik ba\u011flant\u0131lar\u0131n s\u0131k\u0131 ve s\u0131z\u0131nt\u0131s\u0131z oldu\u011fundan emin olun. Montaj tamamland\u0131ktan sonra, her \u015feyin sorunsuz \u00e7al\u0131\u015ft\u0131\u011f\u0131n\u0131 do\u011frulamak i\u00e7in tam \u00e7al\u0131\u015fma moduna ge\u00e7meden \u00f6nce silindirin d\u00fc\u015f\u00fck bas\u0131n\u00e7ta \u00e7al\u0131\u015fmas\u0131n\u0131 test edin. S\u00fcrekli performans ve g\u00fcvenlik sa\u011flamak i\u00e7in rutin bak\u0131m s\u0131ras\u0131nda hizalamay\u0131 d\u00fczenli olarak do\u011frulay\u0131n ve ba\u011flant\u0131 elemanlar\u0131n\u0131 sabitleyin.<\/p>\n<h2>Yayg\u0131n Bak\u0131m G\u00f6revleri<\/h2>\n<ul>\n<li>\n<h3>D\u00fczenli Kontroller<\/h3>\n<p>Bom silindirinin s\u0131k s\u0131k kontrol edilmesi, a\u015f\u0131nma belirtilerini veya olas\u0131 sorunlar\u0131 tespit etmek i\u00e7in \u00e7ok \u00f6nemlidir. \u00c7al\u0131\u015fma s\u0131ras\u0131nda ola\u011fand\u0131\u015f\u0131 seslerin izlenmesi de, dikkat gerektirebilecek altta yatan sorunlar\u0131 g\u00f6sterebilir.<\/p>\n<\/li>\n<li>\n<h3>Uygun Ya\u011flama<\/h3>\n<p>Hidrolik silindirin sorunsuz \u00e7al\u0131\u015fmas\u0131 i\u00e7in d\u00fczenli ya\u011flama hayati \u00f6nem ta\u015f\u0131r. \u00dcreticinin ya\u011flama aral\u0131klar\u0131 ve miktarlar\u0131 hakk\u0131ndaki y\u00f6nergelerine uymak, optimum performans\u0131 korumaya ve silindirin \u00f6mr\u00fcn\u00fc uzatmaya yard\u0131mc\u0131 olabilir.<\/p>\n<\/li>\n<li>\n<h3>Conta De\u011fi\u015fimi ve Kalibrasyon Kontrolleri<\/h3>\n<p>A\u015f\u0131nm\u0131\u015f contalar\u0131n de\u011fi\u015ftirilmesi ve kalibrasyon kontrollerinin yap\u0131lmas\u0131, sistem b\u00fct\u00fcnl\u00fc\u011f\u00fcn\u00fcn korunmas\u0131 i\u00e7in \u00e7ok \u00f6nemlidir. D\u00fczenli ayarlamalar, silindirin tasarlanan parametreler dahilinde \u00e7al\u0131\u015fmas\u0131n\u0131 sa\u011flayarak g\u00fcvenli\u011fi ve verimlili\u011fi art\u0131rmaya yard\u0131mc\u0131 olabilir.<\/p>\n<\/li>\n<\/ul>\n<p><img decoding=\"async\" src=\"https:\/\/www.hydraulic-cylinders.net\/wp-content\/uploads\/2025\/04\/songte-chushion-collar.webp\" alt=\"Hidrolik Sistemler i\u00e7in Yast\u0131k Yakas\u0131\"><\/p>\n<h2>G\u00fcvenlik Hususlar\u0131 ve \u00c7evresel Fakt\u00f6rler<\/h2>\n<p>Hidrolik silindirler kullan\u0131l\u0131rken, kazalar\u0131 ve yaralanmalar\u0131 \u00f6nlemek i\u00e7in g\u00fcvenlik \u00f6nlemlerinin uygulanmas\u0131 hayati \u00f6nem ta\u015f\u0131r. Operat\u00f6rler, do\u011fru kullan\u0131m teknikleri konusunda e\u011fitilmeli ve hidrolik sistemlerle ili\u015fkili potansiyel tehlikelerin fark\u0131nda olmal\u0131d\u0131r. Ayr\u0131ca, uzun \u00f6m\u00fcrl\u00fcl\u00fck ve g\u00fcvenilirlik sa\u011flamak i\u00e7in hidrolik silindirlerin se\u00e7imi ve i\u015fletimi s\u0131ras\u0131nda s\u0131cakl\u0131k de\u011fi\u015fimleri ve a\u015f\u0131nd\u0131r\u0131c\u0131 maddelere maruz kalma gibi \u00e7evresel fakt\u00f6rler de dikkate al\u0131nmal\u0131d\u0131r.<\/p>\n<h2>Sorun Giderme ve Yayg\u0131n Sorunlar<\/h2>\n<ul>\n<li>\n<h3>S\u0131z\u0131nt\u0131<\/h3>\n<p>Hidrolik s\u0131v\u0131 s\u0131z\u0131nt\u0131lar\u0131, a\u015f\u0131nm\u0131\u015f contalar veya hasarl\u0131 bile\u015fenler nedeniyle meydana gelebilir. D\u00fczenli bak\u0131m ve kontrol, bu sorunlar\u0131n erken tespit edilmesine yard\u0131mc\u0131 olur. S\u0131z\u0131nt\u0131y\u0131 gidermek i\u00e7in, contalar\u0131 a\u015f\u0131nma a\u00e7\u0131s\u0131ndan inceleyin ve gerekirse de\u011fi\u015ftirin; ayr\u0131ca silindir bile\u015fenlerinde hasar olup olmad\u0131\u011f\u0131n\u0131 kontrol edin.<\/p>\n<\/li>\n<li>\n<h3>Azalt\u0131lm\u0131\u015f Performans<\/h3>\n<p>Silindir \u00e7al\u0131\u015fma komutlar\u0131na do\u011fru \u015fekilde yan\u0131t vermiyorsa, hidrolik sistemde veya i\u00e7 a\u015f\u0131nmada sorunlar olabilir. T\u0131kan\u0131kl\u0131klar\u0131 kontrol edin, s\u0131v\u0131 seviyelerinin do\u011fru oldu\u011fundan emin olun ve performans\u0131 etkileyebilecek herhangi bir i\u00e7 hasar\u0131 inceleyin.<\/p>\n<\/li>\n<li>\n<h3>Al\u0131\u015f\u0131lmad\u0131k Sesler<\/h3>\n<p>\u00c7al\u0131\u015fma s\u0131ras\u0131nda duyulan garip sesler, i\u00e7 a\u015f\u0131nma veya s\u0131v\u0131 kirlenmesinin belirtisi olabilir. Bu sorunun \u00e7\u00f6z\u00fcm\u00fc, hidrolik ya\u011f\u0131n kalitesinin kontrol edilmesini ve gerekirse de\u011fi\u015ftirilmesini, ayr\u0131ca silindir i\u00e7indeki mekanik ar\u0131zalar\u0131n kontrol edilmesini i\u00e7erebilir.<\/p>\n<\/li>\n<\/ul>\n<p><img decoding=\"async\" src=\"https:\/\/www.hydraulic-cylinders.net\/wp-content\/uploads\/2025\/04\/songte-bushings-with-all-kinds-of-excavator-models.webp\" alt=\"Ekskavat\u00f6r Modelleri i\u00e7in Bur\u00e7lar\"><\/p>\n<h2>Sonu\u00e7: \u015eirketimiz Hakk\u0131nda<\/h2>\n<p>\u00d6nde gelen bir hidrolik silindir \u00fcreticisi ve toptan da\u011f\u0131t\u0131c\u0131s\u0131 olarak, mevcut hidrolik \u00e7\u00f6z\u00fcmlerin yerini alan kapsaml\u0131 bir \u00fcr\u00fcn yelpazesi sunuyoruz. Kaliteye olan ba\u011fl\u0131l\u0131\u011f\u0131m\u0131z, geli\u015fmi\u015f \u00fcretim ekipmanlar\u0131 ve sa\u011flam bir profesyonel test sistemi kullanan rafine bir \u00fcretim y\u00f6netim stratejisiyle desteklenmektedir. Teknik uzmanl\u0131\u011fa, dijital \u00fcst d\u00fczey \u00fcretim yeteneklerine ve \u00fcretim s\u00fcre\u00e7lerimizin s\u00fcrekli iyile\u015ftirilmesine odaklanarak, \u00e7e\u015fitli m\u00fc\u015fteri ihtiya\u00e7lar\u0131n\u0131 y\u00fcksek verimlilik, hassasiyet ve kaliteyle kar\u015f\u0131lamaya \u00e7al\u0131\u015f\u0131yoruz. \u00dcr\u00fcnlerimiz profesyonel destek, uluslararas\u0131 sertifikalar ve \u00f6zelle\u015ftirilebilir \u00e7\u00f6z\u00fcmlerle birlikte gelir ve hem yerel hem de k\u00fcresel pazarlarda lider konumumuzu korumam\u0131z\u0131 sa\u011flar.<\/p>\n<p><img decoding=\"async\" src=\"https:\/\/www.hydraulic-cylinders.net\/wp-content\/uploads\/2025\/04\/songte-company-4.webp\" alt=\"\u015eirket Genel Bak\u0131\u015f\u0131\"><br \/>\n<img decoding=\"async\" src=\"https:\/\/www.hydraulic-cylinders.net\/wp-content\/uploads\/2025\/04\/songte-company-3.webp\" alt=\"\u015eirket Tesisleri\"><\/p>\n<p>Yazar: lyl<\/p>","protected":false},"excerpt":{"rendered":"<p>Boom Cylinder For Sinomach ZG3085-9 Product Overview The Boom Cylinder for Sinomach ZG3085-9 is a specialized hydraulic cylinder designed to control the movement of the bucket in various heavy machinery, such as excavators, backhoe loaders, and front-end loaders. This hydraulic cylinder allows the bucket to lift, lower, and tilt, facilitating material handling tasks efficiently. The [&hellip;]<\/p>","protected":false},"featured_media":17875,"comment_status":"open","ping_status":"closed","template":"","meta":{"_et_pb_use_builder":"","_et_pb_old_content":"","_et_gb_content_width":""},"product_brand":[],"product_cat":[1546],"product_tag":[1547,1496],"class_list":{"0":"post-19491","1":"product","2":"type-product","3":"status-publish","4":"has-post-thumbnail","6":"product_cat-boom-cylinders","7":"product_tag-boom-cylinders","8":"product_tag-hydraulic-cylinders","10":"first","11":"instock","12":"shipping-taxable","13":"product-type-simple"},"amp_enabled":true,"_links":{"self":[{"href":"https:\/\/www.hydraulic-cylinders.net\/tr\/wp-json\/wp\/v2\/product\/19491","targetHints":{"allow":["GET"]}}],"collection":[{"href":"https:\/\/www.hydraulic-cylinders.net\/tr\/wp-json\/wp\/v2\/product"}],"about":[{"href":"https:\/\/www.hydraulic-cylinders.net\/tr\/wp-json\/wp\/v2\/types\/product"}],"replies":[{"embeddable":true,"href":"https:\/\/www.hydraulic-cylinders.net\/tr\/wp-json\/wp\/v2\/comments?post=19491"}],"wp:featuredmedia":[{"embeddable":true,"href":"https:\/\/www.hydraulic-cylinders.net\/tr\/wp-json\/wp\/v2\/media\/17875"}],"wp:attachment":[{"href":"https:\/\/www.hydraulic-cylinders.net\/tr\/wp-json\/wp\/v2\/media?parent=19491"}],"wp:term":[{"taxonomy":"product_brand","embeddable":true,"href":"https:\/\/www.hydraulic-cylinders.net\/tr\/wp-json\/wp\/v2\/product_brand?post=19491"},{"taxonomy":"product_cat","embeddable":true,"href":"https:\/\/www.hydraulic-cylinders.net\/tr\/wp-json\/wp\/v2\/product_cat?post=19491"},{"taxonomy":"product_tag","embeddable":true,"href":"https:\/\/www.hydraulic-cylinders.net\/tr\/wp-json\/wp\/v2\/product_tag?post=19491"}],"curies":[{"name":"wp","href":"https:\/\/api.w.org\/{rel}","templated":true}]}}