{"id":19497,"date":"2025-04-07T06:50:56","date_gmt":"2025-04-07T06:50:56","guid":{"rendered":"https:\/\/www.hydraulic-cylinders.net\/product\/boom-cylinder-for-jove-jv365lc\/"},"modified":"2025-04-07T06:50:58","modified_gmt":"2025-04-07T06:50:58","slug":"boom-cylinder-for-jove-jv365lc","status":"publish","type":"product","link":"https:\/\/www.hydraulic-cylinders.net\/tr\/urun\/boom-cylinder-for-jove-jv365lc\/","title":{"rendered":"Jove JV365LC i\u00e7in Bom Silindiri"},"content":{"rendered":"<h1>Jove JV365LC i\u00e7in Bom Silindiri<\/h1>\n<h2>\u00dcr\u00fcn Genel Bak\u0131\u015f\u0131<\/h2>\n<p>The <strong>Jove JV365LC i\u00e7in Bom Silindiri<\/strong> Ekskavat\u00f6rler, beko y\u00fckleyiciler ve \u00f6n y\u00fckleyiciler gibi a\u011f\u0131r makinelerde kep\u00e7elerin hareketini kontrol etmek i\u00e7in tasarlanm\u0131\u015f \u00f6zel bir hidrolik silindirdir. Bu silindirler, kep\u00e7elerin kald\u0131r\u0131lmas\u0131, indirilmesi ve e\u011filmesinde hayati bir rol oynayarak \u00e7e\u015fitli malzeme ta\u015f\u0131ma g\u00f6revlerini kolayla\u015ft\u0131r\u0131r. Kep\u00e7e silindiri, hidrolik sistemler i\u00e7inde \u00e7al\u0131\u015farak hidrolik enerjiyi mekanik kuvvete d\u00f6n\u00fc\u015ft\u00fcr\u00fcr ve zorlu ortamlarda sorunsuz ve verimli \u00e7al\u0131\u015fma sa\u011flar.<\/p>\n<p><img decoding=\"async\" src=\"https:\/\/www.hydraulic-cylinders.net\/wp-content\/uploads\/2025\/04\/songte-company-1.webp\" alt=\"Jove JV365LC i\u00e7in Bom Silindiri\"><\/p>\n<h3>Temel \u00d6zellikler<\/h3>\n<ul>\n<li><strong>Y\u00fcksek Dayan\u0131kl\u0131l\u0131k ve Dayan\u0131kl\u0131l\u0131k:<\/strong> Y\u00fcksek mukavemetli \u00e7elik veya al\u00fcminyumdan \u00fcretilen bu silindirler, y\u00fcksek bas\u0131nca ve a\u011f\u0131r y\u00fcklere dayanabilir. A\u015f\u0131nma ve korozyon direncini de g\u00f6z \u00f6n\u00fcnde bulunduran tasar\u0131mlar\u0131, kullan\u0131m \u00f6m\u00fcrlerini uzat\u0131r.<\/li>\n<li><strong>Verimli Hidrolik \u00c7al\u0131\u015fma:<\/strong> Hidrolik ya\u011f bas\u0131nc\u0131n\u0131 kullanarak d\u00fczg\u00fcn bir \u015fekilde uzama ve geri \u00e7ekilme sa\u011flayan bu sistemler, kontrol komutlar\u0131na h\u0131zl\u0131 yan\u0131t verirken \u00f6nemli bir itme ve \u00e7ekme kuvveti de sunarak a\u011f\u0131r ve karma\u015f\u0131k i\u015flerin \u00fcstesinden gelmek i\u00e7in idealdir.<\/li>\n<li><strong>\u00c7e\u015fitli T\u00fcrler:<\/strong> Tek y\u00f6nl\u00fc (hidroli\u011fin tek y\u00f6nde kullan\u0131ld\u0131\u011f\u0131) ve \u00e7ift y\u00f6nl\u00fc (hidroli\u011fin her iki y\u00f6nde kullan\u0131ld\u0131\u011f\u0131) tasar\u0131mlarda mevcut olup, farkl\u0131 \u00e7al\u0131\u015fma ihtiya\u00e7lar\u0131na cevap vermektedir. Baz\u0131 modellerde, d\u0131\u015f boyutlar\u0131 art\u0131rmadan daha fazla uzatma sa\u011flayan teleskopik tasar\u0131mlar bulunur; bu da dar alanlardaki uygulamalar i\u00e7in idealdir.<\/li>\n<li><strong>\u00d6zel \u00dcretim:<\/strong> Bu \u00fcr\u00fcn\u00fc \u00fcretebiliyoruz ve hidrolik silindirlerimizin mevcut modellere m\u00fckemmel birer alternatif olmas\u0131n\u0131 sa\u011fl\u0131yoruz.<\/li>\n<\/ul>\n<p><img decoding=\"async\" src=\"https:\/\/www.hydraulic-cylinders.net\/wp-content\/uploads\/2025\/04\/songte-cylinder-head-with-all-kinds-excavator-models.webp\" alt=\"Hidrolik Silindir Kapa\u011f\u0131\"><\/p>\n<h2>Uygulamalar<\/h2>\n<h3>\u0130n\u015faat Ekipmanlar\u0131<\/h3>\n<p>\u0130n\u015faat sekt\u00f6r\u00fcnde, ekskavat\u00f6rlerde bom silindirleri, toprak veya molozun kaz\u0131lmas\u0131, y\u00fcklenmesi ve ta\u015f\u0131nmas\u0131n\u0131 sa\u011flayan \u00e7ok \u00f6nemli bile\u015fenlerdir. Bu silindirlerin i\u015flevselli\u011fi, kaz\u0131c\u0131 y\u00fckleyicilerde hem kazma hem de kald\u0131rma i\u015flemleri i\u00e7in hayati \u00f6neme sahiptir ve in\u015faat projelerinin genel verimlili\u011fini art\u0131r\u0131r. Bu silindirlerin sa\u011flad\u0131\u011f\u0131 hassas hareket, do\u011fru kazma ve malzeme ta\u015f\u0131ma i\u015flemlerini kolayla\u015ft\u0131rarak \u015fantiyelerde verimlili\u011fi garanti eder.<\/p>\n<h3>Tar\u0131m Makinalar\u0131<\/h3>\n<p>Bom silindirli \u00f6n y\u00fckleyiciler, toprak ve saman gibi \u00e7e\u015fitli malzemelerin kald\u0131r\u0131lmas\u0131, kep\u00e7elenmesi ve ta\u015f\u0131nmas\u0131n\u0131 sa\u011flayan tar\u0131msal i\u015fler i\u00e7in vazge\u00e7ilmezdir. Bu uyarlanabilirlik, \u00e7ift\u00e7ilerin kaynaklar\u0131 verimli bir \u015fekilde y\u00f6netmeleri ve \u00e7iftlikte daha h\u0131zl\u0131 ve etkili i\u015flemler yapmalar\u0131 i\u00e7in hayati \u00f6nem ta\u015f\u0131r. Bu silindirlerin g\u00fcvenilirli\u011fi, tar\u0131m makinelerinin verimlili\u011fini do\u011frudan etkiler ve bu da onlar\u0131 modern tar\u0131m uygulamalar\u0131nda vazge\u00e7ilmez k\u0131lar.<\/p>\n<h3>Ekskavat\u00f6rler<\/h3>\n<p>Ekskavat\u00f6rlerde, bom silindirleri, kaz\u0131 i\u015flemleri s\u0131ras\u0131nda kep\u00e7enin zemine n\u00fcfuz etmesini sa\u011flar. Bu \u00f6zellik, gev\u015fek topraktan sert y\u00fczeylere kadar \u00e7e\u015fitli malzemelerin verimli bir \u015fekilde kaz\u0131lmas\u0131n\u0131 m\u00fcmk\u00fcn k\u0131lar. Bu silindirlerin \u00fcretti\u011fi hidrolik kuvvet, ekskavat\u00f6r\u00fcn etkinli\u011fini art\u0131rarak in\u015faat ve madencilik sekt\u00f6rlerinde hayati bir ara\u00e7 haline getirir. A\u011f\u0131r y\u00fckler alt\u0131nda \u00e7al\u0131\u015fabilme yetenekleri, projelerin minimum ar\u0131za s\u00fcresiyle zaman\u0131nda tamamlanmas\u0131n\u0131 sa\u011flar.<\/p>\n<h3>Y\u00fckleyiciler<\/h3>\n<p>\u00d6n y\u00fckleyicilerde, bom silindirleri y\u00fckleri etkili bir \u015fekilde kald\u0131rmaktan ve devirmekten sorumludur. A\u011f\u0131r malzemelerin ta\u015f\u0131nmas\u0131 i\u00e7in gerekli kuvveti sa\u011flayarak y\u00fckleme ve bo\u015faltma s\u00fcre\u00e7lerinde sorunsuz \u00e7al\u0131\u015fmay\u0131 garanti ederler. Bu silindirlerin verimlili\u011fi, bir y\u00fckleyicinin operasyonel yeteneklerine \u00f6nemli \u00f6l\u00e7\u00fcde katk\u0131da bulunur ve in\u015faat sahalar\u0131nda ve malzeme ta\u015f\u0131ma i\u015flemlerinde i\u015f ak\u0131\u015flar\u0131n\u0131 kolayla\u015ft\u0131rmaya yard\u0131mc\u0131 olur.<\/p>\n<h2>Tasar\u0131m Hususlar\u0131 ve Se\u00e7im Kriterleri<\/h2>\n<h3>Y\u00fck Kapasitesi<\/h3>\n<p>Bom silindiri se\u00e7erken, y\u00fck ta\u015f\u0131ma kapasitesini dikkate almak \u00e7ok \u00f6nemlidir. Silindir, kullan\u0131m amac\u0131na uygun uygulamalarda kar\u015f\u0131la\u015f\u0131lan belirli a\u011f\u0131rl\u0131klar\u0131 kald\u0131rabilecek \u015fekilde tasarlanmal\u0131d\u0131r. Yetersiz y\u00fck ta\u015f\u0131ma kapasitesine sahip bir silindir se\u00e7mek ar\u0131zaya ve g\u00fcvenlik risklerine yol a\u00e7abilir. Bu nedenle, a\u011f\u0131rl\u0131k s\u0131n\u0131rlar\u0131n\u0131 anlamak ve silindirin uygun \u015fekilde derecelendirildi\u011finden emin olmak, g\u00fcvenli ve etkili \u00e7al\u0131\u015fma i\u00e7in son derece \u00f6nemlidir.<\/p>\n<h3>S\u0131zd\u0131rmazl\u0131k ve Dayan\u0131kl\u0131l\u0131k<\/h3>\n<p>Hidrolik silindirlerin uzun \u00f6m\u00fcrl\u00fc olmas\u0131 i\u00e7in etkili s\u0131zd\u0131rmazl\u0131k hayati \u00f6nem ta\u015f\u0131r. Tasar\u0131m, hidrolik s\u0131v\u0131n\u0131n s\u0131zmas\u0131n\u0131 \u00f6nlerken, kirleticilerin silindire girmesini de engelleyen y\u00fcksek kaliteli contalar i\u00e7ermelidir. Poli\u00fcretan ve nitril kau\u00e7uk gibi s\u0131zd\u0131rmazl\u0131k malzemeleri, a\u015f\u0131nma diren\u00e7leri ve uzun \u00f6m\u00fcrl\u00fcl\u00fckleri g\u00f6z \u00f6n\u00fcnde bulundurularak se\u00e7ilmelidir. Do\u011fru s\u0131zd\u0131rmazl\u0131k, silindirin \u00f6mr\u00fcn\u00fc uzat\u0131r, bak\u0131m ihtiya\u00e7lar\u0131n\u0131 azalt\u0131r ve tutarl\u0131 hidrolik performans sa\u011flar.<\/p>\n<h3>G\u00fcvenlik \u00d6zellikleri<\/h3>\n<p>Hidrolik silindirlerin tasar\u0131m\u0131nda g\u00fcvenlik en \u00f6nemli husustur. Bas\u0131n\u00e7 tahliye vanalar\u0131 ve sa\u011flam montaj d\u00fczenekleri gibi \u00f6zellikler \u00e7al\u0131\u015fma g\u00fcvenli\u011fini art\u0131r\u0131r. Bu \u00f6zellikler a\u015f\u0131r\u0131 bas\u0131n\u00e7lanmaya kar\u015f\u0131 koruma sa\u011flar ve silindirin \u00e7al\u0131\u015fma s\u0131ras\u0131nda g\u00fcvenli bir \u015fekilde ba\u011fl\u0131 kalmas\u0131n\u0131 garanti eder. D\u00fczenli denetimler ve g\u00fcvenlik protokollerine uyulmas\u0131, hidrolik silindirlerle ilgili i\u015flemlerin g\u00fcvenli\u011fini daha da art\u0131r\u0131r.<\/p>\n<h3>Bak\u0131m ve Servis Kolayl\u0131\u011f\u0131<\/h3>\n<p>Hidrolik silindirlerin bak\u0131m kolayl\u0131\u011f\u0131 sa\u011flayacak \u015fekilde tasarlanmas\u0131, uzun \u00f6m\u00fcrl\u00fcl\u00fckleri ve g\u00fcvenilirlikleri i\u00e7in \u00e7ok \u00f6nemlidir. Silindirler, rutin kontroller ve onar\u0131mlar s\u0131ras\u0131nda kolay eri\u015fime olanak sa\u011flayacak \u015fekilde \u00fcretilmelidir. Bu, de\u011fi\u015ftirilebilir contalar ve kolay eri\u015filebilir ya\u011flama noktalar\u0131 gibi \u00f6zellikleri i\u00e7erir; bu \u00f6zellikler d\u00fczenli bak\u0131m kontrollerini kolayla\u015ft\u0131r\u0131r, beklenmedik ar\u0131za riskini azalt\u0131r ve ekipman\u0131n \u00f6mr\u00fcn\u00fc uzat\u0131r.<\/p>\n<p><img decoding=\"async\" src=\"https:\/\/www.hydraulic-cylinders.net\/wp-content\/uploads\/2025\/04\/songte-oil-pipes-and-spare-parts.webp\" alt=\"Hidrolik Silindir Par\u00e7alar\u0131\"><\/p>\n<h2>S\u0131zd\u0131rmazl\u0131k ve Ya\u011flama<\/h2>\n<p>Bom silindirlerinin performans\u0131 ve uzun \u00f6mr\u00fc, etkili s\u0131zd\u0131rmazl\u0131k ve ya\u011flama stratejilerine b\u00fcy\u00fck \u00f6l\u00e7\u00fcde ba\u011fl\u0131d\u0131r. Piston contalar\u0131 ve mil contalar\u0131 gibi \u00e7e\u015fitli s\u0131zd\u0131rmazl\u0131k elemanlar\u0131, hidrolik sistemlerin b\u00fct\u00fcnl\u00fc\u011f\u00fcn\u00fc korumada \u00e7ok \u00f6nemli roller oynar. Poli\u00fcretan ve nitril kau\u00e7uk gibi a\u015f\u0131nmaya dayan\u0131kl\u0131 malzemelerden yap\u0131lan contalar, zorlu \u00e7al\u0131\u015fma ko\u015fullar\u0131na dayanabilme \u00f6zellikleri nedeniyle tercih edilir.<\/p>\n<p>Ayr\u0131ca, silindir g\u00f6vdesi ve di\u015fli u\u00e7 y\u00fczeyleri, a\u015f\u0131nma direncini art\u0131rmak i\u00e7in titiz bir i\u015flemden ge\u00e7irilmektedir. S\u00fcrt\u00fcnmeyi ve a\u015f\u0131nmay\u0131 en aza indirmek ve sorunsuz \u00e7al\u0131\u015fmay\u0131 sa\u011flamak i\u00e7in uygun hidrolik ya\u011f ile d\u00fczenli ya\u011flama \u015fartt\u0131r. Bu rutin bak\u0131m, hidrolik silindirin \u00f6mr\u00fcn\u00fc uzat\u0131rken optimum performans\u0131 da korur.<\/p>\n<h2>D\u00fczenli Muayene ve \u00d6nleyici Bak\u0131m<\/h2>\n<ul>\n<li><strong>D\u00fczenli Kontroller:<\/strong> Hidrolik sistemin d\u00fczenli olarak kontrol edilmesi, potansiyel sorunlar\u0131n b\u00fcy\u00fcmeden \u00f6nce tespit edilmesi i\u00e7in kritik \u00f6neme sahiptir. Bu, s\u0131z\u0131nt\u0131lar\u0131n kontrol edilmesini, contalar\u0131n a\u015f\u0131nmas\u0131n\u0131n incelenmesini ve hidrolik s\u0131v\u0131 seviyelerinin yeterli olmas\u0131n\u0131n sa\u011flanmas\u0131n\u0131 i\u00e7erir.<\/li>\n<li><strong>Uygun Ya\u011flama:<\/strong> Hidrolik bile\u015fenlerin yeterince ya\u011flanmas\u0131, a\u015f\u0131r\u0131 a\u015f\u0131nma ve y\u0131pranmay\u0131 \u00f6nler. D\u00fczenli olarak hidrolik s\u0131v\u0131 eklemek ve ya\u011flay\u0131c\u0131n\u0131n kirleticilerden ar\u0131nd\u0131r\u0131lm\u0131\u015f oldu\u011fundan emin olmak, sistemin \u00f6mr\u00fcn\u00fc \u00f6nemli \u00f6l\u00e7\u00fcde uzatabilir.<\/li>\n<li><strong>Conta De\u011fi\u015fimi:<\/strong> Zamanla contalar a\u015f\u0131n\u0131r. S\u0131z\u0131nt\u0131lar\u0131 \u00f6nlemek ve sistem b\u00fct\u00fcnl\u00fc\u011f\u00fcn\u00fc korumak i\u00e7in conta denetimi ve de\u011fi\u015ftirme program\u0131 uygulamak hayati \u00f6nem ta\u015f\u0131r. D\u00fczenli kalibrasyon kontrolleri, performans sorunlar\u0131na yol a\u00e7abilecek herhangi bir tutars\u0131zl\u0131\u011f\u0131 belirlemeye de yard\u0131mc\u0131 olabilir.<\/li>\n<\/ul>\n<h2>Kurulum Talimatlar\u0131<\/h2>\n<p>Bom silindirinin do\u011fru montaj\u0131, optimum performans ve g\u00fcvenlik i\u00e7in \u00e7ok \u00f6nemlidir. \u00d6ncelikle \u00fcreticinin talimatlar\u0131n\u0131 ve y\u00f6nergelerini dikkatlice okuyun. Bile\u015fene gereksiz gerilim binmesini \u00f6nlemek i\u00e7in silindiri montaj noktalar\u0131yla do\u011fru \u015fekilde hizalay\u0131n. Silindiri yerine sabitlemek i\u00e7in uygun montaj braketleri kullan\u0131lmas\u0131 \u00f6nerilir. Sistemi test etmeden \u00f6nce t\u00fcm hidrolik ba\u011flant\u0131lar\u0131n s\u0131k\u0131 ve s\u0131z\u0131nt\u0131s\u0131z oldu\u011fundan emin olun. Montajdan sonra, silindirin sorunsuz ve verimli \u00e7al\u0131\u015ft\u0131\u011f\u0131n\u0131 do\u011frulamak i\u00e7in kapsaml\u0131 bir inceleme yap\u0131n. Herhangi bir a\u015f\u0131nma veya s\u0131z\u0131nt\u0131 belirtisi olup olmad\u0131\u011f\u0131n\u0131 d\u00fczenli olarak kontrol ederek sorunlar\u0131 \u00f6nceden ele al\u0131n.<\/p>\n<h2>Bak\u0131m G\u00f6revleri<\/h2>\n<h3>D\u00fczenli Muayene<\/h3>\n<p>Hidrolik silindirlerin performans\u0131n\u0131 korumak i\u00e7in rutin kontroller temel \u00f6neme sahiptir. Bu, \u00f6zellikle contalarda ve montaj noktalar\u0131nda a\u015f\u0131nma veya hasar belirtilerinin g\u00f6rsel olarak kontrol edilmesini i\u00e7erir. Kontrollerin kayd\u0131n\u0131 tutmak, silindirin performans\u0131n\u0131 zaman i\u00e7inde izlemeye ve potansiyel sorunlar\u0131 g\u00f6sterebilecek e\u011filimleri belirlemeye yard\u0131mc\u0131 olabilir.<\/p>\n<h3>Uygun Ya\u011flama<\/h3>\n<p>Hidrolik silindir bak\u0131m\u0131nda ya\u011flama kritik bir unsurdur. T\u00fcm hareketli par\u00e7alar\u0131n yeterince ya\u011flanmas\u0131, s\u00fcrt\u00fcnmeyi ve a\u015f\u0131nmay\u0131 \u00f6nleyerek silindirin \u00e7al\u0131\u015fma \u00f6mr\u00fcn\u00fc uzat\u0131r. Optimum \u00e7al\u0131\u015fma performans\u0131 i\u00e7in \u00fcretici taraf\u0131ndan \u00f6nerilen hidrolik s\u0131v\u0131y\u0131 kullanmak ve s\u0131v\u0131 seviyelerini d\u00fczenli olarak kontrol etmek \u00f6nemlidir.<\/p>\n<h3>Conta De\u011fi\u015fimi<\/h3>\n<p>Contalar s\u00fcrekli a\u015f\u0131nmaya maruz kald\u0131\u011f\u0131ndan, s\u0131z\u0131nt\u0131lar\u0131 \u00f6nlemek ve sistem b\u00fct\u00fcnl\u00fc\u011f\u00fcn\u00fc korumak i\u00e7in d\u00fczenli aral\u0131klarla de\u011fi\u015ftirilmeleri \u015fartt\u0131r. Rutin bak\u0131m s\u0131ras\u0131nda, contalarda hasar veya a\u015f\u0131nma belirtileri olup olmad\u0131\u011f\u0131n\u0131 kontrol edin ve gerekti\u011finde de\u011fi\u015ftirin. Bu proaktif yakla\u015f\u0131m, hidrolik sistemin verimlili\u011fini ve g\u00fcvenli\u011fini korumaya yard\u0131mc\u0131 olurken, beklenmedik ar\u0131za s\u00fcrelerinin olas\u0131l\u0131\u011f\u0131n\u0131 da azaltacakt\u0131r.<\/p>\n<p><img decoding=\"async\" src=\"https:\/\/www.hydraulic-cylinders.net\/wp-content\/uploads\/2025\/04\/songte-chushion-collar.webp\" alt=\"Hidrolik Silindirler i\u00e7in Yast\u0131k Yaka\"><\/p>\n<h2>G\u00fcvenlik Hususlar\u0131 ve \u00c7evresel Fakt\u00f6rler<\/h2>\n<p>Hidrolik silindirler kullan\u0131l\u0131rken, uygun g\u00fcvenlik \u00f6nlemlerinin uygulanmas\u0131 son derece \u00f6nemlidir. Operat\u00f6rler, bas\u0131n\u00e7 bo\u015falmas\u0131 ve s\u0131v\u0131 s\u0131z\u0131nt\u0131s\u0131 riskleri de dahil olmak \u00fczere hidrolik sistemlerle ili\u015fkili potansiyel tehlikeleri anlamalar\u0131 konusunda e\u011fitilmelidir. \u00c7al\u0131\u015fma s\u0131ras\u0131nda her zaman ki\u015fisel koruyucu ekipman (KKD) giyilmelidir. Ayr\u0131ca, toprak ve su kirlili\u011fini \u00f6nlemek i\u00e7in hidrolik s\u0131v\u0131lar\u0131n ve bak\u0131m malzemelerinin uygun \u015fekilde bertaraf edilmesi gibi \u00e7evresel hususlar da dikkate al\u0131nmal\u0131d\u0131r. G\u00fcvenlik protokollerine uyulmas\u0131 sadece i\u015f\u00e7ileri korumakla kalmaz, ayn\u0131 zamanda \u00e7evre d\u00fczenlemelerine uyumu da sa\u011flar.<\/p>\n<h2>Yayg\u0131n Sorunlar\u0131n Giderilmesi<\/h2>\n<ul>\n<li><strong>Hidrolik S\u0131v\u0131 S\u0131z\u0131nt\u0131lar\u0131:<\/strong> En s\u0131k kar\u015f\u0131la\u015f\u0131lan sorunlardan biri hidrolik s\u0131v\u0131 s\u0131z\u0131nt\u0131lar\u0131d\u0131r. Bu durum, a\u015f\u0131nm\u0131\u015f contalardan veya yanl\u0131\u015f ba\u011flant\u0131lardan kaynaklanabilir. Bu sorunu \u00e7\u00f6zmek i\u00e7in, sistemdeki hasarl\u0131 contalar\u0131 kontrol edin ve gerekti\u011finde de\u011fi\u015ftirin.<\/li>\n<li><strong>Silindir Hareketinde Tutars\u0131zl\u0131k:<\/strong> Silindirin d\u00fczensiz \u00e7al\u0131\u015fmas\u0131, hidrolik hatlarda s\u0131k\u0131\u015fm\u0131\u015f hava veya yetersiz hidrolik s\u0131v\u0131s\u0131ndan kaynaklan\u0131yor olabilir. S\u0131k\u0131\u015fm\u0131\u015f havay\u0131 gidermek i\u00e7in sistemi havaland\u0131rmak ve s\u0131v\u0131 seviyelerini kontrol etmek, tutarl\u0131 performans\u0131 yeniden sa\u011flamaya yard\u0131mc\u0131 olabilir.<\/li>\n<li><strong>A\u015f\u0131r\u0131 Is\u0131nma:<\/strong> A\u015f\u0131r\u0131 y\u00fcklenme veya yetersiz ya\u011flama a\u015f\u0131r\u0131 \u0131s\u0131nmaya neden olabilir. A\u015f\u0131r\u0131 \u0131s\u0131nma sorunlar\u0131n\u0131 \u00f6nlemek i\u00e7in \u00e7al\u0131\u015fma s\u0131cakl\u0131\u011f\u0131n\u0131 d\u00fczenli olarak izleyin ve hidrolik s\u0131v\u0131n\u0131n temiz ve uygun seviyelerde oldu\u011fundan emin olun.<\/li>\n<\/ul>\n<h2>\u00d6nleyici Tedbirler<\/h2>\n<p>Hidrolik silindirlerle ilgili potansiyel sorunlar\u0131 en aza indirmek i\u00e7in \u00f6nleyici tedbirler almak \u015fartt\u0131r. D\u00fczenli bak\u0131m ve zaman\u0131nda yap\u0131lan kontroller, sorunlar\u0131n b\u00fcy\u00fcmeden \u00f6nce tespit edilmesini sa\u011flayarak beklenmedik ar\u0131za riskini azalt\u0131r. Operat\u00f6rler i\u00e7in uygun e\u011fitim de hidrolik sistemlerin kullan\u0131m\u0131nda g\u00fcvenli\u011fi ve verimlili\u011fi art\u0131rabilir. Son olarak, temiz ve iyi ya\u011flanm\u0131\u015f hidrolik s\u0131v\u0131n\u0131n korunmas\u0131, a\u015f\u0131nmay\u0131 b\u00fcy\u00fck \u00f6l\u00e7\u00fcde azaltabilir ve bile\u015fenlerin \u00f6mr\u00fcn\u00fc uzatabilir.<\/p>\n<p><img decoding=\"async\" src=\"https:\/\/www.hydraulic-cylinders.net\/wp-content\/uploads\/2025\/04\/songte-bushings-with-all-kinds-of-excavator-models.webp\" alt=\"Ekskavat\u00f6r Modelleri i\u00e7in Bur\u00e7lar\"><\/p>\n<h2>\u015eirket Tan\u0131t\u0131m\u0131<\/h2>\n<p>\u00d6nde gelen hidrolik silindir yedek par\u00e7a \u00fcreticisiyiz ve hem yurt i\u00e7i hem de uluslararas\u0131 pazarlarda \u00f6nde gelen \u00fcretici ve toptanc\u0131lardan biri olarak kendimizi kan\u0131tlam\u0131\u015f kapsaml\u0131 bir \u00fcr\u00fcn yelpazesi sunuyoruz. Kalitede m\u00fckemmelli\u011fe olan ba\u011fl\u0131l\u0131\u011f\u0131m\u0131z, geli\u015fmi\u015f dijital \u00fcretim ekipmanlar\u0131ndan ve profesyonel test sistemlerinden yararlanan rafine bir \u00fcretim stratejisiyle desteklenmektedir.<\/p>\n<p>At\u00f6lyelerimiz, \u00fcretim platformlar\u0131n\u0131 s\u00fcrekli olarak geli\u015ftirerek, verimli ve y\u00fcksek kaliteli bir \u00fcretim s\u00fcreci sa\u011flamaktad\u0131r. Teknik yetenek ve yenili\u011fe b\u00fcy\u00fck \u00f6nem vererek, \u00e7e\u015fitli m\u00fc\u015fteri ihtiya\u00e7lar\u0131n\u0131 verimli ve etkili bir \u015fekilde kar\u015f\u0131lamaya \u00e7al\u0131\u015f\u0131yoruz. Y\u00fcksek verimlilik, hassasiyet ve kaliteye odaklanmam\u0131z, zaman\u0131n testine dayanacak \u00fcst\u00fcn \u00fcr\u00fcnler sunmam\u0131z\u0131 sa\u011fl\u0131yor.<\/p>\n<p><img decoding=\"async\" src=\"https:\/\/www.hydraulic-cylinders.net\/wp-content\/uploads\/2025\/04\/songte-company-4.webp\" alt=\"\u015eirket Genel Bak\u0131\u015f\u0131\"><br \/>\n<img decoding=\"async\" src=\"https:\/\/www.hydraulic-cylinders.net\/wp-content\/uploads\/2025\/04\/songte-company-3.webp\" alt=\"\u015eirket Tesisleri\"><\/p>\n<p>Yazar: lyl<\/p>","protected":false},"excerpt":{"rendered":"<p>Boom Cylinder For Jove JV365LC Product Overview The Boom Cylinder for Jove JV365LC is a specialized hydraulic cylinder designed for controlling the movement of buckets in heavy machinery such as excavators, backhoe loaders, and front loaders. These cylinders play a crucial role in enabling the lifting, lowering, and tilting of buckets, facilitating various material handling [&hellip;]<\/p>","protected":false},"featured_media":17881,"comment_status":"open","ping_status":"closed","template":"","meta":{"_et_pb_use_builder":"","_et_pb_old_content":"","_et_gb_content_width":""},"product_brand":[],"product_cat":[1546],"product_tag":[1547,1496],"class_list":{"0":"post-19497","1":"product","2":"type-product","3":"status-publish","4":"has-post-thumbnail","6":"product_cat-boom-cylinders","7":"product_tag-boom-cylinders","8":"product_tag-hydraulic-cylinders","10":"first","11":"instock","12":"shipping-taxable","13":"product-type-simple"},"amp_enabled":true,"_links":{"self":[{"href":"https:\/\/www.hydraulic-cylinders.net\/tr\/wp-json\/wp\/v2\/product\/19497","targetHints":{"allow":["GET"]}}],"collection":[{"href":"https:\/\/www.hydraulic-cylinders.net\/tr\/wp-json\/wp\/v2\/product"}],"about":[{"href":"https:\/\/www.hydraulic-cylinders.net\/tr\/wp-json\/wp\/v2\/types\/product"}],"replies":[{"embeddable":true,"href":"https:\/\/www.hydraulic-cylinders.net\/tr\/wp-json\/wp\/v2\/comments?post=19497"}],"wp:featuredmedia":[{"embeddable":true,"href":"https:\/\/www.hydraulic-cylinders.net\/tr\/wp-json\/wp\/v2\/media\/17881"}],"wp:attachment":[{"href":"https:\/\/www.hydraulic-cylinders.net\/tr\/wp-json\/wp\/v2\/media?parent=19497"}],"wp:term":[{"taxonomy":"product_brand","embeddable":true,"href":"https:\/\/www.hydraulic-cylinders.net\/tr\/wp-json\/wp\/v2\/product_brand?post=19497"},{"taxonomy":"product_cat","embeddable":true,"href":"https:\/\/www.hydraulic-cylinders.net\/tr\/wp-json\/wp\/v2\/product_cat?post=19497"},{"taxonomy":"product_tag","embeddable":true,"href":"https:\/\/www.hydraulic-cylinders.net\/tr\/wp-json\/wp\/v2\/product_tag?post=19497"}],"curies":[{"name":"wp","href":"https:\/\/api.w.org\/{rel}","templated":true}]}}