{"id":19498,"date":"2025-04-07T06:50:58","date_gmt":"2025-04-07T06:50:58","guid":{"rendered":"https:\/\/www.hydraulic-cylinders.net\/product\/boom-cylinder-for-tck-hd1023lc-8h\/"},"modified":"2025-04-07T06:51:01","modified_gmt":"2025-04-07T06:51:01","slug":"boom-cylinder-for-tck-hd1023lc-8h","status":"publish","type":"product","link":"https:\/\/www.hydraulic-cylinders.net\/tr\/urun\/boom-cylinder-for-tck-hd1023lc-8h\/","title":{"rendered":"TCK HD1023LC-8H i\u00e7in Bom Silindiri"},"content":{"rendered":"<h1>TCK HD1023LC-8H i\u00e7in Bom Silindiri<\/h1>\n<h2>Bom Silindirine Giri\u015f<\/h2>\n<p>Bom Silindiri, \u00f6zellikle ekskavat\u00f6rler, kaz\u0131c\u0131 y\u00fckleyiciler ve \u00f6n y\u00fckleyiciler olmak \u00fczere \u00e7e\u015fitli a\u011f\u0131r i\u015f makinelerinde kullan\u0131lan temel bir hidrolik bile\u015fendir. Bu hidrolik silindir, kep\u00e7enin hareketini kontrol etmek ve hassas bir \u015fekilde kald\u0131rma, indirme ve yat\u0131rma i\u015flemlerini ger\u00e7ekle\u015ftirmek \u00fczere tasarlanm\u0131\u015ft\u0131r. Bom silindirinin verimli \u00e7al\u0131\u015fmas\u0131, a\u011f\u0131r y\u00fckleri etkili bir \u015fekilde hareket ettirmek i\u00e7in gerekli kuvveti sa\u011flad\u0131\u011f\u0131 i\u00e7in malzeme ta\u015f\u0131ma g\u00f6revleri i\u00e7in \u00e7ok \u00f6nemlidir.<\/p>\n<p><img decoding=\"async\" src=\"https:\/\/www.hydraulic-cylinders.net\/wp-content\/uploads\/2025\/04\/songte-company-1.webp\" alt=\"Bom Silindiri\" \/><\/p>\n<h2>Temel \u00d6zellikler<\/h2>\n<ul>\n<li><strong>Y\u00fcksek Dayan\u0131kl\u0131l\u0131k ve Dayan\u0131kl\u0131l\u0131k:<\/strong> Genellikle y\u00fcksek mukavemetli \u00e7elik veya al\u00fcminyumdan \u00fcretilen bom silindiri, y\u00fcksek bas\u0131n\u00e7lara ve a\u011f\u0131r y\u00fcklere dayanabilir. Tasar\u0131m\u0131, a\u015f\u0131nma ve korozyon direncini g\u00f6z \u00f6n\u00fcnde bulundurarak \u00f6mr\u00fcn\u00fc uzat\u0131r.<\/li>\n<li><strong>Verimli Hidrolik \u00c7al\u0131\u015fma:<\/strong> Silindir, p\u00fcr\u00fczs\u00fcz uzatma ve geri \u00e7ekme sa\u011flamak i\u00e7in hidrolik s\u0131v\u0131 bas\u0131nc\u0131n\u0131 kullan\u0131r, operat\u00f6r komutlar\u0131na h\u0131zl\u0131 bir \u015fekilde yan\u0131t verir ve a\u011f\u0131r ve karma\u015f\u0131k g\u00f6revlerin \u00fcstesinden gelmek i\u00e7in ideal olan \u00f6nemli bir itme ve \u00e7ekme kuvveti sa\u011flar.<\/li>\n<li><strong>\u00c7e\u015fitli T\u00fcrler:<\/strong> Tek etkili (tek y\u00f6nde \u00e7al\u0131\u015f\u0131r) veya \u00e7ift etkili (her iki y\u00f6nde \u00e7al\u0131\u015f\u0131r) konfig\u00fcrasyonlarda mevcut olan bu \u00fcr\u00fcnler, \u00e7e\u015fitli operasyonel ihtiya\u00e7lar\u0131 kar\u015f\u0131layabilir. Baz\u0131 modeller teleskopiktir ve harici boyutlar\u0131 art\u0131rmadan daha fazla uzatma olana\u011f\u0131 sa\u011flayarak, alan k\u0131s\u0131tlamas\u0131 olan uygulamalar i\u00e7in uygundur.<\/li>\n<\/ul>\n<p>Makinelerinizdeki mevcut hidrolik silindirlerin yerini m\u00fckemmel \u015fekilde alabilecek kapasitede olan bu y\u00fcksek kaliteli bom silindirini \u00fcretiyoruz.<\/p>\n<p><img decoding=\"async\" src=\"https:\/\/www.hydraulic-cylinders.net\/wp-content\/uploads\/2025\/04\/songte-cylinder-head-with-all-kinds-excavator-models.webp\" alt=\"Ekskavat\u00f6r Modelleri\" \/><\/p>\n<h2>Bom Silindirinin Uygulamalar\u0131<\/h2>\n<h3>\u0130n\u015faat Ekipmanlar\u0131<\/h3>\n<p>Ekskavat\u00f6rlerde bom silindirleri, kazma, y\u00fckleme ve toprak veya moloz ta\u015f\u0131ma i\u00e7in hayati \u00f6nem ta\u015f\u0131r. Kovan\u0131n zemine verimli bir \u015fekilde n\u00fcfuz etmesini sa\u011flayarak etkili kaz\u0131 operasyonlar\u0131na olanak tan\u0131rlar. Beko-loderlerde ise bu silindirler hem kazma hem de kald\u0131rma i\u015flemlerine yard\u0131mc\u0131 olarak in\u015faat i\u015flerinde vazge\u00e7ilmezdir.<\/p>\n<h3>Tar\u0131m Makinalar\u0131<\/h3>\n<p>\u00d6n y\u00fckleyicilerde bom silindirleri, toprak, saman ve di\u011fer malzemeleri kep\u00e7elemek, kald\u0131rmak ve ta\u015f\u0131mak i\u00e7in kullan\u0131l\u0131r. G\u00fc\u00e7l\u00fc hidrolik yap\u0131lar\u0131, tar\u0131msal i\u015flerin h\u0131zl\u0131 ve verimli bir \u015fekilde ger\u00e7ekle\u015ftirilmesini ve b\u00fcy\u00fck hacimli malzemelerin kolayl\u0131kla ta\u015f\u0131nmas\u0131n\u0131 sa\u011flar.<\/p>\n<h3>Ekskavat\u00f6rler<\/h3>\n<p>Ekskavat\u00f6rlerde bom silindiri, kep\u00e7enin topra\u011fa derinlemesine n\u00fcfuz etmesini sa\u011flayarak kazma i\u015flemini kolayla\u015ft\u0131r\u0131r. Bu i\u015flevsellik, \u00e7e\u015fitli kaz\u0131 uygulamalar\u0131 i\u00e7in hayati \u00f6nem ta\u015f\u0131r ve makinenin optimum verimlilikte \u00e7al\u0131\u015fmas\u0131n\u0131 sa\u011flar.<\/p>\n<h3>Y\u00fckleyiciler<\/h3>\n<p>\u00d6n y\u00fckleyicilerde bom silindirleri, y\u00fcklerin etkili bir \u015fekilde kald\u0131r\u0131lmas\u0131na ve bo\u015falt\u0131lmas\u0131na yard\u0131mc\u0131 olur. A\u011f\u0131r malzemelerin bir yerden ba\u015fka bir yere hassas bir \u015fekilde ta\u015f\u0131nmas\u0131n\u0131 sa\u011flayarak y\u00fckleme g\u00f6revlerinin verimlili\u011fini \u00f6nemli \u00f6l\u00e7\u00fcde art\u0131r\u0131r.<\/p>\n<h2>Tasar\u0131m Hususlar\u0131 ve Se\u00e7im Kriterleri<\/h2>\n<h3>Y\u00fck Kapasitesi<\/h3>\n<p>Bir bom silindiri se\u00e7erken, y\u00fck kapasitesinin de\u011ferlendirilmesi kritik \u00f6neme sahiptir. Silindir, operasyonel senaryolarda kar\u015f\u0131la\u015f\u0131lan maksimum y\u00fck\u00fc kald\u0131rabilecek kapasitede olmal\u0131d\u0131r. Bu, \u00e7al\u0131\u015fma s\u0131ras\u0131nda g\u00fcvenilirlik ve emniyeti sa\u011flamak i\u00e7in silindir bile\u015fenlerinin hidrolik bas\u0131nc\u0131n\u0131 ve mekanik mukavemetini de\u011ferlendirmeyi i\u00e7erir.<\/p>\n<h3>S\u0131zd\u0131rmazl\u0131k<\/h3>\n<p>Hidrolik silindirlerin uzun \u00f6m\u00fcrl\u00fc olmas\u0131 i\u00e7in etkili s\u0131zd\u0131rmazl\u0131k olmazsa olmazd\u0131r. Y\u00fcksek kaliteli contalar, performans\u0131 d\u00fc\u015f\u00fcr\u00fcp \u00e7al\u0131\u015fma ar\u0131zalar\u0131na yol a\u00e7abilen hidrolik s\u0131v\u0131 s\u0131z\u0131nt\u0131lar\u0131n\u0131 \u00f6nler. Poli\u00fcretan ve nitril kau\u00e7uk gibi uygun s\u0131zd\u0131rmazl\u0131k malzemelerinin se\u00e7ilmesi, dayan\u0131kl\u0131l\u0131\u011f\u0131 ve g\u00fcvenilirli\u011fi \u00f6nemli \u00f6l\u00e7\u00fcde art\u0131rabilir.<\/p>\n<h3>Dayan\u0131kl\u0131l\u0131k<\/h3>\n<p>Dayan\u0131kl\u0131l\u0131k, bom silindirlerinin temel bir \u00f6zelli\u011fidir. A\u015f\u0131r\u0131 s\u0131cakl\u0131klar ve a\u015f\u0131nd\u0131r\u0131c\u0131 maddelere maruz kalma gibi zorlu \u00e7al\u0131\u015fma ko\u015fullar\u0131na dayanacak \u015fekilde tasarlanmal\u0131d\u0131rlar. Geli\u015fmi\u015f malzemeler ve koruyucu kaplamalar\u0131n kullan\u0131m\u0131, silindirin zorlu ortamlardaki kullan\u0131m \u00f6mr\u00fcn\u00fc ve performans\u0131n\u0131 art\u0131rabilir.<\/p>\n<h3>Emniyet<\/h3>\n<p>Hidrolik silindir tasar\u0131m\u0131nda g\u00fcvenlik her zaman \u00f6n planda tutulmal\u0131d\u0131r. Bas\u0131n\u00e7 tahliye valfleri ve ar\u0131za emniyet mekanizmalar\u0131 gibi \u00f6zellikler, felaket boyutundaki ar\u0131zalar\u0131 \u00f6nlemeye ve g\u00fcvenli \u00e7al\u0131\u015fmay\u0131 sa\u011flamaya yard\u0131mc\u0131 olur. Bom silindiri se\u00e7erken hidrolik sistemlerle ilgili g\u00fcvenlik standartlar\u0131n\u0131 anlamak \u00e7ok \u00f6nemlidir.<\/p>\n<h3>Bak\u0131m ve Onar\u0131m Kolayl\u0131\u011f\u0131<\/h3>\n<p>Bom silindirinin tasar\u0131m\u0131, kolay bak\u0131m ve onar\u0131ma olanak sa\u011flamal\u0131d\u0131r. Bu, contalara ve di\u011fer bile\u015fenlere h\u0131zl\u0131 eri\u015fim ve inceleme ve de\u011fi\u015ftirme olana\u011f\u0131 sa\u011flayan \u00f6zellikleri i\u00e7erir. D\u00fczenli bak\u0131m uygulamalar\u0131, silindirin \u00f6mr\u00fcn\u00fc \u00f6nemli \u00f6l\u00e7\u00fcde uzatabilir ve optimum performans sa\u011flayabilir.<\/p>\n<p><img decoding=\"async\" src=\"https:\/\/www.hydraulic-cylinders.net\/wp-content\/uploads\/2025\/04\/songte-oil-pipes-and-spare-parts.webp\" alt=\"Hidrolik Par\u00e7alar\" \/><\/p>\n<h2>S\u0131zd\u0131rmazl\u0131k ve Ya\u011flama<\/h2>\n<p>Etkili s\u0131zd\u0131rmazl\u0131k ve ya\u011flama, hidrolik silindirlerin performans\u0131 i\u00e7in hayati \u00f6nem ta\u015f\u0131r. S\u0131v\u0131n\u0131n i\u00e7eride kalmas\u0131n\u0131 sa\u011flamak i\u00e7in piston ke\u00e7eleri ve piston kolu ke\u00e7eleri gibi \u00e7e\u015fitli ke\u00e7e tipleri kullan\u0131lmal\u0131d\u0131r. Ke\u00e7eler, m\u00fckemmel dayan\u0131kl\u0131l\u0131k sa\u011flayan poli\u00fcretan ve nitril kau\u00e7uk gibi a\u015f\u0131nmaya dayan\u0131kl\u0131 malzemelerden yap\u0131lmal\u0131d\u0131r. Silindir g\u00f6vdesi ve di\u015fli u\u00e7lar, a\u015f\u0131nma direncini art\u0131rmak i\u00e7in hassas bir \u015fekilde i\u015flenmelidir. D\u00fczg\u00fcn \u00e7al\u0131\u015fmay\u0131 sa\u011flamak ve hareketli par\u00e7alardaki a\u015f\u0131nmay\u0131 azaltmak i\u00e7in uygun hidrolik ya\u011f ile d\u00fczenli ya\u011flama gereklidir.<\/p>\n<h2>D\u00fczenli Muayene ve \u00d6nleyici Bak\u0131m<\/h2>\n<ul>\n<li><strong>D\u00fczenli Denetimler:<\/strong> Rutin denetimler yapmak, a\u015f\u0131nma ve y\u0131pranman\u0131n erken belirtilerini tespit etmeye yard\u0131mc\u0131 olabilir ve potansiyel sorunlar\u0131n b\u00fcy\u00fcmeden \u00f6nce ele al\u0131nmas\u0131n\u0131 sa\u011flar.<\/li>\n<li><strong>Uygun Ya\u011flama:<\/strong> S\u00fcrt\u00fcnmeden kaynaklanan hasarlar\u0131n \u00f6nlenmesi ve hidrolik sistemin d\u00fczg\u00fcn \u00e7al\u0131\u015fmas\u0131n\u0131n sa\u011flanmas\u0131 i\u00e7in yeterli ya\u011flama seviyelerinin korunmas\u0131 b\u00fcy\u00fck \u00f6nem ta\u015f\u0131r.<\/li>\n<li><strong>Conta De\u011fi\u015fimi:<\/strong> Contalar\u0131n d\u00fczenli olarak kontrol edilmesi ve gerekti\u011finde de\u011fi\u015ftirilmesi, hidrolik s\u0131v\u0131 s\u0131z\u0131nt\u0131lar\u0131n\u0131 \u00f6nleyecek ve sistem b\u00fct\u00fcnl\u00fc\u011f\u00fcn\u00fc koruyacakt\u0131r.<\/li>\n<\/ul>\n<h2>Kurulum Talimatlar\u0131<\/h2>\n<p>Bom silindirinin do\u011fru montaj\u0131, optimum performans i\u00e7in kritik \u00f6neme sahiptir. Gereksiz gerilimi \u00f6nlemek i\u00e7in \u00f6ncelikle silindirin makinenin montaj noktalar\u0131yla do\u011fru \u015fekilde hizaland\u0131\u011f\u0131ndan emin olun. Silindiri yerinde sabitlemek i\u00e7in uygun montaj braketleri kullan\u0131n ve ar\u0131zaya yol a\u00e7abilecek hareketi \u00f6nleyin. Uygun ak\u0131\u015fkan ak\u0131\u015f\u0131n\u0131 sa\u011flamak ve s\u0131z\u0131nt\u0131lar\u0131 \u00f6nlemek i\u00e7in \u00fcreticinin hidrolik ba\u011flant\u0131 spesifikasyonlar\u0131n\u0131 dikkatlice izleyin. Montajdan sonra, t\u00fcm bile\u015fenlerin g\u00fcvenli bir \u015fekilde sabitlendi\u011finden ve d\u00fczg\u00fcn \u00e7al\u0131\u015ft\u0131\u011f\u0131ndan emin olmak i\u00e7in kapsaml\u0131 bir kontrol ger\u00e7ekle\u015ftirin.<\/p>\n<h2>Bak\u0131m G\u00f6revleri<\/h2>\n<ul>\n<li><strong>D\u00fczenli Denetimler:<\/strong> A\u015f\u0131nma, s\u0131z\u0131nt\u0131 ve do\u011fru hizalama belirtileri i\u00e7in rutin kontroller hayati \u00f6nem ta\u015f\u0131r. Silindirin ve bile\u015fenlerinin genel durumuna dikkat edin ve herhangi bir sorunu derhal giderin.<\/li>\n<li><strong>Uygun Ya\u011flama:<\/strong> Hidrolik ya\u011f\u0131n \u00f6nerilen seviyelere kadar dolduruldu\u011fundan emin olun. Optimum performans i\u00e7in \u00fcreticinin spesifikasyonlar\u0131n\u0131 kar\u015f\u0131layan veya a\u015fan y\u00fcksek kaliteli ya\u011flay\u0131c\u0131lar kullan\u0131n.<\/li>\n<li><strong>Conta De\u011fi\u015fimi:<\/strong> Hidrolik s\u0131v\u0131 s\u0131z\u0131nt\u0131lar\u0131n\u0131 \u00f6nlemek i\u00e7in contalar\u0131 d\u00fczenli olarak a\u015f\u0131nma belirtileri a\u00e7\u0131s\u0131ndan kontrol edin ve gerekti\u011finde de\u011fi\u015ftirin. Bu bak\u0131m, sistem b\u00fct\u00fcnl\u00fc\u011f\u00fcn\u00fcn ve performans\u0131n\u0131n korunmas\u0131 i\u00e7in \u00e7ok \u00f6nemlidir.<\/li>\n<\/ul>\n<p>Bom silindirinin \u00f6mr\u00fcn\u00fc en \u00fcst d\u00fczeye \u00e7\u0131karmak i\u00e7in do\u011fru montaj, ya\u011flama ve ayar \u00e7ok \u00f6nemlidir. Silindirde olu\u015fabilecek stresi \u00f6nlemek i\u00e7in montaj s\u0131ras\u0131nda do\u011fru hizalama tekniklerinin kullan\u0131lmas\u0131 \u00f6nerilir. \u00d6nerilen muayene, onar\u0131m ve de\u011fi\u015ftirme protokollerine uyulmas\u0131, hidrolik sistemin \u00f6mr\u00fcn\u00fc daha da uzatacakt\u0131r.<\/p>\n<p><img decoding=\"async\" src=\"https:\/\/www.hydraulic-cylinders.net\/wp-content\/uploads\/2025\/04\/songte-chushion-collar.webp\" alt=\"Yast\u0131k Yaka\" \/><\/p>\n<h2>G\u00fcvenlik Hususlar\u0131 ve \u00c7evresel Fakt\u00f6rler<\/h2>\n<p>Hidrolik silindirlerle \u00e7al\u0131\u015f\u0131rken, g\u00fcvenlik \u00f6nlemlerinin uygulanmas\u0131 son derece \u00f6nemlidir. Kazalar\u0131 \u00f6nlemek i\u00e7in kurulum ve bak\u0131m s\u0131ras\u0131nda daima g\u00fcvenlik protokollerine uyun. Ayr\u0131ca, hidrolik s\u0131v\u0131lar\u0131n uygun \u015fekilde bertaraf edilmesi ve s\u0131z\u0131nt\u0131lar\u0131n \u00e7evre ekosistemleri \u00fczerindeki etkisi gibi \u00e7evresel fakt\u00f6rleri de g\u00f6z \u00f6n\u00fcnde bulundurun. Biyolojik olarak par\u00e7alanabilen hidrolik s\u0131v\u0131lar\u0131n kullan\u0131lmas\u0131, \u00e7evresel risklerin azalt\u0131lmas\u0131na yard\u0131mc\u0131 olabilir.<\/p>\n<h2>Ar\u0131za Te\u015fhisi ve Yayg\u0131n Sorunlar<\/h2>\n<ul>\n<li><strong>Hidrolik S\u0131v\u0131 S\u0131z\u0131nt\u0131s\u0131:<\/strong> Bu sorun, a\u015f\u0131nm\u0131\u015f contalardan veya hasarl\u0131 hortumlardan kaynaklanabilir. D\u00fczenli kontroller, s\u0131z\u0131nt\u0131lar\u0131n erken tespit edilmesine ve zaman\u0131nda onar\u0131m yap\u0131lmas\u0131na yard\u0131mc\u0131 olabilir.<\/li>\n<li><strong>Yava\u015f Silindir Hareketi:<\/strong> Silindir d\u00fczg\u00fcn bir \u015fekilde ileri veya geri \u00e7ekilmiyorsa, bu durum sistemde d\u00fc\u015f\u00fck hidrolik s\u0131v\u0131s\u0131 seviyesinin veya kirlenmenin g\u00f6stergesi olabilir.<\/li>\n<li><strong>Al\u0131\u015f\u0131lmad\u0131k Sesler:<\/strong> \u00c7al\u0131\u015fma s\u0131ras\u0131nda duyulan \u00f6\u011f\u00fctme veya patlama sesleri, silindir veya hidrolik sistemdeki mekanik sorunlar\u0131n habercisi olabilir.<\/li>\n<\/ul>\n<p>Etkili bir sorun giderme i\u00e7in, daima \u00fcreticinin talimatlar\u0131na ba\u015fvurun ve sorunlar\u0131 do\u011fru bir \u015fekilde tespit etmek i\u00e7in te\u015fhis ara\u00e7lar\u0131n\u0131 kullan\u0131n. D\u00fczenli bak\u0131m ve denetimler gibi \u00f6nleyici tedbirlerin uygulanmas\u0131, sorun \u00e7\u0131kma olas\u0131l\u0131\u011f\u0131n\u0131 \u00f6nemli \u00f6l\u00e7\u00fcde azaltabilir.<\/p>\n<p><img decoding=\"async\" src=\"https:\/\/www.hydraulic-cylinders.net\/wp-content\/uploads\/2025\/04\/songte-bushings-with-all-kinds-of-excavator-models.webp\" alt=\"Bur\u00e7lar\" \/><\/p>\n<h2>Sonu\u00e7: \u015eirketimiz Hakk\u0131nda<\/h2>\n<p>Yurt i\u00e7i ve yurt d\u0131\u015f\u0131 pazarlara hitap eden kapsaml\u0131 bir \u00fcr\u00fcn yelpazesine sahip, lider bir yedek hidrolik silindir \u00fcreticisiyiz. Kalite m\u00fckemmelli\u011fine olan ba\u011fl\u0131l\u0131\u011f\u0131m\u0131z, geli\u015fmi\u015f \u00fcretim s\u00fcre\u00e7leri ve son teknoloji \u00fcretim y\u00f6netimi stratejileriyle desteklenmektedir. \u015eirketimiz, yetenekli teknisyenlerimiz, geli\u015fmi\u015f dijital \u00fcretim ekipmanlar\u0131m\u0131z ve profesyonel test sistemlerimizle \u00fcretim platformlar\u0131m\u0131z\u0131 s\u00fcrekli olarak geli\u015ftirmektedir. Y\u00fcksek verimlilik, do\u011fruluk ve kaliteyle \u00e7e\u015fitli m\u00fc\u015fteri ihtiya\u00e7lar\u0131n\u0131 kar\u015f\u0131lama becerimizle gurur duyuyoruz.<\/p>\n<p>Profesyonel uzmanl\u0131\u011f\u0131m\u0131z, uluslararas\u0131 sertifikalar\u0131m\u0131z, \u00f6zelle\u015ftirilmi\u015f hizmetlerimiz, geli\u015fmi\u015f \u00fcretim ekipmanlar\u0131m\u0131z ve m\u00fckemmel sat\u0131\u015f sonras\u0131 deste\u011fimizle beklentileri a\u015fan hidrolik \u00e7\u00f6z\u00fcmler sunmaya kendimizi adad\u0131k.<\/p>\n<p><img decoding=\"async\" src=\"https:\/\/www.hydraulic-cylinders.net\/wp-content\/uploads\/2025\/04\/songte-company-4.webp\" alt=\"\u015eirket G\u00f6rseli 1\" \/><br \/>\n<img decoding=\"async\" src=\"https:\/\/www.hydraulic-cylinders.net\/wp-content\/uploads\/2025\/04\/songte-company-3.webp\" alt=\"\u015eirket G\u00f6rseli 2\" \/><\/p>\n<p>Yazar: lyl<\/p>","protected":false},"excerpt":{"rendered":"<p>Boom Cylinder For TCK HD1023LC-8H Introduction to Boom Cylinder The Boom Cylinder is an essential hydraulic component used in various heavy machinery, particularly excavators, backhoe loaders, and front loaders. This hydraulic cylinder is designed to control the movement of the bucket, allowing it to lift, lower, and tilt with precision. The efficient operation of the [&hellip;]<\/p>","protected":false},"featured_media":17867,"comment_status":"open","ping_status":"closed","template":"","meta":{"_et_pb_use_builder":"","_et_pb_old_content":"","_et_gb_content_width":""},"product_brand":[],"product_cat":[1546],"product_tag":[1547,1496],"class_list":{"0":"post-19498","1":"product","2":"type-product","3":"status-publish","4":"has-post-thumbnail","6":"product_cat-boom-cylinders","7":"product_tag-boom-cylinders","8":"product_tag-hydraulic-cylinders","10":"first","11":"instock","12":"shipping-taxable","13":"product-type-simple"},"amp_enabled":true,"_links":{"self":[{"href":"https:\/\/www.hydraulic-cylinders.net\/tr\/wp-json\/wp\/v2\/product\/19498","targetHints":{"allow":["GET"]}}],"collection":[{"href":"https:\/\/www.hydraulic-cylinders.net\/tr\/wp-json\/wp\/v2\/product"}],"about":[{"href":"https:\/\/www.hydraulic-cylinders.net\/tr\/wp-json\/wp\/v2\/types\/product"}],"replies":[{"embeddable":true,"href":"https:\/\/www.hydraulic-cylinders.net\/tr\/wp-json\/wp\/v2\/comments?post=19498"}],"wp:featuredmedia":[{"embeddable":true,"href":"https:\/\/www.hydraulic-cylinders.net\/tr\/wp-json\/wp\/v2\/media\/17867"}],"wp:attachment":[{"href":"https:\/\/www.hydraulic-cylinders.net\/tr\/wp-json\/wp\/v2\/media?parent=19498"}],"wp:term":[{"taxonomy":"product_brand","embeddable":true,"href":"https:\/\/www.hydraulic-cylinders.net\/tr\/wp-json\/wp\/v2\/product_brand?post=19498"},{"taxonomy":"product_cat","embeddable":true,"href":"https:\/\/www.hydraulic-cylinders.net\/tr\/wp-json\/wp\/v2\/product_cat?post=19498"},{"taxonomy":"product_tag","embeddable":true,"href":"https:\/\/www.hydraulic-cylinders.net\/tr\/wp-json\/wp\/v2\/product_tag?post=19498"}],"curies":[{"name":"wp","href":"https:\/\/api.w.org\/{rel}","templated":true}]}}