{"id":19503,"date":"2025-04-07T06:51:10","date_gmt":"2025-04-07T06:51:10","guid":{"rendered":"https:\/\/www.hydraulic-cylinders.net\/product\/boom-cylinder-for-sgzg-sd08e\/"},"modified":"2025-04-07T06:51:13","modified_gmt":"2025-04-07T06:51:13","slug":"boom-cylinder-for-sgzg-sd08e","status":"publish","type":"product","link":"https:\/\/www.hydraulic-cylinders.net\/tr\/urun\/boom-cylinder-for-sgzg-sd08e\/","title":{"rendered":"SGZG SD08E i\u00e7in Bom Silindiri"},"content":{"rendered":"<h1>SGZG SD08E i\u00e7in Bom Silindiri<\/h1>\n<h2>\u00dcr\u00fcn Tan\u0131m\u0131 ve Genel Bak\u0131\u015f<\/h2>\n<p>SGZG SD08E i\u00e7in tasarlanm\u0131\u015f olan bu hidrolik silindir, ekskavat\u00f6rler, beko y\u00fckleyiciler ve \u00f6n y\u00fckleyiciler gibi \u00e7e\u015fitli a\u011f\u0131r makinelerde kep\u00e7enin hareketini kontrol etmek i\u00e7in \u00f6zel olarak tasarlanm\u0131\u015ft\u0131r. Bu \u00f6zel ekipman, kep\u00e7enin kald\u0131r\u0131lmas\u0131n\u0131, indirilmesini ve e\u011filmesini sa\u011flayarak verimli malzeme ta\u015f\u0131ma i\u015flemlerini kolayla\u015ft\u0131r\u0131r. Kep\u00e7e silindiri, in\u015faat, madencilik ve tar\u0131m uygulamalar\u0131nda sorunsuz \u00e7al\u0131\u015fma ve artan verimlilik sa\u011flayan hidrolik sistemlerde \u00f6nemli bir bile\u015fendir.<\/p>\n<p><img decoding=\"async\" src=\"https:\/\/www.hydraulic-cylinders.net\/wp-content\/uploads\/2025\/04\/songte-company-1.webp\" alt=\"Bom Silindiri G\u00f6r\u00fcnt\u00fcs\u00fc\"><\/p>\n<h2>Temel \u00d6zellikler<\/h2>\n<ul>\n<li><strong>Y\u00fcksek Dayan\u0131kl\u0131l\u0131k ve Dayan\u0131kl\u0131l\u0131k:<\/strong> Genellikle y\u00fcksek bas\u0131nca ve a\u011f\u0131r y\u00fcklere dayanabilen, zorlu \u00e7al\u0131\u015fma ortamlar\u0131nda performans g\u00f6sterecek \u015fekilde tasarlanm\u0131\u015f, a\u015f\u0131nma ve korozyon direnci de kullan\u0131m \u00f6mr\u00fcn\u00fc uzatmak i\u00e7in dikkate al\u0131nan y\u00fcksek mukavemetli \u00e7elik veya al\u00fcminyumdan \u00fcretilir.<\/li>\n<li><strong>Verimli Hidrolik \u00c7al\u0131\u015fma:<\/strong> Hidrolik ya\u011f\u0131n bas\u0131nc\u0131n\u0131 kullanarak sorunsuz uzatma ve geri \u00e7ekme sa\u011flar, kontrol komutlar\u0131na h\u0131zl\u0131 yan\u0131t verir ve g\u00fc\u00e7l\u00fc itme ve \u00e7ekme kuvvetleri sunar; a\u011f\u0131r ve karma\u015f\u0131k i\u015flerin \u00fcstesinden gelmek i\u00e7in idealdir.<\/li>\n<li><strong>\u00c7e\u015fitli T\u00fcrler:<\/strong> \u00c7e\u015fitli operasyonel ihtiya\u00e7lar\u0131 kar\u015f\u0131lamak \u00fczere tek etkili (hidrolik g\u00fcc\u00fc yaln\u0131zca tek y\u00f6nde kullanan) veya \u00e7ift etkili (hidrolik g\u00fcc\u00fc her iki y\u00f6nde de kullanan) silindirler mevcuttur. Baz\u0131 modeller teleskopiktir ve d\u0131\u015f boyutlar\u0131 art\u0131rmadan daha uzun eri\u015fime olanak tan\u0131yarak, alan k\u0131s\u0131tlamal\u0131 uygulamalar i\u00e7in uygundur.<\/li>\n<li><strong>\u00d6zel \u00dcretim:<\/strong> Bu \u00fcr\u00fcn\u00fc \u00fcretebilecek kapasitedeyiz ve silindirlerimiz mevcut hidrolik silindirlerin yerini m\u00fckemmel \u015fekilde alabilir.<\/li>\n<li><strong>\u00c7ok Y\u00f6nl\u00fc Uygulamalar:<\/strong> \u00c7e\u015fitli ortamlara uygun olarak tasarlanm\u0131\u015f olup, farkl\u0131 ortamlarda i\u015flevsellik sa\u011flar.<\/li>\n<\/ul>\n<p><img decoding=\"async\" src=\"https:\/\/www.hydraulic-cylinders.net\/wp-content\/uploads\/2025\/04\/songte-cylinder-head-with-all-kinds-excavator-models.webp\" alt=\"Ekskavat\u00f6r Modelleri\"><\/p>\n<h2>Uygulama Senaryolar\u0131<\/h2>\n<h3>\u0130n\u015faat Ekipmanlar\u0131<\/h3>\n<p>Ekskavat\u00f6rlerde, bom silindirleri topra\u011f\u0131 veya molozu kazma, y\u00fckleme ve ta\u015f\u0131ma i\u015flemlerinde hayati \u00f6neme sahiptir. Kep\u00e7enin a\u00e7\u0131s\u0131n\u0131 ve y\u00fcksekli\u011fini kontrol ederek operat\u00f6rlerin \u00e7ok \u00e7e\u015fitli malzemeleri verimli bir \u015fekilde kazmas\u0131na olanak tan\u0131r. Kaz\u0131c\u0131 y\u00fckleyicilerde ise bom silindiri hem kazma hem de kald\u0131rma i\u015flerinde yard\u0131mc\u0131 olarak a\u011f\u0131r in\u015faat projelerinde vazge\u00e7ilmez bir bile\u015fen haline gelir.<\/p>\n<h3>Tar\u0131m Makinalar\u0131<\/h3>\n<p>\u00d6n y\u00fckleyicilerde, kep\u00e7e silindirleri toprak, saman ve di\u011fer malzemeleri kep\u00e7elemek, kald\u0131rmak ve ta\u015f\u0131mak i\u00e7in kullan\u0131l\u0131r. Kep\u00e7enin konumunun ayarlanabilmesi, tar\u0131m faaliyetlerinde verimlili\u011fi art\u0131r\u0131r ve sorunsuz tar\u0131msal s\u00fcre\u00e7lerin s\u00fcrd\u00fcr\u00fclmesi i\u00e7in gerekli olan h\u0131zl\u0131 ve etkili malzeme ta\u015f\u0131ma g\u00f6revlerine olanak tan\u0131r.<\/p>\n<h3>Ekskavat\u00f6rler<\/h3>\n<p>Kaz\u0131c\u0131 makinelerde, bom silindirleri kep\u00e7enin topra\u011fa n\u00fcfuz etmesini sa\u011flayarak kazma i\u015flemini kolayla\u015ft\u0131r\u0131r. Bu \u00f6zellik, hendek kazmaktan in\u015faat alanlar\u0131n\u0131n haz\u0131rlanmas\u0131na kadar \u00e7e\u015fitli kaz\u0131 i\u015fleri i\u00e7in \u00e7ok \u00f6nemlidir ve a\u011f\u0131r makinelerde optimum performans sa\u011flar.<\/p>\n<h3>Y\u00fckleyiciler<\/h3>\n<p>\u00d6n y\u00fckleyicilerde, bom silindirleri y\u00fcklerin verimli bir \u015fekilde kald\u0131r\u0131lmas\u0131na ve bo\u015falt\u0131lmas\u0131na yard\u0131mc\u0131 olur. Tasar\u0131mlar\u0131, operat\u00f6rlerin malzemeleri hassas ve h\u0131zl\u0131 bir \u015fekilde hareket ettirebilmelerini, ar\u0131za s\u00fcrelerini en aza indirmelerini ve \u015fantiyedeki i\u015f verimlili\u011fini en \u00fcst d\u00fczeye \u00e7\u0131karmalar\u0131n\u0131 sa\u011flar.<\/p>\n<h2>Tasar\u0131m Hususlar\u0131 ve Se\u00e7im Standartlar\u0131<\/h2>\n<h3>Y\u00fck Kapasitesi<\/h3>\n<p>Bom silindirlerinin tasar\u0131m\u0131nda dikkate al\u0131nmas\u0131 gereken en \u00f6nemli noktalardan biri y\u00fck ta\u015f\u0131ma kapasiteleridir. Silindir, \u00e7al\u0131\u015fma s\u0131ras\u0131nda kar\u015f\u0131la\u015faca\u011f\u0131 maksimum a\u011f\u0131rl\u0131\u011f\u0131 g\u00fcvenlikten \u00f6d\u00fcn vermeden kald\u0131rabilecek \u015fekilde tasarlanmal\u0131d\u0131r. Bu, g\u00fcvenilirlik ve performans\u0131 sa\u011flamak i\u00e7in y\u00fcksek mukavemetli malzemelerin ve hassas m\u00fchendisli\u011fin kullan\u0131lmas\u0131n\u0131 gerektirir.<\/p>\n<h3>S\u0131zd\u0131rmazl\u0131k<\/h3>\n<p>Hidrolik silindirlerde contalar\u0131n b\u00fct\u00fcnl\u00fc\u011f\u00fc kritik \u00f6neme sahiptir. Do\u011fru s\u0131zd\u0131rmazl\u0131k, hidrolik s\u0131v\u0131n\u0131n s\u0131zmas\u0131n\u0131 \u00f6nler; bu da verimlili\u011fin azalmas\u0131na ve potansiyel hasara yol a\u00e7abilir. Contalar, malzeme \u00f6zelliklerine g\u00f6re se\u00e7ilmeli ve kar\u015f\u0131la\u015facaklar\u0131 bas\u0131nca ve \u00e7evresel ko\u015fullara dayanabileceklerinden emin olunmal\u0131d\u0131r.<\/p>\n<h3>Dayan\u0131kl\u0131l\u0131k<\/h3>\n<p>Bom silindirlerinin tasar\u0131m\u0131nda dayan\u0131kl\u0131l\u0131k \u00f6nemli bir fakt\u00f6rd\u00fcr. A\u015f\u0131r\u0131 s\u0131cakl\u0131klar ve kir ile d\u00f6k\u00fcnt\u00fclere maruz kalma gibi zorlu ko\u015fullarda etkili bir \u015fekilde \u00e7al\u0131\u015fabilmelidirler. Do\u011fru malzemelerin ve koruyucu kaplamalar\u0131n se\u00e7imi, \u00f6m\u00fcrlerini \u00f6nemli \u00f6l\u00e7\u00fcde uzatabilir.<\/p>\n<h3>Emniyet<\/h3>\n<p>Hidrolik sistem tasar\u0131m\u0131nda g\u00fcvenlik her \u015feyden \u00f6nemlidir. Bas\u0131n\u00e7 tahliye vanalar\u0131 gibi ar\u0131za emniyet mekanizmalar\u0131n\u0131n uygulanmas\u0131, kazalar\u0131 ve ekipman hasar\u0131n\u0131 \u00f6nlemeye yard\u0131mc\u0131 olur. Ayr\u0131ca, tasar\u0131m, bak\u0131m ve inceleme i\u00e7in bile\u015fenlere kolay eri\u015fime olanak sa\u011flamal\u0131d\u0131r.<\/p>\n<h3>Bak\u0131m kolayl\u0131\u011f\u0131<\/h3>\n<p>\u0130yi bir bak\u0131m kolayl\u0131\u011f\u0131, bom silindirlerinin h\u0131zl\u0131 ve verimli bir \u015fekilde bak\u0131m\u0131n\u0131n yap\u0131labilmesini sa\u011flar. Bu, kolayca eri\u015filebilen ve kapsaml\u0131 s\u00f6kme i\u015flemi gerektirmeden de\u011fi\u015ftirilebilen bile\u015fenlerin tasarlanmas\u0131n\u0131 i\u00e7erir. D\u00fczenli bak\u0131m protokolleri, ekipman\u0131n genel \u00f6mr\u00fcne katk\u0131da bulunur.<\/p>\n<p><img decoding=\"async\" src=\"https:\/\/www.hydraulic-cylinders.net\/wp-content\/uploads\/2025\/04\/songte-oil-pipes-and-spare-parts.webp\" alt=\"Petrol Borular\u0131 ve Yedek Par\u00e7alar\u0131\"><\/p>\n<h2>S\u0131zd\u0131rmazl\u0131k ve Ya\u011flama<\/h2>\n<p>Bom silindirlerinin verimli \u00e7al\u0131\u015fmas\u0131 i\u00e7in uygun s\u0131zd\u0131rmazl\u0131k ve ya\u011flama \u00e7ok \u00f6nemlidir. Bas\u0131nc\u0131 korumak ve s\u0131z\u0131nt\u0131lar\u0131 \u00f6nlemek i\u00e7in piston contalar\u0131 ve mil contalar\u0131 gibi \u00e7e\u015fitli contalar kullan\u0131l\u0131r. A\u015f\u0131nmaya dayan\u0131kl\u0131 \u00f6zellikleri nedeniyle genellikle poli\u00fcretan ve nitril kau\u00e7uk gibi malzemeler tercih edilir. Silindir g\u00f6vdesi ve di\u015fli u\u00e7lar\u0131, dayan\u0131kl\u0131l\u0131\u011f\u0131 ve a\u015f\u0131nma direncini art\u0131rmak i\u00e7in ince i\u015fleme tabi tutulur. Ya\u011flamay\u0131 sa\u011flamak, sorunsuz \u00e7al\u0131\u015fmay\u0131 garanti etmek ve silindir bile\u015fenlerinin erken ar\u0131zalanmas\u0131n\u0131 \u00f6nlemek i\u00e7in hidrolik ya\u011f\u0131n d\u00fczenli olarak yenilenmesi gereklidir.<\/p>\n<h2>D\u00fczenli Muayene ve \u00d6nleyici Bak\u0131m \u00d6nlemleri<\/h2>\n<ul>\n<li><strong>G\u00f6rsel Muayeneler:<\/strong> Silindiri d\u00fczenli olarak a\u015f\u0131nma, hasar veya s\u0131z\u0131nt\u0131 belirtileri a\u00e7\u0131s\u0131ndan inceleyin. \u00c7al\u0131\u015fma s\u0131ras\u0131nda olas\u0131 sorunlara i\u015faret edebilecek ola\u011fand\u0131\u015f\u0131 sesler olup olmad\u0131\u011f\u0131n\u0131 kontrol edin.<\/li>\n<li><strong>Hidrolik S\u0131v\u0131 Seviyeleri:<\/strong> Hidrolik s\u0131v\u0131 seviyelerini uygun d\u00fczeyde tutun ve kirlenme olup olmad\u0131\u011f\u0131n\u0131 kontrol edin. D\u00fc\u015f\u00fck s\u0131v\u0131 seviyeleri yetersiz ya\u011flamaya ve a\u015f\u0131r\u0131 \u0131s\u0131nmaya yol a\u00e7abilir.<\/li>\n<li><strong>S\u0131zd\u0131rmazl\u0131k B\u00fct\u00fcnl\u00fc\u011f\u00fc Kontrolleri:<\/strong> S\u0131z\u0131nt\u0131lar\u0131 \u00f6nlemek ve optimum performans\u0131 korumak i\u00e7in contalar\u0131 periyodik olarak a\u015f\u0131nma a\u00e7\u0131s\u0131ndan kontrol edin ve herhangi bir bozulma belirtisi g\u00f6zlemlenirse de\u011fi\u015ftirin.<\/li>\n<\/ul>\n<h2>Kurulum Talimatlar\u0131<\/h2>\n<p>Bom silindirinin do\u011fru montaj\u0131, optimum performans elde etmek i\u00e7in \u00e7ok \u00f6nemlidir. \u00d6ncelikle t\u00fcm montaj y\u00fczeylerinin temiz ve kal\u0131nt\u0131lardan ar\u0131nd\u0131r\u0131lm\u0131\u015f oldu\u011fundan emin olun. Silindiri, uygun montaj braketlerini kullanarak yerine sabitleyerek, montaj noktalar\u0131yla do\u011fru bir \u015fekilde hizalay\u0131n. Herhangi bir hareketi \u00f6nlemek i\u00e7in t\u00fcm ba\u011flant\u0131lar\u0131 \u00fcreticinin \u00f6zelliklerine g\u00f6re s\u0131k\u0131n. Montajdan sonra, silindirin herhangi bir s\u0131z\u0131nt\u0131 olmadan sorunsuz \u00e7al\u0131\u015ft\u0131\u011f\u0131ndan emin olmak i\u00e7in bir test \u00e7al\u0131\u015fmas\u0131 yap\u0131n. Kullan\u0131m s\u0131ras\u0131nda her \u015feyin g\u00fcvenli bir \u015fekilde yerinde kalmas\u0131n\u0131 sa\u011flamak i\u00e7in montaj noktalar\u0131n\u0131 d\u00fczenli olarak kontrol edin.<\/p>\n<h2>Yayg\u0131n Bak\u0131m G\u00f6revleri<\/h2>\n<ul>\n<li><strong>D\u00fczenli Denetimler:<\/strong> S\u0131z\u0131nt\u0131lar\u0131 ve a\u015f\u0131nmay\u0131 kontrol etmek i\u00e7in d\u00fczenli denetimler yap\u0131n. Sorunlar\u0131n erken tespiti, maliyetli onar\u0131mlar\u0131 ve ar\u0131za s\u00fcrelerini \u00f6nleyebilir.<\/li>\n<li><strong>Uygun Ya\u011flama:<\/strong> S\u00fcrt\u00fcnmeyi ve a\u015f\u0131nmay\u0131 en aza indirmek, performans\u0131 korumak ve kullan\u0131m \u00f6mr\u00fcn\u00fc uzatmak i\u00e7in silindirin yeterince ya\u011fland\u0131\u011f\u0131ndan emin olun.<\/li>\n<li><strong>Conta De\u011fi\u015fimi:<\/strong> Hidrolik s\u0131v\u0131 s\u0131z\u0131nt\u0131lar\u0131n\u0131 \u00f6nlemek i\u00e7in contalar\u0131 d\u00fczenli olarak de\u011fi\u015ftirin. Bu, beklenmedik ar\u0131zalar\u0131 \u00f6nlemek i\u00e7in planl\u0131 bir bak\u0131m rutininin par\u00e7as\u0131 olmal\u0131d\u0131r.<\/li>\n<\/ul>\n<p>Bom silindirinin uzun \u00f6m\u00fcrl\u00fc olmas\u0131 i\u00e7in do\u011fru montaj, ya\u011flama ve ayarlama hayati \u00f6nem ta\u015f\u0131r. Montaj s\u0131ras\u0131nda do\u011fru hizalama, bile\u015fenler \u00fczerindeki gereksiz gerilimi \u00f6nleyerek sorunsuz \u00e7al\u0131\u015fmay\u0131 sa\u011flar. \u00d6nerilen kontrol rutinleri aras\u0131nda a\u015f\u0131nma ve y\u0131pranman\u0131n incelenmesi, tespit edilen sorunlar\u0131n onar\u0131lmas\u0131 ve en y\u00fcksek performans\u0131 korumak i\u00e7in a\u015f\u0131nm\u0131\u015f par\u00e7alar\u0131n de\u011fi\u015ftirilmesi yer al\u0131r.<\/p>\n<p><img decoding=\"async\" src=\"https:\/\/www.hydraulic-cylinders.net\/wp-content\/uploads\/2025\/04\/songte-chushion-collar.webp\" alt=\"Yast\u0131k Yaka\"><\/p>\n<h2>G\u00fcvenlik Hususlar\u0131 ve \u00c7evresel Fakt\u00f6rler<\/h2>\n<p>Bom silindirleri kullan\u0131l\u0131rken g\u00fcvenlik \u00f6nlemlerinin uygulanmas\u0131 \u00e7ok \u00f6nemlidir. Operat\u00f6rler, y\u00fcksek bas\u0131n\u00e7l\u0131 s\u0131v\u0131 s\u0131z\u0131nt\u0131lar\u0131 ve mekanik ar\u0131za riskleri de dahil olmak \u00fczere hidrolik sistemlerle ili\u015fkili potansiyel tehlikeleri tan\u0131ma konusunda e\u011fitilmelidir. Riskleri azaltmak i\u00e7in her zaman uygun ki\u015fisel koruyucu ekipman (KKD) giyilmelidir. Ayr\u0131ca, \u00e7evresel etkiyi en aza indirmek ve s\u00fcrd\u00fcr\u00fclebilirli\u011fi te\u015fvik etmek i\u00e7in \u00e7evre dostu hidrolik s\u0131v\u0131lar dikkate al\u0131nmal\u0131d\u0131r.<\/p>\n<h2>Ar\u0131za Te\u015fhisi ve Yayg\u0131n Sorunlar<\/h2>\n<ul>\n<li><strong>S\u0131z\u0131nt\u0131:<\/strong> Hidrolik s\u0131v\u0131 s\u0131z\u0131nt\u0131lar\u0131 s\u0131k kar\u015f\u0131la\u015f\u0131lan bir sorundur ve a\u015f\u0131nm\u0131\u015f contalardan veya hasar g\u00f6rm\u00fc\u015f hortumlardan kaynaklanabilir. D\u00fczenli kontroller bu sorunlar\u0131n erken tespit edilmesine yard\u0131mc\u0131 olabilir.<\/li>\n<li><strong>Tutarl\u0131 Olmayan \u0130\u015flem:<\/strong> E\u011fer bom silindiri d\u00fczensiz \u00e7al\u0131\u015f\u0131yorsa, bu hidrolik s\u0131v\u0131s\u0131nda veya i\u00e7 a\u015f\u0131nmada sorun oldu\u011funu g\u00f6sterebilir. S\u0131v\u0131 seviyelerini ve kalitesini kontrol etmek \u00e7ok \u00f6nemlidir.<\/li>\n<li><strong>A\u015f\u0131r\u0131 Is\u0131nma:<\/strong> Yetersiz ya\u011flama veya hidrolik sistemdeki t\u0131kan\u0131kl\u0131klar nedeniyle a\u015f\u0131r\u0131 \u0131s\u0131nma meydana gelebilir. D\u00fczenli bak\u0131m bu sorunun \u00f6nlenmesine yard\u0131mc\u0131 olabilir.<\/li>\n<\/ul>\n<h2>Sorun Giderme \u0130pu\u00e7lar\u0131<\/h2>\n<p>S\u0131k kar\u015f\u0131la\u015f\u0131lan sorunlar\u0131 gidermek i\u00e7in \u00f6ncelikle contalar ve hortumlar \u00e7evresindeki s\u0131z\u0131nt\u0131lar\u0131 kontrol edin. S\u0131v\u0131 seviyesi d\u00fc\u015f\u00fckse, do\u011fru seviyeye kadar tamamlay\u0131n ve kirlenme olup olmad\u0131\u011f\u0131n\u0131 kontrol edin. D\u00fczensiz \u00e7al\u0131\u015fma durumunda, hidrolik s\u0131v\u0131n\u0131n durumunu de\u011ferlendirin ve gerekirse de\u011fi\u015ftirin. A\u015f\u0131r\u0131 \u0131s\u0131nma sorunlar\u0131 i\u00e7in so\u011futma sistemini inceleyin ve uygun ya\u011flamay\u0131 sa\u011flay\u0131n. D\u00fczenli bak\u0131m ve zaman\u0131nda onar\u0131m gibi \u00f6nleyici tedbirler, potansiyel sorunlar\u0131 en aza indirmeye ve bom silindirinin \u00f6mr\u00fcn\u00fc uzatmaya yard\u0131mc\u0131 olabilir.<\/p>\n<p><img decoding=\"async\" src=\"https:\/\/www.hydraulic-cylinders.net\/wp-content\/uploads\/2025\/04\/songte-bushings-with-all-kinds-of-excavator-models.webp\" alt=\"Ekskavat\u00f6r Modellerinde Bur\u00e7lar\"><\/p>\n<h2>\u015eirketimiz Hakk\u0131nda<\/h2>\n<p>Alternatif hidrolik silindirler konusunda uzmanla\u015fm\u0131\u015f bir \u00fcreticiyiz ve hem yurt i\u00e7i hem de uluslararas\u0131 pazarlarda \u00f6nde gelen bir \u00fcretici ve toptanc\u0131 olarak kendimizi kan\u0131tlam\u0131\u015f kapsaml\u0131 bir \u00fcr\u00fcn yelpazesi sunuyoruz. M\u00fckemmellik ilkelerine ba\u011fl\u0131 kalarak, rafine \u00fcretim stratejilerine ve iyi y\u00f6netilen \u00fcretim s\u00fcre\u00e7lerine g\u00fcveniyoruz. \u015eirketimiz, \u00fcr\u00fcn kalitesini s\u00fcrekli olarak iyile\u015ftirmek i\u00e7in teknik yeteneklere, son teknoloji \u00fcretim ekipmanlar\u0131na ve profesyonel test sistemlerine b\u00fcy\u00fck yat\u0131r\u0131mlar yapmaktad\u0131r. Verimlili\u011fe, hassasiyete ve y\u00fcksek standartlara olan ba\u011fl\u0131l\u0131\u011f\u0131m\u0131z, \u00e7e\u015fitli m\u00fc\u015fteri ihtiya\u00e7lar\u0131n\u0131 kar\u015f\u0131lamam\u0131z\u0131 sa\u011flamaktad\u0131r.<\/p>\n<p><img decoding=\"async\" src=\"https:\/\/www.hydraulic-cylinders.net\/wp-content\/uploads\/2025\/04\/songte-company-4.webp\" alt=\"\u015eirket Genel Bak\u0131\u015f\u0131\"><br \/>\n<img decoding=\"async\" src=\"https:\/\/www.hydraulic-cylinders.net\/wp-content\/uploads\/2025\/04\/songte-company-3.webp\" alt=\"\u015eirket \u00dcretimi\"><\/p>\n<p>Profesyonel uzmanl\u0131\u011f\u0131m\u0131z, \u00fcr\u00fcnlerimizin k\u00fcresel standartlar\u0131 kar\u015f\u0131lamas\u0131n\u0131 sa\u011flayan uluslararas\u0131 sertifikalarla desteklenmektedir. M\u00fc\u015fterilerimizin \u00f6zel gereksinimlerini kar\u015f\u0131lamak i\u00e7in \u00f6zel hizmetler sunuyoruz ve m\u00fc\u015fterilerimizi etkin bir \u015fekilde desteklemek i\u00e7in g\u00fc\u00e7l\u00fc bir sat\u0131\u015f sonras\u0131 hizmet \u00e7er\u00e7evesi s\u00fcrd\u00fcr\u00fcyoruz.<\/p>\n<p>Yazar: lyl<\/p>","protected":false},"excerpt":{"rendered":"<p>Boom Cylinder For SGZG SD08E Product Definition and Overview The Boom Cylinder for SGZG SD08E is a crucial hydraulic cylinder specifically designed to control the movement of the bucket in various heavy machinery such as excavators, backhoe loaders, and front loaders. This specialized equipment enables the bucket to lift, lower, and tilt, facilitating efficient material [&hellip;]<\/p>","protected":false},"featured_media":17872,"comment_status":"open","ping_status":"closed","template":"","meta":{"_et_pb_use_builder":"","_et_pb_old_content":"","_et_gb_content_width":""},"product_brand":[],"product_cat":[1546],"product_tag":[1547,1496],"class_list":{"0":"post-19503","1":"product","2":"type-product","3":"status-publish","4":"has-post-thumbnail","6":"product_cat-boom-cylinders","7":"product_tag-boom-cylinders","8":"product_tag-hydraulic-cylinders","10":"first","11":"instock","12":"shipping-taxable","13":"product-type-simple"},"amp_enabled":true,"_links":{"self":[{"href":"https:\/\/www.hydraulic-cylinders.net\/tr\/wp-json\/wp\/v2\/product\/19503","targetHints":{"allow":["GET"]}}],"collection":[{"href":"https:\/\/www.hydraulic-cylinders.net\/tr\/wp-json\/wp\/v2\/product"}],"about":[{"href":"https:\/\/www.hydraulic-cylinders.net\/tr\/wp-json\/wp\/v2\/types\/product"}],"replies":[{"embeddable":true,"href":"https:\/\/www.hydraulic-cylinders.net\/tr\/wp-json\/wp\/v2\/comments?post=19503"}],"wp:featuredmedia":[{"embeddable":true,"href":"https:\/\/www.hydraulic-cylinders.net\/tr\/wp-json\/wp\/v2\/media\/17872"}],"wp:attachment":[{"href":"https:\/\/www.hydraulic-cylinders.net\/tr\/wp-json\/wp\/v2\/media?parent=19503"}],"wp:term":[{"taxonomy":"product_brand","embeddable":true,"href":"https:\/\/www.hydraulic-cylinders.net\/tr\/wp-json\/wp\/v2\/product_brand?post=19503"},{"taxonomy":"product_cat","embeddable":true,"href":"https:\/\/www.hydraulic-cylinders.net\/tr\/wp-json\/wp\/v2\/product_cat?post=19503"},{"taxonomy":"product_tag","embeddable":true,"href":"https:\/\/www.hydraulic-cylinders.net\/tr\/wp-json\/wp\/v2\/product_tag?post=19503"}],"curies":[{"name":"wp","href":"https:\/\/api.w.org\/{rel}","templated":true}]}}