{"id":19515,"date":"2025-04-07T06:51:49","date_gmt":"2025-04-07T06:51:49","guid":{"rendered":"https:\/\/www.hydraulic-cylinders.net\/product\/boom-cylinder-for-carter-ct60-8a-8b\/"},"modified":"2025-04-07T06:51:52","modified_gmt":"2025-04-07T06:51:52","slug":"boom-cylinder-for-carter-ct60-8a-8b","status":"publish","type":"product","link":"https:\/\/www.hydraulic-cylinders.net\/tr\/urun\/boom-cylinder-for-carter-ct60-8a-8b\/","title":{"rendered":"Carter CT60-8A-8B i\u00e7in Bom Silindiri"},"content":{"rendered":"<h1>Carter CT60-8A-8B i\u00e7in Bom Silindiri<\/h1>\n<h2>Bom Silindirine Giri\u015f<\/h2>\n<p>Kep\u00e7e silindiri, ekskavat\u00f6rler, kaz\u0131c\u0131 y\u00fckleyiciler ve \u00f6n y\u00fckleyiciler gibi \u00e7e\u015fitli a\u011f\u0131r makinelerde kep\u00e7elerin hareketini kontrol etmek i\u00e7in tasarlanm\u0131\u015f \u00f6zel bir hidrolik silindirdir. Bu hidrolik bile\u015fen, kep\u00e7enin kald\u0131r\u0131lmas\u0131n\u0131, indirilmesini ve e\u011filmesini sa\u011flayarak in\u015faat ve tar\u0131mda malzeme ta\u015f\u0131ma g\u00f6revlerini kolayla\u015ft\u0131r\u0131r. Kep\u00e7e silindiri, hidrolik sistemde \u00e7ok \u00f6nemli bir rol oynayarak a\u011f\u0131r y\u00fckleri kald\u0131r\u0131rken sorunsuz ve verimli \u00e7al\u0131\u015fmay\u0131 sa\u011flar.<\/p>\n<p><img decoding=\"async\" src=\"https:\/\/www.hydraulic-cylinders.net\/wp-content\/uploads\/2025\/04\/songte-company-1.webp\" alt=\"Bom Silindiri\" \/><\/p>\n<h2>Bom Silindirinin \u00d6zellikleri<\/h2>\n<ul>\n<li>\n<h3>Y\u00fcksek G\u00fc\u00e7 ve Dayan\u0131kl\u0131l\u0131k<\/h3>\n<p>    Genellikle y\u00fcksek mukavemetli \u00e7elik veya al\u00fcminyumdan \u00fcretilen bu silindirler, y\u00fcksek bas\u0131n\u00e7lara ve a\u011f\u0131r y\u00fcklere dayanacak \u015fekilde tasarlanm\u0131\u015ft\u0131r ve bu da onlar\u0131 zorlu \u00e7al\u0131\u015fma ortamlar\u0131 i\u00e7in uygun hale getirir. Tasar\u0131mlar\u0131 ayr\u0131ca a\u015f\u0131nma direnci ve korozyon korumas\u0131 da i\u00e7ererek kullan\u0131m \u00f6mr\u00fcn\u00fc uzat\u0131r.<\/li>\n<li>\n<h3>Verimli Hidrolik \u00c7al\u0131\u015fma<\/h3>\n<p>    Hidrolik ya\u011f\u0131n bas\u0131nc\u0131n\u0131 kullanan bom silindiri, operat\u00f6r komutlar\u0131na h\u0131zl\u0131 yan\u0131t vererek ve g\u00fc\u00e7l\u00fc itme ve \u00e7ekme kuvvetleri sa\u011flayarak sorunsuz uzatma ve geri \u00e7ekme imkan\u0131 sunar. Bu \u00f6zellikleriyle a\u011f\u0131r malzemelerin ve karma\u015f\u0131k i\u015flerin ta\u015f\u0131nmas\u0131 i\u00e7in idealdir.<\/li>\n<li>\n<h3>\u00c7e\u015fitli T\u00fcrler<\/h3>\n<p>    Bom silindirleri, tek y\u00f6nl\u00fc (hidrolik kuvveti tek y\u00f6nde kullanan) veya \u00e7ift y\u00f6nl\u00fc (hidrolik kuvveti her iki y\u00f6nde kullanan) se\u00e7enekler de dahil olmak \u00fczere, \u00f6zel ihtiya\u00e7lara g\u00f6re se\u00e7ilebilir. Baz\u0131 modeller teleskopiktir ve d\u0131\u015f boyutlar\u0131 art\u0131rmadan daha fazla uzatmaya olanak tan\u0131r; bu da s\u0131n\u0131rl\u0131 alana sahip uygulamalar i\u00e7in uygundur.<\/li>\n<\/ul>\n<h2>\u00dcretim Kapasitesi<\/h2>\n<p>Mevcut hidrolik silindirlerin yerini m\u00fckemmel bir \u015fekilde alabilecek bu bom silindirini hassasiyet ve kaliteyle \u00fcretme kapasitesine sahibiz.<\/p>\n<p><img decoding=\"async\" src=\"https:\/\/www.hydraulic-cylinders.net\/wp-content\/uploads\/2025\/04\/songte-cylinder-head-with-all-kinds-excavator-models.webp\" alt=\"\u00dcretim Kapasitesi\" \/><\/p>\n<h2>Bom Silindirinin Uygulamalar\u0131<\/h2>\n<h3>\u0130n\u015faat Ekipmanlar\u0131<\/h3>\n<p>Ekskavat\u00f6rlerde, bom silindirleri toprak veya moloz kazma, y\u00fckleme ve ta\u015f\u0131ma i\u015flemlerinde hayati \u00f6neme sahiptir. Kep\u00e7enin zemine etkili bir \u015fekilde n\u00fcfuz etmesini sa\u011flayarak verimli kaz\u0131 ve malzeme ta\u015f\u0131mac\u0131l\u0131\u011f\u0131na olanak tan\u0131rlar.<\/p>\n<h3>Tar\u0131m Makinalar\u0131<\/h3>\n<p>\u00d6n y\u00fckleyicilerde, bom silindirleri toprak, saman ve di\u011fer malzemelerin kep\u00e7elenmesi, kald\u0131r\u0131lmas\u0131 ve ta\u015f\u0131nmas\u0131na yard\u0131mc\u0131 olur. Bunlar\u0131n g\u00fcvenilir \u00e7al\u0131\u015fmas\u0131, tar\u0131msal i\u015flerin optimize edilmesi ve \u00e7iftliklerde verimlili\u011fin art\u0131r\u0131lmas\u0131 i\u00e7in \u00e7ok \u00f6nemlidir.<\/p>\n<h3>Ekskavat\u00f6rler<\/h3>\n<p>Bom silindiri, kep\u00e7enin topra\u011fa kolayca n\u00fcfuz etmesini sa\u011flayarak ekskavat\u00f6rlere kazma i\u015flemleri ger\u00e7ekle\u015ftirme yetene\u011fi kazand\u0131r\u0131r. Bu i\u015flevsellik, \u00e7e\u015fitli in\u015faat ve peyzaj projeleri i\u00e7in \u00e7ok \u00f6nemlidir.<\/p>\n<h3>Y\u00fckleyiciler<\/h3>\n<p>\u00d6n y\u00fckleyicilerde, bom silindiri malzemelerin etkili bir \u015fekilde kald\u0131r\u0131lmas\u0131na ve bo\u015falt\u0131lmas\u0131na yard\u0131mc\u0131 olur. Bu, a\u011f\u0131r malzemelerin verimli bir \u015fekilde ta\u015f\u0131nmas\u0131 gereken in\u015faat sahalar\u0131 i\u00e7in \u00e7ok \u00f6nemlidir.<\/p>\n<h2>Tasar\u0131m Hususlar\u0131 ve Se\u00e7im Kriterleri<\/h2>\n<ul>\n<li>\n<h3>Y\u00fck Kapasitesi<\/h3>\n<p>    Bir bom silindiri se\u00e7erken, y\u00fck ta\u015f\u0131ma kapasitesini anlamak \u00e7ok \u00f6nemlidir. Silindir, \u00e7al\u0131\u015fma s\u0131ras\u0131nda kar\u015f\u0131la\u015faca\u011f\u0131 maksimum y\u00fck\u00fc g\u00fcvenlik veya performanstan \u00f6d\u00fcn vermeden kald\u0131rabilmelidir. Ta\u015f\u0131nan malzemelerin a\u011f\u0131rl\u0131\u011f\u0131 ve arazi e\u011fimi gibi fakt\u00f6rler, silindirin kullan\u0131m amac\u0131na uygun \u015fekilde derecelendirilmesini sa\u011flamak i\u00e7in dikkate al\u0131nmal\u0131d\u0131r.<\/h3>\n<\/li>\n<li>\n<h3>S\u0131zd\u0131rmazl\u0131k<\/h3>\n<p>    Bom silindirlerinde kullan\u0131lan s\u0131zd\u0131rmazl\u0131k sistemleri, performanslar\u0131 a\u00e7\u0131s\u0131ndan temel \u00f6neme sahiptir. Y\u00fcksek kaliteli contalar, hidrolik s\u0131v\u0131 s\u0131z\u0131nt\u0131lar\u0131n\u0131 \u00f6nleyerek verimlili\u011fin azalmas\u0131na ve silindirin potansiyel olarak hasar g\u00f6rmesine yol a\u00e7abilir. Poli\u00fcretan ve nitril kau\u00e7uk gibi \u00e7e\u015fitli conta malzemeleri, dayan\u0131kl\u0131l\u0131klar\u0131 ve a\u015f\u0131nmaya kar\u015f\u0131 diren\u00e7leri nedeniyle se\u00e7ilerek silindirin uzun \u00f6m\u00fcrl\u00fc olmas\u0131 sa\u011flan\u0131r.<\/h3>\n<\/li>\n<li>\n<h3>Dayan\u0131kl\u0131l\u0131k<\/h3>\n<p>    Bom silindirlerinin \u00fcretiminde kullan\u0131lan malzemeler, dayan\u0131kl\u0131l\u0131klar\u0131n\u0131 b\u00fcy\u00fck \u00f6l\u00e7\u00fcde etkiler. Zorlu \u00e7al\u0131\u015fma ko\u015fullar\u0131na ve mekanik gerilmelere dayanabilmek i\u00e7in y\u00fcksek mukavemetli malzemeler \u015fartt\u0131r. A\u015f\u0131nma ve y\u0131pranman\u0131n d\u00fczenli olarak de\u011ferlendirilmesi, bir silindirin ne zaman bak\u0131ma veya de\u011fi\u015ftirilmeye ihtiya\u00e7 duydu\u011funun belirlenmesine yard\u0131mc\u0131 olabilir.<\/h3>\n<\/li>\n<li>\n<h3>Emniyet<\/h3>\n<p>    Bas\u0131n\u00e7 tahliye vanalar\u0131 ve emniyet kilitleri gibi g\u00fcvenlik \u00f6zellikleri, bom silindirlerinin tasar\u0131m\u0131nda \u00f6nemli hususlard\u0131r. Bu \u00f6zellikler, \u00e7al\u0131\u015fma s\u0131ras\u0131nda kazalar\u0131 \u00f6nlemeye yard\u0131mc\u0131 olarak, a\u011f\u0131r makinelerle \u00e7al\u0131\u015fan operat\u00f6rlere g\u00f6n\u00fcl rahatl\u0131\u011f\u0131 sa\u011flar.<\/h3>\n<\/li>\n<li>\n<h3>Bak\u0131m<\/h3>\n<p>    Kolay bak\u0131m i\u00e7in tasarlanm\u0131\u015f bir bom silindiri se\u00e7mek, ar\u0131za s\u00fcrelerini \u00f6nemli \u00f6l\u00e7\u00fcde azaltabilir. H\u0131zl\u0131 incelemeleri, ya\u011flamay\u0131 ve conta de\u011fi\u015fimini kolayla\u015ft\u0131ran \u00f6zellikler, silindirin kullan\u0131m \u00f6mr\u00fcn\u00fc uzatarak daha uzun s\u00fcre \u00e7al\u0131\u015f\u0131r durumda kalmas\u0131n\u0131 sa\u011flar.<\/h3>\n<\/li>\n<\/ul>\n<p><img decoding=\"async\" src=\"https:\/\/www.hydraulic-cylinders.net\/wp-content\/uploads\/2025\/04\/songte-oil-pipes-and-spare-parts.webp\" alt=\"Tasar\u0131m Hususlar\u0131\" \/><\/p>\n<h2>Silindirin S\u0131zd\u0131rmazl\u0131\u011f\u0131 ve Ya\u011flanmas\u0131<\/h2>\n<p>Bom silindirlerinin performans\u0131 i\u00e7in etkili s\u0131zd\u0131rmazl\u0131k hayati \u00f6nem ta\u015f\u0131r. Piston contalar\u0131 ve mil contalar\u0131 gibi \u00e7e\u015fitli s\u0131zd\u0131rmazl\u0131k bile\u015fenleri, hidrolik s\u0131v\u0131y\u0131 muhafaza ederken d\u0131\u015f kirleticilerin silindire girmesini \u00f6nlemek i\u00e7in kullan\u0131l\u0131r. Poli\u00fcretan ve nitril kau\u00e7uk gibi dayan\u0131kl\u0131 malzemelerden yap\u0131lan contalar, a\u015f\u0131nmaya ve zorlu \u00e7al\u0131\u015fma ko\u015fullar\u0131na kar\u015f\u0131 diren\u00e7 sa\u011flar. Ayr\u0131ca, silindir g\u00f6vdesi ve di\u015fli u\u00e7 y\u00fczeyleri, a\u015f\u0131nma direncini art\u0131rmak i\u00e7in hassas i\u015fleme s\u00fcre\u00e7lerinden ge\u00e7er. S\u00fcrt\u00fcnmeyi en aza indirmek ve hareketli par\u00e7alar\u0131n sorunsuz \u00e7al\u0131\u015fmas\u0131n\u0131 sa\u011flamak i\u00e7in hidrolik ya\u011f ile d\u00fczenli ya\u011flama \u015fartt\u0131r.<\/p>\n<h2>D\u00fczenli Muayene ve \u00d6nleyici Bak\u0131m<\/h2>\n<ul>\n<li>\n<h3>Rutin Kontroller<\/h3>\n<p>    Bom silindirinde d\u00fczenli kontroller yapmak, potansiyel sorunlar\u0131 ciddi problemlere d\u00f6n\u00fc\u015fmeden \u00f6nce tespit etmek i\u00e7in \u00e7ok \u00f6nemlidir. Bu, s\u0131z\u0131nt\u0131lar\u0131, a\u015f\u0131nmay\u0131 ve hasar\u0131 incelemeyi i\u00e7erir; bunlar altta yatan mekanik ar\u0131zalar\u0131n g\u00f6stergesi olabilir. D\u00fczenli izleme, ekipman\u0131n optimum \u00e7al\u0131\u015fma ko\u015fullar\u0131nda kalmas\u0131n\u0131 sa\u011flayarak kullan\u0131m \u00f6mr\u00fcn\u00fc uzat\u0131r.<\/h3>\n<\/li>\n<li>\n<h3>Uygun Ya\u011flama<\/h3>\n<p>    Hidrolik silindirlerin do\u011fru \u015fekilde ya\u011flanmas\u0131, hareketli par\u00e7alar aras\u0131ndaki s\u00fcrt\u00fcnmeyi ve a\u015f\u0131nmay\u0131 azaltmak i\u00e7in \u00e7ok \u00f6nemlidir. Silindirin performans\u0131n\u0131 korumak i\u00e7in \u00fcreticinin ya\u011flama aral\u0131klar\u0131 ve miktarlar\u0131 hakk\u0131ndaki \u00f6nerilerine uymak \u015fartt\u0131r. Yeterli ya\u011flama sadece erken a\u015f\u0131nmay\u0131 \u00f6nlemekle kalmaz, ayn\u0131 zamanda hidrolik sistemin verimlili\u011fini de art\u0131r\u0131r.<\/h3>\n<\/li>\n<li>\n<h3>Conta De\u011fi\u015fimi<\/h3>\n<p>    Hidrolik silindirlerde contalar s\u0131k \u200b\u200ba\u015f\u0131nan par\u00e7alard\u0131r ve hidrolik s\u0131z\u0131nt\u0131lar\u0131 \u00f6nlemek i\u00e7in zaman\u0131nda de\u011fi\u015ftirilmeleri \u00e7ok \u00f6nemlidir. A\u015f\u0131nma veya hasar belirtileri i\u00e7in d\u00fczenli kontrol, contalar\u0131n ne zaman de\u011fi\u015ftirilmesi gerekti\u011fini belirlemeye yard\u0131mc\u0131 olabilir. S\u0131k\u0131 bir uyum sa\u011flamak ve gelecekteki s\u0131z\u0131nt\u0131lar\u0131 \u00f6nlemek i\u00e7in do\u011fru conta de\u011fi\u015ftirme prosed\u00fcrleri izlenmelidir.<\/h3>\n<\/li>\n<\/ul>\n<p><img decoding=\"async\" src=\"https:\/\/www.hydraulic-cylinders.net\/wp-content\/uploads\/2025\/04\/songte-chushion-collar.webp\" alt=\"Bak\u0131m G\u00f6revleri\" \/><\/p>\n<h2>G\u00fcvenlik Hususlar\u0131 ve \u00c7evresel Fakt\u00f6rler<\/h2>\n<p>Hidrolik sistemlerle \u00e7al\u0131\u015f\u0131rken g\u00fcvenlik \u00f6nlemleri son derece \u00f6nemlidir. Operat\u00f6rler, y\u00fcksek bas\u0131n\u00e7l\u0131 sistemlerle ili\u015fkili riskler de dahil olmak \u00fczere hidrolik ekipman\u0131n do\u011fru kullan\u0131m\u0131 konusunda e\u011fitilmelidir. Ayr\u0131ca, t\u00fcm bile\u015fenlerin do\u011fru \u015fekilde \u00e7al\u0131\u015fmas\u0131n\u0131 sa\u011flamak ve b\u00f6ylece kaza riskini en aza indirmek i\u00e7in d\u00fczenli bak\u0131m kontrolleri \u015fartt\u0131r. \u00c7evre dostu hidrolik s\u0131v\u0131lar kullan\u0131larak ve bak\u0131m s\u0131ras\u0131nda olu\u015fan at\u0131klar i\u00e7in uygun bertaraf uygulamalar\u0131 uygulanarak, petrol s\u0131z\u0131nt\u0131lar\u0131 ve kirlenme gibi \u00e7evresel fakt\u00f6rler de ele al\u0131nmal\u0131d\u0131r.<\/p>\n<h2>Ar\u0131za Te\u015fhisi ve Yayg\u0131n Sorunlar<\/h2>\n<ul>\n<li>\n<h3>Hidrolik S\u0131z\u0131nt\u0131lar<\/h3>\n<p>    Vin\u00e7 silindirlerinde en s\u0131k kar\u015f\u0131la\u015f\u0131lan sorunlardan biri hidrolik s\u0131v\u0131 s\u0131z\u0131nt\u0131lar\u0131d\u0131r. Bu s\u0131z\u0131nt\u0131lar, a\u015f\u0131nm\u0131\u015f contalar veya hasarl\u0131 bile\u015fenler nedeniyle olu\u015fabilir ve verimlili\u011fin azalmas\u0131na ve potansiyel g\u00fcvenlik tehlikelerine yol a\u00e7abilir. D\u00fczenli kontroller, s\u0131z\u0131nt\u0131lar\u0131 erken tespit etmeye ve h\u0131zl\u0131 onar\u0131mlar yap\u0131lmas\u0131na yard\u0131mc\u0131 olabilir.<\/h3>\n<\/li>\n<li>\n<h3>Yava\u015f Tepki S\u00fcresi<\/h3>\n<p>    E\u011fer bom silindiri operat\u00f6r komutlar\u0131na ge\u00e7 yan\u0131t veriyorsa, bu hidrolik sistemde hava oldu\u011funu veya s\u0131v\u0131 seviyesinin d\u00fc\u015f\u00fck oldu\u011funu g\u00f6sterebilir. Bu sorun, normal \u00e7al\u0131\u015fmay\u0131 geri kazand\u0131rmak i\u00e7in sistemin havas\u0131n\u0131n al\u0131nmas\u0131n\u0131 veya hidrolik s\u0131v\u0131s\u0131n\u0131n tamamlanmas\u0131n\u0131 gerektirebilir.<\/h3>\n<\/li>\n<li>\n<h3>Artan G\u00fcr\u00fclt\u00fc Seviyeleri<\/h3>\n<p>    \u00c7al\u0131\u015fma s\u0131ras\u0131nda ola\u011fand\u0131\u015f\u0131 sesler, silindirin yanl\u0131\u015f hizalanmas\u0131 veya ya\u011flama eksikli\u011fi gibi mekanik sorunlara i\u015faret edebilir. Operat\u00f6rler, hidrolik sisteme daha fazla zarar gelmesini \u00f6nlemek i\u00e7in sesin kayna\u011f\u0131n\u0131 ara\u015ft\u0131rmal\u0131d\u0131r.<\/h3>\n<\/li>\n<\/ul>\n<h2>Sorun Giderme \u0130pu\u00e7lar\u0131 ve \u00c7\u00f6z\u00fcmleri<\/h2>\n<p>Bom silindirlerindeki sorunlar\u0131 etkili bir \u015fekilde te\u015fhis etmek ve \u00e7\u00f6zmek i\u00e7in operat\u00f6rler yap\u0131land\u0131r\u0131lm\u0131\u015f bir yakla\u015f\u0131m izlemelidir. \u00d6ncelikle d\u0131\u015f s\u0131z\u0131nt\u0131lar\u0131 kontrol edin ve s\u0131v\u0131 seviyelerini inceleyin. S\u0131z\u0131nt\u0131 tespit edilirse, gerekli contalar\u0131 ve bile\u015fenleri de\u011fi\u015ftirin. Yava\u015f tepki s\u00fcreleri i\u00e7in hidrolik sistemin havas\u0131z oldu\u011fundan ve s\u0131v\u0131 seviyelerinin yeterli oldu\u011fundan emin olun. Ola\u011fand\u0131\u015f\u0131 herhangi bir sesi derhal gidermek komplikasyonlar\u0131 \u00f6nleyecektir ve operat\u00f6rler \u00f6zel sorun giderme prosed\u00fcrleri i\u00e7in \u00fcreticinin k\u0131lavuzlar\u0131na ba\u015fvurmal\u0131d\u0131r. D\u00fczenli bak\u0131m ve incelemeler gibi \u00f6nleyici tedbirler, potansiyel sorunlar\u0131 en aza indirmek ve g\u00fcvenilir \u00e7al\u0131\u015fmay\u0131 sa\u011flamak i\u00e7in \u00e7ok \u00f6nemlidir.<\/p>\n<p><img decoding=\"async\" src=\"https:\/\/www.hydraulic-cylinders.net\/wp-content\/uploads\/2025\/04\/songte-bushings-with-all-kinds-of-excavator-models.webp\" alt=\"Sorun giderme\" \/><\/p>\n<h2>\u015eirketimiz Hakk\u0131nda<\/h2>\n<p>Yedek hidrolik silindir \u00fcreticisiyiz ve hem yurt i\u00e7i hem de uluslararas\u0131 pazarlarda \u00f6nde gelen \u00fcretici ve toptanc\u0131lardan biri olarak kendimizi kan\u0131tlam\u0131\u015f kapsaml\u0131 bir \u00fcr\u00fcn yelpazesi sunuyoruz. End\u00fcstriyel \u00fcretim y\u00f6netimine \u00f6nem veren rafine bir \u00fcretim stratejisiyle kalite m\u00fckemmelli\u011fine ba\u011fl\u0131 kal\u0131yoruz. \u015eirketimiz, yetenekli teknik personel, geli\u015fmi\u015f dijital \u00fcretim ekipmanlar\u0131 ve profesyonel test sistemlerinin entegrasyonu yoluyla \u00fcretim kapasitesini s\u00fcrekli olarak geli\u015ftiriyor. Kalite ve hassasiyete olan bu ba\u011fl\u0131l\u0131\u011f\u0131m\u0131z, \u00e7e\u015fitli m\u00fc\u015fteri ihtiya\u00e7lar\u0131n\u0131 etkili bir \u015fekilde kar\u015f\u0131lamam\u0131z\u0131 sa\u011fl\u0131yor.<\/p>\n<p><img decoding=\"async\" src=\"https:\/\/www.hydraulic-cylinders.net\/wp-content\/uploads\/2025\/04\/songte-company-4.webp\" alt=\"\u015eirket Genel Bak\u0131\u015f\u0131\" \/><br \/>\n<img decoding=\"async\" src=\"https:\/\/www.hydraulic-cylinders.net\/wp-content\/uploads\/2025\/04\/songte-company-3.webp\" alt=\"\u015eirket Genel Bak\u0131\u015f\u0131\" \/><\/p>\n<p>\u015eirketimiz, profesyonelli\u011fi, uluslararas\u0131 sertifikalar\u0131, \u00f6zelle\u015ftirilmi\u015f hizmetleri, son teknoloji \u00fcretim ekipmanlar\u0131 ve ola\u011fan\u00fcst\u00fc sat\u0131\u015f sonras\u0131 hizmetiyle gurur duymakta ve m\u00fc\u015fterilerimizin m\u00fcmk\u00fcn olan en iyi \u00fcr\u00fcnleri ve deste\u011fi almas\u0131n\u0131 sa\u011flamaktad\u0131r.<\/p>\n<p>Yazar: lyl<\/p>","protected":false},"excerpt":{"rendered":"<p>Boom Cylinder For Carter CT60-8A-8B Introduction to Boom Cylinder The Boom Cylinder is a specialized hydraulic cylinder designed to control the movement of buckets in various heavy machinery, such as excavators, backhoe loaders, and front loaders. This hydraulic component enables the bucket to lift, lower, and tilt, facilitating material handling tasks in construction and agriculture. [&hellip;]<\/p>","protected":false},"featured_media":17868,"comment_status":"open","ping_status":"closed","template":"","meta":{"_et_pb_use_builder":"","_et_pb_old_content":"","_et_gb_content_width":""},"product_brand":[],"product_cat":[1546],"product_tag":[1547,1496],"class_list":{"0":"post-19515","1":"product","2":"type-product","3":"status-publish","4":"has-post-thumbnail","6":"product_cat-boom-cylinders","7":"product_tag-boom-cylinders","8":"product_tag-hydraulic-cylinders","10":"first","11":"instock","12":"shipping-taxable","13":"product-type-simple"},"amp_enabled":true,"_links":{"self":[{"href":"https:\/\/www.hydraulic-cylinders.net\/tr\/wp-json\/wp\/v2\/product\/19515","targetHints":{"allow":["GET"]}}],"collection":[{"href":"https:\/\/www.hydraulic-cylinders.net\/tr\/wp-json\/wp\/v2\/product"}],"about":[{"href":"https:\/\/www.hydraulic-cylinders.net\/tr\/wp-json\/wp\/v2\/types\/product"}],"replies":[{"embeddable":true,"href":"https:\/\/www.hydraulic-cylinders.net\/tr\/wp-json\/wp\/v2\/comments?post=19515"}],"wp:featuredmedia":[{"embeddable":true,"href":"https:\/\/www.hydraulic-cylinders.net\/tr\/wp-json\/wp\/v2\/media\/17868"}],"wp:attachment":[{"href":"https:\/\/www.hydraulic-cylinders.net\/tr\/wp-json\/wp\/v2\/media?parent=19515"}],"wp:term":[{"taxonomy":"product_brand","embeddable":true,"href":"https:\/\/www.hydraulic-cylinders.net\/tr\/wp-json\/wp\/v2\/product_brand?post=19515"},{"taxonomy":"product_cat","embeddable":true,"href":"https:\/\/www.hydraulic-cylinders.net\/tr\/wp-json\/wp\/v2\/product_cat?post=19515"},{"taxonomy":"product_tag","embeddable":true,"href":"https:\/\/www.hydraulic-cylinders.net\/tr\/wp-json\/wp\/v2\/product_tag?post=19515"}],"curies":[{"name":"wp","href":"https:\/\/api.w.org\/{rel}","templated":true}]}}