{"id":19517,"date":"2025-04-07T06:51:54","date_gmt":"2025-04-07T06:51:54","guid":{"rendered":"https:\/\/www.hydraulic-cylinders.net\/product\/boom-cylinder-for-carter-ct150-8\/"},"modified":"2025-04-07T06:51:56","modified_gmt":"2025-04-07T06:51:56","slug":"boom-cylinder-for-carter-ct150-8","status":"publish","type":"product","link":"https:\/\/www.hydraulic-cylinders.net\/tr\/urun\/boom-cylinder-for-carter-ct150-8\/","title":{"rendered":"Carter CT150-8 i\u00e7in Bom Silindiri"},"content":{"rendered":"<h1>Carter CT150-8 i\u00e7in Bom Silindiri<\/h1>\n<h2>Bom Silindirine Giri\u015f<\/h2>\n<p>Bom silindiri, \u00f6zellikle ekskavat\u00f6rler, kaz\u0131c\u0131lar ve \u00f6n y\u00fckleyiciler gibi a\u011f\u0131r makinelerin hidrolik sistemlerinde hayati bir bile\u015fendir. Kep\u00e7enin hareketini kontrol etmek, verimli malzeme ta\u015f\u0131ma g\u00f6revleri i\u00e7in gerekli olan kald\u0131rma, indirme ve e\u011fme i\u015flemlerini sa\u011flamak \u00fczere \u00f6zel olarak tasarlanm\u0131\u015ft\u0131r. Bir t\u00fcr hidrolik silindir olan kep\u00e7e silindiri, bu i\u015flemlerde \u00e7ok \u00f6nemli bir rol oynar ve a\u011f\u0131r i\u015fleri hassas bir \u015fekilde ger\u00e7ekle\u015ftirmek i\u00e7in gerekli kuvveti sa\u011flar.<\/p>\n<p><img decoding=\"async\" src=\"https:\/\/www.hydraulic-cylinders.net\/wp-content\/uploads\/2025\/04\/songte-company-1.webp\" alt=\"Bom Silindiri\" \/><\/p>\n<h3>Tan\u0131m ve Genel Bak\u0131\u015f<\/h3>\n<p>Kep\u00e7e silindiri, hidrolik bas\u0131nc\u0131 mekanik kuvvete d\u00f6n\u00fc\u015ft\u00fcrerek \u00e7al\u0131\u015f\u0131r. Hidrolik s\u0131v\u0131 silindire y\u00f6nlendirildi\u011finde, pistonu iter ve bu da ba\u011fl\u0131 kolu veya kep\u00e7eyi hareket ettirir. Bu sistem, d\u00fczg\u00fcn ve kontroll\u00fc hareketlere olanak tan\u0131yarak, a\u011f\u0131r malzemelerin ta\u015f\u0131nmas\u0131 veya manip\u00fcle edilmesi gereken in\u015faat ve tar\u0131m uygulamalar\u0131nda vazge\u00e7ilmez hale gelir. Bom silindirinin verimlili\u011fi ve g\u00fcvenilirli\u011fi, operat\u00f6rlerin g\u00f6revleri h\u0131zl\u0131 ve verimli bir \u015fekilde tamamlamas\u0131n\u0131, ar\u0131za s\u00fcrelerini en aza indirmesini ve verimlili\u011fi en \u00fcst d\u00fczeye \u00e7\u0131karmas\u0131n\u0131 sa\u011flar.<\/p>\n<h2>Bom Silindirinin Temel \u00d6zellikleri<\/h2>\n<ul>\n<li><strong>Y\u00fcksek Dayan\u0131kl\u0131l\u0131k ve Dayan\u0131kl\u0131l\u0131k:<\/strong> Y\u00fcksek mukavemetli \u00e7elik veya al\u00fcminyumdan \u00fcretilmi\u015f olup, y\u00fcksek bas\u0131nca ve a\u011f\u0131r y\u00fcklere dayanacak \u015fekilde tasarlanm\u0131\u015f, ayn\u0131 zamanda a\u015f\u0131nmaya ve korozyona kar\u015f\u0131 diren\u00e7lidir.<\/li>\n<li><strong>Verimli Hidrolik \u00c7al\u0131\u015fma:<\/strong> Hidrolik ya\u011f bas\u0131nc\u0131n\u0131 kullanarak sorunsuz ve h\u0131zl\u0131 uzatma ve geri \u00e7ekme hareketi sa\u011flar, a\u011f\u0131r veya karma\u015f\u0131k i\u015fler i\u00e7in uygun g\u00fc\u00e7l\u00fc itme ve \u00e7ekme kuvvetleri sunar.<\/li>\n<li><strong>\u00c7e\u015fitli T\u00fcrler:<\/strong> Tek y\u00f6nl\u00fc (hidrolik sistemi tek y\u00f6nde kullanan) veya \u00e7ift y\u00f6nl\u00fc (hidrolik sistemi her iki y\u00f6nde kullanan) konfig\u00fcrasyonlarda mevcuttur; baz\u0131 modellerde d\u0131\u015f boyutlar\u0131 art\u0131rmadan daha fazla eri\u015fim sa\u011flamak i\u00e7in teleskopik tasar\u0131mlar bulunur.<\/li>\n<li><strong>\u00d6zelle\u015ftirilebilir Se\u00e7enekler:<\/strong> Belirli makine ihtiya\u00e7lar\u0131na ve operasyonel gereksinimlere uyacak \u015fekilde \u00f6zelle\u015ftirilebilir, b\u00f6ylece \u00e7e\u015fitli uygulamalarda \u00e7ok y\u00f6nl\u00fcl\u00fc\u011f\u00fc art\u0131r\u0131r.<\/li>\n<li><strong>Kolay Kurulum ve Bak\u0131m:<\/strong> Kolay kurulum ve kullan\u0131c\u0131 dostu bak\u0131m \u00f6zellikleriyle tasarlanan bu \u00fcr\u00fcn, h\u0131zl\u0131 de\u011fi\u015fim ve onar\u0131mlara olanak tan\u0131r.<\/li>\n<\/ul>\n<p>Bu \u00fcr\u00fcn\u00fc biz \u00fcretiyoruz ve silindirlerimiz bu hidrolik silindirlerin yerine m\u00fckemmel \u015fekilde ge\u00e7ebilir.<\/p>\n<p><img decoding=\"async\" src=\"https:\/\/www.hydraulic-cylinders.net\/wp-content\/uploads\/2025\/04\/songte-cylinder-head-with-all-kinds-excavator-models.webp\" alt=\"Ekskavat\u00f6r Modelleri\" \/><\/p>\n<h2>Bom Silindirinin Uygulamalar\u0131<\/h2>\n<h3>\u0130n\u015faat Ekipmanlar\u0131<\/h3>\n<p>Ekskavat\u00f6rlerde, bom silindirleri topra\u011f\u0131 veya molozu kazmak, y\u00fcklemek ve ta\u015f\u0131mak i\u00e7in \u00e7ok \u00f6nemlidir. Kep\u00e7enin zeminin derinliklerine ula\u015fmas\u0131n\u0131 ve malzemeleri verimli bir \u015fekilde kazmas\u0131n\u0131 sa\u011flarlar. Kaz\u0131c\u0131 y\u00fckleyicilerde ise bu silindirler hem kazma hem de kald\u0131rma i\u015flemlerini kolayla\u015ft\u0131rarak \u015fantiyelerde \u00e7ok y\u00f6nl\u00fcl\u00fck sa\u011flar.<\/p>\n<h3>Tar\u0131m Makinalar\u0131<\/h3>\n<p>\u00d6n y\u00fckleyicilerde, bom silindirleri toprak, saman ve di\u011fer malzemeleri kep\u00e7elemek, kald\u0131rmak ve ta\u015f\u0131mak i\u00e7in kullan\u0131l\u0131r. Bu da onlar\u0131 kamyon y\u00fckleme veya yem ve d\u00f6kme \u00fcr\u00fcnlerin ta\u015f\u0131nmas\u0131 gibi i\u015fler i\u00e7in hayati \u00f6neme sahip k\u0131lar ve \u00e7iftliklerde verimlili\u011fi \u00f6nemli \u00f6l\u00e7\u00fcde art\u0131r\u0131r.<\/p>\n<h3>Kaz\u0131 G\u00f6revleri<\/h3>\n<p>Ekskavat\u00f6rlerde, kep\u00e7e silindiri, kep\u00e7enin topra\u011fa n\u00fcfuz etmesini ve kaz\u0131 i\u015flemlerini etkili bir \u015fekilde ger\u00e7ekle\u015ftirmesini sa\u011flar. Bu \u00f6zellik, hassas kaz\u0131 gerektiren in\u015faat projeleri, arazi temizleme ve peyzaj \u00e7al\u0131\u015fmalar\u0131 i\u00e7in \u00e7ok \u00f6nemlidir.<\/p>\n<h3>Y\u00fckleyici Uygulamalar\u0131<\/h3>\n<p>\u00d6n y\u00fckleyicilerde, bom silindirleri y\u00fcklerin verimli bir \u015fekilde kald\u0131r\u0131lmas\u0131na ve bo\u015falt\u0131lmas\u0131na yard\u0131mc\u0131 olur. A\u011f\u0131r malzemelerin ta\u015f\u0131nmas\u0131 i\u00e7in gerekli g\u00fcc\u00fc sa\u011flarlar ve bu da onlar\u0131 \u00e7e\u015fitli y\u00fckleme ve bo\u015faltma i\u015fleri i\u00e7in vazge\u00e7ilmez k\u0131lar.<\/p>\n<h2>Tasar\u0131m Hususlar\u0131 ve Se\u00e7im Kriterleri<\/h2>\n<h3>Y\u00fck Kapasitesi<\/h3>\n<p>Bom silindirinin y\u00fck ta\u015f\u0131ma kapasitesi, kritik bir tasar\u0131m unsurudur. Silindir, \u00e7al\u0131\u015fma s\u0131ras\u0131nda kar\u015f\u0131la\u015faca\u011f\u0131 maksimum a\u011f\u0131rl\u0131\u011f\u0131 kald\u0131rabilecek \u015fekilde tasarlanmal\u0131d\u0131r. Bu, a\u011f\u0131r y\u00fckler alt\u0131nda g\u00fcvenlik ve i\u015flevselli\u011fi sa\u011flamak i\u00e7in bas\u0131n\u00e7 de\u011ferlerinin, malzeme dayan\u0131m\u0131n\u0131n ve genel tasar\u0131m\u0131n de\u011ferlendirilmesini i\u00e7erir.<\/p>\n<h3>S\u0131zd\u0131rmazl\u0131k Performans\u0131<\/h3>\n<p>Hidrolik silindirlerin d\u00fczg\u00fcn \u00e7al\u0131\u015fmas\u0131 i\u00e7in s\u0131zd\u0131rmazl\u0131k \u00e7ok \u00f6nemlidir. Y\u00fcksek kaliteli contalar, hidrolik s\u0131v\u0131n\u0131n s\u0131zmas\u0131n\u0131 \u00f6nleyerek verimli \u00e7al\u0131\u015fmay\u0131 ve bas\u0131nc\u0131n korunmas\u0131n\u0131 sa\u011flar. Poli\u00fcretan veya nitril kau\u00e7uk gibi conta malzemelerinin se\u00e7imi, \u00f6zellikle zorlu ortamlarda dayan\u0131kl\u0131l\u0131\u011f\u0131 ve performans\u0131 etkiler.<\/p>\n<h3>Dayan\u0131kl\u0131l\u0131k<\/h3>\n<p>Bom silindirlerinin tasar\u0131m\u0131nda dayan\u0131kl\u0131l\u0131k \u00e7ok \u00f6nemli bir fakt\u00f6rd\u00fcr. Y\u00fcksek bas\u0131n\u00e7 ve s\u0131cakl\u0131klar da dahil olmak \u00fczere a\u015f\u0131r\u0131 ko\u015fullara dayanmal\u0131, a\u015f\u0131nmaya ve korozyona kar\u015f\u0131 diren\u00e7 g\u00f6stermelidirler. Bu, silindirin \u00f6mr\u00fcn\u00fc uzatmak i\u00e7in malzemelerin ve koruyucu kaplamalar\u0131n dikkatli se\u00e7ilmesini gerektirir.<\/p>\n<h3>G\u00fcvenlik \u00d6zellikleri<\/h3>\n<p>Bom silindirlerinin tasar\u0131m\u0131na g\u00fcvenlik \u00f6zelliklerinin dahil edilmesi hayati \u00f6nem ta\u015f\u0131r. Bu, a\u015f\u0131r\u0131 uzamay\u0131 \u00f6nleme mekanizmalar\u0131n\u0131, a\u015f\u0131r\u0131 y\u00fck korumas\u0131n\u0131 ve bas\u0131n\u00e7 tahliye sistemlerini i\u00e7erir; b\u00f6ylece operat\u00f6r g\u00fcvenli\u011fi ve ekipman g\u00fcvenilirli\u011fi \u00e7al\u0131\u015fma s\u0131ras\u0131nda sa\u011flan\u0131r.<\/p>\n<h3>Bak\u0131m Eri\u015filebilirli\u011fi<\/h3>\n<p>Bak\u0131m eri\u015filebilirli\u011fini g\u00f6z \u00f6n\u00fcnde bulunduran tasar\u0131m, ar\u0131za s\u00fcrelerini azaltmak i\u00e7in \u00e7ok \u00f6nemlidir. Contalara ve ya\u011flama noktalar\u0131na kolay eri\u015fim gibi \u00f6zellikler, bak\u0131m i\u015flemlerini \u00f6nemli \u00f6l\u00e7\u00fcde basitle\u015ftirerek zaman\u0131nda onar\u0131mlara olanak tan\u0131r ve silindirin \u00e7al\u0131\u015fma \u00f6mr\u00fcn\u00fc uzat\u0131r.<\/p>\n<p><img decoding=\"async\" src=\"https:\/\/www.hydraulic-cylinders.net\/wp-content\/uploads\/2025\/04\/songte-oil-pipes-and-spare-parts.webp\" alt=\"Petrol Borular\u0131 ve Yedek Par\u00e7alar\u0131\" \/><\/p>\n<h2>Silindirin S\u0131zd\u0131rmazl\u0131\u011f\u0131 ve Ya\u011flanmas\u0131<\/h2>\n<p>Bom silindirinin performans\u0131 i\u00e7in etkili s\u0131zd\u0131rmazl\u0131k ve ya\u011flama \u00e7ok \u00f6nemlidir. Piston contalar\u0131 ve mil contalar\u0131 gibi \u00e7e\u015fitli conta tipleri, hidrolik s\u0131v\u0131 s\u0131z\u0131nt\u0131s\u0131n\u0131 \u00f6nlerken sorunsuz \u00e7al\u0131\u015fmay\u0131 sa\u011flamak i\u00e7in kullan\u0131l\u0131r. Poli\u00fcretan ve nitril kau\u00e7uk gibi a\u015f\u0131nmaya dayan\u0131kl\u0131 malzemelerden yap\u0131lan contalar, kullan\u0131m \u00f6mr\u00fcn\u00fc ve g\u00fcvenilirli\u011fi art\u0131r\u0131r.<\/p>\n<p>Silindir g\u00f6vdesi ve di\u015fli u\u00e7 y\u00fczeyleri, a\u015f\u0131nma direncini ve s\u0131zd\u0131rmazl\u0131k performans\u0131n\u0131 art\u0131rmak i\u00e7in hassas i\u015fleme s\u00fcre\u00e7lerinden ge\u00e7irilerek, silindirin y\u00fcksek bas\u0131n\u00e7 ko\u015fullar\u0131nda verimli bir \u015fekilde \u00e7al\u0131\u015fmas\u0131 sa\u011flan\u0131r. Uygun hidrolik ya\u011f ile d\u00fczenli ya\u011flama, s\u00fcrt\u00fcnmeyi ve a\u015f\u0131nmay\u0131 azaltmak ve pistonun silindir i\u00e7inde d\u00fczg\u00fcn hareketini kolayla\u015ft\u0131rmak i\u00e7in \u015fartt\u0131r.<\/p>\n<h2>\u00d6nleyici Bak\u0131m \u00d6nlemleri<\/h2>\n<ul>\n<li><strong>D\u00fczenli Denetimler:<\/strong> A\u015f\u0131nma veya hasar belirtilerini tespit etmek i\u00e7in d\u00fczenli kontroller yap\u0131n ve sorunlar b\u00fcy\u00fcmeden \u00f6nce zaman\u0131nda onar\u0131mlar\u0131n yap\u0131lmas\u0131n\u0131 sa\u011flay\u0131n.<\/li>\n<li><strong>Ya\u011flama:<\/strong> Silindirin optimum performans\u0131 korumas\u0131 ve a\u015f\u0131nmay\u0131 \u00f6nlemesi i\u00e7in do\u011fru hidrolik ya\u011f ile yeterince ya\u011fland\u0131\u011f\u0131ndan emin olun.<\/li>\n<li><strong>Conta De\u011fi\u015fimi:<\/strong> S\u0131z\u0131nt\u0131lar\u0131 \u00f6nlemek ve bas\u0131n\u00e7 b\u00fct\u00fcnl\u00fc\u011f\u00fcn\u00fc korumak i\u00e7in contalar\u0131 d\u00fczenli olarak a\u015f\u0131nma a\u00e7\u0131s\u0131ndan kontrol edin ve gerekti\u011finde de\u011fi\u015ftirin.<\/li>\n<\/ul>\n<h2>Kurulum Talimatlar\u0131<\/h2>\n<p>Bom silindirinin do\u011fru montaj\u0131, optimum performans i\u00e7in \u00e7ok \u00f6nemlidir. \u00d6ncelikle montaj y\u00fczeylerinin temiz ve kal\u0131nt\u0131lardan ar\u0131nd\u0131r\u0131lm\u0131\u015f oldu\u011fundan emin olun. Silindiri, uygun montaj braketleri kullanarak do\u011fru y\u00f6nde dikkatlice hizalay\u0131n ve yerine sabitleyin. Yanl\u0131\u015f hizalamadan ka\u00e7\u0131nmak \u00e7ok \u00f6nemlidir, \u00e7\u00fcnk\u00fc bu silindirin erken a\u015f\u0131nmas\u0131na ve ar\u0131zalanmas\u0131na yol a\u00e7abilir.<\/p>\n<p>Montaj s\u0131ras\u0131nda, t\u00fcm hidrolik ba\u011flant\u0131lar\u0131n s\u0131k\u0131 ve s\u0131z\u0131nt\u0131s\u0131z oldu\u011fundan emin olun. Montajdan sonra, silindirin do\u011fru \u00e7al\u0131\u015ft\u0131\u011f\u0131n\u0131 do\u011frulamak i\u00e7in y\u00fck alt\u0131nda \u00e7al\u0131\u015fmas\u0131n\u0131 test edin. \u00c7al\u0131\u015fma s\u0131ras\u0131nda ola\u011fand\u0131\u015f\u0131 sesler veya hareketler olup olmad\u0131\u011f\u0131n\u0131 izlemek, olas\u0131 sorunlar\u0131 erken tespit etmenize yard\u0131mc\u0131 olabilir.<\/p>\n<h2>Yayg\u0131n Bak\u0131m G\u00f6revleri<\/h2>\n<ul>\n<li><strong>D\u00fczenli Denetimler:<\/strong> S\u0131z\u0131nt\u0131, \u00e7atlak veya di\u011fer a\u015f\u0131nma belirtileri i\u00e7in g\u00f6rsel incelemeler yap\u0131n. Bu, potansiyel sorunlar\u0131 erken tespit etmeye ve silindirin verimli \u00e7al\u0131\u015fmas\u0131n\u0131 sa\u011flamaya yard\u0131mc\u0131 olur.<\/li>\n<li><strong>Uygun Ya\u011flama:<\/strong> Silindirin \u00fcretici spesifikasyonlar\u0131na uygun \u015fekilde ya\u011fland\u0131\u011f\u0131ndan emin olun. Yetersiz ya\u011flama, s\u00fcrt\u00fcnmeyi ve a\u015f\u0131nmay\u0131 art\u0131rarak silindirin \u00f6mr\u00fcn\u00fc k\u0131saltabilir.<\/li>\n<li><strong>Conta De\u011fi\u015fimi:<\/strong> S\u0131z\u0131nt\u0131lar\u0131 \u00f6nlemek ve performans\u0131 korumak i\u00e7in contalar\u0131n durumunu d\u00fczenli olarak kontrol edin ve gerekti\u011finde de\u011fi\u015ftirin.<\/li>\n<\/ul>\n<p>Silindirin montaj\u0131 s\u0131ras\u0131nda do\u011fru hizalanmas\u0131 \u00e7ok \u00f6nemlidir. Silindiri sabitlemek ve yanl\u0131\u015f hizalama gerilimlerine maruz kalmamas\u0131n\u0131 sa\u011flamak i\u00e7in uygun montaj braketleri kullan\u0131n. Silindirin i\u015flevselli\u011fini korumak ve kullan\u0131m \u00f6mr\u00fcn\u00fc uzatmak i\u00e7in bile\u015fenlerin incelenmesi, onar\u0131m\u0131 ve de\u011fi\u015ftirilmesi i\u00e7in \u00f6nerilen prosed\u00fcrleri izleyin.<\/p>\n<p><img decoding=\"async\" src=\"https:\/\/www.hydraulic-cylinders.net\/wp-content\/uploads\/2025\/04\/songte-chushion-collar.webp\" alt=\"Yast\u0131k Yaka\" \/><\/p>\n<h2>G\u00fcvenlik Hususlar\u0131 ve \u00c7evresel Fakt\u00f6rler<\/h2>\n<p>Bom silindirleri kullan\u0131l\u0131rken g\u00fcvenlik \u00f6nlemleri son derece \u00f6nemlidir. Operat\u00f6rler, hidrolik sistemlerin \u00e7al\u0131\u015fma prensiplerini ve ilgili riskleri anlamak \u00fczere e\u011fitilmelidir. Uygun g\u00fcvenlik ekipmanlar\u0131 giyilmeli ve kazalar\u0131 \u00f6nlemek i\u00e7in makineler d\u00fczenli olarak kontrol edilmelidir. Hidrolik s\u0131v\u0131lar\u0131n \u00e7evresel etkileri ve kullan\u0131lm\u0131\u015f s\u0131v\u0131lar\u0131n uygun \u015fekilde bertaraf edilmesi y\u00f6ntemleri konusunda fark\u0131ndal\u0131k da \u00e7evresel zarar\u0131 en aza indirmek i\u00e7in gereklidir.<\/p>\n<h2>Yayg\u0131n Sorunlar\u0131n Giderilmesi<\/h2>\n<ul>\n<li><strong>G\u00fc\u00e7 Kayb\u0131:<\/strong> Silindir yeterli bas\u0131n\u00e7 sa\u011flam\u0131yorsa, hidrolik sistemde s\u0131z\u0131nt\u0131 olup olmad\u0131\u011f\u0131n\u0131 veya performans\u0131 etkileyebilecek d\u00fc\u015f\u00fck s\u0131v\u0131 seviyelerini kontrol edin.<\/li>\n<li><strong>G\u00fcr\u00fclt\u00fcl\u00fc \u00c7al\u0131\u015fma:<\/strong> Ola\u011fand\u0131\u015f\u0131 sesler, hizalama bozuklu\u011fu, ya\u011flama eksikli\u011fi veya a\u015f\u0131nm\u0131\u015f contalar\u0131n belirtisi olabilir. Sistemde sorun olup olmad\u0131\u011f\u0131n\u0131 kontrol edin ve buna g\u00f6re d\u00fczeltici \u00f6nlemler al\u0131n.<\/li>\n<li><strong>Yava\u015f Hareket:<\/strong> Yava\u015f tepki s\u00fcreleri, i\u00e7 a\u015f\u0131nma, hidrolik s\u0131v\u0131s\u0131nda kirlenme veya hidrolik pompa ile ilgili sorunlardan kaynaklanabilir. D\u00fczenli bak\u0131m, bu sorunlar\u0131n \u00f6nlenmesine yard\u0131mc\u0131 olabilir.<\/li>\n<\/ul>\n<p>Etkili sorun giderme i\u00e7in her zaman \u00fcreticinin y\u00f6nergelerine ba\u015fvurun ve sorunlar devam ederse bir hidrolik uzman\u0131na dan\u0131\u015f\u0131n. D\u00fczenli bak\u0131m ve kontroller gibi \u00f6nleyici tedbirler, bu yayg\u0131n sorunlar\u0131n olas\u0131l\u0131\u011f\u0131n\u0131 b\u00fcy\u00fck \u00f6l\u00e7\u00fcde azaltabilir.<\/p>\n<p><img decoding=\"async\" src=\"https:\/\/www.hydraulic-cylinders.net\/wp-content\/uploads\/2025\/04\/songte-bushings-with-all-kinds-of-excavator-models.webp\" alt=\"Ekskavat\u00f6r Modellerinde Bur\u00e7lar\" \/><\/p>\n<h2>\u015eirket Genel Bak\u0131\u015f\u0131<\/h2>\n<p>Alternatif hidrolik silindirler \u00fcreten bir firmay\u0131z ve geni\u015f \u00fcr\u00fcn yelpazemiz sayesinde hem yurt i\u00e7i hem de uluslararas\u0131 pazarda \u00f6nde gelen \u00fcretici ve toptanc\u0131lardan biriyiz. Kalitede m\u00fckemmellik ilkesine ba\u011fl\u0131 kalarak, geli\u015fmi\u015f bir \u00fcretim at\u00f6lyesi ve end\u00fcstriyel \u00fcretim y\u00f6netim stratejisiyle destekleniyoruz. \u015eirketimiz, yetenekli personel, geli\u015fmi\u015f dijital \u00fcretim ekipmanlar\u0131 ve profesyonel test sistemleri arac\u0131l\u0131\u011f\u0131yla \u00fcretim kapasitesini s\u00fcrekli olarak geli\u015ftirmektedir.<\/p>\n<p>Y\u00fcksek verimlilik, hassasiyet ve kaliteye olan ba\u011fl\u0131l\u0131\u011f\u0131m\u0131zla, en y\u00fcksek \u00fcretim standartlar\u0131n\u0131 sa\u011flarken \u00e7e\u015fitli m\u00fc\u015fteri ihtiya\u00e7lar\u0131n\u0131 kar\u015f\u0131l\u0131yoruz. \u00d6zelle\u015ftirme konusundaki uzmanl\u0131\u011f\u0131m\u0131z, uluslararas\u0131 sertifikalar\u0131m\u0131z, son teknoloji \u00fcretim ekipmanlar\u0131m\u0131z ve \u00f6zel sat\u0131\u015f sonras\u0131 hizmetimiz, hidrolik silindir sekt\u00f6r\u00fcnde g\u00fcvenilir bir lider olarak konumumuzu daha da sa\u011flamla\u015ft\u0131r\u0131yor.<\/p>\n<p><img decoding=\"async\" src=\"https:\/\/www.hydraulic-cylinders.net\/wp-content\/uploads\/2025\/04\/songte-company-4.webp\" alt=\"\u015eirket Genel Bak\u0131\u015f\u0131 1\" \/><br \/>\n<img decoding=\"async\" src=\"https:\/\/www.hydraulic-cylinders.net\/wp-content\/uploads\/2025\/04\/songte-company-3.webp\" alt=\"\u015eirket Genel Bak\u0131\u015f\u0131 2\" \/><\/p>\n<p>Yazar: lyl<\/p>","protected":false},"excerpt":{"rendered":"<p>Boom Cylinder For Carter CT150-8 Introduction to the Boom Cylinder The Boom Cylinder is a vital component in the hydraulic systems of heavy machinery, particularly in excavators, backhoes, and front loaders. It is specifically designed to control the movement of the bucket, allowing for lifting, lowering, and tilting actions essential for efficient material handling tasks. [&hellip;]<\/p>","protected":false},"featured_media":17870,"comment_status":"open","ping_status":"closed","template":"","meta":{"_et_pb_use_builder":"","_et_pb_old_content":"","_et_gb_content_width":""},"product_brand":[],"product_cat":[1546],"product_tag":[1547,1496],"class_list":{"0":"post-19517","1":"product","2":"type-product","3":"status-publish","4":"has-post-thumbnail","6":"product_cat-boom-cylinders","7":"product_tag-boom-cylinders","8":"product_tag-hydraulic-cylinders","10":"first","11":"instock","12":"shipping-taxable","13":"product-type-simple"},"amp_enabled":true,"_links":{"self":[{"href":"https:\/\/www.hydraulic-cylinders.net\/tr\/wp-json\/wp\/v2\/product\/19517","targetHints":{"allow":["GET"]}}],"collection":[{"href":"https:\/\/www.hydraulic-cylinders.net\/tr\/wp-json\/wp\/v2\/product"}],"about":[{"href":"https:\/\/www.hydraulic-cylinders.net\/tr\/wp-json\/wp\/v2\/types\/product"}],"replies":[{"embeddable":true,"href":"https:\/\/www.hydraulic-cylinders.net\/tr\/wp-json\/wp\/v2\/comments?post=19517"}],"wp:featuredmedia":[{"embeddable":true,"href":"https:\/\/www.hydraulic-cylinders.net\/tr\/wp-json\/wp\/v2\/media\/17870"}],"wp:attachment":[{"href":"https:\/\/www.hydraulic-cylinders.net\/tr\/wp-json\/wp\/v2\/media?parent=19517"}],"wp:term":[{"taxonomy":"product_brand","embeddable":true,"href":"https:\/\/www.hydraulic-cylinders.net\/tr\/wp-json\/wp\/v2\/product_brand?post=19517"},{"taxonomy":"product_cat","embeddable":true,"href":"https:\/\/www.hydraulic-cylinders.net\/tr\/wp-json\/wp\/v2\/product_cat?post=19517"},{"taxonomy":"product_tag","embeddable":true,"href":"https:\/\/www.hydraulic-cylinders.net\/tr\/wp-json\/wp\/v2\/product_tag?post=19517"}],"curies":[{"name":"wp","href":"https:\/\/api.w.org\/{rel}","templated":true}]}}