{"id":19518,"date":"2025-04-07T06:51:56","date_gmt":"2025-04-07T06:51:56","guid":{"rendered":"https:\/\/www.hydraulic-cylinders.net\/product\/boom-cylinder-for-carter-ct260-8c\/"},"modified":"2025-04-07T06:51:59","modified_gmt":"2025-04-07T06:51:59","slug":"boom-cylinder-for-carter-ct260-8c","status":"publish","type":"product","link":"https:\/\/www.hydraulic-cylinders.net\/tr\/urun\/boom-cylinder-for-carter-ct260-8c\/","title":{"rendered":"Carter CT260-8C i\u00e7in Bom Silindiri"},"content":{"rendered":"<h1>Carter CT260-8C i\u00e7in Bom Silindiri<\/h1>\n<h2>Bom Silindirine Giri\u015f<\/h2>\n<p>Kep\u00e7e silindiri, \u00f6zellikle ekskavat\u00f6rler, kaz\u0131c\u0131 y\u00fckleyiciler ve \u00f6n y\u00fckleyiciler gibi a\u011f\u0131r makinelerde hidrolik sistemlerin hayati bir bile\u015fenidir. Kep\u00e7enin hareketini kontrol ederek etkili bir \u015fekilde kald\u0131rma, indirme ve e\u011fme i\u015flemlerini ger\u00e7ekle\u015ftirmek \u00fczere tasarlanm\u0131\u015ft\u0131r. Bu i\u015flevsellik, malzeme ta\u015f\u0131ma g\u00f6revlerini iyile\u015ftirir ve \u00e7e\u015fitli in\u015faat ve tar\u0131m uygulamalar\u0131 i\u00e7in \u00e7ok \u00f6nemlidir. Kep\u00e7e silindiri, hidrolik bas\u0131nc\u0131 mekanik kuvvete d\u00f6n\u00fc\u015ft\u00fcrerek \u00e7al\u0131\u015f\u0131r ve zorlu g\u00f6revlerin yerine getirilmesinde gerekli olan hassas ve g\u00fc\u00e7l\u00fc hareketlere olanak tan\u0131r.<\/p>\n<p><img decoding=\"async\" src=\"https:\/\/www.hydraulic-cylinders.net\/wp-content\/uploads\/2025\/04\/songte-company-1.webp\" alt=\"Bom Silindiri G\u00f6r\u00fcnt\u00fcs\u00fc\"><\/p>\n<h2>Bom Silindirinin \u00d6zellikleri<\/h2>\n<ul>\n<li><strong>Y\u00fcksek Dayan\u0131kl\u0131l\u0131k ve Dayan\u0131kl\u0131l\u0131k:<\/strong> Y\u00fcksek mukavemetli \u00e7elik veya al\u00fcminyumdan \u00fcretilen bu silindir, y\u00fcksek bas\u0131nca ve a\u011f\u0131r y\u00fcklere dayan\u0131kl\u0131d\u0131r ve bu \u00f6zelli\u011fi sayesinde zorlu \u00e7al\u0131\u015fma ortamlar\u0131 i\u00e7in uygundur.<\/li>\n<li><strong>Verimli Hidrolik \u00c7al\u0131\u015fma:<\/strong> Hidrolik ya\u011f bas\u0131nc\u0131n\u0131 kullanarak sorunsuz uzatma ve geri \u00e7ekme hareketi sa\u011flar, operat\u00f6r komutlar\u0131na h\u0131zl\u0131 yan\u0131t verir ve g\u00fc\u00e7l\u00fc itme ve \u00e7ekme kuvveti uygular.<\/li>\n<li><strong>\u00c7e\u015fitli T\u00fcrler:<\/strong> Tek y\u00f6nl\u00fc (tek y\u00f6nde \u00e7al\u0131\u015fan) veya \u00e7ift y\u00f6nl\u00fc (iki y\u00f6nde \u00e7al\u0131\u015fan) konfig\u00fcrasyonlarda mevcut olup, \u00e7e\u015fitli operasyonel ihtiya\u00e7lara hitap etmektedir. Baz\u0131 modeller teleskopiktir ve d\u0131\u015f boyutlar\u0131 art\u0131rmadan \u00f6nemli \u00f6l\u00e7\u00fcde uzat\u0131labilme \u00f6zelli\u011fine sahiptir.<\/li>\n<li><strong>Geni\u015f Uyumluluk:<\/strong> Mevcut silindirlerin yerine sorunsuz bir \u015fekilde yerle\u015ftirilmek \u00fczere tasarlanm\u0131\u015ft\u0131r ve performanstan \u00f6d\u00fcn vermez.<\/li>\n<li><strong>Maliyet Etkinli\u011fi:<\/strong> \u0130\u015fletme verimlili\u011fini art\u0131rarak, makine yenileme ihtiya\u00e7lar\u0131 i\u00e7in g\u00fcvenilir ve ekonomik bir \u00e7\u00f6z\u00fcm sunar.<\/li>\n<\/ul>\n<p><img decoding=\"async\" src=\"https:\/\/www.hydraulic-cylinders.net\/wp-content\/uploads\/2025\/04\/songte-cylinder-head-with-all-kinds-excavator-models.webp\" alt=\"Silindir Uyumluluk G\u00f6r\u00fcnt\u00fcs\u00fc\"><\/p>\n<h2>Bom Silindirinin Uygulamalar\u0131<\/h2>\n<h3>\u0130n\u015faat Ekipmanlar\u0131<\/h3>\n<p>Ekskavat\u00f6rlerde, bom silindirleri kazma, y\u00fckleme ve toprak veya moloz ta\u015f\u0131ma i\u015flemlerinde hayati \u00f6neme sahiptir. Kep\u00e7enin a\u00e7\u0131s\u0131n\u0131 ayarlama yetene\u011fi, kaz\u0131 i\u015flerinde verimlili\u011fi ve hassasiyeti art\u0131r\u0131r. Kaz\u0131c\u0131 y\u00fckleyicilerde ise bu silindirler hem kazma hem de kald\u0131rma i\u015flemlerine yard\u0131mc\u0131 olarak, onlar\u0131 \u00e7e\u015fitli in\u015faat sahalar\u0131 i\u00e7in \u00e7ok y\u00f6nl\u00fc hale getirir.<\/p>\n<h3>Tar\u0131m Makinalar\u0131<\/h3>\n<p>\u00d6n y\u00fckleyicilerde, bom silindirleri toprak, saman ve di\u011fer malzemelerin kep\u00e7elenmesi, kald\u0131r\u0131lmas\u0131 ve ta\u015f\u0131nmas\u0131 i\u00e7in hayati \u00f6neme sahiptir. A\u011f\u0131r y\u00fcklerin h\u0131zl\u0131 ve verimli bir \u015fekilde ta\u015f\u0131nmas\u0131na olanak sa\u011flayarak \u00e7iftliklerdeki verimlili\u011fi art\u0131r\u0131rlar; bu da \u00e7e\u015fitli tar\u0131msal i\u015fler i\u00e7in \u00e7ok \u00f6nemlidir.<\/p>\n<h3>Ekskavat\u00f6rler<\/h3>\n<p>Bom silindiri, kep\u00e7enin topra\u011fa etkili bir \u015fekilde n\u00fcfuz etmesini sa\u011flayarak kaz\u0131 s\u00fcrecini kolayla\u015ft\u0131r\u0131r. Bu i\u015flev, temel atma ve di\u011fer saha haz\u0131rl\u0131klar\u0131 i\u00e7in toprak kald\u0131rman\u0131n gerekli oldu\u011fu in\u015faat projelerinde \u00e7ok \u00f6nemlidir.<\/p>\n<h3>Y\u00fckleyiciler<\/h3>\n<p>\u00d6n y\u00fckleyicilerde, bom silindirleri malzemelerin verimli bir \u015fekilde kald\u0131r\u0131lmas\u0131 ve bo\u015falt\u0131lmas\u0131nda \u00f6nemli bir rol oynar. Tasar\u0131mlar\u0131, y\u00fcksek kald\u0131rma kapasitesine olanak tan\u0131yarak, g\u00fcvenli\u011fi tehlikeye atmadan malzemelerin do\u011fru bir \u015fekilde ta\u015f\u0131nmas\u0131n\u0131 ve bo\u015falt\u0131lmas\u0131n\u0131 sa\u011flar.<\/p>\n<h2>Tasar\u0131m Hususlar\u0131 ve Se\u00e7im Kriterleri<\/h2>\n<h3>Y\u00fck Kapasitesi<\/h3>\n<p>Bom silindiri se\u00e7erken, y\u00fck ta\u015f\u0131ma kapasitesini anlamak son derece \u00f6nemlidir. Silindir, performanstan \u00f6d\u00fcn vermeden ta\u015f\u0131nan malzemelerin a\u011f\u0131rl\u0131\u011f\u0131n\u0131 kald\u0131rabilmelidir. \u00dcretici spesifikasyonlar\u0131nda maksimum y\u00fck limitleri ayr\u0131nt\u0131l\u0131 olarak belirtilmeli ve se\u00e7ilen silindirin i\u015fletmenizin gereksinimlerini kar\u015f\u0131lamas\u0131 sa\u011flanmal\u0131d\u0131r.<\/p>\n<h3>S\u0131zd\u0131rmazl\u0131k B\u00fct\u00fcnl\u00fc\u011f\u00fc<\/h3>\n<p>Hidrolik silindirlerin performans\u0131 i\u00e7in s\u0131zd\u0131rmazl\u0131k kritik \u00f6neme sahiptir. Y\u00fcksek kaliteli contalar, hidrolik s\u0131v\u0131n\u0131n s\u0131zmas\u0131n\u0131 \u00f6nleyerek bas\u0131nc\u0131 korur ve verimli \u00e7al\u0131\u015fmay\u0131 sa\u011flar. D\u00fczenli kontroller ve geli\u015fmi\u015f s\u0131zd\u0131rmazl\u0131k malzemelerinin kullan\u0131m\u0131, silindirin uzun \u00f6m\u00fcrl\u00fcl\u00fc\u011f\u00fcne ve g\u00fcvenilirli\u011fine katk\u0131da bulunur.<\/p>\n<h3>Dayan\u0131kl\u0131l\u0131k<\/h3>\n<p>Bom silindirinin yap\u0131m\u0131nda kullan\u0131lan malzeme ve teknikler, dayan\u0131kl\u0131l\u0131\u011f\u0131n\u0131 \u00f6nemli \u00f6l\u00e7\u00fcde etkiler. Y\u00fcksek mukavemetli malzemelerden \u00fcretilen silindirler, \u00e7evresel streslere dayanabilir ve bu da onlar\u0131 a\u011f\u0131r hizmet uygulamalar\u0131 i\u00e7in uygun hale getirir. \u00d6mr\u00fcn\u00fc uzatmak i\u00e7in silindirin a\u015f\u0131nmaya ve korozyona kar\u015f\u0131 dayan\u0131kl\u0131 olacak \u015fekilde tasarland\u0131\u011f\u0131ndan emin olun.<\/p>\n<h3>G\u00fcvenlik \u00d6zellikleri<\/h3>\n<p>Bom silindiri se\u00e7erken g\u00fcvenlik asla g\u00f6z ard\u0131 edilmemelidir. \u00c7al\u0131\u015fma s\u0131ras\u0131nda hem makineyi hem de operat\u00f6rleri koruyan emniyet valfleri ve bas\u0131n\u00e7 tahliye sistemleri gibi \u00f6zelliklere dikkat edin. Kazalar\u0131 \u00f6nlemek i\u00e7in d\u00fczenli bak\u0131m ve g\u00fcvenlik y\u00f6netmeliklerine uyulmas\u0131 \u015fartt\u0131r.<\/p>\n<h3>Bak\u0131m kolayl\u0131\u011f\u0131<\/h3>\n<p>Son olarak, bom silindiri se\u00e7erken bak\u0131m kolayl\u0131\u011f\u0131n\u0131 g\u00f6z \u00f6n\u00fcnde bulundurun. \u0130yi tasarlanm\u0131\u015f bir silindir, contalara ve i\u00e7 bile\u015fenlere kolay eri\u015fim sa\u011flayarak rutin kontrolleri ve onar\u0131mlar\u0131 kolayla\u015ft\u0131r\u0131r. Zaman i\u00e7inde optimum performans sa\u011flamak i\u00e7in ayr\u0131nt\u0131l\u0131 bak\u0131m k\u0131lavuzlar\u0131yla birlikte gelen silindirleri tercih edin.<\/p>\n<p><img decoding=\"async\" src=\"https:\/\/www.hydraulic-cylinders.net\/wp-content\/uploads\/2025\/04\/songte-oil-pipes-and-spare-parts.webp\" alt=\"Bak\u0131m Bile\u015fenleri Resmi\"><\/p>\n<h2>Bom Silindirinin S\u0131zd\u0131rmazl\u0131k Elemanlar\u0131 ve Ya\u011flanmas\u0131<\/h2>\n<p>Bom silindirlerinin etkili \u00e7al\u0131\u015fmas\u0131 i\u00e7in uygun s\u0131zd\u0131rmazl\u0131k ve ya\u011flama \u015fartt\u0131r. Hidrolik s\u0131v\u0131 s\u0131z\u0131nt\u0131s\u0131n\u0131 \u00f6nlemek i\u00e7in piston contalar\u0131 ve mil contalar\u0131 dahil olmak \u00fczere \u00e7e\u015fitli contalar kullan\u0131l\u0131r. Poli\u00fcretan ve nitril kau\u00e7uk gibi dayan\u0131kl\u0131 malzemelerden yap\u0131lan contalar a\u015f\u0131nma direncini art\u0131rarak uzun \u00f6m\u00fcrl\u00fcl\u00fc\u011f\u00fc sa\u011flar. Silindir g\u00f6vdesi ve di\u015fli u\u00e7lar\u0131, a\u015f\u0131nma \u00f6zelliklerini iyile\u015ftirmek i\u00e7in hassas bir \u015fekilde i\u015flenir. Hidrolik ya\u011f\u0131n d\u00fczenli olarak eklenmesi, s\u00fcrt\u00fcnmeyi ve a\u015f\u0131nmay\u0131 azaltarak silindirin \u00f6mr\u00fcn\u00fc uzatt\u0131\u011f\u0131 i\u00e7in ya\u011flama a\u00e7\u0131s\u0131ndan kritik \u00f6neme sahiptir.<\/p>\n<h2>D\u00fczenli Muayene ve \u00d6nleyici Bak\u0131m<\/h2>\n<ul>\n<li><strong>D\u00fczenli Denetimler:<\/strong> A\u015f\u0131nma veya hasar belirtileri i\u00e7in s\u0131k s\u0131k g\u00f6rsel kontroller yap\u0131n. S\u0131v\u0131 s\u0131z\u0131nt\u0131lar\u0131n\u0131 kontrol edin ve t\u00fcm bile\u015fenlerin sa\u011flam oldu\u011fundan emin olun. Sorunlar\u0131n erken tespiti, maliyetli onar\u0131mlar\u0131 \u00f6nleyebilir.<\/li>\n<li><strong>Ya\u011flama:<\/strong> \u00dcreticinin talimatlar\u0131na uygun olarak yeterli ya\u011flama sa\u011flay\u0131n. Sorunsuz \u00e7al\u0131\u015fmay\u0131 sa\u011flamak ve silindirin a\u015f\u0131r\u0131 \u0131s\u0131nmas\u0131n\u0131 \u00f6nlemek i\u00e7in d\u00fczenli olarak hidrolik ya\u011f uygulay\u0131n.<\/li>\n<li><strong>Conta De\u011fi\u015fimi:<\/strong> S\u0131zd\u0131rmazl\u0131k elemanlar\u0131n\u0131n durumunu izleyin ve a\u015f\u0131nma belirtileri g\u00f6r\u00fcld\u00fc\u011f\u00fcnde de\u011fi\u015ftirin. Do\u011fru s\u0131zd\u0131rmazl\u0131k, hidrolik bas\u0131nc\u0131n ve performans\u0131n korunmas\u0131 i\u00e7in \u00e7ok \u00f6nemlidir.<\/li>\n<\/ul>\n<h2>Bom Silindiri i\u00e7in Kurulum Talimatlar\u0131<\/h2>\n<p>Bom silindirinin do\u011fru montaj\u0131, optimum performans i\u00e7in \u00e7ok \u00f6nemlidir. \u00d6ncelikle montaj braketlerinin do\u011fru hizaland\u0131\u011f\u0131ndan emin olun. Silindiri sabitlemek ve \u00e7al\u0131\u015fma s\u0131ras\u0131nda herhangi bir hareketi \u00f6nlemek i\u00e7in uygun montaj destekleri kullan\u0131n. Bile\u015fenlere zarar vermemek i\u00e7in c\u0131vatalar\u0131 s\u0131karken \u00fcreticinin tork \u00f6zelliklerine uyun. Hidrolik hatlar\u0131n do\u011fru \u015fekilde ba\u011fland\u0131\u011f\u0131ndan ve herhangi bir b\u00fck\u00fclme veya s\u0131k\u0131\u015fma olmad\u0131\u011f\u0131ndan emin olun. Montajdan sonra, sorunsuz \u00e7al\u0131\u015fmay\u0131 do\u011frulamak ve herhangi bir s\u0131z\u0131nt\u0131 olup olmad\u0131\u011f\u0131n\u0131 kontrol etmek i\u00e7in bir test \u00e7al\u0131\u015fmas\u0131 ger\u00e7ekle\u015ftirin.<\/p>\n<h2>Yayg\u0131n Bak\u0131m G\u00f6revleri<\/h2>\n<ul>\n<li><strong>D\u00fczenli Denetimler:<\/strong> S\u0131k yap\u0131lan kontroller, potansiyel sorunlar\u0131n b\u00fcy\u00fcmeden \u00f6nce belirlenmesine yard\u0131mc\u0131 olur. A\u015f\u0131nma belirtilerine, s\u0131v\u0131 s\u0131z\u0131nt\u0131lar\u0131na ve \u00e7al\u0131\u015fma s\u0131ras\u0131nda ola\u011fand\u0131\u015f\u0131 seslere dikkat edin.<\/li>\n<li><strong>Uygun Ya\u011flama:<\/strong> Hidrolik ya\u011f seviyesinin do\u011fru d\u00fczeyde tutulmas\u0131 \u00e7ok \u00f6nemlidir. Ya\u011f\u0131n temiz ve kirlilikten ar\u0131nd\u0131r\u0131lm\u0131\u015f oldu\u011fundan emin olun ve verimli \u00e7al\u0131\u015fma sa\u011flamak i\u00e7in gerekti\u011finde de\u011fi\u015ftirin.<\/li>\n<li><strong>Conta De\u011fi\u015fimi ve Kalibrasyon Kontrolleri:<\/strong> S\u0131z\u0131nt\u0131lar\u0131 \u00f6nlemek i\u00e7in a\u015f\u0131nma belirtileri g\u00f6steren contalar\u0131 d\u00fczenli olarak de\u011fi\u015ftirin. Ayr\u0131ca, silindirin belirtilen parametreler dahilinde \u00e7al\u0131\u015ft\u0131\u011f\u0131ndan emin olmak i\u00e7in kalibrasyon kontrolleri yap\u0131n; bu da g\u00fcvenli\u011fi ve verimlili\u011fi art\u0131r\u0131r.<\/li>\n<\/ul>\n<h2>G\u00fcvenlik Hususlar\u0131 ve \u00c7evresel Fakt\u00f6rler<\/h2>\n<p>Bom silindirleri kullan\u0131l\u0131rken g\u00fcvenlik \u00f6nlemleri son derece \u00f6nemlidir. Kazalar\u0131 \u00f6nlemek i\u00e7in operat\u00f6rler do\u011fru kullan\u0131m ve \u00e7al\u0131\u015ft\u0131rma konusunda e\u011fitilmelidir. Koruyucu ekipman giymek ve hareketli par\u00e7alardan g\u00fcvenli bir mesafeyi korumak gibi g\u00fcvenlik protokollerinin uygulanmas\u0131 riskleri azaltabilir. Ayr\u0131ca, hidrolik s\u0131v\u0131lar\u0131n kirlenmeyi \u00f6nlemek i\u00e7in uygun \u015fekilde i\u015flenmesi ve bertaraf edilmesi sa\u011flanarak \u00e7evresel hususlar da ele al\u0131nmal\u0131d\u0131r.<\/p>\n<h2>Yayg\u0131n Sorunlar\u0131n Giderilmesi<\/h2>\n<ul>\n<li><strong>S\u0131zd\u0131ran Contalar:<\/strong> Hidrolik s\u0131v\u0131s\u0131 s\u0131z\u0131yorsa, contalar\u0131 hasar veya a\u015f\u0131nma a\u00e7\u0131s\u0131ndan kontrol edin. Daha fazla s\u0131v\u0131 kayb\u0131n\u0131 \u00f6nlemek ve sistem bas\u0131nc\u0131n\u0131 korumak i\u00e7in contalar\u0131 derhal de\u011fi\u015ftirin.<\/li>\n<li><strong>Yava\u015f \u00c7al\u0131\u015fma:<\/strong> Silindir yava\u015f hareket ediyorsa, hidrolik ya\u011f seviyesinin d\u00fc\u015f\u00fck olup olmad\u0131\u011f\u0131n\u0131 veya hidrolik hatlarda t\u0131kan\u0131kl\u0131k olup olmad\u0131\u011f\u0131n\u0131 kontrol edin. Sistemin yeterince ya\u011fland\u0131\u011f\u0131ndan ve kal\u0131nt\u0131lardan ar\u0131nd\u0131r\u0131lm\u0131\u015f oldu\u011fundan emin olun.<\/li>\n<li><strong>Al\u0131\u015f\u0131lmad\u0131k Sesler:<\/strong> \u00c7al\u0131\u015fma s\u0131ras\u0131nda duyulan sesler, i\u00e7 a\u015f\u0131nmay\u0131 veya yetersiz ya\u011flamay\u0131 g\u00f6sterebilir. Kapsaml\u0131 bir inceleme yap\u0131n ve mekanik sorunlar\u0131 derhal giderin.<\/li>\n<\/ul>\n<h2>Sorun Giderme \u0130pu\u00e7lar\u0131<\/h2>\n<p>Bom silindirinizdeki sorunlar\u0131 etkili bir \u015fekilde gidermek i\u00e7in rutin kontrollerle ba\u015flay\u0131n. D\u00fczenli incelemeler, sorunlar\u0131 erken tespit etmeye ve \u00e7\u00f6zmeye yard\u0131mc\u0131 olarak ar\u0131za s\u00fcresini azaltabilir. Potansiyel komplikasyonlar\u0131 en aza indirmek i\u00e7in do\u011fru s\u0131v\u0131 seviyelerini korumak ve a\u015f\u0131nm\u0131\u015f contalar\u0131 de\u011fi\u015ftirmek gibi \u00f6nleyici tedbirler uygulay\u0131n. D\u00fczenli bir bak\u0131m kayd\u0131 tutmak, silindirin performans\u0131n\u0131 izlemeye ve servis zamanlar\u0131n\u0131 tahmin etmeye de yard\u0131mc\u0131 olabilir.<\/p>\n<p><img decoding=\"async\" src=\"https:\/\/www.hydraulic-cylinders.net\/wp-content\/uploads\/2025\/04\/songte-bushings-with-all-kinds-of-excavator-models.webp\" alt=\"Ekskavat\u00f6rler i\u00e7in bur\u00e7lar (Resim)\"><\/p>\n<h2>\u015eirketimiz Hakk\u0131nda<\/h2>\n<p>\u00d6nde gelen yedek hidrolik silindir \u00fcreticisi olarak, hem yerel hem de uluslararas\u0131 pazarlara hitap eden geni\u015f bir \u00fcr\u00fcn yelpazesi sunuyoruz. M\u00fckemmelli\u011fe olan ba\u011fl\u0131l\u0131\u011f\u0131m\u0131z, geli\u015fmi\u015f dijital ekipman ve kalite kontrol sistemleriyle desteklenen titiz \u00fcretim stratejilerimizde a\u00e7\u0131k\u00e7a g\u00f6r\u00fclmektedir. Teknik uzmanlardan olu\u015fan ekibimiz, y\u00fcksek verimlilik, hassasiyet ve kaliteyi sa\u011flamak i\u00e7in \u00fcretim yeteneklerimizi s\u00fcrekli olarak geli\u015ftiriyor. \u00d6zelle\u015ftirilmi\u015f hizmetler, uluslararas\u0131 sertifikalar ve ola\u011fan\u00fcst\u00fc sat\u0131\u015f sonras\u0131 destek sunarak, hidrolik silindir \u00e7\u00f6z\u00fcmleri i\u00e7in tercih edilen bir se\u00e7enek haline geliyoruz.<\/p>\n<p><img decoding=\"async\" src=\"https:\/\/www.hydraulic-cylinders.net\/wp-content\/uploads\/2025\/04\/songte-company-4.webp\" alt=\"\u015eirket G\u00f6rseli 1\"><br \/>\n<img decoding=\"async\" src=\"https:\/\/www.hydraulic-cylinders.net\/wp-content\/uploads\/2025\/04\/songte-company-3.webp\" alt=\"\u015eirket G\u00f6rseli 2\"><\/p>\n<p>Yazar: lyl<\/p>","protected":false},"excerpt":{"rendered":"<p>Boom Cylinder For Carter CT260-8C Introduction to Boom Cylinder The Boom Cylinder is a vital component in hydraulic systems, particularly in heavy machinery like excavators, backhoe loaders, and front loaders. It is designed to control the movement of the bucket, enabling it to lift, lower, and tilt effectively. This functionality enhances material handling tasks and [&hellip;]<\/p>","protected":false},"featured_media":17871,"comment_status":"open","ping_status":"closed","template":"","meta":{"_et_pb_use_builder":"","_et_pb_old_content":"","_et_gb_content_width":""},"product_brand":[],"product_cat":[1546],"product_tag":[1547,1496],"class_list":{"0":"post-19518","1":"product","2":"type-product","3":"status-publish","4":"has-post-thumbnail","6":"product_cat-boom-cylinders","7":"product_tag-boom-cylinders","8":"product_tag-hydraulic-cylinders","10":"first","11":"instock","12":"shipping-taxable","13":"product-type-simple"},"amp_enabled":true,"_links":{"self":[{"href":"https:\/\/www.hydraulic-cylinders.net\/tr\/wp-json\/wp\/v2\/product\/19518","targetHints":{"allow":["GET"]}}],"collection":[{"href":"https:\/\/www.hydraulic-cylinders.net\/tr\/wp-json\/wp\/v2\/product"}],"about":[{"href":"https:\/\/www.hydraulic-cylinders.net\/tr\/wp-json\/wp\/v2\/types\/product"}],"replies":[{"embeddable":true,"href":"https:\/\/www.hydraulic-cylinders.net\/tr\/wp-json\/wp\/v2\/comments?post=19518"}],"wp:featuredmedia":[{"embeddable":true,"href":"https:\/\/www.hydraulic-cylinders.net\/tr\/wp-json\/wp\/v2\/media\/17871"}],"wp:attachment":[{"href":"https:\/\/www.hydraulic-cylinders.net\/tr\/wp-json\/wp\/v2\/media?parent=19518"}],"wp:term":[{"taxonomy":"product_brand","embeddable":true,"href":"https:\/\/www.hydraulic-cylinders.net\/tr\/wp-json\/wp\/v2\/product_brand?post=19518"},{"taxonomy":"product_cat","embeddable":true,"href":"https:\/\/www.hydraulic-cylinders.net\/tr\/wp-json\/wp\/v2\/product_cat?post=19518"},{"taxonomy":"product_tag","embeddable":true,"href":"https:\/\/www.hydraulic-cylinders.net\/tr\/wp-json\/wp\/v2\/product_tag?post=19518"}],"curies":[{"name":"wp","href":"https:\/\/api.w.org\/{rel}","templated":true}]}}