{"id":19519,"date":"2025-04-07T06:51:59","date_gmt":"2025-04-07T06:51:59","guid":{"rendered":"https:\/\/www.hydraulic-cylinders.net\/product\/boom-cylinder-for-carter-ct45-7b\/"},"modified":"2025-04-07T06:52:01","modified_gmt":"2025-04-07T06:52:01","slug":"boom-cylinder-for-carter-ct45-7b","status":"publish","type":"product","link":"https:\/\/www.hydraulic-cylinders.net\/tr\/urun\/boom-cylinder-for-carter-ct45-7b\/","title":{"rendered":"Carter CT45-7B i\u00e7in Bom Silindiri"},"content":{"rendered":"<h1>Carter CT45-7B i\u00e7in Bom Silindiri<\/h1>\n<h2>Bom Silindirlerine Giri\u015f<\/h2>\n<p>Bom silindiri, ekskavat\u00f6rler, kaz\u0131c\u0131 y\u00fckleyiciler ve \u00f6n y\u00fckleyiciler gibi a\u011f\u0131r makinelerde kep\u00e7elerin hareketini kontrol etmek i\u00e7in tasarlanm\u0131\u015f \u00f6zel bir hidrolik silindirdir. Bu hayati bile\u015fen, kep\u00e7enin kald\u0131r\u0131lmas\u0131n\u0131, indirilmesini ve e\u011filmesini sa\u011flar; bu da verimli malzeme ta\u015f\u0131ma g\u00f6revleri i\u00e7in gereklidir. Hidrolik bas\u0131nc\u0131 kullanarak, bom silindiri d\u00fczg\u00fcn ve hassas hareketler i\u00e7in gerekli kuvveti sa\u011flar ve operat\u00f6rlerin \u00e7e\u015fitli i\u015flemleri kolayl\u0131kla ger\u00e7ekle\u015ftirmesine olanak tan\u0131r. Tasar\u0131m\u0131 ve i\u015flevselli\u011fi, hidrolik sistemlerin genel performans\u0131nda \u00e7ok \u00f6nemli bir rol oynar.<\/p>\n<p><img decoding=\"async\" src=\"https:\/\/www.hydraulic-cylinders.net\/wp-content\/uploads\/2025\/04\/songte-company-1.webp\" alt=\"Bom Silindiri\" \/><\/p>\n<h2>Bom Silindirinin \u00d6zellikleri<\/h2>\n<ul>\n<li><strong>Y\u00fcksek Dayan\u0131kl\u0131l\u0131k ve Dayan\u0131kl\u0131l\u0131k:<\/strong> Y\u00fcksek mukavemetli \u00e7elik veya al\u00fcminyumdan \u00fcretilen bom silindiri, y\u00fcksek bas\u0131nca ve a\u011f\u0131r y\u00fcklere dayanacak \u015fekilde tasarlanm\u0131\u015ft\u0131r ve bu da onu zorlu \u00e7al\u0131\u015fma ortamlar\u0131 i\u00e7in uygun hale getirir. Tasar\u0131mda a\u015f\u0131nma direnci ve korozyon korumas\u0131 dikkate al\u0131narak silindirin kullan\u0131m \u00f6mr\u00fc uzat\u0131lm\u0131\u015ft\u0131r.<\/li>\n<li><strong>Verimli Hidrolik \u00c7al\u0131\u015fma:<\/strong> Hidrolik s\u0131v\u0131 bas\u0131nc\u0131n\u0131 kullanan bom silindiri, d\u00fczg\u00fcn ve hassas do\u011frusal hareket sa\u011flayarak, a\u011f\u0131r nesnelerle ve karma\u015f\u0131k i\u015flerle ba\u015fa \u00e7\u0131kmak i\u00e7in ideal olan \u00f6nemli bir itme ve \u00e7ekme kuvveti sunar.<\/li>\n<li><strong>\u00c7e\u015fitli T\u00fcrler:<\/strong> Bom silindirleri, \u00e7e\u015fitli operasyonel ihtiya\u00e7lar\u0131 kar\u015f\u0131lamak \u00fczere hem tek y\u00f6nl\u00fc (tek y\u00f6nde \u00e7al\u0131\u015fan) hem de \u00e7ift y\u00f6nl\u00fc (iki y\u00f6nde \u00e7al\u0131\u015fan) versiyonlarda mevcuttur. Baz\u0131 modeller teleskopiktir ve d\u0131\u015f boyutlar\u0131 art\u0131rmadan daha fazla uzatmaya olanak tan\u0131r; bu da s\u0131n\u0131rl\u0131 alana sahip uygulamalar i\u00e7in idealdir.<\/li>\n<li><strong>\u00d6zel \u00dcretim:<\/strong> Bu \u00fcr\u00fcn\u00fc hassasiyetle \u00fcretme olana\u011f\u0131 sunuyoruz ve hidrolik silindirlerimizin mevcut modellerin yerini m\u00fckemmel bir \u015fekilde alarak m\u00fc\u015fterilerimizin \u00f6zel ihtiya\u00e7lar\u0131n\u0131 kar\u015f\u0131lamas\u0131n\u0131 sa\u011fl\u0131yoruz.<\/li>\n<li><strong>Kapsaml\u0131 Destek:<\/strong> \u00dcr\u00fcnlerimiz, optimum performans ve uzun \u00f6m\u00fcrl\u00fcl\u00fck sa\u011flamak i\u00e7in g\u00fc\u00e7l\u00fc m\u00fc\u015fteri deste\u011fiyle birlikte sunulmaktad\u0131r.<\/li>\n<\/ul>\n<p><img decoding=\"async\" src=\"https:\/\/www.hydraulic-cylinders.net\/wp-content\/uploads\/2025\/04\/songte-cylinder-head-with-all-kinds-excavator-models.webp\" alt=\"Hidrolik Silindir Kapa\u011f\u0131\" \/><\/p>\n<h2>Bom Silindirinin Uygulamalar\u0131<\/h2>\n<h3>\u0130n\u015faat Ekipmanlar\u0131<\/h3>\n<p>Kaz\u0131c\u0131 makineler gibi in\u015faat makinelerinde, bom silindirleri kazma, y\u00fckleme ve toprak veya moloz ta\u015f\u0131ma i\u015flemlerinde kritik \u00f6neme sahiptir. Olu\u015fturulan hidrolik bas\u0131n\u00e7, kep\u00e7enin hareketinin hassas bir \u015fekilde kontrol edilmesini sa\u011flayarak a\u011f\u0131r i\u015flerin verimli bir \u015fekilde yap\u0131lmas\u0131n\u0131 kolayla\u015ft\u0131r\u0131r. Kaz\u0131c\u0131 y\u00fckleyiciler, bom silindirlerini sadece kaz\u0131 i\u00e7in de\u011fil, ayn\u0131 zamanda malzemeleri kald\u0131rmak ve yeniden konumland\u0131rmak i\u00e7in de kullanarak genel operasyonel verimlili\u011fi art\u0131r\u0131r.<\/p>\n<h3>Tar\u0131m Makinalar\u0131<\/h3>\n<p>Tar\u0131m alanlar\u0131nda, bom silindirleriyle donat\u0131lm\u0131\u015f \u00f6n y\u00fckleyiciler toprak, saman ve di\u011fer malzemelerin kep\u00e7elenmesi, kald\u0131r\u0131lmas\u0131 ve ta\u015f\u0131nmas\u0131 i\u00e7in kullan\u0131l\u0131r. Bu silindirlerin verimli bir \u015fekilde \u00e7al\u0131\u015fabilme yetene\u011fi, tah\u0131l y\u00fckleme veya yem ta\u015f\u0131ma gibi i\u015flerin h\u0131zl\u0131 bir \u015fekilde yap\u0131lmas\u0131n\u0131 sa\u011flayarak \u00e7iftlik verimlili\u011fini ve etkinli\u011fini art\u0131r\u0131r.<\/p>\n<h3>Ekskavat\u00f6rler<\/h3>\n<p>Kaz\u0131c\u0131 makineler, kazma i\u015flemlerini ger\u00e7ekle\u015ftirmek i\u00e7in b\u00fcy\u00fck \u00f6l\u00e7\u00fcde bom silindirlerine ba\u011f\u0131ml\u0131d\u0131r. Hidrolik sistem, kep\u00e7enin zemine verimli bir \u015fekilde n\u00fcfuz etmesini sa\u011flayarak toprak ve di\u011fer malzemelerin h\u0131zl\u0131 bir \u015fekilde kaz\u0131lmas\u0131na olanak tan\u0131r. Bu silindirlerin sa\u011flad\u0131\u011f\u0131 hassasiyet ve g\u00fc\u00e7, projelerin zaman\u0131nda tamamlanmas\u0131 ve b\u00f6ylece \u015fantiye verimlili\u011finin art\u0131r\u0131lmas\u0131 i\u00e7in \u00e7ok \u00f6nemlidir.<\/p>\n<h3>Y\u00fckleyiciler<\/h3>\n<p>\u00d6n y\u00fckleyicilerde, bom silindirleri y\u00fcklerin kald\u0131r\u0131lmas\u0131n\u0131 ve bo\u015falt\u0131lmas\u0131n\u0131 kolayla\u015ft\u0131r\u0131r. Bu i\u015flev, in\u015faat ve malzeme ta\u015f\u0131ma i\u015flerinde \u00e7ok \u00f6nemlidir ve malzemelerin verimli ve g\u00fcvenli bir \u015fekilde ta\u015f\u0131nmas\u0131n\u0131 sa\u011flar. Y\u00fckleyicilerdeki bom silindirlerinin etkinli\u011fi, in\u015faat ve at\u0131k y\u00f6netimi de dahil olmak \u00fczere \u00e7e\u015fitli sekt\u00f6rlerdeki operasyonlar i\u00e7in hayati \u00f6neme sahiptir.<\/p>\n<h2>Tasar\u0131m Hususlar\u0131 ve Se\u00e7im Kriterleri<\/h2>\n<ul>\n<li><strong>Y\u00fck Kapasitesi:<\/strong> Bom silindirinin y\u00fck ta\u015f\u0131ma kapasitesi, tasar\u0131m\u0131nda kritik bir fakt\u00f6rd\u00fcr. \u00c7al\u0131\u015fma s\u0131ras\u0131nda beklenen maksimum a\u011f\u0131rl\u0131\u011f\u0131 ar\u0131za riski olmadan ta\u015f\u0131yabilmelidir. Bu, malzeme ve yap\u0131m tekniklerinin belirli uygulamalar\u0131n gereksinimlerini kar\u015f\u0131lamas\u0131n\u0131 sa\u011flamak i\u00e7in dikkatli m\u00fchendislik gerektirir.<\/li>\n<li><strong>S\u0131zd\u0131rmazl\u0131k:<\/strong> Hidrolik bas\u0131nc\u0131n korunmas\u0131 ve s\u0131z\u0131nt\u0131lar\u0131n \u00f6nlenmesi i\u00e7in do\u011fru s\u0131zd\u0131rmazl\u0131k \u015fartt\u0131r. Tasar\u0131mda, poli\u00fcretan veya nitril kau\u00e7uk gibi dayan\u0131kl\u0131 malzemelerden yap\u0131lm\u0131\u015f piston contalar\u0131 ve mil contalar\u0131 gibi y\u00fcksek kaliteli contalar kullan\u0131lmal\u0131d\u0131r. Bu contalar kirlenmeye kar\u015f\u0131 koruma sa\u011flar ve hidrolik sistemin \u00f6mr\u00fcn\u00fc uzat\u0131r.<\/li>\n<li><strong>Dayan\u0131kl\u0131l\u0131k:<\/strong> Bom silindirinin \u00f6mr\u00fc, kullan\u0131lan malzemelerden ve \u00fcretim kalitesinden etkilenir. Zorlu durumlarda g\u00fcvenilir performans sa\u011flamak i\u00e7in a\u015f\u0131nmaya ve y\u0131pranmaya, ayr\u0131ca \u00e7evresel fakt\u00f6rlere dayanabilecek bile\u015fenlerin se\u00e7ilmesi \u00e7ok \u00f6nemlidir.<\/li>\n<li><strong>Emniyet:<\/strong> Felaketle sonu\u00e7lanabilecek ar\u0131zalar\u0131 \u00f6nlemek i\u00e7in tasar\u0131mda g\u00fcvenlik \u00f6zellikleri entegre edilmelidir. Bu, silindirin beklenmedik y\u00fckleri kald\u0131rabilmesini ve \u00e7al\u0131\u015fma s\u0131ras\u0131nda operat\u00f6rleri koruyacak g\u00fcvenlik mekanizmalar\u0131n\u0131n mevcut olmas\u0131n\u0131 sa\u011flamay\u0131 i\u00e7erir.<\/li>\n<li><strong>Bak\u0131m Eri\u015filebilirli\u011fi:<\/strong> Tasar\u0131m, kolay bak\u0131m ve incelemeye olanak sa\u011flamal\u0131d\u0131r. \u00c7\u0131kar\u0131labilir u\u00e7 kapaklar\u0131 veya eri\u015fim noktalar\u0131 gibi \u00f6zellikler, rutin kontrolleri ve onar\u0131mlar\u0131 kolayla\u015ft\u0131rarak silindirin en iyi \u00e7al\u0131\u015fma ko\u015fullar\u0131nda kalmas\u0131n\u0131 sa\u011flar.<\/li>\n<\/ul>\n<p><img decoding=\"async\" src=\"https:\/\/www.hydraulic-cylinders.net\/wp-content\/uploads\/2025\/04\/songte-oil-pipes-and-spare-parts.webp\" alt=\"Hidrolik Ya\u011f Borular\u0131 ve Yedek Par\u00e7alar\u0131\" \/><\/p>\n<h2>Bom Silindirlerinin S\u0131zd\u0131rmazl\u0131\u011f\u0131 ve Ya\u011flanmas\u0131<\/h2>\n<p>Bom silindirlerinin performans\u0131 ve uzun \u00f6mr\u00fc i\u00e7in etkili s\u0131zd\u0131rmazl\u0131k ve ya\u011flama hayati \u00f6nem ta\u015f\u0131r. Piston contalar\u0131 ve mil contalar\u0131 da dahil olmak \u00fczere \u00e7e\u015fitli s\u0131zd\u0131rmazl\u0131k bile\u015fenleri, hidrolik bas\u0131nc\u0131n korunmas\u0131nda kritik bir rol oynar. Contalar genellikle poli\u00fcretan ve nitril kau\u00e7uk gibi a\u015f\u0131nmaya dayan\u0131kl\u0131 malzemelerden yap\u0131l\u0131r ve bu da m\u00fckemmel dayan\u0131kl\u0131l\u0131k ve d\u0131\u015f etkenlere kar\u015f\u0131 koruma sa\u011flar. Ek olarak, silindir g\u00f6vdesi ve di\u015fli u\u00e7lar, a\u015f\u0131nma direncini art\u0131rmak ve s\u0131k\u0131 bir s\u0131zd\u0131rmazl\u0131k sa\u011flamak i\u00e7in ince bir i\u015flemden ge\u00e7irilir.<\/p>\n<p>Hidrolik sistem i\u00e7indeki s\u00fcrt\u00fcnmeyi ve a\u015f\u0131nmay\u0131 en aza indirmek i\u00e7in d\u00fczenli ya\u011flama gereklidir. Optimum performans\u0131 korumak i\u00e7in silindirin periyodik olarak uygun hidrolik ya\u011f ile doldurulmas\u0131 \u015fartt\u0131r. Ya\u011flaman\u0131n ihmal edilmesi, erken a\u015f\u0131nmaya ve ar\u0131zaya yol a\u00e7arak maliyetli onar\u0131mlara ve ar\u0131za s\u00fcrelerine neden olabilir.<\/p>\n<h2>D\u00fczenli Muayene ve \u00d6nleyici Bak\u0131m<\/h2>\n<ul>\n<li><strong>D\u00fczenli Denetimler:<\/strong> A\u015f\u0131nma, s\u0131z\u0131nt\u0131 veya hasar belirtilerini kontrol etmek i\u00e7in d\u00fczenli denetimler yap\u0131lmal\u0131d\u0131r. Sorunlar\u0131n erken tespiti, zaman\u0131nda onar\u0131m yap\u0131lmas\u0131n\u0131 ve \u00e7al\u0131\u015fma s\u0131ras\u0131nda g\u00fcvenli\u011fin sa\u011flanmas\u0131n\u0131 m\u00fcmk\u00fcn k\u0131lar.<\/li>\n<li><strong>Uygun Ya\u011flama:<\/strong> Ya\u011flama, \u00fcreticinin tavsiyelerine g\u00f6re yap\u0131lmal\u0131d\u0131r. Hidrolik ya\u011f\u0131n temiz ve uygun seviyede olmas\u0131, \u00e7al\u0131\u015fma sorunlar\u0131n\u0131 \u00f6nleyecek ve silindirin \u00f6mr\u00fcn\u00fc uzatacakt\u0131r.<\/li>\n<li><strong>Conta De\u011fi\u015fimi:<\/strong> A\u015f\u0131nma belirtileri g\u00f6r\u00fcld\u00fc\u011f\u00fcnde contalar de\u011fi\u015ftirilmelidir. D\u00fczg\u00fcn \u00e7al\u0131\u015fan contalar, hidrolik sistemin verimlili\u011fi, ya\u011f s\u0131z\u0131nt\u0131lar\u0131n\u0131n \u00f6nlenmesi ve bas\u0131nc\u0131n korunmas\u0131 a\u00e7\u0131s\u0131ndan kritik \u00f6neme sahiptir.<\/li>\n<\/ul>\n<h2>Bom Silindirleri \u0130\u00e7in Montaj K\u0131lavuzu<\/h2>\n<p>Bom silindirlerinin do\u011fru montaj\u0131, optimum performans i\u00e7in \u00e7ok \u00f6nemlidir. Montaj s\u0131ras\u0131nda silindirin do\u011fru \u015fekilde hizaland\u0131\u011f\u0131ndan emin olun; yanl\u0131\u015f hizalama, erken a\u015f\u0131nmaya ve ar\u0131zaya yol a\u00e7abilir. Silindiri yerinde sabitlemek ve hasara neden olabilecek hareket veya titre\u015fimleri \u00f6nlemek i\u00e7in uygun montaj braketlerinin kullan\u0131lmas\u0131 \u00f6nerilir.<\/p>\n<p>Montaj s\u0131ras\u0131nda, silindirin b\u00fct\u00fcnl\u00fc\u011f\u00fcn\u00fc tehlikeye atabilecek a\u015f\u0131r\u0131 s\u0131kmay\u0131 \u00f6nlemek i\u00e7in tork \u00f6zelliklerine dikkat edin. T\u00fcm hidrolik ba\u011flant\u0131lar\u0131n sa\u011flam ve s\u0131z\u0131nt\u0131s\u0131z oldu\u011fundan emin olun ve \u00e7al\u0131\u015ft\u0131rmadan \u00f6nce hidrolik s\u0131v\u0131s\u0131n\u0131n do\u011fru seviyede oldu\u011funu kontrol edin. \u00dcreticinin montaj y\u00f6nergelerini takip etmek, bom silindirinin \u00f6mr\u00fcn\u00fc ve verimlili\u011fini en \u00fcst d\u00fczeye \u00e7\u0131karmaya yard\u0131mc\u0131 olacakt\u0131r.<\/p>\n<h2>Bom Silindirleri \u0130\u00e7in Bak\u0131m G\u00f6revleri<\/h2>\n<ul>\n<li><strong>D\u00fczenli \u0130zleme:<\/strong> Hidrolik sistem ve silindirde a\u015f\u0131nma, s\u0131z\u0131nt\u0131 veya hasar belirtileri olup olmad\u0131\u011f\u0131n\u0131 d\u00fczenli olarak kontrol edin. Daha fazla komplikasyonu \u00f6nlemek i\u00e7in sorunlar\u0131 derhal tespit edin ve giderin.<\/li>\n<li><strong>Uygun Ya\u011flama:<\/strong> Uygun ya\u011flama aral\u0131klar\u0131n\u0131 koruyun ve y\u00fcksek kaliteli hidrolik ya\u011f kullan\u0131ld\u0131\u011f\u0131ndan emin olun. D\u00fczenli ya\u011flama, s\u00fcrt\u00fcnmeyi ve a\u015f\u0131nmay\u0131 azaltarak hidrolik bile\u015fenlerin performans\u0131n\u0131 art\u0131r\u0131r.<\/li>\n<li><strong>Conta De\u011fi\u015fimi:<\/strong> S\u0131z\u0131nt\u0131lar\u0131 \u00f6nlemek ve hidrolik bas\u0131nc\u0131 korumak i\u00e7in contalar\u0131 a\u015f\u0131nma belirtileri a\u00e7\u0131s\u0131ndan izleyin ve gerekti\u011finde de\u011fi\u015ftirin. Bu, silindirin verimlili\u011fini korumak i\u00e7in \u00e7ok \u00f6nemlidir.<\/li>\n<\/ul>\n<h2>G\u00fcvenlik Hususlar\u0131 ve \u00c7evresel Fakt\u00f6rler<\/h2>\n<p>Hidrolik sistemlerle \u00e7al\u0131\u015f\u0131rken g\u00fcvenlik \u00f6nlemleri son derece \u00f6nemlidir. Operat\u00f6rler, ani bas\u0131n\u00e7 bo\u015falmas\u0131 veya s\u0131z\u0131nt\u0131 olas\u0131l\u0131\u011f\u0131 da dahil olmak \u00fczere hidrolik makinelerle ili\u015fkili riskleri anlamak i\u00e7in e\u011fitilmelidir. Ki\u015fisel koruyucu ekipman (KKD) kullan\u0131m\u0131 ve yeterli e\u011fitim sa\u011flanmas\u0131 gibi uygun g\u00fcvenlik protokollerinin uygulanmas\u0131, riskleri azaltmaya yard\u0131mc\u0131 olur.<\/p>\n<p>\u00c7evresel hususlar da dikkate al\u0131nmal\u0131d\u0131r. Hidrolik s\u0131v\u0131lar\u0131n do\u011fru \u015fekilde i\u015flenmesi ve bertaraf edilmesi, \u00e7evresel etkiyi en aza indirir ve d\u00fczenlemelere uyulmas\u0131n\u0131 sa\u011flar. D\u00fczenli bak\u0131m ve zaman\u0131nda onar\u0131mlar, \u00e7e\u015fitli \u00e7evre ko\u015fullar\u0131nda g\u00fcvenli \u00e7al\u0131\u015fma i\u00e7in \u015fartt\u0131r.<\/p>\n<h2>Yayg\u0131n Sorunlar\u0131n Giderilmesi<\/h2>\n<ul>\n<li><strong>Hidrolik S\u0131z\u0131nt\u0131lar:<\/strong> A\u015f\u0131nm\u0131\u015f contalar veya hasarl\u0131 hortumlar s\u0131z\u0131nt\u0131lara neden olabilir. Hasarl\u0131 par\u00e7alar\u0131 derhal inceleyin ve de\u011fi\u015ftirin.<\/li>\n<li><strong>G\u00fc\u00e7 Kayb\u0131:<\/strong> Silindir yeterli kuvvetle \u00e7al\u0131\u015fm\u0131yorsa, hidrolik s\u0131v\u0131 seviyesinin d\u00fc\u015f\u00fck olup olmad\u0131\u011f\u0131n\u0131 veya hidrolik hatlarda olas\u0131 t\u0131kan\u0131kl\u0131klar\u0131 kontrol edin.<\/li>\n<li><strong>Tutarl\u0131 Olmayan Hareket:<\/strong> Bu durum hidrolik sistemde hava bulunmas\u0131ndan veya yetersiz ya\u011flamadan kaynaklanabilir. S\u0131k\u0131\u015fm\u0131\u015f havay\u0131 gidermek ve uygun ya\u011flama seviyelerini sa\u011flamak i\u00e7in hidrolik sistemi havaland\u0131r\u0131n.<\/li>\n<\/ul>\n<h2>Etkili Problem \u00c7\u00f6zme \u0130pu\u00e7lar\u0131<\/h2>\n<p>Hidrolik sorunlar\u0131 etkili bir \u015fekilde te\u015fhis etmek ve \u00e7\u00f6zmek i\u00e7in her zaman kapsaml\u0131 bir incelemeyle ba\u015flay\u0131n. Sistemde a\u015f\u0131nma, s\u0131z\u0131nt\u0131 veya t\u0131kan\u0131kl\u0131k gibi g\u00f6r\u00fcn\u00fcr belirtiler aray\u0131n. D\u00fczenli bak\u0131m, sorunlar\u0131n b\u00fcy\u00fcmeden \u00f6nce \u00f6nlenmesinde \u00e7ok \u00f6nemlidir. Bak\u0131m faaliyetlerinin ve g\u00f6zlemlerin kayd\u0131n\u0131 tutmak, kal\u0131plar\u0131 ve tekrarlayan sorunlar\u0131 belirlemeye yard\u0131mc\u0131 olabilir.<\/p>\n<p>Rutin kontroller ve zaman\u0131nda onar\u0131mlar gibi \u00f6nleyici tedbirlerin uygulanmas\u0131, ar\u0131za s\u00fcrelerini en aza indirir ve hidrolik sistemlerin verimli \u00e7al\u0131\u015fmas\u0131n\u0131 sa\u011flar. Sorun giderme ve \u00f6nerilen uygulamalar i\u00e7in her zaman \u00fcreticinin k\u0131lavuzlar\u0131na ba\u015fvurun.<\/p>\n<p><img decoding=\"async\" src=\"https:\/\/www.hydraulic-cylinders.net\/wp-content\/uploads\/2025\/04\/songte-bushings-with-all-kinds-of-excavator-models.webp\" alt=\"Ekskavat\u00f6r Modelleri i\u00e7in Bur\u00e7lar\" \/><\/p>\n<h2>\u015eirketimiz Hakk\u0131nda<\/h2>\n<p>Hidrolik silindir yedek par\u00e7alar\u0131n\u0131n \u00fcretiminde uzmanla\u015fm\u0131\u015f olup, hem yurt i\u00e7i hem de uluslararas\u0131 pazarlarda \u00f6nde gelen bir \u00fcretici ve toptanc\u0131 olarak kendimizi kan\u0131tlad\u0131k. M\u00fckemmelli\u011fe olan ba\u011fl\u0131l\u0131\u011f\u0131m\u0131z, hassas \u00fcretim y\u00f6netim stratejilerimizde ve geli\u015fmi\u015f teknoloji ile y\u00fcksek kaliteli makinelerin kullan\u0131m\u0131nda kendini g\u00f6stermektedir.<\/p>\n<p>Alan\u0131nda uzman profesyonellerden olu\u015fan ekibimiz ve kaliteye odaklanmam\u0131z sayesinde, \u00e7e\u015fitli m\u00fc\u015fteri ihtiya\u00e7lar\u0131n\u0131 kar\u015f\u0131lamak i\u00e7in \u00fcretim platformumuzu s\u00fcrekli olarak geli\u015ftiriyoruz. Uluslararas\u0131 sertifikalar\u0131m\u0131z ve \u00f6zel hizmetlerimiz, sekt\u00f6rdeki itibar\u0131m\u0131z\u0131 daha da g\u00fc\u00e7lendirerek m\u00fc\u015fteri beklentilerini kar\u015f\u0131lamam\u0131z\u0131 ve a\u015fmam\u0131z\u0131 sa\u011fl\u0131yor.<\/p>\n<p>\u00dcretti\u011fimiz her \u00fcr\u00fcnde y\u00fcksek verimlilik, hassasiyet ve kalite sunmaktan b\u00fcy\u00fck gurur duyuyoruz ve m\u00fc\u015fterilerimizin mevcut en iyi hidrolik \u00e7\u00f6z\u00fcmleri almas\u0131n\u0131 sa\u011fl\u0131yoruz.<\/p>\n<p><img decoding=\"async\" src=\"https:\/\/www.hydraulic-cylinders.net\/wp-content\/uploads\/2025\/04\/songte-company-4.webp\" alt=\"\u015eirket Genel Bak\u0131\u015f\u0131\" \/><br \/>\n<img decoding=\"async\" src=\"https:\/\/www.hydraulic-cylinders.net\/wp-content\/uploads\/2025\/04\/songte-company-3.webp\" alt=\"\u015eirket \u00dcretimi\" \/><\/p>\n<p>Yazar: lyl<\/p>","protected":false},"excerpt":{"rendered":"<p>Boom Cylinder For Carter CT45-7B Introduction to Boom Cylinders The Boom Cylinder is a specialized hydraulic cylinder designed for controlling the motion of buckets in heavy machinery such as excavators, backhoe loaders, and front-end loaders. This vital component enables the lifting, lowering, and tilting of the bucket, which is essential for efficient material handling tasks. [&hellip;]<\/p>","protected":false},"featured_media":17872,"comment_status":"open","ping_status":"closed","template":"","meta":{"_et_pb_use_builder":"","_et_pb_old_content":"","_et_gb_content_width":""},"product_brand":[],"product_cat":[1546],"product_tag":[1547,1496],"class_list":{"0":"post-19519","1":"product","2":"type-product","3":"status-publish","4":"has-post-thumbnail","6":"product_cat-boom-cylinders","7":"product_tag-boom-cylinders","8":"product_tag-hydraulic-cylinders","10":"first","11":"instock","12":"shipping-taxable","13":"product-type-simple"},"amp_enabled":true,"_links":{"self":[{"href":"https:\/\/www.hydraulic-cylinders.net\/tr\/wp-json\/wp\/v2\/product\/19519","targetHints":{"allow":["GET"]}}],"collection":[{"href":"https:\/\/www.hydraulic-cylinders.net\/tr\/wp-json\/wp\/v2\/product"}],"about":[{"href":"https:\/\/www.hydraulic-cylinders.net\/tr\/wp-json\/wp\/v2\/types\/product"}],"replies":[{"embeddable":true,"href":"https:\/\/www.hydraulic-cylinders.net\/tr\/wp-json\/wp\/v2\/comments?post=19519"}],"wp:featuredmedia":[{"embeddable":true,"href":"https:\/\/www.hydraulic-cylinders.net\/tr\/wp-json\/wp\/v2\/media\/17872"}],"wp:attachment":[{"href":"https:\/\/www.hydraulic-cylinders.net\/tr\/wp-json\/wp\/v2\/media?parent=19519"}],"wp:term":[{"taxonomy":"product_brand","embeddable":true,"href":"https:\/\/www.hydraulic-cylinders.net\/tr\/wp-json\/wp\/v2\/product_brand?post=19519"},{"taxonomy":"product_cat","embeddable":true,"href":"https:\/\/www.hydraulic-cylinders.net\/tr\/wp-json\/wp\/v2\/product_cat?post=19519"},{"taxonomy":"product_tag","embeddable":true,"href":"https:\/\/www.hydraulic-cylinders.net\/tr\/wp-json\/wp\/v2\/product_tag?post=19519"}],"curies":[{"name":"wp","href":"https:\/\/api.w.org\/{rel}","templated":true}]}}