{"id":19521,"date":"2025-04-07T06:52:03","date_gmt":"2025-04-07T06:52:03","guid":{"rendered":"https:\/\/www.hydraulic-cylinders.net\/product\/boom-cylinder-for-carter-ct85-8a-8b\/"},"modified":"2025-04-07T06:52:06","modified_gmt":"2025-04-07T06:52:06","slug":"boom-cylinder-for-carter-ct85-8a-8b","status":"publish","type":"product","link":"https:\/\/www.hydraulic-cylinders.net\/tr\/urun\/boom-cylinder-for-carter-ct85-8a-8b\/","title":{"rendered":"Carter CT85-8A-8B i\u00e7in Bom Silindiri"},"content":{"rendered":"<h1>Carter CT85-8A-8B i\u00e7in Bom Silindiri<\/h1>\n<h2>Bom Silindirlerine Giri\u015f<\/h2>\n<p>The <strong>Bom Silindiri<\/strong> Hidrolik sistemlerde \u00f6nemli bir bile\u015fen olan bom, ekskavat\u00f6rler, beko-loderler ve \u00f6n y\u00fckleyiciler gibi \u00e7e\u015fitli a\u011f\u0131r makinelerdeki kep\u00e7elerin hareketini kontrol etmek i\u00e7in \u00f6zel olarak tasarlanm\u0131\u015ft\u0131r. Bu silindirler, kep\u00e7enin kald\u0131rma, indirme ve yat\u0131rma i\u015flemlerini sa\u011flayarak malzeme ta\u015f\u0131ma g\u00f6revlerini kolayla\u015ft\u0131r\u0131r. Bom silindirlerinin i\u015flevselli\u011fi, in\u015faat ve kaz\u0131 projelerinde verimli ve etkili operasyonlar i\u00e7in olmazsa olmazd\u0131r.<\/p>\n<p><img decoding=\"async\" src=\"https:\/\/www.hydraulic-cylinders.net\/wp-content\/uploads\/2025\/04\/songte-company-1.webp\" alt=\"Bom Silindiri\" \/><\/p>\n<h3>Bom Silindiri Nedir?<\/h3>\n<p>Bom silindiri, a\u011f\u0131r ekipmanlarda bom veya kolun dikey ve yatay hareketlerini y\u00f6netmek i\u00e7in kullan\u0131lan bir hidrolik silindir t\u00fcr\u00fcd\u00fcr. Hidrolik bas\u0131nc\u0131 do\u011frusal harekete d\u00f6n\u00fc\u015ft\u00fcren bu silindirler, kald\u0131rma ve kazma i\u015flemlerini ger\u00e7ekle\u015ftirmek i\u00e7in gerekli g\u00fcc\u00fc sa\u011flar. Bom silindirlerinin tasar\u0131m\u0131 ve \u00fcretimi, dayan\u0131kl\u0131l\u0131k ve g\u00fcvenilirli\u011fi garanti alt\u0131na al\u0131rken zorlu \u00e7al\u0131\u015fma ko\u015fullar\u0131na dayanacak y\u00fcksek mukavemetli malzemeler i\u00e7erir.<\/p>\n<h2>Bom Silindirinin \u00d6zellikleri<\/h2>\n<ul>\n<li><strong>Y\u00fcksek Dayan\u0131kl\u0131l\u0131k ve Dayan\u0131kl\u0131l\u0131k:<\/strong> Y\u00fcksek mukavemetli \u00e7elik veya al\u00fcminyumdan \u00fcretilen bu silindirler, y\u00fcksek bas\u0131nca ve a\u011f\u0131r y\u00fcklere dayanabilir ve bu sayede zorlu \u00e7al\u0131\u015fma ortamlar\u0131 i\u00e7in uygundur.<\/li>\n<li><strong>Verimli Hidrolik \u00c7al\u0131\u015fma:<\/strong> Bom silindiri, a\u011f\u0131r malzemelerin ta\u015f\u0131nmas\u0131 i\u00e7in g\u00fc\u00e7l\u00fc bir itme-\u00e7ekme g\u00fcc\u00fc sa\u011flayarak h\u0131zl\u0131 uzatma ve geri \u00e7ekme sa\u011flamak i\u00e7in hidrolik ya\u011f bas\u0131nc\u0131n\u0131 kullanarak sorunsuz bir \u015fekilde \u00e7al\u0131\u015f\u0131r.<\/li>\n<li><strong>\u00c7e\u015fitli T\u00fcrler:<\/strong> Silindirler, farkl\u0131 operasyonel gereksinimleri kar\u015f\u0131lamak i\u00e7in tek etkili ve \u00e7ift etkili varyantlarda mevcuttur; baz\u0131 modeller, d\u0131\u015f boyutlar\u0131 art\u0131rmadan geni\u015fletilmi\u015f eri\u015fim sa\u011flayan teleskopik tasar\u0131mlar sunar.<\/li>\n<li><strong>\u00d6zelle\u015ftirilebilir Tasar\u0131m:<\/strong> Bom silindirleri, \u00e7e\u015fitli uygulamalarda optimum performans sa\u011flayarak, belirli makine gereksinimlerine uyacak \u015fekilde uyarlanabilir.<\/li>\n<li><strong>Bak\u0131m\u0131 Kolay:<\/strong> Kolay bak\u0131m i\u00e7in tasarlanan bu silindirler, uzun \u00f6m\u00fcrl\u00fc bir kullan\u0131m sa\u011flamak i\u00e7in basit inceleme ve onar\u0131mlar\u0131 kolayla\u015ft\u0131r\u0131r.<\/li>\n<\/ul>\n<h2>\u00dcretim Yeteneklerimiz<\/h2>\n<p>Y\u00fcksek kaliteli bom silindirleri \u00fcretme konusunda uzmanla\u015f\u0131yoruz ve piyasadaki mevcut hidrolik silindirler i\u00e7in m\u00fckemmel yedek par\u00e7alar sa\u011flayabiliyoruz.<\/p>\n<p><img decoding=\"async\" src=\"https:\/\/www.hydraulic-cylinders.net\/wp-content\/uploads\/2025\/04\/songte-cylinder-head-with-all-kinds-excavator-models.webp\" alt=\"Hidrolik Silindir \u00dcretimi\" \/><\/p>\n<h2>Bom Silindirinin Uygulamalar\u0131<\/h2>\n<h3>\u0130n\u015faat Ekipmanlar\u0131<\/h3>\n<p>Ekskavat\u00f6rlerde bom silindirleri, kazma, y\u00fckleme ve toprak veya moloz ta\u015f\u0131ma i\u00e7in olmazsa olmazd\u0131r. Kovan\u0131n zemine n\u00fcfuz etmesi ve a\u011f\u0131r y\u00fckleri verimli bir \u015fekilde kald\u0131rmas\u0131 i\u00e7in gereken kuvveti sa\u011flarlar. Bu silindirlerin sundu\u011fu hassas kontrol, operat\u00f6rlerin karma\u015f\u0131k hareketleri ger\u00e7ekle\u015ftirmesine olanak tan\u0131yarak onlar\u0131 in\u015faat i\u015flerinde paha bi\u00e7ilmez k\u0131lar.<\/p>\n<h3>Tar\u0131m Makinalar\u0131<\/h3>\n<p>\u00d6n y\u00fckleyicilerde bom silindirleri, toprak, saman ve di\u011fer malzemelerin kep\u00e7elenmesi, kald\u0131r\u0131lmas\u0131 ve ta\u015f\u0131nmas\u0131ndan sorumludur. Kovan\u0131n a\u00e7\u0131s\u0131n\u0131 ve y\u00fcksekli\u011fini kontrol edebilme \u00f6zelli\u011fi, zaman ve verimlili\u011fin hayati \u00f6nem ta\u015f\u0131d\u0131\u011f\u0131 tar\u0131msal faaliyetlerde hayati \u00f6nem ta\u015f\u0131yan verimli y\u00fckleme ve bo\u015faltmay\u0131 sa\u011flar.<\/p>\n<h3>Ekskavat\u00f6rler<\/h3>\n<p>Bom silindiri, ekskavat\u00f6rlerin kep\u00e7eyle topra\u011f\u0131 delmesini sa\u011flayarak kaz\u0131 g\u00f6revlerini h\u0131zl\u0131 ve etkili hale getirir. Hidrolik sistemin duyarl\u0131l\u0131\u011f\u0131, detayl\u0131 kaz\u0131 \u00e7al\u0131\u015fmalar\u0131na olanak tan\u0131yarak projelerin \u015fartnamelere uygun ve zaman\u0131nda tamamlanmas\u0131n\u0131 sa\u011flar.<\/p>\n<h3>Y\u00fckleyiciler<\/h3>\n<p>\u00d6n y\u00fckleyicilerde bom silindirleri, malzemelerin etkili bir \u015fekilde kald\u0131r\u0131lmas\u0131na ve bo\u015falt\u0131lmas\u0131na yard\u0131mc\u0131 olur. Bu silindirlerin sa\u011flad\u0131\u011f\u0131 hidrolik g\u00fc\u00e7, a\u011f\u0131r malzemelerin kolayca ta\u015f\u0131nmas\u0131n\u0131 sa\u011flayarak \u015fantiyedeki verimlili\u011fi art\u0131r\u0131r.<\/p>\n<h2>Tasar\u0131m Hususlar\u0131 ve Se\u00e7im Kriterleri<\/h2>\n<h3>Y\u00fck Kapasitesi<\/h3>\n<p>Bir bom silindiri se\u00e7erken, y\u00fck kapasitesini g\u00f6z \u00f6n\u00fcnde bulundurmak \u00e7ok \u00f6nemlidir. Silindir, kald\u0131raca\u011f\u0131 malzemelerin maksimum a\u011f\u0131rl\u0131\u011f\u0131n\u0131 ar\u0131za riski olmadan kald\u0131rabilmeli ve destekleyebilmelidir. Bu, yaln\u0131zca malzemelerin a\u011f\u0131rl\u0131\u011f\u0131n\u0131 de\u011fil, ayn\u0131 zamanda \u00e7al\u0131\u015fma s\u0131ras\u0131nda olu\u015fan dinamik kuvvetleri de i\u00e7erir.<\/p>\n<h3>S\u0131zd\u0131rmazl\u0131k ve Dayan\u0131kl\u0131l\u0131k<\/h3>\n<p>Performans d\u00fc\u015f\u00fc\u015f\u00fcne ve artan bak\u0131m ihtiya\u00e7lar\u0131na yol a\u00e7abilen hidrolik s\u0131v\u0131 s\u0131z\u0131nt\u0131lar\u0131n\u0131 \u00f6nlemek i\u00e7in etkili s\u0131zd\u0131rmazl\u0131k hayati \u00f6nem ta\u015f\u0131r. Dayan\u0131kl\u0131l\u0131\u011f\u0131 sa\u011flamak i\u00e7in y\u00fcksek kaliteli contalar kullan\u0131lmal\u0131 ve malzemeler \u00e7al\u0131\u015fma ortam\u0131n\u0131n a\u015f\u0131nma ve y\u0131pranmas\u0131na dayan\u0131kl\u0131 olmal\u0131d\u0131r.<\/p>\n<h3>G\u00fcvenlik \u00d6zellikleri<\/h3>\n<p>Bom silindirlerinin tasar\u0131m\u0131nda g\u00fcvenlik en \u00f6nemli unsurdur. Hidrolik ar\u0131zalardan kaynaklanan kazalar\u0131 \u00f6nlemek i\u00e7in a\u015f\u0131r\u0131 y\u00fck korumas\u0131 ve uygun emniyet valfleri gibi \u00f6zellikler entegre edilmelidir.<\/p>\n<h3>Bak\u0131m ve Onar\u0131m Kolayl\u0131\u011f\u0131<\/h3>\n<p>\u0130yi tasarlanm\u0131\u015f bir silindir, kolay bak\u0131m ve onar\u0131m olana\u011f\u0131 sa\u011flamal\u0131d\u0131r. Ar\u0131za s\u00fcresini en aza indirmek ve operasyonlar\u0131n sorunsuz bir \u015fekilde devam etmesini sa\u011flamak i\u00e7in, conta ve ba\u011flant\u0131 par\u00e7alar\u0131n\u0131n muayenesi ve de\u011fi\u015fimi i\u00e7in eri\u015fim noktalar\u0131 kolayca eri\u015filebilir olmal\u0131d\u0131r.<\/p>\n<p><img decoding=\"async\" src=\"https:\/\/www.hydraulic-cylinders.net\/wp-content\/uploads\/2025\/04\/songte-oil-pipes-and-spare-parts.webp\" alt=\"Hidrolik Silindir Par\u00e7alar\u0131\" \/><\/p>\n<h2>S\u0131zd\u0131rmazl\u0131k ve Ya\u011flama<\/h2>\n<p>Bom silindirlerinin uzun \u00f6m\u00fcrl\u00fcl\u00fc\u011f\u00fc ve verimlili\u011fi i\u00e7in uygun s\u0131zd\u0131rmazl\u0131k ve ya\u011flama kritik \u00f6neme sahiptir. S\u0131z\u0131nt\u0131y\u0131 en aza indirmek i\u00e7in piston ke\u00e7eleri ve piston kolu ke\u00e7eleri gibi \u00e7e\u015fitli ke\u00e7eler kullan\u0131l\u0131r. Poli\u00fcretan ve nitril kau\u00e7uk gibi malzemelerden \u00fcretilen ke\u00e7eler, a\u015f\u0131nma diren\u00e7leri nedeniyle yayg\u0131n olarak kullan\u0131l\u0131r. Ayr\u0131ca, silindir g\u00f6vdesi ve di\u015fli u\u00e7 y\u00fczeyleri, a\u015f\u0131nma direncini art\u0131rmak i\u00e7in hassas bir \u015fekilde i\u015flenmi\u015ftir. Sorunsuz \u00e7al\u0131\u015fma sa\u011flamak ve a\u015f\u0131nmay\u0131 \u00f6nlemek i\u00e7in hidrolik ya\u011f ile d\u00fczenli ya\u011flama gereklidir.<\/p>\n<h2>\u00d6nleyici Bak\u0131m \u00d6nlemleri<\/h2>\n<ul>\n<li><strong>D\u00fczenli Denetimler:<\/strong> Silindirde ve par\u00e7alar\u0131nda a\u015f\u0131nma, s\u0131z\u0131nt\u0131 veya hasar belirtileri olup olmad\u0131\u011f\u0131n\u0131 kontrol edin. Erken tespit, b\u00fcy\u00fck ar\u0131zalar\u0131n \u00f6n\u00fcne ge\u00e7ebilir.<\/li>\n<li><strong>Uygun Ya\u011flama:<\/strong> Hidrolik ya\u011f\u0131n d\u00fczenli olarak doldurulmas\u0131n\u0131 ve \u00e7al\u0131\u015fma verimlili\u011finin korunmas\u0131 i\u00e7in do\u011fru tipte ya\u011f\u0131n kullan\u0131lmas\u0131n\u0131 sa\u011flay\u0131n.<\/li>\n<li><strong>Conta De\u011fi\u015fimi:<\/strong> Hidrolik s\u0131v\u0131 s\u0131z\u0131nt\u0131lar\u0131n\u0131 \u00f6nlemek ve performans\u0131 korumak i\u00e7in contalar\u0131 a\u015f\u0131nma a\u00e7\u0131s\u0131ndan izleyin ve gerekti\u011finde de\u011fi\u015ftirin.<\/li>\n<\/ul>\n<h2>Kurulum K\u0131lavuzu<\/h2>\n<p>Optimum performans i\u00e7in bom silindirinin do\u011fru montaj\u0131 \u00e7ok \u00f6nemlidir. \u00d6ncelikle hem silindir hem de makine \u00fczerindeki montaj y\u00fczeylerinin temiz ve kal\u0131nt\u0131lardan ar\u0131nd\u0131r\u0131lm\u0131\u015f oldu\u011fundan emin olun. Silindiri yerine sabitlemek i\u00e7in uygun montaj braketlerini kullan\u0131n ve hidrolik hatlarla do\u011fru hizaland\u0131\u011f\u0131ndan emin olun. \u00c7al\u0131\u015ft\u0131rmadan \u00f6nce t\u00fcm hidrolik ba\u011flant\u0131lar\u0131n s\u0131k\u0131 ve s\u0131z\u0131nt\u0131s\u0131z oldu\u011fundan emin olun. Kurulumdan sonra, silindirin sorunsuz ve verimli bir \u015fekilde \u00e7al\u0131\u015ft\u0131\u011f\u0131n\u0131 do\u011frulamak i\u00e7in sistemi test etmek \u00f6nemlidir.<\/p>\n<h2>Yayg\u0131n Bak\u0131m G\u00f6revleri<\/h2>\n<h3>D\u00fczenli Denetimler<\/h3>\n<p>Rutin kontroller, olas\u0131 sorunlar\u0131 erken tespit etmek i\u00e7in hayati \u00f6nem ta\u015f\u0131r. A\u015f\u0131nma veya hasar belirtilerini kontrol edin ve hidrolik sistemin do\u011fru \u00e7al\u0131\u015ft\u0131\u011f\u0131ndan emin olun. Erken tespit, maliyetli onar\u0131mlar\u0131 \u00f6nleyebilir ve g\u00fcvenli\u011fi sa\u011flayabilir.<\/p>\n<h3>Uygun Ya\u011flama<\/h3>\n<p>Bom silindirinin d\u00fczg\u00fcn \u00e7al\u0131\u015fmas\u0131 i\u00e7in uygun ya\u011flaman\u0131n sa\u011flanmas\u0131 \u00e7ok \u00f6nemlidir. Hidrolik ya\u011f seviyelerini d\u00fczenli olarak kontrol edin ve do\u011fru ya\u011f t\u00fcr\u00fcn\u00fcn kullan\u0131ld\u0131\u011f\u0131ndan emin olun; bu, silindirin performans\u0131n\u0131 ve \u00f6mr\u00fcn\u00fc \u00f6nemli \u00f6l\u00e7\u00fcde art\u0131racakt\u0131r.<\/p>\n<h3>Conta De\u011fi\u015fimi ve Kalibrasyon Kontrolleri<\/h3>\n<p>A\u015f\u0131nm\u0131\u015f contalar\u0131n de\u011fi\u015ftirilmesi, hidrolik s\u0131v\u0131 s\u0131z\u0131nt\u0131lar\u0131n\u0131 \u00f6nlemek i\u00e7in \u00f6nemlidir. Ayr\u0131ca, kalibrasyon kontrollerinin yap\u0131lmas\u0131, silindirin optimum seviyelerde \u00e7al\u0131\u015fmas\u0131n\u0131 sa\u011flayarak operasyonlarda verimlilik ve g\u00fcvenli\u011fin korunmas\u0131n\u0131 sa\u011flar.<\/p>\n<p><img decoding=\"async\" src=\"https:\/\/www.hydraulic-cylinders.net\/wp-content\/uploads\/2025\/04\/songte-chushion-collar.webp\" alt=\"Yast\u0131k Yaka\" \/><\/p>\n<h2>G\u00fcvenlik Hususlar\u0131 ve \u00c7evresel Fakt\u00f6rler<\/h2>\n<p>Bom silindirlerini kullan\u0131rken g\u00fcvenlik \u00f6nlemlerinin al\u0131nmas\u0131 \u00e7ok \u00f6nemlidir. Kazalar\u0131 en aza indirmek i\u00e7in operat\u00f6rlerin do\u011fru kullan\u0131m konusunda e\u011fitilmesi gerekir. A\u015f\u0131r\u0131 s\u0131cakl\u0131klar ve nem gibi \u00e7evresel fakt\u00f6rler hidrolik sistemlerin performans\u0131n\u0131 etkileyebilir ve dayan\u0131kl\u0131l\u0131\u011f\u0131 sa\u011flamak i\u00e7in koruyucu \u00f6nlemler al\u0131nmal\u0131d\u0131r.<\/p>\n<h2>Sorun Giderme ve Yayg\u0131n Sorunlar<\/h2>\n<ul>\n<li><strong>Hidrolik S\u0131v\u0131 S\u0131z\u0131nt\u0131s\u0131:<\/strong> Bu durum, a\u015f\u0131nm\u0131\u015f contalardan veya hasarl\u0131 hortumlardan kaynaklanabilir. Contalar\u0131 kontrol edin ve gerekirse de\u011fi\u015ftirin.<\/li>\n<li><strong>Yava\u015f \u00c7al\u0131\u015fma:<\/strong> Silindir yava\u015f \u00e7al\u0131\u015f\u0131yorsa hidrolik ya\u011f seviyelerini kontrol edin ve sistemde t\u0131kan\u0131kl\u0131k olmad\u0131\u011f\u0131ndan emin olun.<\/li>\n<li><strong>Al\u0131\u015f\u0131lmad\u0131k Sesler:<\/strong> \u00c7al\u0131\u015fma s\u0131ras\u0131nda duyulan sesler, i\u00e7 hasar veya ya\u011flama eksikli\u011finin g\u00f6stergesi olabilir. Herhangi bir anormalli\u011fi ara\u015ft\u0131r\u0131n ve derhal giderin.<\/li>\n<\/ul>\n<h2>Sorun Giderme \u0130pu\u00e7lar\u0131<\/h2>\n<p>Bom silindirinizdeki sorunlar\u0131 etkili bir \u015fekilde te\u015fhis etmek i\u00e7in, \u00f6ncelikle hidrolik s\u0131v\u0131 seviyelerini inceleyip s\u0131z\u0131nt\u0131 olup olmad\u0131\u011f\u0131n\u0131 kontrol edin. D\u00fczenli bak\u0131m bir\u00e7ok sorunu \u00f6nleyebilir. Sorunlar devam ederse, kapsaml\u0131 te\u015fhis ve onar\u0131m i\u00e7in bir uzmana dan\u0131\u015f\u0131n.<\/p>\n<p><img decoding=\"async\" src=\"https:\/\/www.hydraulic-cylinders.net\/wp-content\/uploads\/2025\/04\/songte-bushings-with-all-kinds-of-excavator-models.webp\" alt=\"Ekskavat\u00f6r Bur\u00e7lar\u0131\" \/><\/p>\n<h2>\u015eirket Genel Bak\u0131\u015f\u0131<\/h2>\n<p>Yurt i\u00e7i ve yurt d\u0131\u015f\u0131 pazarlarda k\u00f6kl\u00fc bir ge\u00e7mi\u015fe sahip, lider bir yedek hidrolik silindir \u00fcreticisiyiz. M\u00fckemmeliyete olan ba\u011fl\u0131l\u0131\u011f\u0131m\u0131z, zengin \u00fcr\u00fcn yelpazemize yans\u0131yor. Kalite ve hassasiyeti \u00f6n planda tutan, ince ayarl\u0131 bir \u00fcretim stratejisi benimsiyoruz. Yetenekli teknisyenlerimiz ve geli\u015fmi\u015f dijital \u00fcretim ekipmanlar\u0131m\u0131z, \u00fcretim kapasitemizi art\u0131rarak, farkl\u0131 m\u00fc\u015fteri taleplerini etkili bir \u015fekilde kar\u015f\u0131lamam\u0131z\u0131 sa\u011fl\u0131yor.<\/p>\n<h3>Profesyonellik ve Uluslararas\u0131 Sertifikasyon<\/h3>\n<p>\u00dcr\u00fcnlerimiz uluslararas\u0131 standartlara uygundur ve m\u00fc\u015fterilerimize g\u00f6n\u00fcl rahatl\u0131\u011f\u0131 sa\u011flar. \u00d6zel ihtiya\u00e7lar\u0131 kar\u015f\u0131lamak ve her \u00fcretim a\u015famas\u0131nda kalite kontrol\u00fcn\u00fc sa\u011flamak i\u00e7in \u00f6zelle\u015ftirilebilir hizmetler sunuyoruz.<\/p>\n<h3>\u00dcretim Ekipmanlar\u0131<\/h3>\n<p>Son teknoloji \u00fcretim ekipmanlar\u0131m\u0131z, \u00fcretimde y\u00fcksek verimlilik ve hassasiyet sa\u011flar. Bu sayede, \u00fcretim terminlerine uyarken y\u00fcksek \u00fcr\u00fcn kalitesini korumam\u0131z\u0131 sa\u011flar\u0131z.<\/p>\n<h3>Sat\u0131\u015f Sonras\u0131 Hizmet<\/h3>\n<p>G\u00fc\u00e7l\u00fc sat\u0131\u015f sonras\u0131 deste\u011fimizle gurur duyuyor, sat\u0131n alma sonras\u0131 g\u00fcvenilir hizmet ve rehberlikle m\u00fc\u015fteri memnuniyetini garantiliyoruz. Ekibimiz her t\u00fcrl\u00fc soru veya endi\u015fenizi yan\u0131tlamak i\u00e7in her zaman hizmetinizdedir.<\/p>\n<p><img decoding=\"async\" src=\"https:\/\/www.hydraulic-cylinders.net\/wp-content\/uploads\/2025\/04\/songte-company-4.webp\" alt=\"Hidrolik Silindir \u015eirketi\" \/><br \/>\n<img decoding=\"async\" src=\"https:\/\/www.hydraulic-cylinders.net\/wp-content\/uploads\/2025\/04\/songte-company-3.webp\" alt=\"\u015eirket Genel Bak\u0131\u015f\u0131\" \/><\/p>\n<p>Yazar: lyl<\/p>","protected":false},"excerpt":{"rendered":"<p>Boom Cylinder For Carter CT85-8A-8B Introduction to Boom Cylinders The Boom Cylinder is a crucial component in hydraulic systems, specifically designed to control the motion of buckets in various heavy machinery, such as excavators, backhoe loaders, and front loaders. These cylinders enable the bucket to lift, lower, and tilt, which facilitates material handling tasks. The [&hellip;]<\/p>","protected":false},"featured_media":17874,"comment_status":"open","ping_status":"closed","template":"","meta":{"_et_pb_use_builder":"","_et_pb_old_content":"","_et_gb_content_width":""},"product_brand":[],"product_cat":[1546],"product_tag":[1547,1496],"class_list":{"0":"post-19521","1":"product","2":"type-product","3":"status-publish","4":"has-post-thumbnail","6":"product_cat-boom-cylinders","7":"product_tag-boom-cylinders","8":"product_tag-hydraulic-cylinders","10":"first","11":"instock","12":"shipping-taxable","13":"product-type-simple"},"amp_enabled":true,"_links":{"self":[{"href":"https:\/\/www.hydraulic-cylinders.net\/tr\/wp-json\/wp\/v2\/product\/19521","targetHints":{"allow":["GET"]}}],"collection":[{"href":"https:\/\/www.hydraulic-cylinders.net\/tr\/wp-json\/wp\/v2\/product"}],"about":[{"href":"https:\/\/www.hydraulic-cylinders.net\/tr\/wp-json\/wp\/v2\/types\/product"}],"replies":[{"embeddable":true,"href":"https:\/\/www.hydraulic-cylinders.net\/tr\/wp-json\/wp\/v2\/comments?post=19521"}],"wp:featuredmedia":[{"embeddable":true,"href":"https:\/\/www.hydraulic-cylinders.net\/tr\/wp-json\/wp\/v2\/media\/17874"}],"wp:attachment":[{"href":"https:\/\/www.hydraulic-cylinders.net\/tr\/wp-json\/wp\/v2\/media?parent=19521"}],"wp:term":[{"taxonomy":"product_brand","embeddable":true,"href":"https:\/\/www.hydraulic-cylinders.net\/tr\/wp-json\/wp\/v2\/product_brand?post=19521"},{"taxonomy":"product_cat","embeddable":true,"href":"https:\/\/www.hydraulic-cylinders.net\/tr\/wp-json\/wp\/v2\/product_cat?post=19521"},{"taxonomy":"product_tag","embeddable":true,"href":"https:\/\/www.hydraulic-cylinders.net\/tr\/wp-json\/wp\/v2\/product_tag?post=19521"}],"curies":[{"name":"wp","href":"https:\/\/api.w.org\/{rel}","templated":true}]}}