{"id":19522,"date":"2025-04-07T06:52:25","date_gmt":"2025-04-07T06:52:25","guid":{"rendered":"https:\/\/www.hydraulic-cylinders.net\/product\/boom-cylinder-for-carter-ct240-8c\/"},"modified":"2025-04-07T06:52:28","modified_gmt":"2025-04-07T06:52:28","slug":"boom-cylinder-for-carter-ct240-8c","status":"publish","type":"product","link":"https:\/\/www.hydraulic-cylinders.net\/tr\/urun\/boom-cylinder-for-carter-ct240-8c\/","title":{"rendered":"Carter CT240-8C i\u00e7in Bom Silindiri"},"content":{"rendered":"<h1>Carter CT240-8C i\u00e7in Bom Silindiri<\/h1>\n<h2>Bom Silindirlerine Giri\u015f<\/h2>\n<p>\u00d6zellikle Carter CT240-8C i\u00e7in tasarlanm\u0131\u015f olan bom silindiri, ekskavat\u00f6rler, beko y\u00fckleyiciler ve \u00f6n y\u00fckleyiciler de dahil olmak \u00fczere \u00e7e\u015fitli a\u011f\u0131r makinelerde kep\u00e7elerin hareketini kontrol etmek i\u00e7in tasarlanm\u0131\u015f \u00f6nemli bir hidrolik bile\u015fendir. Bu hidrolik silindir, kep\u00e7enin kald\u0131r\u0131lmas\u0131n\u0131, indirilmesini ve e\u011filmesini sa\u011flayarak malzeme ta\u015f\u0131ma g\u00f6revlerini verimli bir \u015fekilde kolayla\u015ft\u0131r\u0131r. Bom silindirleri, bu makinelerin operasyonel yeteneklerini art\u0131rmada ve karma\u015f\u0131k g\u00f6revleri kolayl\u0131kla yerine getirmelerini sa\u011flamada \u00e7ok \u00f6nemlidir.<\/p>\n<p><img decoding=\"async\" src=\"https:\/\/www.hydraulic-cylinders.net\/wp-content\/uploads\/2025\/04\/songte-company-1.webp\" alt=\"Bom Silindiri G\u00f6r\u00fcnt\u00fcs\u00fc\" \/><\/p>\n<h3>\u0130\u015flev ve Uygulamalar<\/h3>\n<p>Hidrolik silindir t\u00fcrlerinden biri olan bom silindiri, hidrolik sistemlerde hayati bir rol oynar. Ba\u015fl\u0131ca g\u00f6revi, hidrolik enerjiyi mekanik enerjiye d\u00f6n\u00fc\u015ft\u00fcrerek a\u011f\u0131r makinelerin etkili bir \u015fekilde hareket etmesini sa\u011flamakt\u0131r. Bom silindirlerinin kullan\u0131m alanlar\u0131 in\u015faat ve tar\u0131m dahil olmak \u00fczere \u00e7e\u015fitli sekt\u00f6rleri kapsar. Kaz\u0131, y\u00fckleme ve malzeme ta\u015f\u0131ma gibi g\u00f6revlerde \u00e7ok \u00f6nemlidirler. \u00d6nemli a\u011f\u0131rl\u0131klar\u0131 kald\u0131rabilme ve hassas hareketler sa\u011flayabilme yetenekleriyle bom silindirleri, modern makinelerde vazge\u00e7ilmezdir.<\/p>\n<h2>Bom Silindirinin \u00d6zellikleri<\/h2>\n<ul>\n<li><strong>Y\u00fcksek Dayan\u0131kl\u0131l\u0131k ve Dayan\u0131kl\u0131l\u0131k:<\/strong> Y\u00fcksek mukavemetli \u00e7elik veya al\u00fcminyumdan \u00fcretilen bu silindirler, y\u00fcksek bas\u0131nca ve a\u011f\u0131r y\u00fcklere dayanabilir, bu da onlar\u0131 zorlu \u00e7al\u0131\u015fma ortamlar\u0131 i\u00e7in uygun hale getirir.<\/li>\n<li><strong>Verimli Hidrolik \u00c7al\u0131\u015fma:<\/strong> Hidrolik ya\u011f bas\u0131nc\u0131n\u0131n kullan\u0131lmas\u0131, sorunsuz uzatma ve geri \u00e7ekme imkan\u0131 sa\u011flayarak, a\u011f\u0131r ve karma\u015f\u0131k i\u015fler i\u00e7in ideal olan g\u00fc\u00e7l\u00fc bir itme-\u00e7ekme kuvveti sunar.<\/li>\n<li><strong>\u00c7e\u015fitli T\u00fcrler:<\/strong> Farkl\u0131 operasyonel ihtiya\u00e7lar\u0131 kar\u015f\u0131lamak \u00fczere tek etkili veya \u00e7ift etkili tasar\u0131mlarda mevcuttur; baz\u0131 modellerde d\u0131\u015f boyutlar\u0131 art\u0131rmadan daha fazla eri\u015fim i\u00e7in teleskopik se\u00e7enekler de bulunmaktad\u0131r.<\/li>\n<li><strong>Bak\u0131m\u0131 Kolay Tasar\u0131m:<\/strong> Par\u00e7alara kolay eri\u015fim sa\u011flayacak \u015fekilde tasarlanm\u0131\u015ft\u0131r, b\u00f6ylece rutin bak\u0131m ve servis i\u015flemleri kolayla\u015ft\u0131r\u0131l\u0131r.<\/li>\n<li><strong>Korozyon Direnci:<\/strong> Bir\u00e7ok bom silindiri paslanmaya ve korozyona kar\u015f\u0131 i\u015flem g\u00f6rm\u00fc\u015ft\u00fcr; bu da \u00e7e\u015fitli ko\u015fullarda uzun \u00f6m\u00fcr ve g\u00fcvenilirlik sa\u011flar.<\/li>\n<\/ul>\n<p>Bu \u00fcr\u00fcn\u00fc biz \u00fcretiyoruz ve sundu\u011fumuz \u00fcr\u00fcnler bu hidrolik silindirlerin yerini m\u00fckemmel \u015fekilde alabilir.<\/p>\n<p><img decoding=\"async\" src=\"https:\/\/www.hydraulic-cylinders.net\/wp-content\/uploads\/2025\/04\/songte-cylinder-head-with-all-kinds-excavator-models.webp\" alt=\"Hidrolik Silindir De\u011fi\u015fimi\" \/><\/p>\n<h2>Bom Silindirlerinin Uygulama Senaryolar\u0131<\/h2>\n<h3>\u0130n\u015faat Ekipmanlar\u0131<\/h3>\n<p>Ekskavat\u00f6rlerde, bom silindirleri toprak veya moloz kazma, y\u00fckleme ve ta\u015f\u0131ma i\u015flemlerinde hayati \u00f6neme sahiptir. Mekanik kald\u0131ra\u00e7lar\u0131, operat\u00f6rlerin verimli bir \u015fekilde kaz\u0131 yapmalar\u0131n\u0131 ve malzemeleri istenilen yerlere ta\u015f\u0131malar\u0131n\u0131 sa\u011flar. Kaz\u0131c\u0131 y\u00fckleyicilerde ise bu silindirler hem kaz\u0131 hem de kald\u0131rma i\u015flerinde yard\u0131mc\u0131 olarak in\u015faat sahalar\u0131ndaki verimlili\u011fi art\u0131r\u0131r.<\/p>\n<h3>Tar\u0131m Makinalar\u0131<\/h3>\n<p>\u00d6n y\u00fckleyicilerde, bom silindirleri toprak, saman ve di\u011fer malzemelerin kep\u00e7elenmesi, kald\u0131r\u0131lmas\u0131 ve ta\u015f\u0131nmas\u0131 i\u00e7in \u00e7ok \u00f6nemlidir. A\u011f\u0131r y\u00fckler alt\u0131nda \u00e7al\u0131\u015fabilme yetenekleri, onlar\u0131 d\u00f6kme malzemelerin verimli bir \u015fekilde ta\u015f\u0131nmas\u0131n\u0131 gerektiren tar\u0131m operasyonlar\u0131 i\u00e7in ideal hale getirir.<\/p>\n<h3>Ekskavat\u00f6rler<\/h3>\n<p>Ekskavat\u00f6rler, topra\u011f\u0131 etkili bir \u015fekilde delmek i\u00e7in bom silindirleri kullan\u0131r ve bu da derin kaz\u0131 ve malzeme kald\u0131rma i\u015flemlerini m\u00fcmk\u00fcn k\u0131lar. Bu i\u015flevsellik, \u00f6nemli derinlik ve hassasiyetin gerekli oldu\u011fu \u00e7e\u015fitli in\u015faat ve peyzaj projeleri i\u00e7in hayati \u00f6nem ta\u015f\u0131r.<\/p>\n<h3>Y\u00fckleyiciler<\/h3>\n<p>\u00d6n y\u00fckleyicilerde, bom silindirleri y\u00fcklerin verimli bir \u015fekilde kald\u0131r\u0131lmas\u0131na ve bo\u015falt\u0131lmas\u0131na yard\u0131mc\u0131 olur. Tasar\u0131mlar\u0131, operasyonel ortamlarda zamana duyarl\u0131 g\u00f6revler i\u00e7in \u00e7ok \u00f6nemli olan h\u0131zl\u0131 ve verimli i\u015flemleri destekler.<\/p>\n<h2>Tasar\u0131m Hususlar\u0131 ve Se\u00e7im Kriterleri<\/h2>\n<h3>Y\u00fck Kapasitesi<\/h3>\n<p>Bom silindirlerinin tasar\u0131m\u0131nda y\u00fck ta\u015f\u0131ma kapasitesi \u00f6ncelikli bir husustur. Silindirin \u00e7al\u0131\u015fma s\u0131ras\u0131nda kar\u015f\u0131la\u015faca\u011f\u0131 maksimum a\u011f\u0131rl\u0131\u011f\u0131 kald\u0131rabilmesi hayati \u00f6nem ta\u015f\u0131r. Bu, silindirin stres alt\u0131nda g\u00fcvenilir bir \u015fekilde \u00e7al\u0131\u015fmas\u0131n\u0131 sa\u011flamak i\u00e7in sa\u011flam malzemeler ve m\u00fchendislik \u00f6zellikleri kullanmay\u0131 gerektirir.<\/p>\n<h3>S\u0131zd\u0131rmazl\u0131k B\u00fct\u00fcnl\u00fc\u011f\u00fc<\/h3>\n<p>Hidrolik silindirlerde s\u0131zd\u0131rmazl\u0131k, ya\u011f s\u0131z\u0131nt\u0131s\u0131n\u0131 \u00f6nlemesi ve bas\u0131nc\u0131 korumas\u0131 a\u00e7\u0131s\u0131ndan kritik \u00f6neme sahiptir. Silindirin uzun \u00f6m\u00fcrl\u00fcl\u00fc\u011f\u00fcn\u00fc ve verimlili\u011fini sa\u011flamak i\u00e7in piston contalar\u0131 ve mil contalar\u0131 da dahil olmak \u00fczere etkili s\u0131zd\u0131rmazl\u0131k mekanizmalar\u0131 se\u00e7ilmelidir. S\u0131zd\u0131rmazl\u0131k etkinli\u011fini art\u0131rmak i\u00e7in genellikle poli\u00fcretan ve nitril kau\u00e7uk gibi \u00e7e\u015fitli malzemeler kullan\u0131l\u0131r.<\/p>\n<h3>Dayan\u0131kl\u0131l\u0131k<\/h3>\n<p>Zorlu \u00e7al\u0131\u015fma ko\u015fullar\u0131na s\u0131kl\u0131kla maruz kalan bom silindirleri i\u00e7in dayan\u0131kl\u0131l\u0131k \u00e7ok \u00f6nemlidir. Silindirin zaman i\u00e7inde a\u015f\u0131nmaya ve y\u0131pranmaya dayanabilmesini sa\u011flamak i\u00e7in malzeme se\u00e7imi, y\u00fczey i\u015flemleri ve tasar\u0131m \u00f6zellikleri gibi fakt\u00f6rler de\u011ferlendirilmelidir.<\/p>\n<h3>G\u00fcvenlik \u00d6zellikleri<\/h3>\n<p>Hidrolik silindirlerin tasar\u0131m\u0131nda g\u00fcvenlik en \u00f6nemli unsurdur. Bas\u0131n\u00e7 tahliye vanalar\u0131 ve emniyet kilitleri gibi \u00f6zelliklerin eklenmesi kazalar\u0131 \u00f6nleyebilir ve g\u00fcvenli \u00e7al\u0131\u015fmay\u0131 sa\u011flayabilir. Riskleri azaltmak i\u00e7in d\u00fczenli g\u00fcvenlik de\u011ferlendirmeleri ve end\u00fcstri standartlar\u0131na uyum \u015fartt\u0131r.<\/p>\n<h3>Hizmet Edilebilirli\u011fin S\u00fcrd\u00fcr\u00fclmesi<\/h3>\n<p>Bak\u0131m kolayl\u0131\u011f\u0131na y\u00f6nelik tasar\u0131m, kolayca bak\u0131m\u0131 ve onar\u0131m\u0131 yap\u0131labilen silindirler olu\u015fturmak anlam\u0131na gelir. Bu, bile\u015fenlere eri\u015filebilirli\u011fi ve a\u015f\u0131nm\u0131\u015f par\u00e7alar\u0131n kapsaml\u0131 s\u00f6kme i\u015flemine gerek kalmadan de\u011fi\u015ftirilebilme yetene\u011fini dikkate almay\u0131 gerektirir; bu da bak\u0131m i\u015flemlerinde zamandan ve maliyetlerden tasarruf sa\u011flayabilir.<\/p>\n<p><img decoding=\"async\" src=\"https:\/\/www.hydraulic-cylinders.net\/wp-content\/uploads\/2025\/04\/songte-oil-pipes-and-spare-parts.webp\" alt=\"Hidrolik Silindir Par\u00e7alar\u0131\" \/><\/p>\n<h2>S\u0131zd\u0131rmazl\u0131k ve Ya\u011flama<\/h2>\n<p>Piston contalar\u0131 ve mil contalar\u0131 gibi \u00e7e\u015fitli s\u0131zd\u0131rmazl\u0131k elemanlar\u0131n\u0131n kullan\u0131lmas\u0131, bom silindirlerinin etkili \u00e7al\u0131\u015fmas\u0131 i\u00e7in \u00e7ok \u00f6nemlidir. Poli\u00fcretan ve nitril kau\u00e7uk gibi dayan\u0131kl\u0131 malzemelerden yap\u0131lan contalar, m\u00fckemmel a\u015f\u0131nma direnci sa\u011flayarak uzun \u00f6m\u00fcrl\u00fcl\u00fc\u011f\u00fc garanti eder. Silindir g\u00f6vdesi ve di\u015fli u\u00e7lar, a\u015f\u0131nma direncini art\u0131rmak i\u00e7in titiz bir i\u015flemden ge\u00e7irilir; bu da hidrolik verimlili\u011fin korunmas\u0131 i\u00e7in hayati \u00f6nem ta\u015f\u0131r. S\u00fcrt\u00fcnmeyi en aza indirmek ve sorunsuz \u00e7al\u0131\u015fmay\u0131 sa\u011flamak i\u00e7in uygun hidrolik ya\u011f ile d\u00fczenli ya\u011flama gereklidir.<\/p>\n<h2>\u00d6nleyici Bak\u0131m \u00d6nlemleri<\/h2>\n<ul>\n<li><strong>D\u00fczenli Denetimler:<\/strong> Potansiyel sorunlar\u0131n ciddi problemlere d\u00f6n\u00fc\u015fmeden \u00f6nce tespit edilmesi i\u00e7in d\u00fczenli kontroller yap\u0131n. Bu, s\u0131z\u0131nt\u0131lar\u0131, a\u015f\u0131nmay\u0131 ve herhangi bir hasar belirtisini kontrol etmeyi i\u00e7erir.<\/li>\n<li><strong>Uygun Ya\u011flama:<\/strong> Hidrolik ya\u011f\u0131n yeterli miktarda dolduruldu\u011fundan ve seviyesinin korundu\u011fundan emin olun, \u00e7\u00fcnk\u00fc yetersiz ya\u011flama a\u015f\u0131nmay\u0131 art\u0131rabilir ve bile\u015fenlerin erken ar\u0131zalanmas\u0131na yol a\u00e7abilir.<\/li>\n<li><strong>Conta De\u011fi\u015fimi:<\/strong> S\u0131z\u0131nt\u0131lar\u0131 \u00f6nlemek ve sistem verimlili\u011fini korumak i\u00e7in contalar\u0131 d\u00fczenli olarak kontrol edin ve gerekti\u011finde de\u011fi\u015ftirin.<\/li>\n<\/ul>\n<h2>Uygun Kurulum Y\u00f6nergeleri<\/h2>\n<p>Bom silindirlerinin ba\u015far\u0131l\u0131 bir \u015fekilde monte edilmesi i\u00e7in, ilgili makinelerle do\u011fru hizalama sa\u011flanmal\u0131d\u0131r. Bu, silindir \u00fczerindeki gereksiz gerilimi \u00f6nleyebilir ve \u00e7al\u0131\u015fma verimlili\u011fini art\u0131rabilir. Silindiri sa\u011flam bir \u015fekilde sabitlemek i\u00e7in uygun montaj braketlerinin kullan\u0131lmas\u0131 \u015fartt\u0131r. Montaj s\u0131ras\u0131nda tork ayarlar\u0131 i\u00e7in \u00fcreticinin spesifikasyonlar\u0131na uyulmas\u0131 \u00e7ok \u00f6nemlidir. Montajdan sonra, t\u00fcm ba\u011flant\u0131lar\u0131n s\u0131k\u0131 oldu\u011fundan ve hidrolik sistemin s\u0131z\u0131nt\u0131 yapmad\u0131\u011f\u0131ndan emin olmak i\u00e7in kapsaml\u0131 kontroller yap\u0131lmal\u0131d\u0131r. Silindirin sorunsuz \u00e7al\u0131\u015fmaya uyum sa\u011flamas\u0131 i\u00e7in \u00fcreticinin talimatlar\u0131na g\u00f6re bir al\u0131\u015ft\u0131rma s\u00fcresi izlenmesi de \u015fartt\u0131r.<\/p>\n<h2>Yayg\u0131n Bak\u0131m G\u00f6revleri<\/h2>\n<ul>\n<li><strong>D\u00fczenli Kontroller:<\/strong> Periyodik olarak bom silindirlerini a\u015f\u0131nma, s\u0131z\u0131nt\u0131 veya hasar belirtileri a\u00e7\u0131s\u0131ndan kontrol edin. Erken tespit, felaketle sonu\u00e7lanabilecek ar\u0131zalar\u0131 \u00f6nleyebilir.<\/li>\n<li><strong>Uygun Ya\u011flama:<\/strong> Yeterli ya\u011flamay\u0131 sa\u011flamak i\u00e7in ya\u011f seviyelerini d\u00fczenli olarak kontrol edin ve do\u011fru tipte hidrolik s\u0131v\u0131n\u0131n kullan\u0131ld\u0131\u011f\u0131ndan emin olun.<\/li>\n<li><strong>Conta De\u011fi\u015fimi ve Kalibrasyon Kontrolleri:<\/strong> Zamanla contalar a\u015f\u0131nabilir ve de\u011fi\u015ftirilmesi gerekebilir. Kalibrasyon, silindirin belirtilen parametreler dahilinde \u00e7al\u0131\u015fmas\u0131n\u0131 sa\u011flar.<\/li>\n<\/ul>\n<h2>G\u00fcvenlik Hususlar\u0131 ve \u00c7evresel Fakt\u00f6rler<\/h2>\n<p>Bom silindirlerini \u00e7al\u0131\u015ft\u0131r\u0131rken, hem ekipman\u0131 hem de personeli korumak i\u00e7in g\u00fcvenlik \u00f6nlemleri son derece \u00f6nemlidir. \u00c7al\u0131\u015fma s\u0131ras\u0131nda g\u00fcvenlik protokollerinin uygulanmas\u0131, hidrolik sistemlerle ili\u015fkili riskleri azaltabilir. \u00c7evresel fakt\u00f6rler de silindir performans\u0131nda \u00f6nemli bir rol oynar; a\u015f\u0131r\u0131 s\u0131cakl\u0131klar veya a\u015f\u0131nd\u0131r\u0131c\u0131 maddelere maruz kalma, hidrolik bile\u015fenlerin \u00f6mr\u00fcn\u00fc ve verimlili\u011fini etkileyebilir.<\/p>\n<h2>Sorun Giderme ve Yayg\u0131n Sorunlar<\/h2>\n<ul>\n<li><strong>S\u0131z\u0131nt\u0131:<\/strong> Hidrolik s\u0131v\u0131 s\u0131z\u0131nt\u0131s\u0131, conta ar\u0131zas\u0131n\u0131 veya silindirde hasar\u0131 g\u00f6sterebilir. Performans kayb\u0131n\u0131 \u00f6nlemek i\u00e7in derhal inceleme ve onar\u0131m gereklidir.<\/li>\n<li><strong>Yava\u015f Hareket:<\/strong> Bom silindiri yava\u015f hareket ediyorsa, bunun nedeni yetersiz hidrolik s\u0131v\u0131s\u0131 veya sistemdeki t\u0131kan\u0131kl\u0131klar olabilir. S\u0131v\u0131 seviyelerini kontrol edin ve herhangi bir t\u0131kan\u0131kl\u0131k olup olmad\u0131\u011f\u0131n\u0131 inceleyin.<\/li>\n<li><strong>Hareket Yok:<\/strong> Hareketin tamamen durmas\u0131n\u0131n nedeni hidrolik hatlarda hava olmas\u0131 veya pompan\u0131n ar\u0131zalanmas\u0131 olabilir. Sistemdeki havay\u0131 bo\u015faltmak veya pompay\u0131 kontrol etmek bu sorunlar\u0131 \u00e7\u00f6zebilir.<\/li>\n<\/ul>\n<h2>Sorun Giderme \u0130pu\u00e7lar\u0131<\/h2>\n<p>Bom silindirlerindeki sorunlar\u0131 etkili bir \u015fekilde te\u015fhis etmek ve \u00e7\u00f6zmek i\u00e7in sistematik bir yakla\u015f\u0131m izleyin. \u00d6ncelikle, g\u00f6r\u00fcn\u00fcr s\u0131z\u0131nt\u0131 veya hasar belirtilerini kontrol edin. Ard\u0131ndan, hidrolik s\u0131v\u0131 seviyelerini ve kalitesini do\u011frulay\u0131n, \u00e7\u00fcnk\u00fc kalitesiz s\u0131v\u0131 performans sorunlar\u0131na yol a\u00e7abilir. \u00dcreticinin sorun giderme k\u0131lavuzuna ba\u015fvurmak ek bilgiler sa\u011flayabilir. \u00d6nleyici bak\u0131m uygulamalar\u0131n\u0131 hayata ge\u00e7irmek, bu sorunlarla kar\u015f\u0131la\u015fma olas\u0131l\u0131\u011f\u0131n\u0131 \u00f6nemli \u00f6l\u00e7\u00fcde azaltabilir.<\/p>\n<p><img decoding=\"async\" src=\"https:\/\/www.hydraulic-cylinders.net\/wp-content\/uploads\/2025\/04\/songte-bushings-with-all-kinds-of-excavator-models.webp\" alt=\"Ekskavat\u00f6r Bur\u00e7lar\u0131\" \/><\/p>\n<h2>\u015eirketimiz Hakk\u0131nda<\/h2>\n<p>Hidrolik silindir yedek par\u00e7alar\u0131 konusunda uzmanla\u015fm\u0131\u015f, kapsaml\u0131 bir \u00fcr\u00fcn yelpazesine sahip bir \u00fcreticiyiz. \u015eirketimiz, hem yurt i\u00e7i hem de uluslararas\u0131 pazarlarda hidrolik silindirlerin \u00f6nde gelen \u00fcreticisi ve toptan da\u011f\u0131t\u0131c\u0131s\u0131 olarak konumlanm\u0131\u015ft\u0131r. Geli\u015fmi\u015f bir \u00fcretim y\u00f6netim stratejisiyle desteklenen kaliteye olan ba\u011fl\u0131l\u0131\u011f\u0131m\u0131za sad\u0131k kal\u0131yoruz. Teknolojik yeteneklere, geli\u015fmi\u015f \u00fcretim ekipmanlar\u0131na ve \u00f6zel test sistemlerine odaklanmam\u0131z, \u00fcretim yeteneklerimizi s\u00fcrekli olarak geli\u015ftirerek, \u00e7e\u015fitli m\u00fc\u015fteri ihtiya\u00e7lar\u0131n\u0131 kar\u015f\u0131lamak i\u00e7in y\u00fcksek verimlilik, hassasiyet ve kalite sa\u011flamaktad\u0131r.<\/p>\n<p><img decoding=\"async\" src=\"https:\/\/www.hydraulic-cylinders.net\/wp-content\/uploads\/2025\/04\/songte-company-4.webp\" alt=\"\u015eirket Genel Bak\u0131\u015f\u0131\" \/><br \/>\n<img decoding=\"async\" src=\"https:\/\/www.hydraulic-cylinders.net\/wp-content\/uploads\/2025\/04\/songte-company-3.webp\" alt=\"\u015eirket Tesisleri\" \/><\/p>\n<p>Uzmanl\u0131\u011f\u0131m\u0131z, profesyonel hizmetler, uluslararas\u0131 sertifikalar, \u00f6zelle\u015ftirilmi\u015f \u00e7\u00f6z\u00fcmler, son teknoloji \u00fcretim ekipmanlar\u0131 ve kapsaml\u0131 sat\u0131\u015f sonras\u0131 deste\u011fi kapsamakta olup, m\u00fc\u015fterilerimizin ihtiya\u00e7lar\u0131n\u0131 etkin bir \u015fekilde kar\u015f\u0131lamam\u0131z\u0131 sa\u011flamaktad\u0131r.<\/p>\n<p>Yazar: lyl<\/p>","protected":false},"excerpt":{"rendered":"<p>Boom Cylinder For Carter CT240-8C Introduction to Boom Cylinders The Boom Cylinder, particularly for the Carter CT240-8C, is an essential hydraulic component designed for controlling the movement of buckets in various heavy machinery, including excavators, backhoe loaders, and front-end loaders. This hydraulic cylinder allows the bucket to lift, lower, and tilt, thereby facilitating material handling [&hellip;]<\/p>","protected":false},"featured_media":17875,"comment_status":"open","ping_status":"closed","template":"","meta":{"_et_pb_use_builder":"","_et_pb_old_content":"","_et_gb_content_width":""},"product_brand":[],"product_cat":[1546],"product_tag":[1547,1496],"class_list":{"0":"post-19522","1":"product","2":"type-product","3":"status-publish","4":"has-post-thumbnail","6":"product_cat-boom-cylinders","7":"product_tag-boom-cylinders","8":"product_tag-hydraulic-cylinders","10":"first","11":"instock","12":"shipping-taxable","13":"product-type-simple"},"amp_enabled":true,"_links":{"self":[{"href":"https:\/\/www.hydraulic-cylinders.net\/tr\/wp-json\/wp\/v2\/product\/19522","targetHints":{"allow":["GET"]}}],"collection":[{"href":"https:\/\/www.hydraulic-cylinders.net\/tr\/wp-json\/wp\/v2\/product"}],"about":[{"href":"https:\/\/www.hydraulic-cylinders.net\/tr\/wp-json\/wp\/v2\/types\/product"}],"replies":[{"embeddable":true,"href":"https:\/\/www.hydraulic-cylinders.net\/tr\/wp-json\/wp\/v2\/comments?post=19522"}],"wp:featuredmedia":[{"embeddable":true,"href":"https:\/\/www.hydraulic-cylinders.net\/tr\/wp-json\/wp\/v2\/media\/17875"}],"wp:attachment":[{"href":"https:\/\/www.hydraulic-cylinders.net\/tr\/wp-json\/wp\/v2\/media?parent=19522"}],"wp:term":[{"taxonomy":"product_brand","embeddable":true,"href":"https:\/\/www.hydraulic-cylinders.net\/tr\/wp-json\/wp\/v2\/product_brand?post=19522"},{"taxonomy":"product_cat","embeddable":true,"href":"https:\/\/www.hydraulic-cylinders.net\/tr\/wp-json\/wp\/v2\/product_cat?post=19522"},{"taxonomy":"product_tag","embeddable":true,"href":"https:\/\/www.hydraulic-cylinders.net\/tr\/wp-json\/wp\/v2\/product_tag?post=19522"}],"curies":[{"name":"wp","href":"https:\/\/api.w.org\/{rel}","templated":true}]}}