{"id":19524,"date":"2025-04-07T06:52:37","date_gmt":"2025-04-07T06:52:37","guid":{"rendered":"https:\/\/www.hydraulic-cylinders.net\/product\/boom-cylinder-for-kym-ky55\/"},"modified":"2025-04-07T06:52:45","modified_gmt":"2025-04-07T06:52:45","slug":"boom-cylinder-for-kym-ky55","status":"publish","type":"product","link":"https:\/\/www.hydraulic-cylinders.net\/tr\/urun\/boom-cylinder-for-kym-ky55\/","title":{"rendered":"KYM KY55 i\u00e7in Bom Silindiri"},"content":{"rendered":"<h1>KYM KY55 i\u00e7in Bom Silindiri<\/h1>\n<h2>Bom Silindirine Giri\u015f<\/h2>\n<p>Bom silindiri, \u00f6zellikle a\u011f\u0131r makineler i\u00e7in tasarlanm\u0131\u015f, ekskavat\u00f6rler, beko y\u00fckleyiciler ve \u00f6n y\u00fckleyiciler gibi uygulamalarda kep\u00e7e hareketlerinin kontrol\u00fcn\u00fc sa\u011flayan hayati bir bile\u015fendir. Bu hidrolik silindirler, kep\u00e7enin kald\u0131r\u0131lmas\u0131n\u0131, indirilmesini ve e\u011filmesini sa\u011flayarak verimli malzeme ta\u015f\u0131ma i\u015flemlerini kolayla\u015ft\u0131r\u0131r. Bir akt\u00fcat\u00f6r g\u00f6revi g\u00f6ren bom silindiri, hidrolik enerjiyi mekanik kuvvete d\u00f6n\u00fc\u015ft\u00fcrerek a\u011f\u0131r y\u00fckler alt\u0131nda bile sorunsuz \u00e7al\u0131\u015fma sa\u011flar. Hidrolik bas\u0131nc\u0131 kullanarak, silindir malzeme kazma ve kald\u0131rma i\u015flemlerinde \u00e7ok \u00f6nemli bir rol oynar ve in\u015faat ve tar\u0131m dahil olmak \u00fczere \u00e7e\u015fitli sekt\u00f6rlerde vazge\u00e7ilmezdir.<\/p>\n<p><img decoding=\"async\" src=\"https:\/\/www.hydraulic-cylinders.net\/wp-content\/uploads\/2025\/04\/songte-company-1.webp\" alt=\"Bom Silindiri G\u00f6r\u00fcnt\u00fcs\u00fc\" \/><\/p>\n<h2>Bom Silindirinin \u00d6zellikleri<\/h2>\n<ul>\n<li>\n<h3>Y\u00fcksek G\u00fc\u00e7 ve Dayan\u0131kl\u0131l\u0131k<\/h3>\n<p>Y\u00fcksek mukavemetli \u00e7elik veya al\u00fcminyumdan \u00fcretilen Bom Silindiri, y\u00fcksek bas\u0131nca ve a\u011f\u0131r y\u00fcklere dayanacak \u015fekilde tasarlanm\u0131\u015ft\u0131r. A\u015f\u0131nma direncini ve korozyon korumas\u0131n\u0131 art\u0131ran \u00f6zellikleriyle zorlu \u00e7al\u0131\u015fma ortamlar\u0131nda performans g\u00f6sterecek \u015fekilde tasarlanm\u0131\u015f olup, uzun bir kullan\u0131m \u00f6mr\u00fc sunmaktad\u0131r.<\/p>\n<\/li>\n<li>\n<h3>Verimli Hidrolik \u00c7al\u0131\u015fma<\/h3>\n<p>Silindir, hidrolik ya\u011f bas\u0131nc\u0131n\u0131 kullanarak d\u00fczg\u00fcn ve hassas uzatma ve geri \u00e7ekme hareketleri ger\u00e7ekle\u015ftirir ve g\u00fc\u00e7l\u00fc itme ve \u00e7ekme yetenekleri sa\u011flar. Bu verimlilik, a\u011f\u0131r malzemelerin ta\u015f\u0131nmas\u0131 ve karma\u015f\u0131k operasyon g\u00f6revlerinin yerine getirilmesi i\u00e7in uygun hale getirir.<\/p>\n<\/li>\n<li>\n<h3>\u00c7e\u015fitli T\u00fcrler Mevcuttur<\/h3>\n<p>Operasyonel ihtiya\u00e7lara ba\u011fl\u0131 olarak, m\u00fc\u015fteriler tek etkili (tek y\u00f6nde hidrolik bas\u0131n\u00e7) veya \u00e7ift etkili (iki y\u00f6nde hidrolik bas\u0131n\u00e7) silindirler aras\u0131nda se\u00e7im yapabilirler. Baz\u0131 modeller teleskopiktir ve d\u0131\u015f boyutlar\u0131 art\u0131rmadan daha fazla uzama imkan\u0131 sa\u011flar; bu da alan k\u0131s\u0131tlamalar\u0131 olan uygulamalar i\u00e7in idealdir.<\/p>\n<\/li>\n<\/ul>\n<p>Bu \u00fcr\u00fcn\u00fc biz \u00fcretiyoruz ve sundu\u011fumuz \u00fcr\u00fcnler \u00e7e\u015fitli hidrolik silindirler i\u00e7in m\u00fckemmel yedek par\u00e7alar olarak hizmet vermektedir.<\/p>\n<p><img decoding=\"async\" src=\"https:\/\/www.hydraulic-cylinders.net\/wp-content\/uploads\/2025\/04\/songte-cylinder-head-with-all-kinds-excavator-models.webp\" alt=\"Ekskavat\u00f6r Modelleri\" \/><\/p>\n<h2>Bom Silindirinin Uygulamalar\u0131<\/h2>\n<ul>\n<li>\n<h3>\u0130n\u015faat Ekipmanlar\u0131<\/h3>\n<p>Ekskavat\u00f6rlerde, bom silindirleri kazma, y\u00fckleme ve toprak veya moloz ta\u015f\u0131ma i\u015flemleri i\u00e7in hayati \u00f6neme sahiptir. Kep\u00e7enin verimli bir \u015fekilde zemine n\u00fcfuz etmesini sa\u011flayarak etkili kaz\u0131 \u00e7al\u0131\u015fmalar\u0131na olanak tan\u0131rlar. Ayr\u0131ca, kaz\u0131c\u0131 y\u00fckleyicilerde hem kazma hem de kald\u0131rma i\u015flemlerine yard\u0131mc\u0131 olarak makinenin \u00e7ok y\u00f6nl\u00fcl\u00fc\u011f\u00fcn\u00fc ve verimlili\u011fini art\u0131r\u0131rlar.<\/p>\n<\/li>\n<li>\n<h3>Tar\u0131m Makinalar\u0131<\/h3>\n<p>\u00d6n y\u00fckleyicilerde, bom silindirleri toprak, saman ve di\u011fer malzemelerin kep\u00e7eyle al\u0131nmas\u0131n\u0131, kald\u0131r\u0131lmas\u0131n\u0131 ve ta\u015f\u0131nmas\u0131n\u0131 kolayla\u015ft\u0131r\u0131r. G\u00fcvenilir \u00e7al\u0131\u015fmalar\u0131 tar\u0131msal i\u015fler i\u00e7in \u00e7ok \u00f6nemlidir ve bu nedenle g\u00fcnl\u00fck i\u015flerinde a\u011f\u0131r makinelere g\u00fcvenen \u00e7ift\u00e7iler i\u00e7in vazge\u00e7ilmezdirler.<\/p>\n<\/li>\n<li>\n<h3>Ekskavat\u00f6rler<\/h3>\n<p>Bom silindiri, kep\u00e7enin topra\u011fa etkili bir \u015fekilde n\u00fcfuz etmesini sa\u011flayarak ekskavat\u00f6rlerin kazma hareketleri ger\u00e7ekle\u015ftirmesine olanak tan\u0131r. Bu i\u015flev, toprak kaz\u0131s\u0131 gerektiren projeler i\u00e7in kritik \u00f6neme sahiptir ve bu nedenle bom silindiri bu makinelerin \u00f6nemli bir bile\u015fenidir.<\/p>\n<\/li>\n<li>\n<h3>Y\u00fckleyiciler<\/h3>\n<p>\u00d6n y\u00fckleyicilerde, bom silindirleri y\u00fcklerin verimli bir \u015fekilde kald\u0131r\u0131lmas\u0131na ve bo\u015falt\u0131lmas\u0131na yard\u0131mc\u0131 olur. Kep\u00e7eyi e\u011fmek i\u00e7in gerekli kuvveti sa\u011flayarak etkili malzeme ta\u015f\u0131may\u0131 ve daha g\u00fcvenli i\u015flemler i\u00e7in y\u00fck da\u011f\u0131l\u0131m\u0131n\u0131 optimize etmeyi sa\u011flarlar.<\/p>\n<\/li>\n<\/ul>\n<h2>Tasar\u0131m Hususlar\u0131 ve Se\u00e7im Kriterleri<\/h2>\n<ul>\n<li>\n<h3>Y\u00fck Kapasitesi<\/h3>\n<p>Bir bom silindiri se\u00e7erken, ta\u015f\u0131ma kapasitesini dikkate almak ve ar\u0131za riski olmadan ama\u00e7lanan a\u011f\u0131rl\u0131\u011f\u0131 kald\u0131rabildi\u011finden emin olmak \u00e7ok \u00f6nemlidir. Bu, yap\u0131m\u0131nda kullan\u0131lan malzemeleri, silindirin boyutlar\u0131n\u0131 ve dayanabilece\u011fi hidrolik bas\u0131nc\u0131 de\u011ferlendirmeyi i\u00e7erir.<\/p>\n<\/li>\n<li>\n<h3>S\u0131zd\u0131rmazl\u0131k Performans\u0131<\/h3>\n<p>Etkili s\u0131zd\u0131rmazl\u0131k, hidrolik s\u0131v\u0131 s\u0131z\u0131nt\u0131s\u0131n\u0131 \u00f6nlemek ve optimum performans\u0131 sa\u011flamak i\u00e7in son derece \u00f6nemlidir. Silindirler, a\u015f\u0131r\u0131 bas\u0131nca dayanabilen ve ya\u011flamay\u0131 koruyabilen y\u00fcksek kaliteli contalarla donat\u0131lmal\u0131d\u0131r; bu da silindirin \u00f6mr\u00fcn\u00fc ve verimlili\u011fini uzat\u0131r.<\/p>\n<\/li>\n<li>\n<h3>Dayan\u0131kl\u0131l\u0131k<\/h3>\n<p>Bom silindirlerinin tasar\u0131m\u0131nda dayan\u0131kl\u0131l\u0131k \u00e7ok \u00f6nemli bir fakt\u00f6rd\u00fcr. Zorlu ortamlarda s\u00fcrekli kullan\u0131mdan kaynaklanan a\u015f\u0131nma ve y\u0131pranmaya kar\u015f\u0131 diren\u00e7li olmalar\u0131 gerekir. Korozyona ve d\u0131\u015f etkenlerden kaynaklanan hasara dayan\u0131kl\u0131 malzemelerin se\u00e7ilmesi, uzun \u00f6m\u00fcrl\u00fcl\u00fck i\u00e7in \u015fartt\u0131r.<\/p>\n<\/li>\n<li>\n<h3>G\u00fcvenlik \u00d6zellikleri<\/h3>\n<p>G\u00fcvenlik asla tehlikeye at\u0131lmamal\u0131d\u0131r. Bom silindirlerinde, kaza riskini \u00f6nlemek i\u00e7in bas\u0131n\u00e7 tahliye vanalar\u0131 ve beklenmedik y\u00fcklere veya darbelere dayanabilen sa\u011flam yap\u0131lar gibi yerle\u015fik g\u00fcvenlik \u00f6zellikleri bulunmal\u0131d\u0131r; bu da operat\u00f6rlerin ve makinelerin g\u00fcvenli\u011fini sa\u011flar.<\/p>\n<\/li>\n<li>\n<h3>Bak\u0131m Eri\u015filebilirli\u011fi<\/h3>\n<p>Hidrolik silindirlerin uzun \u00f6m\u00fcrl\u00fc olmas\u0131 i\u00e7in bak\u0131m kolayl\u0131\u011f\u0131 hayati \u00f6nem ta\u015f\u0131r. Tasar\u0131m, contalar ve ba\u011flant\u0131 par\u00e7alar\u0131 gibi bile\u015fenlere kolay eri\u015fim sa\u011flamal\u0131, d\u00fczenli incelemeleri, bak\u0131m\u0131 ve onar\u0131mlar\u0131 kolayla\u015ft\u0131rarak ar\u0131za s\u00fcresini en aza indirmelidir.<\/p>\n<\/li>\n<\/ul>\n<p><img decoding=\"async\" src=\"https:\/\/www.hydraulic-cylinders.net\/wp-content\/uploads\/2025\/04\/songte-oil-pipes-and-spare-parts.webp\" alt=\"Petrol Borular\u0131 ve Yedek Par\u00e7alar\u0131\" \/><\/p>\n<h2>S\u0131zd\u0131rmazl\u0131k ve Ya\u011flama<\/h2>\n<p>Bom silindirlerinin performans\u0131 ve uzun \u00f6mr\u00fc i\u00e7in uygun s\u0131zd\u0131rmazl\u0131k ve ya\u011flama \u00e7ok \u00f6nemlidir. Piston contalar\u0131 ve mil contalar\u0131 gibi \u00e7e\u015fitli contalar, hidrolik s\u0131v\u0131n\u0131n silindir i\u00e7inde kalmas\u0131n\u0131 sa\u011flamak i\u00e7in kullan\u0131l\u0131r. Poli\u00fcretan ve nitril kau\u00e7uk gibi a\u015f\u0131nmaya dayan\u0131kl\u0131 malzemelerden yap\u0131lm\u0131\u015f contalar, a\u015f\u0131nmay\u0131 en aza indirmek i\u00e7in idealdir. Ayr\u0131ca, silindir g\u00f6vdesi ve di\u015fli u\u00e7lar\u0131, a\u015f\u0131nd\u0131r\u0131c\u0131 unsurlara kar\u015f\u0131 dayan\u0131kl\u0131l\u0131\u011f\u0131 art\u0131rmak i\u00e7in hassas i\u015fleme tabi tutulur. D\u00fczg\u00fcn \u00e7al\u0131\u015fmay\u0131 sa\u011flamak, s\u00fcrt\u00fcnmeyi azaltmak ve a\u015f\u0131r\u0131 \u0131s\u0131nmay\u0131 \u00f6nlemek i\u00e7in d\u00fczenli hidrolik ya\u011f ile ya\u011flama gereklidir; bu da silindirin hizmet \u00f6mr\u00fcn\u00fc uzat\u0131r.<\/p>\n<h2>D\u00fczenli Muayene ve \u00d6nleyici Bak\u0131m \u00d6nlemleri<\/h2>\n<ul>\n<li>\n<h3>D\u00fczenli Kontroller<\/h3>\n<p>Bom silindirinde a\u015f\u0131nma, s\u0131z\u0131nt\u0131 veya hasar belirtileri olup olmad\u0131\u011f\u0131n\u0131 tespit etmek i\u00e7in s\u0131k s\u0131k kontroller yap\u0131lmal\u0131d\u0131r. Sorunlar\u0131n erken tespiti, daha ciddi problemleri ve maliyetli onar\u0131mlar\u0131 \u00f6nleyebilir.<\/p>\n<\/li>\n<li>\n<h3>Uygun Ya\u011flama<\/h3>\n<p>Hidrolik sistemde uygun ya\u011flama seviyelerinin korunmas\u0131 \u00e7ok \u00f6nemlidir. A\u015f\u0131r\u0131 \u0131s\u0131nmay\u0131 ve bile\u015fenlerde a\u015f\u0131r\u0131 a\u015f\u0131nmay\u0131 \u00f6nlemek i\u00e7in hidrolik ya\u011f\u0131n gerekti\u011fi gibi yenilenmesi gerekir.<\/p>\n<\/li>\n<li>\n<h3>Conta De\u011fi\u015fimi<\/h3>\n<p>Hidrolik s\u0131v\u0131 s\u0131z\u0131nt\u0131lar\u0131n\u0131 \u00f6nlemek i\u00e7in contalar d\u00fczenli olarak de\u011fi\u015ftirilmelidir. Bom silindirinin optimum performans\u0131n\u0131 sa\u011flamak i\u00e7in conta kontrolleri ve de\u011fi\u015fimleri i\u00e7in bir program uygulay\u0131n.<\/p>\n<\/li>\n<\/ul>\n<h2>Kurulum Talimatlar\u0131<\/h2>\n<p>Bom silindirinin do\u011fru montaj\u0131, optimum performans i\u00e7in \u00e7ok \u00f6nemlidir. Yanl\u0131\u015f hizalama sorunlar\u0131n\u0131 \u00f6nlemek i\u00e7in silindirin ba\u011flant\u0131 noktalar\u0131yla do\u011fru \u015fekilde hizaland\u0131\u011f\u0131ndan emin olarak i\u015fe ba\u015flay\u0131n. Silindiri yerine sabitlemek i\u00e7in uygun montaj braketleri kullan\u0131n ve \u00e7al\u0131\u015fma s\u0131ras\u0131nda herhangi bir hareketi \u00f6nlemek i\u00e7in s\u0131k\u0131ca sabitlendi\u011finden emin olun. Hidrolik hatlar\u0131n, \u00fcreticinin bas\u0131n\u00e7 ve s\u0131v\u0131 ba\u011flant\u0131lar\u0131 i\u00e7in belirledi\u011fi \u00f6zelliklere uygun olarak do\u011fru \u015fekilde ba\u011flanmas\u0131 \u00e7ok \u00f6nemlidir. Montajdan sonra, makineyi \u00e7al\u0131\u015ft\u0131rmadan \u00f6nce t\u00fcm ba\u011flant\u0131lar\u0131 ve ayarlar\u0131 iyice kontrol edin ve g\u00fcvenli ve verimli kullan\u0131m i\u00e7in her \u015feyin yerinde oldu\u011fundan emin olun.<\/p>\n<h2>Yayg\u0131n Bak\u0131m G\u00f6revleri<\/h2>\n<ul>\n<li>\n<h3>D\u00fczenli Denetimler<\/h3>\n<p>Potansiyel sorunlar\u0131n b\u00fcy\u00fcmeden \u00f6nce tespit edilmesi i\u00e7in d\u00fczenli kontroller yapmak hayati \u00f6nem ta\u015f\u0131r. A\u015f\u0131nma veya hasar belirtilerine dikkat edin ve bom silindirinin en iyi \u015fekilde \u00e7al\u0131\u015fmaya devam etmesini sa\u011flamak i\u00e7in endi\u015felerinizi derhal giderin.<\/p>\n<\/li>\n<li>\n<h3>Uygun Ya\u011flama<\/h3>\n<p>Do\u011fru tip ve miktarda hidrolik ya\u011f kullanmak, performans\u0131 korumak i\u00e7in \u00e7ok \u00f6nemlidir. Bom silindirinin b\u00fct\u00fcnl\u00fc\u011f\u00fcn\u00fc korumak i\u00e7in ya\u011flay\u0131c\u0131lar\u0131n d\u00fczenli olarak eklendi\u011finden ve sistemin kirleticilerden temiz tutuldu\u011fundan emin olun.<\/p>\n<\/li>\n<li>\n<h3>Conta De\u011fi\u015fimi ve Kalibrasyon Kontrolleri<\/h3>\n<p>Contalar\u0131n d\u00fczenli olarak de\u011fi\u015ftirilmesi ve kalibrasyon kontrollerinin yap\u0131lmas\u0131, sistemin sorunsuz \u00e7al\u0131\u015fmas\u0131n\u0131 sa\u011flar. Bak\u0131m rutinleri s\u0131ras\u0131nda contalardaki a\u015f\u0131nma kontrol edilmeli ve hidrolik sistemdeki herhangi bir hizalama hatas\u0131 derhal d\u00fczeltilmelidir.<\/p>\n<\/li>\n<\/ul>\n<p><img decoding=\"async\" src=\"https:\/\/www.hydraulic-cylinders.net\/wp-content\/uploads\/2025\/04\/songte-chushion-collar.webp\" alt=\"Yast\u0131k Yaka\" \/><\/p>\n<h2>G\u00fcvenlik Hususlar\u0131 ve \u00c7evresel Fakt\u00f6rler<\/h2>\n<p>Hidrolik sistemlerle \u00e7al\u0131\u015f\u0131rken g\u00fcvenlik \u00f6nlemleri son derece \u00f6nemlidir. Bom silindirli makinelerin kullan\u0131m\u0131 konusunda uygun e\u011fitim, kaza riskini en aza indirmek i\u00e7in \u015fartt\u0131r. Operat\u00f6rler, hidrolik bas\u0131n\u00e7la ili\u015fkili potansiyel tehlikelerin fark\u0131nda olmal\u0131 ve g\u00fcvenlik ekipmanlar\u0131n\u0131 her zaman takmal\u0131d\u0131r. Ayr\u0131ca, \u00e7evresel hususlar da dikkate al\u0131nmal\u0131d\u0131r; \u00e7evre dostu hidrolik s\u0131v\u0131lar kullanmak \u00e7evre \u00fczerindeki etkiyi azaltabilir. Toprak veya su kaynaklar\u0131n\u0131n kirlenmesini \u00f6nlemek i\u00e7in kullan\u0131lm\u0131\u015f ya\u011flar\u0131 veya s\u0131v\u0131lar\u0131 yerel y\u00f6netmeliklere uygun olarak bertaraf edin.<\/p>\n<h2>Yayg\u0131n Sorunlar\u0131n Giderilmesi<\/h2>\n<ul>\n<li>\n<h3>S\u0131z\u0131nt\u0131<\/h3>\n<p>Hidrolik s\u0131v\u0131 s\u0131z\u0131nt\u0131s\u0131, a\u015f\u0131nm\u0131\u015f contalar\u0131 veya hasar g\u00f6rm\u00fc\u015f par\u00e7alar\u0131 g\u00f6sterebilir. Contalar\u0131 a\u015f\u0131nma belirtileri a\u00e7\u0131s\u0131ndan inceleyin ve gerekirse de\u011fi\u015ftirin. S\u0131z\u0131nt\u0131lar\u0131 \u00f6nlemek i\u00e7in ba\u011flant\u0131lar\u0131n s\u0131k\u0131l\u0131\u011f\u0131n\u0131 kontrol edin.<\/p>\n<\/li>\n<li>\n<h3>Azalt\u0131lm\u0131\u015f Performans<\/h3>\n<p>Bom silindiri beklendi\u011fi gibi \u00e7al\u0131\u015fm\u0131yorsa, hidrolik s\u0131v\u0131 seviyesini ve kalitesini kontrol edin. D\u00fc\u015f\u00fck veya kirlenmi\u015f s\u0131v\u0131 performans\u0131 engelleyebilir. Ayr\u0131ca, hidrolik hatlarda herhangi bir t\u0131kan\u0131kl\u0131k olup olmad\u0131\u011f\u0131n\u0131 inceleyin.<\/p>\n<\/li>\n<li>\n<h3>Beklenmedik Sesler<\/h3>\n<p>\u00c7al\u0131\u015fma s\u0131ras\u0131nda ola\u011fand\u0131\u015f\u0131 sesler, i\u00e7 hasara veya d\u00fc\u015f\u00fck ya\u011flama seviyesine i\u015faret edebilir. Sesin kayna\u011f\u0131n\u0131 ara\u015ft\u0131r\u0131n ve daha fazla hasar\u0131 \u00f6nlemek i\u00e7in derhal m\u00fcdahale edin.<\/p>\n<\/li>\n<\/ul>\n<p>D\u00fczenli kontroller ve zaman\u0131nda bak\u0131m gibi \u00f6nleyici tedbirlerin uygulanmas\u0131, bu sorunlar\u0131n ortaya \u00e7\u0131kma olas\u0131l\u0131\u011f\u0131n\u0131 \u00f6nemli \u00f6l\u00e7\u00fcde azaltarak bom silindirinin g\u00fcvenilirli\u011fini sa\u011flayabilir.<\/p>\n<p><img decoding=\"async\" src=\"https:\/\/www.hydraulic-cylinders.net\/wp-content\/uploads\/2025\/04\/songte-bushings-with-all-kinds-of-excavator-models.webp\" alt=\"Ekskavat\u00f6r Modellerinde Bur\u00e7lar\" \/><\/p>\n<h2>\u015eirketimiz Hakk\u0131nda<\/h2>\n<p>\u00d6nde gelen yedek hidrolik silindir \u00fcreticisi olarak, geni\u015f \u00fcr\u00fcn yelpazemiz ve kaliteye olan ba\u011fl\u0131l\u0131\u011f\u0131m\u0131zla tan\u0131n\u0131yoruz. Yurti\u00e7i ve yurtd\u0131\u015f\u0131 pazarlarda en iyi \u00fcretici ve toptanc\u0131lardan biri olarak, en y\u00fcksek m\u00fckemmellik standartlar\u0131na ba\u011fl\u0131 kal\u0131yoruz. Geli\u015fmi\u015f \u00fcretim y\u00f6netim stratejilerimiz, yetenekli teknik personelimiz ve ileri \u00fcretim ekipmanlar\u0131m\u0131z, y\u00fcksek kaliteli hidrolik silindirler sunmam\u0131z\u0131 sa\u011fl\u0131yor. \u00dcretim s\u00fcre\u00e7lerimiz verimlilik, hassasiyet ve kalite a\u00e7\u0131s\u0131ndan optimize edilmi\u015ftir ve m\u00fc\u015fterilerimizin \u00e7e\u015fitli ihtiya\u00e7lar\u0131n\u0131 kar\u015f\u0131lamam\u0131z\u0131 garanti eder.<\/p>\n<ul>\n<li>\n<h3>Uzmanl\u0131k Alan\u0131 ve Sekt\u00f6r Sertifikalar\u0131<\/h3>\n<p>Sekt\u00f6r\u00fcm\u00fczle ilgili kapsaml\u0131 bilgi birikimimiz ve kalite ve g\u00fcvenlik standartlar\u0131na olan ba\u011fl\u0131l\u0131\u011f\u0131m\u0131z\u0131 do\u011frulayan sertifikalar\u0131m\u0131z sayesinde \u00fcr\u00fcnlerimizin g\u00fcvenilir ve verimli olmas\u0131n\u0131 sa\u011fl\u0131yoruz.<\/p>\n<\/li>\n<li>\n<h3>\u00d6zel Hizmetler<\/h3>\n<p>M\u00fc\u015fterilerimizin \u00f6zel gereksinimlerini kar\u015f\u0131lamak \u00fczere tasarlanm\u0131\u015f, \u00fcr\u00fcnlerimizin \u00e7ok y\u00f6nl\u00fcl\u00fc\u011f\u00fcn\u00fc art\u0131ran ve m\u00fc\u015fteri memnuniyetini sa\u011flayan \u00f6zel \u00e7\u00f6z\u00fcmler sunuyoruz.<\/p>\n<\/li>\n<li>\n<h3>Geli\u015fmi\u015f \u00dcretim Ekipmanlar\u0131<\/h3>\n<p>Son teknolojiyle donat\u0131lm\u0131\u015f \u00fcretim tesislerimiz, her bir \u00fcnitede hassasiyet ve performans sa\u011flayan y\u00fcksek kaliteli hidrolik silindirler \u00fcretmek i\u00e7in en ileri teknolojiyi kullanmaktad\u0131r.<\/p>\n<\/li>\n<li>\n<h3>Kapsaml\u0131 Sat\u0131\u015f Sonras\u0131 Destek<\/h3>\n<p>Sat\u0131\u015f sonras\u0131 s\u00fcrekli destek ve hizmet sunarak, m\u00fc\u015fterilerimizin ihtiya\u00e7 duyduklar\u0131 her an yard\u0131m almalar\u0131n\u0131 sa\u011fl\u0131yor ve b\u00f6ylece uzun vadeli ortakl\u0131klar kuruyoruz.<\/p>\n<\/li>\n<\/ul>\n<p><img decoding=\"async\" src=\"https:\/\/www.hydraulic-cylinders.net\/wp-content\/uploads\/2025\/04\/songte-company-4.webp\" alt=\"\u015eirket G\u00f6rseli 1\" \/><br \/>\n<img decoding=\"async\" src=\"https:\/\/www.hydraulic-cylinders.net\/wp-content\/uploads\/2025\/04\/songte-company-3.webp\" alt=\"\u015eirket G\u00f6rseli 2\" \/><\/p>\n<p>Yazar: lyl<\/p>","protected":false},"excerpt":{"rendered":"<p>Boom Cylinder For KYM KY55 Introduction to Boom Cylinder The Boom Cylinder is a vital component specifically designed for heavy machinery, enabling the control of bucket movements in applications such as excavators, backhoe loaders, and front-end loaders. These hydraulic cylinders allow the bucket to lift, lower, and tilt, facilitating efficient material handling tasks. Acting as [&hellip;]<\/p>","protected":false},"featured_media":17877,"comment_status":"open","ping_status":"closed","template":"","meta":{"_et_pb_use_builder":"","_et_pb_old_content":"","_et_gb_content_width":""},"product_brand":[],"product_cat":[1546],"product_tag":[1547,1496],"class_list":{"0":"post-19524","1":"product","2":"type-product","3":"status-publish","4":"has-post-thumbnail","6":"product_cat-boom-cylinders","7":"product_tag-boom-cylinders","8":"product_tag-hydraulic-cylinders","10":"first","11":"instock","12":"shipping-taxable","13":"product-type-simple"},"amp_enabled":true,"_links":{"self":[{"href":"https:\/\/www.hydraulic-cylinders.net\/tr\/wp-json\/wp\/v2\/product\/19524","targetHints":{"allow":["GET"]}}],"collection":[{"href":"https:\/\/www.hydraulic-cylinders.net\/tr\/wp-json\/wp\/v2\/product"}],"about":[{"href":"https:\/\/www.hydraulic-cylinders.net\/tr\/wp-json\/wp\/v2\/types\/product"}],"replies":[{"embeddable":true,"href":"https:\/\/www.hydraulic-cylinders.net\/tr\/wp-json\/wp\/v2\/comments?post=19524"}],"wp:featuredmedia":[{"embeddable":true,"href":"https:\/\/www.hydraulic-cylinders.net\/tr\/wp-json\/wp\/v2\/media\/17877"}],"wp:attachment":[{"href":"https:\/\/www.hydraulic-cylinders.net\/tr\/wp-json\/wp\/v2\/media?parent=19524"}],"wp:term":[{"taxonomy":"product_brand","embeddable":true,"href":"https:\/\/www.hydraulic-cylinders.net\/tr\/wp-json\/wp\/v2\/product_brand?post=19524"},{"taxonomy":"product_cat","embeddable":true,"href":"https:\/\/www.hydraulic-cylinders.net\/tr\/wp-json\/wp\/v2\/product_cat?post=19524"},{"taxonomy":"product_tag","embeddable":true,"href":"https:\/\/www.hydraulic-cylinders.net\/tr\/wp-json\/wp\/v2\/product_tag?post=19524"}],"curies":[{"name":"wp","href":"https:\/\/api.w.org\/{rel}","templated":true}]}}