{"id":19529,"date":"2025-04-07T06:52:58","date_gmt":"2025-04-07T06:52:58","guid":{"rendered":"https:\/\/www.hydraulic-cylinders.net\/product\/boom-cylinder-for-kym-ky50a\/"},"modified":"2025-04-07T06:53:00","modified_gmt":"2025-04-07T06:53:00","slug":"boom-cylinder-for-kym-ky50a","status":"publish","type":"product","link":"https:\/\/www.hydraulic-cylinders.net\/tr\/urun\/boom-cylinder-for-kym-ky50a\/","title":{"rendered":"KYM KY50A i\u00e7in Bom Silindiri"},"content":{"rendered":"<h1>KYM KY50A i\u00e7in Bom Silindiri<\/h1>\n<h2>Bom Silindirlerine Giri\u015f<\/h2>\n<p>Bom silindiri, ekskavat\u00f6rler, kaz\u0131c\u0131lar ve \u00f6n y\u00fckleyiciler gibi a\u011f\u0131r makinelerin bomunun hareketini kontrol etmek i\u00e7in \u00f6zel olarak tasarlanm\u0131\u015f bir hidrolik silindir t\u00fcr\u00fcd\u00fcr. Bomun kald\u0131r\u0131lmas\u0131n\u0131, indirilmesini ve e\u011filmesini sa\u011flayarak \u00e7e\u015fitli malzeme ta\u015f\u0131ma g\u00f6revlerini kolayla\u015ft\u0131r\u0131r. Bom silindiri, hidrolik sistemlerde \u00e7ok \u00f6nemli bir rol oynar ve hidrolik s\u0131v\u0131 bas\u0131nc\u0131n\u0131 mekanik i\u015fe d\u00f6n\u00fc\u015ft\u00fcr\u00fcr. Hassas m\u00fchendislikle \u00fcretilen bu silindirler, a\u011f\u0131r ekipmanlar\u0131n verimlili\u011fini ve performans\u0131n\u0131 en \u00fcst d\u00fczeye \u00e7\u0131karmak i\u00e7in gereklidir.<\/p>\n<p><img decoding=\"async\" src=\"https:\/\/www.hydraulic-cylinders.net\/wp-content\/uploads\/2025\/04\/songte-company-1.webp\" alt=\"Bom Silindiri G\u00f6r\u00fcnt\u00fcs\u00fc\"><\/p>\n<h2>Bom Silindirinin \u00d6zellikleri<\/h2>\n<ul>\n<li><strong>Y\u00fcksek Dayan\u0131kl\u0131l\u0131k ve Dayan\u0131kl\u0131l\u0131k:<\/strong> Genellikle y\u00fcksek mukavemetli \u00e7elik veya al\u00fcminyumdan \u00fcretilen bu silindirler, y\u00fcksek bas\u0131nca ve a\u011f\u0131r y\u00fcklere dayanabilir, bu da onlar\u0131 zorlu \u00e7al\u0131\u015fma ortamlar\u0131 i\u00e7in ideal hale getirir. Tasar\u0131mda a\u015f\u0131nma direnci ve korozyon direnci dikkate al\u0131narak kullan\u0131m \u00f6mr\u00fc uzat\u0131lm\u0131\u015ft\u0131r.<\/li>\n<li><strong>Verimli Hidrolik \u00c7al\u0131\u015fma:<\/strong> Hidrolik s\u0131v\u0131 bas\u0131nc\u0131n\u0131n kullan\u0131lmas\u0131, d\u00fczg\u00fcn uzatma ve geri \u00e7ekme imkan\u0131 sa\u011flar, kontrol komutlar\u0131na h\u0131zl\u0131 yan\u0131t verir ve a\u011f\u0131r y\u00fcklerin ve karma\u015f\u0131k g\u00f6revlerin \u00fcstesinden gelmek i\u00e7in uygun \u00f6nemli bir itme ve \u00e7ekme kuvveti sunar.<\/li>\n<li><strong>\u00c7e\u015fitli T\u00fcrler:<\/strong> Bom silindirleri, \u00e7e\u015fitli operasyonel ihtiya\u00e7lar\u0131 kar\u015f\u0131lamak \u00fczere tek etkili (hidrolik kuvveti tek y\u00f6nde kullanan) veya \u00e7ift etkili (hidrolik kuvveti iki y\u00f6nde kullanan) varyantlarda mevcuttur. Baz\u0131 modeller teleskopiktir ve d\u0131\u015f boyutlar\u0131 art\u0131rmadan daha fazla uzatmaya olanak tan\u0131r; bu da dar alanlar i\u00e7in idealdir.<\/li>\n<li><strong>\u00d6zel \u00dcretim:<\/strong> \u00dcr\u00fcnlerimiz, mevcut hidrolik silindirlerin yerini m\u00fckemmel bir \u015fekilde alarak uyumluluk ve performans garantisi sunar.<\/li>\n<\/ul>\n<p><img decoding=\"async\" src=\"https:\/\/www.hydraulic-cylinders.net\/wp-content\/uploads\/2025\/04\/songte-cylinder-head-with-all-kinds-excavator-models.webp\" alt=\"Hidrolik Silindir \u00c7e\u015fitleri\"><\/p>\n<h2>Bom Silindirinin Uygulamalar\u0131<\/h2>\n<h3>\u0130n\u015faat Ekipmanlar\u0131<\/h3>\n<p>Ekskavat\u00f6rlerde, bom silindirleri toprak veya moloz kazma, y\u00fckleme ve ta\u015f\u0131ma i\u015flemlerinde hayati \u00f6neme sahiptir. Hem kazmay\u0131 hem de kald\u0131rmay\u0131 kolayla\u015ft\u0131rarak \u015fantiyelerde verimli \u00e7al\u0131\u015fma sa\u011flarlar. Hidrolik sistem, bomun hareketinin hassas bir \u015fekilde kontrol edilmesini sa\u011flayarak malzeme ta\u015f\u0131ma i\u015flerinde verimlili\u011fi ve g\u00fcvenli\u011fi art\u0131r\u0131r.<\/p>\n<h3>Tar\u0131m Makinalar\u0131<\/h3>\n<p>\u00d6n y\u00fckleyicilerde, bom silindirleri toprak, saman ve di\u011fer malzemeleri kep\u00e7elemek, kald\u0131rmak ve ta\u015f\u0131mak i\u00e7in kullan\u0131l\u0131r. Tasar\u0131mlar\u0131, tar\u0131msal s\u00fcre\u00e7ler i\u00e7in hayati \u00f6nem ta\u015f\u0131yan sorunsuz \u00e7al\u0131\u015fmay\u0131 sa\u011flar. A\u011f\u0131r y\u00fckleri kald\u0131rma yetene\u011fi, tar\u0131m i\u015flerinde verimlili\u011fi b\u00fcy\u00fck \u00f6l\u00e7\u00fcde art\u0131r\u0131r ve bu da bu silindirleri modern tar\u0131mda vazge\u00e7ilmez k\u0131lar.<\/p>\n<h3>Ekskavat\u00f6rler<\/h3>\n<p>Ekskavat\u00f6rlerde, bom silindirleri kep\u00e7enin topra\u011fa n\u00fcfuz etmesini sa\u011flayarak kazma i\u015flemini kolayla\u015ft\u0131r\u0131r. Toprak direncini a\u015fmak i\u00e7in gerekli kuvveti sa\u011flayarak verimli kazma ve hafriyat imkan\u0131 sunarlar. Hidrolik sistemin etkinli\u011fi, bom silindirinin performans\u0131yla do\u011frudan ili\u015fkilidir ve bu da onu hafriyat i\u015flerinde \u00f6nemli bir bile\u015fen haline getirir.<\/p>\n<h3>Y\u00fckleyiciler<\/h3>\n<p>\u00d6n y\u00fckleyicilerde, bom silindirleri malzemelerin etkili bir \u015fekilde kald\u0131r\u0131lmas\u0131na ve bo\u015falt\u0131lmas\u0131na yard\u0131mc\u0131 olur. Sa\u011flad\u0131klar\u0131 \u00f6nemli kald\u0131rma kuvveti, verimli y\u00fckleme ve bo\u015faltma s\u00fcre\u00e7lerine olanak tan\u0131yarak, g\u00f6revleri tamamlamak i\u00e7in gereken zaman\u0131 ve \u00e7abay\u0131 azalt\u0131r. Bu silindirler, \u00e7e\u015fitli y\u00fckleme uygulamalar\u0131nda malzeme ta\u015f\u0131ma i\u00e7in vazge\u00e7ilmezdir.<\/p>\n<h2>Tasar\u0131m Hususlar\u0131 ve Se\u00e7im Kriterleri<\/h2>\n<h3>Y\u00fck Kapasitesi<\/h3>\n<p>Bom silindirinin y\u00fck ta\u015f\u0131ma kapasitesi, kritik bir tasar\u0131m unsurudur. \u00c7al\u0131\u015fma s\u0131ras\u0131nda kald\u0131rabilece\u011fi maksimum a\u011f\u0131rl\u0131\u011fa g\u00f6re se\u00e7ilmelidir. \u00dcreticiler, silindirin ar\u0131za riski olmadan \u00e7al\u0131\u015fma y\u00fcklerine dayanabilmesini sa\u011flayan \u00f6zellikler sunar. Y\u00fck ta\u015f\u0131ma kapasitesini anlamak, g\u00fcvenli ve etkili makine \u00e7al\u0131\u015fmas\u0131 i\u00e7in \u00e7ok \u00f6nemlidir.<\/p>\n<h3>S\u0131zd\u0131rmazl\u0131k Mekanizmalar\u0131<\/h3>\n<p>Hidrolik sistemin verimlili\u011fini tehlikeye atabilecek hidrolik s\u0131v\u0131 s\u0131z\u0131nt\u0131s\u0131n\u0131 \u00f6nlemek i\u00e7in etkili s\u0131zd\u0131rmazl\u0131k \u00e7ok \u00f6nemlidir. Piston contalar\u0131 ve mil contalar\u0131 gibi y\u00fcksek kaliteli, poli\u00fcretan veya nitril kau\u00e7uk gibi dayan\u0131kl\u0131 malzemelerden yap\u0131lm\u0131\u015f contalar kullan\u0131lmal\u0131d\u0131r. Do\u011fru s\u0131zd\u0131rmazl\u0131k, bom silindirinin \u00f6mr\u00fcn\u00fc ve g\u00fcvenilirli\u011fini art\u0131r\u0131r.<\/p>\n<h3>Dayan\u0131kl\u0131l\u0131k<\/h3>\n<p>Bom silindirlerinin tasar\u0131m\u0131nda dayan\u0131kl\u0131l\u0131k son derece \u00f6nemlidir, \u00e7\u00fcnk\u00fc bunlar zorlu ko\u015fullara ve yo\u011fun kullan\u0131ma maruz kal\u0131rlar. \u00dcreticiler, korozyona dayan\u0131kl\u0131 malzemeler kullanmaya ve a\u015f\u0131nd\u0131r\u0131c\u0131 ortamlara dayanabilen silindirler tasarlamaya odaklan\u0131rlar. Dayan\u0131kl\u0131 bir tasar\u0131m, silindirin zaman i\u00e7inde etkili bir \u015fekilde \u00e7al\u0131\u015fmas\u0131n\u0131 sa\u011flayarak bak\u0131m ve de\u011fi\u015ftirme maliyetlerini azalt\u0131r.<\/p>\n<h3>G\u00fcvenlik \u00d6zellikleri<\/h3>\n<p>\u00d6zellikle a\u011f\u0131r makinelerin kullan\u0131m\u0131nda, bom silindiri tasar\u0131m\u0131na g\u00fcvenlik \u00f6zelliklerinin dahil edilmesi \u00e7ok \u00f6nemlidir. Emniyet valfleri, bas\u0131n\u00e7 g\u00f6stergeleri ve di\u011fer g\u00fcvenlik cihazlar\u0131 kazalar\u0131 \u00f6nlemeye ve istikrarl\u0131 \u00e7al\u0131\u015fmay\u0131 sa\u011flamaya yard\u0131mc\u0131 olur. Kullan\u0131m s\u0131ras\u0131nda operat\u00f6rleri ve makineleri korumak i\u00e7in uygun g\u00fcvenlik \u00f6nlemleri al\u0131nmal\u0131d\u0131r.<\/p>\n<h3>Bak\u0131m Eri\u015filebilirli\u011fi<\/h3>\n<p>Bom silindirlerinin kolay bak\u0131m i\u00e7in tasarlanmas\u0131, uzun \u00f6m\u00fcr ve performans i\u00e7in hayati \u00f6nem ta\u015f\u0131r. Eri\u015filebilir gres ba\u011flant\u0131 noktalar\u0131 ve kolayca de\u011fi\u015ftirilebilir contalar gibi \u00f6zellikler, uzun s\u00fcreli ar\u0131za s\u00fcrelerine gerek kalmadan rutin bak\u0131m yap\u0131lmas\u0131n\u0131 sa\u011flar. Bak\u0131m\u0131n h\u0131zl\u0131 ve verimli bir \u015fekilde yap\u0131labilmesini sa\u011flamak, silindir performans\u0131n\u0131n en \u00fcst d\u00fczeye \u00e7\u0131kar\u0131lmas\u0131 i\u00e7in \u00e7ok \u00f6nemlidir.<\/p>\n<p><img decoding=\"async\" src=\"https:\/\/www.hydraulic-cylinders.net\/wp-content\/uploads\/2025\/04\/songte-oil-pipes-and-spare-parts.webp\" alt=\"Hidrolik Silindir Bak\u0131m Par\u00e7alar\u0131\"><\/p>\n<h2>Silindirin S\u0131zd\u0131rmazl\u0131\u011f\u0131 ve Ya\u011flanmas\u0131<\/h2>\n<p>Bom silindirlerinin etkili \u00e7al\u0131\u015fmas\u0131 i\u00e7in s\u0131zd\u0131rmazl\u0131k ve ya\u011flama kritik \u00f6neme sahiptir. Piston contalar\u0131 ve mil contalar\u0131 da dahil olmak \u00fczere \u00e7e\u015fitli contalar, silindir i\u00e7indeki hidrolik s\u0131v\u0131n\u0131n korunmas\u0131n\u0131 sa\u011flar. Poli\u00fcretan ve nitril kau\u00e7uk gibi a\u015f\u0131nmaya dayan\u0131kl\u0131 malzemelerden yap\u0131lan contalar, \u00e7al\u0131\u015fma streslerine dayanabilir ve silindirin \u00f6mr\u00fcn\u00fc uzatabilir.<\/p>\n<p>Silindir g\u00f6vdesi ve di\u015fli u\u00e7 y\u00fczeyleri, a\u015f\u0131nma direncini art\u0131rmak, s\u0131k\u0131 bir s\u0131zd\u0131rmazl\u0131k sa\u011flamak ve s\u0131z\u0131nt\u0131lar\u0131 \u00f6nlemek i\u00e7in hassas bir \u015fekilde i\u015flenmi\u015ftir. Sorunsuz \u00e7al\u0131\u015fmay\u0131 s\u00fcrd\u00fcrmek ve a\u015f\u0131nmay\u0131 \u00f6nlemek i\u00e7in hidrolik ya\u011f ile d\u00fczenli ya\u011flama gereklidir; bu da iyi bir ya\u011flama program\u0131n\u0131n \u00f6nemini vurgulamaktad\u0131r.<\/p>\n<h2>D\u00fczenli Muayene ve \u00d6nleyici Bak\u0131m \u00d6nlemleri<\/h2>\n<ul>\n<li><strong>D\u00fczenli Denetimler:<\/strong> Bom silindirinde a\u015f\u0131nma, s\u0131z\u0131nt\u0131 veya hasar belirtileri olup olmad\u0131\u011f\u0131n\u0131 s\u0131k s\u0131k kontrol etmek \u00e7ok \u00f6nemlidir. Sorunlar\u0131 erken tespit etmek, ilerleyen s\u00fcre\u00e7te daha b\u00fcy\u00fck problemlerin \u00f6n\u00fcne ge\u00e7ebilir.<\/li>\n<li><strong>Uygun Ya\u011flama:<\/strong> Silindirin d\u00fczenli olarak uygun \u015fekilde ya\u011flanmas\u0131, i\u015flevselli\u011fi i\u00e7in hayati \u00f6nem ta\u015f\u0131r. Do\u011fru tipte hidrolik ya\u011f kullan\u0131n ve \u00f6nerilen ya\u011flama aral\u0131klar\u0131na uyun.<\/li>\n<li><strong>Conta De\u011fi\u015fimi:<\/strong> Zamanla contalar a\u015f\u0131nabilir ve de\u011fi\u015ftirilmesi gerekebilir. Silindirin performans\u0131n\u0131 korumak ve s\u0131v\u0131 s\u0131z\u0131nt\u0131s\u0131n\u0131 \u00f6nlemek i\u00e7in conta b\u00fct\u00fcnl\u00fc\u011f\u00fcn\u00fcn d\u00fczenli olarak kontrol edilmesi gerekir.<\/li>\n<\/ul>\n<h2>Do\u011fru Kurulum Y\u00f6nergeleri<\/h2>\n<p>Bom silindirinin do\u011fru montaj\u0131, optimum performans i\u00e7in \u00e7ok \u00f6nemlidir. \u00d6ncelikle t\u00fcm bile\u015fenlerin temiz ve kal\u0131nt\u0131lardan ar\u0131nd\u0131r\u0131lm\u0131\u015f oldu\u011fundan emin olun. Silindiri, uygun montaj braketlerini kullanarak yerine sabitleyerek, montaj noktalar\u0131yla do\u011fru \u015fekilde hizalay\u0131n. Yanl\u0131\u015f hizalama, erken a\u015f\u0131nmaya veya ar\u0131zaya yol a\u00e7abilir.<\/p>\n<p>Hizalama tamamland\u0131ktan sonra, t\u00fcm c\u0131vatalar\u0131 \u00fcreticinin \u00f6zelliklerine g\u00f6re s\u0131k\u0131n ve g\u00fcvenli bir \u015fekilde yerine oturdu\u011fundan emin olun. Kurulumdan sonra, silindirin \u00e7al\u0131\u015fmas\u0131n\u0131 izlemek i\u00e7in bir test \u00e7al\u0131\u015fmas\u0131 yap\u0131n. Herhangi bir s\u0131z\u0131nt\u0131 veya ola\u011fand\u0131\u015f\u0131 ses olup olmad\u0131\u011f\u0131n\u0131 kontrol etmek \u00e7ok \u00f6nemlidir; bunlar kurulum sorununa i\u015faret edebilir. Bu ad\u0131mlar\u0131 izlemek, ba\u015far\u0131l\u0131 bir kurulum sa\u011flamaya ve bom silindirinin \u00f6mr\u00fcn\u00fc uzatmaya yard\u0131mc\u0131 olacakt\u0131r.<\/p>\n<h2>Bak\u0131m G\u00f6revleri ve \u00d6nemi<\/h2>\n<ul>\n<li><strong>D\u00fczenli Denetimler:<\/strong> Rutin kontroller, potansiyel sorunlar\u0131n b\u00fcy\u00fcmeden \u00f6nce tespit edilmesine yard\u0131mc\u0131 olur. A\u015f\u0131nma veya hasar belirtilerinin kontrol edilmesi, bom silindirinin sorunsuz \u00e7al\u0131\u015fmas\u0131n\u0131 sa\u011flar.<\/li>\n<li><strong>Uygun Ya\u011flama:<\/strong> Yeterli ya\u011flama, s\u00fcrt\u00fcnmeyi ve a\u015f\u0131nmay\u0131 azaltmak i\u00e7in hayati \u00f6nem ta\u015f\u0131r. Tavsiye edilen hidrolik ya\u011f\u0131 kullanmak ve uygun ya\u011flama programlar\u0131na uymak, silindirin \u00f6mr\u00fcn\u00fc uzatacakt\u0131r.<\/li>\n<li><strong>Conta De\u011fi\u015fimi ve Kalibrasyon Kontrolleri:<\/strong> A\u015f\u0131nm\u0131\u015f contalar\u0131n d\u00fczenli olarak de\u011fi\u015ftirilmesi hidrolik s\u0131v\u0131 kayb\u0131n\u0131 \u00f6nler ve verimlili\u011fi korur. Kalibrasyon kontrolleri, silindirin belirtilen parametreler dahilinde \u00e7al\u0131\u015fmas\u0131n\u0131 sa\u011flayarak g\u00fcvenli\u011fi ve performans\u0131 art\u0131r\u0131r.<\/li>\n<\/ul>\n<h2>G\u00fcvenlik Hususlar\u0131 ve \u00c7evresel Fakt\u00f6rler<\/h2>\n<p>Bom silindirleri kullan\u0131l\u0131rken g\u00fcvenlik \u00f6nlemlerinin uygulanmas\u0131 \u00e7ok \u00f6nemlidir. Operat\u00f6rler, hidrolik ekipman\u0131n uygun kullan\u0131m\u0131 konusunda e\u011fitilmeli ve g\u00fcvenlik protokollerine uymal\u0131d\u0131r. D\u00fczenli bak\u0131m kontrolleri, g\u00fcvenli \u00e7al\u0131\u015fmaya katk\u0131da bulunur ve kaza riskini azalt\u0131r. Ayr\u0131ca, hidrolik s\u0131v\u0131lar\u0131n uygun \u015fekilde bertaraf edilmesi ve s\u0131z\u0131nt\u0131 olmamas\u0131n\u0131n sa\u011flanmas\u0131 gibi \u00e7evre dostu uygulamalar\u0131n s\u00fcrd\u00fcr\u00fclmesi, end\u00fcstriyel operasyonlarda s\u00fcrd\u00fcr\u00fclebilirlik \u00e7abalar\u0131n\u0131 destekler.<\/p>\n<h2>Yayg\u0131n Sorunlar\u0131n Giderilmesi<\/h2>\n<ul>\n<li><strong>S\u0131z\u0131nt\u0131:<\/strong> Hidrolik s\u0131v\u0131s\u0131 s\u0131z\u0131yorsa, contalar\u0131 a\u015f\u0131nma a\u00e7\u0131s\u0131ndan kontrol edin ve gerekirse de\u011fi\u015ftirin. T\u00fcm ba\u011flant\u0131lar\u0131n s\u0131k\u0131 ve g\u00fcvenli oldu\u011fundan emin olun.<\/li>\n<li><strong>Zay\u0131f Performans:<\/strong> Silindir d\u00fczg\u00fcn \u00e7al\u0131\u015fm\u0131yorsa, hidrolik s\u0131v\u0131 seviyesini kontrol edin ve sistemde hava olup olmad\u0131\u011f\u0131n\u0131 inceleyin. Sistemin havas\u0131n\u0131n al\u0131nmas\u0131 gerekebilir.<\/li>\n<li><strong>Al\u0131\u015f\u0131lmad\u0131k Sesler:<\/strong> E\u011fer g\u0131c\u0131rdama veya t\u0131k\u0131rt\u0131 sesleri duyuyorsan\u0131z, bu bir hizalama sorununa veya i\u00e7 hasara i\u015faret edebilir. Sorunun as\u0131l nedenini belirlemek ve gidermek i\u00e7in kapsaml\u0131 bir inceleme yap\u0131n.<\/li>\n<\/ul>\n<h2>Sorun Giderme \u0130pu\u00e7lar\u0131 ve \u00d6nleyici Tedbirler<\/h2>\n<p>Bom silindirlerindeki sorunlar\u0131 etkili bir \u015fekilde te\u015fhis etmek ve \u00e7\u00f6zmek i\u00e7in d\u00fczenli bak\u0131m yapmak \u015fartt\u0131r. Muayene ve onar\u0131mlar\u0131n kayd\u0131n\u0131 tutmak, tekrarlayan sorunlar\u0131 belirlemeye yard\u0131mc\u0131 olabilir. Ayr\u0131ca, personelin do\u011fru \u00e7al\u0131\u015ft\u0131rma ve bak\u0131m teknikleri konusunda e\u011fitilmesi, hidrolik sistem ar\u0131zalar\u0131n\u0131n yayg\u0131n bir nedeni olan insan hatas\u0131 riskini azalt\u0131r. Y\u00fcksek kaliteli bile\u015fenler kullanmak ve do\u011fru montaj\u0131 sa\u011flamak gibi \u00f6nleyici tedbirler uygulamak, potansiyel sorunlar\u0131 en aza indirmeye yard\u0131mc\u0131 olacakt\u0131r.<\/p>\n<p><img decoding=\"async\" src=\"https:\/\/www.hydraulic-cylinders.net\/wp-content\/uploads\/2025\/04\/songte-bushings-with-all-kinds-of-excavator-models.webp\" alt=\"Hidrolik Silindir Bile\u015fenleri\"><\/p>\n<h2>\u015eirketimiz Hakk\u0131nda<\/h2>\n<p>\u00d6nde gelen hidrolik silindir yedek par\u00e7a \u00fcreticisiyiz ve hem yurt i\u00e7i hem de uluslararas\u0131 pazarlarda bizi \u00f6nde gelen hidrolik silindir \u00fcreticilerinden ve toptanc\u0131lar\u0131ndan biri haline getiren geni\u015f bir \u00fcr\u00fcn yelpazesi sunuyoruz. Ola\u011fan\u00fcst\u00fc kaliteye odaklanmam\u0131z, geli\u015fmi\u015f bir \u00fcretim stratejisi ve \u00fcretim kapasitemizi art\u0131ran ileri teknolojinin kullan\u0131m\u0131yla desteklenmektedir. \u00dcretim platformumuzu s\u00fcrekli olarak geli\u015ftirmeye \u00e7al\u0131\u015farak, \u00e7e\u015fitli m\u00fc\u015fteri ihtiya\u00e7lar\u0131n\u0131 y\u00fcksek verimlilik, hassasiyet ve kaliteyle kar\u015f\u0131lamay\u0131 sa\u011fl\u0131yoruz.<\/p>\n<p>\u015eirketimiz ayr\u0131ca profesyonelli\u011fe ve uluslararas\u0131 sertifikasyona \u00f6nem vererek, m\u00fc\u015fterilerin \u00f6zel gereksinimlerini kar\u015f\u0131lamak \u00fczere uyarlanm\u0131\u015f hizmetler sunmaktad\u0131r. Son teknoloji \u00fcretim ekipmanlar\u0131 ve \u00f6zel sat\u0131\u015f sonras\u0131 deste\u011fiyle, piyasadaki en iyi hidrolik \u00e7\u00f6z\u00fcmleri sunmaya kararl\u0131y\u0131z.<\/p>\n<p><img decoding=\"async\" src=\"https:\/\/www.hydraulic-cylinders.net\/wp-content\/uploads\/2025\/04\/songte-company-4.webp\" alt=\"\u015eirket Genel Bak\u0131\u015f\u0131\"><br \/>\n<img decoding=\"async\" src=\"https:\/\/www.hydraulic-cylinders.net\/wp-content\/uploads\/2025\/04\/songte-company-3.webp\" alt=\"\u015eirket Tesisleri\"><\/p>\n<p>Yazar: lyl<\/p>","protected":false},"excerpt":{"rendered":"<p>Boom Cylinder For KYM KY50A Introduction to Boom Cylinders A boom cylinder is a type of hydraulic cylinder specifically designed to control the movement of the boom of heavy machinery, such as excavators, backhoes, and front loaders. It enables the boom to lift, lower, and tilt, facilitating various material handling tasks. The boom cylinder plays [&hellip;]<\/p>","protected":false},"featured_media":17867,"comment_status":"open","ping_status":"closed","template":"","meta":{"_et_pb_use_builder":"","_et_pb_old_content":"","_et_gb_content_width":""},"product_brand":[],"product_cat":[1546],"product_tag":[1547,1496],"class_list":{"0":"post-19529","1":"product","2":"type-product","3":"status-publish","4":"has-post-thumbnail","6":"product_cat-boom-cylinders","7":"product_tag-boom-cylinders","8":"product_tag-hydraulic-cylinders","10":"first","11":"instock","12":"shipping-taxable","13":"product-type-simple"},"amp_enabled":true,"_links":{"self":[{"href":"https:\/\/www.hydraulic-cylinders.net\/tr\/wp-json\/wp\/v2\/product\/19529","targetHints":{"allow":["GET"]}}],"collection":[{"href":"https:\/\/www.hydraulic-cylinders.net\/tr\/wp-json\/wp\/v2\/product"}],"about":[{"href":"https:\/\/www.hydraulic-cylinders.net\/tr\/wp-json\/wp\/v2\/types\/product"}],"replies":[{"embeddable":true,"href":"https:\/\/www.hydraulic-cylinders.net\/tr\/wp-json\/wp\/v2\/comments?post=19529"}],"wp:featuredmedia":[{"embeddable":true,"href":"https:\/\/www.hydraulic-cylinders.net\/tr\/wp-json\/wp\/v2\/media\/17867"}],"wp:attachment":[{"href":"https:\/\/www.hydraulic-cylinders.net\/tr\/wp-json\/wp\/v2\/media?parent=19529"}],"wp:term":[{"taxonomy":"product_brand","embeddable":true,"href":"https:\/\/www.hydraulic-cylinders.net\/tr\/wp-json\/wp\/v2\/product_brand?post=19529"},{"taxonomy":"product_cat","embeddable":true,"href":"https:\/\/www.hydraulic-cylinders.net\/tr\/wp-json\/wp\/v2\/product_cat?post=19529"},{"taxonomy":"product_tag","embeddable":true,"href":"https:\/\/www.hydraulic-cylinders.net\/tr\/wp-json\/wp\/v2\/product_tag?post=19529"}],"curies":[{"name":"wp","href":"https:\/\/api.w.org\/{rel}","templated":true}]}}