{"id":19535,"date":"2025-04-07T06:53:13","date_gmt":"2025-04-07T06:53:13","guid":{"rendered":"https:\/\/www.hydraulic-cylinders.net\/product\/boom-cylinder-for-pengpu-sw210e\/"},"modified":"2025-04-07T06:53:16","modified_gmt":"2025-04-07T06:53:16","slug":"boom-cylinder-for-pengpu-sw210e","status":"publish","type":"product","link":"https:\/\/www.hydraulic-cylinders.net\/tr\/urun\/boom-cylinder-for-pengpu-sw210e\/","title":{"rendered":"Pengpu SW210E i\u00e7in Bom Silindiri"},"content":{"rendered":"<h1>Pengpu SW210E i\u00e7in Bom Silindiri<\/h1>\n<h2>\u00dcr\u00fcn Genel Bak\u0131\u015f\u0131<\/h2>\n<p>Pengpu SW210E i\u00e7in bom silindiri, ekskavat\u00f6rler, kaz\u0131c\u0131 y\u00fckleyiciler ve \u00f6n y\u00fckleyiciler gibi \u00e7e\u015fitli a\u011f\u0131r makinelerde bomun hareketini kontrol etmek i\u00e7in tasarlanm\u0131\u015f \u00f6zel bir hidrolik silindirdir. Bu temel bile\u015fen, bomun kalkmas\u0131n\u0131, inmesini ve e\u011filmesini sa\u011flayarak verimli malzeme ta\u015f\u0131ma g\u00f6revlerini kolayla\u015ft\u0131r\u0131r. Bir hidrolik silindir t\u00fcr\u00fc olarak bom silindiri, hidrolik sistemlerde hayati bir rol oynayarak zorlu ortamlarda hassas kontrol ve g\u00fc\u00e7l\u00fc \u00e7al\u0131\u015fma sa\u011flar.<\/p>\n<p><img decoding=\"async\" src=\"https:\/\/www.hydraulic-cylinders.net\/wp-content\/uploads\/2025\/04\/songte-company-1.webp\" alt=\"Bom Silindiri G\u00f6r\u00fcnt\u00fcs\u00fc\"><\/p>\n<h2>Bom Silindirinin \u00d6zellikleri<\/h2>\n<ul>\n<li><strong>Y\u00fcksek Dayan\u0131kl\u0131l\u0131k ve Dayan\u0131kl\u0131l\u0131k:<\/strong> Genellikle y\u00fcksek mukavemetli \u00e7elik veya al\u00fcminyumdan yap\u0131lan bu silindirler, y\u00fcksek bas\u0131nca ve a\u011f\u0131r y\u00fcklere dayanabilirken, a\u015f\u0131nmaya ve korozyona kar\u015f\u0131 da diren\u00e7li olacak \u015fekilde tasarlanm\u0131\u015ft\u0131r, b\u00f6ylece kullan\u0131m \u00f6m\u00fcrleri uzar.<\/li>\n<li><strong>Verimli Hidrolik \u00c7al\u0131\u015fma:<\/strong> Bom silindiri, d\u00fczg\u00fcn uzatma ve geri \u00e7ekme sa\u011flamak i\u00e7in hidrolik ya\u011f bas\u0131nc\u0131n\u0131 kullan\u0131r; bu da kontrol komutlar\u0131na h\u0131zl\u0131 yan\u0131t vermeyi ve a\u011f\u0131r ve karma\u015f\u0131k i\u015fler i\u00e7in uygun \u00f6nemli itme ve \u00e7ekme kuvveti sa\u011flamay\u0131 m\u00fcmk\u00fcn k\u0131lar.<\/li>\n<li><strong>\u00c7e\u015fitli T\u00fcrler:<\/strong> Tek y\u00f6nl\u00fc (tek y\u00f6nde \u00e7al\u0131\u015fan) veya \u00e7ift y\u00f6nl\u00fc (iki y\u00f6nde \u00e7al\u0131\u015fan) konfig\u00fcrasyonlarda bulunan bu \u00fcr\u00fcnler, farkl\u0131 \u00e7al\u0131\u015fma ihtiya\u00e7lar\u0131n\u0131 kar\u015f\u0131lamak \u00fczere tasarlanm\u0131\u015ft\u0131r. Baz\u0131 modellerde, d\u0131\u015f boyutlar\u0131 art\u0131rmadan daha fazla uzatma sa\u011flayan teleskopik tasar\u0131mlar bulunur; bu da alan k\u0131s\u0131tlamal\u0131 uygulamalar i\u00e7in idealdir.<\/li>\n<li><strong>\u00d6zel \u00dcretim:<\/strong> \u00dcr\u00fcnlerimiz, mevcut hidrolik silindirlerin yerini m\u00fckemmel bir \u015fekilde alarak uyumluluk ve performans g\u00fcvenilirli\u011fi sa\u011flar.<\/li>\n<li><strong>Titiz Testler:<\/strong> Her bir silindir, g\u00fcvenlik, verimlilik ve uzun \u00f6m\u00fcrl\u00fcl\u00fck a\u00e7\u0131s\u0131ndan t\u00fcm end\u00fcstri standartlar\u0131n\u0131 kar\u015f\u0131lad\u0131\u011f\u0131ndan emin olmak i\u00e7in kapsaml\u0131 testlerden ge\u00e7irilmektedir.<\/li>\n<\/ul>\n<p><img decoding=\"async\" src=\"https:\/\/www.hydraulic-cylinders.net\/wp-content\/uploads\/2025\/04\/songte-cylinder-head-with-all-kinds-excavator-models.webp\" alt=\"Silindir De\u011fi\u015ftirme G\u00f6r\u00fcnt\u00fcs\u00fc\"><\/p>\n<h2>Uygulama Senaryolar\u0131<\/h2>\n<h3>\u0130n\u015faat Ekipmanlar\u0131<\/h3>\n<p>\u0130n\u015faat makinelerinde, bom silindirleri kaz\u0131c\u0131larda bulunur ve toprak veya moloz kazma, y\u00fckleme ve ta\u015f\u0131ma i\u015flemlerinde hayati \u00f6neme sahiptir. Kaz\u0131c\u0131 y\u00fckleyicilerde ise bom silindiri, \u015fantiye haz\u0131rl\u0131\u011f\u0131 ve malzeme ta\u015f\u0131mac\u0131l\u0131\u011f\u0131 i\u00e7in gerekli olan hem kaz\u0131 hem de kald\u0131rma i\u015flerinde yard\u0131mc\u0131 olur.<\/p>\n<h3>Tar\u0131m Makinalar\u0131<\/h3>\n<p>\u00d6n y\u00fckleyicilerde, bom silindirleri toprak, saman ve di\u011fer malzemelerin kep\u00e7elenmesi, kald\u0131r\u0131lmas\u0131 ve ta\u015f\u0131nmas\u0131nda hayati bir rol oynayarak \u00e7e\u015fitli tar\u0131msal i\u015flerin ve i\u015flemlerin verimlili\u011fini art\u0131r\u0131r.<\/p>\n<h3>Ekskavat\u00f6rler<\/h3>\n<p>Bom silindiri, kep\u00e7enin topra\u011fa n\u00fcfuz etmesini sa\u011flayarak in\u015faat projeleri ve arazi geli\u015ftirme i\u00e7in kritik \u00f6neme sahip kazma i\u015flemlerini ger\u00e7ekle\u015ftirir. Bu i\u015flevsellik, \u00e7e\u015fitli kazma i\u015flerinde operasyonel verimlili\u011fi ve etkinli\u011fi optimize eder.<\/p>\n<h3>Y\u00fckleyiciler<\/h3>\n<p>\u00d6n y\u00fckleyicilerde, bom silindirleri y\u00fcklerin etkin bir \u015fekilde kald\u0131r\u0131lmas\u0131na ve bo\u015falt\u0131lmas\u0131na yard\u0131mc\u0131 olur; bu da \u00e7e\u015fitli end\u00fcstrilerde malzeme ta\u015f\u0131ma i\u00e7in hayati \u00f6nem ta\u015f\u0131r ve a\u011f\u0131r malzemelerin h\u0131zl\u0131 ve g\u00fcvenli bir \u015fekilde ta\u015f\u0131nmas\u0131n\u0131 sa\u011flar.<\/p>\n<h2>Tasar\u0131m Hususlar\u0131 ve Se\u00e7im Kriterleri<\/h2>\n<h3>Y\u00fck Kapasitesi<\/h3>\n<p>Bir bom silindirinin y\u00fck ta\u015f\u0131ma kapasitesi, a\u011f\u0131r malzemeleri kald\u0131rma ve manevra yapma yetene\u011fini belirleyen \u00e7ok \u00f6nemli bir husustur. Uygun y\u00fck ta\u015f\u0131ma kapasitesinin se\u00e7ilmesi, g\u00fcvenli ve etkili \u00e7al\u0131\u015fma sa\u011flayarak silindir ar\u0131zas\u0131 ve olas\u0131 kaza riskini azalt\u0131r. G\u00fcvenilirlik ve g\u00fcvenlik sa\u011flamak i\u00e7in, silindirin \u00e7al\u0131\u015fma s\u0131ras\u0131nda kar\u015f\u0131la\u015faca\u011f\u0131 maksimum y\u00fck\u00fc de\u011ferlendirmek ve bu e\u015fi\u011fin \u00fczerinde bir kapasiteye sahip bir silindir se\u00e7mek \u00e7ok \u00f6nemlidir.<\/p>\n<h3>S\u0131zd\u0131rmazl\u0131k Performans\u0131<\/h3>\n<p>S\u0131zd\u0131rmazl\u0131k performans\u0131, hidrolik s\u0131v\u0131 s\u0131z\u0131nt\u0131lar\u0131n\u0131 \u00f6nlemek ve silindir i\u00e7indeki bas\u0131nc\u0131 korumak i\u00e7in hayati \u00f6neme sahiptir. \u00c7al\u0131\u015fma ortam\u0131na, s\u0131cakl\u0131klara ve bas\u0131n\u00e7lara dayanacak uygun contalar se\u00e7ilmelidir. Y\u00fcksek kaliteli contalar ayr\u0131ca i\u00e7 bile\u015fenlerdeki a\u015f\u0131nmay\u0131 en aza indirerek silindirin \u00f6mr\u00fcn\u00fcn uzamas\u0131na da katk\u0131da bulunur.<\/p>\n<h3>Dayan\u0131kl\u0131l\u0131k<\/h3>\n<p>Bom silindirlerinin tasar\u0131m\u0131nda dayan\u0131kl\u0131l\u0131k \u00f6nemli bir fakt\u00f6rd\u00fcr, \u00e7\u00fcnk\u00fc genellikle zorlu ko\u015fullarda \u00e7al\u0131\u015f\u0131rlar. Malzemeler, mukavemetleri, korozyona ve a\u015f\u0131nmaya kar\u015f\u0131 diren\u00e7leri g\u00f6z \u00f6n\u00fcnde bulundurularak se\u00e7ilmelidir. Art\u0131r\u0131lm\u0131\u015f dayan\u0131kl\u0131l\u0131k, daha uzun hizmet \u00f6mr\u00fc ve daha d\u00fc\u015f\u00fck bak\u0131m maliyetlerine yol a\u00e7ar; bu nedenle silindir se\u00e7imi yap\u0131l\u0131rken kritik bir husustur.<\/p>\n<h3>G\u00fcvenlik \u00d6zellikleri<\/h3>\n<p>Hidrolik sistemlerde g\u00fcvenlik her \u015feyden \u00f6nemlidir. Bom silindirleri, kazalar\u0131 \u00f6nlemek i\u00e7in a\u015f\u0131r\u0131 y\u00fck korumas\u0131, bas\u0131n\u00e7 tahliye vanalar\u0131 ve ar\u0131za emniyet mekanizmalar\u0131 gibi \u00f6zellikler i\u00e7ermelidir. Bu g\u00fcvenlik \u00f6zelliklerinin tasar\u0131m\u0131n bir par\u00e7as\u0131 olmas\u0131n\u0131 sa\u011flamak, \u00e7al\u0131\u015fma s\u0131ras\u0131nda operat\u00f6rleri ve makineleri korumaya yard\u0131mc\u0131 olur.<\/p>\n<h3>Bak\u0131m ve Onar\u0131m Kolayl\u0131\u011f\u0131<\/h3>\n<p>Bak\u0131m ve onar\u0131m kolayl\u0131\u011f\u0131 \u00f6nemli bir tasar\u0131m unsurudur. Bile\u015fenler, verimli bak\u0131m rutinlerine olanak sa\u011flayacak \u015fekilde, kolay eri\u015fim ve de\u011fi\u015ftirme i\u00e7in tasarlanmal\u0131d\u0131r. Silindirin optimum \u00e7al\u0131\u015fma ko\u015fullar\u0131nda kalmas\u0131n\u0131 sa\u011flamak, \u00f6mr\u00fcn\u00fc uzatmak ve performans\u0131n\u0131 art\u0131rmak i\u00e7in d\u00fczenli bak\u0131m protokolleri olu\u015fturulmal\u0131d\u0131r.<\/p>\n<p><img decoding=\"async\" src=\"https:\/\/www.hydraulic-cylinders.net\/wp-content\/uploads\/2025\/04\/songte-oil-pipes-and-spare-parts.webp\" alt=\"Hidrolik Bile\u015fenler G\u00f6rseli\"><\/p>\n<h2>S\u0131zd\u0131rmazl\u0131k ve Ya\u011flama<\/h2>\n<p>Optimum performans i\u00e7in, bom silindirlerinde piston contalar\u0131 ve mil contalar\u0131 dahil olmak \u00fczere \u00e7e\u015fitli s\u0131zd\u0131rmazl\u0131k elemanlar\u0131 kullan\u0131l\u0131r. Bu contalar genellikle zamanla a\u015f\u0131nmaya kar\u015f\u0131 dayan\u0131kl\u0131 poli\u00fcretan ve nitril kau\u00e7uk gibi dayan\u0131kl\u0131 malzemelerden yap\u0131l\u0131r. Silindir g\u00f6vdesi ve di\u015fli y\u00fczeyleri, a\u015f\u0131nma direncini art\u0131rmak ve s\u0131k\u0131 bir s\u0131zd\u0131rmazl\u0131k sa\u011flamak i\u00e7in ince bir i\u015flemden ge\u00e7irilir. Hidrolik ya\u011f ile d\u00fczenli ya\u011flama \u015fartt\u0131r, \u00e7\u00fcnk\u00fc gerekli ak\u0131\u015fkanl\u0131\u011f\u0131 sa\u011flar ve hareketli par\u00e7alarda a\u015f\u0131nmay\u0131 \u00f6nleyerek sorunsuz \u00e7al\u0131\u015fmay\u0131 sa\u011flar.<\/p>\n<h2>D\u00fczenli Denetimler ve \u00d6nleyici Bak\u0131m<\/h2>\n<ul>\n<li><strong>Rutin Denetimler:<\/strong> Bom silindirinin a\u015f\u0131nma, s\u0131z\u0131nt\u0131 veya hasar belirtileri a\u00e7\u0131s\u0131ndan d\u00fczenli olarak incelenmesi \u00e7ok \u00f6nemlidir. Erken tespit, maliyetli onar\u0131mlar veya de\u011fi\u015ftirme gerektirebilecek daha ciddi sorunlar\u0131n \u00f6nlenmesine yard\u0131mc\u0131 olabilir.<\/li>\n<li><strong>Uygun Ya\u011flama:<\/strong> Silindirin uygun hidrolik ya\u011f ile yeterince ya\u011flanmas\u0131, i\u00e7 bile\u015fenlerdeki s\u00fcrt\u00fcnmeyi ve a\u015f\u0131nmay\u0131 \u00f6nleyerek sorunsuz \u00e7al\u0131\u015fmay\u0131 sa\u011flar ve silindirin \u00f6mr\u00fcn\u00fc uzat\u0131r.<\/li>\n<li><strong>Conta De\u011fi\u015fimi:<\/strong> A\u015f\u0131nm\u0131\u015f contalar s\u0131v\u0131 s\u0131z\u0131nt\u0131lar\u0131na ve performans d\u00fc\u015f\u00fc\u015f\u00fcne yol a\u00e7abilece\u011finden, contalar incelenmeli ve gerekti\u011finde de\u011fi\u015ftirilmelidir. D\u00fczenli aral\u0131klarla yap\u0131lan de\u011fi\u015fimler, hidrolik sistemin b\u00fct\u00fcnl\u00fc\u011f\u00fcn\u00fc korumaya yard\u0131mc\u0131 olur.<\/li>\n<\/ul>\n<h2>Kurulum Talimatlar\u0131<\/h2>\n<p>Bom silindirinin etkili \u00e7al\u0131\u015fmas\u0131 i\u00e7in do\u011fru montaj \u00e7ok \u00f6nemlidir. L\u00fctfen \u015fu y\u00f6nergeleri izleyin:<\/p>\n<ol>\n<li>Montaj alan\u0131n\u0131n temiz ve silindir \u00e7al\u0131\u015fmas\u0131n\u0131 engelleyebilecek kal\u0131nt\u0131lardan ar\u0131nd\u0131r\u0131lm\u0131\u015f oldu\u011fundan emin olun.<\/li>\n<li>Yanl\u0131\u015f hizalamay\u0131 \u00f6nlemek ve erken a\u015f\u0131nma veya ar\u0131zay\u0131 engellemek i\u00e7in silindiri montaj braketleriyle do\u011fru \u015fekilde hizalay\u0131n.<\/li>\n<li>Silindiri yerine sabitlemek ve sa\u011flam bir kurulum sa\u011flamak i\u00e7in uygun montaj braketleri ve donan\u0131mlar\u0131 kullan\u0131n.<\/li>\n<li>Montajdan sonra, tam \u00e7al\u0131\u015ft\u0131rmaya ge\u00e7meden \u00f6nce s\u0131z\u0131nt\u0131 olup olmad\u0131\u011f\u0131n\u0131 kontrol etmek ve hizalamay\u0131 do\u011frulamak i\u00e7in silindirin d\u00fc\u015f\u00fck bas\u0131n\u00e7ta \u00e7al\u0131\u015fmas\u0131n\u0131 test edin.<\/li>\n<li>\u0130lk kullan\u0131mlar s\u0131ras\u0131nda silindiri izleyerek her \u015feyin sorunsuz \u00e7al\u0131\u015ft\u0131\u011f\u0131ndan emin olun ve herhangi bir sorunu derhal giderin.<\/li>\n<\/ol>\n<p><img decoding=\"async\" src=\"https:\/\/www.hydraulic-cylinders.net\/wp-content\/uploads\/2025\/04\/songte-chushion-collar.webp\" alt=\"Yast\u0131k Yaka G\u00f6rseli\"><\/p>\n<h2>G\u00fcvenlik Hususlar\u0131 ve \u00c7evresel Fakt\u00f6rler<\/h2>\n<p>Hidrolik sistemlerle \u00e7al\u0131\u015f\u0131rken, kazalar\u0131 \u00f6nlemek i\u00e7in g\u00fcvenlik \u00f6nlemlerinin uygulanmas\u0131 hayati \u00f6nem ta\u015f\u0131r. Operat\u00f6rler her zaman uygun ki\u015fisel koruyucu ekipman (KKD) giymeli ve hidrolik g\u00fcvenlik prosed\u00fcrleri konusunda e\u011fitim almal\u0131d\u0131r. Ayr\u0131ca, \u00e7evresel fakt\u00f6rler de dikkate al\u0131nmal\u0131d\u0131r; \u00f6rne\u011fin, hidrolik s\u0131v\u0131lar\u0131n uygun \u015fekilde muhafaza edilmesi ve bertaraf edilmesi, \u00e7evresel kirlenmeyi \u00f6nlemek i\u00e7in gereklidir.<\/p>\n<h2>Ar\u0131za Te\u015fhisi ve Yayg\u0131n Sorunlar<\/h2>\n<ul>\n<li><strong>S\u0131z\u0131nt\u0131:<\/strong> Hidrolik silindirlerde s\u0131k kar\u015f\u0131la\u015f\u0131lan sorunlardan biri s\u0131z\u0131nt\u0131d\u0131r; bu s\u0131z\u0131nt\u0131 genellikle a\u015f\u0131nm\u0131\u015f contalardan veya silindir g\u00f6vdesindeki hasardan kaynaklan\u0131r. S\u0131z\u0131nt\u0131lar\u0131 \u00f6nlemek i\u00e7in contalar\u0131 d\u00fczenli olarak kontrol edin ve gerekti\u011finde de\u011fi\u015ftirin.<\/li>\n<li><strong>Performans Sorunlar\u0131:<\/strong> Silindir d\u00fczg\u00fcn \u00e7al\u0131\u015fm\u0131yorsa, bunun nedeni hidrolik s\u0131v\u0131s\u0131nda s\u0131k\u0131\u015fm\u0131\u015f hava veya yetersiz ya\u011flama olabilir. Sistemi havas\u0131n\u0131 alarak ve uygun ya\u011flamay\u0131 sa\u011flayarak performans\u0131 geri kazand\u0131r\u0131n.<\/li>\n<li><strong>G\u00fcr\u00fclt\u00fcl\u00fc \u00c7al\u0131\u015fma:<\/strong> \u00c7al\u0131\u015fma s\u0131ras\u0131nda ola\u011fand\u0131\u015f\u0131 sesler, mekanik sorunlara veya d\u00fc\u015f\u00fck hidrolik s\u0131v\u0131 seviyesine i\u015faret edebilir. S\u0131v\u0131 seviyelerinin do\u011fru olup olmad\u0131\u011f\u0131n\u0131 kontrol edin ve onar\u0131m gerektirebilecek herhangi bir mekanik ar\u0131za olup olmad\u0131\u011f\u0131n\u0131 inceleyin.<\/li>\n<\/ul>\n<h2>Sorun Giderme \u0130pu\u00e7lar\u0131<\/h2>\n<p>Bom silindirindeki sorunlar\u0131 etkili bir \u015fekilde te\u015fhis etmek ve gidermek i\u00e7in \u015fu ipu\u00e7lar\u0131n\u0131 izleyin:<\/p>\n<ul>\n<li>\u00c7al\u0131\u015fma sorunlar\u0131n\u0131 \u00f6nlemek i\u00e7in s\u0131v\u0131 seviyelerini d\u00fczenli olarak kontrol edin ve hidrolik s\u0131v\u0131s\u0131n\u0131n uygun seviyede tutulmas\u0131n\u0131 sa\u011flay\u0131n.<\/li>\n<li>A\u015f\u0131nma belirtilerini izleyin ve ar\u0131za riskini azaltmak i\u00e7in bunlara derhal m\u00fcdahale edin.<\/li>\n<li>Uzun vadeli g\u00fcvenilirlik ve performans sa\u011flamak i\u00e7in d\u00fczenli bak\u0131m programlar\u0131 uygulay\u0131n.<\/li>\n<\/ul>\n<p><img decoding=\"async\" src=\"https:\/\/www.hydraulic-cylinders.net\/wp-content\/uploads\/2025\/04\/songte-bushings-with-all-kinds-of-excavator-models.webp\" alt=\"Bur\u00e7lar G\u00f6r\u00fcnt\u00fcs\u00fc\"><\/p>\n<h2>\u015eirketimiz Hakk\u0131nda<\/h2>\n<p>\u00d6nde gelen yedek hidrolik silindir \u00fcreticisi olarak, hem yerel hem de uluslararas\u0131 pazarlara hitap eden kapsaml\u0131 bir \u00fcr\u00fcn yelpazesi sunuyoruz. M\u00fckemmelli\u011fe olan ba\u011fl\u0131l\u0131\u011f\u0131m\u0131z, rafine \u00fcretim stratejilerimizde ve ileri teknoloji kullan\u0131m\u0131m\u0131zda kendini g\u00f6stermektedir. \u00c7e\u015fitli m\u00fc\u015fteri ihtiya\u00e7lar\u0131n\u0131 kar\u015f\u0131lamak i\u00e7in y\u00fcksek verimlilik, hassasiyet ve kaliteye odaklan\u0131yoruz.<\/p>\n<ul>\n<li><strong>Uzmanl\u0131k Alan\u0131:<\/strong> Hidrolik silindir \u00fcretimindeki uzmanl\u0131\u011f\u0131m\u0131z, \u00f6zel gereksinimleri kar\u015f\u0131layan \u00f6zel \u00e7\u00f6z\u00fcmler sunmam\u0131z\u0131 sa\u011fl\u0131yor.<\/li>\n<li><strong>Uluslararas\u0131 Sertifikasyon:<\/strong> \u00dcr\u00fcnlerimiz uluslararas\u0131 kalite standartlar\u0131na uygundur ve g\u00fcvenilirlik ile g\u00fcvenli\u011fi garanti eder.<\/li>\n<li><strong>\u00d6zelle\u015ftirme Hizmetleri:<\/strong> \u0130\u015fletmenizin benzersiz ihtiya\u00e7lar\u0131na uygun, \u00f6zelle\u015ftirilmi\u015f \u00e7\u00f6z\u00fcmler sunuyoruz.<\/li>\n<li><strong>Son teknoloji ekipmanlar:<\/strong> \u00dcretim tesislerimiz, \u00fcretim do\u011frulu\u011funu ve verimlili\u011fini art\u0131ran geli\u015fmi\u015f teknolojiyle donat\u0131lm\u0131\u015ft\u0131r.<\/li>\n<li><strong>Sat\u0131\u015f Sonras\u0131 Destek:<\/strong> M\u00fc\u015fteri memnuniyetini sa\u011flamak ve \u00fcr\u00fcnle ilgili her t\u00fcrl\u00fc sorunu gidermek i\u00e7in kapsaml\u0131 sat\u0131\u015f sonras\u0131 hizmet sunuyoruz.<\/li>\n<\/ul>\n<p><img decoding=\"async\" src=\"https:\/\/www.hydraulic-cylinders.net\/wp-content\/uploads\/2025\/04\/songte-company-4.webp\" alt=\"\u015eirket G\u00f6rseli 1\"><br \/>\n<img decoding=\"async\" src=\"https:\/\/www.hydraulic-cylinders.net\/wp-content\/uploads\/2025\/04\/songte-company-3.webp\" alt=\"\u015eirket G\u00f6rseli 2\"><\/p>\n<p>Yazar: lyl<\/p>","protected":false},"excerpt":{"rendered":"<p>Boom Cylinder For Pengpu SW210E Product Overview The boom cylinder for the Pengpu SW210E is a specialized hydraulic cylinder designed to control the movement of the boom in various heavy machinery like excavators, backhoe loaders, and front-end loaders. This essential component enables the boom to lift, lower, and tilt, facilitating efficient material handling tasks. As [&hellip;]<\/p>","protected":false},"featured_media":17873,"comment_status":"open","ping_status":"closed","template":"","meta":{"_et_pb_use_builder":"","_et_pb_old_content":"","_et_gb_content_width":""},"product_brand":[],"product_cat":[1546],"product_tag":[1547,1496],"class_list":{"0":"post-19535","1":"product","2":"type-product","3":"status-publish","4":"has-post-thumbnail","6":"product_cat-boom-cylinders","7":"product_tag-boom-cylinders","8":"product_tag-hydraulic-cylinders","10":"first","11":"instock","12":"shipping-taxable","13":"product-type-simple"},"amp_enabled":true,"_links":{"self":[{"href":"https:\/\/www.hydraulic-cylinders.net\/tr\/wp-json\/wp\/v2\/product\/19535","targetHints":{"allow":["GET"]}}],"collection":[{"href":"https:\/\/www.hydraulic-cylinders.net\/tr\/wp-json\/wp\/v2\/product"}],"about":[{"href":"https:\/\/www.hydraulic-cylinders.net\/tr\/wp-json\/wp\/v2\/types\/product"}],"replies":[{"embeddable":true,"href":"https:\/\/www.hydraulic-cylinders.net\/tr\/wp-json\/wp\/v2\/comments?post=19535"}],"wp:featuredmedia":[{"embeddable":true,"href":"https:\/\/www.hydraulic-cylinders.net\/tr\/wp-json\/wp\/v2\/media\/17873"}],"wp:attachment":[{"href":"https:\/\/www.hydraulic-cylinders.net\/tr\/wp-json\/wp\/v2\/media?parent=19535"}],"wp:term":[{"taxonomy":"product_brand","embeddable":true,"href":"https:\/\/www.hydraulic-cylinders.net\/tr\/wp-json\/wp\/v2\/product_brand?post=19535"},{"taxonomy":"product_cat","embeddable":true,"href":"https:\/\/www.hydraulic-cylinders.net\/tr\/wp-json\/wp\/v2\/product_cat?post=19535"},{"taxonomy":"product_tag","embeddable":true,"href":"https:\/\/www.hydraulic-cylinders.net\/tr\/wp-json\/wp\/v2\/product_tag?post=19535"}],"curies":[{"name":"wp","href":"https:\/\/api.w.org\/{rel}","templated":true}]}}