{"id":19537,"date":"2025-04-07T06:53:18","date_gmt":"2025-04-07T06:53:18","guid":{"rendered":"https:\/\/www.hydraulic-cylinders.net\/product\/boom-cylinder-for-pengpu-sw230lc-5\/"},"modified":"2025-04-07T06:53:21","modified_gmt":"2025-04-07T06:53:21","slug":"boom-cylinder-for-pengpu-sw230lc-5","status":"publish","type":"product","link":"https:\/\/www.hydraulic-cylinders.net\/tr\/urun\/boom-cylinder-for-pengpu-sw230lc-5\/","title":{"rendered":"Pengpu SW230LC-5 i\u00e7in Bom Silindiri"},"content":{"rendered":"<h1>Pengpu SW230LC-5 i\u00e7in Bom Silindiri<\/h1>\n<h2>Bom Silindirine Giri\u015f<\/h2>\n<p>Kep\u00e7e silindiri, ekskavat\u00f6rler, kaz\u0131c\u0131lar ve \u00f6n y\u00fckleyiciler gibi \u00e7e\u015fitli a\u011f\u0131r makinelerde kep\u00e7elerin hareketini kontrol etmek i\u00e7in \u00f6zel olarak tasarlanm\u0131\u015f \u00f6nemli bir hidrolik bile\u015fendir. Bu hidrolik silindir, kep\u00e7enin kalkmas\u0131n\u0131, al\u00e7almas\u0131n\u0131 ve e\u011filmesini sa\u011flayarak verimli malzeme ta\u015f\u0131ma i\u015flemlerini kolayla\u015ft\u0131r\u0131r. Kep\u00e7e silindiri, bas\u0131n\u00e7l\u0131 hidrolik s\u0131v\u0131n\u0131n kuvvet olu\u015fturmak ve bu kuvveti harekete d\u00f6n\u00fc\u015ft\u00fcrmek i\u00e7in kullan\u0131ld\u0131\u011f\u0131 hidrolik sistemler i\u00e7inde \u00e7al\u0131\u015f\u0131r. Bu silindirler, kep\u00e7enin konumland\u0131r\u0131lmas\u0131 \u00fczerinde hassas kontrol gerektiren her makine i\u00e7in \u00e7ok \u00f6nemlidir ve operat\u00f6rlerin karma\u015f\u0131k g\u00f6revleri g\u00fcvenli ve etkili bir \u015fekilde ger\u00e7ekle\u015ftirmelerini sa\u011flar.<\/p>\n<p><img decoding=\"async\" src=\"https:\/\/www.hydraulic-cylinders.net\/wp-content\/uploads\/2025\/04\/songte-company-1.webp\" alt=\"Bom Silindiri G\u00f6r\u00fcnt\u00fcs\u00fc\"><\/p>\n<h2>Bom Silindirinin \u00d6zellikleri<\/h2>\n<ul>\n<li>\n<h3>Y\u00fcksek G\u00fc\u00e7 ve Dayan\u0131kl\u0131l\u0131k<\/h3>\n<p>Genellikle y\u00fcksek mukavemetli \u00e7elik veya al\u00fcminyumdan \u00fcretilen bom silindiri, y\u00fcksek bas\u0131nca ve a\u011f\u0131r y\u00fcklere dayanacak \u015fekilde tasarlanm\u0131\u015ft\u0131r. Sa\u011flam tasar\u0131m\u0131, a\u015f\u0131nma direnci ve korozyon korumas\u0131n\u0131 da dikkate alarak, zorlu \u00e7al\u0131\u015fma ortamlar\u0131nda bile kullan\u0131m \u00f6mr\u00fcn\u00fc uzat\u0131r.<\/p>\n<\/li>\n<li>\n<h3>Verimli Hidrolik \u00c7al\u0131\u015fma<\/h3>\n<p>Silindir, d\u00fczg\u00fcn uzatma ve geri \u00e7ekme hareketleri i\u00e7in hidrolik ya\u011f bas\u0131nc\u0131n\u0131 kullan\u0131r ve kontrol komutlar\u0131na h\u0131zl\u0131 yan\u0131t vermeyi sa\u011flar. Bu \u00f6zellik, a\u011f\u0131r nesnelerin ta\u015f\u0131nmas\u0131 ve karma\u015f\u0131k operasyonel g\u00f6revlerin yerine getirilmesi i\u00e7in gerekli olan g\u00fc\u00e7l\u00fc itme ve \u00e7ekme yeteneklerini sunar.<\/p>\n<\/li>\n<li>\n<h3>\u00c7e\u015fitli T\u00fcrler Mevcuttur<\/h3>\n<p>Bom silindiri, farkl\u0131 operasyonel ihtiya\u00e7lara y\u00f6nelik olarak tek etkili (sadece tek y\u00f6nde hidrolik etki kullanan) ve \u00e7ift etkili (her iki y\u00f6nde de hidrolik etki kullanan) olmak \u00fczere \u00e7e\u015fitli tiplerde mevcuttur. Baz\u0131 modeller teleskopiktir ve d\u0131\u015f boyutlar\u0131 art\u0131rmadan daha fazla uzatmaya olanak tan\u0131r; bu da s\u0131n\u0131rl\u0131 alana sahip uygulamalar i\u00e7in idealdir.<\/p>\n<\/li>\n<li>\n<h3>\u00d6zel \u00dcretim<\/h3>\n<p>Mevcut hidrolik silindirlerin yerini m\u00fckemmel \u015fekilde alan ve \u00e7e\u015fitli uygulamalarda uyumluluk ve performans sa\u011flayan bom silindirleri \u00fcretme konusunda uzmanla\u015ft\u0131k.<\/p>\n<\/li>\n<li>\n<h3>\u00c7ok Y\u00f6nl\u00fc Uygulamalar<\/h3>\n<p>A\u011f\u0131r makinelerde yayg\u0131n kullan\u0131m i\u00e7in tasarlanan bu silindirler, in\u015faat ekipmanlar\u0131, tar\u0131m makineleri ve di\u011fer end\u00fcstriyel uygulamalar i\u00e7in idealdir.<\/p>\n<\/li>\n<\/ul>\n<p><img decoding=\"async\" src=\"https:\/\/www.hydraulic-cylinders.net\/wp-content\/uploads\/2025\/04\/songte-cylinder-head-with-all-kinds-excavator-models.webp\" alt=\"Ekskavat\u00f6r Modelleri G\u00f6rseli\"><\/p>\n<h2>Uygulama Senaryolar\u0131<\/h2>\n<ul>\n<li>\n<h3>\u0130n\u015faat Ekipmanlar\u0131<\/h3>\n<p>Ekskavat\u00f6rlerde, bom silindirleri topra\u011f\u0131 veya molozu kazma, y\u00fckleme ve ta\u015f\u0131ma i\u015flemlerinde hayati \u00f6neme sahiptir. Bu g\u00f6revleri verimli bir \u015fekilde ger\u00e7ekle\u015ftirmek i\u00e7in gerekli g\u00fcc\u00fc sa\u011flarlar ve kaz\u0131 projelerinin sorunsuz ve etkili bir \u015fekilde ilerlemesini sa\u011flarlar. Kep\u00e7enin a\u00e7\u0131s\u0131n\u0131 ve derinli\u011fini kontrol edebilme yetene\u011fi, \u015fantiyelerde hassas \u00e7al\u0131\u015fma i\u00e7in \u00e7ok \u00f6nemlidir.<\/p>\n<\/li>\n<li>\n<h3>Tar\u0131m Makinalar\u0131<\/h3>\n<p>\u00d6n y\u00fckleyicilerde bu silindirler, toprak, saman ve di\u011fer malzemelerin kep\u00e7eyle al\u0131nmas\u0131n\u0131, kald\u0131r\u0131lmas\u0131n\u0131 ve ta\u015f\u0131nmas\u0131n\u0131 kolayla\u015ft\u0131r\u0131r. Bom silindirinin verimlili\u011fi, \u00e7ift\u00e7ilerin b\u00fcy\u00fck miktarda malzemeyi h\u0131zl\u0131 bir \u015fekilde i\u015fleyebilmesini sa\u011flayarak tar\u0131msal faaliyetlerde verimlili\u011fi art\u0131r\u0131r.<\/p>\n<\/li>\n<li>\n<h3>Ekskavat\u00f6rler<\/h3>\n<p>Ekskavat\u00f6rlerde, bom silindiri kep\u00e7enin topra\u011fa etkili bir \u015fekilde n\u00fcfuz etmesini sa\u011flayarak derin kaz\u0131 i\u015flerini m\u00fcmk\u00fcn k\u0131lar. Bu \u00f6zellik, temel in\u015faat\u0131, hendek a\u00e7ma ve hassasiyet ve g\u00fc\u00e7 gerektiren di\u011fer derin kaz\u0131 projeleri i\u00e7in \u00e7ok \u00f6nemlidir.<\/p>\n<\/li>\n<li>\n<h3>Y\u00fckleyiciler<\/h3>\n<p>\u00d6n y\u00fckleyicilerde, bom silindiri y\u00fcklerin verimli bir \u015fekilde kald\u0131r\u0131lmas\u0131na ve bo\u015falt\u0131lmas\u0131na yard\u0131mc\u0131 olur. Tasar\u0131m\u0131, operat\u00f6rlerin g\u00fcvenli\u011fi veya makine b\u00fct\u00fcnl\u00fc\u011f\u00fcn\u00fc tehlikeye atmadan a\u011f\u0131r y\u00fckleri y\u00f6netebilmelerini sa\u011flar ve bu da onu malzeme ta\u015f\u0131ma g\u00f6revleri i\u00e7in vazge\u00e7ilmez k\u0131lar.<\/p>\n<\/li>\n<\/ul>\n<h2>Tasar\u0131m Hususlar\u0131 ve Se\u00e7im Kriterleri<\/h2>\n<ul>\n<li>\n<h3>Y\u00fck Kapasitesi<\/h3>\n<p>Bir bom silindiri se\u00e7erken, y\u00fck ta\u015f\u0131ma kapasitesini anlamak \u00e7ok \u00f6nemlidir. Silindir, \u00e7al\u0131\u015fma s\u0131ras\u0131nda kar\u015f\u0131la\u015faca\u011f\u0131 maksimum y\u00fck\u00fc kald\u0131rabilmelidir. Makinenin t\u00fcr\u00fc ve ger\u00e7ekle\u015ftirece\u011fi \u00f6zel g\u00f6revler gibi fakt\u00f6rler, gerekli kapasiteyi etkiler. Beklenen y\u00fcklerin dikkatlice hesaplanmas\u0131, silindir ar\u0131zas\u0131n\u0131 \u00f6nleyebilir ve \u015fantiyede g\u00fcvenli\u011fi sa\u011flayabilir. Ayr\u0131ca, \u00fcreticiler genellikle silindirin tasar\u0131m\u0131na ve kullan\u0131lan malzemelere ba\u011fl\u0131 olarak y\u00fck limitleri konusunda k\u0131lavuzlar sunarlar.<\/p>\n<\/li>\n<li>\n<h3>S\u0131zd\u0131rmazl\u0131k Performans\u0131<\/h3>\n<p>S\u0131zd\u0131rmazl\u0131k, hidrolik silindir performans\u0131nda kritik bir fakt\u00f6rd\u00fcr. Etkili contalar, performans d\u00fc\u015f\u00fc\u015f\u00fcne ve silindire potansiyel hasara yol a\u00e7abilecek hidrolik s\u0131v\u0131 s\u0131z\u0131nt\u0131s\u0131n\u0131 \u00f6nler. \u00c7al\u0131\u015fma ortam\u0131na dayanabilecek y\u00fcksek kaliteli malzemelerden yap\u0131lm\u0131\u015f contalar se\u00e7mek \u00e7ok \u00f6nemlidir. Conta kontrolleri ve de\u011fi\u015fimleri de dahil olmak \u00fczere d\u00fczenli bak\u0131m, silindirin uzun vadeli i\u015flevselli\u011fini sa\u011flamak i\u00e7in hayati \u00f6nem ta\u015f\u0131r.<\/p>\n<\/li>\n<li>\n<h3>Dayan\u0131kl\u0131l\u0131k<\/h3>\n<p>Bom silindirinin dayan\u0131kl\u0131l\u0131\u011f\u0131, kullan\u0131m \u00f6mr\u00fcn\u00fc ve g\u00fcvenilirli\u011fini do\u011frudan etkiler. A\u015f\u0131nmaya ve korozyona dayan\u0131kl\u0131 y\u00fcksek kaliteli malzemeler, silindirin g\u00fcnl\u00fck kullan\u0131m\u0131n zorluklar\u0131na dayanabilmesi i\u00e7in \u00e7ok \u00f6nemlidir. \u00dcreticiler, dayan\u0131kl\u0131l\u0131k standartlar\u0131n\u0131 kar\u015f\u0131lad\u0131klar\u0131n\u0131 garanti etmek i\u00e7in \u00fcr\u00fcnlerini genellikle zorlu ko\u015fullar alt\u0131nda test ederler. Titiz testlerden ge\u00e7mi\u015f ve sahada kan\u0131tlanm\u0131\u015f bir ge\u00e7mi\u015fe sahip silindirleri se\u00e7mek tavsiye edilir.<\/p>\n<\/li>\n<li>\n<h3>G\u00fcvenlik \u00d6zellikleri<\/h3>\n<p>Hidrolik silindirler s\u00f6z konusu oldu\u011funda g\u00fcvenlik her \u015feyden \u00f6nemlidir. Patlama bas\u0131nc\u0131 de\u011ferleri, emniyet valfleri ve acil durdurma fonksiyonlar\u0131 gibi tasar\u0131m \u00f6zellikleri, \u00e7al\u0131\u015fma s\u0131ras\u0131nda kazalar\u0131 \u00f6nleyebilir. G\u00fcvenlik standartlar\u0131na ve y\u00f6netmeliklerine uygun silindirler aramak \u00f6nemlidir. Operat\u00f6rler, potansiyel g\u00fcvenlik sorunlar\u0131n\u0131 tan\u0131mak ve kullan\u0131mdan \u00f6nce t\u00fcm g\u00fcvenlik \u00f6zelliklerinin do\u011fru \u00e7al\u0131\u015ft\u0131\u011f\u0131ndan emin olmak i\u00e7in e\u011fitilmelidir.<\/p>\n<\/li>\n<li>\n<h3>Bak\u0131m Eri\u015filebilirli\u011fi<\/h3>\n<p>Kolay bak\u0131m imkan\u0131 sa\u011flayan bir bom silindiri se\u00e7mek, \u00f6mr\u00fcn\u00fc uzatmak ve optimum performans sa\u011flamak i\u00e7in \u00e7ok \u00f6nemlidir. Bile\u015fenlere inceleme, ya\u011flama ve onar\u0131m i\u00e7in kolayca eri\u015filebilmelidir. Silindiri en iyi durumda tutmak i\u00e7in d\u00fczenli bak\u0131m uygulamalar\u0131 olu\u015fturulmal\u0131 ve operat\u00f6rler, maliyetli ar\u0131za s\u00fcrelerini \u00f6nlemek i\u00e7in do\u011fru bak\u0131m prosed\u00fcrleri konusunda e\u011fitilmelidir.<\/p>\n<\/li>\n<\/ul>\n<p><img decoding=\"async\" src=\"https:\/\/www.hydraulic-cylinders.net\/wp-content\/uploads\/2025\/04\/songte-oil-pipes-and-spare-parts.webp\" alt=\"Petrol Borular\u0131 ve Yedek Par\u00e7a G\u00f6rseli\"><\/p>\n<h2>S\u0131zd\u0131rmazl\u0131k ve Ya\u011flama<\/h2>\n<p>Bom silindirlerinin d\u00fczg\u00fcn \u00e7al\u0131\u015fmas\u0131 i\u00e7in etkili s\u0131zd\u0131rmazl\u0131k ve ya\u011flama \u00e7ok \u00f6nemlidir. Hidrolik s\u0131v\u0131 s\u0131z\u0131nt\u0131s\u0131n\u0131 ve kirlenmesini \u00f6nlemek i\u00e7in piston contalar\u0131 ve mil contalar\u0131 gibi \u00e7e\u015fitli contalar kullan\u0131l\u0131r. Poli\u00fcretan ve nitril kau\u00e7uk gibi dayan\u0131kl\u0131 malzemelerden yap\u0131lan contalar, geli\u015fmi\u015f a\u015f\u0131nma direnci sa\u011flayarak zorlu ortamlarda bile uzun \u00f6m\u00fcrl\u00fcl\u00fc\u011f\u00fc garanti eder. Ayr\u0131ca, silindir g\u00f6vdesi ve di\u015fli u\u00e7lar\u0131, a\u015f\u0131nma direncini art\u0131rmak i\u00e7in ince bir i\u015flemden ge\u00e7irilir.<\/p>\n<p>Hidrolik sistemin d\u00fczenli ya\u011flanmas\u0131 \u015fartt\u0131r. Operat\u00f6rler, optimum performans\u0131 korumak ve hareketli par\u00e7alar aras\u0131ndaki s\u00fcrt\u00fcnmeyi azaltmak i\u00e7in periyodik olarak hidrolik ya\u011f eklemelidir. Do\u011fru ya\u011flama, a\u015f\u0131r\u0131 a\u015f\u0131nmay\u0131 ve a\u015f\u0131r\u0131 \u0131s\u0131nmay\u0131 \u00f6nleyerek bom silindirinin \u00f6mr\u00fcn\u00fc \u00f6nemli \u00f6l\u00e7\u00fcde uzat\u0131r.<\/p>\n<h2>\u00d6nleyici Bak\u0131m \u00d6nlemleri<\/h2>\n<ul>\n<li>\n<h3>D\u00fczenli Denetimler<\/h3>\n<p>D\u00fczenli kontroller yapmak, potansiyel sorunlar\u0131 erken tespit etmeye yard\u0131mc\u0131 olur. Operat\u00f6rler, a\u015f\u0131nma, s\u0131z\u0131nt\u0131 veya soruna i\u015faret edebilecek di\u011fer anormallik belirtilerini kontrol etmelidir. Rutin bir kontrol program\u0131 olu\u015fturmak, silindirin optimum performans g\u00f6stermesini sa\u011flar ve beklenmedik ar\u0131za riskini azalt\u0131r.<\/p>\n<\/li>\n<li>\n<h3>Uygun Ya\u011flama<\/h3>\n<p>Uygun ya\u011flama seviyelerinin korunmas\u0131, bom silindirinin sorunsuz \u00e7al\u0131\u015fmas\u0131 i\u00e7in hayati \u00f6nem ta\u015f\u0131r. Operat\u00f6rler, hidrolik sistemin yeterli miktarda ya\u011fla dolduruldu\u011fundan ve t\u00fcm ya\u011flama noktalar\u0131n\u0131n \u00fcreticinin tavsiyelerine g\u00f6re bak\u0131m\u0131n\u0131n yap\u0131ld\u0131\u011f\u0131ndan emin olmal\u0131d\u0131r. Do\u011fru tipte hidrolik ya\u011f kullanmak da performans\u0131 korumada \u00e7ok \u00f6nemli bir rol oynar.<\/p>\n<\/li>\n<li>\n<h3>Conta De\u011fi\u015fimi ve Kalibrasyon Kontrolleri<\/h3>\n<p>\u00d6nleyici bak\u0131m\u0131n bir par\u00e7as\u0131 olarak contalar\u0131n de\u011fi\u015ftirilmesi, s\u0131z\u0131nt\u0131lar\u0131 \u00f6nlemeye ve hidrolik bas\u0131nc\u0131 korumaya yard\u0131mc\u0131 olur. Operat\u00f6rler contalar\u0131n durumuna dikkat etmeli ve a\u015f\u0131nman\u0131n ilk belirtisinde de\u011fi\u015ftirmelidir. Ayr\u0131ca, kalibrasyon kontrolleri yapmak, silindirin do\u011fru \u015fekilde \u00e7al\u0131\u015ft\u0131\u011f\u0131ndan ve belirtilen performans standartlar\u0131n\u0131 korudu\u011fundan emin olunmas\u0131n\u0131 sa\u011flar.<\/p>\n<\/li>\n<\/ul>\n<p><img decoding=\"async\" src=\"https:\/\/www.hydraulic-cylinders.net\/wp-content\/uploads\/2025\/04\/songte-chushion-collar.webp\" alt=\"Yast\u0131k Yaka G\u00f6rseli\"><\/p>\n<h2>Kurulum Talimatlar\u0131<\/h2>\n<p>Bom silindirinin do\u011fru montaj\u0131, performans\u0131 ve uzun \u00f6mr\u00fc i\u00e7in \u00e7ok \u00f6nemlidir. Ba\u015far\u0131l\u0131 bir montaj i\u00e7in a\u015fa\u011f\u0131daki y\u00f6nergeleri izleyin:<\/p>\n<ul>\n<li>Hizalamay\u0131 sa\u011flay\u0131n: Silindirin ba\u011flant\u0131 noktalar\u0131yla do\u011fru hizalanmas\u0131 \u00e7ok \u00f6nemlidir. Yanl\u0131\u015f hizalama, silindirin erken a\u015f\u0131nmas\u0131na veya ar\u0131zalanmas\u0131na yol a\u00e7abilir.<\/li>\n<li>Uygun montaj braketlerini kullan\u0131n: Silindiri \u00f6nerilen braketler veya ba\u011flant\u0131 elemanlar\u0131 kullanarak g\u00fcvenli bir \u015fekilde takmak, \u00e7al\u0131\u015fma s\u0131ras\u0131nda kaymay\u0131 \u00f6nler, dengeyi ve g\u00fcvenli\u011fi sa\u011flar.<\/li>\n<li>S\u0131kma torkuna uyun: A\u015f\u0131r\u0131 s\u0131kman\u0131n hasara yol a\u00e7mas\u0131n\u0131 \u00f6nlemek i\u00e7in c\u0131vatalar\u0131 s\u0131karken \u00fcreticinin s\u0131kma torku \u00f6zelliklerine uyun.<\/li>\n<li>Hidrolik ba\u011flant\u0131lar\u0131 kontrol edin: Ekipman\u0131 \u00e7al\u0131\u015ft\u0131rmadan \u00f6nce t\u00fcm hidrolik ba\u011flant\u0131lar\u0131n s\u0131k\u0131 ve s\u0131z\u0131nt\u0131s\u0131z oldu\u011fundan emin olun.<\/li>\n<li>Sistemi test edin: Kurulumdan sonra, d\u00fczg\u00fcn \u00e7al\u0131\u015f\u0131p \u00e7al\u0131\u015fmad\u0131\u011f\u0131n\u0131 kontrol etmek ve herhangi bir s\u0131z\u0131nt\u0131 olmad\u0131\u011f\u0131ndan emin olmak i\u00e7in bir test \u00e7al\u0131\u015fmas\u0131 ger\u00e7ekle\u015ftirin.<\/li>\n<\/ul>\n<h2>Bak\u0131m G\u00f6revleri<\/h2>\n<ul>\n<li>\n<h3>D\u00fczenli Denetimler<\/h3>\n<p>Rutin kontrollerin yap\u0131lmas\u0131, a\u015f\u0131nma ve y\u0131pranmay\u0131, olas\u0131 s\u0131z\u0131nt\u0131lar\u0131 veya de\u011fi\u015ftirilmesi gerekebilecek par\u00e7alar\u0131 belirlemek i\u00e7in \u00e7ok \u00f6nemlidir. Operat\u00f6rler, herhangi bir sorunu erken tespit etmek i\u00e7in silindiri ve \u00e7evresindeki alanlar\u0131 g\u00f6rsel olarak incelemelidir. Bulgular\u0131n belgelenmesi, net bir bak\u0131m ge\u00e7mi\u015finin korunmas\u0131na yard\u0131mc\u0131 olur.<\/p>\n<\/li>\n<li>\n<h3>Uygun Ya\u011flama<\/h3>\n<p>Silindirin yeterli ya\u011flama almas\u0131, s\u00fcrt\u00fcnmeden kaynaklanan a\u015f\u0131nmay\u0131 \u00f6nler ve sorunsuz \u00e7al\u0131\u015fmay\u0131 sa\u011flar. Operat\u00f6rler, ya\u011flama programlar\u0131n\u0131 takip etmeli ve \u00fcreticinin ya\u011f t\u00fcrleri ve miktarlar\u0131 hakk\u0131ndaki \u00f6nerilerine uymal\u0131d\u0131r; bu da hidrolik sistemin genel sa\u011fl\u0131\u011f\u0131na katk\u0131da bulunur.<\/p>\n<\/li>\n<li>\n<h3>Conta De\u011fi\u015fimi ve Kalibrasyon Kontrolleri<\/h3>\n<p>Contalar\u0131n d\u00fczenli olarak de\u011fi\u015ftirilmesi ve kalibrasyon kontrollerinin yap\u0131lmas\u0131, hidrolik s\u0131v\u0131 s\u0131z\u0131nt\u0131lar\u0131n\u0131 \u00f6nleyebilir ve silindirin ama\u00e7lanan performansta \u00e7al\u0131\u015fmas\u0131n\u0131 sa\u011flayabilir. Operat\u00f6rler, conta b\u00fct\u00fcnl\u00fc\u011f\u00fc konusunda dikkatli olmal\u0131 ve conta muayenesi ve de\u011fi\u015ftirilmesi i\u00e7in belirlenmi\u015f protokollere uymal\u0131d\u0131r.<\/p>\n<\/li>\n<\/ul>\n<h2>G\u00fcvenlik Hususlar\u0131 ve \u00c7evresel Fakt\u00f6rler<\/h2>\n<p>Hidrolik silindirlerle \u00e7al\u0131\u015f\u0131rken g\u00fcvenlik \u00f6nlemleri son derece \u00f6nemlidir. Operat\u00f6rler, s\u0131v\u0131 s\u0131z\u0131nt\u0131s\u0131 veya silindir ar\u0131zas\u0131 riski de dahil olmak \u00fczere hidrolik sistemlerle ili\u015fkili potansiyel tehlikelerin fark\u0131nda olmal\u0131d\u0131r. G\u00fcvenlik y\u00f6nergelerine uymak, ki\u015fisel koruyucu ekipman (KKD) kullanmak ve operasyonel protokolleri takip etmek bu riskleri azalt\u0131r. Ayr\u0131ca, hidrolik s\u0131v\u0131 d\u00f6k\u00fclmeleri gibi \u00e7evresel sorunlar, uygun bak\u0131m ve kontrol uygulamalar\u0131yla y\u00f6netilmeli, d\u00fczenlemelere uyum sa\u011flanmal\u0131 ve g\u00fcvenli bir \u00e7al\u0131\u015fma ortam\u0131 te\u015fvik edilmelidir.<\/p>\n<h2>Yayg\u0131n Sorunlar\u0131n Giderilmesi<\/h2>\n<ul>\n<li>\n<h3>S\u0131z\u0131nt\u0131<\/h3>\n<p>Hidrolik s\u0131v\u0131 s\u0131z\u0131nt\u0131lar\u0131, a\u015f\u0131nm\u0131\u015f contalar veya hasarl\u0131 ba\u011flant\u0131 par\u00e7alar\u0131 nedeniyle meydana gelebilir. Operat\u00f6rler t\u00fcm ba\u011flant\u0131 noktalar\u0131n\u0131 ve contalar\u0131 d\u00fczenli olarak kontrol etmelidir. S\u0131z\u0131nt\u0131 tespit edilirse, daha fazla hidrolik bas\u0131n\u00e7 kayb\u0131n\u0131 \u00f6nlemek i\u00e7in contalar derhal de\u011fi\u015ftirilmelidir.<\/p>\n<\/li>\n<li>\n<h3>Azalt\u0131lm\u0131\u015f Performans<\/h3>\n<p>Tepkisizlik veya yava\u015f hareket, hidrolik s\u0131v\u0131 seviyesinin d\u00fc\u015f\u00fck oldu\u011funu veya i\u00e7 hasar oldu\u011funu g\u00f6sterebilir. Operat\u00f6rler s\u0131v\u0131 seviyelerini kontrol etmeli ve gerekti\u011finde tamamlamal\u0131d\u0131r. Sorun devam ederse, silindirin profesyonel bir de\u011ferlendirmeye ihtiyac\u0131 olabilir.<\/p>\n<\/li>\n<li>\n<h3>A\u015f\u0131r\u0131 \u0131s\u0131nma<\/h3>\n<p>A\u015f\u0131r\u0131 \u0131s\u0131nma, yetersiz ya\u011flama veya silindirin a\u015f\u0131r\u0131 y\u00fcklenmesinden kaynaklanabilir. Operat\u00f6rler, ya\u011flaman\u0131n yeterli oldu\u011fundan ve silindirin y\u00fck kapasitesini a\u015fmad\u0131\u011f\u0131ndan emin olmal\u0131d\u0131r. A\u015f\u0131r\u0131 durumlarda so\u011futma \u00f6nlemleri de gerekebilir.<\/p>\n<\/li>\n<\/ul>\n<p><img decoding=\"async\" src=\"https:\/\/www.hydraulic-cylinders.net\/wp-content\/uploads\/2025\/04\/songte-bushings-with-all-kinds-of-excavator-models.webp\" alt=\"Bur\u00e7lar G\u00f6r\u00fcnt\u00fcs\u00fc\"><\/p>\n<h2>Te\u015fhis ve \u00d6nleyici Tedbirler<\/h2>\n<p>Bom silindirlerindeki sorunlar\u0131 etkili bir \u015fekilde te\u015fhis etmek i\u00e7in operat\u00f6rler sistematik bir yakla\u015f\u0131m benimsemelidir. Performans \u00f6l\u00e7\u00fctlerinin d\u00fczenli olarak izlenmesi, normal \u00e7al\u0131\u015fmadan sapmalar\u0131 belirlemeye yard\u0131mc\u0131 olabilir. D\u00fczenli bak\u0131m programlar\u0131 ve operat\u00f6r e\u011fitimi gibi \u00f6nleyici tedbirlerin uygulanmas\u0131, sorunlarla kar\u015f\u0131la\u015fma olas\u0131l\u0131\u011f\u0131n\u0131 \u00f6nemli \u00f6l\u00e7\u00fcde azaltabilir. Potansiyel sorunlar\u0131n fark\u0131nda olmak ve proaktif y\u00f6netim, hidrolik silindirin \u00f6mr\u00fcn\u00fc uzatabilir ve genel operasyonel verimlili\u011fi art\u0131rabilir.<\/p>\n<h2>\u015eirket Genel Bak\u0131\u015f\u0131<\/h2>\n<p>\u00d6nde gelen yedek hidrolik silindir \u00fcreticisi ve toptanc\u0131s\u0131 olarak, \u00e7e\u015fitli end\u00fcstriyel ihtiya\u00e7lar\u0131 kar\u015f\u0131layan kapsaml\u0131 bir \u00fcr\u00fcn yelpazesi sunuyoruz. Kalite m\u00fckemmelli\u011fine olan ba\u011fl\u0131l\u0131\u011f\u0131m\u0131z, yetenekli personele, geli\u015fmi\u015f dijital \u00fcretim ekipmanlar\u0131na ve sa\u011flam test sistemlerine dayanan sofistike bir \u00fcretim stratejisi uygulamam\u0131z\u0131 sa\u011fl\u0131yor. Bu yakla\u015f\u0131m, \u00fcretim kapasitemizi s\u00fcrekli olarak geli\u015ftirmemize, \u00fcr\u00fcn kalitesini iyile\u015ftirmemize ve m\u00fc\u015fterilerimizin \u00e7e\u015fitli gereksinimlerini kar\u015f\u0131lamam\u0131za olanak tan\u0131yor.<\/p>\n<p>Profesyonelli\u011fe, uluslararas\u0131 sertifikasyona ve \u00f6zelle\u015ftirilebilir hizmetlere odaklanan firmam\u0131z, hidrolik silindir pazar\u0131nda \u00f6ne \u00e7\u0131kmaktad\u0131r. Son teknoloji \u00fcretim tesislerimiz, y\u00fcksek hassasiyet ve kalite standartlar\u0131n\u0131 koruyarak b\u00fcy\u00fck \u00f6l\u00e7ekli \u00fcretime olanak sa\u011flamaktad\u0131r. Sat\u0131\u015f sonras\u0131 hizmetlerimizde ola\u011fan\u00fcst\u00fc bir kalite sunarak, sat\u0131n alma s\u00fcrecinin her a\u015famas\u0131nda m\u00fc\u015fteri memnuniyetini garanti alt\u0131na almaktan gurur duyuyoruz.<\/p>\n<p><img decoding=\"async\" src=\"https:\/\/www.hydraulic-cylinders.net\/wp-content\/uploads\/2025\/04\/songte-company-4.webp\" alt=\"\u015eirket G\u00f6rseli 1\"><br \/>\n<img decoding=\"async\" src=\"https:\/\/www.hydraulic-cylinders.net\/wp-content\/uploads\/2025\/04\/songte-company-3.webp\" alt=\"\u015eirket G\u00f6rseli 2\"><\/p>\n<p>Yazar: lyl<\/p>","protected":false},"excerpt":{"rendered":"<p>Boom Cylinder For Pengpu SW230LC-5 Introduction to Boom Cylinder The Boom Cylinder is an essential hydraulic component specifically designed for controlling the movement of buckets in various heavy machinery such as excavators, backhoes, and front loaders. This hydraulic cylinder enables the bucket to lift, lower, and tilt, facilitating efficient material handling tasks. The bucket cylinder [&hellip;]<\/p>","protected":false},"featured_media":17875,"comment_status":"open","ping_status":"closed","template":"","meta":{"_et_pb_use_builder":"","_et_pb_old_content":"","_et_gb_content_width":""},"product_brand":[],"product_cat":[1546],"product_tag":[1547,1496],"class_list":{"0":"post-19537","1":"product","2":"type-product","3":"status-publish","4":"has-post-thumbnail","6":"product_cat-boom-cylinders","7":"product_tag-boom-cylinders","8":"product_tag-hydraulic-cylinders","10":"first","11":"instock","12":"shipping-taxable","13":"product-type-simple"},"amp_enabled":true,"_links":{"self":[{"href":"https:\/\/www.hydraulic-cylinders.net\/tr\/wp-json\/wp\/v2\/product\/19537","targetHints":{"allow":["GET"]}}],"collection":[{"href":"https:\/\/www.hydraulic-cylinders.net\/tr\/wp-json\/wp\/v2\/product"}],"about":[{"href":"https:\/\/www.hydraulic-cylinders.net\/tr\/wp-json\/wp\/v2\/types\/product"}],"replies":[{"embeddable":true,"href":"https:\/\/www.hydraulic-cylinders.net\/tr\/wp-json\/wp\/v2\/comments?post=19537"}],"wp:featuredmedia":[{"embeddable":true,"href":"https:\/\/www.hydraulic-cylinders.net\/tr\/wp-json\/wp\/v2\/media\/17875"}],"wp:attachment":[{"href":"https:\/\/www.hydraulic-cylinders.net\/tr\/wp-json\/wp\/v2\/media?parent=19537"}],"wp:term":[{"taxonomy":"product_brand","embeddable":true,"href":"https:\/\/www.hydraulic-cylinders.net\/tr\/wp-json\/wp\/v2\/product_brand?post=19537"},{"taxonomy":"product_cat","embeddable":true,"href":"https:\/\/www.hydraulic-cylinders.net\/tr\/wp-json\/wp\/v2\/product_cat?post=19537"},{"taxonomy":"product_tag","embeddable":true,"href":"https:\/\/www.hydraulic-cylinders.net\/tr\/wp-json\/wp\/v2\/product_tag?post=19537"}],"curies":[{"name":"wp","href":"https:\/\/api.w.org\/{rel}","templated":true}]}}