{"id":19538,"date":"2025-04-07T06:53:21","date_gmt":"2025-04-07T06:53:21","guid":{"rendered":"https:\/\/www.hydraulic-cylinders.net\/product\/boom-cylinder-for-pengpu-sw330es\/"},"modified":"2025-04-07T06:53:23","modified_gmt":"2025-04-07T06:53:23","slug":"boom-cylinder-for-pengpu-sw330es","status":"publish","type":"product","link":"https:\/\/www.hydraulic-cylinders.net\/tr\/urun\/boom-cylinder-for-pengpu-sw330es\/","title":{"rendered":"Pengpu SW330ES i\u00e7in Bom Silindiri"},"content":{"rendered":"<h1>Pengpu SW330ES i\u00e7in Bom Silindiri<\/h1>\n<h2>Bom Silindirini Anlamak<\/h2>\n<p>Bom silindiri, \u00f6zellikle ekskavat\u00f6rler, kaz\u0131c\u0131 y\u00fckleyiciler ve \u00f6n y\u00fckleyiciler gibi a\u011f\u0131r makinelerde kep\u00e7elerin hareketini kontrol etmek i\u00e7in tasarlanm\u0131\u015f, hidrolik sistemlerde \u00f6nemli bir bile\u015fendir. Bu hidrolik silindir, kep\u00e7enin kald\u0131r\u0131lmas\u0131n\u0131, indirilmesini ve e\u011filmesini kolayla\u015ft\u0131rarak malzeme ta\u015f\u0131ma i\u015flerinde vazge\u00e7ilmez bir ara\u00e7 haline gelir. Bas\u0131n\u00e7 alt\u0131ndaki hidrolik s\u0131v\u0131y\u0131 kullanarak, bu silindirler \u00f6nemli bir kuvvet \u00fcretebilir ve operat\u00f6rlerin en zorlu g\u00f6revleri bile hassasiyet ve verimlilikle ger\u00e7ekle\u015ftirmelerini sa\u011flar.<\/p>\n<p><img decoding=\"async\" src=\"https:\/\/www.hydraulic-cylinders.net\/wp-content\/uploads\/2025\/04\/songte-company-1.webp\" alt=\"Bom Silindiri\"><\/p>\n<h2>Bom Silindirinin Temel \u00d6zellikleri<\/h2>\n<ul>\n<li><strong>Y\u00fcksek Dayan\u0131kl\u0131l\u0131k ve Dayan\u0131kl\u0131l\u0131k:<\/strong> Genellikle y\u00fcksek mukavemetli \u00e7elik veya al\u00fcminyumdan \u00fcretilen Bom Silindiri, y\u00fcksek bas\u0131nca ve a\u011f\u0131r y\u00fcklere dayanabilir. Tasar\u0131m\u0131nda a\u015f\u0131nma direnci ve korozyon korumas\u0131 \u00f6zellikleri bulunur, bu da kullan\u0131m \u00f6mr\u00fcn\u00fc uzat\u0131r.<\/li>\n<li><strong>Verimli Hidrolik \u00c7al\u0131\u015fma:<\/strong> Bu silindir, d\u00fczg\u00fcn uzatma ve geri \u00e7ekme i\u00e7in hidrolik ya\u011f bas\u0131nc\u0131ndan yararlan\u0131r, operat\u00f6r komutlar\u0131na h\u0131zl\u0131 yan\u0131t vermeyi sa\u011flar ve a\u011f\u0131r ve karma\u015f\u0131k i\u015flerin \u00fcstesinden gelmek i\u00e7in uygun g\u00fc\u00e7l\u00fc \u00e7ekme ve itme g\u00fcc\u00fc sunar.<\/li>\n<li><strong>\u00c7e\u015fitli Tipler Mevcuttur:<\/strong> Kullan\u0131c\u0131lar, operasyonel ihtiya\u00e7lara ba\u011fl\u0131 olarak tek etkili (hidrolik bas\u0131nc\u0131 tek y\u00f6nde kullanan) veya \u00e7ift etkili (hidrolik bas\u0131nc\u0131 her iki y\u00f6nde kullanan) silindirler aras\u0131nda se\u00e7im yapabilirler. Baz\u0131 modeller, d\u0131\u015f boyutlar\u0131 art\u0131rmadan daha fazla uzatma sa\u011flayan teleskopik tasar\u0131mlara sahiptir ve bu da onlar\u0131 alan k\u0131s\u0131tlamal\u0131 uygulamalar i\u00e7in ideal hale getirir.<\/li>\n<\/ul>\n<h2>\u00dcretim Yetenekleri<\/h2>\n<p>Firmam\u0131z bu \u00fcr\u00fcn\u00fc \u00fcretebilme kapasitesine sahiptir ve silindirlerimizin mevcut hidrolik silindirlerin yerini m\u00fckemmel bir \u015fekilde almas\u0131n\u0131 sa\u011flamaktad\u0131r.<\/p>\n<p><img decoding=\"async\" src=\"https:\/\/www.hydraulic-cylinders.net\/wp-content\/uploads\/2025\/04\/songte-cylinder-head-with-all-kinds-excavator-models.webp\" alt=\"Ekskavat\u00f6r Modelleri\"><\/p>\n<h2>Bom Silindirinin Uygulamalar\u0131<\/h2>\n<h3>\u0130n\u015faat Ekipmanlar\u0131<\/h3>\n<p>Ekskavat\u00f6rlerde, bom silindiri kazma, y\u00fckleme ve toprak veya moloz ta\u015f\u0131ma i\u015flemlerinde hayati \u00f6neme sahiptir. Uzat\u0131l\u0131p geri \u00e7ekilebilme \u00f6zelli\u011fi, verimli kaz\u0131 ve kald\u0131rma i\u015flemlerine olanak sa\u011flarken, kaz\u0131c\u0131 y\u00fckleyicilerde hem kazma hem de y\u00fckseltme i\u015flerine yard\u0131mc\u0131 olur.<\/p>\n<h3>Tar\u0131m Makinalar\u0131<\/h3>\n<p>\u00d6n y\u00fckleyicilerde bu silindirler, toprak, saman ve di\u011fer malzemeleri kep\u00e7elemek, kald\u0131rmak ve ta\u015f\u0131mak i\u00e7in kullan\u0131l\u0131r ve bu g\u00f6revleri basitle\u015ftirerek tar\u0131msal faaliyetlerde verimlili\u011fi art\u0131r\u0131r.<\/p>\n<h3>Ekskavat\u00f6rler<\/h3>\n<p>Bom silindiri, kep\u00e7enin zemine etkili bir \u015fekilde n\u00fcfuz etmesini sa\u011flayarak \u00e7e\u015fitli arazilerde verimli kaz\u0131 i\u015flemlerine olanak tan\u0131r. Sa\u011flam tasar\u0131m\u0131, zorlu ortamlarda bile s\u00fcrekli performans sa\u011flar.<\/p>\n<h3>Y\u00fckleyiciler<\/h3>\n<p>\u00d6n y\u00fckleyicilerde, bom silindiri y\u00fcklerin verimli bir \u015fekilde kald\u0131r\u0131lmas\u0131na ve bo\u015falt\u0131lmas\u0131na yard\u0131mc\u0131 olarak, in\u015faat sahalar\u0131nda ve end\u00fcstriyel uygulamalarda malzeme ta\u015f\u0131ma kapasitesinin artmas\u0131na katk\u0131da bulunur.<\/p>\n<h2>Tasar\u0131m Hususlar\u0131 ve Se\u00e7im Kriterleri<\/h2>\n<h3>Y\u00fck Kapasitesi<\/h3>\n<p>Bom silindirinin y\u00fck ta\u015f\u0131ma kapasitesini de\u011ferlendirmek \u00e7ok \u00f6nemlidir, \u00e7\u00fcnk\u00fc g\u00fcvenlik veya performanstan \u00f6d\u00fcn vermeden ta\u015f\u0131nan malzemelerin a\u011f\u0131rl\u0131\u011f\u0131n\u0131 destekleyebilmelidir. A\u015f\u0131r\u0131 y\u00fckleme, silindir ar\u0131zas\u0131na yol a\u00e7arak \u00f6nemli riskler olu\u015fturabilir. Bir silindir se\u00e7erken, hem ta\u015f\u0131yabilece\u011fi maksimum y\u00fck\u00fc hem de \u00e7al\u0131\u015fma s\u0131n\u0131rlar\u0131n\u0131 dikkate almak \u015fartt\u0131r.<\/p>\n<h3>S\u0131zd\u0131rmazl\u0131k B\u00fct\u00fcnl\u00fc\u011f\u00fc<\/h3>\n<p>Hidrolik sistemlerin verimli \u00e7al\u0131\u015fmas\u0131 i\u00e7in s\u0131zd\u0131rmazl\u0131k b\u00fct\u00fcnl\u00fc\u011f\u00fc hayati \u00f6nem ta\u015f\u0131r. Y\u00fcksek kaliteli contalar, hidrolik s\u0131v\u0131n\u0131n s\u0131zmas\u0131n\u0131 \u00f6nler; bu da bas\u0131nc\u0131n korunmas\u0131 ve sistemin verimli \u00e7al\u0131\u015fmas\u0131n\u0131n sa\u011flanmas\u0131 i\u00e7in \u00e7ok \u00f6nemlidir. Piston contalar\u0131 ve mil contalar\u0131 gibi \u00e7e\u015fitli s\u0131zd\u0131rmazl\u0131k teknolojileri, a\u015f\u0131nmay\u0131 en aza indirmek ve dayan\u0131kl\u0131l\u0131\u011f\u0131 en \u00fcst d\u00fczeye \u00e7\u0131karmak i\u00e7in belirli \u00e7al\u0131\u015fma ko\u015fullar\u0131na g\u00f6re se\u00e7ilmelidir.<\/p>\n<h3>Dayan\u0131kl\u0131l\u0131k<\/h3>\n<p>Bom silindirinin dayan\u0131kl\u0131l\u0131\u011f\u0131, kullan\u0131lan malzemelerden ve uygulanan \u00fcretim s\u00fcre\u00e7lerinden etkilenir. Y\u00fcksek kaliteli malzemeler ve hassas m\u00fchendislik, daha uzun kullan\u0131m \u00f6mr\u00fcne ve daha az bak\u0131m ihtiyac\u0131na katk\u0131da bulunur. A\u015f\u0131r\u0131 s\u0131cakl\u0131klar ve a\u015f\u0131nd\u0131r\u0131c\u0131 maddeler gibi zorlu \u00e7evre ko\u015fullar\u0131na dayanacak \u015fekilde tasarlanm\u0131\u015f silindirler se\u00e7mek \u00e7ok \u00f6nemlidir.<\/p>\n<h3>G\u00fcvenlik \u00d6zellikleri<\/h3>\n<p>Bom silindirinin tasar\u0131m\u0131na g\u00fcvenlik \u00f6zelliklerinin entegre edilmesi son derece \u00f6nemlidir. Bu, a\u015f\u0131r\u0131 bas\u0131n\u00e7 olu\u015fumunu \u00f6nlemek i\u00e7in bas\u0131n\u00e7 tahliye vanalar\u0131n\u0131n uygulanmas\u0131n\u0131 ve t\u00fcm bile\u015fenlerin ilgili g\u00fcvenlik standartlar\u0131n\u0131 kar\u015f\u0131lamas\u0131n\u0131 i\u00e7erir. Bu \u00f6zelliklerin b\u00fct\u00fcnl\u00fc\u011f\u00fcn\u00fc korumak ve g\u00fcvenli \u00e7al\u0131\u015fmay\u0131 sa\u011flamak i\u00e7in d\u00fczenli g\u00fcvenlik kontrolleri yap\u0131lmal\u0131d\u0131r.<\/p>\n<h3>Bak\u0131m kolayl\u0131\u011f\u0131<\/h3>\n<p>Bom silindiri se\u00e7erken bak\u0131m kolayl\u0131\u011f\u0131 kritik bir fakt\u00f6rd\u00fcr. Bile\u015fenler, rutin incelemeleri ve onar\u0131mlar\u0131 kolayla\u015ft\u0131rmak i\u00e7in kolay eri\u015fim sa\u011flayacak \u015fekilde tasarlanmal\u0131d\u0131r. Etkili bir bak\u0131m plan\u0131, sistem ar\u0131zalar\u0131na yol a\u00e7madan \u00f6nce a\u015f\u0131nma ve y\u0131pranmay\u0131 gidermek i\u00e7in planl\u0131 kontrolleri ve \u00f6nleyici tedbirleri i\u00e7ermelidir.<\/p>\n<p><img decoding=\"async\" src=\"https:\/\/www.hydraulic-cylinders.net\/wp-content\/uploads\/2025\/04\/songte-oil-pipes-and-spare-parts.webp\" alt=\"Petrol Borular\u0131 ve Yedek Par\u00e7alar\u0131\"><\/p>\n<h2>S\u0131zd\u0131rmazl\u0131k ve Ya\u011flama<\/h2>\n<p>Hidrolik silindirlerin verimlili\u011fini korumak i\u00e7in piston contalar\u0131 ve mil contalar\u0131 gibi \u00e7e\u015fitli s\u0131zd\u0131rmazl\u0131k elemanlar\u0131n\u0131n kullan\u0131lmas\u0131 \u015fartt\u0131r. A\u015f\u0131nmaya dayan\u0131kl\u0131l\u0131klar\u0131 nedeniyle poli\u00fcretan ve nitril kau\u00e7uk gibi dayan\u0131kl\u0131 malzemelerden yap\u0131lm\u0131\u015f contalar tercih edilir. Silindir g\u00f6vdesi ve di\u015fli u\u00e7lar\u0131, a\u015f\u0131nma direncini art\u0131rmak i\u00e7in ince bir i\u015flemden ge\u00e7irilmelidir. Hareketli par\u00e7alarda s\u00fcrt\u00fcnmeyi ve a\u015f\u0131nmay\u0131 \u00f6nlemek, silindirin optimum performans\u0131n\u0131 ve uzun \u00f6mr\u00fcn\u00fc sa\u011flamak i\u00e7in d\u00fczenli olarak hidrolik ya\u011f ile ya\u011flama gereklidir.<\/p>\n<h2>\u00d6nleyici Bak\u0131m \u00d6nlemleri<\/h2>\n<ul>\n<li><strong>D\u00fczenli Denetimler:<\/strong> D\u00fczenli kontroller yapmak, sorunlar\u0131n daha ciddi problemlere d\u00f6n\u00fc\u015fmeden \u00f6nce erken tespit edilmesini sa\u011flar. S\u0131z\u0131nt\u0131lar\u0131, a\u015f\u0131nmay\u0131 ve genel sistem b\u00fct\u00fcnl\u00fc\u011f\u00fcn\u00fc d\u00fczenli olarak kontrol edin.<\/li>\n<li><strong>Uygun Ya\u011flama:<\/strong> Silindirin \u00fcretici spesifikasyonlar\u0131na g\u00f6re yeterince ya\u011fland\u0131\u011f\u0131ndan emin olun. Ya\u011flama eksikli\u011fi s\u00fcrt\u00fcnmeyi art\u0131rabilir ve erken a\u015f\u0131nmaya yol a\u00e7abilir.<\/li>\n<li><strong>Conta De\u011fi\u015fimi:<\/strong> Hidrolik s\u0131v\u0131 s\u0131z\u0131nt\u0131s\u0131n\u0131 \u00f6nlemek ve sistem verimlili\u011fini korumak i\u00e7in contalar\u0131 d\u00fczenli olarak a\u015f\u0131nma belirtileri a\u00e7\u0131s\u0131ndan kontrol edin ve gerekti\u011finde de\u011fi\u015ftirin.<\/li>\n<\/ul>\n<h2>Kurulum K\u0131lavuzu<\/h2>\n<p>Bom silindirinin montaj\u0131, do\u011fru \u00e7al\u0131\u015fma ve g\u00fcvenlik sa\u011flamak i\u00e7in detaylara dikkat etmeyi gerektirir. \u00d6ncelikle gerekli t\u00fcm aletleri ve g\u00fcvenlik ekipmanlar\u0131n\u0131 toplay\u0131n. Silindiri ba\u011flant\u0131 noktalar\u0131yla do\u011fru \u015fekilde hizalay\u0131n, d\u00fcz ve g\u00fcvenli oldu\u011fundan emin olun. Montaj s\u0131ras\u0131nda silindiri sabitlemek i\u00e7in uygun montaj braketleri kullan\u0131lmas\u0131 tavsiye edilir. Do\u011fru konumland\u0131r\u0131ld\u0131ktan sonra, a\u015f\u0131r\u0131 s\u0131kma yapmadan t\u00fcm ba\u011flant\u0131lar\u0131 s\u0131k\u0131n, \u00e7\u00fcnk\u00fc bu bile\u015fenlere zarar verebilir. Montajdan sonra, makineyi \u00e7al\u0131\u015ft\u0131rmadan \u00f6nce herhangi bir yanl\u0131\u015f hizalama veya s\u0131z\u0131nt\u0131 olup olmad\u0131\u011f\u0131n\u0131 kontrol edin.<\/p>\n<h2>Yayg\u0131n Bak\u0131m G\u00f6revleri<\/h2>\n<ul>\n<li><strong>D\u00fczenli Kontroller:<\/strong> Bom silindirinin genel durumunu izlemek i\u00e7in d\u00fczenli kontroller planlay\u0131n; s\u0131z\u0131nt\u0131 veya hasar olup olmad\u0131\u011f\u0131n\u0131 g\u00f6rsel olarak inceleyin.<\/li>\n<li><strong>Ya\u011flama:<\/strong> Hareketli par\u00e7alar\u0131n iyi ya\u011flanmas\u0131n\u0131 sa\u011flamak, a\u015f\u0131nmay\u0131 azaltmak ve performans\u0131 art\u0131rmak i\u00e7in d\u00fczenli bir ya\u011flama program\u0131 uygulay\u0131n.<\/li>\n<li><strong>Conta De\u011fi\u015fimi:<\/strong> S\u0131z\u0131nt\u0131lar\u0131 ve sistem verimsizliklerini \u00f6nlemek i\u00e7in yedek contalar\u0131n envanterini tutun ve proaktif bir de\u011fi\u015ftirme program\u0131 geli\u015ftirin.<\/li>\n<\/ul>\n<h2>G\u00fcvenlik Hususlar\u0131 ve \u00c7evresel Fakt\u00f6rler<\/h2>\n<p>Hidrolik sistemlerle \u00e7al\u0131\u015f\u0131rken, kazalar\u0131 ve yaralanmalar\u0131 \u00f6nlemek i\u00e7in g\u00fcvenlik \u00f6nlemleri \u00e7ok \u00f6nemlidir. Hidrolik silindirlerle \u00e7al\u0131\u015f\u0131rken daima eldiven ve g\u00f6zl\u00fck gibi uygun ki\u015fisel koruyucu ekipman (KKD) kullan\u0131n. Ayr\u0131ca, \u00e7al\u0131\u015fma ortam\u0131n\u0131n kazalara yol a\u00e7abilecek tehlikelerden ar\u0131nd\u0131r\u0131lm\u0131\u015f oldu\u011fundan emin olun. Operat\u00f6rlerin hidrolik sistemlerin g\u00fcvenli kullan\u0131m\u0131 ve olas\u0131 tehlikeleri konusunda uygun \u015fekilde e\u011fitilmesi de \u015fartt\u0131r.<\/p>\n<h2>Yayg\u0131n Sorunlar\u0131n Giderilmesi<\/h2>\n<ul>\n<li><strong>S\u0131z\u0131nt\u0131:<\/strong> Bir s\u0131z\u0131nt\u0131 tespit edilirse, sistemi derhal izole edin ve t\u00fcm contalar\u0131 ve ba\u011flant\u0131lar\u0131 hasar a\u00e7\u0131s\u0131ndan kontrol edin.<\/li>\n<li><strong>Performans Sorunlar\u0131:<\/strong> Silindir d\u00fczg\u00fcn \u00e7al\u0131\u015fm\u0131yorsa, hidrolik s\u0131v\u0131 seviyelerini ve filtre durumunu kontrol edin. D\u00fc\u015f\u00fck s\u0131v\u0131 seviyeleri performans d\u00fc\u015f\u00fc\u015f\u00fcne yol a\u00e7abilir.<\/li>\n<li><strong>\u00c7al\u0131\u015fma S\u0131ras\u0131nda G\u00fcr\u00fclt\u00fc:<\/strong> Ola\u011fand\u0131\u015f\u0131 sesler, hidrolik sistemde hava veya yetersiz ya\u011flama oldu\u011funu g\u00f6sterebilir. Havay\u0131 gidermek i\u00e7in sistemi havaland\u0131r\u0131n ve ya\u011flama seviyelerini kontrol edin.<\/li>\n<\/ul>\n<h2>Sorun Giderme \u0130pu\u00e7lar\u0131<\/h2>\n<p>Sorunlar\u0131 etkili bir \u015fekilde te\u015fhis etmek i\u00e7in, performans sorunlar\u0131n\u0131n ne zaman ve hangi ko\u015fullar alt\u0131nda meydana geldi\u011fini not ederek bir kay\u0131t tutun. Bu bilgiler, belirli nedenleri g\u00f6steren kal\u0131plar\u0131 belirlemeye yard\u0131mc\u0131 olabilir. Sistemde olas\u0131 sorunlar\u0131 d\u00fczenli olarak kontrol etmek, sistemin optimum \u015fekilde \u00e7al\u0131\u015fmas\u0131n\u0131 sa\u011flamak ve beklenmedik ar\u0131zalar\u0131 en aza indirmek i\u00e7in \u00f6nleyici bak\u0131m program\u0131 uygulay\u0131n.<\/p>\n<p><img decoding=\"async\" src=\"https:\/\/www.hydraulic-cylinders.net\/wp-content\/uploads\/2025\/04\/songte-bushings-with-all-kinds-of-excavator-models.webp\" alt=\"Ekskavat\u00f6r Modellerinde Bur\u00e7lar\"><\/p>\n<h2>\u015eirketimiz Hakk\u0131nda<\/h2>\n<p>Yedek hidrolik silindir \u00fcreticisi olarak, geni\u015f bir \u00fcr\u00fcn yelpazesi sunuyoruz ve hem yurt i\u00e7i hem de uluslararas\u0131 pazarlarda \u00f6nde gelen \u00fcretici ve toptanc\u0131lardan biri haline geldik. Geli\u015fmi\u015f bir \u00fcretim at\u00f6lyesi stratejisi ve dijital \u00fcst d\u00fczey \u00fcretim ekipmanlar\u0131ndan yararlanarak kalite m\u00fckemmelli\u011fine ba\u011fl\u0131 kal\u0131yor ve \u00fcretim platformumuzu s\u00fcrekli olarak geli\u015ftiriyoruz. Kaliteli \u00fcretim s\u00fcre\u00e7lerine ve g\u00fc\u00e7l\u00fc bir yarat\u0131c\u0131 yetene\u011fe odaklanarak, \u00e7e\u015fitli m\u00fc\u015fteri ihtiya\u00e7lar\u0131n\u0131 verimli ve do\u011fru bir \u015fekilde kar\u015f\u0131lamaya \u00e7al\u0131\u015f\u0131yoruz.<\/p>\n<p><img decoding=\"async\" src=\"https:\/\/www.hydraulic-cylinders.net\/wp-content\/uploads\/2025\/04\/songte-company-4.webp\" alt=\"\u015eirket Genel Bak\u0131\u015f\u0131\"><br \/>\n<img decoding=\"async\" src=\"https:\/\/www.hydraulic-cylinders.net\/wp-content\/uploads\/2025\/04\/songte-company-3.webp\" alt=\"\u015eirket Tesisleri\"><\/p>\n<p>Uzmanl\u0131\u011f\u0131m\u0131z, profesyonel yeterlilikler, uluslararas\u0131 sertifikalar, \u00f6zelle\u015ftirilmi\u015f hizmetler ve geli\u015fmi\u015f \u00fcretim ekipmanlar\u0131n\u0131 kapsamakta olup, m\u00fc\u015fteri memnuniyetini ve \u00fcr\u00fcn m\u00fckemmelli\u011fini sa\u011flamak i\u00e7in \u00f6zel sat\u0131\u015f sonras\u0131 destek ile tamamlanmaktad\u0131r.<\/p>\n<p>Yazar: lyl<\/p>","protected":false},"excerpt":{"rendered":"<p>Boom Cylinder For Pengpu SW330ES Understanding the Boom Cylinder The Boom Cylinder is an essential component in hydraulic systems, specifically designed for controlling the movement of buckets in heavy machinery such as excavators, backhoe loaders, and front loaders. This hydraulic cylinder facilitates the lifting, lowering, and tilting of the bucket, making it an indispensable tool [&hellip;]<\/p>","protected":false},"featured_media":17876,"comment_status":"open","ping_status":"closed","template":"","meta":{"_et_pb_use_builder":"","_et_pb_old_content":"","_et_gb_content_width":""},"product_brand":[],"product_cat":[1546],"product_tag":[1547,1496],"class_list":{"0":"post-19538","1":"product","2":"type-product","3":"status-publish","4":"has-post-thumbnail","6":"product_cat-boom-cylinders","7":"product_tag-boom-cylinders","8":"product_tag-hydraulic-cylinders","10":"first","11":"instock","12":"shipping-taxable","13":"product-type-simple"},"amp_enabled":true,"_links":{"self":[{"href":"https:\/\/www.hydraulic-cylinders.net\/tr\/wp-json\/wp\/v2\/product\/19538","targetHints":{"allow":["GET"]}}],"collection":[{"href":"https:\/\/www.hydraulic-cylinders.net\/tr\/wp-json\/wp\/v2\/product"}],"about":[{"href":"https:\/\/www.hydraulic-cylinders.net\/tr\/wp-json\/wp\/v2\/types\/product"}],"replies":[{"embeddable":true,"href":"https:\/\/www.hydraulic-cylinders.net\/tr\/wp-json\/wp\/v2\/comments?post=19538"}],"wp:featuredmedia":[{"embeddable":true,"href":"https:\/\/www.hydraulic-cylinders.net\/tr\/wp-json\/wp\/v2\/media\/17876"}],"wp:attachment":[{"href":"https:\/\/www.hydraulic-cylinders.net\/tr\/wp-json\/wp\/v2\/media?parent=19538"}],"wp:term":[{"taxonomy":"product_brand","embeddable":true,"href":"https:\/\/www.hydraulic-cylinders.net\/tr\/wp-json\/wp\/v2\/product_brand?post=19538"},{"taxonomy":"product_cat","embeddable":true,"href":"https:\/\/www.hydraulic-cylinders.net\/tr\/wp-json\/wp\/v2\/product_cat?post=19538"},{"taxonomy":"product_tag","embeddable":true,"href":"https:\/\/www.hydraulic-cylinders.net\/tr\/wp-json\/wp\/v2\/product_tag?post=19538"}],"curies":[{"name":"wp","href":"https:\/\/api.w.org\/{rel}","templated":true}]}}