{"id":19546,"date":"2025-04-07T06:53:52","date_gmt":"2025-04-07T06:53:52","guid":{"rendered":"https:\/\/www.hydraulic-cylinders.net\/product\/boom-cylinder-for-nante-nt08\/"},"modified":"2025-04-07T06:53:55","modified_gmt":"2025-04-07T06:53:55","slug":"boom-cylinder-for-nante-nt08","status":"publish","type":"product","link":"https:\/\/www.hydraulic-cylinders.net\/tr\/urun\/boom-cylinder-for-nante-nt08\/","title":{"rendered":"Nante NT08 i\u00e7in Bom Silindiri"},"content":{"rendered":"<h1>Nante NT08 i\u00e7in Bom Silindiri<\/h1>\n<h2>\u00dcr\u00fcn Genel Bak\u0131\u015f\u0131<\/h2>\n<p>Nante NT08 i\u00e7in tasarlanm\u0131\u015f Bom Silindiri, ekskavat\u00f6rler, beko y\u00fckleyiciler ve \u00f6n y\u00fckleyiciler gibi a\u011f\u0131r makinelerde kep\u00e7elerin hareketini kontrol etmek i\u00e7in \u00f6zel olarak tasarlanm\u0131\u015f hidrolik sistemlerin \u00f6nemli bir bile\u015fenidir. Bu hidrolik silindirler, kep\u00e7enin kald\u0131r\u0131lmas\u0131n\u0131, indirilmesini ve e\u011filmesini sa\u011flayarak etkili malzeme ta\u015f\u0131ma i\u015flemlerini kolayla\u015ft\u0131r\u0131r. \u00d6zel bir hidrolik silindir olarak bom silindiri, \u00e7e\u015fitli i\u015flemleri ger\u00e7ekle\u015ftirmek i\u00e7in gereken g\u00fcc\u00fc sa\u011flayan bas\u0131n\u00e7l\u0131 hidrolik s\u0131v\u0131 kullanarak \u00e7al\u0131\u015f\u0131r ve a\u011f\u0131r ekipmanlar\u0131n verimlili\u011fini ve \u00fcretkenli\u011fini \u00f6nemli \u00f6l\u00e7\u00fcde art\u0131r\u0131r.<\/p>\n<p><img decoding=\"async\" src=\"https:\/\/www.hydraulic-cylinders.net\/wp-content\/uploads\/2025\/04\/songte-company-1.webp\" alt=\"Nante NT08 i\u00e7in Bom Silindiri\" \/><\/p>\n<h2>Bom Silindirinin Temel \u00d6zellikleri<\/h2>\n<ul>\n<li>\n<h3>Y\u00fcksek G\u00fc\u00e7 ve Dayan\u0131kl\u0131l\u0131k<\/h3>\n<p>Genellikle y\u00fcksek mukavemetli \u00e7elik veya al\u00fcminyumdan \u00fcretilen bu silindirler, y\u00fcksek bas\u0131n\u00e7lara ve a\u011f\u0131r y\u00fcklere dayanabilme \u00f6zelli\u011fine sahiptir. A\u015f\u0131nma direnci ve korozyon korumas\u0131na \u00f6nem veren tasar\u0131mlar\u0131yla zorlu \u00e7al\u0131\u015fma ortamlar\u0131na dayanacak \u015fekilde tasarlanm\u0131\u015f olup, kullan\u0131m \u00f6m\u00fcrleri uzat\u0131lm\u0131\u015ft\u0131r.<\/p>\n<\/li>\n<li>\n<h3>Verimli Hidrolik \u00c7al\u0131\u015fma<\/h3>\n<p>Hidrolik ya\u011f bas\u0131nc\u0131n\u0131 kullanan bom silindiri, kontrol komutlar\u0131na h\u0131zl\u0131 yan\u0131t vererek d\u00fczg\u00fcn uzatma ve geri \u00e7ekme hareketleri ger\u00e7ekle\u015ftirir. Bu \u00f6zellik, g\u00fc\u00e7l\u00fc itme ve \u00e7ekme kuvvetleri sa\u011flayarak a\u011f\u0131r malzemelerin ta\u015f\u0131nmas\u0131 ve karma\u015f\u0131k operasyonel g\u00f6revler i\u00e7in son derece uygun hale getirir.<\/p>\n<\/li>\n<li>\n<h3>\u00c7e\u015fitli Tip Se\u00e7enekleri<\/h3>\n<p>Hem tek etkili (hidrolik bas\u0131nc\u0131 tek y\u00f6nde kullanan) hem de \u00e7ift etkili (hidrolik bas\u0131nc\u0131 her iki y\u00f6nde de kullanan) konfig\u00fcrasyonlarda bulunan bu silindirler, \u00e7e\u015fitli operasyonel ihtiya\u00e7lar\u0131 kar\u015f\u0131layabilir. Baz\u0131 modeller teleskopiktir ve d\u0131\u015f boyutlar\u0131 art\u0131rmadan daha fazla uzamaya olanak tan\u0131r; bu da alan k\u0131s\u0131tlamalar\u0131 olan uygulamalar i\u00e7in idealdir.<\/p>\n<\/li>\n<li>\n<h3>\u00d6zel \u00dcretim<\/h3>\n<p>Mevcut hidrolik silindirlerin yerine m\u00fckemmel \u015fekilde ge\u00e7ebilen, \u00fcst\u00fcn uyumluluk ve g\u00fcvenilirlik sa\u011flayan bom silindirleri \u00fcretme konusunda uzmanla\u015fm\u0131\u015f bulunuyoruz.<\/p>\n<\/li>\n<\/ul>\n<p><img decoding=\"async\" src=\"https:\/\/www.hydraulic-cylinders.net\/wp-content\/uploads\/2025\/04\/songte-cylinder-head-with-all-kinds-excavator-models.webp\" alt=\"Hidrolik Silindir Kapa\u011f\u0131\" \/><\/p>\n<h2>Bom Silindirinin Uygulamalar\u0131<\/h2>\n<ul>\n<li>\n<h3>\u0130n\u015faat Ekipmanlar\u0131<\/h3>\n<p>Ekskavat\u00f6rlerde, bom silindirleri kazma, y\u00fckleme ve toprak veya moloz ta\u015f\u0131ma i\u015flemlerinde hayati \u00f6neme sahiptir. Verimli kaz\u0131 s\u00fcre\u00e7lerini sa\u011flamak i\u00e7in gerekli kald\u0131rma g\u00fcc\u00fcn\u00fc sa\u011flarlar. Kaz\u0131c\u0131 y\u00fckleyicilerde ise kova silindiri hem kazma hem de kald\u0131rma i\u015flerinde yard\u0131mc\u0131 olur ve bu da onlar\u0131 \u00e7ok y\u00f6nl\u00fcl\u00fc\u011f\u00fcn \u00f6nemli oldu\u011fu in\u015faat projeleri i\u00e7in paha bi\u00e7ilmez k\u0131lar.<\/p>\n<\/li>\n<li>\n<h3>Tar\u0131m Makinalar\u0131<\/h3>\n<p>\u00d6n y\u00fckleyicilerde, bom silindirleri toprak, saman ve di\u011fer malzemeleri kep\u00e7elemek, kald\u0131rmak ve ta\u015f\u0131mak i\u00e7in kullan\u0131l\u0131r. G\u00fcvenilirlikleri ve g\u00fc\u00e7leri, ekimden hasada kadar tar\u0131msal operasyonlarda hayati \u00f6nem ta\u015f\u0131yan g\u00f6revleri kolayla\u015ft\u0131r\u0131r.<\/p>\n<\/li>\n<li>\n<h3>Ekskavat\u00f6rler<\/h3>\n<p>Ekskavat\u00f6rlerde, bom silindiri kep\u00e7enin topra\u011fa n\u00fcfuz etmesini sa\u011flayarak etkili kaz\u0131 i\u015flemlerine olanak tan\u0131r. Bu \u00f6zellik, \u00e7e\u015fitli toprak ta\u015f\u0131ma i\u015fleri i\u00e7in hayati \u00f6nem ta\u015f\u0131r ve saha haz\u0131rl\u0131\u011f\u0131 ve geli\u015ftirme \u00e7al\u0131\u015fmalar\u0131na \u00f6nemli \u00f6l\u00e7\u00fcde katk\u0131da bulunur.<\/p>\n<\/li>\n<li>\n<h3>Y\u00fckleyiciler<\/h3>\n<p>\u00d6n y\u00fckleyicilerde, bom silindirleri malzemelerin verimli bir \u015fekilde kald\u0131r\u0131lmas\u0131na ve bo\u015falt\u0131lmas\u0131na yard\u0131mc\u0131 olur. Sa\u011flam tasar\u0131mlar\u0131, a\u011f\u0131r y\u00fcklerin bile g\u00fcvenli bir \u015fekilde ta\u015f\u0131nmas\u0131n\u0131 sa\u011flayarak, y\u00fckleyici makinelerinin kritik bir bile\u015fenini olu\u015fturur.<\/p>\n<\/li>\n<\/ul>\n<h2>Tasar\u0131m Hususlar\u0131 ve Se\u00e7im Kriterleri<\/h2>\n<ul>\n<li>\n<h3>Y\u00fck Kapasitesi<\/h3>\n<p>Bir bom silindiri se\u00e7erken, belirli g\u00f6revler i\u00e7in gereken y\u00fck kapasitesini dikkate almak \u00e7ok \u00f6nemlidir. Silindir, g\u00fcvenlik veya performanstan \u00f6d\u00fcn vermeden beklenen maksimum y\u00fck\u00fc kald\u0131rabilmelidir. M\u00fchendisler, silindirin operasyonel standartlar\u0131 kar\u015f\u0131lad\u0131\u011f\u0131ndan emin olmak i\u00e7in genellikle silindirin kar\u015f\u0131la\u015faca\u011f\u0131 dinamik ve statik y\u00fckleri de\u011ferlendirirler.<\/p>\n<\/li>\n<li>\n<h3>S\u0131zd\u0131rmazl\u0131k Mekanizmalar\u0131<\/h3>\n<p>Hidrolik sistemlerde s\u0131z\u0131nt\u0131lar\u0131 \u00f6nlemek ve bas\u0131nc\u0131 korumak i\u00e7in etkili s\u0131zd\u0131rmazl\u0131k \u00e7ok \u00f6nemlidir. Poli\u00fcretan ve nitril kau\u00e7uk gibi s\u0131zd\u0131rmazl\u0131k malzemelerinin se\u00e7imi, silindirin \u00f6mr\u00fcn\u00fc ve verimlili\u011fini \u00f6nemli \u00f6l\u00e7\u00fcde etkileyebilir. Do\u011fru tasarlanm\u0131\u015f contalar, hidrolik s\u0131v\u0131n\u0131n s\u0131zmas\u0131n\u0131 \u00f6nlemeye ve d\u0131\u015f kirleticilere kar\u015f\u0131 korumaya yard\u0131mc\u0131 olur.<\/p>\n<\/li>\n<li>\n<h3>Dayan\u0131kl\u0131l\u0131k<\/h3>\n<p>Bom silindirlerinin tasar\u0131m\u0131nda dayan\u0131kl\u0131l\u0131k \u00f6nemli bir fakt\u00f6rd\u00fcr. Genellikle a\u015f\u0131r\u0131 s\u0131cakl\u0131klar ve a\u015f\u0131nd\u0131r\u0131c\u0131 malzemeler de dahil olmak \u00fczere zorlu ko\u015fullara maruz kal\u0131rlar. A\u015f\u0131nma direncini ve korozyon korumas\u0131n\u0131 art\u0131ran malzeme ve kaplamalar\u0131n se\u00e7imi, silindirin uzun vadeli i\u015flevselli\u011fini sa\u011flamak i\u00e7in \u00e7ok \u00f6nemlidir.<\/p>\n<\/li>\n<li>\n<h3>G\u00fcvenlik \u00d6zellikleri<\/h3>\n<p>Hidrolik uygulamalarda g\u00fcvenlik her \u015feyden \u00f6nemlidir. Bom silindirleri, felaketle sonu\u00e7lanabilecek ar\u0131zalar\u0131 \u00f6nlemek i\u00e7in bas\u0131n\u00e7 tahliye vanalar\u0131 ve a\u015f\u0131r\u0131 y\u00fck korumas\u0131 gibi g\u00fcvenlik \u00f6zellikleriyle tasarlanmal\u0131d\u0131r. Silindirin g\u00fcvenlik standartlar\u0131n\u0131 kar\u015f\u0131lamas\u0131, operat\u00f6r g\u00fcvenli\u011fi ve ekipman g\u00fcvenilirli\u011fi i\u00e7in \u00e7ok \u00f6nemlidir.<\/p>\n<\/li>\n<li>\n<h3>Bak\u0131m ve Onar\u0131m Kolayl\u0131\u011f\u0131<\/h3>\n<p>Hidrolik silindirlerin \u00f6mr\u00fcn\u00fc uzatmak i\u00e7in bak\u0131m kolayl\u0131\u011f\u0131na y\u00f6nelik tasar\u0131m hayati \u00f6nem ta\u015f\u0131r. Eri\u015filebilir ya\u011flama noktalar\u0131 ve de\u011fi\u015ftirilebilir contalar gibi \u00f6zellikler, bak\u0131m i\u015flemlerini basitle\u015ftirerek ar\u0131za s\u00fcresini ve onar\u0131m maliyetlerini azaltabilir.<\/p>\n<\/li>\n<\/ul>\n<p><img decoding=\"async\" src=\"https:\/\/www.hydraulic-cylinders.net\/wp-content\/uploads\/2025\/04\/songte-oil-pipes-and-spare-parts.webp\" alt=\"Petrol Borular\u0131 ve Yedek Par\u00e7alar\u0131\" \/><\/p>\n<h2>Silindirin S\u0131zd\u0131rmazl\u0131\u011f\u0131 ve Ya\u011flanmas\u0131<\/h2>\n<p>Bom silindirinin uzun \u00f6m\u00fcrl\u00fcl\u00fc\u011f\u00fcn\u00fc ve verimlili\u011fini sa\u011flamak, piston contalar\u0131 ve mil contalar\u0131 da dahil olmak \u00fczere \u00e7e\u015fitli s\u0131zd\u0131rmazl\u0131k bile\u015fenlerinin kullan\u0131m\u0131n\u0131 gerektirir. Bu contalar, a\u015f\u0131nmaya dayanmak ve hidrolik bas\u0131nc\u0131 korumak i\u00e7in genellikle poli\u00fcretan ve nitril kau\u00e7uk gibi dayan\u0131kl\u0131 malzemelerden yap\u0131l\u0131r. Silindir g\u00f6vdesi ve di\u015fli u\u00e7 y\u00fczeyleri, dayan\u0131kl\u0131l\u0131\u011f\u0131 art\u0131rmak ve s\u00fcrt\u00fcnmeyi en aza indirmek i\u00e7in hassas bir \u015fekilde i\u015flenir.<\/p>\n<p>Hidrolik ya\u011f ile d\u00fczenli ya\u011flama, optimum \u00e7al\u0131\u015fma i\u00e7in \u015fartt\u0131r. Bu bak\u0131m i\u015flemi, silindirin d\u00fczg\u00fcn hareketine yard\u0131mc\u0131 olmakla kalmaz, ayn\u0131 zamanda \u00f6nemli bile\u015fenlerdeki a\u015f\u0131nmay\u0131 da azalt\u0131r. Operat\u00f6rler, tutarl\u0131 performans sa\u011flamak i\u00e7in ya\u011f seviyelerini kontrol etme ve gerekti\u011finde hidrolik s\u0131v\u0131y\u0131 yenileme konusunda bir rutin olu\u015fturmal\u0131d\u0131r.<\/p>\n<h2>D\u00fczenli Muayene ve \u00d6nleyici Bak\u0131m \u00d6nlemleri<\/h2>\n<ul>\n<li>\n<h3>D\u00fczenli Denetimler<\/h3>\n<p>Bom silindirinin s\u0131k s\u0131k kontrol edilmesi, potansiyel sorunlar\u0131n ciddi problemlere d\u00f6n\u00fc\u015fmeden \u00f6nce tespit edilmesi a\u00e7\u0131s\u0131ndan \u00e7ok \u00f6nemlidir. Operat\u00f6rler, s\u0131z\u0131nt\u0131, \u00e7atlak veya a\u015f\u0131nma belirtileri a\u00e7\u0131s\u0131ndan g\u00f6rsel olarak inceleme yapmal\u0131 ve ekipman ar\u0131zas\u0131n\u0131 \u00f6nlemek i\u00e7in endi\u015fe duyulan her durumu derhal gidermelidir.<\/p>\n<\/li>\n<li>\n<h3>Uygun Ya\u011flama<\/h3>\n<p>Uygun \u015fekilde ya\u011flanm\u0131\u015f bir bom silindiri, verimli \u00e7al\u0131\u015fmay\u0131 sa\u011flar ve a\u015f\u0131nmay\u0131 en aza indirir. Operat\u00f6rler, performans ve uzun \u00f6m\u00fcrl\u00fcl\u00fc\u011f\u00fc korumak i\u00e7in t\u00fcm hareketli par\u00e7alar\u0131n uygun hidrolik ya\u011f ile yeterince ya\u011flanmas\u0131n\u0131 sa\u011flayacak bir ya\u011flama program\u0131 olu\u015fturmal\u0131d\u0131r.<\/p>\n<\/li>\n<li>\n<h3>Conta De\u011fi\u015fimi ve Kalibrasyon Kontrolleri<\/h3>\n<p>Hidrolik sistemin b\u00fct\u00fcnl\u00fc\u011f\u00fcn\u00fc korumak i\u00e7in contalar\u0131n d\u00fczenli olarak de\u011fi\u015ftirilmesi \u015fartt\u0131r. Operat\u00f6rler ayr\u0131ca silindirin belirtilen parametreler dahilinde \u00e7al\u0131\u015ft\u0131\u011f\u0131ndan emin olmak i\u00e7in kalibrasyon kontrolleri yapmal\u0131 ve optimum performans\u0131 korumak i\u00e7in gerekti\u011fi gibi ayarlamalar yapmal\u0131d\u0131r.<\/p>\n<\/li>\n<\/ul>\n<p><img decoding=\"async\" src=\"https:\/\/www.hydraulic-cylinders.net\/wp-content\/uploads\/2025\/04\/songte-chushion-collar.webp\" alt=\"Yast\u0131k Yaka\" \/><\/p>\n<h2>Kurulum Talimatlar\u0131<\/h2>\n<p>Bom silindirinin do\u011fru montaj\u0131, optimum \u00e7al\u0131\u015fma ve g\u00fcvenlik i\u00e7in kritik \u00f6neme sahiptir. Do\u011fru montaj i\u00e7in \u015fu ad\u0131mlar\u0131 izleyin:<\/p>\n<ol>\n<li><strong>Hizalama:<\/strong> Silindirin makinenin montaj braketleriyle do\u011fru \u015fekilde hizaland\u0131\u011f\u0131ndan emin olun. Yanl\u0131\u015f hizalama a\u015f\u0131r\u0131 a\u015f\u0131nmaya ve olas\u0131 ar\u0131zaya yol a\u00e7abilir.<\/li>\n<li><strong>Uygun montaj braketlerini kullan\u0131n:<\/strong> \u00c7al\u0131\u015fma s\u0131ras\u0131nda hidrolik silindire denge ve destek sa\u011flayacak uygun ba\u011flant\u0131 elemanlar\u0131 kullan\u0131n.<\/li>\n<li><strong>G\u00fcvenli Ba\u011flant\u0131lar:<\/strong> S\u0131z\u0131nt\u0131lar\u0131 \u00f6nlemek ve hidrolik bas\u0131nc\u0131 korumak i\u00e7in t\u00fcm ba\u011flant\u0131lar\u0131 iyice s\u0131k\u0131n.<\/li>\n<li><strong>Parazit olup olmad\u0131\u011f\u0131n\u0131 kontrol edin:<\/strong> \u00c7al\u0131\u015fma s\u0131ras\u0131nda silindirin di\u011fer bile\u015fenlerle etkile\u015fime girmemesine dikkat edin; bu durum hasara veya ar\u0131zaya neden olabilir.<\/li>\n<li><strong>Test \u0130\u015flevselli\u011fi:<\/strong> Montajdan sonra, silindirin hidrolik sistem i\u00e7inde sorunsuz ve etkili bir \u015fekilde \u00e7al\u0131\u015ft\u0131\u011f\u0131ndan emin olmak i\u00e7in i\u015flevselli\u011fini test edin.<\/li>\n<\/ol>\n<h2>Yayg\u0131n Bak\u0131m G\u00f6revleri<\/h2>\n<ul>\n<li>\n<h3>D\u00fczenli Denetimler<\/h3>\n<p>D\u00fczenli kontroller yapmak, operat\u00f6rlerin potansiyel sorunlar\u0131 erken tespit etmelerini sa\u011flar. A\u015f\u0131nma belirtileri, s\u0131z\u0131nt\u0131lar veya \u00e7al\u0131\u015fma s\u0131ras\u0131nda ola\u011fand\u0131\u015f\u0131 sesler i\u00e7in g\u00f6rsel kontroller rutinin bir par\u00e7as\u0131 olmal\u0131d\u0131r. Sorunlar\u0131n derhal ele al\u0131nmas\u0131, ilerleyen s\u00fcre\u00e7te daha b\u00fcy\u00fck sorunlar\u0131n \u00f6nlenmesine yard\u0131mc\u0131 olabilir.<\/p>\n<\/li>\n<li>\n<h3>Uygun Ya\u011flama<\/h3>\n<p>Do\u011fru ya\u011flaman\u0131n \u00f6nemi asla g\u00f6z ard\u0131 edilemez. Operat\u00f6rler, s\u00fcrt\u00fcnmeyi ve a\u015f\u0131nmay\u0131 en aza indirmek i\u00e7in bom silindirinin t\u00fcm hareketli par\u00e7alar\u0131n\u0131n uygun hidrolik ya\u011f ile yeterince ya\u011fland\u0131\u011f\u0131ndan emin olmal\u0131d\u0131r. D\u00fczenli ya\u011flama kontrolleri, bak\u0131m program\u0131n\u0131n bir par\u00e7as\u0131 olmal\u0131d\u0131r.<\/p>\n<\/li>\n<li>\n<h3>Conta De\u011fi\u015fimi<\/h3>\n<p>S\u0131zd\u0131rmazl\u0131k elemanlar\u0131, hidrolik bas\u0131nc\u0131n korunmas\u0131 ve s\u0131z\u0131nt\u0131lar\u0131n \u00f6nlenmesi i\u00e7in kritik \u00f6neme sahiptir. \u00d6zellikle y\u00fcksek kullan\u0131m oran\u0131na sahip silindirlerde, s\u0131zd\u0131rmazl\u0131k elemanlar\u0131n\u0131n d\u00fczenli olarak de\u011fi\u015ftirilmesi, performans\u0131 korumaya ve silindirin \u00f6mr\u00fcn\u00fc uzatmaya yard\u0131mc\u0131 olabilir.<\/p>\n<\/li>\n<\/ul>\n<h2>G\u00fcvenlik Hususlar\u0131 ve \u00c7evresel Fakt\u00f6rler<\/h2>\n<p>Hidrolik silindirlerle \u00e7al\u0131\u015f\u0131rken g\u00fcvenlik \u00f6nlemleri son derece \u00f6nemlidir. Operat\u00f6rler, hidrolik s\u0131v\u0131 s\u0131z\u0131nt\u0131s\u0131 veya ani silindir ar\u0131zas\u0131 gibi potansiyel tehlikelere kar\u015f\u0131 korunmak i\u00e7in uygun ki\u015fisel koruyucu ekipman (KKD) giymelidir. G\u00fcvenlik protokollerine uymak yaln\u0131zca operat\u00f6rleri korumakla kalmaz, ayn\u0131 zamanda makinelerin g\u00fcvenli \u00e7al\u0131\u015fmas\u0131n\u0131 da sa\u011flar.<\/p>\n<p>\u00c7evresel hususlar da son derece \u00f6nemlidir. \u00c7evresel etkiyi en aza indirmek i\u00e7in hidrolik s\u0131v\u0131lar\u0131n ve eski contalar\u0131n yerel y\u00f6netmeliklere uygun olarak bertaraf edilmesi gerekmektedir. S\u00fcrd\u00fcr\u00fclebilir uygulamalar\u0131n hayata ge\u00e7irilmesi, hidrolik sistemlerin genel g\u00fcvenli\u011fine ve verimlili\u011fine katk\u0131da bulunabilir.<\/p>\n<h2>Yayg\u0131n Sorunlar\u0131n Giderilmesi<\/h2>\n<ul>\n<li>\n<h3>S\u0131z\u0131nt\u0131<\/h3>\n<p>S\u0131z\u0131nt\u0131lar genellikle a\u015f\u0131nm\u0131\u015f contalardan veya yanl\u0131\u015f ba\u011flant\u0131lardan kaynaklan\u0131r. Contalar\u0131n hasar a\u00e7\u0131s\u0131ndan incelenmesi ve t\u00fcm ba\u011flant\u0131lar\u0131n s\u0131k\u0131 oldu\u011fundan emin olunmas\u0131 bu sorunu \u00e7\u00f6zebilir. D\u00fczenli bak\u0131m, s\u0131z\u0131nt\u0131lar\u0131n \u00f6nemli bir sorun haline gelmesini \u00f6nleyebilir.<\/p>\n<\/li>\n<li>\n<h3>Tutars\u0131z Performans<\/h3>\n<p>D\u00fczensiz \u00e7al\u0131\u015fma, hidrolik s\u0131v\u0131 seviyesinin d\u00fc\u015f\u00fck oldu\u011funu veya sistemde hava s\u0131k\u0131\u015ft\u0131\u011f\u0131n\u0131 g\u00f6sterebilir. S\u0131v\u0131 seviyelerinin d\u00fczenli olarak kontrol edilmesi ve havan\u0131n tahliye edilmesi, bom silindirinin tutarl\u0131 \u00e7al\u0131\u015fmas\u0131n\u0131 yeniden sa\u011flayabilir.<\/p>\n<\/li>\n<li>\n<h3>A\u015f\u0131r\u0131 \u0131s\u0131nma<\/h3>\n<p>A\u015f\u0131r\u0131 y\u00fcklenme veya yetersiz ya\u011flama nedeniyle a\u015f\u0131r\u0131 \u0131s\u0131nma meydana gelebilir. Operat\u00f6rler, a\u015f\u0131r\u0131 \u0131s\u0131nmay\u0131 ve olas\u0131 hasar\u0131 \u00f6nlemek i\u00e7in y\u00fck ko\u015fullar\u0131n\u0131 izlemeli ve ya\u011flama programlar\u0131na uyuldu\u011fundan emin olmal\u0131d\u0131r.<\/p>\n<\/li>\n<\/ul>\n<p>Potansiyel sorunlar\u0131 erken tespit etmek, maliyetli onar\u0131mlar\u0131 ve ar\u0131za s\u00fcrelerini \u00f6nleyebilir. D\u00fczenli bak\u0131m ve denetimler gibi \u00f6nleyici tedbirlerin uygulanmas\u0131, sorunlar\u0131n ortaya \u00e7\u0131kma olas\u0131l\u0131\u011f\u0131n\u0131 \u00f6nemli \u00f6l\u00e7\u00fcde azaltabilir.<\/p>\n<p><img decoding=\"async\" src=\"https:\/\/www.hydraulic-cylinders.net\/wp-content\/uploads\/2025\/04\/songte-bushings-with-all-kinds-of-excavator-models.webp\" alt=\"Ekskavat\u00f6r Modellerinde Bur\u00e7lar\" \/><\/p>\n<h2>\u015eirketimiz Hakk\u0131nda<\/h2>\n<p>\u00d6nde gelen bir yedek hidrolik silindir \u00fcreticisi ve toptan da\u011f\u0131t\u0131c\u0131s\u0131 olarak, \u00e7e\u015fitli pazar ihtiya\u00e7lar\u0131n\u0131 kar\u015f\u0131lamak \u00fczere geni\u015f bir \u00fcr\u00fcn yelpazesi sunmaya kararl\u0131y\u0131z. Ola\u011fan\u00fcst\u00fc kaliteye olan ba\u011fl\u0131l\u0131\u011f\u0131m\u0131z, end\u00fcstriyel \u00fcretim y\u00f6netim stratejilerini uygulad\u0131\u011f\u0131m\u0131z geli\u015fmi\u015f \u00fcretim at\u00f6lyemizde a\u00e7\u0131k\u00e7a g\u00f6r\u00fclmektedir.<\/p>\n<p>\u015eirketimiz, \u00fcretim kapasitemizi art\u0131rmak i\u00e7in s\u00fcrekli olarak teknik yeteneklere, \u00fcst d\u00fczey dijital \u00fcretim ekipmanlar\u0131na ve \u00f6zel test sistemlerine yat\u0131r\u0131m yapmaktad\u0131r. Verimlili\u011fe, hassasiyete ve kaliteye olan g\u00fc\u00e7l\u00fc ba\u011fl\u0131l\u0131\u011f\u0131m\u0131zla, m\u00fc\u015fterilerimizin \u00e7e\u015fitli taleplerini kar\u015f\u0131lamaya ve hidrolik silindir pazar\u0131nda g\u00fcvenilir bir ortak olarak kalmaya \u00e7al\u0131\u015f\u0131yoruz.<\/p>\n<p><img decoding=\"async\" src=\"https:\/\/www.hydraulic-cylinders.net\/wp-content\/uploads\/2025\/04\/songte-company-4.webp\" alt=\"\u015eirket Genel Bak\u0131\u015f\u0131\" \/><br \/>\n<img decoding=\"async\" src=\"https:\/\/www.hydraulic-cylinders.net\/wp-content\/uploads\/2025\/04\/songte-company-3.webp\" alt=\"\u00dcretim Tesisleri\" \/><\/p>\n<p>M\u00fc\u015fterilerimizin ihtiya\u00e7lar\u0131n\u0131 kar\u015f\u0131lamak i\u00e7in profesyonel hizmetler, uluslararas\u0131 sertifikalar, \u00f6zel \u00e7\u00f6z\u00fcmler ve ola\u011fan\u00fcst\u00fc sat\u0131\u015f sonras\u0131 destek sunuyoruz. Y\u00fcksek kaliteli \u00fcretim standartlar\u0131na odaklanmam\u0131z, beklentileri a\u015fan \u00fcr\u00fcnler sunmam\u0131z\u0131 sa\u011fl\u0131yor.<\/p>\n<p>Yazar: lyl<\/p>","protected":false},"excerpt":{"rendered":"<p>Boom Cylinder For Nante NT08 Product Overview The Boom Cylinder for Nante NT08 is an essential component in hydraulic systems, specifically designed to control the movement of buckets in heavy machinery such as excavators, backhoe loaders, and front loaders. These hydraulic cylinders enable the bucket to lift, lower, and tilt, facilitating effective material handling tasks. [&hellip;]<\/p>","protected":false},"featured_media":17869,"comment_status":"open","ping_status":"closed","template":"","meta":{"_et_pb_use_builder":"","_et_pb_old_content":"","_et_gb_content_width":""},"product_brand":[],"product_cat":[1546],"product_tag":[1547,1496],"class_list":{"0":"post-19546","1":"product","2":"type-product","3":"status-publish","4":"has-post-thumbnail","6":"product_cat-boom-cylinders","7":"product_tag-boom-cylinders","8":"product_tag-hydraulic-cylinders","10":"first","11":"instock","12":"shipping-taxable","13":"product-type-simple"},"amp_enabled":true,"_links":{"self":[{"href":"https:\/\/www.hydraulic-cylinders.net\/tr\/wp-json\/wp\/v2\/product\/19546","targetHints":{"allow":["GET"]}}],"collection":[{"href":"https:\/\/www.hydraulic-cylinders.net\/tr\/wp-json\/wp\/v2\/product"}],"about":[{"href":"https:\/\/www.hydraulic-cylinders.net\/tr\/wp-json\/wp\/v2\/types\/product"}],"replies":[{"embeddable":true,"href":"https:\/\/www.hydraulic-cylinders.net\/tr\/wp-json\/wp\/v2\/comments?post=19546"}],"wp:featuredmedia":[{"embeddable":true,"href":"https:\/\/www.hydraulic-cylinders.net\/tr\/wp-json\/wp\/v2\/media\/17869"}],"wp:attachment":[{"href":"https:\/\/www.hydraulic-cylinders.net\/tr\/wp-json\/wp\/v2\/media?parent=19546"}],"wp:term":[{"taxonomy":"product_brand","embeddable":true,"href":"https:\/\/www.hydraulic-cylinders.net\/tr\/wp-json\/wp\/v2\/product_brand?post=19546"},{"taxonomy":"product_cat","embeddable":true,"href":"https:\/\/www.hydraulic-cylinders.net\/tr\/wp-json\/wp\/v2\/product_cat?post=19546"},{"taxonomy":"product_tag","embeddable":true,"href":"https:\/\/www.hydraulic-cylinders.net\/tr\/wp-json\/wp\/v2\/product_tag?post=19546"}],"curies":[{"name":"wp","href":"https:\/\/api.w.org\/{rel}","templated":true}]}}