{"id":19552,"date":"2025-04-07T06:54:07","date_gmt":"2025-04-07T06:54:07","guid":{"rendered":"https:\/\/www.hydraulic-cylinders.net\/product\/boom-cylinder-for-nante-nt130uu\/"},"modified":"2025-04-07T06:54:10","modified_gmt":"2025-04-07T06:54:10","slug":"boom-cylinder-for-nante-nt130uu","status":"publish","type":"product","link":"https:\/\/www.hydraulic-cylinders.net\/tr\/urun\/boom-cylinder-for-nante-nt130uu\/","title":{"rendered":"Nante NT130UU i\u00e7in Bom Silindiri"},"content":{"rendered":"<h1>Nante NT130UU i\u00e7in Bom Silindiri<\/h1>\n<h2>\u00dcr\u00fcn Genel Bak\u0131\u015f\u0131<\/h2>\n<p>Nante NT130UU i\u00e7in \u00fcretilen bom silindiri, \u00f6zellikle a\u011f\u0131r makinelerin kep\u00e7elerinin hareketini kontrol etmek i\u00e7in tasarlanm\u0131\u015f, hidrolik sistemlerde \u00e7ok \u00f6nemli bir bile\u015fendir. Bu hidrolik silindirler, ekskavat\u00f6rler, beko y\u00fckleyiciler ve \u00f6n y\u00fckleyiciler i\u00e7in hayati \u00f6neme sahiptir ve malzeme ta\u015f\u0131ma g\u00f6revlerini kolayla\u015ft\u0131rmak i\u00e7in kep\u00e7enin verimli bir \u015fekilde kald\u0131r\u0131lmas\u0131n\u0131, indirilmesini ve e\u011filmesini sa\u011flar.<\/p>\n<p>Kova silindiri, ekipman ata\u015fmanlar\u0131n\u0131n hareketini y\u00f6netmek i\u00e7in y\u00fcksek bas\u0131n\u00e7 alt\u0131nda \u00e7al\u0131\u015fan bir hidrolik silindir t\u00fcr\u00fcd\u00fcr. \u00c7e\u015fitli uygulamalarda \u00f6nemli bir rol oynar ve operat\u00f6rlerin kazma, y\u00fckleme ve malzeme ta\u015f\u0131ma gibi g\u00f6revleri kolayl\u0131kla ger\u00e7ekle\u015ftirmelerini sa\u011flar.<\/p>\n<p><img decoding=\"async\" src=\"https:\/\/www.hydraulic-cylinders.net\/wp-content\/uploads\/2025\/04\/songte-company-1.webp\" alt=\"Nante NT130UU i\u00e7in Bom Silindiri\"><\/p>\n<h2>Bom Silindirinin \u00d6zellikleri<\/h2>\n<ul>\n<li>\n<h3>Y\u00fcksek G\u00fc\u00e7 ve Dayan\u0131kl\u0131l\u0131k<\/h3>\n<p>    Genellikle y\u00fcksek mukavemetli \u00e7elik veya al\u00fcminyumdan \u00fcretilen bu silindirler, y\u00fcksek bas\u0131nca ve a\u011f\u0131r y\u00fcklere dayanabilir, bu da onlar\u0131 zorlu \u00e7al\u0131\u015fma ortamlar\u0131 i\u00e7in uygun hale getirir. Tasar\u0131mlar\u0131 a\u015f\u0131nma direnci ve korozyon direncini dikkate alarak kullan\u0131m \u00f6mr\u00fcn\u00fc uzat\u0131r.<\/li>\n<li>\n<h3>Verimli Hidrolik \u00c7al\u0131\u015fma<\/h3>\n<p>    Hidrolik ya\u011f\u0131n bas\u0131nc\u0131ndan yararlan\u0131larak, d\u00fczg\u00fcn teleskopik hareket sa\u011flan\u0131r, kontrol komutlar\u0131na h\u0131zl\u0131 yan\u0131t verilir ve a\u011f\u0131r y\u00fcklerin ve karma\u015f\u0131k g\u00f6revlerin \u00fcstesinden gelmek i\u00e7in uygun g\u00fc\u00e7l\u00fc itme ve \u00e7ekme kuvvetleri sa\u011flan\u0131r.<\/li>\n<li>\n<h3>\u00c7e\u015fitli T\u00fcrler<\/h3>\n<p>    Silindirler, tek y\u00f6nl\u00fc (hidroli\u011fin tek y\u00f6nde kullan\u0131ld\u0131\u011f\u0131) veya \u00e7ift y\u00f6nl\u00fc (hidroli\u011fin her iki y\u00f6nde kullan\u0131ld\u0131\u011f\u0131) gibi operasyonel ihtiya\u00e7lara g\u00f6re se\u00e7ilebilir. Baz\u0131 modeller teleskopiktir ve d\u0131\u015f boyutlar\u0131 art\u0131rmadan daha fazla uzamaya olanak tan\u0131r; bu da alan k\u0131s\u0131tlamal\u0131 uygulamalar i\u00e7in idealdir.<\/li>\n<\/ul>\n<p>\u00dcr\u00fcn\u00fcm\u00fcz bu hidrolik silindirlerin yerini m\u00fckemmel bir \u015fekilde almaktad\u0131r.<\/p>\n<p><img decoding=\"async\" src=\"https:\/\/www.hydraulic-cylinders.net\/wp-content\/uploads\/2025\/04\/songte-cylinder-head-with-all-kinds-excavator-models.webp\" alt=\"Bom Silindirinin De\u011fi\u015ftirilmesi\"><\/p>\n<h2>Uygulamalar<\/h2>\n<ul>\n<li>\n<h3>\u0130n\u015faat Ekipmanlar\u0131<\/h3>\n<p>    Ekskavat\u00f6rlerde, bom silindiri kazma, y\u00fckleme ve toprak veya moloz ta\u015f\u0131ma i\u015flemleri i\u00e7in hayati \u00f6neme sahiptir. Kep\u00e7enin zemine kolayca n\u00fcfuz etmesini sa\u011flayarak kaz\u0131 i\u015flerini verimli hale getirir. Kaz\u0131c\u0131 y\u00fckleyicilerde ise kep\u00e7e silindiri hem kaz\u0131 hem de kald\u0131rma i\u015flerinde yard\u0131mc\u0131 olarak \u00e7al\u0131\u015fma \u00e7ok y\u00f6nl\u00fcl\u00fc\u011f\u00fcn\u00fc sa\u011flar.<\/h3>\n<\/li>\n<li>\n<h3>Tar\u0131m Makinalar\u0131<\/h3>\n<p>    \u00d6n y\u00fckleyicilerde kullan\u0131lan bu silindirler, toprak, saman ve di\u011fer malzemelerin kep\u00e7elenmesi, kald\u0131r\u0131lmas\u0131 ve ta\u015f\u0131nmas\u0131nda \u00f6nemli rol oynar. H\u0131zl\u0131 ve etkili malzeme ta\u015f\u0131may\u0131 sa\u011flayarak tar\u0131msal operasyonlarda verimlili\u011fi art\u0131r\u0131rlar.<\/h3>\n<\/li>\n<li>\n<h3>Ekskavat\u00f6rler<\/h3>\n<p>    Bom silindiri, kep\u00e7enin topra\u011fa derinlemesine inmesini sa\u011flayarak etkili kaz\u0131 i\u015flemlerini kolayla\u015ft\u0131r\u0131r. Sa\u011flam tasar\u0131m\u0131, zorlu toprak ko\u015fullar\u0131na dayanabilmesini garanti eder ve bu da onu in\u015faat ve madencilik operasyonlar\u0131nda paha bi\u00e7ilmez bir varl\u0131k haline getirir.<\/h3>\n<\/li>\n<li>\n<h3>Y\u00fckleyiciler<\/h3>\n<p>    \u00d6n y\u00fckleyicilerde bu silindirler, y\u00fcklerin verimli bir \u015fekilde kald\u0131r\u0131lmas\u0131na ve bo\u015falt\u0131lmas\u0131na yard\u0131mc\u0131 olur. G\u00fcvenilir performanslar\u0131, i\u015flemlerin sorunsuz bir \u015fekilde y\u00fcr\u00fct\u00fclmesini, ar\u0131za s\u00fcrelerinin en aza indirilmesini ve verimlili\u011fin art\u0131r\u0131lmas\u0131n\u0131 sa\u011flar.<\/h3>\n<\/li>\n<\/ul>\n<h2>Tasar\u0131m Hususlar\u0131 ve Se\u00e7im Kriterleri<\/h2>\n<ul>\n<li>\n<h3>Y\u00fck Kapasitesi<\/h3>\n<p>    Bir bom silindirinin y\u00fck ta\u015f\u0131ma kapasitesini de\u011ferlendirmek temel bir \u00f6neme sahiptir. \u00c7al\u0131\u015fma s\u0131ras\u0131nda beklenen maksimum y\u00fckleri kald\u0131rabilecek kapasitede olmal\u0131d\u0131r. Bu, malzemelerin a\u011f\u0131rl\u0131\u011f\u0131n\u0131, kald\u0131rma s\u0131ras\u0131nda uygulanan kuvvetleri anlamay\u0131 ve silindirin bu ko\u015fullar i\u00e7in derecelendirilmi\u015f olmas\u0131n\u0131 sa\u011flamay\u0131 i\u00e7erir. Gerekli y\u00fck ta\u015f\u0131ma kapasitesini a\u015fan iyi tasarlanm\u0131\u015f bir silindir, maliyetli ar\u0131za s\u00fcrelerine ve onar\u0131mlara yol a\u00e7abilecek ar\u0131za riskini azalt\u0131r.<\/h3>\n<\/li>\n<li>\n<h3>S\u0131zd\u0131rmazl\u0131k Performans\u0131<\/h3>\n<p>    S\u0131zd\u0131rmazl\u0131k, hidrolik silindirlerin performans\u0131 ve \u00f6mr\u00fc a\u00e7\u0131s\u0131ndan \u00e7ok \u00f6nemli bir rol oynar. Y\u00fcksek kaliteli contalar, bas\u0131nc\u0131 ve verimlili\u011fi korumak i\u00e7in gerekli olan hidrolik s\u0131v\u0131 s\u0131z\u0131nt\u0131s\u0131n\u0131 \u00f6nler. Tasar\u0131ma ba\u011fl\u0131 olarak piston contalar\u0131 ve mil contalar\u0131 gibi \u00e7e\u015fitli conta tipleri kullan\u0131l\u0131r. Etkili s\u0131zd\u0131rmazl\u0131k, bak\u0131m ihtiya\u00e7lar\u0131n\u0131 azalt\u0131r ve \u00e7al\u0131\u015fma g\u00fcvenilirli\u011fini art\u0131r\u0131r.<\/h3>\n<\/li>\n<li>\n<h3>Dayan\u0131kl\u0131l\u0131k<\/h3>\n<p>    Bom silindirinin dayan\u0131kl\u0131l\u0131\u011f\u0131, yap\u0131m\u0131nda kullan\u0131lan malzemeler ve kaplamalardan etkilenir. A\u015f\u0131nmaya ve korozyona dayan\u0131kl\u0131 y\u00fcksek mukavemetli malzemeler, silindirin zorlu ko\u015fullara dayanabilmesini sa\u011flar. Ek olarak, y\u00fczey direncini art\u0131rmak, ekipman\u0131n \u00f6mr\u00fcn\u00fc uzatmak ve bak\u0131m maliyetlerini azaltmak i\u00e7in koruyucu kaplamalar uygulanabilir.<\/h3>\n<\/li>\n<li>\n<h3>G\u00fcvenlik \u00d6zellikleri<\/h3>\n<p>    Hidrolik sistemlerde g\u00fcvenlik her \u015feyden \u00f6nemlidir. Tasar\u0131m, kazara \u00e7al\u0131\u015fmay\u0131 \u00f6nlemek ve a\u015f\u0131r\u0131 y\u00fcklenmeye kar\u015f\u0131 koruma sa\u011flamak i\u00e7in g\u00fcvenlik \u00f6zelliklerini i\u00e7ermelidir. Bu, hidrolik ar\u0131zalarla ili\u015fkili riskleri azaltmaya yard\u0131mc\u0131 olan emniyet valfleri ve bas\u0131n\u00e7 tahliye mekanizmalar\u0131n\u0131 i\u00e7erir.<\/h3>\n<\/li>\n<li>\n<h3>Bak\u0131m kolayl\u0131\u011f\u0131<\/h3>\n<p>    \u0130yi tasarlanm\u0131\u015f bir bom silindiri, kolay bak\u0131m imkan\u0131 da sa\u011flamal\u0131d\u0131r. Contalar\u0131n veya bile\u015fenlerin incelenmesi ve de\u011fi\u015ftirilmesi i\u00e7in eri\u015fim noktalar\u0131 \u015fartt\u0131r. Basit bak\u0131m s\u00fcre\u00e7lerine olanak tan\u0131yan bir tasar\u0131m\u0131n uygulanmas\u0131, operasyonel verimlili\u011fi sa\u011flar ve ar\u0131za s\u00fcrelerini azalt\u0131r.<\/h3>\n<\/li>\n<\/ul>\n<p><img decoding=\"async\" src=\"https:\/\/www.hydraulic-cylinders.net\/wp-content\/uploads\/2025\/04\/songte-oil-pipes-and-spare-parts.webp\" alt=\"Hidrolik Silindir Par\u00e7alar\u0131\"><\/p>\n<h2>S\u0131zd\u0131rmazl\u0131k ve Ya\u011flama<\/h2>\n<p>Hidrolik silindirlerin performans\u0131n\u0131 korumak i\u00e7in etkili s\u0131zd\u0131rmazl\u0131k hayati \u00f6nem ta\u015f\u0131r. Optimum performans sa\u011flamak i\u00e7in piston contalar\u0131 ve mil contalar\u0131 gibi \u00e7e\u015fitli s\u0131zd\u0131rmazl\u0131k elemanlar\u0131 kullan\u0131l\u0131r. Silindirin uzun \u00f6mr\u00fc i\u00e7in \u00e7ok \u00f6nemli olan a\u015f\u0131nma direnci \u00f6zellikleri nedeniyle poli\u00fcretan ve nitril kau\u00e7uk gibi dayan\u0131kl\u0131 malzemelerden yap\u0131lm\u0131\u015f contalar tercih edilir.<\/p>\n<p>Silindir g\u00f6vdesi ve di\u015fli u\u00e7 y\u00fczeyleri, a\u015f\u0131nma direncini art\u0131rmak i\u00e7in hassas i\u015fleme s\u00fcre\u00e7lerinden ge\u00e7irilir. D\u00fczenli ya\u011flama da \u00e7ok \u00f6nemlidir; t\u00fcm hareketli par\u00e7alar\u0131n sorunsuz \u00e7al\u0131\u015fmas\u0131n\u0131 sa\u011flamak i\u00e7in hidrolik ya\u011f\u0131n periyodik olarak tamamlanmas\u0131 gerekir. Do\u011fru ya\u011flama sadece s\u00fcrt\u00fcnmeyi azaltmakla kalmaz, ayn\u0131 zamanda a\u015f\u0131r\u0131 \u0131s\u0131nmay\u0131 \u00f6nler ve silindirin \u00f6mr\u00fcn\u00fc uzat\u0131r.<\/p>\n<h2>D\u00fczenli Muayene ve \u00d6nleyici Bak\u0131m<\/h2>\n<ul>\n<li>\n<h3>D\u00fczenli Denetimler<\/h3>\n<p>    Potansiyel sorunlar\u0131 \u00f6nemli problemlere d\u00f6n\u00fc\u015fmeden \u00f6nce tespit etmek i\u00e7in d\u00fczenli kontroller yapmak \u00e7ok \u00f6nemlidir. A\u015f\u0131nma, s\u0131z\u0131nt\u0131 veya hasar belirtilerinin incelenmesi, rutin bak\u0131m program\u0131n\u0131n bir par\u00e7as\u0131 olmal\u0131d\u0131r. Erken tespit, performans\u0131 korumaya ve maliyetli onar\u0131mlardan ka\u00e7\u0131nmaya katk\u0131da bulunur.<\/h3>\n<\/li>\n<li>\n<h3>Uygun Ya\u011flama<\/h3>\n<p>    Hidrolik silindirlerin sorunsuz \u00e7al\u0131\u015fmas\u0131 i\u00e7in yeterli ya\u011flama hayati \u00f6nem ta\u015f\u0131r. Do\u011fru tipte hidrolik ya\u011f kullanmak ve ya\u011f seviyesinin do\u011fru d\u00fczeyde olmas\u0131n\u0131 sa\u011flamak, i\u00e7 bile\u015fenlerdeki a\u015f\u0131nmay\u0131 ve y\u0131pranmay\u0131 \u00f6nler. Optimum performans sa\u011flamak i\u00e7in d\u00fczenli bir ya\u011flama program\u0131na uymak \u00f6nemlidir.<\/h3>\n<\/li>\n<li>\n<h3>Conta De\u011fi\u015fimi ve Kalibrasyon Kontrolleri<\/h3>\n<p>    Contalar, zamanla de\u011fi\u015ftirilmesi gereken a\u015f\u0131nan par\u00e7alard\u0131r. Contalar\u0131n d\u00fczenli olarak kontrol edilmesi ve gerekti\u011finde de\u011fi\u015ftirilmesi s\u0131z\u0131nt\u0131lar\u0131 \u00f6nler ve hidrolik bas\u0131nc\u0131 korur. Kalibrasyon kontrolleri, silindirin belirtilen parametreler dahilinde \u00e7al\u0131\u015fmas\u0131n\u0131 sa\u011flar; bu da performans verimlili\u011fi ve g\u00fcvenlik a\u00e7\u0131s\u0131ndan kritik \u00f6neme sahiptir.<\/h3>\n<\/li>\n<\/ul>\n<p>Montaj s\u0131ras\u0131nda silindirin do\u011fru hizalanmas\u0131 \u00e7ok \u00f6nemlidir. Silindiri sabitlemek i\u00e7in uygun montaj braketleri kullan\u0131n ve bile\u015fenler \u00fczerinde gereksiz gerilim olu\u015fmas\u0131n\u0131 \u00f6nlemek i\u00e7in do\u011fru konumda oldu\u011fundan emin olun. Uzun \u00f6m\u00fcr ve performans sa\u011flamak i\u00e7in \u00f6nerilen inceleme, onar\u0131m ve de\u011fi\u015ftirme prosed\u00fcrlerini izleyin.<\/p>\n<p><img decoding=\"async\" src=\"https:\/\/www.hydraulic-cylinders.net\/wp-content\/uploads\/2025\/04\/songte-chushion-collar.webp\" alt=\"Hidrolik Silindir i\u00e7in Yast\u0131k Yaka\"><\/p>\n<h2>G\u00fcvenlik Hususlar\u0131 ve \u00c7evresel Fakt\u00f6rler<\/h2>\n<p>Hidrolik sistemlerle \u00e7al\u0131\u015f\u0131rken g\u00fcvenlik \u00f6nlemleri son derece \u00f6nemlidir. Operat\u00f6rler i\u00e7in uygun e\u011fitim, d\u00fczenli g\u00fcvenlik kontrolleri ve i\u015fletme y\u00f6nergelerine uyulmas\u0131 riskleri azaltmaya yard\u0131mc\u0131 olur. G\u00fcvenlik \u00f6zelliklerinin yerinde ve i\u015flevsel olmas\u0131n\u0131 sa\u011flamak, kaza olas\u0131l\u0131\u011f\u0131n\u0131 azalt\u0131r ve genel i\u015fletme g\u00fcvenli\u011fini art\u0131r\u0131r.<\/p>\n<h2>Sorun Giderme ve Yayg\u0131n Sorunlar<\/h2>\n<ul>\n<li>\n<h3>S\u0131z\u0131nt\u0131 Sorunlar\u0131<\/h3>\n<p>    En s\u0131k kar\u015f\u0131la\u015f\u0131lan sorunlardan biri, genellikle a\u015f\u0131nm\u0131\u015f contalar veya yanl\u0131\u015f montajdan kaynaklanan s\u0131z\u0131nt\u0131lard\u0131r. D\u00fczenli kontroller, s\u0131z\u0131nt\u0131lar\u0131 erken tespit etmeye yard\u0131mc\u0131 olabilir. S\u0131z\u0131nt\u0131 tespit edilirse, contalar\u0131 de\u011fi\u015ftirmek veya ba\u011flant\u0131lar\u0131 gerekti\u011fi gibi s\u0131k\u0131la\u015ft\u0131rmak i\u00e7in derhal harekete ge\u00e7ilmelidir.<\/h3>\n<\/li>\n<li>\n<h3>Yava\u015f \u00c7al\u0131\u015fma<\/h3>\n<p>    Silindir yava\u015f \u00e7al\u0131\u015f\u0131yorsa, bu d\u00fc\u015f\u00fck hidrolik s\u0131v\u0131 seviyesine veya sistemde t\u0131kan\u0131kl\u0131klara i\u015faret edebilir. S\u0131v\u0131 seviyelerini kontrol edin ve ak\u0131\u015f\u0131 engelleyebilecek hortum veya ba\u011flant\u0131 par\u00e7alar\u0131ndaki t\u0131kan\u0131kl\u0131klar\u0131 inceleyin. Do\u011fru hidrolik s\u0131v\u0131 seviyelerinin sa\u011flanmas\u0131, performans\u0131n korunmas\u0131 i\u00e7in \u00e7ok \u00f6nemlidir.<\/h3>\n<\/li>\n<li>\n<h3>G\u00fcr\u00fclt\u00fcl\u00fc \u00c7al\u0131\u015fma<\/h3>\n<p>    \u00c7al\u0131\u015fma s\u0131ras\u0131nda duyulan ola\u011fand\u0131\u015f\u0131 sesler, mekanik sorunlara i\u015faret edebilir. Bu durum, yetersiz ya\u011flama, hidrolik sistemde hava bulunmas\u0131 veya hasarl\u0131 par\u00e7alardan kaynaklanabilir. Sesin kayna\u011f\u0131n\u0131 derhal ara\u015ft\u0131rmak, daha fazla hasar\u0131 \u00f6nleyebilir ve sorunsuz \u00e7al\u0131\u015fmay\u0131 sa\u011flayabilir.<\/h3>\n<\/li>\n<\/ul>\n<p>Bu sorunlar\u0131 gidermek i\u00e7in, d\u00fczenli kontrolleri ve herhangi bir ar\u0131za belirtisine derhal m\u00fcdahale etmeyi i\u00e7eren bir \u00f6nleyici bak\u0131m plan\u0131 olu\u015fturmak \u00f6nemlidir. Kaliteli s\u0131v\u0131lar ve bile\u015fenler kullanmak gibi \u00f6nleyici tedbirler, ar\u0131za riskini \u00f6nemli \u00f6l\u00e7\u00fcde azaltabilir.<\/p>\n<p><img decoding=\"async\" src=\"https:\/\/www.hydraulic-cylinders.net\/wp-content\/uploads\/2025\/04\/songte-bushings-with-all-kinds-of-excavator-models.webp\" alt=\"Hidrolik Sistemler i\u00e7in Bur\u00e7lar\"><\/p>\n<h2>\u015eirket Genel Bak\u0131\u015f\u0131<\/h2>\n<p>Hidrolik silindir yedek par\u00e7alar\u0131 konusunda uzmanla\u015fm\u0131\u015f bir \u00fcreticiyiz ve hem yurt i\u00e7i hem de uluslararas\u0131 pazarlarda \u00f6nde gelen \u00fcretici ve toptanc\u0131 konumunda olmam\u0131z\u0131 sa\u011flayan geni\u015f bir \u00fcr\u00fcn yelpazesi sunuyoruz. Titiz kalite standartlar\u0131na ba\u011fl\u0131 kal\u0131yor ve geli\u015fmi\u015f \u00fcretim y\u00f6netim stratejileri kullan\u0131yoruz. Uzmanl\u0131\u011f\u0131m\u0131z, yetenekli profesyonellerin, \u00fcst d\u00fczey dijital \u00fcretim ekipmanlar\u0131n\u0131n ve \u00fcretim kapasitemizi art\u0131ran kapsaml\u0131 test sistemlerinin birle\u015fiminden kaynaklanmaktad\u0131r.<\/p>\n<p>Kaliteye olan ba\u011fl\u0131l\u0131\u011f\u0131m\u0131z, m\u00fc\u015fterilerimizin \u00e7e\u015fitli ihtiya\u00e7lar\u0131n\u0131 kar\u015f\u0131layan verimli, hassas ve y\u00fcksek kaliteli \u00fcretim prensiplerimize yans\u0131maktad\u0131r. S\u00fcrekli iyile\u015ftirme ve yenili\u011fe odaklanarak \u00fcr\u00fcnlerimizin sekt\u00f6r\u00fcn \u00f6n saflar\u0131nda yer almas\u0131n\u0131 sa\u011fl\u0131yoruz.<\/p>\n<p><img decoding=\"async\" src=\"https:\/\/www.hydraulic-cylinders.net\/wp-content\/uploads\/2025\/04\/songte-company-4.webp\" alt=\"\u015eirket Tesisleri\"><br \/>\n<img decoding=\"async\" src=\"https:\/\/www.hydraulic-cylinders.net\/wp-content\/uploads\/2025\/04\/songte-company-3.webp\" alt=\"\u00dcretim Hatt\u0131\"><\/p>\n<p>Yazar: lyl<\/p>","protected":false},"excerpt":{"rendered":"<p>Boom Cylinder For Nante NT130UU Product Overview The Boom Cylinder for Nante NT130UU is a crucial component in hydraulic systems, specifically designed for controlling the movement of heavy machinery buckets. These hydraulic cylinders are vital for excavators, backhoe loaders, and front loaders, facilitating efficient lifting, lowering, and tilting of the bucket to streamline material handling [&hellip;]<\/p>","protected":false},"featured_media":17875,"comment_status":"open","ping_status":"closed","template":"","meta":{"_et_pb_use_builder":"","_et_pb_old_content":"","_et_gb_content_width":""},"product_brand":[],"product_cat":[1546],"product_tag":[1547,1496],"class_list":{"0":"post-19552","1":"product","2":"type-product","3":"status-publish","4":"has-post-thumbnail","6":"product_cat-boom-cylinders","7":"product_tag-boom-cylinders","8":"product_tag-hydraulic-cylinders","10":"first","11":"instock","12":"shipping-taxable","13":"product-type-simple"},"amp_enabled":true,"_links":{"self":[{"href":"https:\/\/www.hydraulic-cylinders.net\/tr\/wp-json\/wp\/v2\/product\/19552","targetHints":{"allow":["GET"]}}],"collection":[{"href":"https:\/\/www.hydraulic-cylinders.net\/tr\/wp-json\/wp\/v2\/product"}],"about":[{"href":"https:\/\/www.hydraulic-cylinders.net\/tr\/wp-json\/wp\/v2\/types\/product"}],"replies":[{"embeddable":true,"href":"https:\/\/www.hydraulic-cylinders.net\/tr\/wp-json\/wp\/v2\/comments?post=19552"}],"wp:featuredmedia":[{"embeddable":true,"href":"https:\/\/www.hydraulic-cylinders.net\/tr\/wp-json\/wp\/v2\/media\/17875"}],"wp:attachment":[{"href":"https:\/\/www.hydraulic-cylinders.net\/tr\/wp-json\/wp\/v2\/media?parent=19552"}],"wp:term":[{"taxonomy":"product_brand","embeddable":true,"href":"https:\/\/www.hydraulic-cylinders.net\/tr\/wp-json\/wp\/v2\/product_brand?post=19552"},{"taxonomy":"product_cat","embeddable":true,"href":"https:\/\/www.hydraulic-cylinders.net\/tr\/wp-json\/wp\/v2\/product_cat?post=19552"},{"taxonomy":"product_tag","embeddable":true,"href":"https:\/\/www.hydraulic-cylinders.net\/tr\/wp-json\/wp\/v2\/product_tag?post=19552"}],"curies":[{"name":"wp","href":"https:\/\/api.w.org\/{rel}","templated":true}]}}