{"id":19553,"date":"2025-04-07T06:54:11","date_gmt":"2025-04-07T06:54:11","guid":{"rendered":"https:\/\/www.hydraulic-cylinders.net\/product\/boom-cylinder-for-yanmar-sv017\/"},"modified":"2025-04-07T06:54:13","modified_gmt":"2025-04-07T06:54:13","slug":"boom-cylinder-for-yanmar-sv017","status":"publish","type":"product","link":"https:\/\/www.hydraulic-cylinders.net\/tr\/urun\/boom-cylinder-for-yanmar-sv017\/","title":{"rendered":"Yanmar SV017 i\u00e7in Bom Silindiri"},"content":{"rendered":"<h1>Yanmar SV017 i\u00e7in Bom Silindiri<\/h1>\n<h2>Bom Silindirini Anlamak<\/h2>\n<p>Bom silindiri, \u00f6zellikle Yanmar SV017 ekskavat\u00f6rlerinde kullan\u0131lan a\u011f\u0131r makinelerin hidrolik sistemlerinde \u00e7ok \u00f6nemli bir bile\u015fendir. Bu hidrolik silindir, makinenin \u00e7e\u015fitli g\u00f6revleri verimli bir \u015fekilde yerine getirmesini sa\u011flayan temel bir par\u00e7a olan bomun hareketini kontrol etmek i\u00e7in \u00f6zel olarak tasarlanm\u0131\u015ft\u0131r.<\/p>\n<p>\u00d6z\u00fcnde, Bom Silindiri, bomun kald\u0131r\u0131lmas\u0131n\u0131, indirilmesini ve e\u011filmesini sa\u011flayarak in\u015faat, tar\u0131m ve di\u011fer sekt\u00f6rlerde hayati \u00f6nem ta\u015f\u0131yan malzeme ta\u015f\u0131ma g\u00f6revlerini kolayla\u015ft\u0131r\u0131r. \u00c7al\u0131\u015fma prensibi hidrolik esas\u0131na dayan\u0131r; hareket olu\u015fturmak i\u00e7in bas\u0131n\u00e7l\u0131 hidrolik s\u0131v\u0131 kullan\u0131l\u0131r. Bu tasar\u0131m, hassas kontrol ve muazzam g\u00fc\u00e7 sa\u011flayarak a\u011f\u0131r hizmet uygulamalar\u0131 i\u00e7in idealdir.<\/p>\n<p><img decoding=\"async\" src=\"https:\/\/www.hydraulic-cylinders.net\/wp-content\/uploads\/2025\/04\/songte-company-1.webp\" alt=\"Bom Silindiri\" \/><\/p>\n<h2>Bom Silindirinin \u00d6zellikleri<\/h2>\n<ul>\n<li><strong>Y\u00fcksek Dayan\u0131kl\u0131l\u0131k ve Dayan\u0131kl\u0131l\u0131k:<\/strong> Y\u00fcksek mukavemetli \u00e7elik veya al\u00fcminyumdan \u00fcretilmi\u015f olup, y\u00fcksek bas\u0131nca ve a\u011f\u0131r y\u00fcklere dayanabilmesinin yan\u0131 s\u0131ra zorlu \u00e7al\u0131\u015fma ortamlar\u0131na da uyum sa\u011flar. A\u015f\u0131nmaya ve korozyona dayan\u0131kl\u0131 olacak \u015fekilde tasarlanm\u0131\u015f olup, kullan\u0131m \u00f6mr\u00fcn\u00fc uzat\u0131r.<\/li>\n<li><strong>Verimli Hidrolik \u00c7al\u0131\u015fma:<\/strong> Hidrolik s\u0131v\u0131n\u0131n bas\u0131nc\u0131n\u0131 kullanarak d\u00fczg\u00fcn uzatma ve geri \u00e7ekme hareketi sa\u011flar, operasyonel komutlara h\u0131zl\u0131 yan\u0131t verir ve g\u00fc\u00e7l\u00fc itme ve \u00e7ekme kuvvetleri uygulayarak a\u011f\u0131r y\u00fcklerin ve karma\u015f\u0131k g\u00f6revlerin \u00fcstesinden gelmek i\u00e7in uygundur.<\/li>\n<li><strong>\u00c7e\u015fitli T\u00fcrler:<\/strong> \u00c7e\u015fitli \u00e7al\u0131\u015fma ihtiya\u00e7lar\u0131n\u0131 kar\u015f\u0131lamak \u00fczere tek y\u00f6nl\u00fc (tek y\u00f6nde \u00e7al\u0131\u015fan) veya \u00e7ift y\u00f6nl\u00fc (iki y\u00f6nde \u00e7al\u0131\u015fan) silindirler mevcuttur. Baz\u0131 modeller teleskopiktir ve d\u0131\u015f boyutlar\u0131 art\u0131rmadan daha fazla uzatmaya olanak tan\u0131r; bu da alan k\u0131s\u0131tlamal\u0131 uygulamalar i\u00e7in idealdir.<\/li>\n<\/ul>\n<p>Biz bu \u00fcr\u00fcn\u00fc \u00fcretebiliyoruz ve \u00fcr\u00fcnlerimiz bu hidrolik silindirlerin yerini m\u00fckemmel \u015fekilde alabiliyor.<\/p>\n<p><img decoding=\"async\" src=\"https:\/\/www.hydraulic-cylinders.net\/wp-content\/uploads\/2025\/04\/songte-cylinder-head-with-all-kinds-excavator-models.webp\" alt=\"Hidrolik Silindir De\u011fi\u015fimi\" \/><\/p>\n<h2>Bom Silindirinin Uygulamalar\u0131<\/h2>\n<h3>\u0130n\u015faat Ekipmanlar\u0131<\/h3>\n<p>Ekskavat\u00f6rlerde, bom silindirleri topra\u011f\u0131 veya molozu kazmak, y\u00fcklemek ve ta\u015f\u0131mak i\u00e7in \u00e7ok \u00f6nemlidir. Verimli bir \u015fekilde kaz\u0131 yapmak i\u00e7in gerekli g\u00fcc\u00fc sa\u011flarlar ve makinenin genel performans\u0131n\u0131n ayr\u0131lmaz bir par\u00e7as\u0131d\u0131rlar. Kaz\u0131c\u0131 y\u00fckleyicilerde ise bom silindiri hem kazmaya hem de kald\u0131rmaya yard\u0131mc\u0131 olarak \u015fantiyelerde \u00e7ok y\u00f6nl\u00fc bir ara\u00e7 haline gelir.<\/p>\n<h3>Tar\u0131m Makinalar\u0131<\/h3>\n<p>\u00d6n y\u00fckleyicilerde kullan\u0131lan Bom Silindiri, toprak, saman ve di\u011fer malzemelerin kep\u00e7eyle al\u0131nmas\u0131n\u0131, kald\u0131r\u0131lmas\u0131n\u0131 ve ta\u015f\u0131nmas\u0131n\u0131 kolayla\u015ft\u0131r\u0131r. Bu i\u015flevsellik tar\u0131msal i\u015fler i\u00e7in hayati \u00f6neme sahiptir ve \u00e7ift\u00e7ilerin malzemeleri etkili bir \u015fekilde i\u015flemesine ve verimlili\u011fi art\u0131rmas\u0131na olanak tan\u0131r.<\/p>\n<h3>Ekskavat\u00f6rler<\/h3>\n<p>Bom silindiri, kep\u00e7enin zemine n\u00fcfuz etmesini sa\u011flayarak kaz\u0131 i\u015flemini iyile\u015ftirir. Bu \u00f6zellik, etkili kaz\u0131 i\u015flemleri i\u00e7in \u00e7ok \u00f6nemlidir ve ekskavat\u00f6r\u00fcn \u00e7e\u015fitli toprak ko\u015fullar\u0131ndaki genel verimlili\u011fine katk\u0131da bulunur.<\/p>\n<h3>Y\u00fckleyiciler<\/h3>\n<p>\u00d6n y\u00fckleyicilerde, bom silindirleri malzemelerin kald\u0131r\u0131lmas\u0131na ve bo\u015falt\u0131lmas\u0131na yard\u0131mc\u0131 olarak y\u00fcklerin verimli bir \u015fekilde ta\u015f\u0131nmas\u0131n\u0131 sa\u011flar. G\u00fcvenilirlikleri ve sa\u011flaml\u0131klar\u0131, in\u015faat ve end\u00fcstriyel uygulamalarda ba\u015far\u0131l\u0131 y\u00fckleme i\u015flemlerinin anahtar\u0131d\u0131r.<\/p>\n<h2>Tasar\u0131m Hususlar\u0131 ve Se\u00e7im Kriterleri<\/h2>\n<h3>Y\u00fck Kapasitesi<\/h3>\n<p>Bom silindirinin y\u00fck ta\u015f\u0131ma kapasitesi, temel tasar\u0131m hususlar\u0131ndan biridir. \u00c7al\u0131\u015fma s\u0131ras\u0131nda uygulanacak maksimum a\u011f\u0131rl\u0131\u011f\u0131 ta\u015f\u0131yabilecek kapasitede olmal\u0131d\u0131r. Bu, makinenin \u00e7al\u0131\u015fma gereksinimlerine ve kar\u015f\u0131la\u015faca\u011f\u0131 y\u00fck t\u00fcrlerine dayal\u0131 dikkatli hesaplamalar gerektirir.<\/p>\n<h3>S\u0131zd\u0131rmazl\u0131k<\/h3>\n<p>Hidrolik s\u0131v\u0131 s\u0131z\u0131nt\u0131lar\u0131n\u0131 \u00f6nlemek i\u00e7in do\u011fru s\u0131zd\u0131rmazl\u0131k \u00e7ok \u00f6nemlidir; bu s\u0131z\u0131nt\u0131lar verimlili\u011fin azalmas\u0131na ve potansiyel hasara yol a\u00e7abilir. Piston contalar\u0131 ve mil contalar\u0131 da dahil olmak \u00fczere y\u00fcksek kaliteli contalar, sistem b\u00fct\u00fcnl\u00fc\u011f\u00fcn\u00fc korumak i\u00e7in gereklidir. Poli\u00fcretan veya nitril kau\u00e7uk gibi dayan\u0131kl\u0131 malzemelerden yap\u0131lm\u0131\u015f contalar\u0131n se\u00e7ilmesi, uzun \u00f6m\u00fcrl\u00fc performans sa\u011flar.<\/p>\n<h3>Dayan\u0131kl\u0131l\u0131k<\/h3>\n<p>Zorlu ortamlarda \u00e7al\u0131\u015fan hidrolik silindirler i\u00e7in dayan\u0131kl\u0131l\u0131k hayati \u00f6nem ta\u015f\u0131r. Malzeme se\u00e7imi, tasar\u0131m ve son i\u015flem s\u00fcre\u00e7lerinin t\u00fcm\u00fc \u00fcr\u00fcn\u00fcn uzun \u00f6m\u00fcrl\u00fcl\u00fc\u011f\u00fcne katk\u0131da bulunmal\u0131d\u0131r. \u0130yi tasarlanm\u0131\u015f bir silindir, \u00e7e\u015fitli ko\u015fullar alt\u0131nda \u00e7al\u0131\u015f\u0131rken s\u00fcrekli a\u015f\u0131nma ve y\u0131pranmaya dayanmal\u0131d\u0131r.<\/p>\n<h3>Emniyet<\/h3>\n<p>Hidrolik tasar\u0131mda g\u00fcvenlik \u00f6zellikleri son derece \u00f6nemlidir. Bunlar aras\u0131nda a\u015f\u0131r\u0131 y\u00fcklenmeyi \u00f6nleyen dahili g\u00fcvenlik mekanizmalar\u0131 ve her ko\u015fulda g\u00fcvenli \u00e7al\u0131\u015fmay\u0131 sa\u011flayan hidrolik bas\u0131n\u00e7 tahliye sistemleri bulunur. Silindirin acil durumlarda nas\u0131l performans g\u00f6sterece\u011fi de dikkate al\u0131nmal\u0131d\u0131r.<\/p>\n<h3>Bak\u0131m kolayl\u0131\u011f\u0131<\/h3>\n<p>Bak\u0131m kolayl\u0131\u011f\u0131, tasar\u0131mda olmazsa olmaz bir fakt\u00f6rd\u00fcr. Hidrolik silindirler, \u00f6nemli bile\u015fenlere kolay eri\u015fim sa\u011flayacak \u015fekilde tasarlanmal\u0131, b\u00f6ylece rutin kontroller ve de\u011fi\u015fimler yap\u0131labilmelidir. Bu, bak\u0131m\u0131n h\u0131zl\u0131 ve etkili bir \u015fekilde ger\u00e7ekle\u015ftirilebilmesini ve ar\u0131za s\u00fcresinin en aza indirilmesini sa\u011flar.<\/p>\n<p><img decoding=\"async\" src=\"https:\/\/www.hydraulic-cylinders.net\/wp-content\/uploads\/2025\/04\/songte-oil-pipes-and-spare-parts.webp\" alt=\"Hidrolik Silindir Yedek Par\u00e7alar\u0131\" \/><\/p>\n<h2>S\u0131zd\u0131rmazl\u0131k ve Ya\u011flama<\/h2>\n<p>Hidrolik silindirlerin i\u015flevselli\u011fi ve uzun \u00f6mr\u00fc i\u00e7in uygun s\u0131zd\u0131rmazl\u0131k ve ya\u011flama kritik \u00f6neme sahiptir. S\u0131z\u0131nt\u0131lar\u0131 \u00f6nlemek ve bas\u0131nc\u0131 korumak i\u00e7in piston contalar\u0131 ve mil contalar\u0131 gibi \u00e7e\u015fitli contalar kullan\u0131l\u0131r. A\u015f\u0131nma diren\u00e7leri ve dayan\u0131kl\u0131l\u0131klar\u0131 nedeniyle poli\u00fcretan ve nitril kau\u00e7uk gibi malzemeler tercih edilir.<\/p>\n<p>Silindir g\u00f6vdesi ve di\u015fli u\u00e7 y\u00fczeyleri, a\u015f\u0131nma direncini art\u0131rmak i\u00e7in hassas i\u015fleme tabi tutulmal\u0131d\u0131r. Hidrolik ya\u011f\u0131n d\u00fczenli olarak yenilenmesi, ya\u011flama i\u00e7in, sorunsuz \u00e7al\u0131\u015fmay\u0131 sa\u011flamak ve s\u00fcrt\u00fcnmeden kaynaklanan hasar\u0131 \u00f6nlemek i\u00e7in \u015fartt\u0131r.<\/p>\n<h2>D\u00fczenli Muayene ve \u00d6nleyici Bak\u0131m<\/h2>\n<ul>\n<li><strong>D\u00fczenli Denetimler:<\/strong> A\u015f\u0131nma veya hasar\u0131 erken tespit etmek i\u00e7in periyodik kontroller yap\u0131n. Bu proaktif yakla\u015f\u0131m, ciddi sorunlar\u0131n b\u00fcy\u00fcmeden \u00f6nce \u00f6nlenmesine yard\u0131mc\u0131 olur.<\/li>\n<li><strong>Uygun Ya\u011flama:<\/strong> Silindirin \u00fcretici spesifikasyonlar\u0131na uygun \u015fekilde ya\u011fland\u0131\u011f\u0131ndan emin olun. Yetersiz ya\u011flama a\u015f\u0131r\u0131 \u0131s\u0131nmaya ve erken a\u015f\u0131nmaya yol a\u00e7abilir.<\/li>\n<li><strong>Conta De\u011fi\u015fimi:<\/strong> Contalar\u0131n a\u015f\u0131nma belirtilerini izleyin ve optimum performans\u0131 korumak i\u00e7in gerekti\u011finde de\u011fi\u015ftirin. A\u015f\u0131nm\u0131\u015f contalar s\u0131z\u0131nt\u0131lara ve verimlilik d\u00fc\u015f\u00fc\u015f\u00fcne yol a\u00e7abilir.<\/li>\n<\/ul>\n<h2>Kurulum Talimatlar\u0131<\/h2>\n<p>Bom silindirinin etkili \u00e7al\u0131\u015fmas\u0131 i\u00e7in do\u011fru montaj \u00e7ok \u00f6nemlidir. L\u00fctfen \u015fu y\u00f6nergeleri izleyin:<\/p>\n<ul>\n<li>\u00c7al\u0131\u015fma s\u0131ras\u0131nda gereksiz gerilimi \u00f6nlemek i\u00e7in silindirin montaj braketleriyle do\u011fru \u015fekilde hizaland\u0131\u011f\u0131ndan emin olun.<\/li>\n<li>Silindiri sa\u011flam bir \u015fekilde yerine sabitlemek ve \u00e7al\u0131\u015fma kuvvetlerine dayanabilmesini sa\u011flamak i\u00e7in uygun montaj braketleri kullan\u0131n.<\/li>\n<li>En iyi performans\u0131 sa\u011flamak i\u00e7in hidrolik s\u0131v\u0131 t\u00fcr\u00fc ve miktar\u0131 konusunda \u00fcreticinin tavsiyelerine uyun.<\/li>\n<li>Kurulumdan sonra s\u0131z\u0131nt\u0131 olup olmad\u0131\u011f\u0131n\u0131 kontrol edin ve d\u00fczg\u00fcn \u00e7al\u0131\u015fmas\u0131 i\u00e7in gerekli ayarlamalar\u0131 yap\u0131n.<\/li>\n<\/ul>\n<h2>Bak\u0131m G\u00f6revleri<\/h2>\n<h3>D\u00fczenli Denetimler<\/h3>\n<p>D\u00fczenli kontroller, potansiyel sorunlar\u0131n ar\u0131zaya yol a\u00e7madan \u00f6nce tespit edilmesini sa\u011flar. S\u0131z\u0131nt\u0131lar\u0131, a\u015f\u0131nmay\u0131 ve do\u011fru \u00e7al\u0131\u015fmay\u0131 kontrol edin. T\u00fcm ba\u011flant\u0131lar\u0131n s\u0131k\u0131 ve g\u00fcvenli oldu\u011fundan emin olmak da g\u00fcvenlik ve verimlilik i\u00e7in \u00e7ok \u00f6nemlidir.<\/p>\n<h3>Uygun Ya\u011flama<\/h3>\n<p>Uygun ya\u011flama, s\u00fcrt\u00fcnmeyi en aza indirmek ve silindirin \u00f6mr\u00fcn\u00fc uzatmak i\u00e7in hayati \u00f6nem ta\u015f\u0131r. \u00dcretici taraf\u0131ndan \u00f6nerilen y\u00fcksek kaliteli hidrolik ya\u011f\u0131 kullan\u0131n ve silindirin optimum \u015fekilde \u00e7al\u0131\u015fmas\u0131n\u0131 sa\u011flamak i\u00e7in d\u00fczenli bir ya\u011flama program\u0131 olu\u015fturun.<\/p>\n<h3>Conta De\u011fi\u015fimi<\/h3>\n<p>Contalar, rutin bak\u0131m\u0131n bir par\u00e7as\u0131 olarak periyodik olarak de\u011fi\u015ftirilmelidir. Contalarda \u00e7atlama veya y\u0131pranma gibi a\u015f\u0131nma belirtileri olup olmad\u0131\u011f\u0131n\u0131 kontrol edin ve s\u0131z\u0131nt\u0131lar\u0131 \u00f6nlemek ve sistem bas\u0131nc\u0131n\u0131 korumak i\u00e7in bunlar\u0131 derhal de\u011fi\u015ftirin.<\/p>\n<p><img decoding=\"async\" src=\"https:\/\/www.hydraulic-cylinders.net\/wp-content\/uploads\/2025\/04\/songte-chushion-collar.webp\" alt=\"Yast\u0131k Yaka\" \/><\/p>\n<h2>G\u00fcvenlik Hususlar\u0131 ve \u00c7evresel Fakt\u00f6rler<\/h2>\n<p>Bom silindirleri kullan\u0131l\u0131rken g\u00fcvenlik \u00f6nlemleri son derece \u00f6nemlidir. Operat\u00f6rler g\u00fcvenli kullan\u0131m uygulamalar\u0131 konusunda e\u011fitilmeli ve hidrolik sistemin \u00e7al\u0131\u015fmas\u0131n\u0131 anlamal\u0131d\u0131r. T\u00fcm bile\u015fenlerin do\u011fru \u015fekilde \u00e7al\u0131\u015ft\u0131\u011f\u0131ndan emin olmak i\u00e7in d\u00fczenli g\u00fcvenlik kontrolleri yap\u0131lmal\u0131d\u0131r. Ayr\u0131ca, hidrolik s\u0131v\u0131lar\u0131n uygunsuz \u015fekilde bertaraf edilmesi ekosistemlere zarar verebilece\u011finden, \u00e7evre d\u00fczenlemelerine uyulmas\u0131 \u015fartt\u0131r.<\/p>\n<h2>Ar\u0131za Te\u015fhisi ve Yayg\u0131n Sorunlar<\/h2>\n<ul>\n<li><strong>S\u0131z\u0131nt\u0131:<\/strong> S\u0131z\u0131nt\u0131 genellikle a\u015f\u0131nm\u0131\u015f contalar\u0131n veya silindirde hasar\u0131n bir i\u015faretidir. D\u00fczenli kontroller bu sorunu erken tespit etmeye yard\u0131mc\u0131 olabilir.<\/li>\n<li><strong>D\u00fc\u015f\u00fck Performans:<\/strong> Silindir d\u00fczg\u00fcn \u00e7al\u0131\u015fm\u0131yorsa, ya\u011flama veya conta de\u011fi\u015fimi gerekebilir. Bu durum, makinenin genel verimlili\u011fini etkileyebilir.<\/li>\n<li><strong>A\u015f\u0131r\u0131 Is\u0131nma:<\/strong> A\u015f\u0131r\u0131 \u0131s\u0131nma, yetersiz ya\u011flama veya a\u015f\u0131r\u0131 y\u00fck\u00fcn bir g\u00f6stergesi olabilir. Do\u011fru ya\u011flama ve y\u00fck s\u0131n\u0131rlar\u0131na uyulmas\u0131 son derece \u00f6nemlidir.<\/li>\n<\/ul>\n<h2>Sorun Giderme \u0130pu\u00e7lar\u0131<\/h2>\n<p>Sorunlar\u0131 etkili bir \u015fekilde te\u015fhis etmek ve \u00e7\u00f6zmek i\u00e7in \u015fu sorun giderme ipu\u00e7lar\u0131n\u0131 izleyin:<\/p>\n<ul>\n<li>T\u00fcm hidrolik s\u0131v\u0131 seviyelerini kontrol edin ve \u00f6nerilen aral\u0131kta olduklar\u0131ndan emin olun.<\/li>\n<li>Contalar\u0131 ve hortumlar\u0131 a\u015f\u0131nma veya hasar belirtileri a\u00e7\u0131s\u0131ndan kontrol edin ve gerekirse de\u011fi\u015ftirin.<\/li>\n<li>Silindirin \u00e7al\u0131\u015fma s\u0131cakl\u0131\u011f\u0131n\u0131 izleyin; a\u015f\u0131r\u0131 \u0131s\u0131nma meydana gelirse, y\u00fck\u00fc azalt\u0131n ve ya\u011flama seviyelerini kontrol edin.<\/li>\n<\/ul>\n<p><img decoding=\"async\" src=\"https:\/\/www.hydraulic-cylinders.net\/wp-content\/uploads\/2025\/04\/songte-bushings-with-all-kinds-of-excavator-models.webp\" alt=\"Ekskavat\u00f6r Bur\u00e7lar\u0131\" \/><\/p>\n<h2>\u015eirketimiz Hakk\u0131nda<\/h2>\n<p>Geni\u015f \u00fcr\u00fcn yelpazemizle tan\u0131nan, hidrolik silindirlerin \u00f6nde gelen \u00fcreticisi ve toptanc\u0131s\u0131y\u0131z. \u015eirketimiz kalite m\u00fckemmelli\u011fine \u00f6nem verir ve ince \u00fcretim s\u00fcre\u00e7lerini vurgulayan end\u00fcstriyel bir \u00fcretim y\u00f6netim stratejisi izler.<\/p>\n<p>Nitelikli teknisyenlerimiz, geli\u015fmi\u015f dijital \u00fcretim ekipmanlar\u0131m\u0131z ve profesyonel test sistemlerimiz sayesinde \u00fcretim platformumuzu s\u00fcrekli olarak geli\u015ftiriyoruz. Y\u00fcksek verimlilik, hassasiyet ve kaliteye olan ba\u011fl\u0131l\u0131\u011f\u0131m\u0131z, \u00e7e\u015fitli m\u00fc\u015fteri ihtiya\u00e7lar\u0131n\u0131 etkili bir \u015fekilde kar\u015f\u0131lamam\u0131z\u0131 sa\u011fl\u0131yor.<\/p>\n<p><img decoding=\"async\" src=\"https:\/\/www.hydraulic-cylinders.net\/wp-content\/uploads\/2025\/04\/songte-company-4.webp\" alt=\"\u015eirket \u00dcretimi\" \/><br \/>\n<img decoding=\"async\" src=\"https:\/\/www.hydraulic-cylinders.net\/wp-content\/uploads\/2025\/04\/songte-company-3.webp\" alt=\"\u015eirket Ekipmanlar\u0131\" \/><\/p>\n<p>Yazar: lyl<\/p>","protected":false},"excerpt":{"rendered":"<p>Boom Cylinder For Yanmar SV017 Understanding the Boom Cylinder The Boom Cylinder is a crucial component in the hydraulic systems used in heavy machinery, particularly those operated by Yanmar SV017 excavators. This hydraulic cylinder is designed specifically to control the movement of the boom, which is an essential part of the machine that allows it [&hellip;]<\/p>","protected":false},"featured_media":17876,"comment_status":"open","ping_status":"closed","template":"","meta":{"_et_pb_use_builder":"","_et_pb_old_content":"","_et_gb_content_width":""},"product_brand":[],"product_cat":[1546],"product_tag":[1547,1496],"class_list":{"0":"post-19553","1":"product","2":"type-product","3":"status-publish","4":"has-post-thumbnail","6":"product_cat-boom-cylinders","7":"product_tag-boom-cylinders","8":"product_tag-hydraulic-cylinders","10":"first","11":"instock","12":"shipping-taxable","13":"product-type-simple"},"amp_enabled":true,"_links":{"self":[{"href":"https:\/\/www.hydraulic-cylinders.net\/tr\/wp-json\/wp\/v2\/product\/19553","targetHints":{"allow":["GET"]}}],"collection":[{"href":"https:\/\/www.hydraulic-cylinders.net\/tr\/wp-json\/wp\/v2\/product"}],"about":[{"href":"https:\/\/www.hydraulic-cylinders.net\/tr\/wp-json\/wp\/v2\/types\/product"}],"replies":[{"embeddable":true,"href":"https:\/\/www.hydraulic-cylinders.net\/tr\/wp-json\/wp\/v2\/comments?post=19553"}],"wp:featuredmedia":[{"embeddable":true,"href":"https:\/\/www.hydraulic-cylinders.net\/tr\/wp-json\/wp\/v2\/media\/17876"}],"wp:attachment":[{"href":"https:\/\/www.hydraulic-cylinders.net\/tr\/wp-json\/wp\/v2\/media?parent=19553"}],"wp:term":[{"taxonomy":"product_brand","embeddable":true,"href":"https:\/\/www.hydraulic-cylinders.net\/tr\/wp-json\/wp\/v2\/product_brand?post=19553"},{"taxonomy":"product_cat","embeddable":true,"href":"https:\/\/www.hydraulic-cylinders.net\/tr\/wp-json\/wp\/v2\/product_cat?post=19553"},{"taxonomy":"product_tag","embeddable":true,"href":"https:\/\/www.hydraulic-cylinders.net\/tr\/wp-json\/wp\/v2\/product_tag?post=19553"}],"curies":[{"name":"wp","href":"https:\/\/api.w.org\/{rel}","templated":true}]}}