{"id":19554,"date":"2025-04-07T06:54:13","date_gmt":"2025-04-07T06:54:13","guid":{"rendered":"https:\/\/www.hydraulic-cylinders.net\/product\/boom-cylinder-for-yanmar-sv08-1a\/"},"modified":"2025-04-07T06:54:16","modified_gmt":"2025-04-07T06:54:16","slug":"boom-cylinder-for-yanmar-sv08-1a","status":"publish","type":"product","link":"https:\/\/www.hydraulic-cylinders.net\/tr\/urun\/boom-cylinder-for-yanmar-sv08-1a\/","title":{"rendered":"Yanmar SV08-1A i\u00e7in Bom Silindiri"},"content":{"rendered":"<h1>Yanmar SV08-1A i\u00e7in Bom Silindiri<\/h1>\n<h2>\u00dcr\u00fcn Genel Bak\u0131\u015f\u0131<\/h2>\n<p>Yanmar SV08-1A Bom Silindiri, \u00f6zellikle ekskavat\u00f6rler ve di\u011fer a\u011f\u0131r ekipmanlarda makinelerin bom b\u00f6l\u00fcm\u00fcn\u00fcn hareketini kontrol etmek i\u00e7in tasarlanm\u0131\u015f \u00f6zel bir hidrolik silindirdir. Bu hidrolik silindir, bomun kald\u0131r\u0131lmas\u0131n\u0131, indirilmesini ve e\u011filmesini sa\u011flayarak malzeme ta\u015f\u0131ma g\u00f6revlerini kolayla\u015ft\u0131ran \u00e7e\u015fitli i\u015flemler i\u00e7in hayati \u00f6nem ta\u015f\u0131r.<\/p>\n<p><img decoding=\"async\" src=\"https:\/\/www.hydraulic-cylinders.net\/wp-content\/uploads\/2025\/04\/songte-company-1.webp\" alt=\"Bom Silindiri G\u00f6r\u00fcnt\u00fcs\u00fc\"><\/p>\n<h3>Kova Silindirinin Tan\u0131m\u0131<\/h3>\n<p>Kova silindiri, ekskavat\u00f6rler, beko loderler ve \u00f6n y\u00fckleyiciler gibi a\u011f\u0131r makinelerdeki kovalar\u0131n hareketini y\u00f6netmek i\u00e7in \u00f6zel olarak tasarlanm\u0131\u015f bir hidrolik silindir t\u00fcr\u00fcd\u00fcr. Birincil i\u015flevi, verimli malzeme y\u00fckleme ve ta\u015f\u0131ma i\u00e7in gerekli olan kald\u0131rma, indirme ve e\u011fme hareketlerini kolayla\u015ft\u0131rmakt\u0131r. Bu silindirler, a\u011f\u0131r kald\u0131rma g\u00f6revlerini ger\u00e7ekle\u015ftirmek i\u00e7in gerekli kuvveti olu\u015fturmak \u00fczere hidrolik s\u0131v\u0131 bas\u0131nc\u0131n\u0131 kulland\u0131klar\u0131 hidrolik sistemlerde hayati bir rol oynar.<\/p>\n<h2>Bom Silindirinin \u00d6zellikleri<\/h2>\n<ul>\n<li><strong>Y\u00fcksek Dayan\u0131kl\u0131l\u0131k ve Dayan\u0131kl\u0131l\u0131k:<\/strong> Y\u00fcksek mukavemetli \u00e7elik veya al\u00fcminyumdan \u00fcretilen bu silindirler, y\u00fcksek bas\u0131n\u00e7lara ve a\u011f\u0131r y\u00fcklere dayanacak \u015fekilde tasarlanm\u0131\u015ft\u0131r ve bu da onlar\u0131 zorlu \u00e7al\u0131\u015fma ortamlar\u0131 i\u00e7in uygun hale getirir.<\/li>\n<li><strong>Verimli Hidrolik \u00c7al\u0131\u015fma:<\/strong> Silindir, hidrolik ya\u011f\u0131n bas\u0131nc\u0131yla sorunsuz bir \u015fekilde \u00e7al\u0131\u015farak, a\u011f\u0131r ve karma\u015f\u0131k g\u00f6revlerin \u00fcstesinden gelmek i\u00e7in ideal olan g\u00fc\u00e7l\u00fc itme ve \u00e7ekme kabiliyetleri sunarken, kontrol komutlar\u0131na h\u0131zl\u0131 yan\u0131t vermeyi sa\u011flar.<\/li>\n<li><strong>T\u00fcr \u00c7e\u015fitlili\u011fi:<\/strong> Tek etkili (tek y\u00f6nde \u00e7al\u0131\u015fan) ve \u00e7ift etkili (her iki y\u00f6nde \u00e7al\u0131\u015fan) konfig\u00fcrasyonlarda mevcuttur; baz\u0131 teleskopik modeller, harici boyutlar\u0131 art\u0131rmadan daha fazla uzatma sa\u011flayarak, alan k\u0131s\u0131tlamas\u0131 olan uygulamalar i\u00e7in m\u00fckemmeldir.<\/li>\n<li><strong>\u00d6zel \u00dcretim:<\/strong> \u00dcr\u00fcnlerimiz bu hidrolik silindirlerin yerini m\u00fckemmel bir \u015fekilde alabilir, makinelerinizde uyumluluk ve performans sa\u011flar.<\/li>\n<\/ul>\n<p><img decoding=\"async\" src=\"https:\/\/www.hydraulic-cylinders.net\/wp-content\/uploads\/2025\/04\/songte-cylinder-head-with-all-kinds-excavator-models.webp\" alt=\"Silindir De\u011fi\u015ftirme G\u00f6r\u00fcnt\u00fcs\u00fc\"><\/p>\n<h2>Bom Silindirinin Uygulamalar\u0131<\/h2>\n<h3>\u0130n\u015faat Ekipmanlar\u0131<\/h3>\n<p>Ekskavat\u00f6rlerde bom silindiri, toprak veya molozu kazma, y\u00fckleme ve ta\u015f\u0131ma i\u00e7in olmazsa olmazd\u0131r. Tasar\u0131m\u0131, hassas kontrol sa\u011flayarak operat\u00f6rlerin g\u00f6revlerini verimli ve g\u00fcvenli bir \u015fekilde yerine getirmelerini sa\u011flar. Beko-loderlerde ise bom silindiri, hem kazma kabiliyetlerini hem de kald\u0131rma i\u015flevlerini geli\u015ftirerek \u015fantiyelerde \u00e7ok y\u00f6nl\u00fc bir ara\u00e7 haline getirir.<\/p>\n<h3>Tar\u0131m Makinalar\u0131<\/h3>\n<p>\u00d6n y\u00fckleyicilerde kullan\u0131lan bom silindirleri, toprak, saman ve di\u011fer malzemelerin kep\u00e7elenmesi, kald\u0131r\u0131lmas\u0131 ve ta\u015f\u0131nmas\u0131 i\u00e7in olmazsa olmazd\u0131r. H\u0131zl\u0131 y\u00fckleme ve bo\u015faltma imk\u00e2n\u0131 sa\u011flayarak tar\u0131msal faaliyetleri kolayla\u015ft\u0131r\u0131r ve bu da onlar\u0131 tar\u0131m faaliyetlerinde vazge\u00e7ilmez k\u0131lar.<\/p>\n<h3>Ekskavat\u00f6rler<\/h3>\n<p>Ekskavat\u00f6rlerdeki bom silindiri, kep\u00e7enin topra\u011fa etkili bir \u015fekilde n\u00fcfuz etmesini sa\u011flayarak kaz\u0131 i\u015flemlerini kolayla\u015ft\u0131r\u0131r. Sa\u011flam tasar\u0131m\u0131, kaz\u0131 operasyonlar\u0131n\u0131n getirdi\u011fi streslere dayanabilmesini sa\u011flayarak her t\u00fcrl\u00fc kaz\u0131 projesinde verimlili\u011fi art\u0131r\u0131r.<\/p>\n<h3>Y\u00fckleyiciler<\/h3>\n<p>\u00d6n y\u00fckleyicilerde bom silindirleri, y\u00fcklerin verimli bir \u015fekilde kald\u0131r\u0131lmas\u0131na ve bo\u015falt\u0131lmas\u0131na yard\u0131mc\u0131 olur. A\u011f\u0131r y\u00fckleri g\u00fcvenli ve etkili bir \u015fekilde y\u00f6netme kabiliyetleri, onlar\u0131 malzeme ta\u015f\u0131ma operasyonlar\u0131nda \u00f6nemli bir bile\u015fen haline getirir.<\/p>\n<h2>Tasar\u0131m Hususlar\u0131 ve Se\u00e7im Kriterleri<\/h2>\n<h3>Y\u00fck Kapasitesi<\/h3>\n<p>Bir bom silindirinin y\u00fck kapasitesi, ar\u0131za riski olmadan istenen a\u011f\u0131rl\u0131\u011f\u0131 kald\u0131rabilmesi i\u00e7in \u00e7ok \u00f6nemlidir. Uygun y\u00fck de\u011ferine sahip bir silindir se\u00e7mek, operasyonlar s\u0131ras\u0131nda g\u00fcvenli\u011fi ve verimlili\u011fi korumak i\u00e7in kritik \u00f6neme sahiptir. Bu, ta\u015f\u0131nan malzemelerin a\u011f\u0131rl\u0131\u011f\u0131n\u0131n de\u011ferlendirilmesini ve \u00e7al\u0131\u015fma ko\u015fullar\u0131n\u0131n anla\u015f\u0131lmas\u0131n\u0131 i\u00e7erir.<\/p>\n<h3>S\u0131zd\u0131rmazl\u0131k Mekanizmalar\u0131<\/h3>\n<p>S\u0131zd\u0131rmazl\u0131k, hidrolik s\u0131v\u0131 s\u0131z\u0131nt\u0131lar\u0131n\u0131 \u00f6nlemek ve sistem bas\u0131nc\u0131n\u0131 korumak i\u00e7in hayati \u00f6nem ta\u015f\u0131r. Poli\u00fcretan veya nitril kau\u00e7uk gibi malzemelerden yap\u0131lm\u0131\u015f y\u00fcksek kaliteli bir s\u0131zd\u0131rmazl\u0131k sistemi, uzun \u00f6m\u00fcr ve performans sa\u011flayabilir. Do\u011fru s\u0131zd\u0131rmazl\u0131k, hidrolik operasyonlar\u0131n verimlili\u011finin korunmas\u0131na yard\u0131mc\u0131 olarak bak\u0131m maliyetlerini ve ar\u0131za s\u00fcrelerini azalt\u0131r.<\/p>\n<h3>Dayan\u0131kl\u0131l\u0131k<\/h3>\n<p>Bom silindiri zorlu ko\u015fullar alt\u0131nda \u00e7al\u0131\u015ft\u0131\u011f\u0131 i\u00e7in dayan\u0131kl\u0131l\u0131k \u00f6nemli bir fakt\u00f6rd\u00fcr. A\u015f\u0131nma ve korozyona dayan\u0131kl\u0131 olacak \u015fekilde \u00fcretilmeli ve b\u00f6ylece tekrarlanan a\u011f\u0131r i\u015flere bozulmadan dayanabilmelidir. Malzeme se\u00e7imi ve \u00fcretim s\u00fcre\u00e7lerindeki ayr\u0131nt\u0131lara g\u00f6sterilen \u00f6zen, silindirin genel kullan\u0131m \u00f6mr\u00fcne \u00f6nemli \u00f6l\u00e7\u00fcde katk\u0131da bulunur.<\/p>\n<h3>G\u00fcvenlik \u00d6zellikleri<\/h3>\n<p>Hidrolik silindirlerin tasar\u0131m\u0131na g\u00fcvenlik \u00f6zelliklerinin dahil edilmesi \u00e7ok \u00f6nemlidir. Bunlar aras\u0131nda, silindirin limitlerinin \u00f6tesinde \u00e7al\u0131\u015fmas\u0131n\u0131 engelleyen a\u015f\u0131r\u0131 y\u00fck koruma sistemleri ve ar\u0131za durumunda bas\u0131nc\u0131 tahliye edebilen emniyet valfleri bulunur. Bu \u00f6zellikler, operat\u00f6r g\u00fcvenli\u011fini sa\u011flamak ve ekipman hasar\u0131n\u0131 \u00f6nlemek i\u00e7in kritik \u00f6neme sahiptir.<\/p>\n<h3>Bak\u0131m Hususlar\u0131<\/h3>\n<p>Bak\u0131m kolayl\u0131\u011f\u0131 da \u00f6nemli bir tasar\u0131m unsurudur. \u0130yi tasarlanm\u0131\u015f bir bom silindiri, t\u00fcm bile\u015fenlere muayene ve onar\u0131m i\u00e7in kolay eri\u015fim sa\u011flamal\u0131d\u0131r. D\u00fczenli bak\u0131m kontrolleri, potansiyel sorunlar\u0131n ciddi sorunlara d\u00f6n\u00fc\u015fmeden \u00f6nce tespit edilmesine yard\u0131mc\u0131 olarak uzun vadede g\u00fcvenilir bir \u00e7al\u0131\u015fma sa\u011flar.<\/p>\n<p><img decoding=\"async\" src=\"https:\/\/www.hydraulic-cylinders.net\/wp-content\/uploads\/2025\/04\/songte-oil-pipes-and-spare-parts.webp\" alt=\"Petrol Borular\u0131 ve Yedek Par\u00e7a G\u00f6rseli\"><\/p>\n<h2>S\u0131zd\u0131rmazl\u0131k ve Ya\u011flama<\/h2>\n<p>Bir hidrolik sistemin etkinli\u011fi b\u00fcy\u00fck \u00f6l\u00e7\u00fcde s\u0131zd\u0131rmazl\u0131k ve ya\u011flama \u00f6zelliklerine ba\u011fl\u0131d\u0131r. Hidrolik s\u0131v\u0131n\u0131n s\u0131zmas\u0131n\u0131 \u00f6nlemek i\u00e7in piston ve piston kolu contalar\u0131 gibi \u00e7e\u015fitli contalar kullan\u0131l\u0131r. Poli\u00fcretan gibi dayan\u0131kl\u0131 conta malzemelerinin se\u00e7ilmesi, a\u015f\u0131nma direncini art\u0131rmaya yard\u0131mc\u0131 olur. Silindir g\u00f6vdesi ve di\u015fli u\u00e7lar, dayan\u0131kl\u0131l\u0131\u011f\u0131 art\u0131rmak i\u00e7in hassas bir i\u015fleme tabi tutulmal\u0131d\u0131r. Performans\u0131 korumak ve hareketli par\u00e7alarda a\u015f\u0131nmay\u0131 \u00f6nlemek i\u00e7in ya\u011flama i\u00e7in uygun miktarda hidrolik s\u0131v\u0131n\u0131n d\u00fczenli olarak eklenmesi gerekir.<\/p>\n<h2>D\u00fczenli Muayene ve \u00d6nleyici Bak\u0131m<\/h2>\n<ul>\n<li><strong>Rutin Kontroller:<\/strong> D\u00fczenli kontroller yapmak, a\u015f\u0131nma ve y\u0131pranman\u0131n erken tespit edilmesine yard\u0131mc\u0131 olur. S\u0131z\u0131nt\u0131 belirtilerini aray\u0131n ve silindirin genel b\u00fct\u00fcnl\u00fc\u011f\u00fcn\u00fc kontrol edin.<\/li>\n<li><strong>Uygun Ya\u011flama:<\/strong> Silindirin d\u00fczg\u00fcn \u00e7al\u0131\u015fmas\u0131n\u0131 sa\u011flamak ve s\u00fcrt\u00fcnmeden kaynaklanan a\u015f\u0131nmay\u0131 \u00f6nlemek i\u00e7in silindiri d\u00fczenli olarak ya\u011flay\u0131n.<\/li>\n<li><strong>Conta De\u011fi\u015fimi:<\/strong> Hidrolik bas\u0131nc\u0131 korumak ve s\u0131z\u0131nt\u0131lar\u0131 \u00f6nlemek i\u00e7in hasar veya a\u015f\u0131nma belirtileri g\u00f6r\u00fcld\u00fc\u011f\u00fcnde contalar\u0131 de\u011fi\u015ftirin.<\/li>\n<\/ul>\n<h2>Kurulum Talimatlar\u0131<\/h2>\n<p>Optimum performans i\u00e7in bom silindirinin do\u011fru montaj\u0131 \u00e7ok \u00f6nemlidir. Bile\u015fenler \u00fczerinde a\u015f\u0131r\u0131 gerilimi \u00f6nlemek i\u00e7in silindirin montaj noktalar\u0131yla do\u011fru \u015fekilde hizaland\u0131\u011f\u0131ndan emin olun. Silindiri yerinde sabitlemek ve \u00e7al\u0131\u015fma s\u0131ras\u0131nda hareket etmesini \u00f6nlemek i\u00e7in uygun montaj braketleri kullan\u0131n. T\u00fcm bile\u015fenlerin s\u0131k\u0131ca sabitlendi\u011finden emin olmak i\u00e7in c\u0131vatalar\u0131 sabitlerken \u00fcreticinin tork de\u011ferlerine uymak \u00e7ok \u00f6nemlidir. Montajdan sonra, t\u00fcm ba\u011flant\u0131lar\u0131n g\u00fcvenli oldu\u011fundan ve hidrolik sistemde s\u0131z\u0131nt\u0131 olmad\u0131\u011f\u0131ndan emin olmak i\u00e7in kapsaml\u0131 bir inceleme yap\u0131n.<\/p>\n<h2>Yayg\u0131n Bak\u0131m G\u00f6revleri<\/h2>\n<ul>\n<li><strong>D\u00fczenli Denetimler:<\/strong> S\u0131z\u0131nt\u0131lar\u0131, a\u015f\u0131nmalar\u0131 ve d\u00fczg\u00fcn \u00e7al\u0131\u015f\u0131p \u00e7al\u0131\u015fmad\u0131\u011f\u0131n\u0131 kontrol etmek i\u00e7in g\u00f6rsel incelemeler yap\u0131n. Bu g\u00f6rev, olas\u0131 sorunlar\u0131n b\u00fcy\u00fcmeden \u00f6nce tespit edilmesine yard\u0131mc\u0131 olur.<\/li>\n<li><strong>Uygun Ya\u011flama:<\/strong> Silindirin i\u015flevselli\u011fini korumak i\u00e7in d\u00fczenli ya\u011flama \u00e7ok \u00f6nemlidir. \u00d6nerilen hidrolik ya\u011f\u0131 kulland\u0131\u011f\u0131n\u0131zdan ve do\u011fru seviyelerde kald\u0131\u011f\u0131n\u0131zdan emin olun.<\/li>\n<li><strong>Conta De\u011fi\u015fimi ve Kalibrasyonu:<\/strong> Contalar\u0131 d\u00fczenli olarak a\u015f\u0131nma a\u00e7\u0131s\u0131ndan kontrol edin ve gerekti\u011finde de\u011fi\u015ftirin. Kalibrasyon kontrolleri, silindirin do\u011fru ve verimli \u00e7al\u0131\u015fmas\u0131n\u0131 sa\u011flayarak operasyonel sorunlar\u0131 \u00f6nler.<\/li>\n<\/ul>\n<h2>G\u00fcvenlik Hususlar\u0131 ve \u00c7evresel Fakt\u00f6rler<\/h2>\n<p>Hidrolik silindirler kullan\u0131l\u0131rken g\u00fcvenlik \u00f6nlemleri son derece \u00f6nemlidir. Operat\u00f6rler, kaza riskini en aza indirmek i\u00e7in uygun koruyucu ekipman giymeli ve g\u00fcvenlik protokollerine uymal\u0131d\u0131r. Hidrolik silindirler se\u00e7ilirken, a\u015f\u0131r\u0131 s\u0131cakl\u0131klara veya a\u015f\u0131nd\u0131r\u0131c\u0131 malzemelere maruz kalma gibi \u00e7evresel fakt\u00f6rler de g\u00f6z \u00f6n\u00fcnde bulundurulmal\u0131 ve \u00e7al\u0131\u015fma ko\u015fullar\u0131na sorunsuz bir \u015fekilde dayanmalar\u0131 sa\u011flanmal\u0131d\u0131r.<\/p>\n<h2>Sorun Giderme ve Yayg\u0131n Sorunlar<\/h2>\n<p>Hidrolik sistemlerdeki ar\u0131zalar\u0131 tespit etmek zor olabilir. Yayg\u0131n sorunlar aras\u0131nda s\u0131z\u0131nt\u0131lar, yava\u015f \u00e7al\u0131\u015fma ve a\u015f\u0131r\u0131 g\u00fcr\u00fclt\u00fc bulunur. Her sorunun k\u00f6keni genellikle contalardaki a\u015f\u0131nma ve y\u0131pranma veya yanl\u0131\u015f ya\u011flamad\u0131r. D\u00fczenli bak\u0131m, bu sorunlar\u0131n ciddi sorunlara d\u00f6n\u00fc\u015fmeden \u00f6nce \u00f6nlenmesine yard\u0131mc\u0131 olabilir.<\/p>\n<h2>Ar\u0131za Y\u00f6netimi \u0130pu\u00e7lar\u0131<\/h2>\n<p>Sorunlar\u0131 etkili bir \u015fekilde te\u015fhis edip \u00e7\u00f6zmek i\u00e7in, i\u015fe her zaman hidrolik sistemin kapsaml\u0131 bir incelemesiyle ba\u015flay\u0131n. \u0130lk olarak s\u0131z\u0131nt\u0131lar\u0131 kontrol edin, \u00e7\u00fcnk\u00fc bunlar genellikle en kolay \u00e7\u00f6z\u00fclen sorunlard\u0131r. T\u00fcm bile\u015fenlerin yeterli ya\u011fland\u0131\u011f\u0131ndan ve contalar\u0131n iyi durumda oldu\u011fundan emin olun. Rutin bak\u0131m ve incelemeler gibi \u00f6nleyici tedbirler, gelecekte ciddi sorunlarla kar\u015f\u0131la\u015fma olas\u0131l\u0131\u011f\u0131n\u0131 \u00f6nemli \u00f6l\u00e7\u00fcde azaltabilir.<\/p>\n<p><img decoding=\"async\" src=\"https:\/\/www.hydraulic-cylinders.net\/wp-content\/uploads\/2025\/04\/songte-bushings-with-all-kinds-of-excavator-models.webp\" alt=\"Bur\u00e7lar G\u00f6r\u00fcnt\u00fcs\u00fc\"><\/p>\n<h2>\u015eirket Genel Bak\u0131\u015f\u0131<\/h2>\n<p>Yurt i\u00e7i ve yurt d\u0131\u015f\u0131 pazarlarda tan\u0131nan, lider bir yedek hidrolik silindir \u00fcreticisiyiz. Geni\u015f \u00fcr\u00fcn yelpazemiz, bizi hidrolik silindirlerin \u00f6nde gelen \u00fcretici ve toptanc\u0131lar\u0131ndan biri haline getirmi\u015ftir. M\u00fckemmelli\u011fe ba\u011fl\u0131 kal\u0131yor ve \u00fcretim kapasitemizi art\u0131rmak i\u00e7in ileri teknoloji dijital ekipmanlar ve \u00f6zel test sistemleri de dahil olmak \u00fczere geli\u015fmi\u015f \u00fcretim stratejilerinden yararlan\u0131yoruz. Kaliteye olan ba\u011fl\u0131l\u0131\u011f\u0131m\u0131z, \u00e7e\u015fitli m\u00fc\u015fteri ihtiya\u00e7lar\u0131n\u0131 kar\u015f\u0131layan verimli, hassas ve y\u00fcksek kaliteli \u00fcretim s\u00fcre\u00e7lerimize yans\u0131yor.<\/p>\n<p><img decoding=\"async\" src=\"https:\/\/www.hydraulic-cylinders.net\/wp-content\/uploads\/2025\/04\/songte-company-4.webp\" alt=\"\u015eirket \u0130maj\u0131\"><br \/>\n<img decoding=\"async\" src=\"https:\/\/www.hydraulic-cylinders.net\/wp-content\/uploads\/2025\/04\/songte-company-3.webp\" alt=\"\u015eirket \u0130maj\u0131\"><\/p>\n<h2>\u00c7\u00f6z\u00fcm<\/h2>\n<p>Our expertise in hydraulic cylinder manufacturing ensures that we provide products that meet rigorous quality standards while offering customized solutions tailored to our clients&#8217; needs. With a focus on professional service, international certification, and comprehensive after-sales support, our company stands out as a reliable partner in the hydraulic cylinder industry.<\/p>\n<p>Yazar: lyl<\/p>","protected":false},"excerpt":{"rendered":"<p>Boom Cylinder For Yanmar SV08-1A Product Overview The Boom Cylinder for Yanmar SV08-1A is a specialized hydraulic cylinder designed to control the movement of the boom section of machinery, particularly in excavators and other heavy equipment. This hydraulic cylinder is crucial for various operations, allowing for lifting, lowering, and tilting of the boom, which enhances [&hellip;]<\/p>","protected":false},"featured_media":17877,"comment_status":"open","ping_status":"closed","template":"","meta":{"_et_pb_use_builder":"","_et_pb_old_content":"","_et_gb_content_width":""},"product_brand":[],"product_cat":[1546],"product_tag":[1547,1496],"class_list":{"0":"post-19554","1":"product","2":"type-product","3":"status-publish","4":"has-post-thumbnail","6":"product_cat-boom-cylinders","7":"product_tag-boom-cylinders","8":"product_tag-hydraulic-cylinders","10":"first","11":"instock","12":"shipping-taxable","13":"product-type-simple"},"amp_enabled":true,"_links":{"self":[{"href":"https:\/\/www.hydraulic-cylinders.net\/tr\/wp-json\/wp\/v2\/product\/19554","targetHints":{"allow":["GET"]}}],"collection":[{"href":"https:\/\/www.hydraulic-cylinders.net\/tr\/wp-json\/wp\/v2\/product"}],"about":[{"href":"https:\/\/www.hydraulic-cylinders.net\/tr\/wp-json\/wp\/v2\/types\/product"}],"replies":[{"embeddable":true,"href":"https:\/\/www.hydraulic-cylinders.net\/tr\/wp-json\/wp\/v2\/comments?post=19554"}],"wp:featuredmedia":[{"embeddable":true,"href":"https:\/\/www.hydraulic-cylinders.net\/tr\/wp-json\/wp\/v2\/media\/17877"}],"wp:attachment":[{"href":"https:\/\/www.hydraulic-cylinders.net\/tr\/wp-json\/wp\/v2\/media?parent=19554"}],"wp:term":[{"taxonomy":"product_brand","embeddable":true,"href":"https:\/\/www.hydraulic-cylinders.net\/tr\/wp-json\/wp\/v2\/product_brand?post=19554"},{"taxonomy":"product_cat","embeddable":true,"href":"https:\/\/www.hydraulic-cylinders.net\/tr\/wp-json\/wp\/v2\/product_cat?post=19554"},{"taxonomy":"product_tag","embeddable":true,"href":"https:\/\/www.hydraulic-cylinders.net\/tr\/wp-json\/wp\/v2\/product_tag?post=19554"}],"curies":[{"name":"wp","href":"https:\/\/api.w.org\/{rel}","templated":true}]}}