{"id":19556,"date":"2025-04-07T06:54:18","date_gmt":"2025-04-07T06:54:18","guid":{"rendered":"https:\/\/www.hydraulic-cylinders.net\/product\/boom-cylinder-for-yanmar-vi35-6b\/"},"modified":"2025-04-07T06:54:20","modified_gmt":"2025-04-07T06:54:20","slug":"boom-cylinder-for-yanmar-vi35-6b","status":"publish","type":"product","link":"https:\/\/www.hydraulic-cylinders.net\/tr\/urun\/boom-cylinder-for-yanmar-vi35-6b\/","title":{"rendered":"Yanmar VI35-6B i\u00e7in Bom Silindiri"},"content":{"rendered":"<h1>Yanmar VI35-6B i\u00e7in Bom Silindiri<\/h1>\n<h2>Kova Silindirlerine Giri\u015f<\/h2>\n<p>Yanmar VI35-6B i\u00e7in \u00fcretilen kep\u00e7e silindiri, a\u011f\u0131r makinelerde kullan\u0131lan hidrolik sistemlerde \u00e7ok \u00f6nemli bir bile\u015fendir. Bu hidrolik silindir, ekskavat\u00f6rler, beko y\u00fckleyiciler ve \u00f6n y\u00fckleyiciler gibi \u00e7e\u015fitli a\u011f\u0131r ekipmanlarda kep\u00e7enin hareketini \u00f6zel olarak kontrol eder. Kep\u00e7enin kald\u0131r\u0131lmas\u0131n\u0131, indirilmesini ve e\u011filmesini sa\u011flayarak malzeme ta\u015f\u0131ma i\u015flemlerinin verimli bir \u015fekilde ger\u00e7ekle\u015ftirilmesini kolayla\u015ft\u0131r\u0131r. Kep\u00e7e silindiri, zorlu ortamlarda \u00e7al\u0131\u015f\u0131rken y\u00fcksek bas\u0131n\u00e7lara ve a\u011f\u0131r y\u00fcklere dayanacak \u015fekilde tasarlanm\u0131\u015ft\u0131r, bu da kullan\u0131m \u00f6mr\u00fcn\u00fc ve g\u00fcvenilirli\u011fini art\u0131r\u0131r.<\/p>\n<p><img decoding=\"async\" src=\"https:\/\/www.hydraulic-cylinders.net\/wp-content\/uploads\/2025\/04\/songte-company-1.webp\" alt=\"Bom Silindiri G\u00f6r\u00fcnt\u00fcs\u00fc\" \/><\/p>\n<h2>Bom Silindirinin \u00d6zellikleri<\/h2>\n<ul>\n<li>\n<h3>Y\u00fcksek G\u00fc\u00e7 ve Dayan\u0131kl\u0131l\u0131k<\/h3>\n<p>Genellikle y\u00fcksek mukavemetli \u00e7elik veya al\u00fcminyumdan \u00fcretilen Bom Silindiri, y\u00fcksek bas\u0131nca ve a\u011f\u0131r y\u00fcklere dayanabilir. A\u015f\u0131nmaya ve korozyona kar\u015f\u0131 dayan\u0131kl\u0131 olacak \u015fekilde tasarlanm\u0131\u015ft\u0131r, bu da zorlu ko\u015fullarda bile daha uzun bir hizmet \u00f6mr\u00fc sa\u011flar.<\/p>\n<\/li>\n<li>\n<h3>Verimli Hidrolik \u00c7al\u0131\u015fma<\/h3>\n<p>Bu silindir, d\u00fczg\u00fcn uzatma ve geri \u00e7ekme i\u015flemini ger\u00e7ekle\u015ftirmek i\u00e7in hidrolik ya\u011f bas\u0131nc\u0131ndan yararlan\u0131r. Kontrol komutlar\u0131na h\u0131zl\u0131 yan\u0131t vererek, a\u011f\u0131r malzemelerin ve karma\u015f\u0131k i\u015flerin ta\u015f\u0131nmas\u0131 i\u00e7in ideal olan \u00f6nemli bir itme ve \u00e7ekme kuvveti sa\u011flar.<\/p>\n<\/li>\n<li>\n<h3>\u00c7e\u015fitli T\u00fcrler<\/h3>\n<p>Tek y\u00f6nl\u00fc (tek y\u00f6nde \u00e7al\u0131\u015fan) veya \u00e7ift y\u00f6nl\u00fc (iki y\u00f6nde \u00e7al\u0131\u015fan) tasar\u0131mlarda bulunan Bom Silindiri, \u00e7e\u015fitli operasyonel ihtiya\u00e7lar\u0131 kar\u015f\u0131layacak \u015fekilde uyarlanabilir. Baz\u0131 modeller teleskopiktir ve d\u0131\u015f boyutlar\u0131 art\u0131rmadan daha fazla uzatmaya olanak tan\u0131r; bu da s\u0131n\u0131rl\u0131 alana sahip uygulamalar i\u00e7in uygundur.<\/p>\n<\/li>\n<\/ul>\n<p>\u00dcr\u00fcnlerimiz bu hidrolik silindirlerin yerini m\u00fckemmel \u015fekilde alabilir.<\/p>\n<p><img decoding=\"async\" src=\"https:\/\/www.hydraulic-cylinders.net\/wp-content\/uploads\/2025\/04\/songte-cylinder-head-with-all-kinds-excavator-models.webp\" alt=\"Silindir Kapa\u011f\u0131 G\u00f6r\u00fcnt\u00fcs\u00fc\" \/><\/p>\n<h2>Bom Silindirinin Uygulamalar\u0131<\/h2>\n<ul>\n<li>\n<h3>\u0130n\u015faat Ekipmanlar\u0131<\/h3>\n<p>Ekskavat\u00f6rlerde, bom silindirleri topra\u011f\u0131 veya molozu kazma, y\u00fckleme ve ta\u015f\u0131ma i\u015flemlerinde hayati \u00f6neme sahiptir. Kep\u00e7enin kazma hareketini m\u00fcmk\u00fcn k\u0131larak, zemine etkili bir \u015fekilde n\u00fcfuz etmesini sa\u011flarlar. Hidrolik silindirin g\u00fcc\u00fc ve hassasiyeti, operat\u00f6rlerin a\u011f\u0131r i\u015fleri kolayl\u0131kla yapabilmelerini sa\u011flar.<\/p>\n<\/li>\n<li>\n<h3>Tar\u0131m Makinalar\u0131<\/h3>\n<p>\u00d6n y\u00fckleyicilerde bu silindirler toprak, saman ve di\u011fer malzemeleri kep\u00e7elemek, kald\u0131rmak ve ta\u015f\u0131mak i\u00e7in kullan\u0131l\u0131r. Bom silindirinin verimlili\u011fi tar\u0131mda \u00fcretkenli\u011fi art\u0131rarak \u00e7e\u015fitli tar\u0131m faaliyetleri i\u00e7in vazge\u00e7ilmez bir bile\u015fen haline gelir.<\/p>\n<\/li>\n<li>\n<h3>Ekskavat\u00f6rler<\/h3>\n<p>Bom silindiri, kep\u00e7enin topra\u011fa n\u00fcfuz etmesini ve etkili kaz\u0131 i\u015flemlerini ger\u00e7ekle\u015ftirmesini sa\u011flar. Bu \u00f6zellik, hem in\u015faat hem de tar\u0131m alanlar\u0131nda kritik \u00f6neme sahiptir ve projelerin h\u0131zl\u0131 ve etkili bir \u015fekilde tamamlanmas\u0131n\u0131 sa\u011flar.<\/p>\n<\/li>\n<li>\n<h3>Y\u00fckleyiciler<\/h3>\n<p>\u00d6n y\u00fckleyicilerde, bom silindirleri y\u00fcklerin verimli bir \u015fekilde kald\u0131r\u0131lmas\u0131na ve bo\u015falt\u0131lmas\u0131na yard\u0131mc\u0131 olur. G\u00fcvenilirlikleri ve sa\u011flaml\u0131klar\u0131, y\u00fckleyici i\u015flemlerinin verimlili\u011fini en \u00fcst d\u00fczeye \u00e7\u0131karmada kilit \u00f6neme sahiptir ve bu da onlar\u0131 in\u015faat sahalar\u0131nda ve malzeme ta\u015f\u0131ma uygulamalar\u0131nda vazge\u00e7ilmez k\u0131lar.<\/p>\n<\/li>\n<\/ul>\n<h2>Tasar\u0131m Hususlar\u0131 ve Se\u00e7im Kriterleri<\/h2>\n<ul>\n<li>\n<h3>Y\u00fck Kapasitesi<\/h3>\n<p>Bom silindiri se\u00e7erken, y\u00fck ta\u015f\u0131ma kapasitesini de\u011ferlendirmek \u00e7ok \u00f6nemlidir. Silindir, \u00e7al\u0131\u015fma s\u0131ras\u0131nda beklenen maksimum y\u00fckleri kald\u0131rabilecek kapasitede olmal\u0131d\u0131r. A\u015f\u0131r\u0131 y\u00fckleme, silindir ar\u0131zas\u0131na yol a\u00e7arak \u00e7al\u0131\u015fma kesintilerine ve potansiyel g\u00fcvenlik tehlikelerine neden olabilir. Yeterli g\u00fcvenlik pay\u0131na sahip bir silindir se\u00e7mek, a\u011f\u0131r hizmet uygulamalar\u0131nda g\u00fcvenilirlik ve verimlilik sa\u011flar.<\/p>\n<\/li>\n<li>\n<h3>S\u0131zd\u0131rmazl\u0131k B\u00fct\u00fcnl\u00fc\u011f\u00fc<\/h3>\n<p>Etkin \u00e7al\u0131\u015fma i\u00e7in g\u00fcvenilir bir s\u0131zd\u0131rmazl\u0131k sistemi \u015fartt\u0131r. S\u0131zd\u0131rmazl\u0131k bile\u015fenleri, sistemin verimlili\u011fini tehlikeye atabilecek hidrolik s\u0131v\u0131 s\u0131z\u0131nt\u0131s\u0131n\u0131 ve kirlenmesini \u00f6nlemelidir. Optimum performans ve uzun \u00f6m\u00fcrl\u00fcl\u00fc\u011f\u00fc korumak i\u00e7in poli\u00fcretan ve nitril kau\u00e7uk gibi dayan\u0131kl\u0131 malzemelerden yap\u0131lm\u0131\u015f y\u00fcksek kaliteli contalar gereklidir.<\/p>\n<\/li>\n<li>\n<h3>Dayan\u0131kl\u0131l\u0131k<\/h3>\n<p>Bom silindirlerinin tasar\u0131m\u0131nda dayan\u0131kl\u0131l\u0131k kritik bir fakt\u00f6rd\u00fcr. A\u015f\u0131r\u0131 s\u0131cakl\u0131klar ve a\u015f\u0131nd\u0131r\u0131c\u0131 malzemeler de dahil olmak \u00fczere zorlu ko\u015fullara dayanmalar\u0131 gerekir. Malzeme se\u00e7imi ve y\u00fczey i\u015flemleri, silindirin a\u015f\u0131nmaya ve korozyona kar\u015f\u0131 direncini \u00f6nemli \u00f6l\u00e7\u00fcde etkileyerek kullan\u0131m \u00f6mr\u00fcn\u00fc ve \u00e7al\u0131\u015fma verimlili\u011fini etkiler.<\/p>\n<\/li>\n<li>\n<h3>G\u00fcvenlik \u00d6zellikleri<\/h3>\n<p>Hidrolik silindir tasar\u0131m\u0131na g\u00fcvenlik \u00f6zelliklerinin entegre edilmesi son derece \u00f6nemlidir. Bu, a\u015f\u0131r\u0131 bas\u0131n\u00e7lanmay\u0131 \u00f6nlemek i\u00e7in bas\u0131n\u00e7 tahliye vanalar\u0131n\u0131 ve silindirin beklenmedik y\u00fckleri ar\u0131za olmadan kald\u0131rabilmesini sa\u011flamay\u0131 i\u00e7erir. G\u00fcvenli\u011fe odaklanmak, hem makineyi hem de operat\u00f6rlerini koruyarak kaza riskini azalt\u0131r.<\/p>\n<\/li>\n<li>\n<h3>Bak\u0131m Eri\u015filebilirli\u011fi<\/h3>\n<p>Bak\u0131m i\u00e7in kolay eri\u015fim \u00f6nemli bir tasar\u0131m unsurudur. Contalara, hidrolik hatlara ve di\u011fer bile\u015fenlere h\u0131zl\u0131 eri\u015fim, rutin kontrollerin ve zaman\u0131nda onar\u0131mlar\u0131n yap\u0131lmas\u0131n\u0131 sa\u011flar. \u0130yi tasarlanm\u0131\u015f bir silindir, bak\u0131m\u0131 kolayla\u015ft\u0131rarak ar\u0131za s\u00fcresini azalt\u0131r ve ekipman\u0131n kullan\u0131m \u00f6mr\u00fcn\u00fc uzat\u0131r.<\/p>\n<\/li>\n<\/ul>\n<p><img decoding=\"async\" src=\"https:\/\/www.hydraulic-cylinders.net\/wp-content\/uploads\/2025\/04\/songte-oil-pipes-and-spare-parts.webp\" alt=\"Hidrolik Par\u00e7alar G\u00f6rseli\" \/><\/p>\n<h2>S\u0131zd\u0131rmazl\u0131k ve Ya\u011flama<\/h2>\n<p>Bom silindirinin optimum performans\u0131 i\u00e7in etkili s\u0131zd\u0131rmazl\u0131k ve ya\u011flama \u00e7ok \u00f6nemlidir. S\u0131zd\u0131rmaz \u00e7al\u0131\u015fma sa\u011flamak i\u00e7in piston contalar\u0131 ve mil contalar\u0131 dahil olmak \u00fczere \u00e7e\u015fitli contalar kullan\u0131l\u0131r. Poli\u00fcretan ve nitril kau\u00e7uk gibi a\u015f\u0131nmaya dayan\u0131kl\u0131 malzemelerden yap\u0131lm\u0131\u015f contalar, zorlu ko\u015fullara kar\u015f\u0131 dayan\u0131kl\u0131l\u0131k sa\u011flar. Silindirin g\u00f6vdesi ve di\u015fli u\u00e7lar\u0131, a\u015f\u0131nma direncini art\u0131rmak i\u00e7in ince bir \u015fekilde i\u015flenmi\u015ftir. S\u00fcrt\u00fcnmeyi ve a\u015f\u0131nmay\u0131 en aza indirmek, hidrolik sistemin sorunsuz \u00e7al\u0131\u015fmas\u0131n\u0131 ve uzun \u00f6m\u00fcrl\u00fcl\u00fc\u011f\u00fcn\u00fc sa\u011flamak i\u00e7in hidrolik ya\u011f ile d\u00fczenli ya\u011flama gereklidir.<\/p>\n<h2>\u00d6nleyici Bak\u0131m \u00d6nlemleri<\/h2>\n<ul>\n<li>\n<h3>D\u00fczenli Denetimler<\/h3>\n<p>Bom silindirinin d\u00fczenli olarak kontrol edilmesi, a\u015f\u0131nmay\u0131 ve potansiyel sorunlar\u0131 b\u00fcy\u00fcmeden \u00f6nce tespit etmek i\u00e7in hayati \u00f6nem ta\u015f\u0131r. S\u0131z\u0131nt\u0131, korozyon veya contalarda ve bile\u015fenlerde hasar belirtilerine dikkat edin. Erken tespit, maliyetli onar\u0131mlar\u0131 \u00f6nleyebilir ve ekipman g\u00fcvenli\u011fini art\u0131rabilir.<\/p>\n<\/li>\n<li>\n<h3>Uygun Ya\u011flama<\/h3>\n<p>Hidrolik sistemin do\u011fru \u015fekilde ya\u011flanmas\u0131, optimum performans i\u00e7in \u00e7ok \u00f6nemlidir. Verimli \u00e7al\u0131\u015fmay\u0131 s\u00fcrd\u00fcrmek i\u00e7in hidrolik ya\u011f seviyelerini d\u00fczenli olarak kontrol edin ve gerekti\u011finde tamamlay\u0131n. Yetersiz ya\u011flama, a\u015f\u0131nman\u0131n artmas\u0131na ve sistem ar\u0131zas\u0131na yol a\u00e7abilir.<\/p>\n<\/li>\n<li>\n<h3>Conta De\u011fi\u015fimi<\/h3>\n<p>Zamanla contalar a\u015f\u0131nabilir ve de\u011fi\u015ftirilmesi gerekebilir. Contalar\u0131 d\u00fczenli olarak hasar veya bozulma belirtileri a\u00e7\u0131s\u0131ndan kontrol edin. Zaman\u0131nda conta de\u011fi\u015fimi, hidrolik b\u00fct\u00fcnl\u00fc\u011f\u00fcn korunmas\u0131 ve s\u0131z\u0131nt\u0131lar\u0131n \u00f6nlenmesi, sistemin \u00e7al\u0131\u015f\u0131r durumda kalmas\u0131n\u0131n sa\u011flanmas\u0131 a\u00e7\u0131s\u0131ndan \u00e7ok \u00f6nemlidir.<\/p>\n<\/li>\n<\/ul>\n<h2>Kurulum Talimatlar\u0131<\/h2>\n<p>Bom silindirinin do\u011fru montaj\u0131, optimum performans ve uzun \u00f6m\u00fcr i\u00e7in \u00e7ok \u00f6nemlidir. \u00d6ncelikle t\u00fcm bile\u015fenlerin temiz ve kal\u0131nt\u0131lardan ar\u0131nd\u0131r\u0131lm\u0131\u015f oldu\u011fundan emin olun. Silindire a\u015f\u0131r\u0131 y\u00fck binmesini \u00f6nlemek i\u00e7in silindiri montaj braketleriyle do\u011fru \u015fekilde hizalay\u0131n. Silindiri sa\u011flam bir \u015fekilde yerine sabitlemek i\u00e7in uygun montaj braketlerini kullan\u0131n. Montaj s\u0131ras\u0131nda, hidrolik hatlar\u0131n herhangi bir b\u00fck\u00fclme veya k\u0131vr\u0131lma olmadan do\u011fru \u015fekilde ba\u011fland\u0131\u011f\u0131ndan emin olun. Montajdan sonra, i\u015flevselli\u011fi do\u011frulamak ve herhangi bir s\u0131z\u0131nt\u0131 olup olmad\u0131\u011f\u0131n\u0131 kontrol etmek i\u00e7in sistemi iyice inceleyin ve test edin. Bu ad\u0131mlar\u0131 izlemek, silindirin etkili bir \u015fekilde \u00e7al\u0131\u015fmas\u0131n\u0131 ve \u00f6mr\u00fcn\u00fcn uzamas\u0131n\u0131 sa\u011flayacakt\u0131r.<\/p>\n<h2>Bak\u0131m G\u00f6revleri<\/h2>\n<ul>\n<li>\n<h3>D\u00fczenli Denetimler<\/h3>\n<p>Hidrolik sistemin durumunu de\u011ferlendirmek i\u00e7in d\u00fczenli kontroller gereklidir. Herhangi bir s\u0131z\u0131nt\u0131, ola\u011fand\u0131\u015f\u0131 ses veya performans sorunu olup olmad\u0131\u011f\u0131n\u0131 kontrol edin. D\u00fczenli izleme, sorunlar\u0131 erken tespit etmeye ve b\u00fcy\u00fck hasarlar\u0131 \u00f6nlemeye yard\u0131mc\u0131 olur.<\/p>\n<\/li>\n<li>\n<h3>Ya\u011flama<\/h3>\n<p>Silindirin d\u00fczenli olarak ya\u011flanmas\u0131, sorunsuz \u00e7al\u0131\u015fma i\u00e7in hayati \u00f6nem ta\u015f\u0131r. Hidrolik ya\u011f seviyesini d\u00fczenli olarak kontrol edin ve gerekti\u011finde tamamlay\u0131n. Do\u011fru tipte hidrolik ya\u011f kullanmak, optimum performans\u0131 korumak ve a\u015f\u0131nmay\u0131 \u00f6nlemek i\u00e7in \u00e7ok \u00f6nemlidir.<\/p>\n<\/li>\n<li>\n<h3>Conta De\u011fi\u015fimi<\/h3>\n<p>Contalar a\u015f\u0131nma a\u00e7\u0131s\u0131ndan s\u0131k s\u0131k kontrol edilmeli ve gerekti\u011finde de\u011fi\u015ftirilmelidir. D\u00fczg\u00fcn bak\u0131m\u0131 yap\u0131lm\u0131\u015f contalar s\u0131z\u0131nt\u0131lar\u0131 \u00f6nler ve silindirin verimlili\u011fini art\u0131r\u0131r. Optimum performans\u0131 korumak i\u00e7in yedek contalar\u0131n silindir tipiyle uyumlu oldu\u011fundan emin olun.<\/p>\n<\/li>\n<\/ul>\n<p><img decoding=\"async\" src=\"https:\/\/www.hydraulic-cylinders.net\/wp-content\/uploads\/2025\/04\/songte-chushion-collar.webp\" alt=\"Yast\u0131k Yaka G\u00f6rseli\" \/><\/p>\n<h2>G\u00fcvenlik Hususlar\u0131 ve \u00c7evresel Fakt\u00f6rler<\/h2>\n<p>Hidrolik silindirler kullan\u0131l\u0131rken, kazalar\u0131 \u00f6nlemek ve operat\u00f6r g\u00fcvenli\u011fini sa\u011flamak i\u00e7in g\u00fcvenlik \u00f6nlemlerinin uygulanmas\u0131 \u015fartt\u0131r. T\u00fcm g\u00fcvenlik koruyucular\u0131n\u0131n yerinde oldu\u011fundan ve operat\u00f6rlerin g\u00fcvenli kullan\u0131m uygulamalar\u0131 konusunda e\u011fitildi\u011finden emin olun. S\u0131z\u0131nt\u0131lar \u00e7evresel tehlikeler olu\u015fturabilece\u011finden, hidrolik hortumlar\u0131 ve ba\u011flant\u0131lar\u0131n\u0131 d\u00fczenli olarak hasar a\u00e7\u0131s\u0131ndan kontrol edin. Ayr\u0131ca, \u00e7evresel etkiyi en aza indirmek i\u00e7in hidrolik s\u0131v\u0131lar\u0131n uygun \u015fekilde bertaraf edilmesi \u00e7ok \u00f6nemlidir. G\u00fcvenlik ve \u00e7evresel hususlara \u00f6ncelik vererek, daha g\u00fcvenli ve s\u00fcrd\u00fcr\u00fclebilir bir \u00e7al\u0131\u015fma ortam\u0131 yaratabilirsiniz.<\/p>\n<h2>Sorun Giderme ve Yayg\u0131n Sorunlar<\/h2>\n<ul>\n<li>\n<h3>Hidrolik S\u0131v\u0131 S\u0131z\u0131nt\u0131s\u0131<\/h3>\n<p>A\u015f\u0131nm\u0131\u015f contalar veya hasar g\u00f6rm\u00fc\u015f hidrolik hatlar nedeniyle s\u0131z\u0131nt\u0131lar meydana gelebilir. Contalar\u0131 d\u00fczenli olarak kontrol edin ve gerekti\u011finde de\u011fi\u015ftirin. S\u0131v\u0131 kayb\u0131n\u0131 \u00f6nlemek i\u00e7in t\u00fcm ba\u011flant\u0131lar\u0131n s\u0131k\u0131 oldu\u011fundan emin olun.<\/p>\n<\/li>\n<li>\n<h3>Silindir Hareketinde Tutars\u0131zl\u0131k<\/h3>\n<p>Bom silindiri d\u00fczg\u00fcn bir \u015fekilde uzam\u0131yor veya geri \u00e7ekilmiyorsa, hidrolik s\u0131v\u0131 seviyelerini ve contalar\u0131n sa\u011flaml\u0131\u011f\u0131n\u0131 kontrol edin. Hidrolik sistemdeki hava da tutars\u0131z \u00e7al\u0131\u015fmaya neden olabilir ve bu durumda sistemin havas\u0131n\u0131n al\u0131nmas\u0131 gerekebilir.<\/p>\n<\/li>\n<li>\n<h3>A\u015f\u0131r\u0131 \u0131s\u0131nma<\/h3>\n<p>A\u015f\u0131r\u0131 \u0131s\u0131nma, a\u015f\u0131r\u0131 y\u00fck veya yetersiz ya\u011flamadan kaynaklanabilir. Silindirin a\u015f\u0131r\u0131 y\u00fcklenmedi\u011finden ve hidrolik ya\u011f seviyelerinin yeterli oldu\u011fundan emin olun. A\u015f\u0131nma belirtilerini d\u00fczenli olarak kontrol edin ve gerekti\u011finde par\u00e7alar\u0131 de\u011fi\u015ftirin.<\/p>\n<\/li>\n<\/ul>\n<h2>Sorun Giderme \u0130pu\u00e7lar\u0131<\/h2>\n<p>Bom silindirindeki sorunlar\u0131 etkili bir \u015fekilde te\u015fhis etmek ve \u00e7\u00f6zmek i\u00e7in, \u00f6ncelikle t\u00fcm bile\u015fenlerin sistematik bir incelemesini yap\u0131n. A\u015f\u0131nma, s\u0131z\u0131nt\u0131 veya contalarda hasar belirtileri aray\u0131n. Sorunlar ortaya \u00e7\u0131kmadan \u00f6nce \u00f6nlemek i\u00e7in d\u00fczenli bak\u0131m yap\u0131n. Sorunlar devam ederse, yard\u0131m i\u00e7in yetkili bir teknisyene dan\u0131\u015f\u0131n. Bak\u0131m programlar\u0131na uymak ve kaliteli bile\u015fenler kullanmak gibi \u00f6nleyici tedbirler, sorunlar\u0131n ortaya \u00e7\u0131kma olas\u0131l\u0131\u011f\u0131n\u0131 \u00f6nemli \u00f6l\u00e7\u00fcde azaltabilir.<\/p>\n<p><img decoding=\"async\" src=\"https:\/\/www.hydraulic-cylinders.net\/wp-content\/uploads\/2025\/04\/songte-bushings-with-all-kinds-of-excavator-models.webp\" alt=\"Bur\u00e7lar G\u00f6r\u00fcnt\u00fcs\u00fc\" \/><\/p>\n<h2>\u015eirketimiz Hakk\u0131nda<\/h2>\n<p>Yedek hidrolik silindir \u00fcreticisi olarak, kapsaml\u0131 \u00fcr\u00fcn yelpazemizle hem yurt i\u00e7i hem de uluslararas\u0131 pazarlarda \u00f6nde gelen \u00fcretici ve toptanc\u0131lardan biri konumunday\u0131z. Geli\u015fmi\u015f \u00fcretim y\u00f6netim stratejileriyle desteklenen kalite m\u00fckemmelli\u011fine ba\u011fl\u0131y\u0131z. \u015eirketimiz, yetenekli personel, geli\u015fmi\u015f dijital \u00fcretim ekipmanlar\u0131 ve profesyonel test sistemi arac\u0131l\u0131\u011f\u0131yla \u00fcretim kapasitemizi s\u00fcrekli olarak geli\u015ftirmektedir. \u00c7e\u015fitli m\u00fc\u015fteri ihtiya\u00e7lar\u0131n\u0131 kar\u015f\u0131lamak i\u00e7in y\u00fcksek verimlilik, hassasiyet ve kalite sa\u011flamaya kararl\u0131y\u0131z.<\/p>\n<ul>\n<li>\n<h3>Profesyonellik<\/h3>\n<p>Ekibimiz hidrolik ve m\u00fchendislik alanlar\u0131nda uzman ki\u015filerden olu\u015fmakta olup, \u00fcr\u00fcnlerimizin performans ve g\u00fcvenilirlik a\u00e7\u0131s\u0131ndan en y\u00fcksek standartlar\u0131 kar\u015f\u0131lamas\u0131n\u0131 sa\u011flamaktad\u0131r.<\/p>\n<\/li>\n<li>\n<h3>Uluslararas\u0131 Sertifikasyon<\/h3>\n<p>\u00dcr\u00fcnlerimiz uluslararas\u0131 kalite standartlar\u0131na uygun olarak sertifikaland\u0131r\u0131lm\u0131\u015ft\u0131r ve m\u00fc\u015fterilerimize dayan\u0131kl\u0131l\u0131k ve verimlilik konusunda g\u00fcvence vermektedir.<\/p>\n<\/li>\n<li>\n<h3>\u00d6zel Hizmetler<\/h3>\n<p>\u00d6zel ihtiya\u00e7lara y\u00f6nelik \u00f6zel \u00e7\u00f6z\u00fcmler sunarak, \u00e7e\u015fitli sekt\u00f6rlere hizmet verme yetene\u011fimizi art\u0131r\u0131yoruz.<\/p>\n<\/li>\n<li>\n<h3>Geli\u015fmi\u015f \u00dcretim Ekipmanlar\u0131<\/h3>\n<p>Son teknolojiyle donat\u0131lm\u0131\u015f \u00fcretim tesislerimiz, her \u00fcr\u00fcnde hassasiyet ve kaliteyi sa\u011flamak i\u00e7in en yeni teknolojiyi kullanmaktad\u0131r.<\/p>\n<\/li>\n<li>\n<h3>Sat\u0131\u015f Sonras\u0131 Destek<\/h3>\n<p>M\u00fc\u015fterilerimizin ihtiya\u00e7 duyduklar\u0131 her an yard\u0131m alabilmelerini sa\u011flayarak, kapsaml\u0131 sat\u0131\u015f sonras\u0131 destek sunuyoruz ve genel deneyimlerini iyile\u015ftiriyoruz.<\/p>\n<\/li>\n<\/ul>\n<p><img decoding=\"async\" src=\"https:\/\/www.hydraulic-cylinders.net\/wp-content\/uploads\/2025\/04\/songte-company-4.webp\" alt=\"\u015eirket G\u00f6rseli 1\" \/><br \/>\n<img decoding=\"async\" src=\"https:\/\/www.hydraulic-cylinders.net\/wp-content\/uploads\/2025\/04\/songte-company-3.webp\" alt=\"\u015eirket G\u00f6rseli 2\" \/><\/p>\n<p>Yazar: lyl<\/p>","protected":false},"excerpt":{"rendered":"<p>Boom Cylinder For Yanmar VI35-6B Introduction to Bucket Cylinders The Boom Cylinder for Yanmar VI35-6B is a crucial component in hydraulic systems used in heavy machinery. This hydraulic cylinder specifically controls the movement of the bucket on various heavy equipment such as excavators, backhoe loaders, and front loaders. It allows the bucket to lift, lower, [&hellip;]<\/p>","protected":false},"featured_media":17879,"comment_status":"open","ping_status":"closed","template":"","meta":{"_et_pb_use_builder":"","_et_pb_old_content":"","_et_gb_content_width":""},"product_brand":[],"product_cat":[1546],"product_tag":[1547,1496],"class_list":{"0":"post-19556","1":"product","2":"type-product","3":"status-publish","4":"has-post-thumbnail","6":"product_cat-boom-cylinders","7":"product_tag-boom-cylinders","8":"product_tag-hydraulic-cylinders","10":"first","11":"instock","12":"shipping-taxable","13":"product-type-simple"},"amp_enabled":true,"_links":{"self":[{"href":"https:\/\/www.hydraulic-cylinders.net\/tr\/wp-json\/wp\/v2\/product\/19556","targetHints":{"allow":["GET"]}}],"collection":[{"href":"https:\/\/www.hydraulic-cylinders.net\/tr\/wp-json\/wp\/v2\/product"}],"about":[{"href":"https:\/\/www.hydraulic-cylinders.net\/tr\/wp-json\/wp\/v2\/types\/product"}],"replies":[{"embeddable":true,"href":"https:\/\/www.hydraulic-cylinders.net\/tr\/wp-json\/wp\/v2\/comments?post=19556"}],"wp:featuredmedia":[{"embeddable":true,"href":"https:\/\/www.hydraulic-cylinders.net\/tr\/wp-json\/wp\/v2\/media\/17879"}],"wp:attachment":[{"href":"https:\/\/www.hydraulic-cylinders.net\/tr\/wp-json\/wp\/v2\/media?parent=19556"}],"wp:term":[{"taxonomy":"product_brand","embeddable":true,"href":"https:\/\/www.hydraulic-cylinders.net\/tr\/wp-json\/wp\/v2\/product_brand?post=19556"},{"taxonomy":"product_cat","embeddable":true,"href":"https:\/\/www.hydraulic-cylinders.net\/tr\/wp-json\/wp\/v2\/product_cat?post=19556"},{"taxonomy":"product_tag","embeddable":true,"href":"https:\/\/www.hydraulic-cylinders.net\/tr\/wp-json\/wp\/v2\/product_tag?post=19556"}],"curies":[{"name":"wp","href":"https:\/\/api.w.org\/{rel}","templated":true}]}}