{"id":19557,"date":"2025-04-07T06:54:20","date_gmt":"2025-04-07T06:54:20","guid":{"rendered":"https:\/\/www.hydraulic-cylinders.net\/product\/boom-cylinder-for-yanmar-vi55-5b\/"},"modified":"2025-04-07T06:54:23","modified_gmt":"2025-04-07T06:54:23","slug":"boom-cylinder-for-yanmar-vi55-5b","status":"publish","type":"product","link":"https:\/\/www.hydraulic-cylinders.net\/tr\/urun\/boom-cylinder-for-yanmar-vi55-5b\/","title":{"rendered":"Yanmar VI55-5B i\u00e7in Bom Silindiri"},"content":{"rendered":"<h1>Yanmar VI55-5B i\u00e7in Bom Silindiri<\/h1>\n<h2>Bom Silindirini Anlamak<\/h2>\n<p>Bom silindiri, ekskavat\u00f6rler, kaz\u0131c\u0131 y\u00fckleyiciler ve \u00f6n y\u00fckleyiciler gibi \u00e7e\u015fitli a\u011f\u0131r makinelerde kep\u00e7elerin hareketini kontrol etmek i\u00e7in \u00f6zel olarak tasarlanm\u0131\u015f bir hidrolik silindir t\u00fcr\u00fcd\u00fcr. Malzeme ta\u015f\u0131ma g\u00f6revleri i\u00e7in gerekli olan kep\u00e7enin kald\u0131r\u0131lmas\u0131, indirilmesi ve e\u011filmesinde kritik bir rol oynar. Hidrolik bas\u0131n\u00e7 kullanarak, bom silindiri operat\u00f6rlerin verimli kazma, y\u00fckleme ve ta\u015f\u0131ma i\u015flemleri i\u00e7in gerekli hassas hareketleri ger\u00e7ekle\u015ftirmesine olanak tan\u0131r.<\/p>\n<p>Hidrolik akt\u00fcat\u00f6r olarak bom silindiri, hidrolik enerjiyi mekanik kuvvete d\u00f6n\u00fc\u015ft\u00fcrerek kep\u00e7enin karma\u015f\u0131k hareketler yapmas\u0131n\u0131 sa\u011flar. Bu i\u015flevsellik, a\u011f\u0131r kald\u0131rma ve malzeme ta\u015f\u0131ma gerektiren in\u015faat, tar\u0131m ve di\u011fer sekt\u00f6rlerde hayati \u00f6neme sahiptir. Bom silindirlerinin sa\u011flam tasar\u0131m\u0131 ve g\u00fcvenilir \u00e7al\u0131\u015fmas\u0131, a\u011f\u0131r makinelerin zorlu ortamlar\u0131na dayanabilmelerini sa\u011flayarak, etkili proje y\u00fcr\u00fctme i\u00e7in vazge\u00e7ilmez hale getirir.<\/p>\n<p><img decoding=\"async\" src=\"https:\/\/www.hydraulic-cylinders.net\/wp-content\/uploads\/2025\/04\/songte-company-1.webp\" alt=\"Ekskavat\u00f6rler i\u00e7in Bom Silindiri\"><\/p>\n<h2>Bom Silindirinin Temel \u00d6zellikleri<\/h2>\n<ul>\n<li><strong>Y\u00fcksek Dayan\u0131kl\u0131l\u0131k ve Dayan\u0131kl\u0131l\u0131k:<\/strong> Genellikle y\u00fcksek mukavemetli \u00e7elik veya al\u00fcminyumdan yap\u0131lan bu silindirler, y\u00fcksek bas\u0131nca ve a\u011f\u0131r y\u00fcklere dayanabilir, bu da onlar\u0131 zorlu \u00e7al\u0131\u015fma ortamlar\u0131 i\u00e7in uygun hale getirir.<\/li>\n<li><strong>Verimli Hidrolik \u00c7al\u0131\u015fma:<\/strong> Hidrolik s\u0131v\u0131 bas\u0131nc\u0131n\u0131 kullanan silindir, d\u00fczg\u00fcn bir \u015fekilde uzama ve geri \u00e7ekilme sa\u011flayarak kontrol komutlar\u0131na h\u0131zl\u0131 yan\u0131t verir ve \u00f6nemli bir itme ve \u00e7ekme kuvveti uygular.<\/li>\n<li><strong>T\u00fcr \u00c7e\u015fitlili\u011fi:<\/strong> \u00c7e\u015fitli operasyonel ihtiya\u00e7lar\u0131 kar\u015f\u0131lamak \u00fczere tek etkili (hidrolik kuvveti tek y\u00f6nde kullanan) veya \u00e7ift etkili (hidrolik kuvveti her iki y\u00f6nde kullanan) tasar\u0131mlarda mevcuttur; baz\u0131 modeller daha uzun eri\u015fim i\u00e7in teleskopik \u00f6zellik sunmaktad\u0131r.<\/li>\n<li><strong>Bak\u0131m\u0131 Kolay Tasar\u0131m:<\/strong> Kolay bak\u0131m i\u00e7in tasarlanm\u0131\u015ft\u0131r, h\u0131zl\u0131 onar\u0131mlar\u0131 kolayla\u015ft\u0131r\u0131r ve \u00fcr\u00fcn\u00fcn kullan\u0131m \u00f6mr\u00fcn\u00fc uzat\u0131r.<\/li>\n<li><strong>Korozyon Direnci:<\/strong> Bir\u00e7ok model korozyona ve a\u015f\u0131nmaya kar\u015f\u0131 dayan\u0131kl\u0131 olacak \u015fekilde tasarlanm\u0131\u015ft\u0131r ve olumsuz ko\u015fullarda bile uzun \u00f6m\u00fcrl\u00fcl\u00fck sa\u011flar.<\/li>\n<\/ul>\n<h2>\u00dcretim Yetenekleri<\/h2>\n<p>Bu \u00fcr\u00fcn\u00fc hassasiyetle \u00fcretiyoruz ve hidrolik silindirlerimizin mevcut modellerin yerini m\u00fckemmel bir \u015fekilde almas\u0131n\u0131 sa\u011fl\u0131yoruz. Hidrolik silindir \u00fcretimindeki uzmanl\u0131\u011f\u0131m\u0131z, titiz performans standartlar\u0131n\u0131 kar\u015f\u0131layan y\u00fcksek kaliteli bile\u015fenler alman\u0131z\u0131 garanti eder.<\/p>\n<p><img decoding=\"async\" src=\"https:\/\/www.hydraulic-cylinders.net\/wp-content\/uploads\/2025\/04\/songte-cylinder-head-with-all-kinds-excavator-models.webp\" alt=\"Ekskavat\u00f6rler i\u00e7in Hidrolik Silindir\"><\/p>\n<h2>Bom Silindirinin Uygulamalar\u0131<\/h2>\n<h3>\u0130n\u015faat Ekipmanlar\u0131<\/h3>\n<p>Ekskavat\u00f6rlerde, bom silindirleri kazma ve y\u00fckleme i\u015flerinde hayati \u00f6neme sahiptir. Kep\u00e7enin topra\u011fa n\u00fcfuz etmesi veya molozlar\u0131 verimli bir \u015fekilde ta\u015f\u0131mas\u0131 i\u00e7in gerekli kuvveti sa\u011flarlar. Bom silindirinin sa\u011flad\u0131\u011f\u0131 hassas kontrol, operat\u00f6rlerin in\u015faat projeleri i\u00e7in gerekli olan hendek a\u00e7ma veya tesviye gibi detayl\u0131 i\u015fleri yapmalar\u0131na olanak tan\u0131r.<\/p>\n<h3>Tar\u0131m Makinalar\u0131<\/h3>\n<p>\u00d6n y\u00fckleyicilerde, bom silindirleri toprak, saman ve di\u011fer emtialar gibi malzemeleri kep\u00e7elemek, kald\u0131rmak ve ta\u015f\u0131mak i\u00e7in kullan\u0131l\u0131r. A\u011f\u0131r y\u00fckleri minimum \u00e7abayla ta\u015f\u0131yabilme yetenekleri, verimlilik ve \u00fcretkenli\u011fin son derece \u00f6nemli oldu\u011fu tar\u0131msal faaliyetlerde onlar\u0131 hayati \u00f6neme sahip k\u0131lar.<\/p>\n<h3>Ekskavat\u00f6rler<\/h3>\n<p>Ekskavat\u00f6rlerde, bom silindiri, kep\u00e7enin topra\u011fa n\u00fcfuz etmesini sa\u011flayarak kazma i\u015flemini kolayla\u015ft\u0131r\u0131r. Bu i\u015flem, \u00e7e\u015fitli peyzaj ve in\u015faat faaliyetleri i\u00e7in kritik \u00f6neme sahiptir ve ekipman\u0131n farkl\u0131 arazilerde etkili bir \u015fekilde \u00e7al\u0131\u015fabilmesini sa\u011flar.<\/p>\n<h3>Y\u00fckleyiciler<\/h3>\n<p>\u00d6n y\u00fckleyicilerde, bom silindirleri y\u00fcklerin h\u0131zl\u0131 ve etkili bir \u015fekilde kald\u0131r\u0131lmas\u0131na ve bo\u015falt\u0131lmas\u0131na yard\u0131mc\u0131 olur. Bu \u00f6zellik, zaman\u0131nda ve verimli i\u015flemlerin proje ba\u015far\u0131s\u0131 i\u00e7in \u00e7ok \u00f6nemli oldu\u011fu malzeme ta\u015f\u0131ma g\u00f6revlerinde b\u00fcy\u00fck \u00f6nem ta\u015f\u0131r.<\/p>\n<h2>Tasar\u0131m Hususlar\u0131<\/h2>\n<h3>Y\u00fck Kapasitesi<\/h3>\n<p>Bir bom silindiri tasarlan\u0131rken, y\u00fck ta\u015f\u0131ma kapasitesi en \u00f6nemli hususlardan biridir. Silindir, \u00e7al\u0131\u015fma s\u0131ras\u0131nda kar\u015f\u0131la\u015faca\u011f\u0131 maksimum a\u011f\u0131rl\u0131\u011f\u0131 b\u00fck\u00fclmeden veya k\u0131r\u0131lmadan ta\u015f\u0131yabilmelidir. Bu, g\u00fcvenlik ve g\u00fcvenilirli\u011fi sa\u011flamak i\u00e7in dikkatli malzeme se\u00e7imi ve yap\u0131sal b\u00fct\u00fcnl\u00fck analizi gerektirir.<\/p>\n<h3>S\u0131zd\u0131rmazl\u0131k Performans\u0131<\/h3>\n<p>Etkili s\u0131zd\u0131rmazl\u0131k, hidrolik s\u0131v\u0131n\u0131n s\u0131zmas\u0131n\u0131 \u00f6nlemek ve sistem i\u00e7indeki bas\u0131nc\u0131 korumak i\u00e7in \u00e7ok \u00f6nemlidir. Y\u00fcksek kaliteli contalar, dayan\u0131kl\u0131l\u0131k ve uzun \u00f6m\u00fcr sa\u011flayarak s\u0131k s\u0131k de\u011fi\u015ftirme ve onar\u0131m ihtiyac\u0131n\u0131 azaltmak i\u00e7in gereklidir.<\/p>\n<h3>Dayan\u0131kl\u0131l\u0131k<\/h3>\n<p>Bom silindirleri zorlu ko\u015fullarda \u00e7al\u0131\u015ft\u0131\u011f\u0131 i\u00e7in dayan\u0131kl\u0131l\u0131k \u00f6nemli bir tasar\u0131m fakt\u00f6r\u00fcd\u00fcr. Malzemeler, a\u015f\u0131nmaya, darbelere ve zorlu \u00e7evre ko\u015fullar\u0131na dayanacak \u015fekilde se\u00e7ilmeli ve \u00fcr\u00fcn\u00fcn performans\u0131ndan \u00f6d\u00fcn vermeden kullan\u0131m \u00f6mr\u00fc boyunca dayanmas\u0131 sa\u011flanmal\u0131d\u0131r.<\/p>\n<h3>G\u00fcvenlik \u00d6zellikleri<\/h3>\n<p>\u00c7al\u0131\u015fma s\u0131ras\u0131nda kazalar\u0131 ve yaralanmalar\u0131 \u00f6nlemek i\u00e7in tasar\u0131ma g\u00fcvenlik \u00f6zelliklerinin dahil edilmesi hayati \u00f6nem ta\u015f\u0131r. Emniyet valfleri ve a\u015f\u0131r\u0131 y\u00fck koruma mekanizmalar\u0131 hem makineyi hem de operat\u00f6rleri korumaya yard\u0131mc\u0131 olabilir.<\/p>\n<h3>Bak\u0131m Eri\u015filebilirli\u011fi<\/h3>\n<p>Bom silindirlerinin bak\u0131m\u0131n\u0131 kolayla\u015ft\u0131racak \u015fekilde tasarlanmas\u0131, \u00e7al\u0131\u015fma \u00f6mr\u00fcn\u00fc \u00f6nemli \u00f6l\u00e7\u00fcde uzatabilir. Eri\u015filebilir ya\u011flama noktalar\u0131 ve basitle\u015ftirilmi\u015f s\u00f6kme i\u015flemleri gibi \u00f6zellikler, d\u00fczenli bak\u0131m kontrollerini ve onar\u0131mlar\u0131 kolayla\u015ft\u0131rarak ar\u0131za s\u00fcresini en aza indirebilir.<\/p>\n<p><img decoding=\"async\" src=\"https:\/\/www.hydraulic-cylinders.net\/wp-content\/uploads\/2025\/04\/songte-oil-pipes-and-spare-parts.webp\" alt=\"Hidrolik Silindir Yedek Par\u00e7alar\u0131\"><\/p>\n<h2>S\u0131zd\u0131rmazl\u0131k ve Ya\u011flama<\/h2>\n<p>Bom silindirinin verimli \u00e7al\u0131\u015fmas\u0131 i\u00e7in uygun s\u0131zd\u0131rmazl\u0131k ve ya\u011flama hayati \u00f6nem ta\u015f\u0131r. Bas\u0131nc\u0131 korumak ve s\u0131z\u0131nt\u0131lar\u0131 \u00f6nlemek i\u00e7in piston contalar\u0131 ve mil contalar\u0131 gibi \u00e7e\u015fitli contalar kullan\u0131l\u0131r. Poli\u00fcretan ve nitril kau\u00e7uk gibi a\u015f\u0131nmaya dayan\u0131kl\u0131 malzemelerden yap\u0131lan contalar, dayan\u0131kl\u0131l\u0131klar\u0131 ve zorlu ko\u015fullardaki etkinlikleri nedeniyle tercih edilir.<\/p>\n<p>Silindir g\u00f6vdesi ve di\u015fli u\u00e7lar\u0131, a\u015f\u0131nma direncini art\u0131rmak ve zaman i\u00e7inde optimum performans sa\u011flamak i\u00e7in titizlikle i\u015flenmi\u015ftir. Hareketli par\u00e7alardaki s\u00fcrt\u00fcnmeyi ve a\u015f\u0131nmay\u0131 en aza indirmek ve silindirin \u00f6mr\u00fcn\u00fc uzatmak i\u00e7in hidrolik ya\u011f ile d\u00fczenli ya\u011flama \u015fartt\u0131r.<\/p>\n<h2>D\u00fczenli Muayene ve \u00d6nleyici Bak\u0131m<\/h2>\n<ul>\n<li><strong>D\u00fczenli Muayene:<\/strong> S\u0131k yap\u0131lan kontroller, potansiyel sorunlar\u0131n b\u00fcy\u00fcmeden \u00f6nce belirlenmesine yard\u0131mc\u0131 olur. Operat\u00f6rler s\u0131z\u0131nt\u0131lar\u0131, a\u015f\u0131nmay\u0131 ve herhangi bir hasar belirtisini kontrol etmelidir.<\/li>\n<li><strong>Uygun Ya\u011flama:<\/strong> Silindirin yeterince ya\u011flanmas\u0131, a\u015f\u0131r\u0131 a\u015f\u0131nmay\u0131 \u00f6nler ve sorunsuz \u00e7al\u0131\u015fmay\u0131 sa\u011flar. Operat\u00f6rler, kullan\u0131ma ba\u011fl\u0131 olarak bir ya\u011flama program\u0131 belirlemelidir.<\/li>\n<li><strong>Conta De\u011fi\u015fimi:<\/strong> Hidrolik bas\u0131nc\u0131 korumak ve s\u0131v\u0131 kayb\u0131n\u0131 \u00f6nlemek i\u00e7in contalar\u0131n d\u00fczenli olarak kontrol edilmesi ve gerekti\u011finde de\u011fi\u015ftirilmesi hayati \u00f6nem ta\u015f\u0131r.<\/li>\n<\/ul>\n<h2>Kurulum Talimatlar\u0131<\/h2>\n<p>Bom silindirinin montaj\u0131, etkili \u00e7al\u0131\u015fma sa\u011flamak i\u00e7in hassasiyet gerektirir. \u00d6ncelikle silindirin montaj noktalar\u0131yla do\u011fru \u015fekilde hizaland\u0131\u011f\u0131ndan emin olun. Uygun braketler kullanmak, silindiri sabitlemeye ve \u00e7al\u0131\u015fma s\u0131ras\u0131nda yanl\u0131\u015f hizalamay\u0131 \u00f6nlemeye yard\u0131mc\u0131 olacakt\u0131r.<\/p>\n<p>Tork ayarlar\u0131 ve hizalama a\u00e7\u0131lar\u0131 konusunda \u00fcreticinin spesifikasyonlar\u0131na uymak \u00e7ok \u00f6nemlidir. Kurulumdan sonra, ekipman\u0131 tam olarak \u00e7al\u0131\u015ft\u0131rmadan \u00f6nce hidrolik sistemde s\u0131z\u0131nt\u0131 olup olmad\u0131\u011f\u0131n\u0131 ve d\u00fczg\u00fcn \u00e7al\u0131\u015f\u0131p \u00e7al\u0131\u015fmad\u0131\u011f\u0131n\u0131 test edin. Kurulum prosed\u00fcrlerini d\u00fczenli olarak g\u00f6zden ge\u00e7irmek, t\u00fcm bile\u015fenlerin g\u00fcvenli ve ama\u00e7land\u0131\u011f\u0131 gibi \u00e7al\u0131\u015ft\u0131\u011f\u0131ndan emin olman\u0131z\u0131 sa\u011flar.<\/p>\n<h2>Yayg\u0131n Bak\u0131m G\u00f6revleri<\/h2>\n<ul>\n<li><strong>D\u00fczenli Denetimler:<\/strong> A\u015f\u0131nma ve hasar belirtilerini tespit etmek i\u00e7in periyodik kontroller yap\u0131n. Bu proaktif yakla\u015f\u0131m, potansiyel sorunlar ciddi hale gelmeden \u00f6nce \u00f6nlenmesine yard\u0131mc\u0131 olur.<\/li>\n<li><strong>Uygun Ya\u011flama:<\/strong> Hareketli par\u00e7alar\u0131n b\u00fct\u00fcnl\u00fc\u011f\u00fcn\u00fc korumak i\u00e7in ya\u011flama \u015fartt\u0131r. Tavsiye edilen hidrolik ya\u011f\u0131 kullan\u0131n ve \u00f6nerilen ya\u011flama aral\u0131klar\u0131na uyun.<\/li>\n<li><strong>Conta De\u011fi\u015fimi:<\/strong> S\u0131z\u0131nt\u0131lar\u0131 \u00f6nlemek ve sistem bas\u0131nc\u0131n\u0131 korumak i\u00e7in contalar\u0131 d\u00fczenli olarak a\u015f\u0131nma a\u00e7\u0131s\u0131ndan kontrol edin ve gerekti\u011finde de\u011fi\u015ftirin.<\/li>\n<\/ul>\n<h2>G\u00fcvenlik Hususlar\u0131 ve \u00c7evresel Fakt\u00f6rler<\/h2>\n<p>Hidrolik silindirlerle \u00e7al\u0131\u015f\u0131rken g\u00fcvenlik \u00f6nlemleri son derece \u00f6nemlidir. Operat\u00f6rler, kaza riskini en aza indirmek i\u00e7in uygun ki\u015fisel koruyucu ekipman giymeli ve g\u00fcvenli kullan\u0131m prosed\u00fcrleri konusunda e\u011fitim almal\u0131d\u0131r. Ayr\u0131ca, hidrolik s\u0131v\u0131lar\u0131n uygun \u015fekilde bertaraf edilmesi ve \u00e7evre d\u00fczenlemelerine uyulmas\u0131, ekolojik etkiyi en aza indirmek i\u00e7in \u00e7ok \u00f6nemlidir.<\/p>\n<h2>Sorun Giderme ve Yayg\u0131n Sorunlar<\/h2>\n<ul>\n<li><strong>S\u0131z\u0131nt\u0131:<\/strong> S\u0131z\u0131nt\u0131lar\u0131n kayna\u011f\u0131n\u0131 belirleyin; bunlar genellikle a\u015f\u0131nm\u0131\u015f contalar veya hasarl\u0131 bile\u015fenlerden kaynaklan\u0131r. Etkilenen par\u00e7alar\u0131 derhal onar\u0131n veya de\u011fi\u015ftirin.<\/li>\n<li><strong>Zay\u0131f Performans:<\/strong> Silindir d\u00fczg\u00fcn \u00e7al\u0131\u015fm\u0131yorsa, hidrolik sistemde t\u0131kan\u0131kl\u0131k olup olmad\u0131\u011f\u0131n\u0131 veya s\u0131v\u0131 seviyesinin d\u00fc\u015f\u00fck olup olmad\u0131\u011f\u0131n\u0131 kontrol edin.<\/li>\n<li><strong>A\u015f\u0131r\u0131 Is\u0131nma:<\/strong> A\u015f\u0131r\u0131 \u0131s\u0131nma, a\u015f\u0131r\u0131 kullan\u0131m veya yetersiz ya\u011flaman\u0131n bir g\u00f6stergesi olabilir. S\u0131v\u0131 seviyelerini izleyin ve uygun so\u011futma \u00f6nlemlerinin al\u0131nd\u0131\u011f\u0131ndan emin olun.<\/li>\n<\/ul>\n<h2>Te\u015fhis \u0130pu\u00e7lar\u0131 ve \u00d6nleyici Tedbirler<\/h2>\n<p>Sorunlar\u0131 etkili bir \u015fekilde te\u015fhis etmek i\u00e7in operat\u00f6rler, bom silindirinin i\u015flevselli\u011fini \u00f6\u011frenmeli ve performans\u0131n\u0131 d\u00fczenli olarak izlemelidir. Bak\u0131m kay\u0131t defteri tutmak, sorunlar\u0131 ve \u00e7\u00f6z\u00fcmlerini takip etmeye yard\u0131mc\u0131 olabilir. D\u00fczenli kontroller ve zaman\u0131nda onar\u0131mlar gibi \u00f6nleyici tedbirler, potansiyel sorunlar\u0131 \u00f6nemli \u00f6l\u00e7\u00fcde azaltarak ekipman\u0131n sorunsuz \u00e7al\u0131\u015fmas\u0131n\u0131 ve uzun \u00f6m\u00fcrl\u00fc olmas\u0131n\u0131 sa\u011flayabilir.<\/p>\n<p><img decoding=\"async\" src=\"https:\/\/www.hydraulic-cylinders.net\/wp-content\/uploads\/2025\/04\/songte-bushings-with-all-kinds-of-excavator-models.webp\" alt=\"Bom Silindiri Bur\u00e7lar\u0131\"><\/p>\n<h2>\u015eirketimiz Hakk\u0131nda<\/h2>\n<p>\u00d6nde gelen yedek hidrolik silindir \u00fcreticisi olarak, hem yurt i\u00e7i hem de uluslararas\u0131 pazarlar i\u00e7in kapsaml\u0131 bir \u00fcr\u00fcn yelpazesi sunuyoruz. M\u00fckemmelli\u011fe olan ba\u011fl\u0131l\u0131\u011f\u0131m\u0131z, yetenekli teknik personel, geli\u015fmi\u015f dijital \u00fcretim ekipmanlar\u0131 ve titiz test sistemlerinden yararlanan rafine bir \u00fcretim stratejisiyle desteklenmektedir. Bu, \u00fcretim s\u00fcre\u00e7lerimizin y\u00fcksek kalite standartlar\u0131n\u0131 ve m\u00fc\u015fteri ihtiya\u00e7lar\u0131n\u0131 kar\u015f\u0131lamas\u0131n\u0131 sa\u011flar.<\/p>\n<p>Profesyonelli\u011fe, uluslararas\u0131 sertifikalara ve \u00f6zelle\u015ftirilmi\u015f \u00e7\u00f6z\u00fcmlere odaklanan \u00fcretim kapasitemiz, \u00e7e\u015fitli m\u00fc\u015fteri gereksinimlerini kar\u015f\u0131layacak \u015fekilde tasarlanm\u0131\u015ft\u0131r. Sat\u0131\u015f sonras\u0131 hizmete olan ba\u011fl\u0131l\u0131\u011f\u0131m\u0131z, \u00fcr\u00fcn ya\u015fam d\u00f6ng\u00fcs\u00fc boyunca destek sa\u011flayarak m\u00fc\u015fteri memnuniyetini daha da art\u0131rmaktad\u0131r.<\/p>\n<p><img decoding=\"async\" src=\"https:\/\/www.hydraulic-cylinders.net\/wp-content\/uploads\/2025\/04\/songte-company-4.webp\" alt=\"\u015eirket Genel Bak\u0131\u015f\u0131\"><br \/>\n<img decoding=\"async\" src=\"https:\/\/www.hydraulic-cylinders.net\/wp-content\/uploads\/2025\/04\/songte-company-3.webp\" alt=\"\u015eirket \u00dcretimi\"><\/p>\n<p>Yazar: lyl<\/p>","protected":false},"excerpt":{"rendered":"<p>Boom Cylinder For Yanmar VI55-5B Understanding the Boom Cylinder A boom cylinder is a type of hydraulic cylinder specifically designed to control the movement of buckets in various heavy machinery, such as excavators, backhoe loaders, and front loaders. It plays a critical role in facilitating the lifting, lowering, and tilting of the bucket, which is [&hellip;]<\/p>","protected":false},"featured_media":17880,"comment_status":"open","ping_status":"closed","template":"","meta":{"_et_pb_use_builder":"","_et_pb_old_content":"","_et_gb_content_width":""},"product_brand":[],"product_cat":[1546],"product_tag":[1547,1496],"class_list":{"0":"post-19557","1":"product","2":"type-product","3":"status-publish","4":"has-post-thumbnail","6":"product_cat-boom-cylinders","7":"product_tag-boom-cylinders","8":"product_tag-hydraulic-cylinders","10":"first","11":"instock","12":"shipping-taxable","13":"product-type-simple"},"amp_enabled":true,"_links":{"self":[{"href":"https:\/\/www.hydraulic-cylinders.net\/tr\/wp-json\/wp\/v2\/product\/19557","targetHints":{"allow":["GET"]}}],"collection":[{"href":"https:\/\/www.hydraulic-cylinders.net\/tr\/wp-json\/wp\/v2\/product"}],"about":[{"href":"https:\/\/www.hydraulic-cylinders.net\/tr\/wp-json\/wp\/v2\/types\/product"}],"replies":[{"embeddable":true,"href":"https:\/\/www.hydraulic-cylinders.net\/tr\/wp-json\/wp\/v2\/comments?post=19557"}],"wp:featuredmedia":[{"embeddable":true,"href":"https:\/\/www.hydraulic-cylinders.net\/tr\/wp-json\/wp\/v2\/media\/17880"}],"wp:attachment":[{"href":"https:\/\/www.hydraulic-cylinders.net\/tr\/wp-json\/wp\/v2\/media?parent=19557"}],"wp:term":[{"taxonomy":"product_brand","embeddable":true,"href":"https:\/\/www.hydraulic-cylinders.net\/tr\/wp-json\/wp\/v2\/product_brand?post=19557"},{"taxonomy":"product_cat","embeddable":true,"href":"https:\/\/www.hydraulic-cylinders.net\/tr\/wp-json\/wp\/v2\/product_cat?post=19557"},{"taxonomy":"product_tag","embeddable":true,"href":"https:\/\/www.hydraulic-cylinders.net\/tr\/wp-json\/wp\/v2\/product_tag?post=19557"}],"curies":[{"name":"wp","href":"https:\/\/api.w.org\/{rel}","templated":true}]}}