{"id":19558,"date":"2025-04-07T06:54:23","date_gmt":"2025-04-07T06:54:23","guid":{"rendered":"https:\/\/www.hydraulic-cylinders.net\/product\/boom-cylinder-for-yanmar-sv025-6\/"},"modified":"2025-04-07T06:54:25","modified_gmt":"2025-04-07T06:54:25","slug":"boom-cylinder-for-yanmar-sv025-6","status":"publish","type":"product","link":"https:\/\/www.hydraulic-cylinders.net\/tr\/urun\/boom-cylinder-for-yanmar-sv025-6\/","title":{"rendered":"Yanmar SV025-6 i\u00e7in Bom Silindiri"},"content":{"rendered":"<h1>Yanmar SV025-6 i\u00e7in Bom Silindiri<\/h1>\n<h2>Bom Silindirini Anlamak<\/h2>\n<p>Bom silindiri, ekskavat\u00f6rler, kaz\u0131c\u0131 y\u00fckleyiciler ve \u00f6n y\u00fckleyiciler gibi a\u011f\u0131r makinelerde kep\u00e7elerin hareketini kontrol etmek i\u00e7in \u00f6zel olarak tasarlanm\u0131\u015f, hayati \u00f6nem ta\u015f\u0131yan bir hidrolik bile\u015fendir. Bu hidrolik silindir, kald\u0131rma, indirme ve e\u011fme hareketlerine olanak tan\u0131yarak malzeme ta\u015f\u0131ma i\u015flemlerinin verimli bir \u015fekilde ger\u00e7ekle\u015ftirilmesini kolayla\u015ft\u0131r\u0131r.<\/p>\n<p>\u0130n\u015faat ve kaz\u0131 sahalar\u0131n\u0131n zorlu ko\u015fullar\u0131na dayanacak \u015fekilde tasarlanan bom silindirleri, hidrolik sistemlerde kritik bir rol oynar. Ba\u015fl\u0131ca i\u015flevleri, hidrolik bas\u0131nc\u0131 mekanik kuvvete d\u00f6n\u00fc\u015ft\u00fcrerek operat\u00f6rlerin ekipman\u0131 hassas bir \u015fekilde kullanmas\u0131n\u0131 sa\u011flamakt\u0131r. Hidrolik ya\u011f\u0131 ortam olarak kullanan bu silindirler, d\u00fczg\u00fcn ve kontroll\u00fc hareketler sa\u011flayarak a\u011f\u0131r y\u00fckleri ta\u015f\u0131yan operat\u00f6rler i\u00e7in vazge\u00e7ilmez hale gelir.<\/p>\n<p><img decoding=\"async\" src=\"https:\/\/www.hydraulic-cylinders.net\/wp-content\/uploads\/2025\/04\/songte-company-1.webp\" alt=\"Bom Silindiri\" \/><\/p>\n<h2>Bom Silindirinin Temel \u00d6zellikleri<\/h2>\n<ul>\n<li><strong>Y\u00fcksek Dayan\u0131kl\u0131l\u0131k ve Dayan\u0131kl\u0131l\u0131k:<\/strong> Genellikle y\u00fcksek mukavemetli \u00e7elik veya al\u00fcminyumdan \u00fcretilen bu silindirler, y\u00fcksek bas\u0131nca ve a\u011f\u0131r y\u00fcklere dayanabilir ve zorlu \u00e7al\u0131\u015fma ortamlar\u0131na iyi uyum sa\u011flar. Tasar\u0131mlar\u0131 a\u015f\u0131nma direnci ve korozyon korumas\u0131na odaklanarak kullan\u0131m \u00f6mr\u00fcn\u00fc uzat\u0131r.<\/li>\n<li><strong>Verimli Hidrolik \u00c7al\u0131\u015fma:<\/strong> Bom silindiri, sorunsuz uzatma ve geri \u00e7ekmeyi kolayla\u015ft\u0131rmak i\u00e7in hidrolik ya\u011f bas\u0131nc\u0131ndan yararlan\u0131r; bu da operat\u00f6r komutlar\u0131na h\u0131zl\u0131 yan\u0131t verilmesini sa\u011flar ve a\u011f\u0131r i\u015fler i\u00e7in g\u00fc\u00e7l\u00fc itme ve \u00e7ekme kuvvetleri sunar.<\/li>\n<li><strong>\u00c7e\u015fitli T\u00fcrler:<\/strong> Bom silindirleri, \u00e7e\u015fitli operasyonel ihtiya\u00e7lar\u0131 kar\u015f\u0131lamak \u00fczere tek etkili (hidrolik kuvveti tek y\u00f6nde uygulayan) veya \u00e7ift etkili (her iki y\u00f6nde de uygulayan) konfig\u00fcrasyonlarda se\u00e7ilebilir. Baz\u0131 modeller teleskopiktir ve d\u0131\u015f boyutlar\u0131 art\u0131rmadan daha fazla uzatmaya olanak tan\u0131r; bu da alan k\u0131s\u0131tlamal\u0131 uygulamalar i\u00e7in idealdir.<\/li>\n<li><strong>\u00d6zel \u00dcretim:<\/strong> Di\u011fer hidrolik silindirlerin yerine m\u00fckemmel \u015fekilde ge\u00e7ebilen, uyumluluk ve optimum performans sa\u011flayan bom silindirleri \u00fcretme konusunda uzmanla\u015ft\u0131k.<\/li>\n<li><strong>\u00c7ok Y\u00f6nl\u00fc Uygulamalar:<\/strong> Bu silindirler, \u00e7e\u015fitli a\u011f\u0131r makineler i\u00e7in tasarlanm\u0131\u015ft\u0131r ve bu da onlar\u0131 bir\u00e7ok sekt\u00f6r i\u00e7in vazge\u00e7ilmez k\u0131lmaktad\u0131r.<\/li>\n<\/ul>\n<p><img decoding=\"async\" src=\"https:\/\/www.hydraulic-cylinders.net\/wp-content\/uploads\/2025\/04\/songte-cylinder-head-with-all-kinds-excavator-models.webp\" alt=\"Ekskavat\u00f6r Modelleri\" \/><\/p>\n<h2>Bom Silindirinin Uygulamalar\u0131<\/h2>\n<h3>\u0130n\u015faat Ekipmanlar\u0131<\/h3>\n<p>Ekskavat\u00f6rlerde, bom silindirleri kazma, y\u00fckleme ve toprak veya moloz ta\u015f\u0131ma i\u015flemlerinde hayati \u00f6neme sahiptir. Kep\u00e7eyi indirmek ve kald\u0131rmak i\u00e7in gerekli kuvveti sa\u011flayarak operat\u00f6rlerin g\u00f6revleri verimli bir \u015fekilde yerine getirmelerini sa\u011flarlar. Kaz\u0131c\u0131 y\u00fckleyicilerde ise bu silindirler sadece kazmada de\u011fil, ayn\u0131 zamanda malzeme kald\u0131rmada da yard\u0131mc\u0131 olarak in\u015faat i\u015flerindeki \u00e7ok y\u00f6nl\u00fcl\u00fcklerini g\u00f6sterirler.<\/p>\n<h3>Tar\u0131m Makinalar\u0131<\/h3>\n<p>\u00d6n y\u00fckleyicilerde, bom silindirleri toprak, saman ve di\u011fer malzemeleri kep\u00e7elemek, kald\u0131rmak ve ta\u015f\u0131mak i\u00e7in kullan\u0131l\u0131r. Sa\u011flam tasar\u0131mlar\u0131, \u00e7ift\u00e7ilerin a\u011f\u0131r y\u00fckleri ta\u015f\u0131mas\u0131na yard\u0131mc\u0131 olarak \u00e7iftlikte verimlili\u011fi ve etkinli\u011fi art\u0131r\u0131r. Bom silindirlerinin sorunsuz \u00e7al\u0131\u015fmas\u0131, makinenin \u00e7e\u015fitli g\u00f6revleri kesintisiz olarak yerine getirebilmesini sa\u011flar.<\/p>\n<h3>Ekskavat\u00f6rler<\/h3>\n<p>Ekskavat\u00f6rlerde, bom silindiri kep\u00e7enin topra\u011fa etkili bir \u015fekilde n\u00fcfuz etmesini sa\u011flayarak verimli kaz\u0131 yap\u0131lmas\u0131n\u0131 m\u00fcmk\u00fcn k\u0131lar. Bu i\u015flev, b\u00fcy\u00fck miktarda malzemenin h\u0131zl\u0131 ve g\u00fcvenli bir \u015fekilde ta\u015f\u0131nmas\u0131 i\u00e7in hassasiyet ve g\u00fcc\u00fcn gerekli oldu\u011fu kaz\u0131 projeleri i\u00e7in hayati \u00f6nem ta\u015f\u0131r.<\/p>\n<h3>Y\u00fckleyiciler<\/h3>\n<p>\u00d6n y\u00fckleyicilerde, bom silindirleri y\u00fcklerin verimli bir \u015fekilde kald\u0131r\u0131lmas\u0131n\u0131 ve bo\u015falt\u0131lmas\u0131n\u0131 kolayla\u015ft\u0131r\u0131r. Operat\u00f6rlerin kep\u00e7eyi kald\u0131rarak malzemeleri y\u00fcksek bir yerden bo\u015faltmalar\u0131na olanak tan\u0131yarak i\u015f ak\u0131\u015f\u0131n\u0131 iyile\u015ftirir ve \u015fantiyedeki \u00e7al\u0131\u015fma s\u00fcresini azalt\u0131r.<\/p>\n<h2>Tasar\u0131m Hususlar\u0131 ve Se\u00e7im Kriterleri<\/h2>\n<h3>Y\u00fck Kapasitesi<\/h3>\n<p>Bom silindiri se\u00e7erken, y\u00fck ta\u015f\u0131ma kapasitesini anlamak \u00e7ok \u00f6nemlidir. Bu, silindirin \u00e7al\u0131\u015fma verimlili\u011fini korurken ta\u015f\u0131yabilece\u011fi maksimum a\u011f\u0131rl\u0131\u011f\u0131 ifade eder. Y\u00fck ta\u015f\u0131ma kapasitesi, silindir boyutu, malzeme dayan\u0131m\u0131 ve hidrolik bas\u0131n\u00e7 s\u0131n\u0131rlar\u0131 gibi fakt\u00f6rler taraf\u0131ndan belirlenir. Sadece \u00e7al\u0131\u015fma gereksinimlerini kar\u015f\u0131lamakla kalmay\u0131p ayn\u0131 zamanda kullan\u0131m s\u0131ras\u0131nda g\u00fcvenli\u011fi de sa\u011flayan yeterli y\u00fck ta\u015f\u0131ma kapasitesine sahip bir silindir se\u00e7mek \u00e7ok \u00f6nemlidir.<\/p>\n<h3>S\u0131zd\u0131rmazl\u0131k B\u00fct\u00fcnl\u00fc\u011f\u00fc<\/h3>\n<p>S\u0131zd\u0131rmazl\u0131k, hidrolik silindirlerin performans\u0131nda hayati bir rol oynar. Do\u011fru contalar, verimlili\u011fin azalmas\u0131na ve makineye potansiyel hasara yol a\u00e7abilecek hidrolik s\u0131v\u0131 s\u0131z\u0131nt\u0131lar\u0131n\u0131 \u00f6nler. Contalar, a\u015f\u0131r\u0131 s\u0131cakl\u0131klara ve bas\u0131n\u00e7 de\u011fi\u015fimlerine dayanabilen dayan\u0131kl\u0131 malzemelerden yap\u0131lmal\u0131d\u0131r. Do\u011fru s\u0131zd\u0131rmazl\u0131k, silindirin daha uzun \u00e7al\u0131\u015fma \u00f6mr\u00fcn\u00fc ve daha y\u00fcksek g\u00fcvenilirli\u011fini sa\u011flar.<\/p>\n<h3>Dayan\u0131kl\u0131l\u0131k<\/h3>\n<p>Hidrolik silindir tasar\u0131m\u0131nda dayan\u0131kl\u0131l\u0131k \u00e7ok \u00f6nemli bir fakt\u00f6rd\u00fcr. Yap\u0131m\u0131nda kullan\u0131lan malzemeler a\u015f\u0131nmaya, korozyona ve di\u011fer \u00e7evresel fakt\u00f6rlere kar\u015f\u0131 dayan\u0131kl\u0131 olmal\u0131d\u0131r. Bu, \u00f6zellikle toz, nem ve kimyasallara maruz kalman\u0131n performans\u0131 olumsuz etkileyebilece\u011fi zorlu ko\u015fullarda \u00e7al\u0131\u015fan silindirler i\u00e7in \u00f6nemlidir. Dayan\u0131kl\u0131 bir bom silindiri se\u00e7mek, tutarl\u0131 performans sa\u011flar ve s\u0131k s\u0131k de\u011fi\u015ftirme ihtiyac\u0131n\u0131 en aza indirir.<\/p>\n<h3>G\u00fcvenlik \u00d6zellikleri<\/h3>\n<p>Hidrolik silindirlerin tasar\u0131m\u0131 ve se\u00e7imi yap\u0131l\u0131rken g\u00fcvenlik her zaman \u00f6ncelikli olmal\u0131d\u0131r. \u00c7al\u0131\u015fma s\u0131ras\u0131nda kazalar\u0131 \u00f6nlemek i\u00e7in bas\u0131n\u00e7 tahliye vanalar\u0131 ve sa\u011flam montaj tasar\u0131mlar\u0131 gibi g\u00fcvenlik \u00f6zelliklerinin dahil edilmesi \u015fartt\u0131r. Bu \u00f6zellikler sadece ekipman\u0131 korumakla kalmaz, ayn\u0131 zamanda yak\u0131nlarda \u00e7al\u0131\u015fan operat\u00f6rlerin g\u00fcvenli\u011fini de sa\u011flar.<\/p>\n<h3>Bak\u0131m Eri\u015filebilirli\u011fi<\/h3>\n<p>Bak\u0131m kolayl\u0131\u011f\u0131 da bir di\u011fer \u00f6nemli husustur. \u0130yi tasarlanm\u0131\u015f bir bom silindiri, rutin incelemeler ve bak\u0131m i\u00e7in kritik bile\u015fenlere kolay eri\u015fim sa\u011flamal\u0131d\u0131r. Bu, yaln\u0131zca d\u00fczenli bak\u0131m\u0131 kolayla\u015ft\u0131rmakla kalmaz, ayn\u0131 zamanda silindirin \u00f6mr\u00fcn\u00fcn uzamas\u0131na ve genel ekipman verimlili\u011fine de katk\u0131da bulunur.<\/p>\n<p><img decoding=\"async\" src=\"https:\/\/www.hydraulic-cylinders.net\/wp-content\/uploads\/2025\/04\/songte-oil-pipes-and-spare-parts.webp\" alt=\"Hidrolik Bile\u015fenler\" \/><\/p>\n<h2>S\u0131zd\u0131rmazl\u0131k ve Ya\u011flama<\/h2>\n<p>Piston contalar\u0131 ve mil contalar\u0131 da dahil olmak \u00fczere \u00e7e\u015fitli s\u0131zd\u0131rmazl\u0131k bile\u015fenlerinin kullan\u0131lmas\u0131, hidrolik silindirlerin b\u00fct\u00fcnl\u00fc\u011f\u00fcn\u00fc korumada son derece \u00f6nemlidir. Poli\u00fcretan ve nitril kau\u00e7uk gibi dayan\u0131kl\u0131 malzemelerden yap\u0131lan contalar, a\u015f\u0131nmaya kar\u015f\u0131 diren\u00e7 sa\u011flamada hayati \u00f6neme sahiptir. Silindir g\u00f6vdesi ve di\u015fli u\u00e7 y\u00fczeyleri, a\u015f\u0131nma direncini art\u0131rmak ve b\u00f6ylece silindirin \u00e7al\u0131\u015fma \u00f6mr\u00fcn\u00fc uzatmak i\u00e7in hassas bir \u015fekilde i\u015flenir.<\/p>\n<p>Optimum performans\u0131 korumak i\u00e7in d\u00fczenli ya\u011flama gereklidir. Silindir i\u00e7inde sorunsuz hareket sa\u011flamak i\u00e7in yeterli miktarda hidrolik ya\u011f\u0131n doldurulmas\u0131 \u00e7ok \u00f6nemlidir. Ya\u011flaman\u0131n ihmal edilmesi, s\u00fcrt\u00fcnmeyi, a\u015f\u0131nmay\u0131 ve potansiyel ar\u0131zalar\u0131 art\u0131rabilir; bu da d\u00fczenli bir ya\u011flama program\u0131n\u0131n \u00f6nemini vurgular.<\/p>\n<h2>D\u00fczenli Muayene ve \u00d6nleyici Bak\u0131m<\/h2>\n<ul>\n<li><strong>D\u00fczenli Denetimler:<\/strong> Rutin kontrollerin yap\u0131lmas\u0131, a\u015f\u0131nma veya hasar belirtilerini erken tespit etmek i\u00e7in hayati \u00f6nem ta\u015f\u0131r. Operat\u00f6rler, ekipman \u00e7al\u0131\u015fmas\u0131 s\u0131ras\u0131nda s\u0131z\u0131nt\u0131lar\u0131, \u00e7atlaklar\u0131 veya ola\u011fand\u0131\u015f\u0131 sesleri g\u00f6rsel olarak kontrol etmeli ve herhangi bir sorunu derhal gidermelidir.<\/li>\n<li><strong>Uygun Ya\u011flama:<\/strong> Silindirlerin yeterince ya\u011flanmas\u0131, optimum performans i\u00e7in \u00e7ok \u00f6nemlidir. Operat\u00f6rler, verimlili\u011fi korumak i\u00e7in ya\u011flay\u0131c\u0131 t\u00fcr\u00fc ve uygulama s\u0131kl\u0131\u011f\u0131 konusunda \u00fcretici y\u00f6nergelerine uymal\u0131d\u0131r.<\/li>\n<li><strong>Conta De\u011fi\u015fimi:<\/strong> Zamanla, contalar a\u015f\u0131nabilir ve de\u011fi\u015ftirilmesi gerekebilir. Contalar\u0131n a\u015f\u0131nma durumunu d\u00fczenli olarak kontrol etmek ve gerekti\u011finde derhal de\u011fi\u015ftirmek, s\u0131z\u0131nt\u0131lar\u0131 \u00f6nleyebilir ve hidrolik verimlili\u011fi koruyabilir.<\/li>\n<\/ul>\n<h2>Kurulum Talimatlar\u0131<\/h2>\n<p>Bom silindirinin do\u011fru montaj\u0131, optimum performans i\u00e7in \u00e7ok \u00f6nemlidir. \u0130\u015fte izlenecek baz\u0131 ad\u0131mlar:<\/p>\n<ul>\n<li>Montajdan \u00f6nce montaj braketlerinin ve y\u00fczeylerinin temiz ve kal\u0131nt\u0131lardan ar\u0131nd\u0131r\u0131lm\u0131\u015f oldu\u011fundan emin olun. Bu, montaj i\u015flemi s\u0131ras\u0131nda hasar riskini en aza indirir.<\/li>\n<li>Silindiri montaj noktalar\u0131yla do\u011fru \u015fekilde hizalay\u0131n. Yanl\u0131\u015f hizalama, silindir \u00fczerinde gerilime yol a\u00e7arak performans\u0131n\u0131 ve \u00f6mr\u00fcn\u00fc etkileyebilir.<\/li>\n<li>Silindiri yerine sabitlemek i\u00e7in uygun montaj braketlerini kullan\u0131n ve hasara neden olabilecek a\u015f\u0131r\u0131 g\u00fc\u00e7 uygulamadan sa\u011flam bir \u015fekilde tak\u0131ld\u0131\u011f\u0131ndan emin olun.<\/li>\n<li>S\u0131z\u0131nt\u0131lar\u0131 \u00f6nlemek i\u00e7in t\u00fcm hidrolik hatlar\u0131n ve ba\u011flant\u0131lar\u0131n s\u0131k\u0131l\u0131\u011f\u0131n\u0131 iki kez kontrol edin. Gev\u015fek ba\u011flant\u0131lar sistem verimsizli\u011fine ve olas\u0131 ar\u0131zalara yol a\u00e7abilir.<\/li>\n<li>Kurulumdan sonra, silindirin sorunsuz ve verimli \u00e7al\u0131\u015ft\u0131\u011f\u0131ndan emin olmak ve ortaya \u00e7\u0131kabilecek olas\u0131 sorunlar\u0131 kontrol etmek i\u00e7in bir test \u00e7al\u0131\u015fmas\u0131 ger\u00e7ekle\u015ftirin.<\/li>\n<\/ul>\n<h2>Yayg\u0131n Bak\u0131m G\u00f6revleri<\/h2>\n<ul>\n<li><strong>D\u00fczenli Kontroller:<\/strong> Rutin g\u00f6rsel kontroller, a\u015f\u0131nma veya s\u0131z\u0131nt\u0131 belirtilerini erken tespit etmeye ve ilerleyen s\u00fcre\u00e7te daha b\u00fcy\u00fck sorunlar\u0131n \u00f6nlenmesine yard\u0131mc\u0131 olabilir. Hidrolik s\u0131v\u0131 seviyelerini her zaman izleyin ve \u00e7al\u0131\u015fma s\u0131ras\u0131nda herhangi bir anormallik olup olmad\u0131\u011f\u0131n\u0131 kontrol edin.<\/li>\n<li><strong>Ya\u011flama:<\/strong> Silindirin sorunsuz \u00e7al\u0131\u015fmas\u0131 i\u00e7in uygun ya\u011flama \u015fartt\u0131r. Ya\u011flama t\u00fcr\u00fc ve s\u0131kl\u0131\u011f\u0131 konusunda \u00fcreticinin y\u00f6nergelerine uyulmas\u0131, performans\u0131 ve kullan\u0131m \u00f6mr\u00fcn\u00fc art\u0131racakt\u0131r.<\/li>\n<li><strong>Conta De\u011fi\u015fimi:<\/strong> Contalar\u0131n d\u00fczenli olarak kontrol edilmesi gerekir. Herhangi bir a\u015f\u0131nma belirtisi varsa, hidrolik verimlili\u011fi korumak ve s\u0131z\u0131nt\u0131lar\u0131 \u00f6nlemek i\u00e7in contalar\u0131n derhal de\u011fi\u015ftirilmesi hayati \u00f6nem ta\u015f\u0131r.<\/li>\n<\/ul>\n<h2>G\u00fcvenlik Hususlar\u0131 ve \u00c7evresel Fakt\u00f6rler<\/h2>\n<p>Hidrolik silindirlerin \u00e7al\u0131\u015ft\u0131r\u0131lmas\u0131nda g\u00fcvenlik \u00f6nlemleri son derece \u00f6nemlidir. Operat\u00f6rler, uygun ki\u015fisel koruyucu ekipman (KKD) giymek ve silindir \u00e7al\u0131\u015fmas\u0131yla ili\u015fkili potansiyel tehlikeleri anlamak da dahil olmak \u00fczere g\u00fcvenlik protokollerinin \u00f6nemini kavramak \u00fczere e\u011fitilmelidir. T\u00fcm personelin prosed\u00fcrlerin fark\u0131nda olmas\u0131n\u0131 ve acil durumlarda etkili bir \u015fekilde m\u00fcdahale edebilmesini sa\u011flamak i\u00e7in d\u00fczenli g\u00fcvenlik e\u011fitimleri verilmelidir.<\/p>\n<h2>Yayg\u0131n Sorunlar\u0131n Giderilmesi<\/h2>\n<ul>\n<li><strong>S\u0131z\u0131nt\u0131:<\/strong> Hidrolik silindirlerde en s\u0131k kar\u015f\u0131la\u015f\u0131lan sorunlardan biri s\u0131z\u0131nt\u0131d\u0131r. S\u0131v\u0131n\u0131n s\u0131zd\u0131\u011f\u0131 g\u00f6zlemlenirse, bunun nedeni a\u015f\u0131nm\u0131\u015f contalar veya hasarl\u0131 ba\u011flant\u0131lar olabilir. Contalar\u0131n h\u0131zl\u0131 bir \u015fekilde tespit edilip de\u011fi\u015ftirilmesi bu sorunu \u00e7\u00f6zebilir.<\/li>\n<li><strong>Tutarl\u0131 Olmayan \u0130\u015flem:<\/strong> Bom silindirinin d\u00fczensiz \u00e7al\u0131\u015fmas\u0131, hidrolik s\u0131v\u0131 seviyelerinde sorun veya hidrolik hatlarda t\u0131kan\u0131kl\u0131k oldu\u011funu g\u00f6sterebilir. S\u0131v\u0131 seviyelerini kontrol etmek ve hatlar\u0131n a\u00e7\u0131k oldu\u011fundan emin olmak \u00e7ok \u00f6nemlidir.<\/li>\n<li><strong>Yava\u015f Tepki:<\/strong> \u0130\u015flemdeki yava\u015f tepki, hidrolik sistemde hava bulunmas\u0131ndan veya yetersiz hidrolik s\u0131v\u0131s\u0131ndan kaynaklanabilir. Sistemdeki havay\u0131 gidermek ve hidrolik s\u0131v\u0131y\u0131 tamamlamak bu sorunu \u00e7\u00f6zebilir.<\/li>\n<\/ul>\n<p>D\u00fczenli bak\u0131m kontrolleri gibi \u00f6nleyici tedbirler almak, bu sorunlarla kar\u015f\u0131la\u015fma olas\u0131l\u0131\u011f\u0131n\u0131 \u00f6nemli \u00f6l\u00e7\u00fcde azaltabilir. Operat\u00f6rler, hidrolik sistemin \u00e7al\u0131\u015f\u0131r durumda kalmas\u0131n\u0131 sa\u011flamak i\u00e7in belirlenmi\u015f prosed\u00fcrleri izleyerek bak\u0131ma proaktif bir yakla\u015f\u0131m serglemelidir.<\/p>\n<p><img decoding=\"async\" src=\"https:\/\/www.hydraulic-cylinders.net\/wp-content\/uploads\/2025\/04\/songte-bushings-with-all-kinds-of-excavator-models.webp\" alt=\"Ekskavat\u00f6r Bur\u00e7lar\u0131\" \/><\/p>\n<h2>\u015eirketimiz Hakk\u0131nda<\/h2>\n<p>Hidrolik silindirlerin \u00f6nde gelen \u00fcreticisi ve toptanc\u0131s\u0131 olarak, y\u00fcksek kaliteli alternatifler sunma konusunda uzmanla\u015fm\u0131\u015f durumday\u0131z. Geni\u015f \u00fcr\u00fcn yelpazemiz, bizi hem yerel hem de uluslararas\u0131 pazarlarda en \u00fcst s\u0131ralarda yer alan oyunculardan biri haline getiriyor. M\u00fckemmellik ilkesine ba\u011fl\u0131 kalarak, geli\u015fmi\u015f dijital ekipman ve profesyonel test sistemleri arac\u0131l\u0131\u011f\u0131yla rafine \u00fcretim stratejilerinden yararlan\u0131yoruz.<\/p>\n<p>Kaliteye olan ba\u011fl\u0131l\u0131\u011f\u0131m\u0131z, \u00fcretim platformlar\u0131m\u0131z\u0131 geli\u015ftiren ve \u00fcr\u00fcn kalitesini art\u0131ran yetenekli personele ve yenilik\u00e7i \u00fcretim tekniklerine yapt\u0131\u011f\u0131m\u0131z yat\u0131r\u0131mlarda kendini g\u00f6stermektedir. Verimlili\u011fe, hassasiyete ve y\u00fcksek kaliteye olan ba\u011fl\u0131l\u0131\u011f\u0131m\u0131zla, \u00f6zel \u00e7\u00f6z\u00fcmler arac\u0131l\u0131\u011f\u0131yla \u00e7ok \u00e7e\u015fitli m\u00fc\u015fteri ihtiya\u00e7lar\u0131n\u0131 kar\u015f\u0131l\u0131yoruz.<\/p>\n<p><img decoding=\"async\" src=\"https:\/\/www.hydraulic-cylinders.net\/wp-content\/uploads\/2025\/04\/songte-company-4.webp\" alt=\"\u015eirket Genel Bak\u0131\u015f\u0131\" \/><br \/>\n<img decoding=\"async\" src=\"https:\/\/www.hydraulic-cylinders.net\/wp-content\/uploads\/2025\/04\/songte-company-3.webp\" alt=\"\u00dcretim Tesisleri\" \/><\/p>\n<p>\u00d6zetle, \u015firketimiz profesyonelli\u011fi, uluslararas\u0131 sertifikalar\u0131, \u00f6zel hizmetleri, geli\u015fmi\u015f \u00fcretim ekipmanlar\u0131 ve ola\u011fan\u00fcst\u00fc sat\u0131\u015f sonras\u0131 deste\u011fiyle \u00f6ne \u00e7\u0131kmaktad\u0131r.<\/p>\n<p>Yazar: lyl<\/p>","protected":false},"excerpt":{"rendered":"<p>Boom Cylinder For Yanmar SV025-6 Understanding the Boom Cylinder The boom cylinder is an essential hydraulic component, specifically designed for controlling the movement of buckets in heavy machinery such as excavators, backhoe loaders, and front loaders. This hydraulic cylinder allows for lifting, lowering, and tilting motions, thereby facilitating material handling tasks efficiently. Constructed to endure [&hellip;]<\/p>","protected":false},"featured_media":17881,"comment_status":"open","ping_status":"closed","template":"","meta":{"_et_pb_use_builder":"","_et_pb_old_content":"","_et_gb_content_width":""},"product_brand":[],"product_cat":[1546],"product_tag":[1547,1496],"class_list":{"0":"post-19558","1":"product","2":"type-product","3":"status-publish","4":"has-post-thumbnail","6":"product_cat-boom-cylinders","7":"product_tag-boom-cylinders","8":"product_tag-hydraulic-cylinders","10":"first","11":"instock","12":"shipping-taxable","13":"product-type-simple"},"amp_enabled":true,"_links":{"self":[{"href":"https:\/\/www.hydraulic-cylinders.net\/tr\/wp-json\/wp\/v2\/product\/19558","targetHints":{"allow":["GET"]}}],"collection":[{"href":"https:\/\/www.hydraulic-cylinders.net\/tr\/wp-json\/wp\/v2\/product"}],"about":[{"href":"https:\/\/www.hydraulic-cylinders.net\/tr\/wp-json\/wp\/v2\/types\/product"}],"replies":[{"embeddable":true,"href":"https:\/\/www.hydraulic-cylinders.net\/tr\/wp-json\/wp\/v2\/comments?post=19558"}],"wp:featuredmedia":[{"embeddable":true,"href":"https:\/\/www.hydraulic-cylinders.net\/tr\/wp-json\/wp\/v2\/media\/17881"}],"wp:attachment":[{"href":"https:\/\/www.hydraulic-cylinders.net\/tr\/wp-json\/wp\/v2\/media?parent=19558"}],"wp:term":[{"taxonomy":"product_brand","embeddable":true,"href":"https:\/\/www.hydraulic-cylinders.net\/tr\/wp-json\/wp\/v2\/product_brand?post=19558"},{"taxonomy":"product_cat","embeddable":true,"href":"https:\/\/www.hydraulic-cylinders.net\/tr\/wp-json\/wp\/v2\/product_cat?post=19558"},{"taxonomy":"product_tag","embeddable":true,"href":"https:\/\/www.hydraulic-cylinders.net\/tr\/wp-json\/wp\/v2\/product_tag?post=19558"}],"curies":[{"name":"wp","href":"https:\/\/api.w.org\/{rel}","templated":true}]}}