{"id":19560,"date":"2025-04-07T06:54:28","date_gmt":"2025-04-07T06:54:28","guid":{"rendered":"https:\/\/www.hydraulic-cylinders.net\/product\/boom-cylinder-for-yanmar-vi35-5b\/"},"modified":"2025-04-07T06:54:30","modified_gmt":"2025-04-07T06:54:30","slug":"boom-cylinder-for-yanmar-vi35-5b","status":"publish","type":"product","link":"https:\/\/www.hydraulic-cylinders.net\/tr\/urun\/boom-cylinder-for-yanmar-vi35-5b\/","title":{"rendered":"Yanmar VI35-5B i\u00e7in Bom Silindiri"},"content":{"rendered":"<h1>Yanmar VI35-5B i\u00e7in Bom Silindiri<\/h1>\n<h2>Bom Silindirine Giri\u015f<\/h2>\n<p>Bom Silindiri, \u00f6zellikle a\u011f\u0131r makineler i\u00e7in tasarlanm\u0131\u015f temel bir hidrolik bile\u015fendir. Bu tip silindir, \u00f6zellikle ekskavat\u00f6rler, beko-loderler ve \u00f6n y\u00fckleyiciler dahil olmak \u00fczere \u00e7e\u015fitli ekipmanlardaki kep\u00e7elerin hareketini kontrol etmek i\u00e7in kullan\u0131l\u0131r. Birincil i\u015flevi, kep\u00e7enin kald\u0131rma, indirme ve yat\u0131rma i\u015flemlerini ger\u00e7ekle\u015ftirerek verimli malzeme ta\u015f\u0131ma g\u00f6revlerini kolayla\u015ft\u0131rmakt\u0131r. Bu silindirler, in\u015faat ve tar\u0131m uygulamalar\u0131 i\u00e7in gerekli olan g\u00fc\u00e7l\u00fc ve hassas hareketlere olanak tan\u0131yan hidrolik sistemlerin hayati bir par\u00e7as\u0131d\u0131r.<\/p>\n<p><img decoding=\"async\" src=\"https:\/\/www.hydraulic-cylinders.net\/wp-content\/uploads\/2025\/04\/songte-company-1.webp\" alt=\"Bom Silindiri G\u00f6r\u00fcnt\u00fcs\u00fc\"><\/p>\n<h2>Bom Silindirinin \u00d6zellikleri<\/h2>\n<ul>\n<li>\n<h3>Y\u00fcksek G\u00fc\u00e7 ve Dayan\u0131kl\u0131l\u0131k<\/h3>\n<p>Genellikle y\u00fcksek mukavemetli \u00e7elik veya al\u00fcminyumdan \u00fcretilen Boom Silindiri, y\u00fcksek bas\u0131nca ve a\u011f\u0131r y\u00fcklere dayanacak \u015fekilde tasarlanm\u0131\u015ft\u0131r ve bu sayede zorlu \u00e7al\u0131\u015fma ortamlar\u0131 i\u00e7in uygundur. Tasar\u0131m\u0131nda, kullan\u0131m \u00f6mr\u00fcn\u00fc uzatmak i\u00e7in a\u015f\u0131nma ve korozyon direnci g\u00f6z \u00f6n\u00fcnde bulundurulmu\u015ftur.<\/p>\n<\/li>\n<li>\n<h3>Verimli Hidrolik \u00c7al\u0131\u015fma<\/h3>\n<p>Bu silindir, hidrolik ya\u011f bas\u0131nc\u0131n\u0131 kullanarak p\u00fcr\u00fczs\u00fcz uzatma ve geri \u00e7ekme hareketleri ger\u00e7ekle\u015ftirir. Kontrol komutlar\u0131na h\u0131zl\u0131 bir \u015fekilde yan\u0131t verebilir ve a\u011f\u0131r malzemeler ve karma\u015f\u0131k g\u00f6revler i\u00e7in gerekli olan g\u00fc\u00e7l\u00fc itme ve \u00e7ekme kuvvetleri sa\u011flayabilir.<\/p>\n<\/li>\n<li>\n<h3>\u00c7e\u015fitli T\u00fcrler<\/h3>\n<p>Tek etkili (tek y\u00f6nde hidrolik g\u00fc\u00e7 kullanan) veya \u00e7ift etkili (her iki y\u00f6nde hidrolik g\u00fc\u00e7 kullanan) konfig\u00fcrasyonlarda sunulan Bom Silindiri, \u00e7e\u015fitli operasyonel gereksinimleri kar\u015f\u0131lar. Baz\u0131 modeller, d\u0131\u015f boyutlar\u0131 art\u0131rmadan daha fazla uzatma sa\u011flayan teleskopik tasar\u0131ma sahip olabilir ve bu da s\u0131n\u0131rl\u0131 alana sahip uygulamalar i\u00e7in idealdir.<\/p>\n<\/li>\n<li>\n<h3>\u00d6zel \u00dcretim<\/h3>\n<p>Bu \u00fcr\u00fcn\u00fc \u00fcretme kabiliyetine sahibiz, silindirlerimizin mevcut hidrolik silindirlerin yerini m\u00fckemmel bir \u015fekilde almas\u0131n\u0131 ve makinelerinize kusursuz bir \u015fekilde entegre olmas\u0131n\u0131 sa\u011fl\u0131yoruz.<\/p>\n<\/li>\n<li>\n<h3>\u00c7e\u015fitli Modellerle Uyumluluk<\/h3>\n<p>Silindirlerimiz, uygulamada \u00e7ok y\u00f6nl\u00fcl\u00fck ve esneklik sa\u011flayarak \u00e7e\u015fitli ekskavat\u00f6r modelleriyle uyumlu olacak \u015fekilde tasarlanm\u0131\u015ft\u0131r.<\/p>\n<\/li>\n<\/ul>\n<p><img decoding=\"async\" src=\"https:\/\/www.hydraulic-cylinders.net\/wp-content\/uploads\/2025\/04\/songte-cylinder-head-with-all-kinds-excavator-models.webp\" alt=\"Ekskavat\u00f6r Uyumluluk G\u00f6rseli\"><\/p>\n<h2>Bom Silindirinin Uygulamalar\u0131<\/h2>\n<ul>\n<li>\n<h3>\u0130n\u015faat Ekipmanlar\u0131<\/h3>\n<p>Ekskavat\u00f6rlerde Bom Silindirleri, kazma, y\u00fckleme ve toprak veya moloz ta\u015f\u0131mada \u00f6nemli bir rol oynar. Sadece kaz\u0131y\u0131 de\u011fil, ayn\u0131 zamanda kald\u0131rma i\u015flerini de kolayla\u015ft\u0131rarak \u015fantiyeler i\u00e7in vazge\u00e7ilmez hale getirirler. Bu silindirlerin sa\u011flad\u0131\u011f\u0131 hassasiyet ve g\u00fc\u00e7, a\u011f\u0131r i\u015flerin verimli bir \u015fekilde ger\u00e7ekle\u015ftirilmesini sa\u011flayarak in\u015faat projelerinin genel verimlili\u011fine katk\u0131da bulunur.<\/p>\n<\/li>\n<li>\n<h3>Tar\u0131m Makinalar\u0131<\/h3>\n<p>\u00d6n y\u00fckleyicilerde Bom Silindirleri, toprak, saman ve di\u011fer malzemeleri toplamak, kald\u0131rmak ve ta\u015f\u0131mak i\u00e7in kullan\u0131l\u0131r. Sa\u011flam tasar\u0131mlar\u0131, tar\u0131m i\u015flerinin getirdi\u011fi zorluklarla ba\u015fa \u00e7\u0131kmalar\u0131n\u0131 sa\u011flayarak onlar\u0131 \u00e7ift\u00e7iler i\u00e7in g\u00fcvenilir bir se\u00e7enek haline getirir. Bu \u00f6zellik, y\u00fcklemeden bo\u015faltmaya kadar \u00e7e\u015fitli tar\u0131msal i\u015flerde verimlili\u011fi art\u0131rarak \u00e7iftliklerde daha iyi kaynak y\u00f6netimine olanak tan\u0131r.<\/p>\n<\/li>\n<li>\n<h3>Ekskavat\u00f6rler<\/h3>\n<p>Ekskavat\u00f6rlerde, Bom Silindiri, kep\u00e7enin topra\u011fa etkili bir \u015fekilde n\u00fcfuz etmesini sa\u011flayarak derin kaz\u0131ya olanak tan\u0131r. Bu i\u015flem, temel kazma veya hendek a\u00e7ma gibi kep\u00e7enin derinli\u011fi ve a\u00e7\u0131s\u0131 \u00fczerinde hassas kontrol gerektiren kaz\u0131 s\u00fcre\u00e7lerinde olmazsa olmazd\u0131r. Bom Silindiri taraf\u0131ndan sa\u011flanan hidrolik g\u00fc\u00e7, kaz\u0131 operasyonlar\u0131n\u0131n genel verimlili\u011fini art\u0131r\u0131r.<\/p>\n<\/li>\n<li>\n<h3>Y\u00fckleyiciler<\/h3>\n<p>\u00d6n y\u00fckleyicilerde, Bom Silindirleri malzemelerin kald\u0131r\u0131lmas\u0131na ve bo\u015falt\u0131lmas\u0131na yard\u0131mc\u0131 olur. Kovan\u0131n y\u00fckse\u011fe kald\u0131r\u0131labilmesi, toprak, \u00e7ak\u0131l veya di\u011fer a\u011f\u0131r y\u00fckler gibi \u00e7e\u015fitli malzemelerin etkili bir \u015fekilde bo\u015falt\u0131lmas\u0131n\u0131 kolayla\u015ft\u0131r\u0131r. Bu i\u015flevsellik, proje zaman \u00e7izelgelerini korumak i\u00e7in h\u0131zl\u0131 malzeme ta\u015f\u0131man\u0131n gerekli oldu\u011fu in\u015faat ve peyzaj alanlar\u0131nda hayati \u00f6nem ta\u015f\u0131r.<\/p>\n<\/li>\n<\/ul>\n<h2>Tasar\u0131m Hususlar\u0131 ve Se\u00e7im Kriterleri<\/h2>\n<ul>\n<li>\n<h3>Y\u00fck Kapasitesi<\/h3>\n<p>Bir Bom Silindiri se\u00e7erken, y\u00fck kapasitesini anlamak \u00e7ok \u00f6nemlidir. Bu, silindirin g\u00fcvenli bir \u015fekilde ne kadar a\u011f\u0131rl\u0131k kald\u0131rabilece\u011fini belirler. Ta\u015f\u0131nacak malzeme t\u00fcrlerini ve makinenin maksimum y\u00fck gereksinimlerini de\u011ferlendirmek \u00e7ok \u00f6nemlidir. Silindirin a\u015f\u0131r\u0131 y\u00fcklenmesi ar\u0131zalara ve g\u00fcvenlik tehlikelerine yol a\u00e7abilir. \u00dcreticiler genellikle optimum performans i\u00e7in uyulmas\u0131 gereken y\u00fck kapasitesi de\u011ferleri sunar.<\/p>\n<\/li>\n<li>\n<h3>M\u00fch\u00fcr B\u00fct\u00fcnl\u00fc\u011f\u00fc<\/h3>\n<p>Hidrolik silindirlerin uzun \u00f6m\u00fcrl\u00fcl\u00fc\u011f\u00fc ve verimlili\u011fi i\u00e7in conta b\u00fct\u00fcnl\u00fc\u011f\u00fc hayati \u00f6nem ta\u015f\u0131r. Y\u00fcksek kaliteli contalar, hidrolik s\u0131v\u0131n\u0131n s\u0131zmas\u0131n\u0131 \u00f6nleyerek hem sorunsuz \u00e7al\u0131\u015fmay\u0131 sa\u011flar hem de i\u00e7 bile\u015fenleri kirleticilerden korur. A\u015f\u0131nm\u0131\u015f contalar performans\u0131n d\u00fc\u015fmesine ve silindirde a\u015f\u0131nman\u0131n artmas\u0131na neden olabilece\u011finden, contalar\u0131n uygun ko\u015fullarda tutulmas\u0131 kritik \u00f6neme sahiptir. Contalar\u0131n iyi durumda oldu\u011fundan emin olmak i\u00e7in d\u00fczenli kontroller yap\u0131lmal\u0131d\u0131r.<\/p>\n<\/li>\n<li>\n<h3>Dayan\u0131kl\u0131l\u0131k<\/h3>\n<p>Dayan\u0131kl\u0131l\u0131k, bir Bom Silindiri se\u00e7erken \u00f6nemli bir husustur. \u00dcretimde kullan\u0131lan malzemeler, \u00e7al\u0131\u015fma ko\u015fullar\u0131ndan kaynaklanan a\u015f\u0131nma ve y\u0131pranmaya dayan\u0131kl\u0131 olmal\u0131d\u0131r. Y\u00fcksek toz seviyeleri veya a\u015f\u0131nd\u0131r\u0131c\u0131 elementler gibi zorlu ortamlara maruz kalan silindirler, bu fakt\u00f6rlere kar\u015f\u0131 geli\u015fmi\u015f diren\u00e7 sunan malzemelerden yap\u0131lmal\u0131d\u0131r. Bu husus, silindirin \u00f6mr\u00fcn\u00fc uzat\u0131r ve s\u0131k s\u0131k de\u011fi\u015ftirme ihtiyac\u0131n\u0131 en aza indirir.<\/p>\n<\/li>\n<li>\n<h3>G\u00fcvenlik \u00d6zellikleri<\/h3>\n<p>G\u00fcvenlik, her hidrolik sistemde en \u00f6nemli unsurdur. Bom Silindirleri, beklenmedik ar\u0131zalar\u0131 \u00f6nleyen g\u00fcvenlik \u00f6zellikleriyle tasarlanmal\u0131d\u0131r. Bu \u00f6zellikler aras\u0131nda, sistem bas\u0131nc\u0131n\u0131 d\u00fczenlemeye ve a\u015f\u0131r\u0131 y\u00fcklenmeyi \u00f6nlemeye yard\u0131mc\u0131 olan bas\u0131n\u00e7 tahliye valfleri de bulunur. Ayr\u0131ca, g\u00fcvenlik \u00f6zelliklerinin do\u011fru \u015fekilde \u00e7al\u0131\u015fmas\u0131n\u0131 sa\u011flamak i\u00e7in do\u011fru kurulum ve bak\u0131m \u00e7ok \u00f6nemlidir. Hidrolik makineleri kullanan operat\u00f6rlerin d\u00fczenli e\u011fitim almalar\u0131 ve g\u00fcvenlik protokollerine uymalar\u0131 \u00f6nerilir.<\/p>\n<\/li>\n<li>\n<h3>Bak\u0131m kolayl\u0131\u011f\u0131<\/h3>\n<p>Bir Bom Silindiri se\u00e7erken bak\u0131m kolayl\u0131\u011f\u0131 da \u00f6nemli bir fakt\u00f6rd\u00fcr. Bile\u015fenler, ya\u011flama ve kontroller de dahil olmak \u00fczere d\u00fczenli bak\u0131m g\u00f6revleri i\u00e7in eri\u015filebilir olmal\u0131d\u0131r. Tasar\u0131m, zamanla a\u015f\u0131nabilecek contalar\u0131n ve di\u011fer par\u00e7alar\u0131n kolayca de\u011fi\u015ftirilmesine olanak sa\u011flamal\u0131d\u0131r. Rutin bak\u0131ma dikkat edilmesi, verimlili\u011fin artmas\u0131na ve onar\u0131mlardan kaynaklanan ar\u0131za s\u00fcrelerinin azalmas\u0131na yol a\u00e7abilir.<\/p>\n<\/li>\n<\/ul>\n<p><img decoding=\"async\" src=\"https:\/\/www.hydraulic-cylinders.net\/wp-content\/uploads\/2025\/04\/songte-oil-pipes-and-spare-parts.webp\" alt=\"Hidrolik Par\u00e7alar G\u00f6rseli\"><\/p>\n<h2>Bom Silindirinin S\u0131zd\u0131rmazl\u0131\u011f\u0131 ve Ya\u011flanmas\u0131<\/h2>\n<p>Bir Bom Silindirinin performans\u0131 b\u00fcy\u00fck \u00f6l\u00e7\u00fcde etkili s\u0131zd\u0131rmazl\u0131k ve ya\u011flamaya ba\u011fl\u0131d\u0131r. Piston contalar\u0131 ve piston kolu contalar\u0131 gibi \u00e7e\u015fitli s\u0131zd\u0131rmazl\u0131k bile\u015fenleri, bas\u0131nc\u0131 korumak ve hidrolik s\u0131v\u0131 s\u0131z\u0131nt\u0131lar\u0131n\u0131 \u00f6nlemek i\u00e7in kullan\u0131l\u0131r. Poli\u00fcretan ve nitril kau\u00e7uk gibi a\u015f\u0131nmaya dayan\u0131kl\u0131 malzemelerden \u00fcretilen contalar dayan\u0131kl\u0131l\u0131k ve g\u00fcvenilirlik sa\u011flar. Silindir g\u00f6vdesinin y\u00fczeyleri ve di\u015fli u\u00e7lar\u0131, a\u015f\u0131nma direncini art\u0131rmak i\u00e7in hassas bir i\u015flemden ge\u00e7irilir. Hidrolik ya\u011f ile d\u00fczenli ya\u011flama, yaln\u0131zca sorunsuz \u00e7al\u0131\u015fmay\u0131 kolayla\u015ft\u0131rmakla kalmay\u0131p ayn\u0131 zamanda i\u00e7 bile\u015fenleri a\u015f\u0131nmaya kar\u015f\u0131 da korudu\u011fu i\u00e7in \u00f6nemlidir. Silindirin \u00f6mr\u00fcn\u00fc uzatmak i\u00e7in \u00e7al\u0131\u015fma ko\u015fullar\u0131na g\u00f6re uygun ya\u011flama aral\u0131klar\u0131 belirlenmelidir.<\/p>\n<h2>D\u00fczenli Muayene ve \u00d6nleyici Bak\u0131m \u00d6nlemleri<\/h2>\n<ul>\n<li>\n<h3>D\u00fczenli Denetimler<\/h3>\n<p>Bom Silindirinin d\u00fczenli kontrollerinin yap\u0131lmas\u0131 kritik \u00f6neme sahiptir. Operat\u00f6rler, \u00e7al\u0131\u015fma s\u0131ras\u0131nda a\u015f\u0131nma, s\u0131z\u0131nt\u0131 ve ola\u011fand\u0131\u015f\u0131 ses belirtilerini kontrol etmelidir. Sorunlar\u0131n erken tespiti, daha sonra daha ciddi sorunlar\u0131n \u00f6nlenmesine yard\u0131mc\u0131 olabilir. Rutin bir kontrol program\u0131 olu\u015fturmak, silindirin performans\u0131n\u0131n korunmas\u0131na ve operasyonel g\u00fcvenli\u011fin sa\u011flanmas\u0131na yard\u0131mc\u0131 olabilir.<\/p>\n<\/li>\n<li>\n<h3>Uygun Ya\u011flama<\/h3>\n<p>Bom Silindirinin sorunsuz \u00e7al\u0131\u015fmas\u0131 i\u00e7in yeterli ya\u011flaman\u0131n sa\u011flanmas\u0131 \u015fartt\u0131r. Operat\u00f6rler, ya\u011flama aral\u0131klar\u0131 ve kullan\u0131lacak hidrolik ya\u011f t\u00fcrleri konusunda \u00fcreticinin tavsiyelerine uymal\u0131d\u0131r. Do\u011fru miktarda ya\u011f\u0131n mevcut olmas\u0131, s\u00fcrt\u00fcnme ve a\u015f\u0131nmay\u0131 en aza indirerek silindirin \u00f6mr\u00fcn\u00fc uzat\u0131r.<\/p>\n<\/li>\n<li>\n<h3>Conta De\u011fi\u015fimi<\/h3>\n<p>Contalar\u0131n d\u00fczenli olarak de\u011fi\u015ftirilmesi, s\u0131z\u0131nt\u0131lar\u0131 \u00f6nlemek ve silindir b\u00fct\u00fcnl\u00fc\u011f\u00fcn\u00fc korumak i\u00e7in hayati \u00f6nem ta\u015f\u0131r. Operat\u00f6rler contalar\u0131n durumunu izlemeli ve ilk a\u015f\u0131nma belirtisinde contalar\u0131 de\u011fi\u015ftirmelidir. Conta bak\u0131m\u0131na proaktif bir yakla\u015f\u0131m, hidrolik s\u0131v\u0131 kayb\u0131n\u0131 \u00f6nleyebilir ve tutarl\u0131 performans sa\u011flayabilir.<\/p>\n<\/li>\n<\/ul>\n<p><img decoding=\"async\" src=\"https:\/\/www.hydraulic-cylinders.net\/wp-content\/uploads\/2025\/04\/songte-chushion-collar.webp\" alt=\"Yast\u0131k Yaka G\u00f6rseli\"><\/p>\n<h2>G\u00fcvenlik Hususlar\u0131 ve \u00c7evresel Fakt\u00f6rler<\/h2>\n<p>Hidrolik silindirler kullan\u0131l\u0131rken g\u00fcvenlik \u00f6nlemleri son derece \u00f6nemlidir. Operat\u00f6rler, y\u00fcksek bas\u0131n\u00e7l\u0131 s\u0131v\u0131 s\u0131z\u0131nt\u0131lar\u0131 da dahil olmak \u00fczere hidrolik sistemlerle ili\u015fkili potansiyel tehlikeler konusunda iyi bilgilendirilmelidir. Uygun e\u011fitim ve g\u00fcvenlik protokollerine uyum, bu riskleri azaltmaya yard\u0131mc\u0131 olabilir. Ayr\u0131ca, Bom Silindiri i\u00e7in malzeme ve conta se\u00e7erken a\u015f\u0131r\u0131 s\u0131cakl\u0131klara ve a\u015f\u0131nd\u0131r\u0131c\u0131 maddelere maruz kalma gibi \u00e7evresel fakt\u00f6rler de dikkate al\u0131nmal\u0131d\u0131r. Bile\u015fenin \u00f6zel \u00e7al\u0131\u015fma ortam\u0131na uygun olarak tasarland\u0131\u011f\u0131ndan emin olmak, g\u00fcvenli\u011fi ve i\u015flevselli\u011fi art\u0131r\u0131r.<\/p>\n<h2>Ar\u0131za Te\u015fhisi ve Yayg\u0131n Sorunlar<\/h2>\n<ul>\n<li>\n<h3>S\u0131z\u0131nt\u0131 Sorunlar\u0131<\/h3>\n<p>Hidrolik silindirlerde en s\u0131k kar\u015f\u0131la\u015f\u0131lan sorunlardan biri s\u0131z\u0131nt\u0131d\u0131r. Bu, a\u015f\u0131nm\u0131\u015f contalardan veya silindirin hasar g\u00f6rmesinden kaynaklanabilir. Operat\u00f6rler, s\u0131v\u0131 kayb\u0131n\u0131 s\u0131k s\u0131k kontrol etmeli ve contalar\u0131 a\u015f\u0131nma belirtileri a\u00e7\u0131s\u0131ndan incelemelidir. S\u0131z\u0131nt\u0131lar\u0131n zaman\u0131nda giderilmesi, daha fazla hasar\u0131 \u00f6nleyebilir ve sistem verimlili\u011fini koruyabilir.<\/p>\n<\/li>\n<li>\n<h3>Azalt\u0131lm\u0131\u015f Performans<\/h3>\n<p>Bir Bom Silindiri beklendi\u011fi gibi tepki vermiyorsa, bu durum d\u00fc\u015f\u00fck hidrolik s\u0131v\u0131 seviyeleri veya dahili s\u0131z\u0131nt\u0131lar gibi sorunlara i\u015faret ediyor olabilir. Operat\u00f6rler hidrolik s\u0131v\u0131 seviyelerini d\u00fczenli olarak kontrol etmeli ve sistemde s\u0131z\u0131nt\u0131 belirtileri aramal\u0131d\u0131r. Hidrolik s\u0131v\u0131n\u0131n temiz ve uygun seviyede oldu\u011fundan emin olmak, optimum performans i\u00e7in \u00e7ok \u00f6nemlidir.<\/p>\n<\/li>\n<li>\n<h3>Garip Sesler<\/h3>\n<p>\u00c7al\u0131\u015fma s\u0131ras\u0131nda duyulan al\u0131\u015f\u0131lmad\u0131k sesler, Bom Silindiri i\u00e7indeki mekanik sorunlara i\u015faret edebilir. Operat\u00f6rler, bile\u015fenlerin hizas\u0131z oldu\u011funu veya ya\u011flanmas\u0131 gerekti\u011fini g\u00f6sterebilece\u011finden, s\u00fcrt\u00fcnme veya g\u0131c\u0131rt\u0131 seslerini incelemelidir. Bu t\u00fcr seslere derhal m\u00fcdahale edilmesi, daha fazla mekanik ar\u0131zan\u0131n \u00f6nlenmesine yard\u0131mc\u0131 olabilir.<\/p>\n<\/li>\n<\/ul>\n<p>Operat\u00f6rler bu te\u015fhis y\u00f6nergelerini izleyerek sorunlar\u0131 etkili bir \u015fekilde belirleyebilir ve d\u00fczeltici \u00f6nlemler alabilir, b\u00f6ylece Bom Silindirlerinin g\u00fcvenilir bir \u015fekilde \u00e7al\u0131\u015fmaya devam etmesini sa\u011flayabilirler.<\/p>\n<p><img decoding=\"async\" src=\"https:\/\/www.hydraulic-cylinders.net\/wp-content\/uploads\/2025\/04\/songte-bushings-with-all-kinds-of-excavator-models.webp\" alt=\"Bur\u00e7lar G\u00f6r\u00fcnt\u00fcs\u00fc\"><\/p>\n<h2>\u00c7\u00f6z\u00fcm<\/h2>\n<p>Hem yurt i\u00e7i hem de yurt d\u0131\u015f\u0131 pazarlar\u0131n ihtiya\u00e7lar\u0131n\u0131 kar\u015f\u0131layan geni\u015f bir \u00fcr\u00fcn yelpazesine sahip, lider bir hidrolik silindir \u00fcreticisiyiz. M\u00fckemmel kaliteye olan ba\u011fl\u0131l\u0131\u011f\u0131m\u0131z, geli\u015fmi\u015f \u00fcretim uygulamalar\u0131m\u0131z ve \u00fcretim y\u00f6netimine y\u00f6nelik stratejik yakla\u015f\u0131m\u0131m\u0131zla desteklenmektedir. Y\u00fcksek verimlilik, hassasiyet ve kaliteye odaklanarak, m\u00fc\u015fterilerimizin \u00e7e\u015fitli taleplerini kar\u015f\u0131lamay\u0131 hedefliyoruz. Sertifikalar\u0131m\u0131z ve \u00f6zel hizmetlerimiz, profesyonel standartlara olan ba\u011fl\u0131l\u0131\u011f\u0131m\u0131z\u0131 yans\u0131t\u0131rken, geli\u015fmi\u015f \u00fcretim ekipmanlar\u0131m\u0131z da sekt\u00f6r\u00fcn \u00f6n saflar\u0131nda yer almam\u0131z\u0131 sa\u011fl\u0131yor. Ayr\u0131ca, m\u00fc\u015fteri memnuniyetini sa\u011flamak i\u00e7in kapsaml\u0131 sat\u0131\u015f sonras\u0131 destek de sa\u011fl\u0131yoruz.<\/p>\n<p><img decoding=\"async\" src=\"https:\/\/www.hydraulic-cylinders.net\/wp-content\/uploads\/2025\/04\/songte-company-4.webp\" alt=\"\u015eirket \u0130maj\u0131\"><br \/>\n<img decoding=\"async\" src=\"https:\/\/www.hydraulic-cylinders.net\/wp-content\/uploads\/2025\/04\/songte-company-3.webp\" alt=\"\u015eirket \u0130maj\u0131\"><\/p>\n<p>Yazar: lyl<\/p>","protected":false},"excerpt":{"rendered":"<p>Boom Cylinder For Yanmar VI35-5B Introduction to Boom Cylinder The Boom Cylinder is an essential hydraulic component designed specifically for heavy machinery. In particular, this type of cylinder is used to control the movement of buckets in various equipment, including excavators, backhoe loaders, and front-end loaders. Its primary function is to enable the bucket to [&hellip;]<\/p>","protected":false},"featured_media":17868,"comment_status":"open","ping_status":"closed","template":"","meta":{"_et_pb_use_builder":"","_et_pb_old_content":"","_et_gb_content_width":""},"product_brand":[],"product_cat":[1546],"product_tag":[1547,1496],"class_list":{"0":"post-19560","1":"product","2":"type-product","3":"status-publish","4":"has-post-thumbnail","6":"product_cat-boom-cylinders","7":"product_tag-boom-cylinders","8":"product_tag-hydraulic-cylinders","10":"first","11":"instock","12":"shipping-taxable","13":"product-type-simple"},"amp_enabled":true,"_links":{"self":[{"href":"https:\/\/www.hydraulic-cylinders.net\/tr\/wp-json\/wp\/v2\/product\/19560","targetHints":{"allow":["GET"]}}],"collection":[{"href":"https:\/\/www.hydraulic-cylinders.net\/tr\/wp-json\/wp\/v2\/product"}],"about":[{"href":"https:\/\/www.hydraulic-cylinders.net\/tr\/wp-json\/wp\/v2\/types\/product"}],"replies":[{"embeddable":true,"href":"https:\/\/www.hydraulic-cylinders.net\/tr\/wp-json\/wp\/v2\/comments?post=19560"}],"wp:featuredmedia":[{"embeddable":true,"href":"https:\/\/www.hydraulic-cylinders.net\/tr\/wp-json\/wp\/v2\/media\/17868"}],"wp:attachment":[{"href":"https:\/\/www.hydraulic-cylinders.net\/tr\/wp-json\/wp\/v2\/media?parent=19560"}],"wp:term":[{"taxonomy":"product_brand","embeddable":true,"href":"https:\/\/www.hydraulic-cylinders.net\/tr\/wp-json\/wp\/v2\/product_brand?post=19560"},{"taxonomy":"product_cat","embeddable":true,"href":"https:\/\/www.hydraulic-cylinders.net\/tr\/wp-json\/wp\/v2\/product_cat?post=19560"},{"taxonomy":"product_tag","embeddable":true,"href":"https:\/\/www.hydraulic-cylinders.net\/tr\/wp-json\/wp\/v2\/product_tag?post=19560"}],"curies":[{"name":"wp","href":"https:\/\/api.w.org\/{rel}","templated":true}]}}