{"id":19561,"date":"2025-04-07T06:54:31","date_gmt":"2025-04-07T06:54:31","guid":{"rendered":"https:\/\/www.hydraulic-cylinders.net\/product\/boom-cylinder-for-yanmar-v55-6\/"},"modified":"2025-04-07T06:54:37","modified_gmt":"2025-04-07T06:54:37","slug":"boom-cylinder-for-yanmar-v55-6","status":"publish","type":"product","link":"https:\/\/www.hydraulic-cylinders.net\/tr\/urun\/boom-cylinder-for-yanmar-v55-6\/","title":{"rendered":"Yanmar V55-6 i\u00e7in Bom Silindiri"},"content":{"rendered":"<h1>Yanmar V55-6 i\u00e7in Bom Silindiri<\/h1>\n<h2>Bom Silindirine Giri\u015f<\/h2>\n<p>Bom Silindiri, ekskavat\u00f6rler, beko-loderler ve \u00f6n y\u00fckleyiciler gibi makineler i\u00e7in \u00f6zel olarak tasarlanm\u0131\u015f, a\u011f\u0131r makinelerde hayati bir bile\u015fendir. Kep\u00e7enin hareketini kontrol etmede \u00f6nemli bir rol oynar ve kald\u0131rma, indirme ve yat\u0131rma i\u015flemlerini sa\u011flar. Bu i\u015flevsellik, in\u015faat ve tar\u0131m i\u015fleri de dahil olmak \u00fczere \u00e7e\u015fitli uygulamalarda verimli malzeme ta\u015f\u0131ma g\u00f6revleri i\u00e7in olmazsa olmazd\u0131r.<\/p>\n<p><img decoding=\"async\" src=\"https:\/\/www.hydraulic-cylinders.net\/wp-content\/uploads\/2025\/04\/songte-company-1.webp\" alt=\"Yanmar V55-6 i\u00e7in Bom Silindiri\" \/><\/p>\n<h3>Tan\u0131m ve Genel Bak\u0131\u015f<\/h3>\n<p>Kova silindiri olarak da bilinen bom silindiri, \u00f6zellikle a\u011f\u0131r makine kovalar\u0131n\u0131n hareketlerini kontrol etmek i\u00e7in kullan\u0131lan bir hidrolik silindir t\u00fcr\u00fcd\u00fcr. Hidrolik sistemlerde kritik \u00f6neme sahiptir ve hidrolik enerjiyi mekanik enerjiye d\u00f6n\u00fc\u015ft\u00fcrerek \u00e7e\u015fitli hareketler sa\u011flar. Bom silindiri, operat\u00f6rlerin kovan\u0131n konumunu hassas bir \u015fekilde kontrol etmelerini sa\u011flayarak, malzemeleri kald\u0131rma ve ta\u015f\u0131mada do\u011fruluk ve verimlilik sa\u011flar.<\/p>\n<h2>Bom Silindirinin \u00d6zellikleri<\/h2>\n<ul>\n<li><strong>Y\u00fcksek Dayan\u0131kl\u0131l\u0131k ve Dayan\u0131kl\u0131l\u0131k:<\/strong> Y\u00fcksek mukavemetli \u00e7elik veya al\u00fcminyumdan \u00fcretilen bu \u00fcr\u00fcn, y\u00fcksek bas\u0131n\u00e7 ve a\u011f\u0131r y\u00fcklere dayan\u0131kl\u0131d\u0131r. Tasar\u0131m\u0131, a\u015f\u0131nma ve korozyon direncini g\u00f6z \u00f6n\u00fcnde bulundurarak \u00f6mr\u00fcn\u00fc \u00f6nemli \u00f6l\u00e7\u00fcde uzat\u0131r.<\/li>\n<li><strong>Verimli Hidrolik \u00c7al\u0131\u015fma:<\/strong> P\u00fcr\u00fczs\u00fcz uzatma ve geri \u00e7ekme i\u00e7in hidrolik ya\u011f bas\u0131nc\u0131n\u0131 kullan\u0131r, kontrol komutlar\u0131na h\u0131zl\u0131 tepki verir ve g\u00fc\u00e7l\u00fc itme-\u00e7ekme kuvveti sa\u011flar, a\u011f\u0131r nesneleri ve karma\u015f\u0131k g\u00f6revleri ta\u015f\u0131mak i\u00e7in idealdir.<\/li>\n<li><strong>T\u00fcr \u00c7e\u015fitlili\u011fi:<\/strong> Farkl\u0131 operasyonel ihtiya\u00e7lar\u0131 kar\u015f\u0131lamak i\u00e7in tek etkili (tek y\u00f6nde hidrolik kullan\u0131lan) veya \u00e7ift etkili (her iki y\u00f6nde hidrolik kullan\u0131lan) konfig\u00fcrasyonlarda mevcuttur. Baz\u0131 modeller, d\u0131\u015f boyutlar\u0131 art\u0131rmadan daha fazla uzatma sa\u011flayan teleskopik tasar\u0131mlara sahiptir ve alan k\u0131s\u0131tlamas\u0131 olan uygulamalar i\u00e7in uygundur.<\/li>\n<\/ul>\n<h3>\u00dcretim Yeteneklerimiz<\/h3>\n<p>Bu \u00fcr\u00fcn\u00fcn \u00fcretiminde uzmanla\u015f\u0131yoruz ve silindirlerimizin mevcut hidrolik silindirlerin yerini m\u00fckemmel \u015fekilde alabilmesini sa\u011fl\u0131yoruz.<\/p>\n<p><img decoding=\"async\" src=\"https:\/\/www.hydraulic-cylinders.net\/wp-content\/uploads\/2025\/04\/songte-cylinder-head-with-all-kinds-excavator-models.webp\" alt=\"Ekskavat\u00f6rler i\u00e7in Hidrolik Silindir\" \/><\/p>\n<h2>Bom Silindirinin Uygulamalar\u0131<\/h2>\n<h3>\u0130n\u015faat Ekipmanlar\u0131<\/h3>\n<p>Ekskavat\u00f6rlerde bom silindirleri, kazma, y\u00fckleme ve toprak veya moloz ta\u015f\u0131ma i\u00e7in olmazsa olmazd\u0131r. Hassas kazma i\u015flemlerine olanak sa\u011flayarak operat\u00f6r\u00fcn gerekli malzemeleri verimli bir \u015fekilde kazmas\u0131n\u0131 sa\u011flar. Beko-loderlerde ise bom silindiri hem kazma hem de kald\u0131rma i\u015flemlerine yard\u0131mc\u0131 olarak in\u015faat i\u015flerinin vazge\u00e7ilmez bir par\u00e7as\u0131d\u0131r.<\/p>\n<h3>Tar\u0131m Makinalar\u0131<\/h3>\n<p>\u00d6n y\u00fckleyicilerde bom silindirleri, toprak, saman ve di\u011fer malzemelerin kep\u00e7elenmesine, kald\u0131r\u0131lmas\u0131na ve ta\u015f\u0131nmas\u0131na yard\u0131mc\u0131 olur. Bu uygulamalar, a\u011f\u0131r y\u00fcklerin kolay ve hassas bir \u015fekilde ta\u015f\u0131nmas\u0131n\u0131 sa\u011flayarak verimli \u00e7iftlik operasyonlar\u0131 i\u00e7in hayati \u00f6nem ta\u015f\u0131r.<\/p>\n<h3>Ekskavat\u00f6rler<\/h3>\n<p>Ekskavat\u00f6rlerde bom silindiri, kep\u00e7enin topra\u011fa n\u00fcfuz etmesini sa\u011flayarak kazma i\u015flemini kolayla\u015ft\u0131r\u0131r. Sa\u011flam tasar\u0131m\u0131, sert zemine n\u00fcfuz etmeyle ili\u015fkili gerilimleri kar\u015f\u0131layabilmesini sa\u011flayarak, toprak hareketlerinde kritik bir bile\u015fen haline getirir.<\/p>\n<h3>Y\u00fckleyiciler<\/h3>\n<p>\u00d6n y\u00fckleyicilerde bom silindirleri, y\u00fcklerin etkili bir \u015fekilde kald\u0131r\u0131lmas\u0131na ve bo\u015falt\u0131lmas\u0131na yard\u0131mc\u0131 olur. G\u00fc\u00e7l\u00fc kald\u0131rma kabiliyetleri, operat\u00f6rlerin malzeme ta\u015f\u0131mas\u0131n\u0131 verimli bir \u015fekilde y\u00f6netebilmelerini sa\u011flayarak \u015fantiyedeki \u00fcretkenli\u011fi art\u0131r\u0131r.<\/p>\n<h2>Tasar\u0131m Hususlar\u0131 ve Se\u00e7im Kriterleri<\/h2>\n<h3>Y\u00fck Kapasitesi<\/h3>\n<p>Bom silindirinin y\u00fck kapasitesi, tasar\u0131m\u0131nda kritik bir fakt\u00f6rd\u00fcr. \u00c7al\u0131\u015fma s\u0131ras\u0131nda kar\u015f\u0131la\u015faca\u011f\u0131 maksimum a\u011f\u0131rl\u0131\u011f\u0131 kald\u0131rabilmelidir. \u00dcreticiler, genellikle g\u00fcvenlik ve g\u00fcvenilirli\u011fi sa\u011flamak i\u00e7in zorlu testlere dayal\u0131 y\u00fck kapasitesi derecelendirmeleri sunar. A\u011f\u0131r operasyonlar s\u0131ras\u0131nda olas\u0131 ar\u0131zalar\u0131 \u00f6nlemek i\u00e7in uygun y\u00fck kapasitesinin se\u00e7ilmesi \u00e7ok \u00f6nemlidir.<\/p>\n<h3>S\u0131zd\u0131rmazl\u0131k Mekanizmalar\u0131<\/h3>\n<p>Hidrolik sistemin b\u00fct\u00fcnl\u00fc\u011f\u00fcn\u00fcn korunmas\u0131 i\u00e7in etkili s\u0131zd\u0131rmazl\u0131k esast\u0131r. Piston ve piston kolu contalar\u0131 gibi conta se\u00e7imi, silindirin \u00e7al\u0131\u015fma verimlili\u011fini ve \u00f6mr\u00fcn\u00fc etkiler. Poli\u00fcretan veya nitril kau\u00e7uk gibi y\u00fcksek kaliteli malzemelerden \u00fcretilen contalar, a\u015f\u0131nmay\u0131 en aza indirir ve s\u0131z\u0131nt\u0131lar\u0131 \u00f6nleyerek optimum performans sa\u011flar. A\u015f\u0131nma belirtilerini erken tespit etmek i\u00e7in contalar\u0131n d\u00fczenli olarak kontrol edilmesi gerekir; bu da uzun vadede onar\u0131m maliyetlerinden tasarruf sa\u011flayabilir.<\/p>\n<h3>Dayan\u0131kl\u0131l\u0131k<\/h3>\n<p>Bom silindirleri tasarlan\u0131rken dayan\u0131kl\u0131l\u0131k \u00f6nemli bir husustur. A\u015f\u0131r\u0131 s\u0131cakl\u0131klar, nem ve kimyasallara maruz kalma gibi zorlu \u00e7evre ko\u015fullar\u0131na dayan\u0131kl\u0131 olmal\u0131d\u0131rlar. Malzemeler ve kaplamalar, korozyon ve a\u015f\u0131nmaya kar\u015f\u0131 diren\u00e7leri g\u00f6z \u00f6n\u00fcnde bulundurularak \u00f6zel olarak se\u00e7ilir. Dayan\u0131kl\u0131 bir tasar\u0131m, silindirin \u00f6mr\u00fcn\u00fc uzatman\u0131n yan\u0131 s\u0131ra bak\u0131m veya de\u011fi\u015ftirme ihtiya\u00e7lar\u0131ndan kaynaklanan ar\u0131za s\u00fcrelerini de azalt\u0131r.<\/p>\n<h3>G\u00fcvenlik \u00d6zellikleri<\/h3>\n<p>Hidrolik silindir tasar\u0131m\u0131nda g\u00fcvenlik en \u00f6nemli unsurdur. A\u015f\u0131r\u0131 y\u00fck korumas\u0131 ve bas\u0131n\u00e7 tahliye valfleri gibi \u00f6zellikler, beklenmedik ar\u0131zalara kar\u015f\u0131 koruma sa\u011flar. Bu g\u00fcvenlik \u00f6nlemleri, operat\u00f6rlerin g\u00fcvenle \u00e7al\u0131\u015fmas\u0131n\u0131 sa\u011flayarak i\u015f sahas\u0131nda kaza ve yaralanma riskini azalt\u0131r.<\/p>\n<h3>Bak\u0131m Kolayl\u0131\u011f\u0131<\/h3>\n<p>Uzun s\u00fcreli kullan\u0131m ve verimlilik i\u00e7in bom silindirlerinin kolay bak\u0131m ve onar\u0131m i\u00e7in tasarlanmas\u0131 \u00e7ok \u00f6nemlidir. Eri\u015filebilir bile\u015fenlerin ve net servis y\u00f6nergelerinin bir araya getirilmesi, daha h\u0131zl\u0131 onar\u0131mlara olanak tan\u0131yarak ar\u0131za s\u00fcresini en aza indirir. \u00dcreticiler, silindiri tasarlarken son kullan\u0131c\u0131n\u0131n bak\u0131m kapasitesini g\u00f6z \u00f6n\u00fcnde bulundurmal\u0131 ve \u00f6zel aletler veya e\u011fitim gerektirmeden etkili bir \u015fekilde bak\u0131m\u0131n\u0131n yap\u0131labilmesini sa\u011flamal\u0131d\u0131r.<\/p>\n<p><img decoding=\"async\" src=\"https:\/\/www.hydraulic-cylinders.net\/wp-content\/uploads\/2025\/04\/songte-oil-pipes-and-spare-parts.webp\" alt=\"Hidrolik Silindir Par\u00e7alar\u0131\" \/><\/p>\n<h2>S\u0131zd\u0131rmazl\u0131k ve Ya\u011flama<\/h2>\n<p>Bom silindirlerinin performans\u0131n\u0131 korumak i\u00e7in etkili s\u0131zd\u0131rmazl\u0131k ve ya\u011flama olmazsa olmazd\u0131r. Piston ke\u00e7eleri ve piston kolu ke\u00e7eleri gibi \u00e7e\u015fitli s\u0131zd\u0131rmazl\u0131k elemanlar\u0131, hidrolik s\u0131v\u0131 s\u0131z\u0131nt\u0131s\u0131n\u0131 \u00f6nlemede kritik \u00f6neme sahiptir. Poli\u00fcretan ve nitril kau\u00e7uk gibi m\u00fckemmel a\u015f\u0131nma direnci sa\u011flayan dayan\u0131kl\u0131 malzemelerden yap\u0131lm\u0131\u015f ke\u00e7elerin se\u00e7ilmesi \u00e7ok \u00f6nemlidir. Silindir g\u00f6vdesi ve di\u015fli u\u00e7lar\u0131, dayan\u0131kl\u0131l\u0131\u011f\u0131 ve a\u015f\u0131nma direncini art\u0131rmak i\u00e7in hassas bir \u015fekilde i\u015flenmi\u015ftir. Silindirin sorunsuz \u00e7al\u0131\u015fmas\u0131n\u0131 sa\u011flamak ve erken a\u015f\u0131nma ve ar\u0131zaya yol a\u00e7abilen s\u00fcrt\u00fcnmeyi en aza indirmek i\u00e7in uygun hidrolik ya\u011f ile d\u00fczenli ya\u011flama gereklidir.<\/p>\n<h2>\u00d6nleyici Bak\u0131m \u00d6nlemleri<\/h2>\n<ul>\n<li><strong>D\u00fczenli Denetimler:<\/strong> Hidrolik sistemde rutin kontroller yapmak, a\u015f\u0131nma veya hasar belirtilerinin erken tespit edilmesine yard\u0131mc\u0131 olabilir. S\u0131z\u0131nt\u0131lar\u0131, stres noktalar\u0131n\u0131 ve genel i\u015flevselli\u011fi kontrol edin.<\/li>\n<li><strong>Uygun Ya\u011flama:<\/strong> A\u015f\u0131nmay\u0131 azaltmak ve silindir \u00f6mr\u00fcn\u00fc uzatmak i\u00e7in yeterli ya\u011flama seviyelerinin korunmas\u0131 \u00e7ok \u00f6nemlidir. Uygun hidrolik ya\u011f\u0131n kullan\u0131ld\u0131\u011f\u0131ndan ve seviyelerinin d\u00fczenli olarak kontrol edildi\u011finden emin olun.<\/li>\n<li><strong>Conta De\u011fi\u015fimi:<\/strong> S\u0131z\u0131nt\u0131lar\u0131 \u00f6nlemek ve sistem verimlili\u011fini korumak i\u00e7in contalar\u0131 d\u00fczenli olarak a\u015f\u0131nma belirtileri a\u00e7\u0131s\u0131ndan inceleyin ve derhal de\u011fi\u015ftirin.<\/li>\n<\/ul>\n<h2>Kurulum Talimatlar\u0131<\/h2>\n<p>Optimum performans i\u00e7in bom silindirinin do\u011fru montaj\u0131 \u00e7ok \u00f6nemlidir. \u00d6ncelikle silindirin montaj braketleriyle do\u011fru hizaland\u0131\u011f\u0131ndan emin olun. Silindiri yerine sabitlemek i\u00e7in uygun montaj destekleri kullan\u0131n. Tork ayarlar\u0131 ve hizalama toleranslar\u0131 i\u00e7in \u00fcreticinin talimatlar\u0131na uymak \u00f6nemlidir. Montajdan sonra, s\u0131z\u0131nt\u0131 olmad\u0131\u011f\u0131ndan emin olmak i\u00e7in hidrolik ba\u011flant\u0131lar\u0131 kontrol edin. Montajdan sonra, d\u00fczg\u00fcn \u00e7al\u0131\u015ft\u0131\u011f\u0131n\u0131 do\u011frulamak ve olas\u0131 sorunlar\u0131 erken tespit etmek i\u00e7in sistemi t\u00fcm hareket aral\u0131\u011f\u0131nda \u00e7al\u0131\u015ft\u0131rman\u0131z \u00f6nerilir.<\/p>\n<h2>Yayg\u0131n Bak\u0131m G\u00f6revleri<\/h2>\n<ul>\n<li><strong>D\u00fczenli Denetimler:<\/strong> Rutin kontroller yapmak, olas\u0131 sorunlar\u0131 daha da b\u00fcy\u00fcmeden tespit etmenizi sa\u011flar. Silindirde ve \u00e7evresindeki bile\u015fenlerde a\u015f\u0131nma, s\u0131z\u0131nt\u0131 veya yorgunluk belirtileri aray\u0131n.<\/li>\n<li><strong>Uygun Ya\u011flama:<\/strong> S\u00fcrt\u00fcnme ve a\u015f\u0131nmay\u0131 azaltmak i\u00e7in d\u00fczenli ya\u011flama \u015fartt\u0131r. Do\u011fru tip ve miktarda hidrolik ya\u011f kullan\u0131ld\u0131\u011f\u0131ndan emin olun ve ya\u011flama s\u0131kl\u0131\u011f\u0131 konusunda \u00fcreticinin talimatlar\u0131na uyun.<\/li>\n<li><strong>Conta De\u011fi\u015fimi ve Kalibrasyon Kontrolleri:<\/strong> Contalar\u0131 d\u00fczenli olarak a\u015f\u0131nma a\u00e7\u0131s\u0131ndan kontrol edin ve gerekti\u011finde de\u011fi\u015ftirin. Kalibrasyon kontrolleri, silindirin belirtilen parametreler dahilinde \u00e7al\u0131\u015fmas\u0131n\u0131 sa\u011flayarak sistem verimlili\u011fini ve g\u00fcvenli\u011fini korur.<\/li>\n<\/ul>\n<p>Bom silindirinin uzun \u00f6m\u00fcrl\u00fc ve verimli olmas\u0131 i\u00e7in do\u011fru montaj, ya\u011flama ve ayarlama hayati \u00f6nem ta\u015f\u0131r. Montaj s\u0131ras\u0131nda, silindirin do\u011fru hizaland\u0131\u011f\u0131ndan ve uygun destekler kullan\u0131larak g\u00fcvenli bir \u015fekilde monte edildi\u011finden emin olun. Bile\u015fenlerin kontrol\u00fc, onar\u0131m\u0131 ve de\u011fi\u015ftirilmesi i\u00e7in \u00f6nerilen uygulamalara harfiyen uyulmal\u0131d\u0131r. Bu stratejilerin uygulanmas\u0131, bom silindirinin \u00f6mr\u00fcn\u00fc ve performans\u0131n\u0131 art\u0131racakt\u0131r.<\/p>\n<p><img decoding=\"async\" src=\"https:\/\/www.hydraulic-cylinders.net\/wp-content\/uploads\/2025\/04\/songte-chushion-collar.webp\" alt=\"Hidrolik Silindirler i\u00e7in Yast\u0131k Yaka\" \/><\/p>\n<h2>G\u00fcvenlik Hususlar\u0131 ve \u00c7evresel Fakt\u00f6rler<\/h2>\n<p>Bom silindirleri kullan\u0131l\u0131rken g\u00fcvenlik \u00f6nlemlerinin uygulanmas\u0131 son derece \u00f6nemlidir. Operat\u00f6rler, kaza riskini en aza indirmek i\u00e7in g\u00fcvenli \u00e7al\u0131\u015fma uygulamalar\u0131 konusunda e\u011fitilmelidir. Ayr\u0131ca, s\u0131cakl\u0131k dalgalanmalar\u0131 ve tehlikeli maddelere maruz kalma gibi hidrolik silindirlerin i\u015flevselli\u011fini etkileyebilecek \u00e7evresel fakt\u00f6rlerin anla\u015f\u0131lmas\u0131 hayati \u00f6nem ta\u015f\u0131r. D\u00fczenli g\u00fcvenlik denetimleri, potansiyel risklerin belirlenmesine ve g\u00fcvenlik y\u00f6netmeliklerine uyumun sa\u011flanmas\u0131na yard\u0131mc\u0131 olabilir.<\/p>\n<h2>Ar\u0131za Te\u015fhisi ve Yayg\u0131n Sorunlar<\/h2>\n<ul>\n<li><strong>Hidrolik S\u0131z\u0131nt\u0131lar:<\/strong> A\u015f\u0131nm\u0131\u015f contalar veya hasarl\u0131 bile\u015fenler nedeniyle s\u0131z\u0131nt\u0131lar meydana gelebilir. D\u00fczenli kontroller ve zaman\u0131nda de\u011fi\u015ftirmeler bu sorunu azaltabilir.<\/li>\n<li><strong>Yava\u015f \u00c7al\u0131\u015fma:<\/strong> Silindir yava\u015f \u00e7al\u0131\u015f\u0131yorsa, bu durum d\u00fc\u015f\u00fck hidrolik s\u0131v\u0131s\u0131 seviyelerinin veya kirlenmenin bir g\u00f6stergesi olabilir. D\u00fczenli bak\u0131m ve s\u0131v\u0131 kontrolleri \u015fartt\u0131r.<\/li>\n<li><strong>Al\u0131\u015f\u0131lmad\u0131k Sesler:<\/strong> \u00c7al\u0131\u015fma s\u0131ras\u0131nda duyulan sesler, mekanik a\u015f\u0131nma veya hidrolik sistemde hava oldu\u011funu g\u00f6sterebilir. Bu sorunlar\u0131n zaman\u0131nda tespit edilip giderilmesi, daha fazla hasar\u0131n \u00f6nlenmesine yard\u0131mc\u0131 olabilir.<\/li>\n<\/ul>\n<h2>Sorun Giderme \u0130pu\u00e7lar\u0131 ve \u00c7\u00f6z\u00fcmleri<\/h2>\n<p>Bom silindirlerindeki sorunlar\u0131 etkili bir \u015fekilde te\u015fhis etmek ve \u00e7\u00f6zmek i\u00e7in operat\u00f6rler belirli ad\u0131mlar\u0131 izlemelidir. Hidrolik s\u0131v\u0131 seviyelerini kontrol ederek ve s\u0131z\u0131nt\u0131 olup olmad\u0131\u011f\u0131n\u0131 inceleyerek ba\u015flay\u0131n. Yava\u015f \u00e7al\u0131\u015fma g\u00f6zlemlenirse, sistemi kirlenme a\u00e7\u0131s\u0131ndan de\u011ferlendirin ve gerekirse s\u0131v\u0131lar\u0131 de\u011fi\u015ftirin. Ola\u011fand\u0131\u015f\u0131 sesler, contalar ve mekanik bile\u015fenlerde a\u015f\u0131nma veya hasar olup olmad\u0131\u011f\u0131n\u0131 kontrol ederek ara\u015ft\u0131r\u0131lmal\u0131d\u0131r. Rutin bak\u0131m ve i\u015fletme y\u00f6nergelerine uyma gibi \u00f6nleyici tedbirlerin uygulanmas\u0131, bu sorunlar\u0131n olu\u015fumunu \u00f6nemli \u00f6l\u00e7\u00fcde azaltabilir.<\/p>\n<p><img decoding=\"async\" src=\"https:\/\/www.hydraulic-cylinders.net\/wp-content\/uploads\/2025\/04\/songte-bushings-with-all-kinds-of-excavator-models.webp\" alt=\"Hidrolik Silindirler i\u00e7in Bur\u00e7lar\" \/><\/p>\n<h2>\u015eirket Genel Bak\u0131\u015f\u0131<\/h2>\n<p>Geni\u015f bir \u00fcr\u00fcn yelpazesinde uzmanla\u015fm\u0131\u015f, lider bir yedek hidrolik silindir \u00fcreticisiyiz. \u015eirketimiz, hidrolik silindir \u00fcretimi ve toptan da\u011f\u0131t\u0131m\u0131nda yurt i\u00e7i ve yurt d\u0131\u015f\u0131 pazarlarda kilit bir oyuncu olarak kendini kan\u0131tlam\u0131\u015ft\u0131r. Kalitede m\u00fckemmelli\u011fe ba\u011fl\u0131 kal\u0131yor ve geli\u015fmi\u015f \u00fcretim y\u00f6netimi stratejilerinden yararlan\u0131yoruz. Hassas \u00fcretim, geli\u015fmi\u015f dijital ekipmanlar ve profesyonel test sistemlerine odaklanarak \u00fcretim kapasitemizi s\u00fcrekli geli\u015ftiriyoruz. G\u00fc\u00e7l\u00fc kapasitemiz, m\u00fc\u015fterilerimizin \u00e7e\u015fitli ihtiya\u00e7lar\u0131n\u0131 y\u00fcksek verimlilik, do\u011fruluk ve kaliteyle kar\u015f\u0131lamam\u0131z\u0131 sa\u011fl\u0131yor.<\/p>\n<p><img decoding=\"async\" src=\"https:\/\/www.hydraulic-cylinders.net\/wp-content\/uploads\/2025\/04\/songte-company-4.webp\" alt=\"\u015eirket Genel Bak\u0131\u015f\u0131 1\" \/><br \/>\n<img decoding=\"async\" src=\"https:\/\/www.hydraulic-cylinders.net\/wp-content\/uploads\/2025\/04\/songte-company-3.webp\" alt=\"\u015eirket Genel Bak\u0131\u015f\u0131 2\" \/><\/p>\n<h2>\u00c7\u00f6z\u00fcm<\/h2>\n<p>Profesyonel hizmete olan ba\u011fl\u0131l\u0131\u011f\u0131m\u0131z, uluslararas\u0131 sertifikalar\u0131m\u0131z ve \u00f6zelle\u015ftirilebilir \u00e7\u00f6z\u00fcmlerimiz sayesinde \u00fcr\u00fcnlerimizin pazarda \u00f6ne \u00e7\u0131kmas\u0131n\u0131 sa\u011fl\u0131yoruz. Son teknoloji \u00fcretim tesislerimiz ve \u00f6zel sat\u0131\u015f sonras\u0131 hizmetlerimiz, g\u00fcvenilirli\u011fimizi ve m\u00fc\u015fteri memnuniyetimizi daha da art\u0131r\u0131yor.<\/p>\n<p>Yazar: lyl<\/p>","protected":false},"excerpt":{"rendered":"<p>Boom Cylinder For Yanmar V55-6 Introduction to Boom Cylinder The Boom Cylinder is a vital component in heavy machinery, specifically designed for machines like excavators, backhoe loaders, and front loaders. It plays a crucial role in controlling the movement of the bucket, allowing it to lift, lower, and tilt. This functionality is essential for efficient [&hellip;]<\/p>","protected":false},"featured_media":17869,"comment_status":"open","ping_status":"closed","template":"","meta":{"_et_pb_use_builder":"","_et_pb_old_content":"","_et_gb_content_width":""},"product_brand":[],"product_cat":[1546],"product_tag":[1547,1496],"class_list":{"0":"post-19561","1":"product","2":"type-product","3":"status-publish","4":"has-post-thumbnail","6":"product_cat-boom-cylinders","7":"product_tag-boom-cylinders","8":"product_tag-hydraulic-cylinders","10":"first","11":"instock","12":"shipping-taxable","13":"product-type-simple"},"amp_enabled":true,"_links":{"self":[{"href":"https:\/\/www.hydraulic-cylinders.net\/tr\/wp-json\/wp\/v2\/product\/19561","targetHints":{"allow":["GET"]}}],"collection":[{"href":"https:\/\/www.hydraulic-cylinders.net\/tr\/wp-json\/wp\/v2\/product"}],"about":[{"href":"https:\/\/www.hydraulic-cylinders.net\/tr\/wp-json\/wp\/v2\/types\/product"}],"replies":[{"embeddable":true,"href":"https:\/\/www.hydraulic-cylinders.net\/tr\/wp-json\/wp\/v2\/comments?post=19561"}],"wp:featuredmedia":[{"embeddable":true,"href":"https:\/\/www.hydraulic-cylinders.net\/tr\/wp-json\/wp\/v2\/media\/17869"}],"wp:attachment":[{"href":"https:\/\/www.hydraulic-cylinders.net\/tr\/wp-json\/wp\/v2\/media?parent=19561"}],"wp:term":[{"taxonomy":"product_brand","embeddable":true,"href":"https:\/\/www.hydraulic-cylinders.net\/tr\/wp-json\/wp\/v2\/product_brand?post=19561"},{"taxonomy":"product_cat","embeddable":true,"href":"https:\/\/www.hydraulic-cylinders.net\/tr\/wp-json\/wp\/v2\/product_cat?post=19561"},{"taxonomy":"product_tag","embeddable":true,"href":"https:\/\/www.hydraulic-cylinders.net\/tr\/wp-json\/wp\/v2\/product_tag?post=19561"}],"curies":[{"name":"wp","href":"https:\/\/api.w.org\/{rel}","templated":true}]}}