{"id":19569,"date":"2025-04-07T06:55:04","date_gmt":"2025-04-07T06:55:04","guid":{"rendered":"https:\/\/www.hydraulic-cylinders.net\/product\/boom-cylinder-for-john-deere-e330lc\/"},"modified":"2025-04-07T06:55:07","modified_gmt":"2025-04-07T06:55:07","slug":"boom-cylinder-for-john-deere-e330lc","status":"publish","type":"product","link":"https:\/\/www.hydraulic-cylinders.net\/tr\/urun\/boom-cylinder-for-john-deere-e330lc\/","title":{"rendered":"John Deere E330LC i\u00e7in Bom Silindiri"},"content":{"rendered":"<h1>John Deere E330LC i\u00e7in Bom Silindiri<\/h1>\n<h2>Bom Silindirlerine Giri\u015f<\/h2>\n<p>Bom silindiri, ekskavat\u00f6rler, kaz\u0131c\u0131 y\u00fckleyiciler ve \u00f6n y\u00fckleyiciler de dahil olmak \u00fczere \u00e7e\u015fitli a\u011f\u0131r makinelerde kullan\u0131lan hidrolik sistemlerin \u00f6nemli bir bile\u015fenidir. Bu hidrolik silindirler, bomun hareketini kontrol ederek kep\u00e7enin gerekti\u011fi gibi y\u00fckselmesini, al\u00e7almas\u0131n\u0131 ve e\u011filmesini sa\u011flar. Bu i\u015flevsellik, \u015fantiyelerde ve di\u011fer zorlu ortamlarda verimli malzeme ta\u015f\u0131ma g\u00f6revleri i\u00e7in gereklidir. Y\u00fcksek bas\u0131n\u00e7lara ve a\u011f\u0131r y\u00fcklere dayanacak \u015fekilde tasarlanan bom silindirleri, genellikle y\u00fcksek mukavemetli \u00e7elik veya al\u00fcminyumdan yap\u0131l\u0131r ve zorlu \u00e7al\u0131\u015fma ko\u015fullar\u0131nda bile dayan\u0131kl\u0131l\u0131k ve g\u00fcvenilirlik sa\u011flar.<\/p>\n<p><img decoding=\"async\" src=\"https:\/\/www.hydraulic-cylinders.net\/wp-content\/uploads\/2025\/04\/songte-company-1.webp\" alt=\"Bom Silindiri G\u00f6r\u00fcnt\u00fcs\u00fc\"><\/p>\n<h3>Tan\u0131m ve Genel Bak\u0131\u015f<\/h3>\n<p>Bom silindiri, a\u011f\u0131r makinelerde bomun hareketini kontrol etmek i\u00e7in \u00f6zel olarak tasarlanm\u0131\u015f bir hidrolik silindir t\u00fcr\u00fcd\u00fcr. Ba\u015fl\u0131ca g\u00f6revi, kazma, kald\u0131rma ve malzeme ta\u015f\u0131ma i\u00e7in hayati \u00f6nem ta\u015f\u0131yan ekipman\u0131n kep\u00e7esinin hassas hareketlerini kolayla\u015ft\u0131rmakt\u0131r. Hidrolik sistem, bas\u0131n\u00e7 olu\u015fturmak i\u00e7in hidrolik s\u0131v\u0131 kullanarak \u00e7al\u0131\u015f\u0131r ve bu da d\u00fczg\u00fcn ve kontroll\u00fc hareketlere olanak tan\u0131r. Bu, a\u011f\u0131r y\u00fckleri do\u011fru bir \u015fekilde manip\u00fcle etme yetene\u011finin kritik oldu\u011fu \u015fantiyelerde verimlili\u011fi ve \u00fcretkenli\u011fi art\u0131r\u0131r.<\/p>\n<h2>Bom Silindirlerinin Ba\u015fl\u0131ca \u00d6zellikleri<\/h2>\n<ul>\n<li><strong>Y\u00fcksek Dayan\u0131kl\u0131l\u0131k ve Dayan\u0131kl\u0131l\u0131k:<\/strong> Y\u00fcksek mukavemetli \u00e7elik veya al\u00fcminyumdan \u00fcretilen bom silindirleri, y\u00fcksek bas\u0131nca ve a\u011f\u0131r y\u00fcklere dayanabilir, bu da onlar\u0131 zorlu \u00e7al\u0131\u015fma ko\u015fullar\u0131 i\u00e7in uygun hale getirir.<\/li>\n<li><strong>Verimli Hidrolik \u00c7al\u0131\u015fma:<\/strong> Hidrolik ya\u011f bas\u0131nc\u0131n\u0131 kullanan bu silindirler, d\u00fczg\u00fcn bir \u015fekilde uzama ve geri \u00e7ekilme sa\u011flayarak operat\u00f6r komutlar\u0131na h\u0131zl\u0131 yan\u0131t verilmesini m\u00fcmk\u00fcn k\u0131lar.<\/li>\n<li><strong>T\u00fcr \u00c7e\u015fitlili\u011fi:<\/strong> Hem tek etkili hem de \u00e7ift etkili konfig\u00fcrasyonlarda bulunan bom silindirleri, farkl\u0131 operasyonel ihtiya\u00e7lar\u0131 kar\u015f\u0131layabilir; baz\u0131 modellerde ise daha uzun eri\u015fim i\u00e7in teleskopik tasar\u0131mlar bulunur.<\/li>\n<li><strong>Geli\u015fmi\u015f A\u015f\u0131nma Direnci:<\/strong> A\u015f\u0131nma ve korozyon direnci g\u00f6z \u00f6n\u00fcnde bulundurularak tasarlanan bu silindirler, uzun \u00f6m\u00fcrl\u00fcd\u00fcr ve bak\u0131m ile de\u011fi\u015ftirme maliyetlerini en aza indirir.<\/li>\n<li><strong>\u00d6zel \u00c7\u00f6z\u00fcmler:<\/strong> Mevcut hidrolik silindirlerin yerine m\u00fckemmel \u015fekilde ge\u00e7ebilen, uyumluluk ve performans sa\u011flayan bom silindirlerinin \u00fcretimini sunuyoruz.<\/li>\n<\/ul>\n<p><img decoding=\"async\" src=\"https:\/\/www.hydraulic-cylinders.net\/wp-content\/uploads\/2025\/04\/songte-cylinder-head-with-all-kinds-excavator-models.webp\" alt=\"Ekskavat\u00f6r Modelleri\"><\/p>\n<h2>Bom Silindirlerinin Uygulamalar\u0131<\/h2>\n<h3>\u0130n\u015faat Ekipmanlar\u0131<\/h3>\n<p>Ekskavat\u00f6rlerde, bom silindirleri toprak veya moloz kazma, y\u00fckleme ve ta\u015f\u0131ma i\u015flemlerinde hayati \u00f6neme sahiptir. Kep\u00e7enin zeminin derinliklerine ula\u015fmas\u0131n\u0131 sa\u011flayarak etkili kaz\u0131 ve malzeme ta\u015f\u0131ma i\u015flemlerini kolayla\u015ft\u0131r\u0131rlar. Kaz\u0131c\u0131 y\u00fckleyicilerde ise bu silindirler sadece kazmada de\u011fil, ayn\u0131 zamanda malzeme kald\u0131rmada da yard\u0131mc\u0131 olarak makinenin \u00e7ok y\u00f6nl\u00fcl\u00fc\u011f\u00fcn\u00fc art\u0131r\u0131r.<\/p>\n<h3>Tar\u0131m Makinalar\u0131<\/h3>\n<p>\u00d6n y\u00fckleyicilerde kullan\u0131lan bom silindirleri, toprak, saman ve di\u011fer malzemelerin kep\u00e7elenmesi, kald\u0131r\u0131lmas\u0131 ve ta\u015f\u0131nmas\u0131nda hayati bir rol oynar. A\u011f\u0131r y\u00fckleri ta\u015f\u0131yabilme yetenekleri, onlar\u0131 tar\u0131msal faaliyetlerde vazge\u00e7ilmez k\u0131lar ve \u00e7ift\u00e7ilerin i\u015flerini verimli bir \u015fekilde y\u00f6netmelerine yard\u0131mc\u0131 olur.<\/p>\n<h3>Ekskavat\u00f6rler<\/h3>\n<p>Ekskavat\u00f6rlerde, kep\u00e7e silindiri, kep\u00e7enin topra\u011fa etkili bir \u015fekilde n\u00fcfuz etmesini sa\u011flayarak kazma i\u015flemlerini m\u00fcmk\u00fcn k\u0131lar. Bu i\u015flev, hassas kazman\u0131n gerekli oldu\u011fu \u00e7e\u015fitli in\u015faat ve peyzaj projeleri i\u00e7in \u00e7ok \u00f6nemlidir.<\/p>\n<h3>Y\u00fckleyiciler<\/h3>\n<p>\u00d6n y\u00fckleyicilerde, bom silindirleri y\u00fcklerin verimli bir \u015fekilde kald\u0131r\u0131lmas\u0131na ve bo\u015falt\u0131lmas\u0131na katk\u0131da bulunur. Hassas kontrolleri ve g\u00fc\u00e7leri, operat\u00f6rlerin malzemeleri etkili bir \u015fekilde y\u00f6netmelerini sa\u011flayarak \u015fantiyelerde sorunsuz operasyonlar y\u00fcr\u00fct\u00fclmesini garanti eder.<\/p>\n<h2>Tasar\u0131m Hususlar\u0131 ve Se\u00e7im Kriterleri<\/h2>\n<ul>\n<li><strong>Y\u00fck Kapasitesi:<\/strong> Bom silindirlerinin tasar\u0131m\u0131, \u00e7al\u0131\u015fma s\u0131ras\u0131nda kar\u015f\u0131la\u015facaklar\u0131 maksimum y\u00fck\u00fc dikkate almal\u0131d\u0131r. Bu, ta\u015f\u0131nan malzemelerin a\u011f\u0131rl\u0131\u011f\u0131n\u0131n de\u011ferlendirilmesini ve silindirin bu y\u00fckleri g\u00fcvenli bir \u015fekilde ta\u015f\u0131yabilece\u011finden emin olunmas\u0131n\u0131 i\u00e7erir.<\/li>\n<li><strong>S\u0131zd\u0131rmazl\u0131k B\u00fct\u00fcnl\u00fc\u011f\u00fc:<\/strong> Hidrolik s\u0131v\u0131 s\u0131z\u0131nt\u0131lar\u0131n\u0131 \u00f6nlemek ve sistem ar\u0131zalar\u0131na yol a\u00e7abilecek durumlar\u0131 engellemek i\u00e7in do\u011fru s\u0131zd\u0131rmazl\u0131k \u00e7ok \u00f6nemlidir. Dayan\u0131kl\u0131 malzemelerden yap\u0131lm\u0131\u015f y\u00fcksek kaliteli contalar, i\u015flevselli\u011fi ve g\u00fcvenli\u011fi korumak i\u00e7in olmazsa olmazd\u0131r.<\/li>\n<li><strong>Dayan\u0131kl\u0131l\u0131k:<\/strong> \u00dcretimde kullan\u0131lan malzemeler, zorlu ortamlarda s\u00fcrekli kullan\u0131mdan kaynaklanan a\u015f\u0131nma ve y\u0131pranmaya dayan\u0131kl\u0131 olmal\u0131d\u0131r. Bu, korozyona ve a\u015f\u0131nmaya kar\u015f\u0131 direnci de i\u00e7erir ve uzun bir kullan\u0131m \u00f6mr\u00fc sa\u011flar.<\/li>\n<li><strong>G\u00fcvenlik \u00d6zellikleri:<\/strong> Bas\u0131n\u00e7 tahliye vanalar\u0131 gibi g\u00fcvenlik mekanizmalar\u0131n\u0131n entegre edilmesi, a\u015f\u0131r\u0131 ko\u015fullar alt\u0131nda kazalar\u0131 ve ekipman hasar\u0131n\u0131 \u00f6nleyebilir.<\/li>\n<li><strong>Bak\u0131m Eri\u015filebilirli\u011fi:<\/strong> Silindirlerin bak\u0131m kontrolleri s\u0131ras\u0131nda kolay eri\u015fim sa\u011flayacak \u015fekilde tasarlanmas\u0131, operat\u00f6rlerin a\u015f\u0131r\u0131 ar\u0131za s\u00fcresi olmadan gerekli bak\u0131m\u0131 yapabilmelerini sa\u011flar.<\/li>\n<\/ul>\n<p><img decoding=\"async\" src=\"https:\/\/www.hydraulic-cylinders.net\/wp-content\/uploads\/2025\/04\/songte-oil-pipes-and-spare-parts.webp\" alt=\"Hidrolik Par\u00e7alar\"><\/p>\n<h2>S\u0131zd\u0131rmazl\u0131k ve Ya\u011flama<\/h2>\n<p>Bom silindirlerinin etkili \u00e7al\u0131\u015fmas\u0131 i\u00e7in uygun s\u0131zd\u0131rmazl\u0131k ve ya\u011flama hayati \u00f6nem ta\u015f\u0131r. Hidrolik s\u0131v\u0131 s\u0131z\u0131nt\u0131lar\u0131na kar\u015f\u0131 g\u00fcvenilir bir bariyer olu\u015fturmak i\u00e7in piston contalar\u0131 ve mil contalar\u0131 gibi \u00e7e\u015fitli conta t\u00fcrleri kullan\u0131l\u0131r. Bu contalar, dayan\u0131kl\u0131l\u0131\u011f\u0131 art\u0131rmak i\u00e7in genellikle poli\u00fcretan ve nitril kau\u00e7uk gibi a\u015f\u0131nmaya dayan\u0131kl\u0131 malzemelerden yap\u0131l\u0131r. Ayr\u0131ca, silindirin g\u00f6vdesi ve di\u015fli u\u00e7lar\u0131, a\u015f\u0131nma direncini art\u0131rmak i\u00e7in hassas bir \u015fekilde i\u015flenir.<\/p>\n<p>Sorunsuz \u00e7al\u0131\u015fma sa\u011flamak ve a\u015f\u0131r\u0131 a\u015f\u0131nmay\u0131 \u00f6nlemek i\u00e7in hidrolik ya\u011f ile d\u00fczenli ya\u011flama gereklidir. Operat\u00f6rler, ya\u011flama programlar\u0131 ve miktarlar\u0131 konusunda \u00fcreticinin y\u00f6nergelerine uymal\u0131d\u0131r, \u00e7\u00fcnk\u00fc yetersiz ya\u011flama silindir ar\u0131zas\u0131na ve maliyetli onar\u0131mlara yol a\u00e7abilir.<\/p>\n<h2>D\u00fczenli Muayene ve \u00d6nleyici Bak\u0131m<\/h2>\n<ul>\n<li><strong>Rutin Kontroller:<\/strong> A\u015f\u0131nma veya hasar belirtilerini tespit etmek i\u00e7in d\u00fczenli kontroller yap\u0131lmal\u0131d\u0131r. Bu, contalar\u0131n s\u0131z\u0131nt\u0131 a\u00e7\u0131s\u0131ndan kontrol edilmesini ve t\u00fcm bile\u015fenlerin do\u011fru \u015fekilde \u00e7al\u0131\u015ft\u0131\u011f\u0131ndan emin olunmas\u0131n\u0131 i\u00e7erir.<\/li>\n<li><strong>Uygun Ya\u011flama:<\/strong> Silindirin yeterince ya\u011flanmas\u0131, s\u00fcrt\u00fcnmeyi ve a\u015f\u0131nmay\u0131 \u00f6nleyebilir. Operat\u00f6rler, \u00f6nerilen hidrolik ya\u011f\u0131 kullanmal\u0131 ve ya\u011flama program\u0131na uymal\u0131d\u0131r.<\/li>\n<li><strong>Conta De\u011fi\u015fimi:<\/strong> Zamanla contalar bozulabilir ve de\u011fi\u015ftirilmesi gerekebilir. D\u00fczenli kontroller, \u00f6nemli sorunlara yol a\u00e7madan \u00f6nce contalar\u0131n ne zaman de\u011fi\u015ftirilmesi gerekti\u011fini belirlemeye yard\u0131mc\u0131 olabilir.<\/li>\n<\/ul>\n<h2>Kurulum Talimatlar\u0131<\/h2>\n<p>Bom silindirlerinin do\u011fru montaj\u0131, verimli \u00e7al\u0131\u015fmalar\u0131 i\u00e7in kritik \u00f6neme sahiptir. Montaja ba\u015flamadan \u00f6nce hidrolik sistemin bas\u0131nc\u0131n\u0131n bo\u015falt\u0131ld\u0131\u011f\u0131ndan emin olun. Yanl\u0131\u015f hizalamay\u0131 \u00f6nlemek i\u00e7in silindiri montaj noktalar\u0131yla do\u011fru bir \u015fekilde hizalay\u0131n; bu, erken a\u015f\u0131nmaya veya ar\u0131zaya yol a\u00e7abilir. \u00c7al\u0131\u015fma s\u0131ras\u0131nda stabiliteyi sa\u011flamak i\u00e7in silindiri yerinde sabitlemek \u00fczere uygun montaj braketleri kullan\u0131lmas\u0131 tavsiye edilir.<\/p>\n<p>Montajdan sonra, t\u00fcm ba\u011flant\u0131lar\u0131n s\u0131k\u0131l\u0131\u011f\u0131n\u0131 kontrol edin ve contalar\u0131n sa\u011flam oldu\u011fundan emin olun. Her \u015fey yerli yerine oturduktan sonra, hidrolik sisteme uygun ya\u011f\u0131 doldurun ve sorunsuz \u00e7al\u0131\u015fma sa\u011flamak i\u00e7in hatlardaki havay\u0131 bo\u015falt\u0131n. Silindirin performans\u0131n\u0131 d\u00fczenli olarak izleyin ve montajdan sonra herhangi bir s\u0131z\u0131nt\u0131 veya ola\u011fand\u0131\u015f\u0131 ses belirtisi olup olmad\u0131\u011f\u0131n\u0131 kontrol edin.<\/p>\n<h2>Yayg\u0131n Bak\u0131m G\u00f6revleri<\/h2>\n<ul>\n<li><strong>D\u00fczenli Denetimler:<\/strong> Silindirde hasar, a\u015f\u0131nma veya s\u0131z\u0131nt\u0131 belirtileri olup olmad\u0131\u011f\u0131n\u0131 periyodik olarak g\u00f6rsel olarak kontrol edin. Erken tespit, daha ciddi sorunlar\u0131n \u00f6nlenmesine yard\u0131mc\u0131 olabilir.<\/li>\n<li><strong>Uygun Ya\u011flama:<\/strong> Silindirin sorunsuz \u00e7al\u0131\u015fmas\u0131n\u0131 sa\u011flamak, a\u015f\u0131nmay\u0131 \u00f6nlemek ve \u00f6mr\u00fcn\u00fc uzatmak i\u00e7in d\u00fczenli bir ya\u011flama program\u0131 uygulay\u0131n.<\/li>\n<li><strong>Conta De\u011fi\u015fimi:<\/strong> Contalar\u0131n durumunu d\u00fczenli olarak de\u011ferlendirin ve gerekti\u011finde de\u011fi\u015ftirin. Bu, hidrolik bas\u0131nc\u0131 korumaya ve s\u0131z\u0131nt\u0131lar\u0131 \u00f6nlemeye yard\u0131mc\u0131 olur.<\/li>\n<\/ul>\n<h2>G\u00fcvenlik Hususlar\u0131 ve \u00c7evresel Fakt\u00f6rler<\/h2>\n<p>Bom silindirleriyle \u00e7al\u0131\u015f\u0131rken g\u00fcvenlik \u00f6nlemleri son derece \u00f6nemlidir. Operat\u00f6rler, y\u00fcksek bas\u0131n\u00e7l\u0131 s\u0131v\u0131 s\u0131z\u0131nt\u0131lar\u0131 ve ekipman ar\u0131zas\u0131 riski de dahil olmak \u00fczere hidrolik sistemlerle ili\u015fkili potansiyel tehlikelerin fark\u0131nda olmal\u0131d\u0131r. Uygun ki\u015fisel koruyucu ekipman (KKD) kullanmak ve g\u00fcvenlik protokollerine uymak, riskleri en aza indirmek i\u00e7in \u015fartt\u0131r. Ayr\u0131ca, hidrolik s\u0131v\u0131lar\u0131n uygun \u015fekilde bertaraf edilmesi ve s\u0131z\u0131nt\u0131lar\u0131n kontrol alt\u0131na al\u0131nmas\u0131yla \u00e7evre a\u00e7\u0131s\u0131ndan g\u00fcvenli bir \u00e7al\u0131\u015fma alan\u0131 sa\u011flamak, hem \u00e7al\u0131\u015fanlar\u0131 hem de \u00e7evreyi korumaya yard\u0131mc\u0131 olabilir.<\/p>\n<h2>Sorun Giderme ve Yayg\u0131n Sorunlar<\/h2>\n<ul>\n<li><strong>S\u0131v\u0131 S\u0131z\u0131nt\u0131lar\u0131:<\/strong> Hidrolik silindirlerde s\u0131k kar\u015f\u0131la\u015f\u0131lan bir sorun olan s\u0131v\u0131 s\u0131z\u0131nt\u0131lar\u0131, a\u015f\u0131nm\u0131\u015f contalar\u0131 veya hasar g\u00f6rm\u00fc\u015f bile\u015fenleri g\u00f6sterebilir. D\u00fczenli kontroller, bu sorunlar\u0131n erken tespit edilmesine yard\u0131mc\u0131 olabilir.<\/li>\n<li><strong>Zay\u0131f Performans:<\/strong> Silindir yava\u015f \u00e7al\u0131\u015f\u0131yorsa veya tepki vermiyorsa, ilave hidrolik s\u0131v\u0131ya ihtiya\u00e7 duyabilir veya hidrolik hatlarda bir t\u0131kan\u0131kl\u0131k olabilir.<\/li>\n<li><strong>G\u00fcr\u00fclt\u00fcl\u00fc \u00c7al\u0131\u015fma:<\/strong> \u00c7al\u0131\u015fma s\u0131ras\u0131nda duyulan ola\u011fand\u0131\u015f\u0131 sesler, i\u00e7 hasar\u0131n veya ya\u011flama ihtiyac\u0131n\u0131n bir i\u015fareti olabilir. Daha fazla hasar\u0131 \u00f6nlemek i\u00e7in anormal seslere derhal m\u00fcdahale edilmelidir.<\/li>\n<\/ul>\n<p>Bu sorunlar\u0131 gidermek i\u00e7in operat\u00f6rler \u00f6ncelikle s\u0131z\u0131nt\u0131lar\u0131 kontrol etmeli ve t\u00fcm ba\u011flant\u0131lar\u0131n sa\u011flam oldu\u011fundan emin olmal\u0131d\u0131r. Performans sorunlar\u0131 devam ederse, altta yatan nedeni te\u015fhis etmek ve gidermek i\u00e7in bir hidrolik uzman\u0131na dan\u0131\u015fmak gerekebilir.<\/p>\n<p><img decoding=\"async\" src=\"https:\/\/www.hydraulic-cylinders.net\/wp-content\/uploads\/2025\/04\/songte-bushings-with-all-kinds-of-excavator-models.webp\" alt=\"Ekskavat\u00f6r Bur\u00e7lar\u0131\"><\/p>\n<h2>\u015eirketimiz Hakk\u0131nda<\/h2>\n<p>\u00d6nde gelen yedek hidrolik silindir \u00fcreticisi ve toptanc\u0131s\u0131 olarak, geni\u015f \u00fcr\u00fcn yelpazemizle tan\u0131n\u0131yoruz. M\u00fckemmelli\u011fe olan ba\u011fl\u0131l\u0131\u011f\u0131m\u0131z, geli\u015fmi\u015f \u00fcretim y\u00f6netimi stratejileriyle desteklenen kalite odakl\u0131 yakla\u015f\u0131m\u0131m\u0131zdan kaynaklanmaktad\u0131r. Yetenekli teknik uzmanlardan olu\u015fan ekibimiz ve son teknoloji \u00fcr\u00fcn\u00fc dijital \u00fcretim ekipmanlar\u0131m\u0131zla \u00fcretim kapasitemizi s\u00fcrekli olarak geli\u015ftiriyoruz.<\/p>\n<p>Y\u00fcksek verimlilik, hassasiyet ve kaliteye olan ba\u011fl\u0131l\u0131\u011f\u0131m\u0131z, \u00e7e\u015fitli m\u00fc\u015fteri ihtiya\u00e7lar\u0131n\u0131 kar\u015f\u0131lamam\u0131z\u0131 sa\u011fl\u0131yor. Profesyonel \u00f6zel hizmetler sunuyoruz ve \u00fcr\u00fcnlerimizin k\u00fcresel standartlara uygunlu\u011funu garanti eden uluslararas\u0131 sertifikalara sahibiz. Sat\u0131\u015f sonras\u0131 deste\u011fimiz g\u00fc\u00e7l\u00fcd\u00fcr ve m\u00fc\u015fterilerimize \u00fcr\u00fcnlerimizin ya\u015fam d\u00f6ng\u00fcs\u00fc boyunca yard\u0131mc\u0131 olur.<\/p>\n<p><img decoding=\"async\" src=\"https:\/\/www.hydraulic-cylinders.net\/wp-content\/uploads\/2025\/04\/songte-company-4.webp\" alt=\"\u015eirket Tesisi\"><br \/>\n<img decoding=\"async\" src=\"https:\/\/www.hydraulic-cylinders.net\/wp-content\/uploads\/2025\/04\/songte-company-3.webp\" alt=\"\u015eirket \u00dcretimi\"><\/p>\n<p>Yazar: lyl<\/p>","protected":false},"excerpt":{"rendered":"<p>Boom Cylinder For John Deere E330LC Introduction to Boom Cylinders The boom cylinder is a crucial component in hydraulic systems used by various heavy machinery, including excavators, backhoe loaders, and front-end loaders. These hydraulic cylinders control the movement of the boom, allowing the bucket to rise, lower, and tilt as needed. This functionality is essential [&hellip;]<\/p>","protected":false},"featured_media":17877,"comment_status":"open","ping_status":"closed","template":"","meta":{"_et_pb_use_builder":"","_et_pb_old_content":"","_et_gb_content_width":""},"product_brand":[],"product_cat":[1546],"product_tag":[1547,1496],"class_list":{"0":"post-19569","1":"product","2":"type-product","3":"status-publish","4":"has-post-thumbnail","6":"product_cat-boom-cylinders","7":"product_tag-boom-cylinders","8":"product_tag-hydraulic-cylinders","10":"first","11":"instock","12":"shipping-taxable","13":"product-type-simple"},"amp_enabled":true,"_links":{"self":[{"href":"https:\/\/www.hydraulic-cylinders.net\/tr\/wp-json\/wp\/v2\/product\/19569","targetHints":{"allow":["GET"]}}],"collection":[{"href":"https:\/\/www.hydraulic-cylinders.net\/tr\/wp-json\/wp\/v2\/product"}],"about":[{"href":"https:\/\/www.hydraulic-cylinders.net\/tr\/wp-json\/wp\/v2\/types\/product"}],"replies":[{"embeddable":true,"href":"https:\/\/www.hydraulic-cylinders.net\/tr\/wp-json\/wp\/v2\/comments?post=19569"}],"wp:featuredmedia":[{"embeddable":true,"href":"https:\/\/www.hydraulic-cylinders.net\/tr\/wp-json\/wp\/v2\/media\/17877"}],"wp:attachment":[{"href":"https:\/\/www.hydraulic-cylinders.net\/tr\/wp-json\/wp\/v2\/media?parent=19569"}],"wp:term":[{"taxonomy":"product_brand","embeddable":true,"href":"https:\/\/www.hydraulic-cylinders.net\/tr\/wp-json\/wp\/v2\/product_brand?post=19569"},{"taxonomy":"product_cat","embeddable":true,"href":"https:\/\/www.hydraulic-cylinders.net\/tr\/wp-json\/wp\/v2\/product_cat?post=19569"},{"taxonomy":"product_tag","embeddable":true,"href":"https:\/\/www.hydraulic-cylinders.net\/tr\/wp-json\/wp\/v2\/product_tag?post=19569"}],"curies":[{"name":"wp","href":"https:\/\/api.w.org\/{rel}","templated":true}]}}