{"id":19573,"date":"2025-04-07T06:55:15","date_gmt":"2025-04-07T06:55:15","guid":{"rendered":"https:\/\/www.hydraulic-cylinders.net\/product\/boom-cylinder-for-john-deere-e360lc\/"},"modified":"2025-04-07T06:55:18","modified_gmt":"2025-04-07T06:55:18","slug":"boom-cylinder-for-john-deere-e360lc","status":"publish","type":"product","link":"https:\/\/www.hydraulic-cylinders.net\/tr\/urun\/boom-cylinder-for-john-deere-e360lc\/","title":{"rendered":"John Deere E360LC i\u00e7in Bom Silindiri"},"content":{"rendered":"<h1>John Deere E360LC i\u00e7in Bom Silindiri<\/h1>\n<h2>Bom Silindiri Nedir?<\/h2>\n<p>Bom silindiri, ekskavat\u00f6rler, kaz\u0131c\u0131 y\u00fckleyiciler ve \u00f6n y\u00fckleyiciler gibi a\u011f\u0131r makinelerde bomun hareketini kontrol etmek i\u00e7in \u00f6zel olarak tasarlanm\u0131\u015f bir hidrolik silindir t\u00fcr\u00fcd\u00fcr. Bu hidrolik silindir, bomun y\u00fckselmesini, al\u00e7almas\u0131n\u0131 ve e\u011filmesini sa\u011flayarak malzeme ta\u015f\u0131ma g\u00f6revlerini hassas ve verimli bir \u015fekilde kolayla\u015ft\u0131r\u0131r. Hidrolik sistemlerde, bom silindirleri hidrolik bas\u0131nc\u0131 mekanik kuvvete d\u00f6n\u00fc\u015ft\u00fcrerek a\u011f\u0131r ekipman bile\u015fenlerinin hareketini sa\u011flayan kritik bir rol oynar. Kazma, kald\u0131rma ve malzeme ta\u015f\u0131ma gibi g\u00f6revlerin yerine getirilmesi i\u00e7in vazge\u00e7ilmezdirler.<\/p>\n<p><img decoding=\"async\" src=\"https:\/\/www.hydraulic-cylinders.net\/wp-content\/uploads\/2025\/04\/songte-company-1.webp\" alt=\"Bom Silindiri G\u00f6r\u00fcnt\u00fcs\u00fc\"><\/p>\n<h2>Bom Silindirinin Temel \u00d6zellikleri<\/h2>\n<ul>\n<li><strong>Y\u00fcksek Dayan\u0131kl\u0131l\u0131k ve Dayan\u0131kl\u0131l\u0131k:<\/strong> Genellikle y\u00fcksek mukavemetli \u00e7elik veya al\u00fcminyumdan \u00fcretilen bom silindirleri, y\u00fcksek bas\u0131nca ve a\u011f\u0131r y\u00fcklere dayanabilir, bu da onlar\u0131 zorlu \u00e7al\u0131\u015fma ortamlar\u0131 i\u00e7in uygun hale getirir. A\u015f\u0131nma direnci ve korozyon korumas\u0131 g\u00f6z \u00f6n\u00fcnde bulundurularak tasarlanm\u0131\u015flard\u0131r, bu da kullan\u0131m \u00f6m\u00fcrlerini uzat\u0131r.<\/li>\n<li><strong>Verimli Hidrolik \u00c7al\u0131\u015fma:<\/strong> Hidrolik ya\u011f bas\u0131nc\u0131n\u0131 kullanarak d\u00fczg\u00fcn uzatma ve geri \u00e7ekme i\u015flemi ger\u00e7ekle\u015ftirirler, bu da kontrol komutlar\u0131na h\u0131zl\u0131 yan\u0131t vermeyi sa\u011flar. Bu, a\u011f\u0131r malzemelerin ve karma\u015f\u0131k i\u015flerin ta\u015f\u0131nmas\u0131 i\u00e7in ideal olan g\u00fc\u00e7l\u00fc itme ve \u00e7ekme kuvvetleri sa\u011flar.<\/li>\n<li><strong>\u00c7e\u015fitli Tipler Mevcuttur:<\/strong> Bom silindirleri, \u00e7e\u015fitli operasyonel ihtiya\u00e7lar\u0131 kar\u015f\u0131lamak \u00fczere tek etkili (hidrolik bas\u0131nc\u0131 tek y\u00f6nde kullanan) veya \u00e7ift etkili (hidrolik bas\u0131nc\u0131 her iki y\u00f6nde de kullanan) olarak se\u00e7ilebilir. Baz\u0131 modeller teleskopiktir ve d\u0131\u015f boyutlar\u0131 art\u0131rmadan daha fazla uzatmaya olanak tan\u0131yarak, alan k\u0131s\u0131tlamal\u0131 uygulamalar i\u00e7in uygun hale gelir.<\/li>\n<li><strong>\u00d6zel \u00dcretim:<\/strong> Bu \u00fcr\u00fcnleri, mevcut hidrolik silindirlerin yerine m\u00fckemmel bir \u015fekilde ge\u00e7ecek \u015fekilde \u00fcretiyoruz ve makinelerinizde uyumluluk ve performans verimlili\u011fi sa\u011fl\u0131yoruz.<\/li>\n<\/ul>\n<p><img decoding=\"async\" src=\"https:\/\/www.hydraulic-cylinders.net\/wp-content\/uploads\/2025\/04\/songte-cylinder-head-with-all-kinds-excavator-models.webp\" alt=\"Ekskavat\u00f6r Modelleri\"><\/p>\n<h2>Bom Silindirlerinin Uygulamalar\u0131<\/h2>\n<h3>\u0130n\u015faat Ekipmanlar\u0131<\/h3>\n<p>Ekskavat\u00f6rlerde, bom silindirleri kazma, y\u00fckleme ve toprak veya moloz ta\u015f\u0131ma i\u015flemlerinde hayati \u00f6neme sahiptir. Operat\u00f6r\u00fcn bomun derinli\u011fini ve a\u00e7\u0131s\u0131n\u0131 kontrol etmesine olanak tan\u0131yarak operasyonel verimlili\u011fi art\u0131r\u0131r. Kaz\u0131c\u0131 y\u00fckleyicilerde ise bom silindiri hem kazma hem de kald\u0131rma i\u015flemlerine yard\u0131mc\u0131 olarak onlar\u0131 \u00e7e\u015fitli in\u015faat i\u015fleri i\u00e7in \u00e7ok y\u00f6nl\u00fc hale getirir.<\/p>\n<h3>Tar\u0131m Makinalar\u0131<\/h3>\n<p>\u00d6n y\u00fckleyicilerde, bom silindirleri toprak, saman ve di\u011fer malzemeler gibi malzemeleri kep\u00e7elemek, kald\u0131rmak ve ta\u015f\u0131mak i\u00e7in kullan\u0131l\u0131r. Tasar\u0131mlar\u0131, kald\u0131rma mekanizmas\u0131 \u00fczerinde hassas kontrol sa\u011flayarak \u00e7iftliklerde verimli y\u00fckleme ve bo\u015faltma s\u00fcre\u00e7lerini garanti eder.<\/p>\n<h3>Ekskavat\u00f6rler<\/h3>\n<p>Ekskavat\u00f6rlerdeki bom silindirleri, kep\u00e7enin topra\u011fa etkili bir \u015fekilde n\u00fcfuz etmesini sa\u011flayarak g\u00fc\u00e7l\u00fc kazma i\u015flemlerini kolayla\u015ft\u0131r\u0131r. Hidrolik sistem, bomun kald\u0131r\u0131lmas\u0131 ve indirilmesi aras\u0131nda sorunsuz ge\u00e7i\u015flere olanak tan\u0131r; bu da \u00e7e\u015fitli kaz\u0131 i\u015fleri i\u00e7in \u00e7ok \u00f6nemlidir.<\/p>\n<h3>Y\u00fckleyiciler<\/h3>\n<p>\u00d6n y\u00fckleyicilerde, bom silindirleri y\u00fcklerin etkili bir \u015fekilde kald\u0131r\u0131lmas\u0131na ve bo\u015falt\u0131lmas\u0131na yard\u0131mc\u0131 olur. Sa\u011flam tasar\u0131mlar\u0131, a\u011f\u0131r malzemelerin g\u00fcvenli ve verimli bir \u015fekilde ta\u015f\u0131nmas\u0131n\u0131 sa\u011flayarak, hem in\u015faat hem de malzeme ta\u015f\u0131ma ortamlar\u0131nda vazge\u00e7ilmez hale gelmelerini sa\u011flar.<\/p>\n<h2>Tasar\u0131m Hususlar\u0131 ve Se\u00e7im Kriterleri<\/h2>\n<ul>\n<li><strong>Y\u00fck Kapasitesi:<\/strong> Bir bom silindirinin y\u00fck ta\u015f\u0131ma kapasitesi, g\u00fcvenli bir \u015fekilde kald\u0131rabilece\u011fi a\u011f\u0131rl\u0131\u011f\u0131 belirledi\u011fi i\u00e7in kritik \u00f6neme sahiptir. Uygun y\u00fck kapasitesine sahip bir silindir se\u00e7mek, makinenin performans\u0131n\u0131 ve g\u00fcvenli\u011fini sa\u011flar. Se\u00e7im s\u00fcrecinde, \u00f6zel gereksinimlerin ve potansiyel y\u00fck senaryolar\u0131n\u0131n analiz edilmesi \u00e7ok \u00f6nemlidir.<\/li>\n<li><strong>S\u0131zd\u0131rmazl\u0131k Mekanizmas\u0131:<\/strong> Etkili s\u0131zd\u0131rmazl\u0131k, sistem ar\u0131zalar\u0131na ve verimlilik d\u00fc\u015f\u00fc\u015f\u00fcne yol a\u00e7abilecek hidrolik s\u0131v\u0131 s\u0131z\u0131nt\u0131lar\u0131n\u0131 \u00f6nlemek i\u00e7in hayati \u00f6neme sahiptir. Contalar, hidrolik sistemin b\u00fct\u00fcnl\u00fc\u011f\u00fcn\u00fc korumada \u00e7ok \u00f6nemli bir rol oynad\u0131klar\u0131 i\u00e7in dayan\u0131kl\u0131 ve a\u015f\u0131nmaya kar\u015f\u0131 diren\u00e7li olmal\u0131d\u0131r.<\/li>\n<li><strong>Dayan\u0131kl\u0131l\u0131k:<\/strong> Bom silindirleri, a\u011f\u0131r hizmet uygulamalar\u0131n\u0131n zorluklar\u0131na dayanacak \u015fekilde tasarlanmal\u0131d\u0131r. Bu, a\u015f\u0131nmaya, korozyona ve a\u015f\u0131r\u0131 \u00e7al\u0131\u015fma ko\u015fullar\u0131na kar\u015f\u0131 direnci i\u00e7erir. \u00dcretimde kullan\u0131lan malzemeler ve kaplamalar, beklenen \u00e7al\u0131\u015fma ortam\u0131na g\u00f6re se\u00e7ilmelidir.<\/li>\n<li><strong>G\u00fcvenlik \u00d6zellikleri:<\/strong> Bas\u0131n\u00e7 tahliye vanalar\u0131 ve a\u015f\u0131r\u0131 y\u00fck koruma sistemleri gibi g\u00fcvenlik \u00f6zelliklerinin entegre edilmesi \u015fartt\u0131r. Bu \u00f6zellikler, kazalar\u0131 \u00f6nlemeye ve \u00f6zellikle tehlikeli \u00e7al\u0131\u015fma ortamlar\u0131nda a\u011f\u0131r makinelerin g\u00fcvenli \u00e7al\u0131\u015fmas\u0131n\u0131 sa\u011flamaya yard\u0131mc\u0131 olur.<\/li>\n<li><strong>Bak\u0131m Eri\u015filebilirli\u011fi:<\/strong> Bak\u0131m ve onar\u0131m i\u00e7in bile\u015fenlere kolay eri\u015fim sa\u011flayan bir tasar\u0131m \u00e7ok \u00f6nemlidir. Bu, yaln\u0131zca ar\u0131za s\u00fcrelerini azaltmakla kalmaz, ayn\u0131 zamanda operat\u00f6rlerin optimum performans\u0131 sa\u011flamak i\u00e7in rutin kontrolleri yapabilmelerini de sa\u011flar.<\/li>\n<\/ul>\n<p><img decoding=\"async\" src=\"https:\/\/www.hydraulic-cylinders.net\/wp-content\/uploads\/2025\/04\/songte-oil-pipes-and-spare-parts.webp\" alt=\"Petrol Borular\u0131 ve Yedek Par\u00e7alar\u0131\"><\/p>\n<h2>Bom Silindirinin S\u0131zd\u0131rmazl\u0131\u011f\u0131 ve Ya\u011flanmas\u0131<\/h2>\n<p>Bom silindirlerinin uzun \u00f6m\u00fcrl\u00fcl\u00fc\u011f\u00fcn\u00fc ve performans\u0131n\u0131 sa\u011flamak i\u00e7in piston contalar\u0131 ve mil contalar\u0131 gibi \u00e7e\u015fitli s\u0131zd\u0131rmazl\u0131k bile\u015fenleri kullan\u0131l\u0131r. Poli\u00fcretan ve nitril kau\u00e7uk gibi malzemelerin se\u00e7imi \u00e7ok \u00f6nemlidir, \u00e7\u00fcnk\u00fc bunlar m\u00fckemmel a\u015f\u0131nma direnci ve dayan\u0131kl\u0131l\u0131k sa\u011flar. Silindir g\u00f6vdesi ve di\u015fli u\u00e7lar\u0131, a\u015f\u0131nma direncini art\u0131rmak, s\u0131k\u0131 bir s\u0131zd\u0131rmazl\u0131k sa\u011flamak ve s\u0131z\u0131nt\u0131lar\u0131 \u00f6nlemek i\u00e7in ince bir \u015fekilde i\u015flenir. Optimum i\u015flevselli\u011fi korumak ve hareketli par\u00e7alar aras\u0131ndaki s\u00fcrt\u00fcnmeyi azaltmak i\u00e7in uygun hidrolik ya\u011f ile d\u00fczenli ya\u011flama gereklidir. Do\u011fru ya\u011flama uygulamalar\u0131, silindirin \u00f6mr\u00fcn\u00fc uzatmaya ve performans\u0131n\u0131 korumaya yard\u0131mc\u0131 olur.<\/p>\n<h2>D\u00fczenli Denetimler ve \u00d6nleyici Bak\u0131m \u00d6nlemleri<\/h2>\n<ul>\n<li><strong>Rutin Denetimler:<\/strong> A\u015f\u0131nma, s\u0131z\u0131nt\u0131 veya hasar belirtilerini tespit etmek i\u00e7in d\u00fczenli g\u00f6rsel incelemeler yap\u0131n. Bu proaktif yakla\u015f\u0131m, potansiyel sorunlar\u0131 erken yakalamaya ve ilerleyen s\u00fcre\u00e7te daha b\u00fcy\u00fck sorunlar\u0131n \u00f6nlenmesine yard\u0131mc\u0131 olur.<\/li>\n<li><strong>Uygun Ya\u011flama:<\/strong> Ya\u011flama programlar\u0131na uyuldu\u011fundan ve do\u011fru tipte hidrolik ya\u011f kullan\u0131ld\u0131\u011f\u0131ndan emin olun. Ya\u011f seviyelerini d\u00fczenli olarak kontrol edin ve d\u00fczg\u00fcn \u00e7al\u0131\u015fmay\u0131 s\u00fcrd\u00fcrmek i\u00e7in gerekti\u011finde ya\u011f ekleyin.<\/li>\n<li><strong>Conta De\u011fi\u015fimi:<\/strong> Hidrolik s\u0131v\u0131 s\u0131z\u0131nt\u0131lar\u0131n\u0131 \u00f6nlemek i\u00e7in contalar\u0131 d\u00fczenli olarak a\u015f\u0131nma a\u00e7\u0131s\u0131ndan kontrol edin ve gerekti\u011finde de\u011fi\u015ftirin. \u0130yi bak\u0131ml\u0131 contalar, hidrolik sistemin verimli \u00e7al\u0131\u015fmas\u0131 i\u00e7in \u00e7ok \u00f6nemlidir.<\/li>\n<\/ul>\n<h2>Do\u011fru Kurulum Y\u00f6nergeleri<\/h2>\n<p>Bom silindirinin do\u011fru montaj\u0131, optimum performans i\u00e7in kritik \u00f6neme sahiptir. \u00d6ncelikle montaj y\u00fczeylerinin temiz ve kal\u0131nt\u0131lardan ar\u0131nd\u0131r\u0131lm\u0131\u015f oldu\u011fundan emin olun. Silindiri yerine sabitlemek i\u00e7in uygun montaj braketleri kullan\u0131n ve makineyle do\u011fru \u015fekilde hizaland\u0131\u011f\u0131ndan emin olun. Yanl\u0131\u015f hizalama, erken a\u015f\u0131nmaya ve olas\u0131 ar\u0131zaya yol a\u00e7abilir. Montaj s\u0131ras\u0131nda, t\u00fcm ba\u011flant\u0131lar\u0131n s\u0131k\u0131 ve s\u0131zd\u0131rmaz oldu\u011fundan emin olun. Montajdan sonra, s\u0131z\u0131nt\u0131 olmad\u0131\u011f\u0131ndan ve sistemin do\u011fru \u00e7al\u0131\u015ft\u0131\u011f\u0131ndan emin olmak i\u00e7in ba\u011flant\u0131lar\u0131 ve hidrolik hatlar\u0131 iyice inceleyin. Belirli montaj prosed\u00fcrleri ve tork \u00f6zellikleri i\u00e7in \u00fcreticinin k\u0131lavuzlar\u0131na d\u00fczenli olarak ba\u015fvurun.<\/p>\n<p><img decoding=\"async\" src=\"https:\/\/www.hydraulic-cylinders.net\/wp-content\/uploads\/2025\/04\/songte-chushion-collar.webp\" alt=\"Yast\u0131k Yaka G\u00f6rseli\"><\/p>\n<h2>G\u00fcvenlik Hususlar\u0131 ve \u00c7evresel Fakt\u00f6rler<\/h2>\n<p>Hidrolik silindirlerle \u00e7al\u0131\u015f\u0131rken g\u00fcvenlik \u00f6nlemleri son derece \u00f6nemlidir. Operat\u00f6rler, makinelerin do\u011fru kullan\u0131m\u0131 konusunda e\u011fitilmeli ve hidrolik sistemlerle ili\u015fkili potansiyel tehlikelerin fark\u0131nda olmal\u0131d\u0131r. Ekipman ar\u0131zas\u0131 durumunda yaralanmalar\u0131 \u00f6nlemek i\u00e7in uygun ki\u015fisel koruyucu ekipman (KKD) giymek \u00e7ok \u00f6nemlidir. Ayr\u0131ca, bas\u0131n\u00e7 dalgalanmalar\u0131 ve a\u015f\u0131r\u0131 s\u0131cakl\u0131klar gibi \u00e7evresel fakt\u00f6rler, hidrolik sistemlerin performans\u0131n\u0131 ve g\u00fcvenli\u011fini etkileyebilece\u011finden, \u00e7al\u0131\u015fma s\u0131ras\u0131nda dikkate al\u0131nmal\u0131d\u0131r. D\u00fczenli kontroller ve g\u00fcvenlik protokollerine uyulmas\u0131, riskleri azaltmaya ve i\u015f yeri g\u00fcvenli\u011fini sa\u011flamaya yard\u0131mc\u0131 olacakt\u0131r.<\/p>\n<h2>Sorun Giderme ve Yayg\u0131n Sorunlar<\/h2>\n<ul>\n<li><strong>Hidrolik S\u0131z\u0131nt\u0131lar:<\/strong> G\u00f6zle g\u00f6r\u00fcl\u00fcr s\u0131z\u0131nt\u0131lar varsa, contalar\u0131 ve ba\u011flant\u0131 par\u00e7alar\u0131n\u0131 hasar veya gev\u015feme a\u00e7\u0131s\u0131ndan kontrol edin. A\u015f\u0131nm\u0131\u015f contalar\u0131 de\u011fi\u015ftirin ve ba\u011flant\u0131 par\u00e7alar\u0131n\u0131n iyice s\u0131k\u0131ld\u0131\u011f\u0131ndan emin olun.<\/li>\n<li><strong>Silindir Performans\u0131nda Azalma:<\/strong> E\u011fer bom silindiri beklendi\u011fi gibi \u00e7al\u0131\u015fm\u0131yorsa, hidrolik s\u0131v\u0131 seviyelerini kontrol edin ve hidrolik hatlarda herhangi bir t\u0131kan\u0131kl\u0131k olmad\u0131\u011f\u0131ndan emin olun.<\/li>\n<li><strong>Al\u0131\u015f\u0131lmad\u0131k Sesler:<\/strong> E\u011fer g\u0131c\u0131rt\u0131 veya t\u0131slama sesleri duyulursa, bu hidrolik sistemde i\u00e7 hasar veya hava oldu\u011funu g\u00f6sterebilir. A\u015f\u0131nma belirtilerini kontrol edin ve gerekirse sistemi havaland\u0131r\u0131n.<\/li>\n<\/ul>\n<p>Bu sorunlar\u0131 etkili bir \u015fekilde te\u015fhis etmek ve \u00e7\u00f6zmek i\u00e7in kapsaml\u0131 bir bak\u0131m program\u0131 s\u00fcrd\u00fcrmek ve kullan\u0131lan makinelerin \u00e7al\u0131\u015fma y\u00f6nergelerine a\u015fina olmak \u015fartt\u0131r. Bu yayg\u0131n sorunlar\u0131n riskini en aza indirmek i\u00e7in \u00f6nleyici tedbirler uygulanmal\u0131d\u0131r.<\/p>\n<p><img decoding=\"async\" src=\"https:\/\/www.hydraulic-cylinders.net\/wp-content\/uploads\/2025\/04\/songte-bushings-with-all-kinds-of-excavator-models.webp\" alt=\"Ekskavat\u00f6r Modellerinde Bur\u00e7lar\"><\/p>\n<h2>\u015eirketimiz Hakk\u0131nda<\/h2>\n<p>Yedek hidrolik silindir \u00fcreticisi olarak, hem yurt i\u00e7i hem de uluslararas\u0131 pazarlarda \u00f6nde gelen hidrolik silindir \u00fcreticisi ve toptanc\u0131s\u0131 konumunday\u0131z. Kalitede m\u00fckemmellik ilkelerine ba\u011fl\u0131 kal\u0131rken, geli\u015fmi\u015f bir end\u00fcstriyel \u00fcretim y\u00f6netim stratejisine de g\u00fcveniyoruz. \u015eirketimiz, yetenekli teknik personel, geli\u015fmi\u015f dijital \u00fcretim ekipmanlar\u0131 ve profesyonel denetim sistemleri kullanarak \u00fcretim platformunu s\u00fcrekli olarak geli\u015ftiriyor. G\u00fc\u00e7l\u00fc bir inovasyon kapasitesiyle, m\u00fc\u015fterilerimizin \u00e7e\u015fitli ihtiya\u00e7lar\u0131n\u0131 kar\u015f\u0131lamak i\u00e7in y\u00fcksek verimlilik, hassasiyet ve kaliteye \u00f6ncelik veriyoruz.<\/p>\n<p><img decoding=\"async\" src=\"https:\/\/www.hydraulic-cylinders.net\/wp-content\/uploads\/2025\/04\/songte-company-4.webp\" alt=\"\u015eirket Faaliyetleri G\u00f6rseli\"><br \/>\n<img decoding=\"async\" src=\"https:\/\/www.hydraulic-cylinders.net\/wp-content\/uploads\/2025\/04\/songte-company-3.webp\" alt=\"\u00dcretim S\u00fcreci G\u00f6r\u00fcnt\u00fcs\u00fc\"><\/p>\n<p>Ayr\u0131ca, eksiksiz m\u00fc\u015fteri memnuniyetini sa\u011flamak i\u00e7in profesyonel hizmetler, uluslararas\u0131 sertifikalar, \u00f6zelle\u015ftirilebilir \u00e7\u00f6z\u00fcmler, son teknoloji \u00fcretim ekipmanlar\u0131 ve g\u00fcvenilir sat\u0131\u015f sonras\u0131 destek sunuyoruz.<\/p>\n<p>Yazar: lyl<\/p>","protected":false},"excerpt":{"rendered":"<p>Boom Cylinder For John Deere E360LC What is a Boom Cylinder? A boom cylinder is a type of hydraulic cylinder specifically designed for controlling the movement of the boom in heavy machinery such as excavators, backhoe loaders, and front-end loaders. This hydraulic cylinder allows the boom to raise, lower, and tilt, facilitating material handling tasks [&hellip;]<\/p>","protected":false},"featured_media":17881,"comment_status":"open","ping_status":"closed","template":"","meta":{"_et_pb_use_builder":"","_et_pb_old_content":"","_et_gb_content_width":""},"product_brand":[],"product_cat":[1546],"product_tag":[1547,1496],"class_list":{"0":"post-19573","1":"product","2":"type-product","3":"status-publish","4":"has-post-thumbnail","6":"product_cat-boom-cylinders","7":"product_tag-boom-cylinders","8":"product_tag-hydraulic-cylinders","10":"first","11":"instock","12":"shipping-taxable","13":"product-type-simple"},"amp_enabled":true,"_links":{"self":[{"href":"https:\/\/www.hydraulic-cylinders.net\/tr\/wp-json\/wp\/v2\/product\/19573","targetHints":{"allow":["GET"]}}],"collection":[{"href":"https:\/\/www.hydraulic-cylinders.net\/tr\/wp-json\/wp\/v2\/product"}],"about":[{"href":"https:\/\/www.hydraulic-cylinders.net\/tr\/wp-json\/wp\/v2\/types\/product"}],"replies":[{"embeddable":true,"href":"https:\/\/www.hydraulic-cylinders.net\/tr\/wp-json\/wp\/v2\/comments?post=19573"}],"wp:featuredmedia":[{"embeddable":true,"href":"https:\/\/www.hydraulic-cylinders.net\/tr\/wp-json\/wp\/v2\/media\/17881"}],"wp:attachment":[{"href":"https:\/\/www.hydraulic-cylinders.net\/tr\/wp-json\/wp\/v2\/media?parent=19573"}],"wp:term":[{"taxonomy":"product_brand","embeddable":true,"href":"https:\/\/www.hydraulic-cylinders.net\/tr\/wp-json\/wp\/v2\/product_brand?post=19573"},{"taxonomy":"product_cat","embeddable":true,"href":"https:\/\/www.hydraulic-cylinders.net\/tr\/wp-json\/wp\/v2\/product_cat?post=19573"},{"taxonomy":"product_tag","embeddable":true,"href":"https:\/\/www.hydraulic-cylinders.net\/tr\/wp-json\/wp\/v2\/product_tag?post=19573"}],"curies":[{"name":"wp","href":"https:\/\/api.w.org\/{rel}","templated":true}]}}