{"id":19576,"date":"2025-04-07T06:55:23","date_gmt":"2025-04-07T06:55:23","guid":{"rendered":"https:\/\/www.hydraulic-cylinders.net\/product\/boom-cylinder-for-yuchai-yc35-8\/"},"modified":"2025-04-07T06:55:25","modified_gmt":"2025-04-07T06:55:25","slug":"boom-cylinder-for-yuchai-yc35-8","status":"publish","type":"product","link":"https:\/\/www.hydraulic-cylinders.net\/tr\/urun\/boom-cylinder-for-yuchai-yc35-8\/","title":{"rendered":"Yuchai YC35-8 i\u00e7in Bom Silindiri"},"content":{"rendered":"<h1>Yuchai YC35-8 i\u00e7in Bom Silindiri<\/h1>\n<h2>\u00dcr\u00fcn Genel Bak\u0131\u015f\u0131<\/h2>\n<p>Yuchai YC35-8 i\u00e7in tasarlanm\u0131\u015f bu hidrolik silindir, ekskavat\u00f6rler, kaz\u0131c\u0131 y\u00fckleyiciler ve \u00f6n y\u00fckleyiciler gibi a\u011f\u0131r makinelerde bom hareketini kontrol etmek i\u00e7in \u00f6zel olarak \u00fcretilmi\u015ftir. Bu tip hidrolik silindir, \u00e7e\u015fitli malzeme ta\u015f\u0131ma g\u00f6revlerinde \u00e7ok \u00f6nemli bir rol oynar ve operat\u00f6rlerin kep\u00e7eyi hassas bir \u015fekilde kald\u0131rmas\u0131na, indirmesine ve e\u011fmesine olanak tan\u0131r. Hidrolik sistemlerde, g\u00fc\u00e7l\u00fc hareket \u00fcretmek i\u00e7in hidrolik bas\u0131nc\u0131 kullanan ve \u015fantiyede verimlilik ve etkinlik sa\u011flayan \u00f6nemli bir par\u00e7ad\u0131r.<\/p>\n<p><img decoding=\"async\" src=\"https:\/\/www.hydraulic-cylinders.net\/wp-content\/uploads\/2025\/04\/songte-company-1.webp\" alt=\"Bom Silindiri\"><\/p>\n<h3>Bom Silindirinin Fonksiyonu<\/h3>\n<p>Kova silindiri, a\u011f\u0131r makineler i\u00e7in \u00f6zel olarak tasarlanm\u0131\u015f, kovan\u0131n konumunun ayarlanmas\u0131n\u0131 kolayla\u015ft\u0131ran bir hidrolik silindir t\u00fcr\u00fcd\u00fcr. Bu i\u015flev, hassas kaz\u0131 i\u015flemleri gerektiren ekskavat\u00f6rler ve malzemelerin etkili bir \u015fekilde ta\u015f\u0131nmas\u0131 i\u00e7in hayati \u00f6neme sahiptir. Hidrolik sistem, g\u00fc\u00e7l\u00fc itme ve \u00e7ekme kuvvetleri olu\u015fturmak i\u00e7in hidrolik s\u0131v\u0131n\u0131n g\u00fcc\u00fcnden yararlan\u0131r; bu da in\u015faat ve tar\u0131m i\u015flerinde temel bir unsurdur.<\/p>\n<h2>Bom Silindirinin \u00d6zellikleri<\/h2>\n<ul>\n<li><strong>Y\u00fcksek Dayan\u0131kl\u0131l\u0131k ve Dayan\u0131kl\u0131l\u0131k:<\/strong> Y\u00fcksek mukavemetli \u00e7elik veya al\u00fcminyumdan \u00fcretilen bu silindirler, y\u00fcksek bas\u0131nca ve a\u011f\u0131r y\u00fcklere dayanabilme \u00f6zelli\u011fi sayesinde zorlu \u00e7al\u0131\u015fma ortamlar\u0131 i\u00e7in uygundur.<\/li>\n<li><strong>Verimli Hidrolik \u00c7al\u0131\u015fma:<\/strong> Silindir, d\u00fczg\u00fcn uzama ve geri \u00e7ekilme i\u00e7in hidrolik s\u0131v\u0131 bas\u0131nc\u0131 kullan\u0131r ve operat\u00f6r komutlar\u0131na h\u0131zl\u0131 yan\u0131t verilmesini sa\u011flar.<\/li>\n<li><strong>T\u00fcr \u00c7e\u015fitlili\u011fi:<\/strong> Tek y\u00f6nl\u00fc (tek y\u00f6nde \u00e7al\u0131\u015fan) veya \u00e7ift y\u00f6nl\u00fc (iki y\u00f6nde \u00e7al\u0131\u015fan) konfig\u00fcrasyonlarda mevcuttur; baz\u0131 modeller, d\u0131\u015f boyutlar\u0131 art\u0131rmadan daha fazla uzatma sa\u011flamak i\u00e7in teleskopiktir.<\/li>\n<li><strong>\u00d6zelle\u015ftirilebilir Se\u00e7enekler:<\/strong> \u00dcr\u00fcnlerimiz, \u00e7e\u015fitli hidrolik silindirlerin yerini m\u00fckemmel bir \u015fekilde alarak, farkl\u0131 i\u015fletme ihtiya\u00e7lar\u0131na uygun \u00e7\u00f6z\u00fcmler sunar.<\/li>\n<li><strong>Bak\u0131m\u0131 Kolay Tasar\u0131m:<\/strong> Tasar\u0131m, bak\u0131m i\u015flemlerini kolayla\u015ft\u0131ran, uzun \u00f6m\u00fcrl\u00fcl\u00fc\u011f\u00fc ve g\u00fcvenilirli\u011fi sa\u011flayan \u00f6zellikler i\u00e7ermektedir.<\/li>\n<\/ul>\n<p><img decoding=\"async\" src=\"https:\/\/www.hydraulic-cylinders.net\/wp-content\/uploads\/2025\/04\/songte-cylinder-head-with-all-kinds-excavator-models.webp\" alt=\"Ekskavat\u00f6r Modelleri\"><\/p>\n<h2>Bom Silindirinin Uygulamalar\u0131<\/h2>\n<h3>\u0130n\u015faat Ekipmanlar\u0131<\/h3>\n<p>Ekskavat\u00f6rlerde, bom silindiri topra\u011f\u0131 veya molozu kazmak, y\u00fcklemek ve ta\u015f\u0131mak i\u00e7in hayati \u00f6neme sahiptir. Hidrolik g\u00fcc\u00fc, zemine n\u00fcfuz etmek i\u00e7in gerekli kuvveti sa\u011flar ve bu da onu verimli kaz\u0131 i\u015flemleri i\u00e7in vazge\u00e7ilmez bir bile\u015fen haline getirir.<\/p>\n<h3>Tar\u0131m Makinalar\u0131<\/h3>\n<p>\u00d6n y\u00fckleyicilerde, bom silindiri toprak, saman ve di\u011fer malzemeleri kep\u00e7elemek, kald\u0131rmak ve ta\u015f\u0131mak i\u00e7in kullan\u0131l\u0131r. Bu \u00e7ok y\u00f6nl\u00fcl\u00fck, \u00e7ift\u00e7ilerin \u00e7e\u015fitli i\u015fleri etkili bir \u015fekilde yapmalar\u0131n\u0131 sa\u011flayarak tar\u0131m faaliyetlerinde verimlili\u011fi art\u0131r\u0131r.<\/p>\n<h3>Ekskavat\u00f6rler<\/h3>\n<p>Bom silindiri, kep\u00e7enin topra\u011fa n\u00fcfuz etmesini sa\u011flayarak in\u015faat ve peyzaj projeleri i\u00e7in gerekli olan kazma i\u015flemlerini kolayla\u015ft\u0131r\u0131r. Bu \u00f6zellik, \u00e7ok \u00e7e\u015fitli kaz\u0131 i\u015flerinin ger\u00e7ekle\u015ftirilmesi i\u00e7in hayati \u00f6nem ta\u015f\u0131r.<\/p>\n<h3>Y\u00fckleyiciler<\/h3>\n<p>\u00d6n y\u00fckleyicilerde, bom silindirleri y\u00fcklerin verimli bir \u015fekilde kald\u0131r\u0131lmas\u0131na ve bo\u015falt\u0131lmas\u0131na yard\u0131mc\u0131 olur. Bu i\u015flev, in\u015faat ve malzeme ta\u015f\u0131ma i\u015flerinde operasyonel verimlili\u011fi ve etkinli\u011fi art\u0131rarak kritik \u00f6neme sahiptir.<\/p>\n<h2>Tasar\u0131m Hususlar\u0131 ve Se\u00e7im Kriterleri<\/h2>\n<h3>Y\u00fck Kapasitesi<\/h3>\n<p>Bom silindirinin, kald\u0131rmas\u0131 gereken a\u011f\u0131rl\u0131\u011f\u0131 kald\u0131rabilecek bir tasar\u0131ma sahip olmas\u0131 gerekir. Silindirin \u00e7al\u0131\u015fma ko\u015fullar\u0131 alt\u0131nda g\u00fcvenilir bir \u015fekilde performans g\u00f6stermesini sa\u011flamak i\u00e7in beklenen maksimum y\u00fck\u00fcn hesaplanmas\u0131 \u00e7ok \u00f6nemlidir.<\/p>\n<h3>S\u0131zd\u0131rmazl\u0131k Performans\u0131<\/h3>\n<p>Hidrolik s\u0131v\u0131 s\u0131z\u0131nt\u0131s\u0131n\u0131 \u00f6nlemek ve sistem verimsizliklerini engellemek i\u00e7in do\u011fru s\u0131zd\u0131rmazl\u0131k \u00e7ok \u00f6nemlidir. Poli\u00fcretan ve nitril kau\u00e7uk gibi malzemelerden yap\u0131lm\u0131\u015f y\u00fcksek kaliteli contalar, hidrolik bas\u0131nc\u0131n korunmas\u0131 i\u00e7in gereklidir.<\/p>\n<h3>Dayan\u0131kl\u0131l\u0131k<\/h3>\n<p>Bom silindirinin zorlu ortamlara maruz kalaca\u011f\u0131 g\u00f6z \u00f6n\u00fcne al\u0131nd\u0131\u011f\u0131nda, dayan\u0131kl\u0131l\u0131k \u00f6nemli bir fakt\u00f6rd\u00fcr. A\u015f\u0131nmaya ve korozyona dayan\u0131kl\u0131 malzemeler ve kaplamalar, uzun \u00f6m\u00fcrl\u00fcl\u00fck sa\u011flayarak de\u011fi\u015ftirme s\u0131kl\u0131\u011f\u0131n\u0131 ve maliyetini azaltmak i\u00e7in gereklidir.<\/p>\n<h3>G\u00fcvenlik \u00d6zellikleri<\/h3>\n<p>Hidrolik sistemlerle u\u011fra\u015f\u0131rken g\u00fcvenlik her \u015feyden \u00f6nemlidir. Tasar\u0131m, ani ar\u0131zalar\u0131 \u00f6nlemek i\u00e7in bas\u0131n\u00e7 tahliye vanalar\u0131 ve \u00e7al\u0131\u015fma s\u0131ras\u0131nda silindiri stabilize edecek uygun montaj mekanizmalar\u0131 da dahil olmak \u00fczere g\u00fcvenlik \u00f6zelliklerini i\u00e7ermelidir.<\/p>\n<h3>Bak\u0131m kolayl\u0131\u011f\u0131<\/h3>\n<p>\u0130yi bir tasar\u0131m, kolay bak\u0131m imkan\u0131 sa\u011flamal\u0131d\u0131r. Muayene, ya\u011flama ve par\u00e7a de\u011fi\u015fimi i\u00e7in kolayca eri\u015filebilen bile\u015fenler, makinenin genel verimlili\u011fine katk\u0131da bulunur.<\/p>\n<p><img decoding=\"async\" src=\"https:\/\/www.hydraulic-cylinders.net\/wp-content\/uploads\/2025\/04\/songte-oil-pipes-and-spare-parts.webp\" alt=\"Petrol Borular\u0131 ve Yedek Par\u00e7alar\u0131\"><\/p>\n<h2>S\u0131zd\u0131rmazl\u0131k ve Ya\u011flama<\/h2>\n<p>Hidrolik silindirin etkili bir \u015fekilde \u00e7al\u0131\u015fmas\u0131n\u0131 sa\u011flamak i\u00e7in piston contalar\u0131 ve mil contalar\u0131 gibi \u00e7e\u015fitli s\u0131zd\u0131rmazl\u0131k bile\u015fenlerinin kullan\u0131m\u0131 \u015fartt\u0131r. Poli\u00fcretan ve nitril kau\u00e7uk gibi dayan\u0131kl\u0131 malzemelerden yap\u0131lan contalar a\u015f\u0131nmaya kar\u015f\u0131 diren\u00e7 sa\u011flar. Silindir g\u00f6vdesi ve di\u015fli y\u00fczeyler, a\u015f\u0131nma direncini art\u0131rmak i\u00e7in ince bir i\u015flemden ge\u00e7irilir. Optimum performans\u0131 korumak ve hasar\u0131 \u00f6nlemek i\u00e7in hidrolik ya\u011f ile d\u00fczenli ya\u011flama da gereklidir.<\/p>\n<h2>\u00d6nleyici Bak\u0131m \u00d6nlemleri<\/h2>\n<ul>\n<li><strong>D\u00fczenli Denetimler:<\/strong> A\u015f\u0131nma ve y\u0131pranman\u0131n ciddi sorunlara d\u00f6n\u00fc\u015fmeden \u00f6nce tespit edilmesi i\u00e7in d\u00fczenli kontroller planlay\u0131n.<\/li>\n<li><strong>Uygun Ya\u011flama:<\/strong> Hidrolik ya\u011f seviyelerinin yeterli oldu\u011fundan ve ya\u011flama i\u00e7in do\u011fru tip ya\u011f\u0131n kullan\u0131ld\u0131\u011f\u0131ndan emin olun.<\/li>\n<li><strong>Conta De\u011fi\u015fimi:<\/strong> S\u0131z\u0131nt\u0131lar\u0131 \u00f6nlemek i\u00e7in contalar\u0131 a\u015f\u0131nma belirtileri a\u00e7\u0131s\u0131ndan kontrol edin ve gerekti\u011finde de\u011fi\u015ftirin.<\/li>\n<\/ul>\n<h2>Kurulum Talimatlar\u0131<\/h2>\n<p>Bom silindirini takarken, silindire a\u015f\u0131r\u0131 y\u00fck binmesini \u00f6nlemek i\u00e7in t\u00fcm bile\u015fenlerin do\u011fru \u015fekilde hizaland\u0131\u011f\u0131ndan emin olun. Silindiri yerine sabitlemek i\u00e7in uygun montaj braketleri kullan\u0131n. Hasar\u0131 \u00f6nlemek i\u00e7in \u00fcreticinin tork spesifikasyonlar\u0131 hakk\u0131ndaki y\u00f6nergelerini izleyin. Sorunsuz \u00e7al\u0131\u015fmay\u0131 kolayla\u015ft\u0131rmak i\u00e7in hidrolik hatlar\u0131n engellerden ar\u0131nd\u0131r\u0131lm\u0131\u015f ve do\u011fru \u015fekilde ba\u011fl\u0131 oldu\u011fundan emin olun.<\/p>\n<h2>Yayg\u0131n Bak\u0131m G\u00f6revleri<\/h2>\n<ul>\n<li><strong>D\u00fczenli Muayene:<\/strong> A\u015f\u0131nma veya s\u0131z\u0131nt\u0131 belirtileri olup olmad\u0131\u011f\u0131n\u0131 kontrol etmek i\u00e7in s\u0131k s\u0131k incelemeler yap\u0131n. Erken tespit, ilerleyen zamanlarda daha b\u00fcy\u00fck onar\u0131mlar\u0131n \u00f6n\u00fcne ge\u00e7ebilir.<\/li>\n<li><strong>Uygun Ya\u011flama:<\/strong> Hidrolik sistemin sorunsuz \u00e7al\u0131\u015fmas\u0131n\u0131 sa\u011flamak i\u00e7in uygun ya\u011flama seviyelerini koruyun. Bu, s\u00fcrt\u00fcnmeyi azalt\u0131r ve par\u00e7a \u00f6mr\u00fcn\u00fc uzat\u0131r.<\/li>\n<li><strong>Conta De\u011fi\u015fimi:<\/strong> Sistem verimlili\u011fini korumak ve hidrolik s\u0131v\u0131 s\u0131z\u0131nt\u0131lar\u0131n\u0131 \u00f6nlemek i\u00e7in contalar\u0131 d\u00fczenli olarak a\u015f\u0131nma a\u00e7\u0131s\u0131ndan kontrol edin ve gerekti\u011finde de\u011fi\u015ftirin.<\/li>\n<\/ul>\n<h2>G\u00fcvenlik Hususlar\u0131 ve \u00c7evresel Fakt\u00f6rler<\/h2>\n<p>Hidrolik sistemlerle \u00e7al\u0131\u015f\u0131rken g\u00fcvenlik \u00f6nlemlerinin uygulanmas\u0131 \u00e7ok \u00f6nemlidir. Operat\u00f6rler uygun ki\u015fisel koruyucu ekipman (KKD) giymeli ve hidrolik makinelerin g\u00fcvenli kullan\u0131m\u0131 konusunda e\u011fitim almal\u0131d\u0131r. \u00c7evresel etkiyi azaltmak i\u00e7in hidrolik s\u0131v\u0131lar\u0131n ve kullan\u0131lm\u0131\u015f par\u00e7alar\u0131n uygun \u015fekilde imha edilmesi gereklidir.<\/p>\n<h2>Sorun Giderme ve Yayg\u0131n Sorunlar<\/h2>\n<ul>\n<li><strong>S\u0131z\u0131nt\u0131:<\/strong> S\u0131zd\u0131rmazl\u0131k contalar\u0131nda veya ba\u011flant\u0131 noktalar\u0131nda s\u0131z\u0131nt\u0131 olup olmad\u0131\u011f\u0131n\u0131 kontrol edin; hasarl\u0131 contalar\u0131 de\u011fi\u015ftirin ve ba\u011flant\u0131lar\u0131n s\u0131k\u0131 oldu\u011fundan emin olun.<\/li>\n<li><strong>Yava\u015f \u00c7al\u0131\u015fma:<\/strong> Hidrolik s\u0131v\u0131 seviyelerini kontrol edin ve gerekirse de\u011fi\u015ftirin; ayr\u0131ca hidrolik hatlarda t\u0131kan\u0131kl\u0131k olup olmad\u0131\u011f\u0131n\u0131 da kontrol edin.<\/li>\n<li><strong>Tutarl\u0131 Olmayan Performans:<\/strong> Silindir i\u00e7indeki hasarl\u0131 par\u00e7alar\u0131 inceleyin ve t\u00fcm contalar\u0131n sa\u011flam ve i\u015flevsel oldu\u011fundan emin olun.<\/li>\n<\/ul>\n<p>\u00d6nleyici tedbirlerin uygulanmas\u0131, potansiyel sorunlar\u0131 \u00f6nemli \u00f6l\u00e7\u00fcde azaltabilir. D\u00fczenli bak\u0131m, sistemin sorunsuz \u00e7al\u0131\u015fmas\u0131na ve ar\u0131za s\u00fcrelerinin en aza indirilmesine yard\u0131mc\u0131 olabilir.<\/p>\n<p><img decoding=\"async\" src=\"https:\/\/www.hydraulic-cylinders.net\/wp-content\/uploads\/2025\/04\/songte-bushings-with-all-kinds-of-excavator-models.webp\" alt=\"Ekskavat\u00f6r Modelleri i\u00e7in Bur\u00e7lar\"><\/p>\n<h2>\u015eirketimiz<\/h2>\n<p>Yedek hidrolik silindir \u00fcreticisi olarak, kapsaml\u0131 \u00fcr\u00fcn yelpazemizle hem yurt i\u00e7i hem de uluslararas\u0131 pazarlarda \u00f6nde gelen \u00fcretici ve toptanc\u0131lardan biri olarak tan\u0131n\u0131yoruz. M\u00fckemmelli\u011fe olan ba\u011fl\u0131l\u0131\u011f\u0131m\u0131z, son teknolojiye sahip \u00fcretim tesislerimizde uygulad\u0131\u011f\u0131m\u0131z geli\u015fmi\u015f \u00fcretim y\u00f6netim stratejisiyle desteklenmektedir.<\/p>\n<p>Nitelikli teknik personele, geli\u015fmi\u015f dijital \u00fcretim ekipmanlar\u0131na ve profesyonel test sistemlerine yat\u0131r\u0131m yaparak \u00fcretim platformumuzu s\u00fcrekli olarak geli\u015ftiriyoruz. Y\u00fcksek verimlilik, hassasiyet ve kaliteye odaklanmam\u0131z, m\u00fc\u015fterilerimizin \u00e7e\u015fitli ihtiya\u00e7lar\u0131yla \u00f6rt\u00fc\u015fmektedir.<\/p>\n<p><img decoding=\"async\" src=\"https:\/\/www.hydraulic-cylinders.net\/wp-content\/uploads\/2025\/04\/songte-company-4.webp\" alt=\"\u015eirket Genel Bak\u0131\u015f\u0131\"><br \/>\n<img decoding=\"async\" src=\"https:\/\/www.hydraulic-cylinders.net\/wp-content\/uploads\/2025\/04\/songte-company-3.webp\" alt=\"\u00dcretim Ekipmanlar\u0131\"><\/p>\n<p>Yazar: lyl<\/p>","protected":false},"excerpt":{"rendered":"<p>Boom Cylinder For Yuchai YC35-8 Product Overview The Boom Cylinder for Yuchai YC35-8 is a specialized hydraulic cylinder designed to control the movement of the boom in heavy machinery such as excavators, backhoe loaders, and front loaders. This type of hydraulic cylinder plays a crucial role in various material handling tasks, allowing operators to lift, [&hellip;]<\/p>","protected":false},"featured_media":17869,"comment_status":"open","ping_status":"closed","template":"","meta":{"_et_pb_use_builder":"","_et_pb_old_content":"","_et_gb_content_width":""},"product_brand":[],"product_cat":[1546],"product_tag":[1547,1496],"class_list":{"0":"post-19576","1":"product","2":"type-product","3":"status-publish","4":"has-post-thumbnail","6":"product_cat-boom-cylinders","7":"product_tag-boom-cylinders","8":"product_tag-hydraulic-cylinders","10":"first","11":"instock","12":"shipping-taxable","13":"product-type-simple"},"amp_enabled":true,"_links":{"self":[{"href":"https:\/\/www.hydraulic-cylinders.net\/tr\/wp-json\/wp\/v2\/product\/19576","targetHints":{"allow":["GET"]}}],"collection":[{"href":"https:\/\/www.hydraulic-cylinders.net\/tr\/wp-json\/wp\/v2\/product"}],"about":[{"href":"https:\/\/www.hydraulic-cylinders.net\/tr\/wp-json\/wp\/v2\/types\/product"}],"replies":[{"embeddable":true,"href":"https:\/\/www.hydraulic-cylinders.net\/tr\/wp-json\/wp\/v2\/comments?post=19576"}],"wp:featuredmedia":[{"embeddable":true,"href":"https:\/\/www.hydraulic-cylinders.net\/tr\/wp-json\/wp\/v2\/media\/17869"}],"wp:attachment":[{"href":"https:\/\/www.hydraulic-cylinders.net\/tr\/wp-json\/wp\/v2\/media?parent=19576"}],"wp:term":[{"taxonomy":"product_brand","embeddable":true,"href":"https:\/\/www.hydraulic-cylinders.net\/tr\/wp-json\/wp\/v2\/product_brand?post=19576"},{"taxonomy":"product_cat","embeddable":true,"href":"https:\/\/www.hydraulic-cylinders.net\/tr\/wp-json\/wp\/v2\/product_cat?post=19576"},{"taxonomy":"product_tag","embeddable":true,"href":"https:\/\/www.hydraulic-cylinders.net\/tr\/wp-json\/wp\/v2\/product_tag?post=19576"}],"curies":[{"name":"wp","href":"https:\/\/api.w.org\/{rel}","templated":true}]}}