{"id":19578,"date":"2025-04-07T06:55:27","date_gmt":"2025-04-07T06:55:27","guid":{"rendered":"https:\/\/www.hydraulic-cylinders.net\/product\/boom-cylinder-for-yuchai-yc55-8\/"},"modified":"2025-04-07T06:55:30","modified_gmt":"2025-04-07T06:55:30","slug":"boom-cylinder-for-yuchai-yc55-8","status":"publish","type":"product","link":"https:\/\/www.hydraulic-cylinders.net\/tr\/urun\/boom-cylinder-for-yuchai-yc55-8\/","title":{"rendered":"Yuchai YC55-8 i\u00e7in Bom Silindiri"},"content":{"rendered":"<h1>Yuchai YC55-8 i\u00e7in Bom Silindiri<\/h1>\n<h2>\u00dcr\u00fcn Genel Bak\u0131\u015f\u0131<\/h2>\n<p>Yuchai YC55-8 i\u00e7in tasarlanm\u0131\u015f bom silindiri, a\u011f\u0131r makinelerde kritik bir bile\u015fendir ve \u00f6zellikle \u00e7e\u015fitli uygulamalarda kep\u00e7elerin hareketini kontrol etmek i\u00e7in tasarlanm\u0131\u015ft\u0131r. Bu hidrolik silindir, ekskavat\u00f6rler, beko kep\u00e7eler ve \u00f6n y\u00fckleyiciler i\u00e7in gereklidir ve kep\u00e7enin y\u00fckseltilmesi, al\u00e7alt\u0131lmas\u0131 ve e\u011filmesinin hassas bir \u015fekilde kontrol edilmesini sa\u011flar. Bu hareketleri kolayla\u015ft\u0131rarak, malzeme ta\u015f\u0131ma g\u00f6revlerinde hayati bir rol oynar ve operasyonlarda verimlilik ve etkinli\u011fi sa\u011flar.<\/p>\n<p><img decoding=\"async\" src=\"https:\/\/www.hydraulic-cylinders.net\/wp-content\/uploads\/2025\/04\/songte-company-1.webp\" alt=\"Bom Silindiri\"><\/p>\n<h3>Tan\u0131m ve \u0130\u015flev<\/h3>\n<p>Kep\u00e7e silindiri, a\u011f\u0131r makinelerde kep\u00e7enin hareketini y\u00f6netmek i\u00e7in kullan\u0131lan \u00f6zel bir hidrolik silindirdir. Ba\u015fl\u0131ca i\u015flevi, malzeme ta\u015f\u0131may\u0131 optimize etmek i\u00e7in kep\u00e7eyi kald\u0131rmak, indirmek ve e\u011fmektir. Bu silindirler, hareket olu\u015fturmak i\u00e7in bas\u0131n\u00e7 alt\u0131nda hidrolik s\u0131v\u0131 kullan\u0131r ve operat\u00f6rlerin kazma, y\u00fckleme ve malzeme ta\u015f\u0131ma gibi g\u00f6revleri kolayl\u0131kla ger\u00e7ekle\u015ftirmelerini sa\u011flar. Kep\u00e7e silindirlerinin tasar\u0131m\u0131, y\u00fcksek mukavemet ve dayan\u0131kl\u0131l\u0131\u011f\u0131 g\u00f6z \u00f6n\u00fcnde bulundurarak, \u00e7e\u015fitli zorlu ortamlar i\u00e7in hayati \u00f6nem ta\u015f\u0131r.<\/p>\n<h2>Temel \u00d6zellikler<\/h2>\n<ul>\n<li><strong>Y\u00fcksek Dayan\u0131kl\u0131l\u0131k ve Dayan\u0131kl\u0131l\u0131k:<\/strong> Genellikle y\u00fcksek mukavemetli \u00e7elik veya al\u00fcminyumdan yap\u0131lan bu silindirler, y\u00fcksek bas\u0131nca ve a\u011f\u0131r y\u00fcklere dayanabilir, bu da onlar\u0131 zorlu \u00e7al\u0131\u015fma ko\u015fullar\u0131 i\u00e7in uygun hale getirir.<\/li>\n<li><strong>Verimli Hidrolik \u00c7al\u0131\u015fma:<\/strong> Bom silindiri sorunsuz \u00e7al\u0131\u015farak kontrol komutlar\u0131na h\u0131zl\u0131 yan\u0131t verir ve a\u011f\u0131r ve karma\u015f\u0131k i\u015flerin \u00fcstesinden gelmek i\u00e7in \u00f6nemli itme ve \u00e7ekme kuvvetleri sa\u011flar.<\/li>\n<li><strong>\u00c7e\u015fitli T\u00fcrler:<\/strong> Tek ve \u00e7ift etkili se\u00e7enekleriyle, farkl\u0131 operasyonel ihtiya\u00e7lar\u0131 kar\u015f\u0131layacak \u015fekilde \u00f6zel \u00e7\u00f6z\u00fcmler sunulmaktad\u0131r. Baz\u0131 modeller teleskopiktir, bu da d\u0131\u015f boyutlar\u0131 art\u0131rmadan daha fazla uzatma imkan\u0131 sa\u011flar ve dar alanlar i\u00e7in idealdir.<\/li>\n<\/ul>\n<p>Bu \u00fcr\u00fcn\u00fc, mevcut hidrolik silindirlerin yerine sorunsuz bir \u015fekilde ge\u00e7ecek \u015fekilde m\u00fckemmel bir bi\u00e7imde \u00fcretebiliriz. <\/p>\n<p><img decoding=\"async\" src=\"https:\/\/www.hydraulic-cylinders.net\/wp-content\/uploads\/2025\/04\/songte-cylinder-head-with-all-kinds-excavator-models.webp\" alt=\"Ekskavat\u00f6r Modelleri\"><\/p>\n<h2>Uygulamalar<\/h2>\n<h3>\u0130n\u015faat Ekipmanlar\u0131<\/h3>\n<p>Ekskavat\u00f6rlerde, bom silindirleri toprak veya molozun kaz\u0131lmas\u0131, y\u00fcklenmesi ve ta\u015f\u0131nmas\u0131 i\u00e7in \u00e7ok \u00f6nemlidir. Operat\u00f6rlerin kep\u00e7enin derinli\u011fini ve a\u00e7\u0131s\u0131n\u0131 kontrol etmelerini sa\u011flayarak kaz\u0131 s\u00fcrecini iyile\u015ftirir ve malzeme kald\u0131rma verimlili\u011fini en \u00fcst d\u00fczeye \u00e7\u0131kar\u0131r.<\/p>\n<h3>Tar\u0131m Makinalar\u0131<\/h3>\n<p>\u00d6n y\u00fckleyicilerde, bom silindirleri toprak, saman ve \u00e7e\u015fitli malzemelerin kep\u00e7elenmesi, kald\u0131r\u0131lmas\u0131 ve ta\u015f\u0131nmas\u0131na yard\u0131mc\u0131 olur. Sa\u011flam tasar\u0131mlar\u0131, zorlu g\u00f6revleri etkili bir \u015fekilde yerine getirdikleri tar\u0131msal ortamlarda g\u00fcvenilir performans sa\u011flar.<\/p>\n<h3>Ekskavat\u00f6rler<\/h3>\n<p>Kep\u00e7e silindirleri, ekskavat\u00f6rlerin topra\u011fa etkili bir \u015fekilde n\u00fcfuz etmesini sa\u011flayarak sorunsuz kaz\u0131 i\u015flemlerine olanak tan\u0131r. Tasar\u0131mlar\u0131, kep\u00e7e konumland\u0131rmas\u0131nda hassasiyet sa\u011flayarak kaz\u0131 g\u00f6revleri s\u0131ras\u0131nda optimum performans sa\u011flar.<\/p>\n<h3>Y\u00fckleyiciler<\/h3>\n<p>\u00d6n y\u00fckleyicilerde, bom silindirleri malzemelerin verimli bir \u015fekilde kald\u0131r\u0131lmas\u0131na ve bo\u015falt\u0131lmas\u0131na yard\u0131mc\u0131 olur. G\u00fcvenilir \u00e7al\u0131\u015fmalar\u0131, a\u011f\u0131r y\u00fcklerin g\u00fcvenli bir \u015fekilde ta\u015f\u0131nmas\u0131n\u0131 sa\u011flayarak \u015fantiyelerde verimlili\u011fi art\u0131r\u0131r.<\/p>\n<h2>Tasar\u0131m Hususlar\u0131 ve Se\u00e7im Kriterleri<\/h2>\n<h3>Y\u00fck Kapasitesi<\/h3>\n<p>Bom silindiri se\u00e7erken y\u00fck ta\u015f\u0131ma kapasitesi kritik bir fakt\u00f6rd\u00fcr. Silindirin g\u00fcvenli bir \u015fekilde kald\u0131rabilece\u011fi maksimum a\u011f\u0131rl\u0131\u011f\u0131 ifade eder ve silindirin malzemesi, boyutu ve hidrolik tasar\u0131m\u0131 taraf\u0131ndan belirlenir. Silindirin gerekli y\u00fck\u00fc ar\u0131za olmadan kald\u0131rabilmesini sa\u011flamak, g\u00fcvenli \u00e7al\u0131\u015fma i\u00e7in \u00e7ok \u00f6nemlidir.<\/p>\n<h3>S\u0131zd\u0131rmazl\u0131k Mekanizmalar\u0131<\/h3>\n<p>Etkili s\u0131zd\u0131rmazl\u0131k, hidrolik s\u0131v\u0131 s\u0131z\u0131nt\u0131lar\u0131n\u0131 \u00f6nlemek ve optimum performans\u0131 sa\u011flamak i\u00e7in hayati \u00f6neme sahiptir. Poli\u00fcretan veya nitril kau\u00e7uk gibi dayan\u0131kl\u0131 malzemelerden yap\u0131lm\u0131\u015f piston contalar\u0131 ve mil contalar\u0131 gibi y\u00fcksek kaliteli contalar\u0131n se\u00e7imi, silindirin \u00f6mr\u00fcn\u00fc ve verimlili\u011fini art\u0131r\u0131r.<\/p>\n<h3>Dayan\u0131kl\u0131l\u0131k<\/h3>\n<p>Bom silindirlerinin \u00e7al\u0131\u015ft\u0131\u011f\u0131 zorlu ortamlarda dayan\u0131kl\u0131l\u0131k son derece \u00f6nemlidir. Tasar\u0131m, a\u015f\u0131nmaya, korozyona ve bas\u0131n\u00e7 dalgalanmalar\u0131na dayanacak, uzun bir kullan\u0131m \u00f6mr\u00fc ve daha az bak\u0131m ihtiyac\u0131 sa\u011flayacak a\u015f\u0131nmaya dayan\u0131kl\u0131 malzemeler ve kaplamalar i\u00e7ermelidir.<\/p>\n<h3>G\u00fcvenlik \u00d6zellikleri<\/h3>\n<p>Silindir ar\u0131zas\u0131ndan kaynaklanan kazalar\u0131 \u00f6nlemek i\u00e7in bas\u0131n\u00e7 tahliye vanalar\u0131 ve sa\u011flam montaj braketleri gibi g\u00fcvenlik \u00f6zelliklerinin dikkate al\u0131nmas\u0131 gereklidir. Bu \u00f6zellikler, hidrolik sistemin \u00e7e\u015fitli ko\u015fullar alt\u0131nda g\u00fcvenli bir \u015fekilde \u00e7al\u0131\u015fmas\u0131n\u0131 sa\u011flar.<\/p>\n<h3>Bak\u0131m Eri\u015filebilirli\u011fi<\/h3>\n<p>Bak\u0131m kolayl\u0131\u011f\u0131 g\u00f6z \u00f6n\u00fcnde bulundurularak tasarlanan hidrolik silindirler, inceleme ve onar\u0131mlar\u0131 kolayla\u015ft\u0131r\u0131r. Eri\u015filebilir gres ba\u011flant\u0131 noktalar\u0131 ve kolay de\u011fi\u015ftirilebilen contalar gibi \u00f6zellikler, ar\u0131za s\u00fcrelerini ve operasyonel aksamalar\u0131 en aza indirmeye katk\u0131da bulunur.<\/p>\n<p><img decoding=\"async\" src=\"https:\/\/www.hydraulic-cylinders.net\/wp-content\/uploads\/2025\/04\/songte-oil-pipes-and-spare-parts.webp\" alt=\"Hidrolik Par\u00e7alar\"><\/p>\n<h2>S\u0131zd\u0131rmazl\u0131k ve Ya\u011flama<\/h2>\n<p>Bom silindirlerinin uzun \u00f6m\u00fcrl\u00fc olmas\u0131n\u0131 sa\u011flamak, piston contalar\u0131 ve mil contalar\u0131 gibi \u00e7e\u015fitli s\u0131zd\u0131rmazl\u0131k bile\u015fenlerinin kullan\u0131lmas\u0131n\u0131 gerektirir. A\u015f\u0131nma direnci ve dayan\u0131kl\u0131l\u0131klar\u0131 nedeniyle poli\u00fcretan ve nitril kau\u00e7uk gibi y\u00fcksek performansl\u0131 malzemeler se\u00e7ilir. Silindir g\u00f6vdesinin ve di\u015fli u\u00e7lar\u0131n\u0131n uygun y\u00fczey i\u015flemi, a\u015f\u0131nma direncini art\u0131rarak erken ar\u0131zay\u0131 \u00f6nler. Optimum performans\u0131 korumak ve a\u015f\u0131nmay\u0131 \u00f6nlemek i\u00e7in hidrolik ya\u011f ile d\u00fczenli ya\u011flama \u015fartt\u0131r.<\/p>\n<h2>D\u00fczenli Muayene ve \u00d6nleyici Bak\u0131m<\/h2>\n<ul>\n<li><strong>D\u00fczenli Denetimler:<\/strong> D\u00fczenli g\u00f6rsel incelemeler yapmak, a\u015f\u0131nma ve y\u0131pranmay\u0131 erken a\u015famada tespit etmeye yard\u0131mc\u0131 olur. Ya\u011f s\u0131z\u0131nt\u0131s\u0131, korozyon veya yap\u0131sal hasar belirtileri olup olmad\u0131\u011f\u0131n\u0131 kontrol edin.<\/li>\n<li><strong>Uygun Ya\u011flama:<\/strong> Silindir i\u015flevselli\u011fi i\u00e7in hayati \u00f6nem ta\u015f\u0131yan etkili ya\u011flamay\u0131 sa\u011flamak amac\u0131yla hidrolik ya\u011f seviyelerinin yeterli ve ya\u011f\u0131n temiz oldu\u011fundan emin olun.<\/li>\n<li><strong>Conta De\u011fi\u015fimi:<\/strong> Contalar\u0131n a\u015f\u0131nma durumunu d\u00fczenli olarak kontrol edin. A\u015f\u0131nma belirtilerinin ilk g\u00f6r\u00fcld\u00fc\u011f\u00fc anda de\u011fi\u015ftirilmeleri, maliyetli onar\u0131mlar\u0131 ve ar\u0131za s\u00fcrelerini \u00f6nleyebilir.<\/li>\n<\/ul>\n<h2>Kurulum Talimatlar\u0131<\/h2>\n<p>Bom silindirinin do\u011fru montaj\u0131, optimum performans i\u00e7in \u00e7ok \u00f6nemlidir. \u00d6ncelikle montaj y\u00fczeylerinin temiz ve kal\u0131nt\u0131lardan ar\u0131nd\u0131r\u0131lm\u0131\u015f oldu\u011fundan emin olun. Silindiri do\u011fru bir \u015fekilde konumland\u0131rmak i\u00e7in do\u011fru hizalama ara\u00e7lar\u0131n\u0131 kullan\u0131n ve erken a\u015f\u0131nmaya yol a\u00e7abilecek herhangi bir yanl\u0131\u015f hizalamay\u0131 \u00f6nleyin. \u00c7al\u0131\u015fma s\u0131ras\u0131nda hareket etmesini \u00f6nlemek i\u00e7in silindiri uygun montaj braketleri kullanarak sabitleyin. G\u00fcvenli bir montaj sa\u011flamak i\u00e7in tork ayarlar\u0131 konusunda her zaman \u00fcreticinin spesifikasyonlar\u0131na bak\u0131n. Montajdan sonra, her \u015feyin do\u011fru \u00e7al\u0131\u015ft\u0131\u011f\u0131ndan emin olmak i\u00e7in sistemi kontroll\u00fc ko\u015fullar alt\u0131nda test edin.<\/p>\n<h2>Yayg\u0131n Bak\u0131m G\u00f6revleri<\/h2>\n<ul>\n<li><strong>D\u00fczenli Kontroller:<\/strong> A\u015f\u0131nma veya hasar belirtilerini izlemek i\u00e7in d\u00fczenli kontroller yap\u0131lmal\u0131d\u0131r. Bu, silindirin s\u0131z\u0131nt\u0131 a\u00e7\u0131s\u0131ndan incelenmesini ve t\u00fcm ba\u011flant\u0131lar\u0131n sa\u011flam oldu\u011fundan emin olunmas\u0131n\u0131 i\u00e7erir.<\/li>\n<li><strong>Uygun Ya\u011flama:<\/strong> S\u00fcrt\u00fcnmeyi ve a\u015f\u0131nmay\u0131 azaltmak i\u00e7in t\u00fcm hareketli par\u00e7alar\u0131n yeterince ya\u011fland\u0131\u011f\u0131ndan emin olun. Ya\u011flama seviyelerini d\u00fczenli olarak kontrol edin ve gerekti\u011finde ya\u011f ekleyin.<\/li>\n<li><strong>Conta De\u011fi\u015fimi:<\/strong> Hidrolik s\u0131v\u0131 s\u0131z\u0131nt\u0131lar\u0131n\u0131 \u00f6nlemek i\u00e7in contalar d\u00fczenli olarak a\u015f\u0131nma a\u00e7\u0131s\u0131ndan kontrol edilmeli ve gerekti\u011finde de\u011fi\u015ftirilmelidir; aksi takdirde performans d\u00fc\u015f\u00fc\u015f\u00fc ve sistem ar\u0131zas\u0131 meydana gelebilir.<\/li>\n<\/ul>\n<h2>G\u00fcvenlik Hususlar\u0131 ve \u00c7evresel Fakt\u00f6rler<\/h2>\n<p>Hidrolik sistemlerin \u00e7al\u0131\u015ft\u0131r\u0131lmas\u0131nda g\u00fcvenlik \u00f6nlemleri son derece \u00f6nemlidir. Operat\u00f6rler, ekipman\u0131n g\u00fcvenli kullan\u0131m\u0131 konusunda e\u011fitilmeli ve potansiyel tehlikelerin fark\u0131nda olmal\u0131d\u0131r. G\u00fcvenlik ekipmanlar\u0131 giyilmeli ve operasyonel riskleri azaltmak i\u00e7in d\u00fczenli bak\u0131m kontrolleri yap\u0131lmal\u0131d\u0131r. Ayr\u0131ca, yerel d\u00fczenlemelere uyularak hidrolik s\u0131v\u0131lar\u0131n ve at\u0131k malzemelerin uygun \u015fekilde bertaraf edilmesi, \u00e7evresel etkiyi en aza indirmek i\u00e7in \u00e7ok \u00f6nemlidir.<\/p>\n<h2>Yayg\u0131n Sorunlar\u0131n Giderilmesi<\/h2>\n<ul>\n<li><strong>S\u0131z\u0131nt\u0131:<\/strong> Silindirden hidrolik s\u0131v\u0131 s\u0131z\u0131yorsa, contalar\u0131 ve ba\u011flant\u0131lar\u0131 a\u015f\u0131nma veya hasar a\u00e7\u0131s\u0131ndan kontrol edin. \u0130\u015flevselli\u011fi geri kazand\u0131rmak i\u00e7in ar\u0131zal\u0131 par\u00e7alar\u0131 de\u011fi\u015ftirin.<\/li>\n<li><strong>D\u00fc\u015f\u00fck Performans:<\/strong> Silindir d\u00fczg\u00fcn bir \u015fekilde uzam\u0131yor veya geri \u00e7ekilmiyorsa, hidrolik s\u0131v\u0131 seviyelerini ve kalitesini kontrol edin. Kirlenmi\u015f s\u0131v\u0131 de\u011fi\u015ftirilmesi gerekebilir.<\/li>\n<li><strong>Al\u0131\u015f\u0131lmad\u0131k Sesler:<\/strong> \u00c7al\u0131\u015fma s\u0131ras\u0131nda duyulan sesler, mekanik sorunlara veya hidrolik sistemde hava bulunmas\u0131na i\u015faret edebilir. Havay\u0131 gidermek i\u00e7in sistemi havaland\u0131r\u0131n ve hasarl\u0131 par\u00e7alar\u0131 kontrol edin.<\/li>\n<\/ul>\n<p>\u00d6nleyici tedbirler aras\u0131nda, olas\u0131 sorunlar\u0131 en aza indirmek ve sistemin sorunsuz \u00e7al\u0131\u015fmas\u0131n\u0131 sa\u011flamak i\u00e7in d\u00fczenli kontroller ve h\u0131zl\u0131 onar\u0131mlar yer almaktad\u0131r.<\/p>\n<p><img decoding=\"async\" src=\"https:\/\/www.hydraulic-cylinders.net\/wp-content\/uploads\/2025\/04\/songte-bushings-with-all-kinds-of-excavator-models.webp\" alt=\"Ekskavat\u00f6r Par\u00e7alar\u0131\"><\/p>\n<h2>\u015eirketimiz Hakk\u0131nda<\/h2>\n<p>\u00d6nde gelen yedek hidrolik silindir \u00fcreticisi olarak, hem yurt i\u00e7i hem de uluslararas\u0131 pazarlar i\u00e7in kapsaml\u0131 bir \u00fcr\u00fcn yelpazesi sunuyoruz. M\u00fckemmelli\u011fe olan ba\u011fl\u0131l\u0131\u011f\u0131m\u0131z, y\u00fcksek kaliteli \u00fcretime odaklanan geli\u015fmi\u015f bir \u00fcretim y\u00f6netim stratejisiyle desteklenmektedir. Nitelikli i\u015f g\u00fcc\u00fcm\u00fcz, geli\u015fmi\u015f y\u00fcksek teknoloji \u00fcretim ekipmanlar\u0131m\u0131z ve sa\u011flam bir kalite kontrol sistemimizle, \u00fcretim yeteneklerimizi s\u00fcrekli olarak geli\u015ftirerek, \u00e7e\u015fitli m\u00fc\u015fteri ihtiya\u00e7lar\u0131n\u0131 y\u00fcksek verimlilik, hassasiyet ve kaliteyle kar\u015f\u0131lamay\u0131 sa\u011fl\u0131yoruz.<\/p>\n<p>Uzmanl\u0131k alanlar\u0131m\u0131z \u015funlard\u0131r:<\/p>\n<ul>\n<li><strong>Profesyonellik:<\/strong> Ekibimiz hidrolik sistemler konusunda uzman ki\u015filerden olu\u015fmakta olup, bu sayede en \u00fcst d\u00fczey \u00fcr\u00fcnleri sunmam\u0131z\u0131 sa\u011flamaktad\u0131r.<\/li>\n<li><strong>Uluslararas\u0131 Sertifikalar:<\/strong> K\u00fcresel standartlara ba\u011fl\u0131 kalarak, titiz kalite gereksinimlerini kar\u015f\u0131layan \u00fcr\u00fcnler sunuyoruz.<\/li>\n<li><strong>\u00d6zel Hizmetler:<\/strong> M\u00fc\u015fterilerimizin \u00f6zel taleplerini kar\u015f\u0131lamak \u00fczere \u00f6zel \u00e7\u00f6z\u00fcmler sunuyoruz.<\/li>\n<li><strong>Geli\u015fmi\u015f \u00dcretim Ekipmanlar\u0131:<\/strong> Son teknolojiyle donat\u0131lm\u0131\u015f \u00fcretim tesislerimiz y\u00fcksek kaliteli \u00fcr\u00fcn \u00e7\u0131kt\u0131s\u0131 sa\u011flamaktad\u0131r.<\/li>\n<li><strong>Sat\u0131\u015f Sonras\u0131 Destek:<\/strong> M\u00fc\u015fterilerimize sat\u0131n alma sonras\u0131 her t\u00fcrl\u00fc soru veya sorun konusunda yard\u0131mc\u0131 olmak i\u00e7in \u00f6zel destek ekibimiz mevcuttur.<\/li>\n<\/ul>\n<p><img decoding=\"async\" src=\"https:\/\/www.hydraulic-cylinders.net\/wp-content\/uploads\/2025\/04\/songte-company-4.webp\" alt=\"\u015eirket Genel Bak\u0131\u015f\u0131\"><br \/>\n<img decoding=\"async\" src=\"https:\/\/www.hydraulic-cylinders.net\/wp-content\/uploads\/2025\/04\/songte-company-3.webp\" alt=\"\u015eirket Tesisleri\"><\/p>\n<p>Yazar: lyl<\/p>","protected":false},"excerpt":{"rendered":"<p>Boom Cylinder For Yuchai YC55-8 Product Overview The Boom Cylinder for Yuchai YC55-8 is a critical component in heavy machinery, specifically designed to control the movement of buckets in various applications. This hydraulic cylinder is essential for excavators, backhoes, and front loaders, allowing for precise manipulation of the bucket&#8217;s elevation, lowering, and tilting. By facilitating [&hellip;]<\/p>","protected":false},"featured_media":17871,"comment_status":"open","ping_status":"closed","template":"","meta":{"_et_pb_use_builder":"","_et_pb_old_content":"","_et_gb_content_width":""},"product_brand":[],"product_cat":[1546],"product_tag":[1547,1496],"class_list":{"0":"post-19578","1":"product","2":"type-product","3":"status-publish","4":"has-post-thumbnail","6":"product_cat-boom-cylinders","7":"product_tag-boom-cylinders","8":"product_tag-hydraulic-cylinders","10":"first","11":"instock","12":"shipping-taxable","13":"product-type-simple"},"amp_enabled":true,"_links":{"self":[{"href":"https:\/\/www.hydraulic-cylinders.net\/tr\/wp-json\/wp\/v2\/product\/19578","targetHints":{"allow":["GET"]}}],"collection":[{"href":"https:\/\/www.hydraulic-cylinders.net\/tr\/wp-json\/wp\/v2\/product"}],"about":[{"href":"https:\/\/www.hydraulic-cylinders.net\/tr\/wp-json\/wp\/v2\/types\/product"}],"replies":[{"embeddable":true,"href":"https:\/\/www.hydraulic-cylinders.net\/tr\/wp-json\/wp\/v2\/comments?post=19578"}],"wp:featuredmedia":[{"embeddable":true,"href":"https:\/\/www.hydraulic-cylinders.net\/tr\/wp-json\/wp\/v2\/media\/17871"}],"wp:attachment":[{"href":"https:\/\/www.hydraulic-cylinders.net\/tr\/wp-json\/wp\/v2\/media?parent=19578"}],"wp:term":[{"taxonomy":"product_brand","embeddable":true,"href":"https:\/\/www.hydraulic-cylinders.net\/tr\/wp-json\/wp\/v2\/product_brand?post=19578"},{"taxonomy":"product_cat","embeddable":true,"href":"https:\/\/www.hydraulic-cylinders.net\/tr\/wp-json\/wp\/v2\/product_cat?post=19578"},{"taxonomy":"product_tag","embeddable":true,"href":"https:\/\/www.hydraulic-cylinders.net\/tr\/wp-json\/wp\/v2\/product_tag?post=19578"}],"curies":[{"name":"wp","href":"https:\/\/api.w.org\/{rel}","templated":true}]}}