{"id":19582,"date":"2025-04-07T06:55:53","date_gmt":"2025-04-07T06:55:53","guid":{"rendered":"https:\/\/www.hydraulic-cylinders.net\/product\/boom-cylinder-for-yuchai-yc18-8\/"},"modified":"2025-04-07T06:55:56","modified_gmt":"2025-04-07T06:55:56","slug":"boom-cylinder-for-yuchai-yc18-8","status":"publish","type":"product","link":"https:\/\/www.hydraulic-cylinders.net\/tr\/urun\/boom-cylinder-for-yuchai-yc18-8\/","title":{"rendered":"Yuchai YC18-8 i\u00e7in Bom Silindiri"},"content":{"rendered":"<h1>Yuchai YC18-8 i\u00e7in Bom Silindiri<\/h1>\n<h2>\u00dcr\u00fcn Genel Bak\u0131\u015f\u0131<\/h2>\n<p>Yuchai YC18-8 i\u00e7in tasarlanm\u0131\u015f olan bu hidrolik silindir, ekskavat\u00f6rler, beko y\u00fckleyiciler ve \u00f6n y\u00fckleyiciler de dahil olmak \u00fczere \u00e7e\u015fitli a\u011f\u0131r makinelerde kep\u00e7enin hareketini kontrol etmede kritik bir rol oynar. Bu hidrolik silindir, kep\u00e7enin kalkmas\u0131n\u0131, al\u00e7almas\u0131n\u0131 ve e\u011filmesini sa\u011flayarak verimli malzeme ta\u015f\u0131ma i\u015flemlerini kolayla\u015ft\u0131r\u0131r. Y\u00fcksek bas\u0131n\u00e7lara ve a\u011f\u0131r y\u00fcklere dayanacak \u015fekilde tasarlanan bu silindirler, in\u015faat ve tar\u0131m makinelerinde optimum performans sa\u011flayan hidrolik sistemlerin temel bile\u015fenleridir.<\/p>\n<p><img decoding=\"async\" src=\"https:\/\/www.hydraulic-cylinders.net\/wp-content\/uploads\/2025\/04\/songte-company-1.webp\" alt=\"Yuchai YC18-8 i\u00e7in Bom Silindiri\" \/><\/p>\n<h2>Temel \u00d6zellikler<\/h2>\n<ul>\n<li>\n<h3>Y\u00fcksek G\u00fc\u00e7 ve Dayan\u0131kl\u0131l\u0131k<\/h3>\n<p>Y\u00fcksek mukavemetli \u00e7elik veya al\u00fcminyumdan \u00fcretilen bu silindirler, zorlu \u00e7al\u0131\u015fma ortamlar\u0131na uyum sa\u011flarken y\u00fcksek bas\u0131nca ve a\u011f\u0131r y\u00fcklere dayanabilirler. A\u015f\u0131nma ve korozyon direnci g\u00f6z \u00f6n\u00fcnde bulundurularak tasarlanm\u0131\u015f olup kullan\u0131m \u00f6m\u00fcrleri uzat\u0131lm\u0131\u015ft\u0131r.<\/li>\n<li>\n<h3>Verimli Hidrolik \u00c7al\u0131\u015fma<\/h3>\n<p>Hidrolik ya\u011f\u0131n bas\u0131nc\u0131n\u0131 kullanan bu silindirler, d\u00fczg\u00fcn bir \u015fekilde uzama ve geri \u00e7ekilme sa\u011flayarak kontrol komutlar\u0131na h\u0131zl\u0131 bir \u015fekilde yan\u0131t verir ve a\u011f\u0131r nesnelerin ve karma\u015f\u0131k g\u00f6revlerin ta\u015f\u0131nmas\u0131 i\u00e7in uygun g\u00fc\u00e7l\u00fc itme ve \u00e7ekme yetenekleri sunar.<\/li>\n<li>\n<h3>\u00c7e\u015fitli T\u00fcrler<\/h3>\n<p>Silindirler, farkl\u0131 \u00e7al\u0131\u015fma ihtiya\u00e7lar\u0131n\u0131 kar\u015f\u0131lamak \u00fczere tek etkili (tek y\u00f6nde \u00e7al\u0131\u015fan) ve \u00e7ift etkili (iki y\u00f6nde \u00e7al\u0131\u015fan) konfig\u00fcrasyonlar dahil olmak \u00fczere \u00e7e\u015fitli tiplerde mevcuttur. Baz\u0131 modeller teleskopiktir ve d\u0131\u015f boyutlar\u0131 art\u0131rmadan daha fazla uzatmaya olanak tan\u0131r; bu da alan k\u0131s\u0131tlamal\u0131 uygulamalar i\u00e7in idealdir.<\/li>\n<li>\n<h3>\u00d6zel \u00dcretim<\/h3>\n<p>Bu \u00fcr\u00fcn\u00fc, mevcut hidrolik silindirlerin yerine m\u00fckemmel bir \u015fekilde ge\u00e7ecek \u015fekilde \u00fcretiyoruz ve bu sayede uyumluluk ve performans g\u00fcvenilirli\u011fi sa\u011fl\u0131yoruz.<\/li>\n<li>\n<h3>\u00c7ok Y\u00f6nl\u00fc Uygulamalar<\/h3>\n<p>\u00c7e\u015fitli a\u011f\u0131r i\u015f makineleri t\u00fcrleri i\u00e7in tasarlanan bu sistemler, farkl\u0131 operasyonel senaryolara uyarlanabilir ve \u00e7e\u015fitli sekt\u00f6rlerde verimlili\u011fi art\u0131rabilir.<\/li>\n<\/ul>\n<p><img decoding=\"async\" src=\"https:\/\/www.hydraulic-cylinders.net\/wp-content\/uploads\/2025\/04\/songte-cylinder-head-with-all-kinds-excavator-models.webp\" alt=\"Hidrolik Silindir \u00c7e\u015fitleri\" \/><\/p>\n<h2>Bom Silindirinin Uygulamalar\u0131<\/h2>\n<h3>\u0130n\u015faat Ekipmanlar\u0131<\/h3>\n<p>Ekskavat\u00f6rlerde, bom silindiri kazma, y\u00fckleme ve toprak veya moloz ta\u015f\u0131ma i\u015flemleri i\u00e7in hayati \u00f6neme sahiptir. Kep\u00e7eyi kald\u0131rmak i\u00e7in gerekli kuvveti sa\u011flar ve i\u015flemler s\u0131ras\u0131nda hassas konumland\u0131rmaya olanak tan\u0131r. Kaz\u0131c\u0131 y\u00fckleyicilerde ise silindir hem kazma hem de kald\u0131rma i\u015flemlerini kolayla\u015ft\u0131rarak \u015fantiyelerde verimlili\u011fe \u00f6nemli \u00f6l\u00e7\u00fcde katk\u0131da bulunur.<\/p>\n<h3>Tar\u0131m Makinalar\u0131<\/h3>\n<p>Bu silindirler, toprak, saman ve di\u011fer malzemeleri kep\u00e7eyle almak, kald\u0131rmak ve ta\u015f\u0131mak i\u00e7in kullan\u0131lan \u00f6n y\u00fckleyicilerde hayati \u00f6neme sahiptir. Hidrolik g\u00fc\u00e7leri, tar\u0131msal ortamlarda sorunsuz \u00e7al\u0131\u015fma sa\u011flayarak verimlili\u011fi art\u0131r\u0131r ve manuel i\u015f g\u00fcc\u00fcn\u00fc azalt\u0131r.<\/p>\n<h3>Ekskavat\u00f6rler<\/h3>\n<p>Bom silindiri, kep\u00e7enin topra\u011fa n\u00fcfuz etmesini sa\u011flayarak etkili kaz\u0131 i\u015flemlerini kolayla\u015ft\u0131r\u0131r. Hidrolik g\u00fc\u00e7, zorlu ko\u015fullar alt\u0131nda \u00e7al\u0131\u015fma yetene\u011fi sa\u011flayarak, \u00e7e\u015fitli arazilerdeki kaz\u0131 i\u015fleri i\u00e7in vazge\u00e7ilmez bir bile\u015fen haline getirir.<\/p>\n<h3>Y\u00fckleyiciler<\/h3>\n<p>\u00d6n y\u00fckleyicilerde, bom silindiri malzemelerin verimli bir \u015fekilde kald\u0131r\u0131lmas\u0131na ve bo\u015falt\u0131lmas\u0131na yard\u0131mc\u0131 olur. Bu, a\u011f\u0131r y\u00fcklerin kolayl\u0131kla ta\u015f\u0131nmas\u0131n\u0131 sa\u011flayarak y\u00fckleme i\u015flemlerinin genel verimlili\u011fini art\u0131r\u0131r.<\/p>\n<h2>Tasar\u0131m Hususlar\u0131 ve Se\u00e7im Kriterleri<\/h2>\n<h3>Y\u00fck Kapasitesi<\/h3>\n<p>Bom silindirinin y\u00fck ta\u015f\u0131ma kapasitesi, kritik bir tasar\u0131m unsurudur. Ta\u015f\u0131nan veya kald\u0131r\u0131lan malzemelerin \u00f6zg\u00fcl a\u011f\u0131rl\u0131\u011f\u0131n\u0131 kald\u0131racak \u015fekilde tasarlanmal\u0131d\u0131r. Y\u00fck ta\u015f\u0131ma kapasitesinin do\u011fru hesaplanmas\u0131, silindirin maksimum \u00e7al\u0131\u015fma y\u00fckleri alt\u0131nda ar\u0131zas\u0131z \u00e7al\u0131\u015fabilmesini sa\u011flar.<\/p>\n<h3>S\u0131zd\u0131rmazl\u0131k Performans\u0131<\/h3>\n<p>Hidrolik s\u0131v\u0131 s\u0131z\u0131nt\u0131lar\u0131n\u0131 ve kirlenmesini \u00f6nlemek i\u00e7in etkili s\u0131zd\u0131rmazl\u0131k son derece \u00f6nemlidir. Tasar\u0131m, sistemin b\u00fct\u00fcnl\u00fc\u011f\u00fcn\u00fc ve performans\u0131n\u0131 zaman i\u00e7inde korumak i\u00e7in piston contalar\u0131 ve mil contalar\u0131 gibi dayan\u0131kl\u0131 contalar\u0131 i\u00e7ermelidir. Y\u00fcksek kaliteli contalar a\u015f\u0131nmay\u0131 en aza indirir ve hidrolik silindirin \u00f6mr\u00fcn\u00fc uzat\u0131r.<\/p>\n<h3>Dayan\u0131kl\u0131l\u0131k<\/h3>\n<p>\u00d6zellikle zorlu \u00e7al\u0131\u015fma ko\u015fullar\u0131nda dayan\u0131kl\u0131l\u0131k \u00e7ok \u00f6nemlidir. Bom silindirinin yap\u0131m\u0131nda kullan\u0131lan malzemeler a\u015f\u0131nmaya ve korozyona kar\u015f\u0131 diren\u00e7li olmal\u0131, b\u00f6ylece silindir uzun s\u00fcre i\u015flevsel kalmal\u0131d\u0131r. Malzeme b\u00fct\u00fcnl\u00fc\u011f\u00fcn\u00fcn d\u00fczenli olarak de\u011ferlendirilmesi, erken ar\u0131zalar\u0131 \u00f6nleyebilir.<\/p>\n<h3>G\u00fcvenlik \u00d6zellikleri<\/h3>\n<p>Hidrolik silindirlerin tasar\u0131m\u0131nda g\u00fcvenlik \u00f6ncelikli olmal\u0131d\u0131r. Bas\u0131n\u00e7 tahliye vanalar\u0131 gibi \u00f6zelliklerin eklenmesi, a\u015f\u0131r\u0131 y\u00fcklenmeyi ve \u00e7al\u0131\u015fma s\u0131ras\u0131nda olas\u0131 kazalar\u0131 \u00f6nleyebilir. G\u00fcvenlik standartlar\u0131n\u0131n kar\u015f\u0131lanmas\u0131 hem ekipman\u0131 hem de operat\u00f6rleri korur.<\/p>\n<h3>Bak\u0131m kolayl\u0131\u011f\u0131<\/h3>\n<p>Bak\u0131m kolayl\u0131\u011f\u0131na y\u00f6nelik tasar\u0131m, incelemeleri ve onar\u0131mlar\u0131 kolayla\u015ft\u0131r\u0131r. Bile\u015fenlere eri\u015filebilir olmal\u0131 ve tasar\u0131m, hidrolik sistemin \u00f6mr\u00fcn\u00fc uzatmak i\u00e7in conta de\u011fi\u015fimi ve ya\u011flama gibi rutin bak\u0131m i\u015flemlerini kolayla\u015ft\u0131rmal\u0131d\u0131r.<\/p>\n<p><img decoding=\"async\" src=\"https:\/\/www.hydraulic-cylinders.net\/wp-content\/uploads\/2025\/04\/songte-oil-pipes-and-spare-parts.webp\" alt=\"Hidrolik Silindir Bile\u015fenleri\" \/><\/p>\n<h2>S\u0131zd\u0131rmazl\u0131k ve Ya\u011flama<\/h2>\n<p>Hidrolik silindirin etkinli\u011fi b\u00fcy\u00fck \u00f6l\u00e7\u00fcde s\u0131zd\u0131rmazl\u0131k ve ya\u011flama sistemlerine ba\u011fl\u0131d\u0131r. Piston contalar\u0131 ve mil contalar\u0131 da dahil olmak \u00fczere \u00e7e\u015fitli contalar, hidrolik bas\u0131nc\u0131 korumak ve s\u0131z\u0131nt\u0131lar\u0131 \u00f6nlemek i\u00e7in \u00e7ok \u00f6nemlidir. A\u015f\u0131nmaya dayan\u0131kl\u0131 \u00f6zellikleri nedeniyle genellikle poli\u00fcretan ve nitril kau\u00e7uk gibi malzemeler kullan\u0131l\u0131r.<\/p>\n<p>Ayr\u0131ca, silindir g\u00f6vdesi ve di\u015fli u\u00e7 y\u00fczeyleri a\u015f\u0131nma direncini art\u0131rmak i\u00e7in hassas bir \u015fekilde i\u015flenmi\u015ftir. T\u00fcm hareketli par\u00e7alar\u0131n sorunsuz \u00e7al\u0131\u015fmas\u0131n\u0131 sa\u011flamak ve erken a\u015f\u0131nmaya yol a\u00e7abilecek s\u00fcrt\u00fcnmeyi en aza indirmek i\u00e7in hidrolik ya\u011f ile d\u00fczenli ya\u011flama \u015fartt\u0131r.<\/p>\n<h2>\u00d6nleyici Bak\u0131m \u00d6nlemleri<\/h2>\n<ul>\n<li>\n<h3>D\u00fczenli Denetimler<\/h3>\n<p>Bom silindirinde a\u015f\u0131nma veya hasar belirtileri olup olmad\u0131\u011f\u0131n\u0131 d\u00fczenli olarak kontrol etmek \u00e7ok \u00f6nemlidir. S\u0131z\u0131nt\u0131lar\u0131 kontrol etmek, contalar\u0131n sa\u011flam oldu\u011fundan emin olmak ve hidrolik hortumlar\u0131n durumunu de\u011ferlendirmek, sorunlar\u0131n b\u00fcy\u00fcmeden \u00f6nce tespit edilmesine yard\u0131mc\u0131 olacakt\u0131r.<\/li>\n<li>\n<h3>Uygun Ya\u011flama<\/h3>\n<p>Hidrolik ya\u011f seviyelerinin yeterli olmas\u0131n\u0131 ve hareketli par\u00e7alara uygun ya\u011flama yap\u0131lmas\u0131n\u0131 sa\u011flamak, performans\u0131 art\u0131racak ve silindirin \u00f6mr\u00fcn\u00fc uzatacakt\u0131r. Ya\u011flama aral\u0131klar\u0131 konusunda \u00fcreticinin \u00f6nerilerine uymak \u00e7ok \u00f6nemlidir.<\/li>\n<li>\n<h3>Conta De\u011fi\u015fimi<\/h3>\n<p>Bak\u0131m program\u0131n\u0131n bir par\u00e7as\u0131 olarak contalar\u0131n d\u00fczenli olarak de\u011fi\u015ftirilmesi, s\u0131z\u0131nt\u0131lar\u0131 \u00f6nleyecek ve hidrolik verimlili\u011fi koruyacakt\u0131r. A\u015f\u0131nm\u0131\u015f contalar\u0131n de\u011fi\u015ftirilmemesi, \u00f6nemli performans sorunlar\u0131na ve maliyetli onar\u0131mlara yol a\u00e7abilir.<\/li>\n<\/ul>\n<h2>Kurulum Talimatlar\u0131<\/h2>\n<p>Bom silindirinin d\u00fczg\u00fcn \u00e7al\u0131\u015fmas\u0131 ve uzun \u00f6m\u00fcrl\u00fc olmas\u0131 i\u00e7in do\u011fru montaj prosed\u00fcrlerinin izlenmesi hayati \u00f6nem ta\u015f\u0131r. \u00d6ncelikle montaj y\u00fczeylerinin temiz ve kal\u0131nt\u0131lardan ar\u0131nd\u0131r\u0131lm\u0131\u015f oldu\u011fundan emin olun. Contalara bask\u0131 yapmamak i\u00e7in silindiri ba\u011flant\u0131 noktalar\u0131yla do\u011fru \u015fekilde hizalay\u0131n ve do\u011fru y\u00f6nlendirmeyi koruyun.<\/p>\n<p>Silindiri sabitlemek ve \u00e7al\u0131\u015fma s\u0131ras\u0131nda herhangi bir hareketi \u00f6nlemek i\u00e7in uygun montaj braketleri kullan\u0131n. Kurulumdan sonra, hidrolik s\u0131v\u0131 seviyelerinin do\u011fru olup olmad\u0131\u011f\u0131n\u0131 kontrol edin ve performans\u0131 etkileyebilecek hava ceplerini gidermek i\u00e7in sistemi havaland\u0131r\u0131n. Son olarak, silindirin sorunsuz ve verimli bir \u015fekilde \u00e7al\u0131\u015ft\u0131\u011f\u0131ndan emin olmak i\u00e7in bir test \u00e7al\u0131\u015fmas\u0131 yap\u0131n ve gerekli ayarlamalar\u0131 ger\u00e7ekle\u015ftirin.<\/p>\n<h2>Yayg\u0131n Bak\u0131m G\u00f6revleri<\/h2>\n<ul>\n<li>\n<h3>D\u00fczenli Denetimler<\/h3>\n<p>D\u00fczenli kontroller yapmak, potansiyel sorunlar\u0131 erken tespit etmeye yard\u0131mc\u0131 olur. Contalardaki a\u015f\u0131nmay\u0131, g\u00f6zle g\u00f6r\u00fcl\u00fcr s\u0131z\u0131nt\u0131lar\u0131 ve genel durumu kontrol edin. Zaman\u0131nda m\u00fcdahale, b\u00fcy\u00fck ar\u0131zalar\u0131 ve maliyetli onar\u0131mlar\u0131 \u00f6nleyebilir.<\/li>\n<li>\n<h3>Uygun Ya\u011flama<\/h3>\n<p>Hidrolik sistemin sorunsuz \u00e7al\u0131\u015fmas\u0131 i\u00e7in yeterli ya\u011flama seviyesinin korunmas\u0131 \u00e7ok \u00f6nemlidir. Performans sorunlar\u0131n\u0131 \u00f6nlemek i\u00e7in hidrolik ya\u011f\u0131 d\u00fczenli olarak kontrol edin ve gerekli \u00f6zelliklere uygun oldu\u011fundan emin olarak tamamlay\u0131n.<\/li>\n<li>\n<h3>Conta De\u011fi\u015fimi ve Kalibrasyonu<\/h3>\n<p>Hidrolik bas\u0131nc\u0131 korumak i\u00e7in a\u015f\u0131nma veya hasar belirtileri g\u00f6steren contalar\u0131 de\u011fi\u015ftirin. Ayr\u0131ca, hidrolik sistemin kalibrasyonu, belirtilen parametreler dahilinde \u00e7al\u0131\u015fmas\u0131n\u0131 sa\u011flayarak performans\u0131 ve g\u00fcvenli\u011fi optimize edecektir.<\/li>\n<\/ul>\n<h2>G\u00fcvenlik Hususlar\u0131 ve \u00c7evresel Fakt\u00f6rler<\/h2>\n<p>Hidrolik silindirler kullan\u0131l\u0131rken g\u00fcvenlik \u00f6nlemleri son derece \u00f6nemlidir. Operat\u00f6rler, hidrolik ar\u0131za veya i\u015flev bozuklu\u011fu belirtilerini tan\u0131mak \u00fczere e\u011fitilmelidir. D\u00fczenli g\u00fcvenlik denetimleri ve i\u015fletme y\u00f6nergelerine uyulmas\u0131 riskleri azaltmaya yard\u0131mc\u0131 olur. Ayr\u0131ca, hidrolik s\u0131v\u0131lar\u0131n uygun \u015fekilde bertaraf edilmesi ve m\u00fcmk\u00fcn oldu\u011funca malzemelerin geri d\u00f6n\u00fc\u015ft\u00fcr\u00fclmesi gibi \u00e7evreye duyarl\u0131 uygulamalar hayata ge\u00e7irilmelidir.<\/p>\n<h2>Ar\u0131za Te\u015fhisi ve Yayg\u0131n Sorunlar<\/h2>\n<ul>\n<li>\n<h3>Hidrolik S\u0131z\u0131nt\u0131lar<\/h3>\n<p>A\u015f\u0131nm\u0131\u015f contalar veya hasar g\u00f6rm\u00fc\u015f hortumlar nedeniyle s\u0131z\u0131nt\u0131lar meydana gelebilir. S\u0131z\u0131nt\u0131lar\u0131 tespit edip derhal gidermek i\u00e7in sistemin d\u00fczenli olarak incelenmesi \u00e7ok \u00f6nemlidir.<\/li>\n<li>\n<h3>Bas\u0131n\u00e7 Kayb\u0131<\/h3>\n<p>Ani bas\u0131n\u00e7 kayb\u0131, i\u00e7 hasar\u0131 veya s\u0131v\u0131 s\u0131z\u0131nt\u0131s\u0131n\u0131 g\u00f6sterebilir. Bas\u0131n\u00e7 g\u00f6stergelerinin izlenmesi, bir sorun olup olmad\u0131\u011f\u0131n\u0131 belirlemeye ve zaman\u0131nda onar\u0131m yap\u0131lmas\u0131na yard\u0131mc\u0131 olabilir.<\/li>\n<li>\n<h3>Tepkisiz Silindir<\/h3>\n<p>Silindir kontrol komutlar\u0131na yan\u0131t vermiyorsa, bu hidrolik sistemde bir t\u0131kan\u0131kl\u0131k veya kontrol mekanizmas\u0131nda bir ar\u0131za oldu\u011funu g\u00f6sterebilir. Kontrol vanalar\u0131 ve hortumlar\u0131nda ar\u0131za tespiti yapmak, sorunun nedenini belirlemeye yard\u0131mc\u0131 olabilir.<\/li>\n<\/ul>\n<h2>Sorun Giderme \u0130pu\u00e7lar\u0131<\/h2>\n<p>Bom silindirindeki sorunlar\u0131 etkili bir \u015fekilde te\u015fhis etmek ve \u00e7\u00f6zmek i\u00e7in operat\u00f6rlerin belirtilerin ve bak\u0131m ge\u00e7mi\u015finin ayr\u0131nt\u0131l\u0131 bir kayd\u0131n\u0131 tutmalar\u0131 gerekir. Sorun giderme teknikleri konusunda d\u00fczenli e\u011fitim, personelin sorunlar\u0131 erken tespit etmesine yard\u0131mc\u0131 olacakt\u0131r.<\/p>\n<p>D\u00fczenli bak\u0131m programlar\u0131 uygulamak ve i\u015fletme y\u00f6nergelerine uymak gibi \u00f6nleyici tedbirler, potansiyel sorunlar\u0131 en aza indirecektir. Ayr\u0131ca, operat\u00f6rlerin g\u00fcvenlik protokollerine a\u015fina olmalar\u0131n\u0131 sa\u011flamak, daha g\u00fcvenli bir \u00e7al\u0131\u015fma ortam\u0131 olu\u015fturacakt\u0131r.<\/p>\n<p><img decoding=\"async\" src=\"https:\/\/www.hydraulic-cylinders.net\/wp-content\/uploads\/2025\/04\/songte-bushings-with-all-kinds-of-excavator-models.webp\" alt=\"Ekskavat\u00f6r Bile\u015fenleri\" \/><\/p>\n<h2>\u015eirketimiz Hakk\u0131nda<\/h2>\n<p>Uluslararas\u0131 pazarlar i\u00e7in kapsaml\u0131 bir \u00fcr\u00fcn yelpazesi sunan, \u00f6nde gelen yedek hidrolik silindir \u00fcreticisiyiz. Ola\u011fan\u00fcst\u00fc kalite standartlar\u0131na ba\u011fl\u0131 kalarak ve geli\u015fmi\u015f bir \u00fcretim y\u00f6netim stratejisi uygulayarak, \u00fcretim kapasitemizi s\u00fcrekli olarak geli\u015ftiriyoruz. Teknolojik yeteneklere, geli\u015fmi\u015f \u00fcretim ekipmanlar\u0131na ve \u00f6zel test sistemlerine odaklanmam\u0131z, \u00e7e\u015fitli m\u00fc\u015fteri taleplerini y\u00fcksek verimlilik, hassasiyet ve kaliteyle kar\u015f\u0131lamam\u0131z\u0131 sa\u011fl\u0131yor.<\/p>\n<p>\u015eirketimiz uluslararas\u0131 sertifikal\u0131d\u0131r ve m\u00fc\u015fterilerin \u00f6zel ihtiya\u00e7lar\u0131na g\u00f6re uyarlanm\u0131\u015f hizmetler sunmaktad\u0131r. Son teknoloji \u00fcretim ekipmanlar\u0131m\u0131z ve \u00f6zel sat\u0131\u015f sonras\u0131 servis ekibimizle, m\u00fc\u015fterilerimizin en kaliteli \u00fcr\u00fcnleri ve deste\u011fi almas\u0131n\u0131 sa\u011fl\u0131yoruz.<\/p>\n<p><img decoding=\"async\" src=\"https:\/\/www.hydraulic-cylinders.net\/wp-content\/uploads\/2025\/04\/songte-company-4.webp\" alt=\"\u015eirket Genel Bak\u0131\u015f\u0131\" \/><br \/>\n<img decoding=\"async\" src=\"https:\/\/www.hydraulic-cylinders.net\/wp-content\/uploads\/2025\/04\/songte-company-3.webp\" alt=\"\u00dcretim Tesisi\" \/><\/p>\n<p>Yazar: lyl<\/p>","protected":false},"excerpt":{"rendered":"<p>Boom Cylinder For Yuchai YC18-8 Product Overview The Boom Cylinder for Yuchai YC18-8 is a specialized hydraulic cylinder that plays a critical role in controlling the movement of the bucket on various heavy machinery, including excavators, backhoe loaders, and front loaders. This hydraulic cylinder enables the bucket to lift, lower, and tilt, facilitating efficient material [&hellip;]<\/p>","protected":false},"featured_media":17875,"comment_status":"open","ping_status":"closed","template":"","meta":{"_et_pb_use_builder":"","_et_pb_old_content":"","_et_gb_content_width":""},"product_brand":[],"product_cat":[1546],"product_tag":[1547,1496],"class_list":{"0":"post-19582","1":"product","2":"type-product","3":"status-publish","4":"has-post-thumbnail","6":"product_cat-boom-cylinders","7":"product_tag-boom-cylinders","8":"product_tag-hydraulic-cylinders","10":"first","11":"instock","12":"shipping-taxable","13":"product-type-simple"},"amp_enabled":true,"_links":{"self":[{"href":"https:\/\/www.hydraulic-cylinders.net\/tr\/wp-json\/wp\/v2\/product\/19582","targetHints":{"allow":["GET"]}}],"collection":[{"href":"https:\/\/www.hydraulic-cylinders.net\/tr\/wp-json\/wp\/v2\/product"}],"about":[{"href":"https:\/\/www.hydraulic-cylinders.net\/tr\/wp-json\/wp\/v2\/types\/product"}],"replies":[{"embeddable":true,"href":"https:\/\/www.hydraulic-cylinders.net\/tr\/wp-json\/wp\/v2\/comments?post=19582"}],"wp:featuredmedia":[{"embeddable":true,"href":"https:\/\/www.hydraulic-cylinders.net\/tr\/wp-json\/wp\/v2\/media\/17875"}],"wp:attachment":[{"href":"https:\/\/www.hydraulic-cylinders.net\/tr\/wp-json\/wp\/v2\/media?parent=19582"}],"wp:term":[{"taxonomy":"product_brand","embeddable":true,"href":"https:\/\/www.hydraulic-cylinders.net\/tr\/wp-json\/wp\/v2\/product_brand?post=19582"},{"taxonomy":"product_cat","embeddable":true,"href":"https:\/\/www.hydraulic-cylinders.net\/tr\/wp-json\/wp\/v2\/product_cat?post=19582"},{"taxonomy":"product_tag","embeddable":true,"href":"https:\/\/www.hydraulic-cylinders.net\/tr\/wp-json\/wp\/v2\/product_tag?post=19582"}],"curies":[{"name":"wp","href":"https:\/\/api.w.org\/{rel}","templated":true}]}}