{"id":19586,"date":"2025-04-07T06:56:04","date_gmt":"2025-04-07T06:56:04","guid":{"rendered":"https:\/\/www.hydraulic-cylinders.net\/product\/boom-cylinder-for-yuchai-yc135-8\/"},"modified":"2025-04-07T06:56:07","modified_gmt":"2025-04-07T06:56:07","slug":"boom-cylinder-for-yuchai-yc135-8","status":"publish","type":"product","link":"https:\/\/www.hydraulic-cylinders.net\/tr\/urun\/boom-cylinder-for-yuchai-yc135-8\/","title":{"rendered":"Yuchai YC135-8 i\u00e7in Bom Silindiri"},"content":{"rendered":"<h1>Yuchai YC135-8 i\u00e7in Bom Silindiri<\/h1>\n<h2>Bom Silindirine Giri\u015f<\/h2>\n<p>Kep\u00e7e silindiri, \u00f6zellikle ekskavat\u00f6rler, kaz\u0131c\u0131 y\u00fckleyiciler ve \u00f6n y\u00fckleyiciler gibi a\u011f\u0131r makinelerde hidrolik sistemlerin hayati bir bile\u015fenidir. Kep\u00e7enin hareketini kontrol etmek \u00fczere tasarlanan bu hidrolik silindir, kep\u00e7enin y\u00fckseltilmesini, al\u00e7alt\u0131lmas\u0131n\u0131 ve e\u011filmesini sa\u011flayarak malzeme ta\u015f\u0131ma i\u015flemlerini verimli bir \u015fekilde kolayla\u015ft\u0131r\u0131r. Kep\u00e7e silindiri, bu uygulamalar i\u00e7in \u00f6zel olarak tasarlanm\u0131\u015f, \u00e7e\u015fitli in\u015faat ve tar\u0131m makinelerinin \u00e7al\u0131\u015fmas\u0131nda \u00f6nemli bir rol oynayan temel bir hidrolik silindirdir.<\/p>\n<p><img decoding=\"async\" src=\"https:\/\/www.hydraulic-cylinders.net\/wp-content\/uploads\/2025\/04\/songte-company-1.webp\" alt=\"Bom Silindiri G\u00f6r\u00fcnt\u00fcs\u00fc\" \/><\/p>\n<h3>Kova Silindirinin Fonksiyonu ve Uygulamalar\u0131<\/h3>\n<p>Kova silindirleri, a\u011f\u0131r ekipmanlar\u0131n hidrolik sistemlerinde \u00e7ok \u00f6nemli bir rol oynar. Malzemeleri kald\u0131rmak ve manip\u00fcle etmek i\u00e7in gerekli g\u00fcc\u00fc sa\u011flayarak makinelerin sorunsuz \u00e7al\u0131\u015fmas\u0131n\u0131 garanti ederler. \u0130n\u015faat, tar\u0131m veya madencilikte kullan\u0131ls\u0131n, kova silindirleri y\u00fcksek bas\u0131n\u00e7lara ve a\u015f\u0131r\u0131 ko\u015fullara dayanacak \u015fekilde tasarlanm\u0131\u015ft\u0131r ve bu da onlar\u0131 \u00e7e\u015fitli sekt\u00f6rlerde vazge\u00e7ilmez k\u0131lmaktad\u0131r.<\/p>\n<h2>Yuchai YC135-8 i\u00e7in Bom Silindirinin \u00d6zellikleri<\/h2>\n<ul>\n<li><strong>Y\u00fcksek Dayan\u0131kl\u0131l\u0131k ve Dayan\u0131kl\u0131l\u0131k:<\/strong> Y\u00fcksek mukavemetli \u00e7elik veya al\u00fcminyumdan \u00fcretilen bu silindirler, y\u00fcksek bas\u0131nca ve a\u011f\u0131r y\u00fcklere dayanabilir ve zorlu \u00e7al\u0131\u015fma ortamlar\u0131 i\u00e7in uygundur.<\/li>\n<li><strong>Verimli Hidrolik \u00c7al\u0131\u015fma:<\/strong> Silindir, d\u00fczg\u00fcn uzama ve geri \u00e7ekilme i\u00e7in hidrolik ya\u011f bas\u0131nc\u0131ndan yararlanarak operasyonel komutlara h\u0131zl\u0131 yan\u0131t verilmesini sa\u011flar.<\/li>\n<li><strong>T\u00fcr \u00c7e\u015fitlili\u011fi:<\/strong> Se\u00e7enekler aras\u0131nda, farkl\u0131 i\u015fletme ihtiya\u00e7lar\u0131na y\u00f6nelik olarak tek y\u00f6nde \u00e7al\u0131\u015fan tek etkili silindirler ve \u00e7ift y\u00f6nde \u00e7al\u0131\u015fan \u00e7ift etkili silindirler bulunmaktad\u0131r.<\/li>\n<li><strong>Teleskopik Modeller:<\/strong> Baz\u0131 modeller teleskopik olarak tasarlanm\u0131\u015ft\u0131r; bu sayede d\u0131\u015f boyutlar\u0131 art\u0131rmadan daha fazla uzatma imkan\u0131 sunar ve s\u0131n\u0131rl\u0131 alan uygulamalar\u0131 i\u00e7in idealdir.<\/li>\n<li><strong>Korozyon ve A\u015f\u0131nma Direnci:<\/strong> A\u015f\u0131nmaya ve korozyona kar\u015f\u0131 \u00f6zel olarak tasarlanm\u0131\u015f olup, \u00fcr\u00fcn\u00fcn kullan\u0131m \u00f6mr\u00fcn\u00fc uzat\u0131r.<\/li>\n<\/ul>\n<p>\u00c7e\u015fitli hidrolik silindirler i\u00e7in m\u00fckemmel yedek par\u00e7alar sa\u011flayan bu \u00fcr\u00fcn\u00fc \u00fcretiyoruz.<\/p>\n<p><img decoding=\"async\" src=\"https:\/\/www.hydraulic-cylinders.net\/wp-content\/uploads\/2025\/04\/songte-cylinder-head-with-all-kinds-excavator-models.webp\" alt=\"Ekskavat\u00f6r Modelleri\" \/><\/p>\n<h2>Bom Silindirinin Uygulamalar\u0131<\/h2>\n<h3>\u0130n\u015faat Ekipmanlar\u0131<\/h3>\n<p>Ekskavat\u00f6rlerde, bom silindirleri topra\u011f\u0131 veya molozu kazmak, y\u00fcklemek ve ta\u015f\u0131mak i\u00e7in \u00e7ok \u00f6nemlidir. Kep\u00e7enin veya kovan\u0131n topra\u011fa kazmas\u0131n\u0131 ve a\u011f\u0131r y\u00fckleri kald\u0131rmas\u0131n\u0131 sa\u011flarlar. Bu silindirlerin tasar\u0131m\u0131 ve g\u00fcc\u00fc, onlar\u0131 in\u015faat sahalar\u0131ndaki hem kazma hem de kald\u0131rma i\u015flemleri i\u00e7in hayati \u00f6neme sahip k\u0131lar.<\/p>\n<h3>Tar\u0131m Makinalar\u0131<\/h3>\n<p>\u00d6n y\u00fckleyicilerde kullan\u0131lan bu silindirler, toprak, saman ve di\u011fer malzemelerin kep\u00e7elenmesi, kald\u0131r\u0131lmas\u0131 ve ta\u015f\u0131nmas\u0131na yard\u0131mc\u0131 olur. A\u011f\u0131r y\u00fckleri ta\u015f\u0131yabilme \u00f6zellikleri, \u00e7ift\u00e7ilerin i\u015fleri verimli bir \u015fekilde yapmalar\u0131n\u0131 sa\u011flayarak \u00e7iftlikteki verimlili\u011fi art\u0131r\u0131r.<\/p>\n<h3>Ekskavat\u00f6rler<\/h3>\n<p>Ekskavat\u00f6rlerde, bom silindiri kep\u00e7enin topra\u011fa n\u00fcfuz etmesini sa\u011flayarak kazma i\u015flemlerini kolayla\u015ft\u0131r\u0131r. Sa\u011flam tasar\u0131m\u0131, kaz\u0131 s\u0131ras\u0131nda olu\u015fan kuvvetlere dayanabilmesini sa\u011flayarak in\u015faat ve toprak ta\u015f\u0131ma i\u015fleri i\u00e7in g\u00fcvenilir bir se\u00e7im haline getirir.<\/p>\n<h3>Y\u00fckleyiciler<\/h3>\n<p>\u00d6n y\u00fckleyicilerde, bom silindirleri malzemelerin etkili bir \u015fekilde kald\u0131r\u0131lmas\u0131na ve bo\u015falt\u0131lmas\u0131na yard\u0131mc\u0131 olur. Hidrolik mekanizmalar\u0131, \u00e7e\u015fitli y\u00fckleri ta\u015f\u0131mak i\u00e7in gerekli g\u00fcc\u00fc sa\u011flayarak y\u00fckleme i\u015flemlerinde operasyonel verimlili\u011fi art\u0131r\u0131r.<\/p>\n<h2>Tasar\u0131m Hususlar\u0131 ve Se\u00e7im Kriterleri<\/h2>\n<h3>Y\u00fck Kapasitesi<\/h3>\n<p>Bom silindiri se\u00e7erken, y\u00fck ta\u015f\u0131ma kapasitesini anlamak hayati \u00f6nem ta\u015f\u0131r. Silindirin tasar\u0131m\u0131, ta\u015f\u0131yabilece\u011fi maksimum y\u00fck\u00fc kar\u015f\u0131layacak \u015fekilde olmal\u0131 ve b\u00f6ylece g\u00fcvenlik ve operasyonel verimlilik sa\u011flanmal\u0131d\u0131r. Sadece gerekli \u00f6zelliklere uymakla kalmay\u0131p, beklenmedik y\u00fckler i\u00e7in de bir pay sunan ve kullan\u0131m s\u0131ras\u0131nda ar\u0131za riskini azaltan bir \u00fcr\u00fcn se\u00e7mek \u00e7ok \u00f6nemlidir.<\/p>\n<h3>S\u0131zd\u0131rmazl\u0131k Gereksinimleri<\/h3>\n<p>Etkili s\u0131zd\u0131rmazl\u0131k, hidrolik bas\u0131nc\u0131n korunmas\u0131 ve s\u0131z\u0131nt\u0131lar\u0131n \u00f6nlenmesi i\u00e7in \u00e7ok \u00f6nemlidir. Piston contalar\u0131 ve mil contalar\u0131 gibi contalar\u0131n se\u00e7imi, \u00e7al\u0131\u015fma ortam\u0131na dayanabilecek y\u00fcksek kaliteli malzemeler kullan\u0131larak yap\u0131lmal\u0131d\u0131r. Do\u011fru s\u0131zd\u0131rmazl\u0131k, hidrolik s\u0131v\u0131n\u0131n i\u00e7eride kalmas\u0131n\u0131 sa\u011flayarak performans\u0131 optimize eder ve silindirin \u00f6mr\u00fcn\u00fc uzat\u0131r.<\/p>\n<h3>Dayan\u0131kl\u0131l\u0131k<\/h3>\n<p>Bom silindirlerinin tasar\u0131m\u0131nda dayan\u0131kl\u0131l\u0131k \u00e7ok \u00f6nemli bir fakt\u00f6rd\u00fcr. A\u015f\u0131r\u0131 s\u0131cakl\u0131klar ve a\u015f\u0131nd\u0131r\u0131c\u0131 malzemeler de dahil olmak \u00fczere zorlu ko\u015fullara dayanmalar\u0131 gerekir. \u00d6zel kaplamalar veya i\u015flemler gibi a\u015f\u0131nmaya ve korozyona dayan\u0131kl\u0131 malzemelerin se\u00e7ilmesi, silindirin \u00f6mr\u00fcn\u00fc \u00f6nemli \u00f6l\u00e7\u00fcde uzatabilir.<\/p>\n<h3>G\u00fcvenlik \u00d6zellikleri<\/h3>\n<p>Tasar\u0131m a\u015famas\u0131nda g\u00fcvenlik hususlar\u0131 \u00f6n planda tutulmal\u0131d\u0131r. Bas\u0131n\u00e7 tahliye vanalar\u0131 ve a\u015f\u0131r\u0131 y\u00fck korumas\u0131 gibi \u00f6zelliklerin dahil edilmesi, felaketle sonu\u00e7lanabilecek ar\u0131zalar\u0131n \u00f6nlenmesine yard\u0131mc\u0131 olabilir. Hidrolik sistemin gerekli g\u00fcvenlik \u00f6nlemleriyle donat\u0131lmas\u0131, hem operat\u00f6rlerin hem de makinelerin korunmas\u0131 i\u00e7in hayati \u00f6nem ta\u015f\u0131r.<\/p>\n<h3>Bak\u0131m Hususlar\u0131<\/h3>\n<p>Bak\u0131m kolayl\u0131\u011f\u0131 da kritik bir tasar\u0131m unsurudur. Silindirler, d\u00fczenli bak\u0131m gerektirebilecek contalara, ba\u011flant\u0131 noktalar\u0131na ve di\u011fer bile\u015fenlere kolay eri\u015fim sa\u011flayacak \u015fekilde tasarlanmal\u0131d\u0131r. Bak\u0131m prosed\u00fcrlerinin basitle\u015ftirilmesi, operat\u00f6rlerin ekipman\u0131 minimum ar\u0131za s\u00fcresiyle optimum durumda tutabilmelerini sa\u011flar.<\/p>\n<p><img decoding=\"async\" src=\"https:\/\/www.hydraulic-cylinders.net\/wp-content\/uploads\/2025\/04\/songte-oil-pipes-and-spare-parts.webp\" alt=\"Hidrolik Bile\u015fenler\" \/><\/p>\n<h2>Bom Silindirinin S\u0131zd\u0131rmazl\u0131\u011f\u0131 ve Ya\u011flanmas\u0131<\/h2>\n<p>Bom silindirlerinin performans\u0131 i\u00e7in etkili s\u0131zd\u0131rmazl\u0131k ve ya\u011flama \u00e7ok \u00f6nemlidir. Hidrolik sistemin b\u00fct\u00fcnl\u00fc\u011f\u00fcn\u00fc sa\u011flamak i\u00e7in piston contalar\u0131 ve mil contalar\u0131 gibi \u00e7e\u015fitli s\u0131zd\u0131rmazl\u0131k elemanlar\u0131 kullan\u0131l\u0131r. Poli\u00fcretan veya nitril kau\u00e7uktan yap\u0131lan contalar, operasyonel verimlili\u011fin korunmas\u0131 i\u00e7in \u00e7ok \u00f6nemli olan m\u00fckemmel a\u015f\u0131nma direnci sa\u011flar.<\/p>\n<p>Silindir g\u00f6vdesi ve di\u015fli u\u00e7lar\u0131, a\u015f\u0131nma direncini art\u0131rmak i\u00e7in hassas i\u015fleme tabi tutulmal\u0131d\u0131r. Hareketli par\u00e7alar aras\u0131ndaki s\u00fcrt\u00fcnmeyi ve a\u015f\u0131nmay\u0131 en aza indirmek i\u00e7in hidrolik ya\u011f ile d\u00fczenli ya\u011flama \u015fartt\u0131r. Ya\u011flama seviyelerini kontrol etme ve koruma rutini olu\u015fturmak, silindirin \u00f6mr\u00fcn\u00fc \u00f6nemli \u00f6l\u00e7\u00fcde uzatabilir.<\/p>\n<h2>\u00d6nleyici Bak\u0131m \u00d6nlemleri<\/h2>\n<ul>\n<li><strong>D\u00fczenli Denetimler:<\/strong> A\u015f\u0131nma veya hasar belirtilerini tespit etmek i\u00e7in d\u00fczenli kontroller yapmak, beklenmedik ar\u0131zalar\u0131 \u00f6nleyebilir.<\/li>\n<li><strong>Uygun Ya\u011flama:<\/strong> Hareketli par\u00e7alar\u0131n yeterince ya\u011flanmas\u0131, s\u00fcrt\u00fcnmeyi azalt\u0131r ve silindirin \u00f6mr\u00fcn\u00fc uzat\u0131r.<\/li>\n<li><strong>Conta De\u011fi\u015fimi:<\/strong> Contalar\u0131n d\u00fczenli olarak kontrol edilmesi ve gerekti\u011finde de\u011fi\u015ftirilmesi, hidrolik s\u0131z\u0131nt\u0131lar\u0131n\u0131 \u00f6nleyebilir ve sistem verimlili\u011fini koruyabilir.<\/li>\n<\/ul>\n<h2>Kurulum Talimatlar\u0131<\/h2>\n<p>Bom silindirinin do\u011fru montaj\u0131, performans\u0131 ve uzun \u00f6mr\u00fc i\u00e7in kritik \u00f6neme sahiptir. \u00d6ncelikle t\u00fcm bile\u015fenlerin temiz ve kirlilikten ar\u0131nd\u0131r\u0131lm\u0131\u015f oldu\u011fundan emin olun. Silindiri, a\u015f\u0131r\u0131 gerilimi \u00f6nlemek i\u00e7in uygun hizalama aletleri kullanarak montaj noktalar\u0131yla do\u011fru \u015fekilde hizalay\u0131n. \u00c7al\u0131\u015fma s\u0131ras\u0131nda stabilite sa\u011flamak i\u00e7in silindiri uygun montaj braketleri kullanarak sabitleyin.<\/p>\n<p>Kurulumdan sonra, herhangi bir s\u0131z\u0131nt\u0131 veya hizalama hatas\u0131 olup olmad\u0131\u011f\u0131n\u0131 kontrol edin. Ekipman\u0131 tekrar hizmete almadan \u00f6nce t\u00fcm fonksiyonlar\u0131n sorunsuz \u00e7al\u0131\u015ft\u0131\u011f\u0131n\u0131 do\u011frulamak i\u00e7in kapsaml\u0131 bir test yapmak \u00e7ok \u00f6nemlidir. \u00dcreticinin talimatlar\u0131na ve \u00f6nerilerine uymak, hidrolik silindirin g\u00fcvenli ve etkili kullan\u0131m\u0131n\u0131 sa\u011flayacakt\u0131r.<\/p>\n<h2>Yayg\u0131n Bak\u0131m G\u00f6revleri<\/h2>\n<h3>D\u00fczenli Denetimler<\/h3>\n<p>D\u00fczenli kontroller, operat\u00f6rlerin potansiyel sorunlar\u0131 b\u00fcy\u00fcmeden \u00f6nce tespit etmelerini sa\u011flar. Hidrolik ba\u011flant\u0131lar\u0131n, contalar\u0131n ve genel silindir durumunun incelenmesi, ekipman\u0131n g\u00fcvenilirli\u011finin korunmas\u0131na yard\u0131mc\u0131 olur. Operat\u00f6rler, \u00e7izikler veya s\u0131z\u0131nt\u0131lar gibi a\u015f\u0131nma belirtilerini tan\u0131mak ve uygun \u00f6nlemleri almak konusunda e\u011fitilmelidir.<\/p>\n<h3>Uygun Ya\u011flama<\/h3>\n<p>Uygun ya\u011flama seviyelerinin korunmas\u0131, sorunsuz \u00e7al\u0131\u015fma i\u00e7in hayati \u00f6nem ta\u015f\u0131r. Hidrolik ya\u011f\u0131n d\u00fczenli olarak kontrol edilmesi ve tamamlanmas\u0131, silindirin hareketli par\u00e7alar\u0131n\u0131n verimli bir \u015fekilde \u00e7al\u0131\u015fmas\u0131n\u0131 sa\u011flar. Operat\u00f6rler, a\u015f\u0131r\u0131 a\u015f\u0131nmay\u0131 \u00f6nlemek ve ekipman\u0131n \u00f6mr\u00fcn\u00fc uzatmak i\u00e7in \u00f6nerilen ya\u011flama program\u0131na uymal\u0131d\u0131r.<\/p>\n<h3>Conta De\u011fi\u015fimi ve Kalibrasyon Kontrolleri<\/h3>\n<p>Contalar\u0131n d\u00fczenli aral\u0131klarla de\u011fi\u015ftirilmesi hidrolik s\u0131z\u0131nt\u0131lar\u0131 \u00f6nleyerek sistem b\u00fct\u00fcnl\u00fc\u011f\u00fcn\u00fc korur. Ayr\u0131ca, kalibrasyon kontrolleri silindirin tasar\u0131m \u00f6zelliklerine uygun \u015fekilde \u00e7al\u0131\u015fmas\u0131n\u0131 sa\u011flayarak genel performans\u0131 art\u0131r\u0131r. Operat\u00f6rler, olas\u0131 ar\u0131zalar\u0131 \u00f6nlemek i\u00e7in zaman\u0131nda bak\u0131m\u0131n \u00f6nemini anlamal\u0131d\u0131r.<\/p>\n<p><img decoding=\"async\" src=\"https:\/\/www.hydraulic-cylinders.net\/wp-content\/uploads\/2025\/04\/songte-chushion-collar.webp\" alt=\"Yast\u0131k Yaka\" \/><\/p>\n<h2>G\u00fcvenlik Hususlar\u0131 ve \u00c7evresel Fakt\u00f6rler<\/h2>\n<p>Hidrolik silindirlerin kullan\u0131m\u0131nda g\u00fcvenlik \u00f6nlemlerinin uygulanmas\u0131 kritik \u00f6nem ta\u015f\u0131r. Kazalar\u0131 \u00f6nlemek i\u00e7in operat\u00f6rler ekipman\u0131n do\u011fru kullan\u0131m\u0131 konusunda e\u011fitilmelidir. D\u00fczenli g\u00fcvenlik denetimleri ve g\u00fcvenlik protokollerine uyulmas\u0131, g\u00fcvenli bir \u00e7al\u0131\u015fma ortam\u0131 sa\u011flamak i\u00e7in \u015fartt\u0131r. Ayr\u0131ca, kirlenmeyi \u00f6nlemek i\u00e7in hidrolik s\u0131v\u0131lar\u0131n uygun \u015fekilde bertaraf edilmesi gibi hidrolik sistemlerin \u00e7evresel etkilerini de g\u00f6z \u00f6n\u00fcnde bulundurmak \u00f6nemlidir.<\/p>\n<h2>Ar\u0131za Te\u015fhisi ve Yayg\u0131n Sorunlar<\/h2>\n<h3>S\u0131k Kar\u015f\u0131la\u015f\u0131lan Sorunlar<\/h3>\n<ul>\n<li><strong>Hidrolik S\u0131z\u0131nt\u0131lar:<\/strong> Genellikle a\u015f\u0131nm\u0131\u015f contalar veya hasar g\u00f6rm\u00fc\u015f hortumlar nedeniyle olu\u015fur ve performans d\u00fc\u015f\u00fc\u015f\u00fcne yol a\u00e7ar.<\/li>\n<li><strong>Hareket K\u0131s\u0131tlamas\u0131:<\/strong> \u0130\u00e7 hasar\u0131 veya yetersiz hidrolik s\u0131v\u0131 seviyesini g\u00f6sterebilir.<\/li>\n<li><strong>Al\u0131\u015f\u0131lmad\u0131k Sesler:<\/strong> G\u0131c\u0131rdama veya vurma sesleri, silindir i\u00e7indeki mekanik sorunlara i\u015faret edebilir.<\/li>\n<\/ul>\n<h3>Tan\u0131 ve Sorun Giderme<\/h3>\n<p>Sorunlar\u0131 etkili bir \u015fekilde te\u015fhis etmek i\u00e7in operat\u00f6rler g\u00f6rsel incelemeler yapmal\u0131 ve performans parametrelerini izlemelidir. S\u0131z\u0131nt\u0131lar i\u00e7in, t\u00fcm ba\u011flant\u0131lar\u0131 ve contalar\u0131 kontrol etmek kayna\u011f\u0131 belirlemeye yard\u0131mc\u0131 olabilir. Hareket azalm\u0131\u015fsa, s\u0131v\u0131 seviyelerini do\u011frulamak ve hidrolik hatlardaki t\u0131kan\u0131kl\u0131klar\u0131 kontrol etmek sorunu \u00e7\u00f6zebilir. Ola\u011fand\u0131\u015f\u0131 sesler i\u00e7in, i\u00e7 bile\u015fenlerin kapsaml\u0131 bir \u015fekilde incelenmesi gereklidir.<\/p>\n<h3>\u00d6nleyici Tedbirler<\/h3>\n<p>D\u00fczenli bak\u0131m ve denetimler gibi \u00f6nleyici tedbirlerin uygulanmas\u0131, bu sorunlarla kar\u015f\u0131la\u015fma riskini en aza indirebilir. Operat\u00f6rlerin sorunlar\u0131n erken belirtilerini tan\u0131malar\u0131 ve derhal harekete ge\u00e7meleri konusunda e\u011fitilmesi, ar\u0131za s\u00fcrelerini ve onar\u0131m maliyetlerini \u00f6nemli \u00f6l\u00e7\u00fcde azaltabilir.<\/p>\n<p><img decoding=\"async\" src=\"https:\/\/www.hydraulic-cylinders.net\/wp-content\/uploads\/2025\/04\/songte-bushings-with-all-kinds-of-excavator-models.webp\" alt=\"Bur\u00e7lar\" \/><\/p>\n<h2>\u015eirket Genel Bak\u0131\u015f\u0131<\/h2>\n<p>\u00d6nde gelen yedek hidrolik silindir \u00fcreticisi olarak, hem yurt i\u00e7i hem de uluslararas\u0131 pazarlar i\u00e7in kapsaml\u0131 bir \u00fcr\u00fcn yelpazesi sunuyoruz. M\u00fckemmelli\u011fe olan ba\u011fl\u0131l\u0131\u011f\u0131m\u0131z, bizi hidrolik silindir \u00fcretimi ve toptan da\u011f\u0131t\u0131m\u0131nda \u00f6nc\u00fc konumuna getirmi\u015ftir. Y\u00fcksek kalite standartlar\u0131na ba\u011fl\u0131 kal\u0131yor ve geli\u015fmi\u015f \u00fcretim stratejileri kullan\u0131yoruz.<\/p>\n<p>Teknoloji ve inovasyona g\u00fc\u00e7l\u00fc bir \u015fekilde odaklanarak, yetenekli i\u015f g\u00fcc\u00fcm\u00fcz, geli\u015fmi\u015f \u00fcretim ekipmanlar\u0131m\u0131z ve profesyonel test sistemlerimiz \u00fcretim kapasitemizi s\u00fcrekli olarak geli\u015ftiriyor. M\u00fc\u015fterilerimizin \u00e7e\u015fitli ihtiya\u00e7lar\u0131n\u0131 kar\u015f\u0131lamak \u00fczere tasarlanm\u0131\u015f verimlilik, hassasiyet ve kaliteyle gurur duyuyoruz.<\/p>\n<p><img decoding=\"async\" src=\"https:\/\/www.hydraulic-cylinders.net\/wp-content\/uploads\/2025\/04\/songte-company-4.webp\" alt=\"\u015eirket \u0130maj\u0131\" \/><br \/>\n<img decoding=\"async\" src=\"https:\/\/www.hydraulic-cylinders.net\/wp-content\/uploads\/2025\/04\/songte-company-3.webp\" alt=\"\u015eirket \u0130maj\u0131\" \/><\/p>\n<p>Uzmanl\u0131k alanlar\u0131m\u0131z aras\u0131nda uluslararas\u0131 sertifikalar, m\u00fc\u015fterinin \u00f6zel gereksinimlerini kar\u015f\u0131layan \u00f6zelle\u015ftirilmi\u015f hizmetler, son teknoloji \u00fcretim ekipmanlar\u0131 ve ola\u011fan\u00fcst\u00fc sat\u0131\u015f sonras\u0131 destek yer almaktad\u0131r.<\/p>\n<p>Yazar: lyl<\/p>","protected":false},"excerpt":{"rendered":"<p>Boom Cylinder For Yuchai YC135-8 Introduction to Boom Cylinder The Boom Cylinder is a vital component in hydraulic systems, especially in heavy machinery such as excavators, backhoe loaders, and front loaders. Designed to control the movement of a bucket, this hydraulic cylinder enables the raising, lowering, and tilting of the bucket, facilitating material handling tasks [&hellip;]<\/p>","protected":false},"featured_media":17879,"comment_status":"open","ping_status":"closed","template":"","meta":{"_et_pb_use_builder":"","_et_pb_old_content":"","_et_gb_content_width":""},"product_brand":[],"product_cat":[1546],"product_tag":[1547,1496],"class_list":{"0":"post-19586","1":"product","2":"type-product","3":"status-publish","4":"has-post-thumbnail","6":"product_cat-boom-cylinders","7":"product_tag-boom-cylinders","8":"product_tag-hydraulic-cylinders","10":"first","11":"instock","12":"shipping-taxable","13":"product-type-simple"},"amp_enabled":true,"_links":{"self":[{"href":"https:\/\/www.hydraulic-cylinders.net\/tr\/wp-json\/wp\/v2\/product\/19586","targetHints":{"allow":["GET"]}}],"collection":[{"href":"https:\/\/www.hydraulic-cylinders.net\/tr\/wp-json\/wp\/v2\/product"}],"about":[{"href":"https:\/\/www.hydraulic-cylinders.net\/tr\/wp-json\/wp\/v2\/types\/product"}],"replies":[{"embeddable":true,"href":"https:\/\/www.hydraulic-cylinders.net\/tr\/wp-json\/wp\/v2\/comments?post=19586"}],"wp:featuredmedia":[{"embeddable":true,"href":"https:\/\/www.hydraulic-cylinders.net\/tr\/wp-json\/wp\/v2\/media\/17879"}],"wp:attachment":[{"href":"https:\/\/www.hydraulic-cylinders.net\/tr\/wp-json\/wp\/v2\/media?parent=19586"}],"wp:term":[{"taxonomy":"product_brand","embeddable":true,"href":"https:\/\/www.hydraulic-cylinders.net\/tr\/wp-json\/wp\/v2\/product_brand?post=19586"},{"taxonomy":"product_cat","embeddable":true,"href":"https:\/\/www.hydraulic-cylinders.net\/tr\/wp-json\/wp\/v2\/product_cat?post=19586"},{"taxonomy":"product_tag","embeddable":true,"href":"https:\/\/www.hydraulic-cylinders.net\/tr\/wp-json\/wp\/v2\/product_tag?post=19586"}],"curies":[{"name":"wp","href":"https:\/\/api.w.org\/{rel}","templated":true}]}}