{"id":19594,"date":"2025-04-07T06:56:25","date_gmt":"2025-04-07T06:56:25","guid":{"rendered":"https:\/\/www.hydraulic-cylinders.net\/product\/boom-cylinder-for-xinyuan-crawler-excavator-xy60-8\/"},"modified":"2025-04-07T06:56:28","modified_gmt":"2025-04-07T06:56:28","slug":"boom-cylinder-for-xinyuan-crawler-excavator-xy60-8","status":"publish","type":"product","link":"https:\/\/www.hydraulic-cylinders.net\/tr\/urun\/boom-cylinder-for-xinyuan-crawler-excavator-xy60-8\/","title":{"rendered":"Xinyuan XY60-8 Paletli Ekskavat\u00f6r \u0130\u00e7in Bom Silindiri"},"content":{"rendered":"<h1>Xinyuan XY60-8 Paletli Ekskavat\u00f6r \u0130\u00e7in Bom Silindiri<\/h1>\n<h2>\u00dcr\u00fcn Genel Bak\u0131\u015f\u0131<\/h2>\n<p>Xinyuan XY60-8 paletli ekskavat\u00f6r i\u00e7in bom silindiri, a\u011f\u0131r makineler i\u00e7in tasarlanm\u0131\u015f hidrolik sistemlerde \u00e7ok \u00f6nemli bir bile\u015fendir. Bu hidrolik silindir, ekskavat\u00f6rler, kaz\u0131c\u0131 y\u00fckleyiciler ve \u00f6n y\u00fckleyiciler gibi \u00e7e\u015fitli a\u011f\u0131r hizmet ekipmanlar\u0131nda kep\u00e7enin hareketini kontrol etmek i\u00e7in \u00f6zel olarak tasarlanm\u0131\u015ft\u0131r. Kep\u00e7enin kald\u0131r\u0131lmas\u0131n\u0131, indirilmesini ve e\u011filmesini kolayla\u015ft\u0131rarak malzeme ta\u015f\u0131ma g\u00f6revlerini \u00f6nemli \u00f6l\u00e7\u00fcde iyile\u015ftirir.<\/p>\n<p>Hidrolik silindir t\u00fcrlerinden biri olan kova silindiri, \u00e7al\u0131\u015fmas\u0131 i\u00e7in bas\u0131n\u00e7l\u0131 hidrolik ya\u011f kullan\u0131r ve bu da in\u015faat ve kaz\u0131 faaliyetlerinde verimli performans i\u00e7in hayati \u00f6nem ta\u015f\u0131r. Bom silindirinin i\u015flevselli\u011fi, ekskavat\u00f6r\u00fcn \u00e7al\u0131\u015fmas\u0131n\u0131 optimize etmekle kalmaz, ayn\u0131 zamanda a\u011f\u0131r malzemelerin hassas ve kolay bir \u015fekilde ta\u015f\u0131nmas\u0131n\u0131 da sa\u011flar.<\/p>\n<p><img decoding=\"async\" src=\"https:\/\/www.hydraulic-cylinders.net\/wp-content\/uploads\/2025\/04\/songte-company-1.webp\" alt=\"Bom Silindiri G\u00f6r\u00fcnt\u00fcs\u00fc\" \/><\/p>\n<h2>Bom Silindirinin \u00d6zellikleri<\/h2>\n<ul>\n<li>\n<h3>Y\u00fcksek G\u00fc\u00e7 ve Dayan\u0131kl\u0131l\u0131k<\/h3>\n<p>Y\u00fcksek mukavemetli \u00e7elik veya al\u00fcminyumdan \u00fcretilen bu bom silindiri, y\u00fcksek bas\u0131nca ve a\u011f\u0131r y\u00fcklere dayanacak \u015fekilde tasarlanm\u0131\u015ft\u0131r. A\u015f\u0131nma direnci ve korozyon korumas\u0131 dikkate al\u0131narak yap\u0131lan tasar\u0131m\u0131, kullan\u0131m \u00f6mr\u00fcn\u00fc uzat\u0131r.<\/p>\n<\/li>\n<li>\n<h3>Verimli Hidrolik \u00c7al\u0131\u015fma<\/h3>\n<p>Hidrolik ya\u011f\u0131n bas\u0131nc\u0131n\u0131 kullanan bom silindiri, d\u00fczg\u00fcn ve h\u0131zl\u0131 bir \u015fekilde uzama ve geri \u00e7ekilme sa\u011flar. Bu, operat\u00f6r komutlar\u0131na etkili bir yan\u0131t verilmesini ve a\u011f\u0131r veya karma\u015f\u0131k i\u015flerin \u00fcstesinden gelmek i\u00e7in ideal olan g\u00fc\u00e7l\u00fc itme ve \u00e7ekme kuvvetlerinin sa\u011flanmas\u0131n\u0131 garanti eder.<\/p>\n<\/li>\n<li>\n<h3>\u00c7e\u015fitli T\u00fcrler<\/h3>\n<p>Operasyonel gereksinimlere ba\u011fl\u0131 olarak, bom silindiri tek y\u00f6nl\u00fc (tek y\u00f6nde kullan\u0131lan) veya \u00e7ift y\u00f6nl\u00fc (iki y\u00f6nde de \u00e7al\u0131\u015fan) model olarak se\u00e7ilebilir. Baz\u0131 versiyonlar teleskopiktir ve d\u0131\u015f boyutlar\u0131 art\u0131rmadan daha fazla uzatmaya olanak tan\u0131yarak dar alanlar i\u00e7in uygun hale gelir.<\/p>\n<\/li>\n<li>\n<h3>\u00d6zel \u00dcretim<\/h3>\n<p>Bu \u00fcr\u00fcn\u00fcn \u00fcretiminde uzmanla\u015fm\u0131\u015f durumday\u0131z ve \u00fcretti\u011fimiz silindirler, \u00e7e\u015fitli uygulamalarda performans\u0131 ve g\u00fcvenilirli\u011fi art\u0131rmak i\u00e7in mevcut hidrolik silindirlerin yerini m\u00fckemmel bir \u015fekilde almaktad\u0131r.<\/p>\n<\/li>\n<\/ul>\n<p><img decoding=\"async\" src=\"https:\/\/www.hydraulic-cylinders.net\/wp-content\/uploads\/2025\/04\/songte-cylinder-head-with-all-kinds-excavator-models.webp\" alt=\"Hidrolik Silindir Modelleri\" \/><\/p>\n<h2>Bom Silindirinin Uygulamalar\u0131<\/h2>\n<h3>\u0130n\u015faat Ekipmanlar\u0131<\/h3>\n<p>Ekskavat\u00f6rlerde, bom silindirleri topra\u011f\u0131 veya molozu kazma, y\u00fckleme ve ta\u015f\u0131ma i\u015flemlerinde \u00e7ok \u00f6nemli bir rol oynar. Kep\u00e7enin zemine etkili bir \u015fekilde n\u00fcfuz etmesini sa\u011flayarak kontroll\u00fc kaz\u0131 i\u015flemlerine olanak tan\u0131r. Bom silindirinin sundu\u011fu hassasiyet, in\u015faat i\u015flerinin genel verimlili\u011fini art\u0131rarak operat\u00f6rlerin daha k\u0131sa s\u00fcrede daha fazla i\u015f ba\u015farmas\u0131na olanak tan\u0131r.<\/p>\n<h3>Tar\u0131m Makinalar\u0131<\/h3>\n<p>\u00d6n y\u00fckleyicilerde, bom silindiri toprak, saman ve di\u011fer malzemelerin kep\u00e7elenmesi, kald\u0131r\u0131lmas\u0131 ve ta\u015f\u0131nmas\u0131 i\u00e7in hayati \u00f6neme sahiptir. A\u011f\u0131r y\u00fckleri verimli bir \u015fekilde ta\u015f\u0131ma yetene\u011fiyle bu silindirler, verimlili\u011fin artmas\u0131na katk\u0131da bulunur ve toprak i\u015flemeden yem hammaddelerinin y\u00f6netimine kadar \u00e7e\u015fitli tar\u0131msal g\u00f6revleri kolayla\u015ft\u0131r\u0131r.<\/p>\n<h3>Ekskavat\u00f6rler<\/h3>\n<p>Ekskavat\u00f6rlerde, kep\u00e7enin topra\u011fa n\u00fcfuz etmesini ve etkili kaz\u0131 i\u015flemlerini m\u00fcmk\u00fcn k\u0131lmas\u0131n\u0131 sa\u011flayan bom silindiri kritik \u00f6neme sahiptir. Bu \u00f6zellik, temel olu\u015fturmak veya araziyi temizlemek i\u00e7in hassas kaz\u0131 gerektiren in\u015faat, peyzaj ve madencilik projelerinde vazge\u00e7ilmezdir.<\/p>\n<h3>Y\u00fckleyiciler<\/h3>\n<p>\u00d6n y\u00fckleyicilerde, bom silindirleri malzemelerin etkili bir \u015fekilde kald\u0131r\u0131lmas\u0131na ve bo\u015falt\u0131lmas\u0131na yard\u0131mc\u0131 olur. \u00c7al\u0131\u015fma verimlilikleri, y\u00fcklerin hassas bir \u015fekilde ta\u015f\u0131nmas\u0131n\u0131 sa\u011flar; bu da \u015fantiye haz\u0131rl\u0131\u011f\u0131, malzeme ta\u015f\u0131mac\u0131l\u0131\u011f\u0131 ve kald\u0131rma kapasitesi gerektiren di\u011fer g\u00f6revler i\u00e7in hayati \u00f6nem ta\u015f\u0131r.<\/p>\n<h2>Tasar\u0131m Hususlar\u0131 ve Se\u00e7im Kriterleri<\/h2>\n<h3>Y\u00fck Kapasitesi<\/h3>\n<p>Bir bom silindiri se\u00e7erken, en \u00f6nemli hususlardan biri y\u00fck ta\u015f\u0131ma kapasitesidir. Silindir, yap\u0131sal b\u00fct\u00fcnl\u00fc\u011f\u00fcnden \u00f6d\u00fcn vermeden \u00e7al\u0131\u015fma s\u0131ras\u0131nda beklenen maksimum y\u00fck\u00fc kald\u0131rabilmelidir. Beklenen i\u015f y\u00fck\u00fcne dayal\u0131 do\u011fru hesaplamalar, silindirin stres alt\u0131nda g\u00fcvenli ve verimli bir \u015fekilde \u00e7al\u0131\u015fmas\u0131n\u0131 sa\u011flar.<\/p>\n<h3>S\u0131zd\u0131rmazl\u0131k ve Dayan\u0131kl\u0131l\u0131k<\/h3>\n<p>S\u0131z\u0131nt\u0131lar\u0131 \u00f6nlemek ve optimum hidrolik bas\u0131nc\u0131 korumak i\u00e7in s\u0131zd\u0131rmazl\u0131k mekanizmas\u0131 \u00e7ok \u00f6nemlidir. Poli\u00fcretan veya nitril kau\u00e7uk gibi dayan\u0131kl\u0131 malzemelerden yap\u0131lm\u0131\u015f y\u00fcksek kaliteli contalar, silindirin \u00f6mr\u00fcn\u00fc uzat\u0131r. Ayr\u0131ca, silindir g\u00f6vdesinin dayan\u0131kl\u0131l\u0131\u011f\u0131, kir, nem ve a\u015f\u0131r\u0131 s\u0131cakl\u0131klar da dahil olmak \u00fczere zorlu \u00e7al\u0131\u015fma ko\u015fullar\u0131na dayanabilmesi i\u00e7in gereklidir.<\/p>\n<h3>Emniyet<\/h3>\n<p>Hem makineyi hem de operat\u00f6r\u00fc korumak i\u00e7in bom silindirinin tasar\u0131m\u0131na g\u00fcvenlik \u00f6zellikleri entegre edilmelidir. Bu, a\u015f\u0131r\u0131 bas\u0131n\u00e7lanmay\u0131 \u00f6nlemek i\u00e7in bas\u0131n\u00e7 tahliye vanalar\u0131n\u0131 ve \u00e7al\u0131\u015fmad\u0131\u011f\u0131 zamanlarda kep\u00e7eyi sabitleyen emniyet kilitleme mekanizmalar\u0131n\u0131 i\u00e7erir. G\u00fcvenlik standartlar\u0131n\u0131n korunmas\u0131, a\u011f\u0131r makinelerin g\u00fcvenli \u00e7al\u0131\u015fmas\u0131 i\u00e7in hayati \u00f6nem ta\u015f\u0131r.<\/p>\n<h3>Bak\u0131m Hususlar\u0131<\/h3>\n<p>Bom silindirlerinin tasar\u0131m\u0131nda bir di\u011fer kritik fakt\u00f6r de bak\u0131m kolayl\u0131\u011f\u0131d\u0131r. Muayene, ya\u011flama ve onar\u0131m i\u00e7in kolay eri\u015fim sa\u011flayan tasar\u0131m \u00f6zellikleri, ar\u0131za s\u00fcresini en aza indirebilir ve hidrolik sistemin \u00f6mr\u00fcn\u00fc uzatabilir. Bak\u0131m dostu tasar\u0131mlar, ekipman\u0131n genel g\u00fcvenilirli\u011fine ve performans\u0131na katk\u0131da bulunur.<\/p>\n<p><img decoding=\"async\" src=\"https:\/\/www.hydraulic-cylinders.net\/wp-content\/uploads\/2025\/04\/songte-oil-pipes-and-spare-parts.webp\" alt=\"Hidrolik Silindir Bile\u015fenleri\" \/><\/p>\n<h2>S\u0131zd\u0131rmazl\u0131k ve Ya\u011flama<\/h2>\n<p>Bir bom silindirinin etkinli\u011fi b\u00fcy\u00fck \u00f6l\u00e7\u00fcde s\u0131zd\u0131rmazl\u0131k ve ya\u011flama sistemlerine ba\u011fl\u0131d\u0131r. Piston contalar\u0131 ve mil contalar\u0131 gibi y\u00fcksek kaliteli contalar, hidrolik bas\u0131nc\u0131 korumak ve s\u0131z\u0131nt\u0131lar\u0131 \u00f6nlemek i\u00e7in gereklidir. Poli\u00fcretan ve nitril kau\u00e7uk gibi a\u015f\u0131nmaya dayan\u0131kl\u0131 malzemelerden yap\u0131lm\u0131\u015f contalar, uzun \u00f6m\u00fcr ve performans g\u00fcvenilirli\u011fi sa\u011flar.<\/p>\n<p>Ayr\u0131ca, silindirin g\u00f6vdesi ve di\u015fli u\u00e7lar\u0131, a\u015f\u0131nma direncini art\u0131rmak i\u00e7in hassas i\u015fleme tabi tutulmu\u015ftur. Sorunsuz \u00e7al\u0131\u015fma sa\u011flamak ve a\u015f\u0131nmay\u0131 \u00f6nlemek, b\u00f6ylece bom silindirinin kullan\u0131m \u00f6mr\u00fcn\u00fc en \u00fcst d\u00fczeye \u00e7\u0131karmak i\u00e7in uygun hidrolik ya\u011f ile d\u00fczenli ya\u011flama gereklidir. Optimum performans\u0131 korumak i\u00e7in belirli ya\u011flama programlar\u0131na uyulmas\u0131 \u00f6nerilir.<\/p>\n<h2>D\u00fczenli Muayene ve \u00d6nleyici Bak\u0131m \u00d6nlemleri<\/h2>\n<ul>\n<li>\n<h3>D\u00fczenli Denetimler<\/h3>\n<p>Bom silindirinin d\u00fczenli olarak kontrol edilmesi, potansiyel sorunlar\u0131n b\u00fcy\u00fcmeden \u00f6nce tespit edilmesi i\u00e7in \u00e7ok \u00f6nemlidir. D\u00fczenli kontroller, s\u0131z\u0131nt\u0131, a\u015f\u0131nma ve y\u0131pranma a\u00e7\u0131s\u0131ndan g\u00f6rsel de\u011ferlendirmelerin yan\u0131 s\u0131ra silindirin sorunsuz \u00e7al\u0131\u015ft\u0131\u011f\u0131ndan emin olmak i\u00e7in fonksiyonel testleri de i\u00e7ermelidir.<\/p>\n<\/li>\n<li>\n<h3>Uygun Ya\u011flama<\/h3>\n<p>Hidrolik silindirin yeterince ya\u011flanmas\u0131, uzun \u00f6m\u00fcrl\u00fcl\u00fc\u011f\u00fc i\u00e7in \u00e7ok \u00f6nemlidir. Operat\u00f6rler, performans\u0131 korumak ve erken a\u015f\u0131nmaya yol a\u00e7abilecek s\u00fcrt\u00fcnmeyi azaltmak i\u00e7in onaylanm\u0131\u015f hidrolik ya\u011flar\u0131 i\u00e7eren bir ya\u011flama program\u0131na uymal\u0131d\u0131r.<\/p>\n<\/li>\n<li>\n<h3>Conta De\u011fi\u015fimi<\/h3>\n<p>Zamanla, contalar bozulabilir ve de\u011fi\u015ftirilmesi gerekebilir. Conta b\u00fct\u00fcnl\u00fc\u011f\u00fcn\u00fcn d\u00fczenli olarak izlenmesi, hidrolik s\u0131v\u0131 s\u0131z\u0131nt\u0131lar\u0131n\u0131 \u00f6nleyebilir ve silindirin optimum performans\u0131n\u0131 koruyabilir. \u00c7al\u0131\u015fma ortam\u0131na ve kullan\u0131m s\u0131kl\u0131\u011f\u0131na ba\u011fl\u0131 olarak bir de\u011fi\u015ftirme program\u0131na sahip olmak \u00e7ok \u00f6nemlidir.<\/p>\n<\/li>\n<\/ul>\n<p><img decoding=\"async\" src=\"https:\/\/www.hydraulic-cylinders.net\/wp-content\/uploads\/2025\/04\/songte-chushion-collar.webp\" alt=\"Silindir Montaj\u0131\" \/><\/p>\n<h2>G\u00fcvenlik Hususlar\u0131 ve \u00c7evresel Fakt\u00f6rler<\/h2>\n<p>\u00c7e\u015fitli uygulamalarda bom silindirleri kullan\u0131l\u0131rken g\u00fcvenlik \u00f6nlemleri son derece \u00f6nemlidir. Operat\u00f6rler her zaman g\u00fcvenlik y\u00f6nergelerine uymal\u0131 ve t\u00fcm bile\u015fenlerin d\u00fczenli olarak kontrol edilip bak\u0131m\u0131n\u0131n yap\u0131lmas\u0131n\u0131 sa\u011flamal\u0131d\u0131r. G\u00fcvenlik protokollerinin uygulanmas\u0131, ekipman ar\u0131zas\u0131 ve operat\u00f6r yaralanmas\u0131yla ilgili riskleri azalt\u0131r. Ayr\u0131ca, kimyasallara veya a\u015f\u0131r\u0131 hava ko\u015fullar\u0131na maruz kalma gibi \u00e7evresel fakt\u00f6rlerin dikkate al\u0131nmas\u0131, silindir b\u00fct\u00fcnl\u00fc\u011f\u00fcn\u00fcn ve performans\u0131n\u0131n korunmas\u0131 i\u00e7in \u00e7ok \u00f6nemlidir.<\/p>\n<h2>Sorun Giderme ve Yayg\u0131n Sorunlar<\/h2>\n<ul>\n<li>\n<h3>Hidrolik S\u0131z\u0131nt\u0131lar<\/h3>\n<p>Hidrolik s\u0131z\u0131nt\u0131lar, a\u015f\u0131nm\u0131\u015f contalar veya hasarl\u0131 bile\u015fenler nedeniyle meydana gelebilir. S\u0131z\u0131nt\u0131n\u0131n kayna\u011f\u0131n\u0131 belirlemek \u00e7ok \u00f6nemlidir, \u00e7\u00fcnk\u00fc bu durum hidrolik bas\u0131n\u00e7 kayb\u0131na ve verimsiz \u00e7al\u0131\u015fmaya yol a\u00e7abilir. D\u00fczenli kontroller, s\u0131z\u0131nt\u0131lar\u0131 erken tespit etmeye yard\u0131mc\u0131 olabilir.<\/p>\n<\/li>\n<li>\n<h3>Tutars\u0131z Performans<\/h3>\n<p>E\u011fer bom silindirinde d\u00fczensiz hareket veya tutars\u0131z bas\u0131n\u00e7 g\u00f6zlemleniyorsa, bu hidrolik sistemde hava s\u0131k\u0131\u015fmas\u0131, d\u00fc\u015f\u00fck s\u0131v\u0131 seviyesi veya kirlenmeye i\u015faret edebilir. Sistemi havas\u0131n\u0131 almak veya s\u0131v\u0131 seviyelerini kontrol etmek genellikle bu sorunlar\u0131 \u00e7\u00f6zebilir.<\/p>\n<\/li>\n<li>\n<h3>S\u0131zd\u0131rmazl\u0131k Ar\u0131zalar\u0131<\/h3>\n<p>S\u0131zd\u0131rmazl\u0131k elemanlar\u0131ndaki ar\u0131zalar \u00f6nemli performans sorunlar\u0131na yol a\u00e7abilir. D\u00fczenli izleme ve s\u0131zd\u0131rmazl\u0131k elemanlar\u0131n\u0131n zaman\u0131nda de\u011fi\u015ftirilmesi, hidrolik s\u0131v\u0131 kayb\u0131n\u0131 \u00f6nleyebilir ve sistemin verimli \u00e7al\u0131\u015fmas\u0131n\u0131 sa\u011flayabilir.<\/p>\n<\/li>\n<\/ul>\n<p>Bu yayg\u0131n sorunlar\u0131n giderilmesi, bom silindirinin \u00e7al\u0131\u015fma \u00f6mr\u00fcn\u00fc \u00f6nemli \u00f6l\u00e7\u00fcde uzatabilir. D\u00fczenli bak\u0131m ve kontroller gibi \u00f6nleyici tedbirler, potansiyel sorunlar\u0131 en aza indirebilir ve sorunsuz bir \u00e7al\u0131\u015fma sa\u011flayabilir.<\/p>\n<p><img decoding=\"async\" src=\"https:\/\/www.hydraulic-cylinders.net\/wp-content\/uploads\/2025\/04\/songte-bushings-with-all-kinds-of-excavator-models.webp\" alt=\"Silindir Burcu\" \/><\/p>\n<h2>\u015eirketimiz Hakk\u0131nda<\/h2>\n<p>Hidrolik silindir \u00fcretimi konusunda uzmanla\u015fm\u0131\u015f bir \u00fcreticiyiz ve hem yurt i\u00e7i hem de uluslararas\u0131 pazarlarda \u00f6nde gelen bir tedarik\u00e7i olarak kendimizi kan\u0131tlam\u0131\u015f geni\u015f bir \u00fcr\u00fcn yelpazesi sunuyoruz. M\u00fckemmelli\u011fe olan ba\u011fl\u0131l\u0131\u011f\u0131m\u0131z ve hassas \u00fcretim stratejimize olan ba\u011fl\u0131l\u0131\u011f\u0131m\u0131z, \u00fcretim kapasitemizi s\u00fcrekli olarak geli\u015ftirmemizi sa\u011fl\u0131yor.<\/p>\n<p>Kaliteye odaklanarak, \u00fcretim platformumuzu geli\u015ftirmek i\u00e7in yetenekli teknisyenlerden, geli\u015fmi\u015f dijital \u00fcretim ekipmanlar\u0131ndan ve profesyonel test sistemlerinden yararlan\u0131yoruz. G\u00fc\u00e7l\u00fc yarat\u0131c\u0131 yeteneklerimiz, \u00e7e\u015fitli m\u00fc\u015fteri ihtiya\u00e7lar\u0131n\u0131 y\u00fcksek hassasiyet ve kaliteyle verimli bir \u015fekilde kar\u015f\u0131lamam\u0131z\u0131 sa\u011fl\u0131yor.<\/p>\n<p><img decoding=\"async\" src=\"https:\/\/www.hydraulic-cylinders.net\/wp-content\/uploads\/2025\/04\/songte-company-4.webp\" alt=\"\u015eirket \u00dcretimi\" \/><br \/>\n<img decoding=\"async\" src=\"https:\/\/www.hydraulic-cylinders.net\/wp-content\/uploads\/2025\/04\/songte-company-3.webp\" alt=\"\u015eirket Genel Bak\u0131\u015f\u0131\" \/><\/p>\n<h3>Uzmanl\u0131\u011f\u0131m\u0131z<\/h3>\n<ul>\n<li>\n<h3>Profesyonellik<\/h3>\n<p>Ekibimiz hidrolik sistemler konusunda uzman ki\u015filerden olu\u015fmakta olup, \u00fcr\u00fcnlerimizin en y\u00fcksek end\u00fcstri standartlar\u0131n\u0131 kar\u015f\u0131lamas\u0131n\u0131 sa\u011flamaktad\u0131r.<\/p>\n<\/li>\n<li>\n<h3>Uluslararas\u0131 Sertifikalar<\/h3>\n<p>\u00dcretimde kalite ve g\u00fcvenli\u011fe olan ba\u011fl\u0131l\u0131\u011f\u0131m\u0131z\u0131 do\u011frulayan \u00e7e\u015fitli uluslararas\u0131 sertifikalara sahibiz.<\/p>\n<\/li>\n<li>\n<h3>\u00d6zel Hizmetler<\/h3>\n<p>M\u00fc\u015fterilerimizin \u00f6zel gereksinimlerini kar\u015f\u0131lamak \u00fczere \u00f6zel \u00e7\u00f6z\u00fcmler sunarak, \u00e7e\u015fitli uygulamalarda optimum performans sa\u011fl\u0131yoruz.<\/p>\n<\/li>\n<li>\n<h3>Geli\u015fmi\u015f \u00dcretim Ekipmanlar\u0131<\/h3>\n<p>Son teknolojiyle donat\u0131lm\u0131\u015f \u00fcretim tesislerimiz, y\u00fcksek kaliteli hidrolik silindirler \u00fcretmek i\u00e7in en ileri teknolojiyi kullanmaktad\u0131r.<\/p>\n<\/li>\n<li>\n<h3>Sat\u0131\u015f Sonras\u0131 Destek<\/h3>\n<p>M\u00fc\u015fteri memnuniyetini sa\u011flamak i\u00e7in destek ve bak\u0131m da dahil olmak \u00fczere kapsaml\u0131 sat\u0131\u015f sonras\u0131 hizmetler sunuyoruz.<\/p>\n<\/li>\n<\/ul>\n<p>Yazar: lyl<\/p>","protected":false},"excerpt":{"rendered":"<p>Boom Cylinder For Xinyuan Crawler Excavator XY60-8 Product Overview The Boom Cylinder for the Xinyuan Crawler Excavator XY60-8 is a crucial component in hydraulic systems designed for heavy machinery. This hydraulic cylinder is specifically engineered to control the movement of the bucket in various heavy-duty equipment, such as excavators, backhoe loaders, and front loaders. By [&hellip;]<\/p>","protected":false},"featured_media":17872,"comment_status":"open","ping_status":"closed","template":"","meta":{"_et_pb_use_builder":"","_et_pb_old_content":"","_et_gb_content_width":""},"product_brand":[],"product_cat":[1546],"product_tag":[1547,1496],"class_list":{"0":"post-19594","1":"product","2":"type-product","3":"status-publish","4":"has-post-thumbnail","6":"product_cat-boom-cylinders","7":"product_tag-boom-cylinders","8":"product_tag-hydraulic-cylinders","10":"first","11":"instock","12":"shipping-taxable","13":"product-type-simple"},"amp_enabled":true,"_links":{"self":[{"href":"https:\/\/www.hydraulic-cylinders.net\/tr\/wp-json\/wp\/v2\/product\/19594","targetHints":{"allow":["GET"]}}],"collection":[{"href":"https:\/\/www.hydraulic-cylinders.net\/tr\/wp-json\/wp\/v2\/product"}],"about":[{"href":"https:\/\/www.hydraulic-cylinders.net\/tr\/wp-json\/wp\/v2\/types\/product"}],"replies":[{"embeddable":true,"href":"https:\/\/www.hydraulic-cylinders.net\/tr\/wp-json\/wp\/v2\/comments?post=19594"}],"wp:featuredmedia":[{"embeddable":true,"href":"https:\/\/www.hydraulic-cylinders.net\/tr\/wp-json\/wp\/v2\/media\/17872"}],"wp:attachment":[{"href":"https:\/\/www.hydraulic-cylinders.net\/tr\/wp-json\/wp\/v2\/media?parent=19594"}],"wp:term":[{"taxonomy":"product_brand","embeddable":true,"href":"https:\/\/www.hydraulic-cylinders.net\/tr\/wp-json\/wp\/v2\/product_brand?post=19594"},{"taxonomy":"product_cat","embeddable":true,"href":"https:\/\/www.hydraulic-cylinders.net\/tr\/wp-json\/wp\/v2\/product_cat?post=19594"},{"taxonomy":"product_tag","embeddable":true,"href":"https:\/\/www.hydraulic-cylinders.net\/tr\/wp-json\/wp\/v2\/product_tag?post=19594"}],"curies":[{"name":"wp","href":"https:\/\/api.w.org\/{rel}","templated":true}]}}