{"id":19596,"date":"2025-04-07T06:56:30","date_gmt":"2025-04-07T06:56:30","guid":{"rendered":"https:\/\/www.hydraulic-cylinders.net\/product\/boom-cylinder-for-xinyuan-wheel-excavator-xy65w-7-8\/"},"modified":"2025-04-07T06:56:33","modified_gmt":"2025-04-07T06:56:33","slug":"boom-cylinder-for-xinyuan-wheel-excavator-xy65w-7-8","status":"publish","type":"product","link":"https:\/\/www.hydraulic-cylinders.net\/tr\/urun\/boom-cylinder-for-xinyuan-wheel-excavator-xy65w-7-8\/","title":{"rendered":"Xinyuan XY65W-7-8 Tekerlekli Ekskavat\u00f6r \u0130\u00e7in Bom Silindiri"},"content":{"rendered":"<h1>Xinyuan XY65W-7-8 Tekerlekli Ekskavat\u00f6r \u0130\u00e7in Bom Silindiri<\/h1>\n<h2>Bom Silindirine Giri\u015f<\/h2>\n<p>Bom silindiri, ekskavat\u00f6rler gibi a\u011f\u0131r makinelerde kullan\u0131lan hidrolik sistemler i\u00e7in \u00f6zel olarak tasarlanm\u0131\u015f \u00e7ok \u00f6nemli bir bile\u015fendir. Bu hidrolik silindir, \u00e7e\u015fitli in\u015faat ve hafriyat uygulamalar\u0131nda kep\u00e7enin hareketini kontrol etmekten sorumludur. Kep\u00e7enin kald\u0131r\u0131lmas\u0131n\u0131, indirilmesini ve e\u011filmesini sa\u011flayarak verimli malzeme ta\u015f\u0131ma i\u015flemlerini kolayla\u015ft\u0131r\u0131r.<\/p>\n<p>Genellikle ekskavat\u00f6rlerde, kaz\u0131c\u0131 y\u00fckleyicilerde ve \u00f6n y\u00fckleyicilerde bulunan kova silindiri, bu makinelerin \u00e7al\u0131\u015fma kapasitesini art\u0131rmada hayati bir rol oynar. Hidrolik bas\u0131n\u00e7 kullanarak, bom silindiri d\u00fczg\u00fcn ve h\u0131zl\u0131 hareketler sa\u011flar; bu da onu in\u015faat i\u015f\u00e7ileri ve a\u011f\u0131r makine operat\u00f6rleri i\u00e7in vazge\u00e7ilmez bir ara\u00e7 haline getirir.<\/p>\n<p><img decoding=\"async\" src=\"https:\/\/www.hydraulic-cylinders.net\/wp-content\/uploads\/2025\/04\/songte-company-1.webp\" alt=\"Bom Silindiri\" \/><\/p>\n<h2>Bom Silindirinin \u00d6zellikleri<\/h2>\n<ul>\n<li><strong>Y\u00fcksek Dayan\u0131kl\u0131l\u0131k ve Dayan\u0131kl\u0131l\u0131k:<\/strong> Y\u00fcksek mukavemetli \u00e7elik veya al\u00fcminyumdan \u00fcretilen bom silindiri, y\u00fcksek bas\u0131nca ve a\u011f\u0131r y\u00fcklere dayanabilir, bu da onu zorlu \u00e7al\u0131\u015fma ortamlar\u0131 i\u00e7in uygun hale getirir. A\u015f\u0131nma ve korozyon direncini i\u00e7eren tasar\u0131m\u0131, kullan\u0131m \u00f6mr\u00fcn\u00fc uzat\u0131r.<\/li>\n<li><strong>Verimli Hidrolik \u00c7al\u0131\u015fma:<\/strong> Bom silindiri, sorunsuz uzatma ve geri \u00e7ekme i\u00e7in hidrolik ya\u011f bas\u0131nc\u0131ndan yararlanarak operasyonel komutlara h\u0131zl\u0131 yan\u0131t verilmesini sa\u011flar. A\u011f\u0131r nesnelerin ve karma\u015f\u0131k g\u00f6revlerin ta\u015f\u0131nmas\u0131 i\u00e7in ideal olan \u00f6nemli bir itme ve \u00e7ekme kuvveti sa\u011flar.<\/li>\n<li><strong>\u00c7e\u015fitli T\u00fcrler:<\/strong> Tek y\u00f6nl\u00fc (hidroli\u011fin tek y\u00f6nde kullan\u0131ld\u0131\u011f\u0131) veya \u00e7ift y\u00f6nl\u00fc (hidroli\u011fin her iki y\u00f6nde kullan\u0131ld\u0131\u011f\u0131) konfig\u00fcrasyonlarda bulunan bom silindiri, \u00e7e\u015fitli operasyonel ihtiya\u00e7lar\u0131 kar\u015f\u0131layabilir. Baz\u0131 modellerde teleskopik tasar\u0131mlar bulunur; bu da d\u0131\u015f boyutlar\u0131 art\u0131rmadan daha fazla uzamaya olanak tan\u0131yarak dar alanlar i\u00e7in uygun hale gelmelerini sa\u011flar.<\/li>\n<li><strong>Uyumluluk:<\/strong> \u00dcr\u00fcnlerimiz, farkl\u0131 ekipmanlarda kullan\u0131lan \u00e7e\u015fitli hidrolik silindirlerin yerini m\u00fckemmel bir \u015fekilde alarak sorunsuz entegrasyon ve i\u015flevsellik sa\u011flar.<\/li>\n<li><strong>\u00d6zel \u00c7\u00f6z\u00fcmler:<\/strong> Farkl\u0131 makine ve uygulamalar\u0131n \u00f6zel ihtiya\u00e7lar\u0131n\u0131 kar\u015f\u0131lamak \u00fczere \u00f6zel \u00e7\u00f6z\u00fcmler ve konfig\u00fcrasyonlar sunuyoruz.<\/li>\n<\/ul>\n<p><img decoding=\"async\" src=\"https:\/\/www.hydraulic-cylinders.net\/wp-content\/uploads\/2025\/04\/songte-cylinder-head-with-all-kinds-excavator-models.webp\" alt=\"Hidrolik Silindir\" \/><\/p>\n<h2>Bom Silindirinin Uygulamalar\u0131<\/h2>\n<h3>\u0130n\u015faat Ekipmanlar\u0131:<\/h3>\n<p>Ekskavat\u00f6rlerde, bom silindiri kazma, y\u00fckleme ve toprak veya moloz ta\u015f\u0131ma i\u015flemleri i\u00e7in hayati \u00f6neme sahiptir. Hassas kontrol\u00fc, etkili kaz\u0131 ve kald\u0131rma i\u015flemlerine olanak tan\u0131yarak \u015fantiyelerde vazge\u00e7ilmez hale gelir.<\/p>\n<h3>Tar\u0131m Makinalar\u0131:<\/h3>\n<p>\u00d6n y\u00fckleyicilerde, bom silindiri toprak, saman ve di\u011fer malzemelerin kep\u00e7elenmesi, kald\u0131r\u0131lmas\u0131 ve ta\u015f\u0131nmas\u0131 i\u00e7in hayati \u00f6neme sahiptir. Operat\u00f6rlerin a\u011f\u0131r y\u00fckleri kolayl\u0131kla y\u00f6netmelerini sa\u011flayarak tar\u0131msal i\u015flemlerin verimlili\u011fini art\u0131r\u0131r.<\/p>\n<h3>Ekskavat\u00f6rler:<\/h3>\n<p>Kep\u00e7e silindiri, kep\u00e7enin topra\u011fa etkili bir \u015fekilde n\u00fcfuz etmesini sa\u011flayarak kazma i\u015flemini kolayla\u015ft\u0131r\u0131r. Sa\u011flam tasar\u0131m\u0131, kapsaml\u0131 kaz\u0131 i\u015flerinde dayan\u0131kl\u0131l\u0131k ve g\u00fcvenilirlik sa\u011flar.<\/p>\n<h3>Y\u00fckleyiciler:<\/h3>\n<p>\u00d6n y\u00fckleyicilerde, bom silindiri malzemelerin etkili bir \u015fekilde kald\u0131r\u0131lmas\u0131na ve bo\u015falt\u0131lmas\u0131na yard\u0131mc\u0131 olur. Hidrolik g\u00fcc\u00fc, operat\u00f6rlerin y\u00fckleri h\u0131zl\u0131 ve verimli bir \u015fekilde hareket ettirmesine yard\u0131mc\u0131 olarak \u015fantiyedeki genel verimlili\u011fi art\u0131r\u0131r.<\/p>\n<h2>Tasar\u0131m Hususlar\u0131 ve Se\u00e7im Kriterleri<\/h2>\n<h3>Y\u00fck Kapasitesi:<\/h3>\n<p>Vin\u00e7 silindiri se\u00e7erken y\u00fck ta\u015f\u0131ma kapasitesi kritik bir fakt\u00f6rd\u00fcr. Silindir, ekipman\u0131n kald\u0131rmas\u0131 veya hareket ettirmesi beklenen maksimum y\u00fck\u00fc kald\u0131rabilmelidir. Silindirin a\u015f\u0131r\u0131 y\u00fcklenmesi ar\u0131zaya yol a\u00e7abilir; bu nedenle, ama\u00e7lanan uygulama i\u00e7in yeterli kapasiteye sahip bir silindir se\u00e7mek \u00e7ok \u00f6nemlidir.<\/p>\n<h3>S\u0131zd\u0131rmazl\u0131k:<\/h3>\n<p>Bom silindirinin s\u0131zd\u0131rmazl\u0131k sistemi, bas\u0131nc\u0131 korurken hidrolik s\u0131v\u0131 s\u0131z\u0131nt\u0131lar\u0131n\u0131 \u00f6nlemek \u00fczere tasarlanm\u0131\u015ft\u0131r. Y\u00fcksek kaliteli contalar, silindirin zaman i\u00e7inde verimli ve g\u00fcvenilir bir \u015fekilde \u00e7al\u0131\u015fmas\u0131n\u0131 sa\u011flar. Do\u011fru s\u0131zd\u0131rmazl\u0131k ayr\u0131ca i\u00e7 bile\u015fenleri, erken a\u015f\u0131nmaya veya ar\u0131zaya yol a\u00e7abilecek kirleticilerden korur.<\/p>\n<h3>Dayan\u0131kl\u0131l\u0131k:<\/h3>\n<p>Bom silindirinin tasar\u0131m\u0131nda dayan\u0131kl\u0131l\u0131k \u00f6nemli bir husustur. Zorlu ortamlarda yo\u011fun kullan\u0131ma dayanacak \u015fekilde \u00fcretilmelidir. A\u015f\u0131nmaya ve korozyona dayan\u0131kl\u0131 malzemeler, silindirin uzun \u00f6m\u00fcrl\u00fc olmas\u0131n\u0131 ve s\u0131k s\u0131k de\u011fi\u015ftirme ihtiyac\u0131n\u0131n azalmas\u0131n\u0131 sa\u011flamak i\u00e7in gereklidir.<\/p>\n<h3>Emniyet:<\/h3>\n<p>Bas\u0131n\u00e7 tahliye vanalar\u0131 ve acil durdurma mekanizmalar\u0131 gibi g\u00fcvenlik \u00f6zellikleri hidrolik sistemlerde hayati \u00f6neme sahiptir. Bu \u00f6zellikler, \u00e7al\u0131\u015fma s\u0131ras\u0131nda uygulanan kuvvetleri kontrol ederek kazalar\u0131 ve ekipman hasar\u0131n\u0131 \u00f6nlemeye yard\u0131mc\u0131 olur.<\/p>\n<h3>Bak\u0131m:<\/h3>\n<p>Kolay bak\u0131m da \u00f6nemli bir di\u011fer husustur. Tasar\u0131m, ya\u011flama, conta de\u011fi\u015fimi ve kritik bile\u015fenlerin incelenmesi de dahil olmak \u00fczere kolay servis i\u015flemlerine olanak sa\u011flamal\u0131d\u0131r. \u0130yi bak\u0131ml\u0131 bir silindir, kullan\u0131m \u00f6mr\u00fc boyunca daha g\u00fcvenilir ve verimli \u00e7al\u0131\u015facakt\u0131r.<\/p>\n<p><img decoding=\"async\" src=\"https:\/\/www.hydraulic-cylinders.net\/wp-content\/uploads\/2025\/04\/songte-oil-pipes-and-spare-parts.webp\" alt=\"Yedek par\u00e7a\" \/><\/p>\n<h2>Silindirin S\u0131zd\u0131rmazl\u0131\u011f\u0131 ve Ya\u011flanmas\u0131<\/h2>\n<p>Bom silindirinin performans\u0131 ve uzun \u00f6mr\u00fc i\u00e7in etkili s\u0131zd\u0131rmazl\u0131k ve ya\u011flama son derece \u00f6nemlidir. Hidrolik s\u0131v\u0131 s\u0131z\u0131nt\u0131lar\u0131n\u0131 \u00f6nlemek i\u00e7in piston contalar\u0131 ve mil contalar\u0131 gibi \u00e7e\u015fitli contalar kullan\u0131l\u0131r. Poli\u00fcretan ve nitril kau\u00e7uk gibi malzemelerin se\u00e7imi a\u015f\u0131nma direncini art\u0131rarak sa\u011flam bir s\u0131zd\u0131rmazl\u0131k sistemi sa\u011flar.<\/p>\n<p>Silindir g\u00f6vdesi ve di\u015fli u\u00e7lar\u0131, a\u015f\u0131nma direncini art\u0131rmak ve s\u0131k\u0131 bir uyum sa\u011flamak i\u00e7in hassas bir \u015fekilde i\u015flenir. Sorunsuz \u00e7al\u0131\u015fmay\u0131 s\u00fcrd\u00fcrmek ve hareketli par\u00e7alar aras\u0131ndaki s\u00fcrt\u00fcnmeyi azaltmak i\u00e7in d\u00fczenli olarak hidrolik ya\u011f ile ya\u011flama gereklidir; aksi takdirde a\u015f\u0131nma ve ar\u0131za meydana gelebilir.<\/p>\n<h2>\u00d6nleyici Bak\u0131m \u00d6nlemleri<\/h2>\n<ul>\n<li><strong>D\u00fczenli Denetimler:<\/strong> Bom silindirini d\u00fczenli olarak a\u015f\u0131nma, s\u0131z\u0131nt\u0131 veya hasar belirtileri a\u00e7\u0131s\u0131ndan kontrol edin. Potansiyel sorunlar\u0131n erken tespiti, maliyetli onar\u0131mlar\u0131 ve ar\u0131za s\u00fcrelerini \u00f6nleyebilir.<\/li>\n<li><strong>Uygun Ya\u011flama:<\/strong> Silindirin t\u00fcm hareketli par\u00e7alar\u0131n\u0131n sorunsuz \u00e7al\u0131\u015fmas\u0131n\u0131 sa\u011flamak i\u00e7in yeterli ya\u011flama yap\u0131ld\u0131\u011f\u0131ndan emin olun. Bu, s\u00fcrt\u00fcnmeyi ve a\u015f\u0131nmay\u0131 azaltarak par\u00e7an\u0131n \u00f6mr\u00fcn\u00fc uzat\u0131r.<\/li>\n<li><strong>Conta De\u011fi\u015fimi:<\/strong> Contalar\u0131n a\u015f\u0131nmas\u0131n\u0131 izleyin ve bas\u0131nc\u0131 korumak ve s\u0131z\u0131nt\u0131lar\u0131 \u00f6nlemek i\u00e7in gerekti\u011finde de\u011fi\u015ftirin. D\u00fczenli conta bak\u0131m\u0131, optimum \u00e7al\u0131\u015fma i\u00e7in \u00e7ok \u00f6nemlidir.<\/li>\n<\/ul>\n<h2>Bom Silindiri i\u00e7in Kurulum Talimatlar\u0131<\/h2>\n<p>Bom silindirinin do\u011fru montaj\u0131, performans\u0131 ve uzun \u00f6mr\u00fc i\u00e7in kritik \u00f6neme sahiptir. \u0130\u015fleme, silindiri makine \u00fczerindeki montaj noktalar\u0131yla do\u011fru bir \u015fekilde hizalayarak ba\u015flay\u0131n. Silindiri yerine sabitlemek i\u00e7in uygun montaj braketleri kullan\u0131n ve silindirin d\u00fcz ve do\u011fru y\u00f6nde oldu\u011fundan emin olun.<\/p>\n<p>Yerine yerle\u015ftirildikten sonra, s\u0131v\u0131 ak\u0131\u015f\u0131n\u0131 k\u0131s\u0131tlayabilecek b\u00fck\u00fclmelerden veya gereksiz k\u0131vr\u0131mlardan ka\u00e7\u0131narak hidrolik hatlar\u0131 ba\u011flay\u0131n. Hidrolik hatlar\u0131 ba\u011flad\u0131ktan sonra, s\u0131z\u0131nt\u0131 olup olmad\u0131\u011f\u0131n\u0131 kontrol etmek ve silindirin sorunsuz \u00e7al\u0131\u015ft\u0131\u011f\u0131n\u0131 do\u011frulamak i\u00e7in bir sistem bas\u0131n\u00e7 testi yap\u0131n.<\/p>\n<p>Son olarak, t\u00fcm ba\u011flant\u0131 elemanlar\u0131n\u0131n \u00fcreticinin spesifikasyonlar\u0131na g\u00f6re s\u0131k\u0131ld\u0131\u011f\u0131ndan emin olun ve ekipman\u0131 kullanmadan \u00f6nce son bir kontrol yap\u0131n. Bu y\u00f6nergeleri izlemek, bom silindirinden en iyi performans\u0131 elde etmenize yard\u0131mc\u0131 olacakt\u0131r.<\/p>\n<h2>Yayg\u0131n Bak\u0131m G\u00f6revleri<\/h2>\n<ul>\n<li><strong>D\u00fczenli Denetimler:<\/strong> D\u00fczenli kontroller yapmak, a\u015f\u0131nma veya hasar\u0131n erken tespit edilmesini sa\u011flar. Bu proaktif \u00f6nlem, ilerleyen d\u00f6nemlerde daha b\u00fcy\u00fck sorunlar\u0131n \u00f6nlenmesine yard\u0131mc\u0131 olabilir.<\/li>\n<li><strong>Uygun Ya\u011flama:<\/strong> Silindirin yeterince ya\u011flanmas\u0131, s\u00fcrt\u00fcnmeyi ve a\u015f\u0131nmay\u0131 \u00f6nleyerek par\u00e7an\u0131n verimlili\u011fini ve kullan\u0131m \u00f6mr\u00fcn\u00fc art\u0131r\u0131r.<\/li>\n<li><strong>Conta De\u011fi\u015fimleri:<\/strong> Hidrolik s\u0131v\u0131 s\u0131z\u0131nt\u0131lar\u0131n\u0131 \u00f6nlemek ve sistem bas\u0131nc\u0131n\u0131 korumak i\u00e7in contalar\u0131n d\u00fczenli olarak de\u011fi\u015ftirilmesi \u015fartt\u0131r. Bu, g\u00f6z ard\u0131 edilmemesi gereken \u00f6nemli bir bak\u0131m i\u015flemidir.<\/li>\n<\/ul>\n<h2>G\u00fcvenlik Hususlar\u0131 ve \u00c7evresel Fakt\u00f6rler<\/h2>\n<p>Hidrolik sistemlerle \u00e7al\u0131\u015f\u0131rken g\u00fcvenlik \u00f6nlemlerine \u00f6ncelik verilmelidir. Operat\u00f6rler, hidrolik ekipman\u0131n do\u011fru kullan\u0131m\u0131 ve i\u015fletimi konusunda e\u011fitilmelidir. Ayr\u0131ca, uygun ki\u015fisel koruyucu ekipman (KKD) kullan\u0131m\u0131, hidrolik s\u0131v\u0131 s\u0131z\u0131nt\u0131lar\u0131 ve olas\u0131 yaralanmalarla ili\u015fkili riskleri azaltabilir.<\/p>\n<h2>Sorun Giderme ve Yayg\u0131n Sorunlar<\/h2>\n<ul>\n<li><strong>S\u0131z\u0131nt\u0131:<\/strong> Bom silindirinden hidrolik s\u0131v\u0131 s\u0131z\u0131yorsa, contalar\u0131 a\u015f\u0131nma a\u00e7\u0131s\u0131ndan kontrol edin ve gerekirse de\u011fi\u015ftirin. T\u00fcm ba\u011flant\u0131lar\u0131n s\u0131k\u0131 ve hasars\u0131z oldu\u011fundan emin olun.<\/li>\n<li><strong>Yava\u015f \u00c7al\u0131\u015fma:<\/strong> Silindir yava\u015f \u00e7al\u0131\u015f\u0131yorsa, hidrolik s\u0131v\u0131 seviyelerini kontrol edin ve hidrolik hatlarda t\u0131kan\u0131kl\u0131k olmad\u0131\u011f\u0131ndan emin olun. Hidrolik s\u0131v\u0131da herhangi bir kirlenme belirtisi olup olmad\u0131\u011f\u0131n\u0131 kontrol edin.<\/li>\n<li><strong>Tutarl\u0131 Olmayan Hareket:<\/strong> E\u011fer bom silindiri d\u00fczensiz hareket ediyorsa, bunun nedeni hidrolik sistemde s\u0131k\u0131\u015fm\u0131\u015f hava olabilir. Havay\u0131 gidermek i\u00e7in sistemi havaland\u0131r\u0131n veya hareketi etkileyebilecek hasarl\u0131 par\u00e7alar\u0131 kontrol edin.<\/li>\n<\/ul>\n<h2>Sorun Giderme \u0130pu\u00e7lar\u0131<\/h2>\n<p>Sorunlar\u0131 etkili bir \u015fekilde te\u015fhis etmek ve \u00e7\u00f6zmek i\u00e7in sistematik bir yakla\u015f\u0131m izlemek \u015fartt\u0131r. A\u015f\u0131nma veya hasar\u0131n belirgin belirtilerini tespit etmek i\u00e7in g\u00f6rsel incelemelerle ba\u015flay\u0131n. Sistemdeki hidrolik bas\u0131n\u00e7 seviyelerini kontrol etmek ve gerekli \u00f6zelliklere uygun olduklar\u0131ndan emin olmak i\u00e7in bas\u0131n\u00e7 g\u00f6stergeleri kullan\u0131n.<\/p>\n<p>Tekrarlayan sorunlar\u0131n olas\u0131l\u0131\u011f\u0131n\u0131 en aza indirmek i\u00e7in d\u00fczenli bak\u0131m programlar\u0131 ve operat\u00f6r e\u011fitimi gibi \u00f6nleyici tedbirler uygulay\u0131n. Hidrolik sistemin temiz ve iyi ya\u011flanm\u0131\u015f olmas\u0131 da g\u00fcvenilirli\u011fine ve performans\u0131na katk\u0131da bulunacakt\u0131r.<\/p>\n<p><img decoding=\"async\" src=\"https:\/\/www.hydraulic-cylinders.net\/wp-content\/uploads\/2025\/04\/songte-bushings-with-all-kinds-of-excavator-models.webp\" alt=\"Bur\u00e7lar\" \/><\/p>\n<h2>\u015eirket Genel Bak\u0131\u015f\u0131<\/h2>\n<p>\u00d6nde gelen yedek hidrolik silindir \u00fcreticisi olarak, hem yerel hem de uluslararas\u0131 pazarlarda \u00f6nemli bir oyuncu olmam\u0131z\u0131 sa\u011flayan kapsaml\u0131 bir \u00fcr\u00fcn yelpazesi sunuyoruz. Ola\u011fan\u00fcst\u00fc kaliteye olan ba\u011fl\u0131l\u0131\u011f\u0131m\u0131z, hassas \u00fcretim stratejileri ve geli\u015fmi\u015f teknolojinin entegrasyonuyla desteklenmektedir.<\/p>\n<p>Teknik yeteneklere ve \u00fcst d\u00fczey dijital \u00fcretim ekipmanlar\u0131na odaklanarak, \u00fcretim s\u00fcre\u00e7lerimiz \u00fcr\u00fcnlerimizin kalitesini art\u0131rmak i\u00e7in s\u00fcrekli olarak geli\u015fmektedir. Her silindirin performans ve dayan\u0131kl\u0131l\u0131k a\u00e7\u0131s\u0131ndan titiz standartlar\u0131 kar\u015f\u0131lamas\u0131n\u0131 sa\u011flayan sa\u011flam bir kalite kontrol sistemi uyguluyoruz.<\/p>\n<p>\u015eirketimiz ayr\u0131ca \u00f6zel \u00e7\u00f6z\u00fcmler, uluslararas\u0131 sertifikalar ve \u00fcst\u00fcn sat\u0131\u015f sonras\u0131 hizmet sunmaktan da gurur duymaktad\u0131r. Bu b\u00fct\u00fcnc\u00fcl yakla\u015f\u0131m, g\u00fcvenilirlik ve m\u00fckemmellik konusundaki itibar\u0131m\u0131z\u0131 korurken m\u00fc\u015fterilerimizin \u00e7e\u015fitli ihtiya\u00e7lar\u0131n\u0131 kar\u015f\u0131lamam\u0131z\u0131 sa\u011flar.<\/p>\n<p><img decoding=\"async\" src=\"https:\/\/www.hydraulic-cylinders.net\/wp-content\/uploads\/2025\/04\/songte-company-4.webp\" alt=\"\u015eirket Genel Bak\u0131\u015f\u0131\" \/><br \/>\n<img decoding=\"async\" src=\"https:\/\/www.hydraulic-cylinders.net\/wp-content\/uploads\/2025\/04\/songte-company-3.webp\" alt=\"Tesislerimiz\" \/><\/p>\n<p>Yazar: lyl<\/p>","protected":false},"excerpt":{"rendered":"<p>Boom Cylinder For Xinyuan Wheel Excavator XY65W-7-8 Introduction to Boom Cylinder The Boom Cylinder is a crucial component designed specifically for hydraulic systems used in heavy machinery such as excavators. This hydraulic cylinder is responsible for controlling the movement of the bucket in various construction and earth-moving applications. It allows the bucket to lift, lower, [&hellip;]<\/p>","protected":false},"featured_media":17874,"comment_status":"open","ping_status":"closed","template":"","meta":{"_et_pb_use_builder":"","_et_pb_old_content":"","_et_gb_content_width":""},"product_brand":[],"product_cat":[1546],"product_tag":[1547,1496],"class_list":{"0":"post-19596","1":"product","2":"type-product","3":"status-publish","4":"has-post-thumbnail","6":"product_cat-boom-cylinders","7":"product_tag-boom-cylinders","8":"product_tag-hydraulic-cylinders","10":"first","11":"instock","12":"shipping-taxable","13":"product-type-simple"},"amp_enabled":true,"_links":{"self":[{"href":"https:\/\/www.hydraulic-cylinders.net\/tr\/wp-json\/wp\/v2\/product\/19596","targetHints":{"allow":["GET"]}}],"collection":[{"href":"https:\/\/www.hydraulic-cylinders.net\/tr\/wp-json\/wp\/v2\/product"}],"about":[{"href":"https:\/\/www.hydraulic-cylinders.net\/tr\/wp-json\/wp\/v2\/types\/product"}],"replies":[{"embeddable":true,"href":"https:\/\/www.hydraulic-cylinders.net\/tr\/wp-json\/wp\/v2\/comments?post=19596"}],"wp:featuredmedia":[{"embeddable":true,"href":"https:\/\/www.hydraulic-cylinders.net\/tr\/wp-json\/wp\/v2\/media\/17874"}],"wp:attachment":[{"href":"https:\/\/www.hydraulic-cylinders.net\/tr\/wp-json\/wp\/v2\/media?parent=19596"}],"wp:term":[{"taxonomy":"product_brand","embeddable":true,"href":"https:\/\/www.hydraulic-cylinders.net\/tr\/wp-json\/wp\/v2\/product_brand?post=19596"},{"taxonomy":"product_cat","embeddable":true,"href":"https:\/\/www.hydraulic-cylinders.net\/tr\/wp-json\/wp\/v2\/product_cat?post=19596"},{"taxonomy":"product_tag","embeddable":true,"href":"https:\/\/www.hydraulic-cylinders.net\/tr\/wp-json\/wp\/v2\/product_tag?post=19596"}],"curies":[{"name":"wp","href":"https:\/\/api.w.org\/{rel}","templated":true}]}}