{"id":19601,"date":"2025-04-07T06:56:53","date_gmt":"2025-04-07T06:56:53","guid":{"rendered":"https:\/\/www.hydraulic-cylinders.net\/product\/boom-cylinder-for-volwa-small-excavator-dls818-9b\/"},"modified":"2025-04-07T06:56:55","modified_gmt":"2025-04-07T06:56:55","slug":"boom-cylinder-for-volwa-small-excavator-dls818-9b","status":"publish","type":"product","link":"https:\/\/www.hydraulic-cylinders.net\/tr\/urun\/boom-cylinder-for-volwa-small-excavator-dls818-9b\/","title":{"rendered":"Volwa DLS818-9B K\u00fc\u00e7\u00fck Ekskavat\u00f6r \u0130\u00e7in Bom Silindiri"},"content":{"rendered":"<h1>Volwa DLS818-9B K\u00fc\u00e7\u00fck Ekskavat\u00f6r \u0130\u00e7in Bom Silindiri<\/h1>\n<h2>\u00dcr\u00fcn Genel Bak\u0131\u015f\u0131<\/h2>\n<p>Volwa DLS818-9B k\u00fc\u00e7\u00fck ekskavat\u00f6r i\u00e7in bom silindiri, ekskavat\u00f6rlerin hidrolik sisteminde \u00e7ok \u00f6nemli bir bile\u015fendir. Ekskavat\u00f6r\u00fcn bomunun hareketini kontrol etmek, verimli malzeme ta\u015f\u0131ma g\u00f6revleri i\u00e7in gerekli olan kald\u0131rma, indirme ve e\u011fme i\u015flemlerini sa\u011flamak \u00fczere tasarlanm\u0131\u015ft\u0131r. A\u011f\u0131r makineler i\u00e7in \u00f6zel olarak tasarlanm\u0131\u015f bu hidrolik silindir, ekskavat\u00f6rlerin, kaz\u0131c\u0131 y\u00fckleyicilerin ve \u00f6n y\u00fckleyicilerin \u00e7al\u0131\u015fmas\u0131nda ve i\u015flevselli\u011finde hayati bir rol oynar.<\/p>\n<p><img decoding=\"async\" src=\"https:\/\/www.hydraulic-cylinders.net\/wp-content\/uploads\/2025\/04\/songte-company-1.webp\" alt=\"Ekskavat\u00f6rler i\u00e7in Bom Silindiri\"><\/p>\n<h3>Bom Silindirlerini Anlamak<\/h3>\n<p>Bom silindiri, a\u011f\u0131r makinelerde kep\u00e7e veya bomun hareketini y\u00f6netmek i\u00e7in kullan\u0131lan hidrolik bir silindirdir. Bu silindirler, ekskavat\u00f6rlerin, kaz\u0131c\u0131 y\u00fckleyicilerin ve \u00f6n y\u00fckleyicilerin \u00e7al\u0131\u015fmas\u0131 i\u00e7in ayr\u0131lmaz bir par\u00e7ad\u0131r. Bomun kald\u0131r\u0131lmas\u0131n\u0131, indirilmesini ve e\u011filmesini sa\u011flayarak \u00e7e\u015fitli malzeme ta\u015f\u0131ma g\u00f6revlerini etkili bir \u015fekilde kolayla\u015ft\u0131r\u0131rlar. Bu silindirlerin tasar\u0131m\u0131, a\u011f\u0131r i\u015f operasyonlar\u0131n\u0131n g\u00fcvenli\u011fini ve verimlili\u011fini sa\u011flamak i\u00e7in gerekli olan d\u00fczg\u00fcn ve kontroll\u00fc hareketlere olanak tan\u0131r.<\/p>\n<h2>Bom Silindirinin \u00d6zellikleri<\/h2>\n<ul>\n<li><strong>Y\u00fcksek Dayan\u0131kl\u0131l\u0131k ve Dayan\u0131kl\u0131l\u0131k:<\/strong> Y\u00fcksek mukavemetli \u00e7elik veya al\u00fcminyumdan \u00fcretilen bom silindiri, y\u00fcksek bas\u0131n\u00e7lara ve a\u011f\u0131r y\u00fcklere dayanacak \u015fekilde tasarlanm\u0131\u015ft\u0131r ve bu da onu zorlu \u00e7al\u0131\u015fma ko\u015fullar\u0131 i\u00e7in uygun hale getirir. Tasar\u0131m\u0131nda a\u015f\u0131nma direnci ve korozyon korumas\u0131 da yer alarak kullan\u0131m \u00f6mr\u00fcn\u00fc uzat\u0131r.<\/li>\n<li><strong>Verimli Hidrolik \u00c7al\u0131\u015fma:<\/strong> Silindir, d\u00fczg\u00fcn uzatma ve geri \u00e7ekme i\u00e7in hidrolik ya\u011f bas\u0131nc\u0131ndan yararlanarak operat\u00f6r komutlar\u0131na h\u0131zl\u0131 yan\u0131t verilmesini sa\u011flar. Bu, a\u011f\u0131r malzemelerin ve karma\u015f\u0131k i\u015flerin ta\u015f\u0131nmas\u0131 i\u00e7in ideal olan g\u00fc\u00e7l\u00fc itme ve \u00e7ekme yetenekleri sunar.<\/li>\n<li><strong>\u00c7e\u015fitli T\u00fcrler:<\/strong> Tek y\u00f6nl\u00fc (hidrolik etki tek y\u00f6nde) veya \u00e7ift y\u00f6nl\u00fc (hidrolik etki her iki y\u00f6nde) silindir se\u00e7enekleri, \u00e7e\u015fitli operasyonel ihtiya\u00e7lara cevap verecek \u015fekilde mevcuttur. Baz\u0131 modellerde, d\u0131\u015f boyutlar\u0131 art\u0131rmadan daha fazla uzamaya olanak tan\u0131yan teleskopik tasar\u0131mlar bulunur; bu da alan k\u0131s\u0131tlamal\u0131 uygulamalar i\u00e7in idealdir.<\/li>\n<li><strong>\u00d6zel \u00dcretim:<\/strong> Bu \u00fcr\u00fcn\u00fcn \u00fcretiminde uzmanla\u015ft\u0131k ve silindirlerimizin \u00e7e\u015fitli makinelerdeki mevcut hidrolik silindirlerin yerini m\u00fckemmel bir \u015fekilde almas\u0131n\u0131 sa\u011fl\u0131yoruz.<\/li>\n<\/ul>\n<p><img decoding=\"async\" src=\"https:\/\/www.hydraulic-cylinders.net\/wp-content\/uploads\/2025\/04\/songte-cylinder-head-with-all-kinds-excavator-models.webp\" alt=\"Ekskavat\u00f6r Modelleri\"><\/p>\n<h2>Bom Silindirinin Uygulamalar\u0131<\/h2>\n<h3>1. \u0130n\u015faat Ekipmanlar\u0131<\/h3>\n<p>Ekskavat\u00f6rlerde, bom silindirleri kazma, y\u00fckleme ve toprak veya moloz ta\u015f\u0131ma i\u015flemlerinde hayati \u00f6neme sahiptir. Makinenin \u00e7e\u015fitli g\u00f6revleri verimli bir \u015fekilde yerine getirmesini sa\u011flayarak i\u015flemlerin sorunsuz bir \u015fekilde y\u00fcr\u00fct\u00fclmesini garanti ederler. Kaz\u0131c\u0131 y\u00fckleyicilerde ise bom silindiri sadece kazmaya yard\u0131mc\u0131 olmakla kalmaz, ayn\u0131 zamanda malzeme kald\u0131rmaya da yard\u0131mc\u0131 olarak in\u015faat i\u015flerindeki \u00e7ok y\u00f6nl\u00fcl\u00fc\u011f\u00fcn\u00fc g\u00f6sterir.<\/p>\n<h3>2. Tar\u0131m Makineleri<\/h3>\n<p>\u00d6n y\u00fckleyicilerde kullan\u0131lan bom silindirleri, toprak, saman ve di\u011fer malzemelerin kep\u00e7eyle al\u0131nmas\u0131n\u0131, kald\u0131r\u0131lmas\u0131n\u0131 ve ta\u015f\u0131nmas\u0131n\u0131 kolayla\u015ft\u0131r\u0131r. G\u00fc\u00e7leri ve hassasiyetleri tar\u0131msal i\u015fler i\u00e7in hayati \u00f6neme sahiptir ve bu da onlar\u0131 tar\u0131m faaliyetlerinde vazge\u00e7ilmez k\u0131lar.<\/p>\n<h3>3. Ekskavat\u00f6rler<\/h3>\n<p>Ekskavat\u00f6rlerde, bom silindiri kep\u00e7enin topra\u011fa etkili bir \u015fekilde n\u00fcfuz etmesini sa\u011flayarak ba\u015far\u0131l\u0131 kaz\u0131 i\u015flemlerine katk\u0131da bulunur. Bu hidrolik mekanizma, zorlu zemin ko\u015fullar\u0131yla ba\u015fa \u00e7\u0131kmak i\u00e7in gereken g\u00fcc\u00fc korumada \u00e7ok \u00f6nemlidir.<\/p>\n<h3>4. Y\u00fckleyiciler<\/h3>\n<p>\u00d6n y\u00fckleyicilerde, bom silindirleri y\u00fcklerin verimli bir \u015fekilde kald\u0131r\u0131lmas\u0131na ve bo\u015falt\u0131lmas\u0131na yard\u0131mc\u0131 olur. Tasar\u0131mlar\u0131, a\u011f\u0131r malzemelerin kolayl\u0131kla y\u00f6netilmesini sa\u011flayarak y\u00fckleyicinin operasyonel yeteneklerini art\u0131r\u0131r.<\/p>\n<h2>Tasar\u0131m Hususlar\u0131 ve Se\u00e7im Standartlar\u0131<\/h2>\n<h3>Y\u00fck Kapasitesi<\/h3>\n<p>Bom silindirinin y\u00fck ta\u015f\u0131ma kapasitesi son derece \u00f6nemlidir. G\u00fcvenlik veya performanstan \u00f6d\u00fcn vermeden, operasyonlar s\u0131ras\u0131nda kar\u015f\u0131la\u015f\u0131lan maksimum y\u00fck\u00fc kald\u0131rabilmelidir. \u00dcreticiler, kullan\u0131laca\u011f\u0131 ekipmana ba\u011fl\u0131 olarak a\u011f\u0131rl\u0131k s\u0131n\u0131rlar\u0131n\u0131 dikkate almal\u0131d\u0131r.<\/p>\n<h3>S\u0131zd\u0131rmazl\u0131k<\/h3>\n<p>Etkili s\u0131zd\u0131rmazl\u0131k, sistem ar\u0131zalar\u0131na yol a\u00e7abilen ve makine verimlili\u011fini d\u00fc\u015f\u00fcrebilen hidrolik s\u0131v\u0131 s\u0131z\u0131nt\u0131lar\u0131n\u0131 \u00f6nlemek i\u00e7in kritik \u00f6neme sahiptir. Contalar, \u00e7evresel fakt\u00f6rlerden kaynaklanan a\u015f\u0131nma ve y\u0131pranmaya kar\u015f\u0131 dayan\u0131kl\u0131l\u0131klar\u0131na g\u00f6re se\u00e7ilmelidir.<\/p>\n<h3>Dayan\u0131kl\u0131l\u0131k<\/h3>\n<p>Bom silindirleri a\u015f\u0131r\u0131 ko\u015fullar alt\u0131nda \u00e7al\u0131\u015ft\u0131klar\u0131 i\u00e7in dayan\u0131kl\u0131l\u0131k \u00e7ok \u00f6nemlidir. Kullan\u0131lan malzemelerin korozyona ve a\u015f\u0131nmaya kar\u015f\u0131 dayan\u0131kl\u0131 olmas\u0131, \u00e7e\u015fitli ortamlarda uzun \u00f6m\u00fcrl\u00fcl\u00fck ve g\u00fcvenilir performans sa\u011flamas\u0131 gerekir.<\/p>\n<h3>Emniyet<\/h3>\n<p>Hidrolik sistemlerde g\u00fcvenlik \u00f6zellikleri hayati \u00f6nem ta\u015f\u0131r. Bu, kazara bo\u015falmalar\u0131 \u00f6nlemek ve \u00e7al\u0131\u015fma s\u0131ras\u0131nda operat\u00f6r\u00fcn g\u00fcvenli\u011fini sa\u011flamak i\u00e7in bas\u0131n\u00e7 tahliye vanalar\u0131 ve emniyet kilitlerinin dahil edilmesini i\u00e7erir.<\/p>\n<h3>Bak\u0131m<\/h3>\n<p>Bom silindirlerinin tasar\u0131m\u0131nda bak\u0131m kolayl\u0131\u011f\u0131 \u00f6nemli bir fakt\u00f6rd\u00fcr. Bile\u015fenler, rutin kontroller ve onar\u0131mlar i\u00e7in eri\u015filebilir olmal\u0131, bu da operat\u00f6rlerin makineleri optimum \u00e7al\u0131\u015fma ko\u015fullar\u0131nda tutmas\u0131n\u0131 daha kolay hale getirmelidir.<\/p>\n<p><img decoding=\"async\" src=\"https:\/\/www.hydraulic-cylinders.net\/wp-content\/uploads\/2025\/04\/songte-oil-pipes-and-spare-parts.webp\" alt=\"Hidrolik Bile\u015fenler\"><\/p>\n<h2>S\u0131zd\u0131rmazl\u0131k ve Ya\u011flama<\/h2>\n<p>Bom silindirinin uzun \u00f6mr\u00fc ve performans\u0131 i\u00e7in s\u0131zd\u0131rmazl\u0131k ve ya\u011flama \u00e7ok \u00f6nemlidir. Hidrolik bas\u0131nc\u0131 korumak ve s\u0131z\u0131nt\u0131lar\u0131 \u00f6nlemek i\u00e7in piston contalar\u0131 ve mil contalar\u0131 gibi \u00e7e\u015fitli contalar kullan\u0131l\u0131r. Poli\u00fcretan ve nitril kau\u00e7uk gibi malzemelerden yap\u0131lan contalar, dayan\u0131kl\u0131l\u0131klar\u0131 ve a\u015f\u0131nma diren\u00e7leri nedeniyle tercih edilir. Ayr\u0131ca, silindir g\u00f6vdesi ve di\u015fli y\u00fczeyler, a\u015f\u0131nma diren\u00e7lerini art\u0131rmak ve s\u0131k\u0131 bir uyum sa\u011flamak i\u00e7in hassas i\u015fleme s\u00fcre\u00e7lerinden ge\u00e7irilir. S\u00fcrt\u00fcnmeyi ve a\u015f\u0131nmay\u0131 azaltmak ve verimli \u00e7al\u0131\u015fmay\u0131 s\u00fcrd\u00fcrmek i\u00e7in hidrolik ya\u011f ile d\u00fczenli ya\u011flama \u015fartt\u0131r.<\/p>\n<h2>D\u00fczenli Muayene ve \u00d6nleyici Bak\u0131m<\/h2>\n<ul>\n<li><strong>S\u0131k Denetimler:<\/strong> Hidrolik silindiri d\u00fczenli olarak s\u0131z\u0131nt\u0131, a\u015f\u0131nma ve genel i\u015flevsellik a\u00e7\u0131s\u0131ndan kontrol edin. Bu, potansiyel sorunlar\u0131n b\u00fcy\u00fcmeden \u00f6nce belirlenmesine yard\u0131mc\u0131 olarak g\u00fcvenlik ve operasyonel verimlili\u011fi sa\u011flar.<\/li>\n<li><strong>Uygun Ya\u011flama:<\/strong> Hidrolik ya\u011f seviyesinin uygun oldu\u011fundan ve kullan\u0131lan ya\u011f\u0131n \u00e7al\u0131\u015fma ko\u015fullar\u0131na uygun oldu\u011fundan emin olun. Do\u011fru ya\u011flama, s\u00fcrt\u00fcnmeyi en aza indirir ve silindirin \u00f6mr\u00fcn\u00fc uzat\u0131r.<\/li>\n<li><strong>Conta De\u011fi\u015fimi:<\/strong> Contalarda a\u015f\u0131nma veya hasar belirtileri olup olmad\u0131\u011f\u0131n\u0131 kontrol edin. Hidrolik s\u0131v\u0131 s\u0131z\u0131nt\u0131lar\u0131n\u0131 \u00f6nlemek ve sistem b\u00fct\u00fcnl\u00fc\u011f\u00fcn\u00fc korumak i\u00e7in contalar\u0131n gerekti\u011finde d\u00fczenli olarak de\u011fi\u015ftirilmesi hayati \u00f6nem ta\u015f\u0131r.<\/li>\n<\/ul>\n<h2>Kurulum Talimatlar\u0131<\/h2>\n<p>Bom silindirinin do\u011fru montaj\u0131, optimum performans i\u00e7in \u00e7ok \u00f6nemlidir. \u00d6ncelikle montaj alan\u0131n\u0131n temiz ve kal\u0131nt\u0131lardan ar\u0131nd\u0131r\u0131lm\u0131\u015f oldu\u011fundan emin olun. Silindiri ekskavat\u00f6r \u00fczerindeki montaj noktalar\u0131yla do\u011fru \u015fekilde hizalay\u0131n. Silindiri sabitlemek i\u00e7in uygun montaj braketleri kullanmak \u00e7ok \u00f6nemlidir; bu, \u00e7al\u0131\u015fma s\u0131ras\u0131nda yanl\u0131\u015f hizalamay\u0131 \u00f6nler. Konumland\u0131rmadan sonra, t\u00fcm c\u0131vata ve vidalar\u0131n \u00fcreticinin spesifikasyonlar\u0131na g\u00f6re s\u0131k\u0131ld\u0131\u011f\u0131ndan emin olun. Son olarak, silindirin d\u00fczg\u00fcn hareketini do\u011frulamak ve s\u0131z\u0131nt\u0131 olup olmad\u0131\u011f\u0131n\u0131 kontrol etmek i\u00e7in silindirin \u00e7al\u0131\u015fmas\u0131n\u0131 test edin.<\/p>\n<h2>Yayg\u0131n Bak\u0131m G\u00f6revleri<\/h2>\n<h3>1. D\u00fczenli Denetimler<\/h3>\n<p>Silindirin do\u011fru \u015fekilde \u00e7al\u0131\u015fmas\u0131n\u0131 sa\u011flamak i\u00e7in d\u00fczenli kontroller yapmak \u00e7ok \u00f6nemlidir. A\u015f\u0131nma belirtileri, s\u0131z\u0131nt\u0131lar veya \u00e7al\u0131\u015fma s\u0131ras\u0131nda ola\u011fand\u0131\u015f\u0131 sesler olup olmad\u0131\u011f\u0131n\u0131 kontrol edin. Sorunlar\u0131n erken tespiti, maliyetli onar\u0131mlar\u0131 ve ar\u0131za s\u00fcrelerini \u00f6nleyebilir. Optimum performans\u0131 korumak i\u00e7in \u00f6nerilen aral\u0131klarla veya yo\u011fun kullan\u0131mdan sonra kontroller planlay\u0131n.<\/p>\n<h3>2. Uygun Ya\u011flama<\/h3>\n<p>Bom silindirinin do\u011fru hidrolik ya\u011f ile ya\u011fland\u0131\u011f\u0131ndan emin olun. Bu, hareketli par\u00e7alardaki s\u00fcrt\u00fcnmeyi ve a\u015f\u0131nmay\u0131 azaltarak \u00f6m\u00fcrlerinin uzamas\u0131na katk\u0131da bulunur. Kullan\u0131m ve \u00e7evresel ko\u015fullara ba\u011fl\u0131 olarak bir ya\u011flama program\u0131 olu\u015fturun ve ya\u011f t\u00fcr\u00fc ve miktar\u0131 konusunda her zaman \u00fcreticinin tavsiyelerine uyun.<\/p>\n<h3>3. Conta De\u011fi\u015fimi ve Kalibrasyon Kontrolleri<\/h3>\n<p>A\u015f\u0131nma belirtilerinin ilk g\u00f6r\u00fcld\u00fc\u011f\u00fc anda contalar\u0131n de\u011fi\u015ftirilmesi s\u0131z\u0131nt\u0131lar\u0131 \u00f6nleyebilir ve verimli \u00e7al\u0131\u015fmay\u0131 sa\u011flayabilir. Hidrolik hareketlerde hassasiyeti korumak i\u00e7in d\u00fczenli kalibrasyon kontrolleri de gereklidir. Silindirin performans\u0131n\u0131 ve g\u00fcvenilirli\u011fini korumak i\u00e7in \u00fcreticinin de\u011fi\u015ftirme aral\u0131klar\u0131 ve kalibrasyon prosed\u00fcrleri hakk\u0131ndaki y\u00f6nergelerini izleyin.<\/p>\n<p><img decoding=\"async\" src=\"https:\/\/www.hydraulic-cylinders.net\/wp-content\/uploads\/2025\/04\/songte-chushion-collar.webp\" alt=\"Yast\u0131k Yaka\"><\/p>\n<h2>G\u00fcvenlik Hususlar\u0131 ve \u00c7evresel Fakt\u00f6rler<\/h2>\n<p>Bom silindirleri kullan\u0131l\u0131rken g\u00fcvenlik \u00f6nlemlerinin uygulanmas\u0131 \u00e7ok \u00f6nemlidir. Operat\u00f6rler, hidrolik sistemin i\u015fleyi\u015fini ve potansiyel tehlikeleri anlamak i\u00e7in e\u011fitilmelidir. D\u00fczenli g\u00fcvenlik kontrolleri kazalar\u0131 \u00f6nleyebilir ve ekipman\u0131n g\u00fcvenli s\u0131n\u0131rlar i\u00e7inde \u00e7al\u0131\u015fmas\u0131n\u0131 sa\u011flayabilir. Ayr\u0131ca, hidrolik s\u0131v\u0131lar\u0131n ve kullan\u0131lan di\u011fer malzemelerin \u00e7evresel etkisini g\u00f6z \u00f6n\u00fcnde bulundurun ve m\u00fcmk\u00fcn oldu\u011funca \u00e7evre dostu se\u00e7enekleri tercih edin.<\/p>\n<h2>Ar\u0131za Te\u015fhisi ve Yayg\u0131n Sorunlar<\/h2>\n<h3>Te\u015fhis ve \u00c7\u00f6z\u00fcmler<\/h3>\n<ul>\n<li><strong>S\u0131z\u0131nt\u0131lar:<\/strong> Hidrolik s\u0131v\u0131s\u0131 s\u0131z\u0131yorsa, hasarl\u0131 contalar\u0131 veya gev\u015fek ba\u011flant\u0131lar\u0131 kontrol edin. Gerekti\u011finde contalar\u0131 de\u011fi\u015ftirin ve s\u0131z\u0131nt\u0131y\u0131 durdurmak i\u00e7in ba\u011flant\u0131 elemanlar\u0131n\u0131 s\u0131k\u0131n.<\/li>\n<li><strong>Yetersiz Hareket:<\/strong> E\u011fer bom silindiri beklendi\u011fi gibi hareket etmiyorsa, hidrolik s\u0131v\u0131 seviyelerini kontrol edin ve hidrolik hatlarda herhangi bir t\u0131kan\u0131kl\u0131k olmad\u0131\u011f\u0131ndan emin olun.<\/li>\n<li><strong>Garip Sesler:<\/strong> \u00c7al\u0131\u015fma s\u0131ras\u0131nda ola\u011fand\u0131\u015f\u0131 sesler, i\u00e7 hasar veya a\u015f\u0131nman\u0131n g\u00f6stergesi olabilir. Silindiri ar\u0131za belirtileri a\u00e7\u0131s\u0131ndan inceleyin ve gerekirse bir uzmana dan\u0131\u015f\u0131n.<\/li>\n<\/ul>\n<h2>\u00d6nleyici Tedbirler<\/h2>\n<p>Bom silindirleriyle ilgili olas\u0131 sorunlar\u0131 en aza indirmek i\u00e7in, d\u00fczenli bak\u0131m, zaman\u0131nda kontroller ve tespit edilen sorunlar\u0131n derhal onar\u0131lmas\u0131 gibi \u00f6nleyici tedbirler uygulay\u0131n. Bak\u0131m kay\u0131t defteri tutmak, performans\u0131 izlemeye ve gerekli kontrolleri planlamaya yard\u0131mc\u0131 olabilir. Operat\u00f6rleri g\u00fcvenli kullan\u0131m ve \u00e7al\u0131\u015ft\u0131rma konusunda e\u011fitmek de hasar riskini azaltacak ve ekipman\u0131n \u00f6mr\u00fcn\u00fc uzatacakt\u0131r.<\/p>\n<p><img decoding=\"async\" src=\"https:\/\/www.hydraulic-cylinders.net\/wp-content\/uploads\/2025\/04\/songte-bushings-with-all-kinds-of-excavator-models.webp\" alt=\"Ekskavat\u00f6r Bur\u00e7lar\u0131\"><\/p>\n<h2>\u015eirketimiz Hakk\u0131nda<\/h2>\n<p>Hem yurt i\u00e7i hem de uluslararas\u0131 pazarlarda yedek hidrolik silindirlerin \u00f6nde gelen \u00fcreticisi ve toptan da\u011f\u0131t\u0131c\u0131s\u0131y\u0131z. Geni\u015f \u00fcr\u00fcn yelpazemiz, kaliteye olan ba\u011fl\u0131l\u0131\u011f\u0131m\u0131z ve geli\u015fmi\u015f \u00fcretim stratejilerimiz bizi sekt\u00f6r\u00fcn en iyi \u00fcreticilerinden biri haline getirmi\u015ftir. Teknik uzmanl\u0131\u011f\u0131m\u0131zdan, y\u00fcksek teknoloji \u00fcr\u00fcn\u00fc dijital \u00fcretim ekipmanlar\u0131m\u0131zdan ve sa\u011flam bir kalite g\u00fcvence sisteminden yararlanarak, \u00e7e\u015fitli m\u00fc\u015fteri ihtiya\u00e7lar\u0131n\u0131 verimli bir \u015fekilde kar\u015f\u0131lamak i\u00e7in \u00fcretim platformumuzu s\u00fcrekli olarak geli\u015ftiriyoruz.<\/p>\n<p><img decoding=\"async\" src=\"https:\/\/www.hydraulic-cylinders.net\/wp-content\/uploads\/2025\/04\/songte-company-4.webp\" alt=\"\u015eirket Genel Bak\u0131\u015f\u0131\"><br \/>\n<img decoding=\"async\" src=\"https:\/\/www.hydraulic-cylinders.net\/wp-content\/uploads\/2025\/04\/songte-company-3.webp\" alt=\"\u00dcretim Tesisi\"><\/p>\n<p>Profesyonelli\u011fe olan ba\u011fl\u0131l\u0131\u011f\u0131m\u0131z, uluslararas\u0131 sertifikalar\u0131m\u0131z, \u00f6zel hizmetlerimiz, geli\u015fmi\u015f \u00fcretim ekipmanlar\u0131m\u0131z ve g\u00fcvenilir sat\u0131\u015f sonras\u0131 deste\u011fimiz bizi piyasada farkl\u0131 k\u0131l\u0131yor. M\u00fc\u015fteri memnuniyetine \u00f6ncelik veriyor ve \u00f6zel operasyonel ihtiya\u00e7lar\u0131 kar\u015f\u0131lamak \u00fczere tasarlanm\u0131\u015f y\u00fcksek kaliteli \u00fcr\u00fcnler sunmaya kararl\u0131y\u0131z.<\/p>\n<p>Yazar: lyl<\/p>","protected":false},"excerpt":{"rendered":"<p>Boom Cylinder For Volwa Small Excavator DLS818-9B Product Overview The Boom Cylinder for Volwa Small Excavator DLS818-9B is a crucial component in the hydraulic system of excavators. It is designed to control the movement of the excavator&#8217;s boom, allowing for lifting, lowering, and tilting actions essential for efficient material handling tasks. This hydraulic cylinder, specifically [&hellip;]<\/p>","protected":false},"featured_media":17879,"comment_status":"open","ping_status":"closed","template":"","meta":{"_et_pb_use_builder":"","_et_pb_old_content":"","_et_gb_content_width":""},"product_brand":[],"product_cat":[1546],"product_tag":[1547,1496],"class_list":{"0":"post-19601","1":"product","2":"type-product","3":"status-publish","4":"has-post-thumbnail","6":"product_cat-boom-cylinders","7":"product_tag-boom-cylinders","8":"product_tag-hydraulic-cylinders","10":"first","11":"instock","12":"shipping-taxable","13":"product-type-simple"},"amp_enabled":true,"_links":{"self":[{"href":"https:\/\/www.hydraulic-cylinders.net\/tr\/wp-json\/wp\/v2\/product\/19601","targetHints":{"allow":["GET"]}}],"collection":[{"href":"https:\/\/www.hydraulic-cylinders.net\/tr\/wp-json\/wp\/v2\/product"}],"about":[{"href":"https:\/\/www.hydraulic-cylinders.net\/tr\/wp-json\/wp\/v2\/types\/product"}],"replies":[{"embeddable":true,"href":"https:\/\/www.hydraulic-cylinders.net\/tr\/wp-json\/wp\/v2\/comments?post=19601"}],"wp:featuredmedia":[{"embeddable":true,"href":"https:\/\/www.hydraulic-cylinders.net\/tr\/wp-json\/wp\/v2\/media\/17879"}],"wp:attachment":[{"href":"https:\/\/www.hydraulic-cylinders.net\/tr\/wp-json\/wp\/v2\/media?parent=19601"}],"wp:term":[{"taxonomy":"product_brand","embeddable":true,"href":"https:\/\/www.hydraulic-cylinders.net\/tr\/wp-json\/wp\/v2\/product_brand?post=19601"},{"taxonomy":"product_cat","embeddable":true,"href":"https:\/\/www.hydraulic-cylinders.net\/tr\/wp-json\/wp\/v2\/product_cat?post=19601"},{"taxonomy":"product_tag","embeddable":true,"href":"https:\/\/www.hydraulic-cylinders.net\/tr\/wp-json\/wp\/v2\/product_tag?post=19601"}],"curies":[{"name":"wp","href":"https:\/\/api.w.org\/{rel}","templated":true}]}}