{"id":19604,"date":"2025-04-07T06:57:00","date_gmt":"2025-04-07T06:57:00","guid":{"rendered":"https:\/\/www.hydraulic-cylinders.net\/product\/boom-cylinder-for-volwa-small-excavator-dls130-9\/"},"modified":"2025-04-07T06:57:03","modified_gmt":"2025-04-07T06:57:03","slug":"boom-cylinder-for-volwa-small-excavator-dls130-9","status":"publish","type":"product","link":"https:\/\/www.hydraulic-cylinders.net\/tr\/urun\/boom-cylinder-for-volwa-small-excavator-dls130-9\/","title":{"rendered":"Volwa K\u00fc\u00e7\u00fck Ekskavat\u00f6r DLS130-9 i\u00e7in Bom Silindiri"},"content":{"rendered":"<h1>Volwa K\u00fc\u00e7\u00fck Ekskavat\u00f6r DLS130-9 i\u00e7in Bom Silindiri<\/h1>\n<h2>\u00dcr\u00fcn Genel Bak\u0131\u015f\u0131<\/h2>\n<p>Volwa K\u00fc\u00e7\u00fck Ekskavat\u00f6r DLS130-9 i\u00e7in Bom Silindiri, ekskavat\u00f6rler, beko-y\u00fckleyiciler ve \u00f6n y\u00fckleyiciler dahil olmak \u00fczere \u00e7e\u015fitli a\u011f\u0131r makinelerdeki kep\u00e7enin hareketini kontrol etmek i\u00e7in \u00f6zel olarak tasarlanm\u0131\u015f, hidrolik sistemlerde kritik bir bile\u015fendir. Bu hidrolik silindir, kep\u00e7enin kald\u0131r\u0131lmas\u0131n\u0131, indirilmesini ve e\u011filmesini kolayla\u015ft\u0131rarak, malzeme ta\u015f\u0131ma g\u00f6revleri i\u00e7in vazge\u00e7ilmez bir ara\u00e7t\u0131r.<\/p>\n<p>Bir hidrolik silindir t\u00fcr\u00fc olan kep\u00e7e silindiri, s\u0131v\u0131 bas\u0131nc\u0131 prensibiyle \u00e7al\u0131\u015f\u0131r. Hidrolik ya\u011f silindire pompaland\u0131\u011f\u0131nda, pistonu hareket ettiren bir bas\u0131n\u00e7 olu\u015fturur ve piston da kep\u00e7eyi hareket ettirir. Bu mekanizma, kep\u00e7enin konumunun hassas bir \u015fekilde kontrol edilmesini sa\u011flayarak operat\u00f6rlerin karma\u015f\u0131k g\u00f6revleri verimli bir \u015fekilde ger\u00e7ekle\u015ftirmesini sa\u011flar. Bom silindirinin tasar\u0131m\u0131, a\u011f\u0131r kald\u0131rma ve zorlu ortamlar\u0131n gereksinimlerini kar\u015f\u0131layabilmesini sa\u011flayarak onu in\u015faat ve tar\u0131m ekipmanlar\u0131 i\u00e7in g\u00fcvenilir bir se\u00e7enek haline getirir.<\/p>\n<p><img decoding=\"async\" src=\"https:\/\/www.hydraulic-cylinders.net\/wp-content\/uploads\/2025\/04\/songte-company-1.webp\" alt=\"Ekskavat\u00f6r i\u00e7in Bom Silindiri\"><\/p>\n<h2>Bom Silindirinin \u00d6zellikleri<\/h2>\n<ul>\n<li><strong>Y\u00fcksek Dayan\u0131kl\u0131l\u0131k ve Dayan\u0131kl\u0131l\u0131k:<\/strong> Genellikle y\u00fcksek mukavemetli \u00e7elik veya al\u00fcminyumdan \u00fcretilen bu silindirler, y\u00fcksek bas\u0131n\u00e7 ve a\u011f\u0131r y\u00fcklere dayanabilir ve zorlu \u00e7al\u0131\u015fma ko\u015fullar\u0131na uygundur. A\u015f\u0131nma ve korozyon direnci g\u00f6z \u00f6n\u00fcnde bulundurularak tasarlanm\u0131\u015f olup, \u00fcr\u00fcn\u00fcn kullan\u0131m \u00f6mr\u00fcn\u00fc uzat\u0131r.<\/li>\n<li><strong>Verimli Hidrolik \u00c7al\u0131\u015fma:<\/strong> Silindir, yumu\u015fak uzatma ve geri \u00e7ekme i\u00e7in hidrolik ya\u011f bas\u0131nc\u0131n\u0131 kullan\u0131r, kontrol komutlar\u0131na h\u0131zl\u0131 tepki s\u00fcreleri sunar ve a\u011f\u0131r nesneleri ve karma\u015f\u0131k g\u00f6revleri idare etmek i\u00e7in ideal olan g\u00fc\u00e7l\u00fc itme ve \u00e7ekme kuvvetleri sa\u011flar.<\/li>\n<li><strong>\u00c7e\u015fitli T\u00fcrler:<\/strong> \u00c7e\u015fitli operasyonel ihtiya\u00e7lar\u0131 kar\u015f\u0131lamak i\u00e7in se\u00e7enekler aras\u0131nda tek etkili (tek y\u00f6nde hidrolik bas\u0131n\u00e7 kullanan) ve \u00e7ift etkili (her iki y\u00f6nde hidrolik bas\u0131n\u00e7 kullanan) silindirler bulunur. Baz\u0131 modeller teleskopiktir ve bu sayede d\u0131\u015f boyutlar\u0131 art\u0131rmadan daha fazla uzatma olana\u011f\u0131 sunarak, alan k\u0131s\u0131tlamas\u0131 olan uygulamalar i\u00e7in uygundur.<\/li>\n<li><strong>\u00d6zel \u00dcretim:<\/strong> Firmam\u0131z bu \u00fcr\u00fcn\u00fc \u00fcretme konusunda uzmanla\u015fm\u0131\u015f olup, silindirlerimizin mevcut hidrolik silindirlerin yerini m\u00fckemmel \u015fekilde alabilmesini sa\u011flamaktad\u0131r.<\/li>\n<li><strong>\u00c7ok Y\u00f6nl\u00fc Uygulamalar:<\/strong> Farkl\u0131 sekt\u00f6rlerdeki \u00fcretkenli\u011fi art\u0131rarak \u00e7e\u015fitli makineleri desteklemek \u00fczere tasarlanm\u0131\u015ft\u0131r.<\/li>\n<\/ul>\n<p><img decoding=\"async\" src=\"https:\/\/www.hydraulic-cylinders.net\/wp-content\/uploads\/2025\/04\/songte-cylinder-head-with-all-kinds-excavator-models.webp\" alt=\"Ekskavat\u00f6r Modelleri\"><\/p>\n<h2>Bom Silindirinin Uygulamalar\u0131<\/h2>\n<h3>\u0130n\u015faat Ekipmanlar\u0131<\/h3>\n<p>\u0130n\u015faat makinelerinde bom silindirleri, kaz\u0131, y\u00fckleme ve toprak veya moloz ta\u015f\u0131ma i\u00e7in hayati \u00f6nem ta\u015f\u0131r. Kovan\u0131n hareketini kontrol etmeye yard\u0131mc\u0131 olarak verimli kazma ve y\u00fckleme i\u015flemlerine olanak tan\u0131rlar. Beko-loderlerde ise bom silindiri hem kazma hem de kald\u0131rma i\u015flemlerine yard\u0131mc\u0131 olarak \u00e7e\u015fitli g\u00f6revler i\u00e7in esneklik sa\u011flar.<\/p>\n<h3>Tar\u0131m Makinalar\u0131<\/h3>\n<p>\u00d6n y\u00fckleyicilerde bom silindirleri, toprak, saman ve di\u011fer malzemeleri kep\u00e7elemek, kald\u0131rmak ve ta\u015f\u0131mak i\u00e7in kullan\u0131l\u0131r. Kovan\u0131n malzemelerle etkili bir \u015fekilde temas etmesini sa\u011flayarak, tar\u0131m ve malzeme ta\u015f\u0131ma i\u015flemlerinde sorunsuz \u00e7al\u0131\u015fma sa\u011flar.<\/p>\n<h3>Ekskavat\u00f6rler<\/h3>\n<p>Ekskavat\u00f6rler, kazma i\u015flemleri s\u0131ras\u0131nda topra\u011f\u0131 delmek i\u00e7in kova silindirine g\u00fcvenir. Tasar\u0131m\u0131, kovan\u0131n a\u00e7\u0131s\u0131n\u0131n ve derinli\u011finin hassas bir \u015fekilde kontrol edilmesini sa\u011flayarak, de\u011fi\u015fken toprak ko\u015fullar\u0131ndaki kaz\u0131 g\u00f6revleri i\u00e7in idealdir.<\/p>\n<h3>Y\u00fckleyiciler<\/h3>\n<p>\u00d6n y\u00fckleyicilerde bom silindirleri, y\u00fcklerin verimli bir \u015fekilde kald\u0131r\u0131lmas\u0131na ve bo\u015falt\u0131lmas\u0131na yard\u0131mc\u0131 olur. Sa\u011flam tasar\u0131mlar\u0131, a\u011f\u0131r kald\u0131rma i\u015flemlerine olanak tan\u0131r ve operat\u00f6rlerin g\u00fcvenlikten \u00f6d\u00fcn vermeden malzemeleri etkili bir \u015fekilde y\u00f6netmelerini sa\u011flar.<\/p>\n<h2>Tasar\u0131m Hususlar\u0131 ve Se\u00e7im Standartlar\u0131<\/h2>\n<h3>Y\u00fck Kapasitesi<\/h3>\n<p>Bir bom silindiri se\u00e7erken, y\u00fck kapasitesi \u00f6ncelikli bir husustur. Silindir, \u00e7al\u0131\u015fma s\u0131ras\u0131nda beklenen maksimum y\u00fckleri kald\u0131rabilecek kadar g\u00fc\u00e7l\u00fc olmal\u0131d\u0131r. Ta\u015f\u0131nan malzemelerin a\u011f\u0131rl\u0131\u011f\u0131 ve kullan\u0131lan makine tipi gibi fakt\u00f6rler, uygun y\u00fck kapasitesinin belirlenmesinde \u00f6nemli rol oynar.<\/p>\n<h3>S\u0131zd\u0131rmazl\u0131k B\u00fct\u00fcnl\u00fc\u011f\u00fc<\/h3>\n<p>Bom silindirinin s\u0131zd\u0131rmazl\u0131\u011f\u0131, hidrolik bas\u0131nc\u0131n korunmas\u0131 ve s\u0131z\u0131nt\u0131lar\u0131n \u00f6nlenmesi i\u00e7in hayati \u00f6nem ta\u015f\u0131r. Uzun s\u00fcreli performans i\u00e7in y\u00fcksek kaliteli contalar olmazsa olmazd\u0131r. Contalar, hidrolik ya\u011flarla uyumlulu\u011fa ve a\u015f\u0131nma ve y\u0131pranmaya kar\u015f\u0131 dayan\u0131kl\u0131l\u0131\u011fa g\u00f6re se\u00e7ilmeli ve optimum performans sa\u011flanmal\u0131d\u0131r.<\/p>\n<h3>Dayan\u0131kl\u0131l\u0131k<\/h3>\n<p>Dayan\u0131kl\u0131l\u0131k, bom silindiri tasar\u0131m\u0131nda \u00f6nemli bir fakt\u00f6rd\u00fcr. Toz, kir ve neme maruz kalma gibi zorlu \u00e7al\u0131\u015fma ko\u015fullar\u0131na dayan\u0131kl\u0131 olmal\u0131d\u0131r. \u00dcretimde kullan\u0131lan malzemeler a\u015f\u0131nma ve korozyona dayan\u0131kl\u0131 olmal\u0131 ve silindirin uzun s\u00fcre etkili bir \u015fekilde \u00e7al\u0131\u015fmas\u0131n\u0131 sa\u011flamal\u0131d\u0131r.<\/p>\n<h3>G\u00fcvenlik \u00d6zellikleri<\/h3>\n<p>Hidrolik silindirler d\u00fc\u015f\u00fcn\u00fcld\u00fc\u011f\u00fcnde g\u00fcvenlik en \u00f6nemli unsurdur. Tasar\u0131m, a\u015f\u0131r\u0131 y\u00fcklenmeyi \u00f6nleyen ve istikrarl\u0131 \u00e7al\u0131\u015fmay\u0131 garantileyen g\u00fcvenlik \u00f6zelliklerini i\u00e7ermelidir. Bunlar aras\u0131nda, hem operat\u00f6r\u00fc hem de makineyi korumak i\u00e7in bas\u0131n\u00e7 tahliye valfleri ve ar\u0131za emniyet mekanizmalar\u0131 yer alabilir.<\/p>\n<h3>Bak\u0131m Eri\u015filebilirli\u011fi<\/h3>\n<p>Bom silindirinin tasar\u0131m\u0131, kolay bak\u0131m ve onar\u0131ma olanak sa\u011flamal\u0131d\u0131r. Kritik bile\u015fenlere muayene, ya\u011flama ve de\u011fi\u015ftirme i\u00e7in eri\u015fim, ar\u0131za s\u00fcresini ve bak\u0131m maliyetlerini \u00f6nemli \u00f6l\u00e7\u00fcde azaltarak genel verimlili\u011fi art\u0131rabilir.<\/p>\n<p><img decoding=\"async\" src=\"https:\/\/www.hydraulic-cylinders.net\/wp-content\/uploads\/2025\/04\/songte-oil-pipes-and-spare-parts.webp\" alt=\"Petrol Borular\u0131 ve Yedek Par\u00e7alar\u0131\"><\/p>\n<h2>S\u0131zd\u0131rmazl\u0131k ve Ya\u011flama<\/h2>\n<p>Etkili s\u0131zd\u0131rmazl\u0131k ve ya\u011flama, bom silindirlerinin performans\u0131 i\u00e7in hayati \u00f6nem ta\u015f\u0131r. Piston ke\u00e7eleri ve piston kolu ke\u00e7eleri gibi \u00e7e\u015fitli ke\u00e7eler, hidrolik bas\u0131nc\u0131 korumak ve s\u0131z\u0131nt\u0131y\u0131 \u00f6nlemek i\u00e7in gereklidir. Bu ke\u00e7eler genellikle m\u00fckemmel a\u015f\u0131nma direnci sunan poli\u00fcretan veya nitril kau\u00e7uk gibi dayan\u0131kl\u0131 malzemelerden yap\u0131l\u0131r. Ayr\u0131ca, silindir g\u00f6vdesi ve di\u015fli u\u00e7lar\u0131 dayan\u0131kl\u0131l\u0131\u011f\u0131 art\u0131rmak i\u00e7in incelikle i\u015flenmi\u015ftir.<\/p>\n<p>Sorunsuz \u00e7al\u0131\u015fma ve erken a\u015f\u0131nmay\u0131 \u00f6nlemek i\u00e7in hidrolik ya\u011f ile d\u00fczenli ya\u011flama gereklidir. Do\u011fru ya\u011flama, hareketli par\u00e7alar aras\u0131ndaki s\u00fcrt\u00fcnmeyi azaltarak silindirin uzun \u00f6m\u00fcrl\u00fc olmas\u0131na katk\u0131da bulunur.<\/p>\n<h2>\u00d6nleyici Bak\u0131m \u00d6nlemleri<\/h2>\n<ul>\n<li><strong>D\u00fczenli Denetimler:<\/strong> Herhangi bir a\u015f\u0131nma veya s\u0131z\u0131nt\u0131 belirtisi olup olmad\u0131\u011f\u0131n\u0131 tespit etmek i\u00e7in rutin kontroller yap\u0131n. Erken tespit, b\u00fcy\u00fck ar\u0131zalar\u0131 ve maliyetli onar\u0131mlar\u0131 \u00f6nleyebilir.<\/li>\n<li><strong>Uygun Ya\u011flama:<\/strong> Hidrolik ya\u011f\u0131n \u00f6nerilen seviyelerde oldu\u011fundan ve \u00e7al\u0131\u015fma ko\u015fullar\u0131na uygun oldu\u011fundan emin olun. Ya\u011f\u0131n kirlenmesini d\u00fczenli olarak kontrol edin.<\/li>\n<li><strong>Conta De\u011fi\u015fimi:<\/strong> Bas\u0131n\u00e7 b\u00fct\u00fcnl\u00fc\u011f\u00fcn\u00fc korumak ve s\u0131z\u0131nt\u0131lar\u0131 \u00f6nlemek i\u00e7in contalar\u0131 gerekti\u011fi gibi de\u011fi\u015ftirin. Bu, d\u00fczenli bak\u0131m program\u0131n\u0131n bir par\u00e7as\u0131 olmal\u0131d\u0131r.<\/li>\n<\/ul>\n<h2>Kurulum Talimatlar\u0131<\/h2>\n<p>Optimum performans i\u00e7in bom silindirinin do\u011fru montaj\u0131 \u00e7ok \u00f6nemlidir. \u00d6ncelikle silindirin ve montaj noktalar\u0131n\u0131n temiz ve kal\u0131nt\u0131lardan ar\u0131nd\u0131r\u0131lm\u0131\u015f oldu\u011fundan emin olun. Montaj s\u0131ras\u0131nda silindirin do\u011fru \u015fekilde hizaland\u0131\u011f\u0131ndan emin olmak i\u00e7in uygun hizalama aletleri kullan\u0131n. Silindiri sabitlemek ve \u00e7al\u0131\u015fma s\u0131ras\u0131nda herhangi bir hizalama hatas\u0131 olu\u015fmas\u0131n\u0131 \u00f6nlemek i\u00e7in uygun montaj braketleri kullanmak \u00e7ok \u00f6nemlidir.<\/p>\n<p>\u00dcreticinin montaj talimatlar\u0131n\u0131 dikkatlice izleyin ve t\u00fcm ba\u011flant\u0131 elemanlar\u0131n\u0131n belirtilen tork de\u011ferlerine s\u0131k\u0131ld\u0131\u011f\u0131ndan emin olun. Montajdan sonra, t\u00fcm bile\u015fenlerin do\u011fru \u015fekilde tak\u0131ld\u0131\u011f\u0131ndan ve ama\u00e7land\u0131\u011f\u0131 gibi \u00e7al\u0131\u015ft\u0131\u011f\u0131ndan emin olmak i\u00e7in kapsaml\u0131 bir inceleme yap\u0131n.<\/p>\n<h2>Yayg\u0131n Bak\u0131m G\u00f6revleri<\/h2>\n<ul>\n<li><strong>D\u00fczenli Kontroller:<\/strong> Bom silindirinin durumunu de\u011ferlendirmek, a\u015f\u0131nma ve y\u0131pranma belirtilerini, s\u0131z\u0131nt\u0131lar\u0131 ve genel i\u015flevselli\u011fi kontrol etmek i\u00e7in s\u0131k s\u0131k denetimler ger\u00e7ekle\u015ftirin.<\/li>\n<li><strong>Uygun Ya\u011flama:<\/strong> Performans\u0131n korunmas\u0131 ve silindirin \u00f6mr\u00fcn\u00fcn uzat\u0131lmas\u0131 i\u00e7in hayati \u00f6nem ta\u015f\u0131yan hareketli par\u00e7alardaki s\u00fcrt\u00fcnme ve a\u015f\u0131nmay\u0131 azaltmak amac\u0131yla hidrolik sistemin d\u00fczenli olarak ya\u011flanmas\u0131n\u0131 sa\u011flay\u0131n.<\/li>\n<li><strong>Conta De\u011fi\u015fimi:<\/strong> Hidrolik bas\u0131nc\u0131 korumak ve s\u0131v\u0131 s\u0131z\u0131nt\u0131lar\u0131n\u0131 \u00f6nlemek i\u00e7in contalar\u0131n durumunu izleyin ve gerekti\u011finde de\u011fi\u015ftirin. Hidrolik sistemin verimli \u00e7al\u0131\u015fmas\u0131 i\u00e7in contalar\u0131n zaman\u0131nda de\u011fi\u015ftirilmesi \u00e7ok \u00f6nemlidir.<\/li>\n<\/ul>\n<h2>G\u00fcvenlik Hususlar\u0131 ve \u00c7evresel Fakt\u00f6rler<\/h2>\n<p>Hidrolik silindirlerle \u00e7al\u0131\u015f\u0131rken g\u00fcvenlik \u00f6nlemleri son derece \u00f6nemlidir. Operat\u00f6rler, ekipman\u0131n \u00e7al\u0131\u015fma s\u0131n\u0131rlar\u0131n\u0131 ve g\u00fcvenlik \u00f6zelliklerini anlayacak \u015fekilde e\u011fitilmelidir. Her zaman uygun ki\u015fisel koruyucu ekipman (KKD) kullan\u0131n ve makinenin kapasitesinin \u00fczerinde \u00e7al\u0131\u015ft\u0131r\u0131lmad\u0131\u011f\u0131ndan emin olun. D\u00fczenli g\u00fcvenlik denetimleri ve g\u00fcvenlik y\u00f6netmeliklerine uyum, hidrolik makinelerle ili\u015fkili riskleri \u00f6nemli \u00f6l\u00e7\u00fcde azaltabilir.<\/p>\n<h2>Yayg\u0131n Sorunlar\u0131n Giderilmesi<\/h2>\n<ul>\n<li><strong>S\u0131z\u0131nt\u0131:<\/strong> S\u0131v\u0131 s\u0131z\u0131nt\u0131s\u0131 g\u00f6zlemlenirse, contalar\u0131 ve ba\u011flant\u0131 par\u00e7alar\u0131n\u0131 hasar a\u00e7\u0131s\u0131ndan inceleyin ve gerekirse de\u011fi\u015ftirin. Hidrolik ya\u011f seviyesinin korundu\u011fundan emin olun.<\/li>\n<li><strong>G\u00fc\u00e7 Kayb\u0131:<\/strong> Kald\u0131rma g\u00fcc\u00fcndeki azalma, silindir i\u00e7i a\u015f\u0131nma veya hidrolik s\u0131v\u0131 kirlili\u011fine i\u015faret ediyor olabilir. Hidrolik ya\u011f kalitesini kontrol edin ve gerekirse de\u011fi\u015ftirin.<\/li>\n<li><strong>Al\u0131\u015f\u0131lmad\u0131k Sesler:<\/strong> \u00c7al\u0131\u015fma s\u0131ras\u0131nda al\u0131\u015f\u0131lmad\u0131k sesler duyulmas\u0131, mekanik sorunlar\u0131n veya yetersiz ya\u011flaman\u0131n g\u00f6stergesi olabilir. Sorunu tespit edip d\u00fczeltmek i\u00e7in kapsaml\u0131 bir inceleme yap\u0131n.<\/li>\n<\/ul>\n<p>Bak\u0131m konusunda proaktif olmak ve sorunlar\u0131 derhal ele almak, gelecekte daha ciddi sorunlar\u0131n ortaya \u00e7\u0131kmas\u0131n\u0131 \u00f6nlemeye yard\u0131mc\u0131 olabilir.<\/p>\n<p><img decoding=\"async\" src=\"https:\/\/www.hydraulic-cylinders.net\/wp-content\/uploads\/2025\/04\/songte-bushings-with-all-kinds-of-excavator-models.webp\" alt=\"Ekskavat\u00f6r Bur\u00e7lar\u0131\"><\/p>\n<h2>\u015eirketimiz Hakk\u0131nda<\/h2>\n<p>Geni\u015f \u00fcr\u00fcn yelpazesine sahip yedek hidrolik silindir \u00fcreticisiyiz ve bu da bizi hem yurt i\u00e7i hem de yurt d\u0131\u015f\u0131 pazarlarda lider \u00fcretici ve toptan da\u011f\u0131t\u0131mc\u0131lardan biri haline getiriyor. Kalitede m\u00fckemmelli\u011fe ba\u011fl\u0131 kal\u0131yor ve geli\u015fmi\u015f bir \u00fcretim at\u00f6lyesi y\u00f6netim stratejisine g\u00fcveniyoruz. \u015eirketimiz, teknik yetenek, ileri teknoloji dijital \u00fcretim ekipmanlar\u0131 ve profesyonel test sistemleri kullanarak \u00fcretim platformunu s\u00fcrekli olarak geli\u015ftiriyor.<\/p>\n<p>\u00dcr\u00fcn kalitesi \u00fcretim hatlar\u0131m\u0131z\u0131 geli\u015ftirmeye odaklan\u0131yoruz ve g\u00fc\u00e7l\u00fc yarat\u0131c\u0131 yetenekler geli\u015ftirdik. Y\u00fcksek verimlilik, y\u00fcksek hassasiyet ve y\u00fcksek kalite prensiplerimiz, farkl\u0131 m\u00fc\u015fteri ihtiya\u00e7lar\u0131n\u0131 kar\u015f\u0131lamam\u0131z\u0131 sa\u011fl\u0131yor.<\/p>\n<p><img decoding=\"async\" src=\"https:\/\/www.hydraulic-cylinders.net\/wp-content\/uploads\/2025\/04\/songte-company-4.webp\" alt=\"\u015eirket Genel Bak\u0131\u015f\u0131\"><br \/>\n<img decoding=\"async\" src=\"https:\/\/www.hydraulic-cylinders.net\/wp-content\/uploads\/2025\/04\/songte-company-3.webp\" alt=\"\u015eirket \u00dcretimi\"><\/p>\n<p>Yazar: lyl<\/p>","protected":false},"excerpt":{"rendered":"<p>Boom Cylinder For Volwa Small Excavator DLS130-9 Product Overview The Boom Cylinder for the Volwa Small Excavator DLS130-9 is a critical component in hydraulic systems, specifically designed to control the movement of the bucket on various heavy machinery, including excavators, backhoe loaders, and front loaders. This hydraulic cylinder facilitates the lifting, lowering, and tilting of [&hellip;]<\/p>","protected":false},"featured_media":17867,"comment_status":"open","ping_status":"closed","template":"","meta":{"_et_pb_use_builder":"","_et_pb_old_content":"","_et_gb_content_width":""},"product_brand":[],"product_cat":[1546],"product_tag":[1547,1496],"class_list":{"0":"post-19604","1":"product","2":"type-product","3":"status-publish","4":"has-post-thumbnail","6":"product_cat-boom-cylinders","7":"product_tag-boom-cylinders","8":"product_tag-hydraulic-cylinders","10":"first","11":"instock","12":"shipping-taxable","13":"product-type-simple"},"amp_enabled":true,"_links":{"self":[{"href":"https:\/\/www.hydraulic-cylinders.net\/tr\/wp-json\/wp\/v2\/product\/19604","targetHints":{"allow":["GET"]}}],"collection":[{"href":"https:\/\/www.hydraulic-cylinders.net\/tr\/wp-json\/wp\/v2\/product"}],"about":[{"href":"https:\/\/www.hydraulic-cylinders.net\/tr\/wp-json\/wp\/v2\/types\/product"}],"replies":[{"embeddable":true,"href":"https:\/\/www.hydraulic-cylinders.net\/tr\/wp-json\/wp\/v2\/comments?post=19604"}],"wp:featuredmedia":[{"embeddable":true,"href":"https:\/\/www.hydraulic-cylinders.net\/tr\/wp-json\/wp\/v2\/media\/17867"}],"wp:attachment":[{"href":"https:\/\/www.hydraulic-cylinders.net\/tr\/wp-json\/wp\/v2\/media?parent=19604"}],"wp:term":[{"taxonomy":"product_brand","embeddable":true,"href":"https:\/\/www.hydraulic-cylinders.net\/tr\/wp-json\/wp\/v2\/product_brand?post=19604"},{"taxonomy":"product_cat","embeddable":true,"href":"https:\/\/www.hydraulic-cylinders.net\/tr\/wp-json\/wp\/v2\/product_cat?post=19604"},{"taxonomy":"product_tag","embeddable":true,"href":"https:\/\/www.hydraulic-cylinders.net\/tr\/wp-json\/wp\/v2\/product_tag?post=19604"}],"curies":[{"name":"wp","href":"https:\/\/api.w.org\/{rel}","templated":true}]}}