{"id":19607,"date":"2025-04-07T06:57:08","date_gmt":"2025-04-07T06:57:08","guid":{"rendered":"https:\/\/www.hydraulic-cylinders.net\/product\/boom-cylinder-for-volwa-small-excavator-dls880-9b\/"},"modified":"2025-04-07T06:57:10","modified_gmt":"2025-04-07T06:57:10","slug":"boom-cylinder-for-volwa-small-excavator-dls880-9b","status":"publish","type":"product","link":"https:\/\/www.hydraulic-cylinders.net\/tr\/urun\/boom-cylinder-for-volwa-small-excavator-dls880-9b\/","title":{"rendered":"Volwa K\u00fc\u00e7\u00fck Ekskavat\u00f6r DLS880-9B i\u00e7in Bom Silindiri"},"content":{"rendered":"<h1>Volwa K\u00fc\u00e7\u00fck Ekskavat\u00f6r DLS880-9B i\u00e7in Bom Silindiri<\/h1>\n<h2>Bom Silindirlerine Giri\u015f<\/h2>\n<p>Volwa DLS880-9B k\u00fc\u00e7\u00fck ekskavat\u00f6r i\u00e7in bom silindiri, ekskavat\u00f6rlerin hidrolik sisteminde \u00f6nemli bir bile\u015fendir. Kep\u00e7enin hareketini kontrol etmede, kald\u0131rma, indirme ve e\u011fme i\u015flemlerini etkili bir \u015fekilde ger\u00e7ekle\u015ftirmede kritik bir rol oynar. Bu hidrolik silindir, \u00f6zellikle a\u011f\u0131r y\u00fckleri ta\u015f\u0131mak ve in\u015faat sahalar\u0131nda ve di\u011fer a\u011f\u0131r hizmet uygulamalar\u0131nda \u00e7e\u015fitli malzeme ta\u015f\u0131ma g\u00f6revleri i\u00e7in gerekli hassas hareketi sa\u011flamak \u00fczere tasarlanm\u0131\u015ft\u0131r.<\/p>\n<p><img decoding=\"async\" src=\"https:\/\/www.hydraulic-cylinders.net\/wp-content\/uploads\/2025\/04\/songte-company-1.webp\" alt=\"Ekskavat\u00f6rler i\u00e7in Bom Silindiri\"><\/p>\n<h3>Kova Silindirlerini Anlamak<\/h3>\n<p>Kep\u00e7e silindirleri, ekskavat\u00f6rler, kaz\u0131c\u0131 y\u00fckleyiciler ve \u00f6n y\u00fckleyiciler gibi a\u011f\u0131r makinelerde kep\u00e7enin hareketini kontrol etmek i\u00e7in kullan\u0131lan hidrolik silindirlerdir. Kep\u00e7enin kald\u0131rma, indirme ve e\u011fme gibi verimli malzeme ta\u015f\u0131ma i\u00e7in hayati \u00f6nem ta\u015f\u0131yan \u00e7e\u015fitli temel i\u015flevleri yerine getirmesini sa\u011flarlar. Bu silindirlerin \u00e7al\u0131\u015fmas\u0131, operat\u00f6rlerin kazma, y\u00fckleme ve malzeme ta\u015f\u0131ma gibi g\u00f6revleri etkili bir \u015fekilde ger\u00e7ekle\u015ftirmesine olanak tan\u0131yarak \u015fantiyelerde verimlili\u011fin artmas\u0131na katk\u0131da bulunur.<\/p>\n<h2>Bom Silindirinin \u00d6zellikleri<\/h2>\n<ul>\n<li><strong>Y\u00fcksek Dayan\u0131kl\u0131l\u0131k ve Dayan\u0131kl\u0131l\u0131k:<\/strong> Y\u00fcksek mukavemetli \u00e7elik veya al\u00fcminyumdan \u00fcretilen bu silindir, y\u00fcksek bas\u0131nca ve a\u011f\u0131r y\u00fcklere dayanabilir, bu da onu zorlu \u00e7al\u0131\u015fma ortamlar\u0131 i\u00e7in uygun hale getirir. A\u015f\u0131nmaya ve korozyona kar\u015f\u0131 dayan\u0131kl\u0131 olacak \u015fekilde tasarlanm\u0131\u015ft\u0131r, bu da kullan\u0131m \u00f6mr\u00fcn\u00fc uzat\u0131r.<\/li>\n<li><strong>Verimli Hidrolik \u00c7al\u0131\u015fma:<\/strong> Hidrolik ya\u011f bas\u0131nc\u0131n\u0131 kullanarak d\u00fczg\u00fcn bir \u015fekilde uzama ve geri \u00e7ekilme sa\u011flayan silindir, operat\u00f6r komutlar\u0131na h\u0131zl\u0131 bir \u015fekilde yan\u0131t vererek a\u011f\u0131r ve karma\u015f\u0131k i\u015flerin \u00fcstesinden gelmek i\u00e7in ideal olan g\u00fc\u00e7l\u00fc itme ve \u00e7ekme kuvvetleri sunar.<\/li>\n<li><strong>\u00c7e\u015fitli Se\u00e7enekler:<\/strong> Tek y\u00f6nl\u00fc (hidrolik etki tek y\u00f6nde) veya \u00e7ift y\u00f6nl\u00fc (hidrolik etki her iki y\u00f6nde) konfig\u00fcrasyonlarda bulunan bu \u00fcr\u00fcn, farkl\u0131 operasyonel ihtiya\u00e7lara cevap verir; baz\u0131 modellerde ise d\u0131\u015f boyutlar\u0131 art\u0131rmadan daha fazla uzatma sa\u011flayan teleskopik tasar\u0131mlar bulunur.<\/li>\n<li><strong>Uyumluluk:<\/strong> \u00dcr\u00fcn\u00fcm\u00fcz, \u00e7e\u015fitli hidrolik silindirlerin yerini sorunsuz bir \u015fekilde alarak makinelerinizde g\u00fcvenilir \u00e7al\u0131\u015fma sa\u011flar.<\/li>\n<\/ul>\n<p><img decoding=\"async\" src=\"https:\/\/www.hydraulic-cylinders.net\/wp-content\/uploads\/2025\/04\/songte-cylinder-head-with-all-kinds-excavator-models.webp\" alt=\"Ekskavat\u00f6r Modelleri Uyumlulu\u011fu\"><\/p>\n<h2>Bom Silindirinin Uygulamalar\u0131<\/h2>\n<h3>\u0130n\u015faat Ekipmanlar\u0131<\/h3>\n<p>Ekskavat\u00f6rlerde, bom silindirleri topra\u011f\u0131 veya molozu kazma, y\u00fckleme ve ta\u015f\u0131ma i\u015flemlerinde hayati \u00f6neme sahiptir. Kep\u00e7enin zemine etkili bir \u015fekilde n\u00fcfuz etmesini sa\u011flayarak kaz\u0131 i\u015fleri i\u00e7in vazge\u00e7ilmez hale gelirler. Kaz\u0131c\u0131 y\u00fckleyicilerde ise bu silindirler hem kazma hem de kald\u0131rma i\u015flemlerine yard\u0131mc\u0131 olarak \u00e7ok y\u00f6nl\u00fcl\u00fc\u011f\u00fc art\u0131r\u0131r.<\/p>\n<h3>Tar\u0131m Ekipmanlar\u0131<\/h3>\n<p>\u00d6n y\u00fckleyiciler, toprak, saman ve di\u011fer malzemeleri kep\u00e7elemek, kald\u0131rmak ve ta\u015f\u0131mak i\u00e7in bom silindirleri kullan\u0131r. Birden fazla i\u015flemi ger\u00e7ekle\u015ftirebilme yetenekleri, verimlili\u011fin \u00e7ok \u00f6nemli oldu\u011fu tar\u0131m ortamlar\u0131nda onlar\u0131 vazge\u00e7ilmez k\u0131lar.<\/p>\n<h3>Ekskavat\u00f6rler<\/h3>\n<p>Geleneksel ekskavat\u00f6rlerde, kep\u00e7e silindiri, kep\u00e7enin topra\u011f\u0131 k\u0131rmas\u0131n\u0131 sa\u011flayarak kazma i\u015flemlerine olanak tan\u0131r. Bu tasar\u0131m, toprak ta\u015f\u0131ma projeleri i\u00e7in hayati \u00f6nem ta\u015f\u0131yan maksimum kazma verimlili\u011fini garanti eder.<\/p>\n<h3>Y\u00fckleyiciler<\/h3>\n<p>\u00d6n y\u00fckleyicilerde bu silindirler, y\u00fcklerin etkili bir \u015fekilde kald\u0131r\u0131lmas\u0131na ve bo\u015falt\u0131lmas\u0131na yard\u0131mc\u0131 olur. G\u00fc\u00e7l\u00fc hidrolik etkileri, verimli malzeme ta\u015f\u0131ma ve \u015fantiyede verimlilik i\u00e7in \u00e7ok \u00f6nemlidir.<\/p>\n<h2>Tasar\u0131m Hususlar\u0131 ve Se\u00e7im Kriterleri<\/h2>\n<h3>Y\u00fck Kapasitesi<\/h3>\n<p>Bom silindiri se\u00e7ilirken y\u00fck ta\u015f\u0131ma kapasitesi son derece \u00f6nemlidir. Silindir, yap\u0131sal b\u00fct\u00fcnl\u00fc\u011f\u00fcnden \u00f6d\u00fcn vermeden a\u011f\u0131r y\u00fckleri ta\u015f\u0131yabilmelidir. \u00c7al\u0131\u015fma s\u0131ras\u0131nda beklenen y\u00fck\u00fcn hesaplanmas\u0131, se\u00e7ilen silindirin ar\u0131za olmadan talepleri kar\u015f\u0131layabilece\u011finden emin olunmas\u0131n\u0131 sa\u011flar.<\/p>\n<h3>S\u0131zd\u0131rmazl\u0131k<\/h3>\n<p>Etkili s\u0131zd\u0131rmazl\u0131k, sistem verimsizli\u011fine yol a\u00e7abilen hidrolik s\u0131v\u0131 s\u0131z\u0131nt\u0131s\u0131n\u0131 \u00f6nlemek i\u00e7in \u00e7ok \u00f6nemlidir. Y\u00fcksek kaliteli contalar, hidrolik s\u0131v\u0131n\u0131n s\u0131zmas\u0131n\u0131 engelleyerek optimum bas\u0131n\u00e7 ve performans\u0131 korur.<\/p>\n<h3>Dayan\u0131kl\u0131l\u0131k<\/h3>\n<p>Bom silindirleri genellikle zorlu ortamlarda \u00e7al\u0131\u015ft\u0131\u011f\u0131 i\u00e7in dayan\u0131kl\u0131l\u0131k kritik bir fakt\u00f6rd\u00fcr. A\u015f\u0131nmaya, korozyona ve darbelere dayanacak \u015fekilde tasarlanm\u0131\u015f malzemelerin se\u00e7ilmesi, silindirin \u00f6mr\u00fcn\u00fc \u00f6nemli \u00f6l\u00e7\u00fcde uzatabilir.<\/p>\n<h3>Emniyet<\/h3>\n<p>G\u00fcvenlik \u00f6zelliklerine her zaman \u00f6ncelik verilmelidir. Bu, \u00e7al\u0131\u015fma s\u0131ras\u0131nda felaketle sonu\u00e7lanabilecek ar\u0131zalara yol a\u00e7abilecek a\u015f\u0131r\u0131 bas\u0131n\u00e7 durumlar\u0131n\u0131 \u00f6nleyen dahili emniyet valflerini de i\u00e7erir.<\/p>\n<h3>Bak\u0131m kolayl\u0131\u011f\u0131<\/h3>\n<p>Bom silindirlerinin se\u00e7iminde bak\u0131m kolayl\u0131\u011f\u0131 kritik bir rol oynar. Onar\u0131m ve de\u011fi\u015ftirme i\u015flemlerine kolay eri\u015fim sa\u011flayan bile\u015fenler, verimlili\u011fi art\u0131r\u0131r ve ar\u0131za s\u00fcrelerini azalt\u0131r.<\/p>\n<p><img decoding=\"async\" src=\"https:\/\/www.hydraulic-cylinders.net\/wp-content\/uploads\/2025\/04\/songte-oil-pipes-and-spare-parts.webp\" alt=\"Hidrolik Par\u00e7alar ve Bak\u0131m\"><\/p>\n<h2>Hidrolik Silindirin S\u0131zd\u0131rmazl\u0131\u011f\u0131 ve Ya\u011flanmas\u0131<\/h2>\n<p>Bom silindirlerinin etkili \u00e7al\u0131\u015fmas\u0131 i\u00e7in uygun s\u0131zd\u0131rmazl\u0131k ve ya\u011flama \u015fartt\u0131r. Hidrolik s\u0131v\u0131n\u0131n s\u0131zmas\u0131n\u0131 \u00f6nlemek i\u00e7in piston contalar\u0131 ve mil contalar\u0131 gibi \u00e7e\u015fitli s\u0131zd\u0131rmazl\u0131k elemanlar\u0131 kullan\u0131l\u0131r. Bu contalar genellikle dayan\u0131kl\u0131l\u0131\u011f\u0131 art\u0131ran poli\u00fcretan ve nitril kau\u00e7uk gibi a\u015f\u0131nmaya dayan\u0131kl\u0131 malzemelerden yap\u0131l\u0131r. Ayr\u0131ca, silindir g\u00f6vdeleri ve di\u015fli u\u00e7lar, a\u015f\u0131nma direncini art\u0131rmak i\u00e7in titiz bir i\u015fleme tabi tutulur. Sorunsuz \u00e7al\u0131\u015fmay\u0131 s\u00fcrd\u00fcrmek ve hareketli par\u00e7alarda a\u015f\u0131nmay\u0131 \u00f6nlemek i\u00e7in hidrolik ya\u011f ile d\u00fczenli ya\u011flama gereklidir.<\/p>\n<h2>D\u00fczenli Muayene ve \u00d6nleyici Bak\u0131m \u00d6nlemleri<\/h2>\n<ul>\n<li><strong>D\u00fczenli Denetimler:<\/strong> A\u015f\u0131nmay\u0131 ve olas\u0131 ar\u0131zalar\u0131 b\u00fcy\u00fcmeden \u00f6nce tespit etmek i\u00e7in d\u00fczenli kontroller planlay\u0131n. Optimum i\u015flevselli\u011fi sa\u011flamak i\u00e7in contalar\u0131, hortumlar\u0131 ve yap\u0131sal b\u00fct\u00fcnl\u00fc\u011f\u00fc inceleyin.<\/li>\n<li><strong>Uygun Ya\u011flama:<\/strong> Hidrolik ya\u011f seviyesinin uygun oldu\u011fundan emin olun ve silindirin etkili bir \u015fekilde ya\u011flanmas\u0131n\u0131 ve \u00e7al\u0131\u015fmas\u0131n\u0131 sa\u011flamak i\u00e7in gerekti\u011finde ya\u011f\u0131 de\u011fi\u015ftirin.<\/li>\n<li><strong>Conta De\u011fi\u015fimi:<\/strong> Contalar\u0131n a\u015f\u0131nma durumunu kontrol edin ve gerekirse derhal de\u011fi\u015ftirin. A\u015f\u0131nm\u0131\u015f contalar s\u0131v\u0131 s\u0131z\u0131nt\u0131s\u0131na yol a\u00e7arak hidrolik sistemin verimlili\u011fini etkileyebilir.<\/li>\n<\/ul>\n<h2>Do\u011fru Kurulum Y\u00f6nergeleri<\/h2>\n<p>Bom silindirinin do\u011fru montaj\u0131, optimum performans ve uzun \u00f6m\u00fcr i\u00e7in \u00e7ok \u00f6nemlidir. \u00d6ncelikle t\u00fcm bile\u015fenlerin temiz ve kal\u0131nt\u0131lardan ar\u0131nd\u0131r\u0131lm\u0131\u015f oldu\u011fundan emin olun. Silindiri, uygun braketler kullanarak yerine sabitleyerek montaj noktalar\u0131yla dikkatlice hizalay\u0131n. Montaj s\u0131ras\u0131nda a\u015f\u0131r\u0131 g\u00fc\u00e7 uygulamaktan ka\u00e7\u0131n\u0131n, bu bile\u015fenlere zarar verebilir. Ayr\u0131ca, hizalamay\u0131 d\u00fczenli olarak kontrol edin ve hidrolik ba\u011flant\u0131lar\u0131n g\u00fcvenli ve s\u0131z\u0131nt\u0131s\u0131z oldu\u011fundan emin olun. Bu y\u00f6nergeleri izlemek, silindirin \u00e7al\u0131\u015fmas\u0131n\u0131 ve \u00f6mr\u00fcn\u00fc uzatacakt\u0131r.<\/p>\n<h2>Yayg\u0131n Bak\u0131m G\u00f6revleri<\/h2>\n<ul>\n<li><strong>D\u00fczenli Denetimler:<\/strong> A\u015f\u0131nma belirtilerini veya olas\u0131 sorunlar\u0131 tespit etmek i\u00e7in d\u00fczenli kontroller yap\u0131n. Erken tespit, b\u00fcy\u00fck ar\u0131zalar\u0131 \u00f6nleyebilir ve silindirin \u00f6mr\u00fcn\u00fc uzatabilir.<\/li>\n<li><strong>Uygun Ya\u011flama:<\/strong> Sistemin sorunsuz \u00e7al\u0131\u015fmaya devam etmesi i\u00e7in hidrolik ya\u011f seviyesinin optimum d\u00fczeyde tutulmas\u0131 ve gerekti\u011finde de\u011fi\u015ftirilmesi sa\u011flanmal\u0131d\u0131r.<\/li>\n<li><strong>Conta De\u011fi\u015fimi:<\/strong> Performans\u0131 olumsuz etkileyebilecek hidrolik s\u0131v\u0131 s\u0131z\u0131nt\u0131s\u0131n\u0131 \u00f6nlemek i\u00e7in contalar\u0131 d\u00fczenli olarak kontrol edin ve gerekirse de\u011fi\u015ftirin.<\/li>\n<\/ul>\n<p>Bom silindirinin i\u015flevselli\u011fini ve g\u00fcvenli\u011fini korumak i\u00e7in do\u011fru montaj, ya\u011flama ve ayarlamalar hayati \u00f6nem ta\u015f\u0131r. Yanl\u0131\u015f hizalamay\u0131 \u00f6nlemek i\u00e7in montaj s\u0131ras\u0131nda silindiri do\u011fru \u015fekilde hizalay\u0131n ve stabilite i\u00e7in montaj braketlerini kullan\u0131n. D\u00fczenli kontroller, onar\u0131mlar ve de\u011fi\u015fimler, en y\u00fcksek performans\u0131 sa\u011flayabilir ve hidrolik bile\u015fenlerin \u00f6mr\u00fcn\u00fc uzatabilir.<\/p>\n<p><img decoding=\"async\" src=\"https:\/\/www.hydraulic-cylinders.net\/wp-content\/uploads\/2025\/04\/songte-chushion-collar.webp\" alt=\"Silindirler i\u00e7in Yast\u0131k Yakas\u0131\"><\/p>\n<h2>G\u00fcvenlik Hususlar\u0131 ve \u00c7evresel Fakt\u00f6rler<\/h2>\n<p>Bom silindirleri kullan\u0131l\u0131rken g\u00fcvenlik \u00f6nlemleri \u00e7ok \u00f6nemlidir. Operat\u00f6rler, kazalar\u0131 \u00f6nlemek i\u00e7in t\u00fcm g\u00fcvenlik protokollerine uyarak hidrolik ekipman\u0131 kullanma konusunda e\u011fitilmelidir. Ayr\u0131ca, \u00e7evreyi etkileyebilecek olas\u0131 s\u0131z\u0131nt\u0131lar gibi \u00e7evresel fakt\u00f6rler de g\u00f6z \u00f6n\u00fcnde bulundurulmal\u0131d\u0131r. S\u0131z\u0131nt\u0131lar\u0131 \u00f6nlemek i\u00e7in \u00f6nlemler almak ve d\u00fczenli bak\u0131m yapmak, bu riskleri azaltmaya ve g\u00fcvenli \u00e7al\u0131\u015fmay\u0131 sa\u011flamaya yard\u0131mc\u0131 olabilir.<\/p>\n<h2>Yayg\u0131n Sorunlar\u0131n Giderilmesi<\/h2>\n<ul>\n<li><strong>S\u0131z\u0131nt\u0131:<\/strong> Hidrolik s\u0131v\u0131 s\u0131z\u0131nt\u0131s\u0131n\u0131n kayna\u011f\u0131n\u0131 belirleyin. Contalar\u0131 ve ba\u011flant\u0131lar\u0131 kontrol edin ve hasarl\u0131 par\u00e7alar\u0131 derhal de\u011fi\u015ftirin.<\/li>\n<li><strong>Zay\u0131f Performans:<\/strong> Silindir beklendi\u011fi gibi \u00e7al\u0131\u015fm\u0131yorsa, hidrolik s\u0131v\u0131 seviyelerini kontrol edin ve sistemde herhangi bir t\u0131kan\u0131kl\u0131k olup olmad\u0131\u011f\u0131n\u0131 inceleyin.<\/li>\n<li><strong>Al\u0131\u015f\u0131lmad\u0131k Sesler:<\/strong> \u00c7al\u0131\u015fma s\u0131ras\u0131nda herhangi bir anormal ses olup olmad\u0131\u011f\u0131n\u0131 dinleyin; bu, mekanik sorunlara i\u015faret edebilir. Sorunlar\u0131 derhal ara\u015ft\u0131r\u0131n ve giderin.<\/li>\n<\/ul>\n<p>Bu sorunlar\u0131 etkili bir \u015fekilde gidermek i\u00e7in operat\u00f6rlerin sisteme a\u015fina olmas\u0131 gerekir. D\u00fczenli e\u011fitim ve bak\u0131m uygulamalar\u0131na ili\u015fkin g\u00fcncellemeler, potansiyel sorunlar\u0131n \u00f6nlenmesine ve sorunsuz \u00e7al\u0131\u015fman\u0131n sa\u011flanmas\u0131na yard\u0131mc\u0131 olabilir.<\/p>\n<p><img decoding=\"async\" src=\"https:\/\/www.hydraulic-cylinders.net\/wp-content\/uploads\/2025\/04\/songte-bushings-with-all-kinds-of-excavator-models.webp\" alt=\"Ekskavat\u00f6rler i\u00e7in Bur\u00e7lar\"><\/p>\n<h2>\u015eirketimiz Hakk\u0131nda<\/h2>\n<p>\u00d6nde gelen yedek hidrolik silindir \u00fcreticisi olarak, hem yerel hem de uluslararas\u0131 pazarlarda vazge\u00e7ilmez olan geni\u015f bir \u00fcr\u00fcn yelpazesi sunuyoruz. Kaliteye olan ba\u011fl\u0131l\u0131\u011f\u0131m\u0131z, hassas \u00fcretim s\u00fcre\u00e7lerimizde ve geli\u015fmi\u015f teknolojinin kullan\u0131m\u0131nda kendini g\u00f6stermektedir. M\u00fc\u015fteri memnuniyetine odaklanarak, \u00e7e\u015fitli m\u00fc\u015fteri ihtiya\u00e7lar\u0131n\u0131 kar\u015f\u0131lamak \u00fczere \u00f6zel \u00e7\u00f6z\u00fcmler sunuyoruz. Son teknoloji \u00fcretim ekipmanlar\u0131m\u0131z ve titiz kalite kontrol sistemlerimiz, her \u00fcr\u00fcn\u00fcn end\u00fcstri standartlar\u0131n\u0131 kar\u015f\u0131lamas\u0131n\u0131, y\u00fcksek verimlilik, do\u011fruluk ve g\u00fcvenilirlik sa\u011flamas\u0131n\u0131 garanti eder.<\/p>\n<p><img decoding=\"async\" src=\"https:\/\/www.hydraulic-cylinders.net\/wp-content\/uploads\/2025\/04\/songte-company-4.webp\" alt=\"\u015eirket Genel Bak\u0131\u015f\u0131\"><br \/>\n<img decoding=\"async\" src=\"https:\/\/www.hydraulic-cylinders.net\/wp-content\/uploads\/2025\/04\/songte-company-3.webp\" alt=\"\u00dcretim Tesisi\"><\/p>\n<h2>\u00c7\u00f6z\u00fcm<\/h2>\n<p>Y\u00fcksek kaliteli ve g\u00fcvenilir bom silindirleri i\u00e7in firmam\u0131z g\u00fcvenilir bir kaynak olarak \u00f6ne \u00e7\u0131kmaktad\u0131r. Hidrolik \u00e7\u00f6z\u00fcmler alan\u0131ndaki uzmanl\u0131\u011f\u0131m\u0131z, beklentilerinizi kar\u015f\u0131lamakla kalmay\u0131p a\u015fan \u00fcr\u00fcnler alman\u0131z\u0131 sa\u011flar. \u00dcr\u00fcnlerimiz ve hidrolik ihtiya\u00e7lar\u0131n\u0131zda size nas\u0131l yard\u0131mc\u0131 olabilece\u011fimiz hakk\u0131nda daha fazla bilgi edinmek i\u00e7in bug\u00fcn bizimle ileti\u015fime ge\u00e7in.<\/p>\n<p>Yazar: lyl<\/p>","protected":false},"excerpt":{"rendered":"<p>Boom Cylinder For Volwa Small Excavator DLS880-9B Introduction to Boom Cylinders The Boom Cylinder for Volwa Small Excavator DLS880-9B is an essential component in the hydraulic system of excavators. It plays a critical role in controlling the movement of the bucket, allowing it to lift, lower, and tilt effectively. This hydraulic cylinder is specifically designed [&hellip;]<\/p>","protected":false},"featured_media":17870,"comment_status":"open","ping_status":"closed","template":"","meta":{"_et_pb_use_builder":"","_et_pb_old_content":"","_et_gb_content_width":""},"product_brand":[],"product_cat":[1546],"product_tag":[1547,1496],"class_list":{"0":"post-19607","1":"product","2":"type-product","3":"status-publish","4":"has-post-thumbnail","6":"product_cat-boom-cylinders","7":"product_tag-boom-cylinders","8":"product_tag-hydraulic-cylinders","10":"first","11":"instock","12":"shipping-taxable","13":"product-type-simple"},"amp_enabled":true,"_links":{"self":[{"href":"https:\/\/www.hydraulic-cylinders.net\/tr\/wp-json\/wp\/v2\/product\/19607","targetHints":{"allow":["GET"]}}],"collection":[{"href":"https:\/\/www.hydraulic-cylinders.net\/tr\/wp-json\/wp\/v2\/product"}],"about":[{"href":"https:\/\/www.hydraulic-cylinders.net\/tr\/wp-json\/wp\/v2\/types\/product"}],"replies":[{"embeddable":true,"href":"https:\/\/www.hydraulic-cylinders.net\/tr\/wp-json\/wp\/v2\/comments?post=19607"}],"wp:featuredmedia":[{"embeddable":true,"href":"https:\/\/www.hydraulic-cylinders.net\/tr\/wp-json\/wp\/v2\/media\/17870"}],"wp:attachment":[{"href":"https:\/\/www.hydraulic-cylinders.net\/tr\/wp-json\/wp\/v2\/media?parent=19607"}],"wp:term":[{"taxonomy":"product_brand","embeddable":true,"href":"https:\/\/www.hydraulic-cylinders.net\/tr\/wp-json\/wp\/v2\/product_brand?post=19607"},{"taxonomy":"product_cat","embeddable":true,"href":"https:\/\/www.hydraulic-cylinders.net\/tr\/wp-json\/wp\/v2\/product_cat?post=19607"},{"taxonomy":"product_tag","embeddable":true,"href":"https:\/\/www.hydraulic-cylinders.net\/tr\/wp-json\/wp\/v2\/product_tag?post=19607"}],"curies":[{"name":"wp","href":"https:\/\/api.w.org\/{rel}","templated":true}]}}