{"id":19609,"date":"2025-04-07T06:57:14","date_gmt":"2025-04-07T06:57:14","guid":{"rendered":"https:\/\/www.hydraulic-cylinders.net\/product\/boom-cylinder-for-volwa-middle-excavator-dls220-8b\/"},"modified":"2025-04-07T06:57:16","modified_gmt":"2025-04-07T06:57:16","slug":"boom-cylinder-for-volwa-middle-excavator-dls220-8b","status":"publish","type":"product","link":"https:\/\/www.hydraulic-cylinders.net\/tr\/urun\/boom-cylinder-for-volwa-middle-excavator-dls220-8b\/","title":{"rendered":"Volwa Orta Ekskavat\u00f6r DLS220-8B i\u00e7in Bom Silindiri"},"content":{"rendered":"<h1>Volwa Orta Ekskavat\u00f6r DLS220-8B i\u00e7in Bom Silindiri<\/h1>\n<h2>\u00dcr\u00fcn Genel Bak\u0131\u015f\u0131<\/h2>\n<p>Volwa DLS220-8B orta boy ekskavat\u00f6r i\u00e7in tasarlanm\u0131\u015f olan bom silindiri, a\u011f\u0131r makinelerde, \u00f6zellikle ekskavat\u00f6rlerde, beko y\u00fckleyicilerde ve \u00f6n y\u00fckleyicilerde kep\u00e7enin hareketini kontrol etmek i\u00e7in \u00f6nemli bir bile\u015fendir. Bu hidrolik silindir, kep\u00e7enin kald\u0131r\u0131lmas\u0131n\u0131, indirilmesini ve e\u011filmesini sa\u011flayarak malzeme ta\u015f\u0131ma i\u015flerinde vazge\u00e7ilmez bir ara\u00e7t\u0131r. Kep\u00e7e silindiri, bas\u0131n\u00e7l\u0131 hidrolik ya\u011f\u0131n a\u011f\u0131r y\u00fcklerin verimli hareketini ve hassas kontrol\u00fcn\u00fc sa\u011flad\u0131\u011f\u0131 hidrolik sistemler i\u00e7inde \u00e7al\u0131\u015f\u0131r. Tasar\u0131m\u0131 sadece performans\u0131 art\u0131rmakla kalmaz, ayn\u0131 zamanda a\u015f\u0131r\u0131 \u00e7al\u0131\u015fma ko\u015fullar\u0131nda dayan\u0131kl\u0131l\u0131k ve g\u00fcvenilirlik de sa\u011flar.<\/p>\n<p><img decoding=\"async\" src=\"https:\/\/www.hydraulic-cylinders.net\/wp-content\/uploads\/2025\/04\/songte-company-1.webp\" alt=\"Ekskavat\u00f6r i\u00e7in Bom Silindiri\" \/><\/p>\n<h2>Temel \u00d6zellikler<\/h2>\n<ul>\n<li><strong>Y\u00fcksek Dayan\u0131kl\u0131l\u0131k ve Dayan\u0131kl\u0131l\u0131k:<\/strong> Y\u00fcksek mukavemetli \u00e7elik veya al\u00fcminyumdan \u00fcretilen Bom Silindiri, y\u00fcksek bas\u0131n\u00e7lara ve a\u011f\u0131r y\u00fcklere dayanabilir; a\u015f\u0131nma direnci ve korozyon korumas\u0131na odaklan\u0131larak zorlu \u00e7al\u0131\u015fma ortamlar\u0131na dayanacak \u015fekilde tasarlanm\u0131\u015ft\u0131r, b\u00f6ylece kullan\u0131m \u00f6mr\u00fc uzat\u0131lm\u0131\u015ft\u0131r.<\/li>\n<li><strong>Verimli Hidrolik \u00c7al\u0131\u015fma:<\/strong> Hidrolik ya\u011f bas\u0131nc\u0131n\u0131n kullan\u0131lmas\u0131, d\u00fczg\u00fcn uzatma ve geri \u00e7ekme imkan\u0131 sa\u011flayarak kontrol komutlar\u0131na h\u0131zl\u0131 yan\u0131t verilmesine olanak tan\u0131r ve a\u011f\u0131r nesnelerin ve karma\u015f\u0131k g\u00f6revlerin ta\u015f\u0131nmas\u0131 i\u00e7in uygun \u00f6nemli itme ve \u00e7ekme kuvvetleri sunar.<\/li>\n<li><strong>\u00c7e\u015fitli T\u00fcrler:<\/strong> \u00c7e\u015fitli operasyonel ihtiya\u00e7lar\u0131 kar\u015f\u0131lamak \u00fczere tek etkili (hidrolik tek y\u00f6nde kullan\u0131l\u0131r) veya \u00e7ift etkili (hidrolik her iki y\u00f6nde kullan\u0131l\u0131r) konfig\u00fcrasyonlarda mevcuttur. Baz\u0131 modellerde teleskopik tasar\u0131mlar bulunur; bu da d\u0131\u015f boyutlar\u0131 b\u00fcy\u00fctmeden daha fazla uzama imkan\u0131 sa\u011flar ve alan k\u0131s\u0131tlamal\u0131 uygulamalar i\u00e7in idealdir.<\/li>\n<li><strong>\u00d6zelle\u015ftirilmi\u015f \u00dcretim:<\/strong> Bu \u00fcr\u00fcn\u00fc, mevcut hidrolik silindirlerin yerine m\u00fckemmel bir \u015fekilde ge\u00e7ecek \u015fekilde \u00fcretebiliriz; bu da uyumluluk ve g\u00fcvenilirlik sa\u011flar.<\/li>\n<li><strong>Kapsaml\u0131 Kalite G\u00fcvencesi:<\/strong> \u00dcretim s\u00fcrecimiz, her bir bom silindirinin performans ve g\u00fcvenlik a\u00e7\u0131s\u0131ndan sekt\u00f6r standartlar\u0131n\u0131 kar\u015f\u0131lamas\u0131n\u0131 sa\u011flayan s\u0131k\u0131 kalite kontrollerine uymaktad\u0131r.<\/li>\n<\/ul>\n<p><img decoding=\"async\" src=\"https:\/\/www.hydraulic-cylinders.net\/wp-content\/uploads\/2025\/04\/songte-cylinder-head-with-all-kinds-excavator-models.webp\" alt=\"Ekskavat\u00f6r Silindiri\" \/><\/p>\n<h2>Uygulamalar<\/h2>\n<h3>\u0130n\u015faat Ekipmanlar\u0131<\/h3>\n<p>Ekskavat\u00f6rlerde, bom silindirleri kazma, y\u00fckleme ve toprak veya moloz ta\u015f\u0131ma i\u015flemlerinde hayati \u00f6neme sahiptir. Sadece kazma s\u00fcrecini kolayla\u015ft\u0131rmakla kalmaz, ayn\u0131 zamanda a\u011f\u0131r y\u00fcklerin kald\u0131r\u0131lmas\u0131na da yard\u0131mc\u0131 olarak, verimlilik ve hassasiyetin gerekli oldu\u011fu \u015fantiyelerde vazge\u00e7ilmez hale gelirler.<\/p>\n<h3>Tar\u0131m Makinalar\u0131<\/h3>\n<p>\u00d6n y\u00fckleyicilerde bu silindirler, toprak, saman ve di\u011fer malzemelerin kep\u00e7elenmesi, kald\u0131r\u0131lmas\u0131 ve ta\u015f\u0131nmas\u0131nda \u00e7ok \u00f6nemli bir rol oynar. \u00c7e\u015fitli ko\u015fullar alt\u0131nda sorunsuz \u00e7al\u0131\u015fabilme yetenekleri, g\u00fcvenilirlik ve performans gerektiren tar\u0131msal operasyonlar i\u00e7in onlar\u0131 vazge\u00e7ilmez k\u0131lar.<\/p>\n<h3>Ekskavat\u00f6rler<\/h3>\n<p>Bom silindiri, kep\u00e7enin zemine etkili bir \u015fekilde n\u00fcfuz etmesini sa\u011flayarak derin kaz\u0131 i\u015flemlerine olanak tan\u0131r. Tasar\u0131m\u0131, ekskavat\u00f6r\u00fcn karma\u015f\u0131k g\u00f6revleri kolayl\u0131kla ve verimlilikle yerine getirebilmesini sa\u011flayarak sekt\u00f6rde tercih edilen bir se\u00e7enek haline gelmesini sa\u011flar.<\/p>\n<h3>Y\u00fckleyiciler<\/h3>\n<p>\u00d6n y\u00fckleyicilerde, bom silindirleri y\u00fcklerin etkili bir \u015fekilde kald\u0131r\u0131lmas\u0131na ve bo\u015falt\u0131lmas\u0131na yard\u0131mc\u0131 olur. G\u00fcvenilir i\u015flevsellikleri, malzemelerin h\u0131zl\u0131 ve g\u00fcvenli bir \u015fekilde ta\u015f\u0131nmas\u0131n\u0131 sa\u011flayarak \u015fantiyedeki verimlili\u011fi art\u0131r\u0131r.<\/p>\n<h2>Tasar\u0131m Hususlar\u0131<\/h2>\n<h3>Y\u00fck Kapasitesi<\/h3>\n<p>Bom silindirinin y\u00fck ta\u015f\u0131ma kapasitesi, \u00e7e\u015fitli uygulamalarda kar\u015f\u0131la\u015f\u0131labilecek maksimum malzeme a\u011f\u0131rl\u0131\u011f\u0131n\u0131 kald\u0131rabilmesini sa\u011flamak i\u00e7in kritik \u00f6neme sahiptir. \u00c7al\u0131\u015fmalar s\u0131ras\u0131nda ar\u0131zay\u0131 \u00f6nlemek i\u00e7in beklenen y\u00fck limitlerine uygun veya bu limitleri a\u015fan bir silindir se\u00e7mek \u015fartt\u0131r. Y\u00fck gereksinimlerinin g\u00fcvenilir bir \u015fekilde de\u011ferlendirilmesi, i\u015f i\u00e7in do\u011fru silindiri se\u00e7meye yard\u0131mc\u0131 olur ve b\u00f6ylece g\u00fcvenlik ve verimlilik sa\u011flan\u0131r.<\/p>\n<h3>S\u0131zd\u0131rmazl\u0131k ve Dayan\u0131kl\u0131l\u0131k<\/h3>\n<p>S\u0131zd\u0131rmazl\u0131k, hidrolik s\u0131v\u0131 s\u0131z\u0131nt\u0131s\u0131n\u0131 \u00f6nlemek i\u00e7in hayati \u00f6neme sahiptir; s\u0131z\u0131nt\u0131lar sistem ar\u0131zas\u0131na yol a\u00e7abilir. Y\u00fcksek kaliteli contalar, a\u011f\u0131r makinelerde kar\u015f\u0131la\u015f\u0131lan bas\u0131n\u00e7lara ve \u00e7evresel ko\u015fullara dayanacak \u015fekilde tasarlanm\u0131\u015ft\u0131r. Contalar\u0131n dayan\u0131kl\u0131l\u0131\u011f\u0131, hidrolik sistemin genel performans\u0131n\u0131 ve bak\u0131m s\u0131kl\u0131\u011f\u0131n\u0131 etkiledi\u011finden, tasar\u0131m s\u00fcrecinde \u00f6nemli bir fakt\u00f6rd\u00fcr.<\/p>\n<h3>G\u00fcvenlik \u00d6zellikleri<\/h3>\n<p>Hidrolik silindir tasar\u0131m\u0131nda g\u00fcvenlik \u00f6zellikleri son derece \u00f6nemlidir; bunlar aras\u0131nda bas\u0131n\u00e7 tahliye vanalar\u0131 ve felaketle sonu\u00e7lanabilecek ar\u0131zalar\u0131 \u00f6nleyen emniyet sistemleri yer al\u0131r. Tasar\u0131mda g\u00fcvenli\u011fin sa\u011flanmas\u0131, operat\u00f6rleri ve makineleri koruyarak kaza riskini azalt\u0131r ve \u00e7al\u0131\u015fma g\u00fcvenilirli\u011fini art\u0131r\u0131r.<\/p>\n<h3>Bak\u0131m Eri\u015filebilirli\u011fi<\/h3>\n<p>Hidrolik silindirin uzun \u00f6m\u00fcrl\u00fc olmas\u0131 i\u00e7in kolay bak\u0131m tasar\u0131m\u0131 \u00e7ok \u00f6nemlidir. Contalara, ya\u011flama noktalar\u0131na ve di\u011fer bak\u0131mla ilgili bile\u015fenlere kolay eri\u015fim sa\u011flayan \u00f6zellikler, bak\u0131m s\u00fcrecini basitle\u015ftirerek silindirin zaman i\u00e7inde en iyi performans\u0131 g\u00f6stermesini sa\u011flar.<\/p>\n<p><img decoding=\"async\" src=\"https:\/\/www.hydraulic-cylinders.net\/wp-content\/uploads\/2025\/04\/songte-oil-pipes-and-spare-parts.webp\" alt=\"Hidrolik Silindir Par\u00e7alar\u0131\" \/><\/p>\n<h2>S\u0131zd\u0131rmazl\u0131k ve Ya\u011flama<\/h2>\n<p>Bom silindirinin s\u0131zd\u0131rmazl\u0131k mekanizmas\u0131, poli\u00fcretan ve nitril kau\u00e7uk gibi dayan\u0131kl\u0131 malzemelerden yap\u0131lm\u0131\u015f piston contalar\u0131 ve mil contalar\u0131 da dahil olmak \u00fczere \u00e7e\u015fitli contalardan olu\u015fmaktad\u0131r. Bu malzemeler, a\u015f\u0131nma diren\u00e7leri ve zorlu \u00e7al\u0131\u015fma ko\u015fullar\u0131na dayanabilme \u00f6zellikleri nedeniyle se\u00e7ilmi\u015ftir. Silindir g\u00f6vdesi ve di\u015fli u\u00e7 y\u00fczeyleri, a\u015f\u0131nma direncini art\u0131rmak ve daha uzun bir kullan\u0131m \u00f6mr\u00fc sa\u011flamak i\u00e7in ince bir \u015fekilde i\u015flenmi\u015ftir. Ayr\u0131ca, d\u00fczg\u00fcn \u00e7al\u0131\u015fmay\u0131 s\u00fcrd\u00fcrmek ve hareketli par\u00e7alarda a\u015f\u0131nmay\u0131 \u00f6nlemek i\u00e7in uygun hidrolik ya\u011f ile d\u00fczenli ya\u011flama gereklidir; bu da genel verimlili\u011fe ve i\u015flevselli\u011fe katk\u0131da bulunur.<\/p>\n<h2>\u00d6nleyici Bak\u0131m \u00d6nlemleri<\/h2>\n<ul>\n<li><strong>D\u00fczenli Denetimler:<\/strong> Silindirde herhangi bir s\u0131z\u0131nt\u0131 veya hasar belirtisi olup olmad\u0131\u011f\u0131n\u0131 g\u00f6rsel olarak inceleyin. \u00d6zellikle contalara ve ba\u011flant\u0131 noktalar\u0131na dikkat edin, \u00e7\u00fcnk\u00fc sorunlar\u0131n erken tespiti maliyetli onar\u0131mlar\u0131 \u00f6nleyebilir.<\/li>\n<li><strong>Uygun Ya\u011flama:<\/strong> Silindirin \u00f6nerilen hidrolik ya\u011f ile yeterince ya\u011fland\u0131\u011f\u0131ndan emin olun. Optimum performans\u0131 korumak i\u00e7in ya\u011f seviyelerini d\u00fczenli olarak kontrol edin ve gerekti\u011finde ya\u011f\u0131 de\u011fi\u015ftirin.<\/li>\n<li><strong>Conta De\u011fi\u015fimi:<\/strong> Hidrolik s\u0131v\u0131 s\u0131z\u0131nt\u0131lar\u0131n\u0131 \u00f6nlemek ve silindirin sorunsuz \u00e7al\u0131\u015fmas\u0131n\u0131 sa\u011flamak i\u00e7in contalar\u0131n durumunu periyodik olarak kontrol edin ve a\u015f\u0131nma belirtilerinin ilk g\u00f6r\u00fcld\u00fc\u011f\u00fc anda de\u011fi\u015ftirin.<\/li>\n<\/ul>\n<h2>Kurulum Talimatlar\u0131<\/h2>\n<p>Bom silindirini takarken a\u015fa\u011f\u0131daki y\u00f6nergelere uymak zorunludur:<\/p>\n<ul>\n<li>Silindire a\u015f\u0131r\u0131 y\u00fck binmesini \u00f6nlemek i\u00e7in montaj braketlerinin ve di\u011fer bile\u015fenlerin do\u011fru \u015fekilde hizaland\u0131\u011f\u0131ndan emin olun.<\/li>\n<li>Silindiri yerinde sabitlemek ve \u00e7al\u0131\u015fma s\u0131ras\u0131nda hareket etmesini \u00f6nlemek i\u00e7in uygun montaj destekleri kullan\u0131n.<\/li>\n<li>Montajdan sonra hidrolik ba\u011flant\u0131larda s\u0131z\u0131nt\u0131 olup olmad\u0131\u011f\u0131n\u0131 kontrol edin ve t\u00fcm contalar\u0131n sa\u011flam ve i\u015flevsel oldu\u011fundan emin olun.<\/li>\n<li>Silindirin beklendi\u011fi gibi \u00e7al\u0131\u015ft\u0131\u011f\u0131n\u0131 do\u011frulamak i\u00e7in, tam \u00f6l\u00e7ekli kullan\u0131mdan \u00f6nce kontroll\u00fc ko\u015fullar alt\u0131nda \u00e7al\u0131\u015ft\u0131rarak test edin.<\/li>\n<\/ul>\n<h2>Yayg\u0131n Bak\u0131m G\u00f6revleri<\/h2>\n<ul>\n<li><strong>D\u00fczenli Kontroller:<\/strong> Olas\u0131 sorunlar\u0131 erken tespit etmek ve uzun vadeli performans ve g\u00fcvenilirli\u011fi sa\u011flamak i\u00e7in d\u00fczenli kontroller planlay\u0131n.<\/li>\n<li><strong>Uygun Ya\u011flama:<\/strong> Do\u011fru ya\u011flama seviyelerini koruyun ve optimum \u00e7al\u0131\u015fma sa\u011flamak i\u00e7in belirtilen hidrolik ya\u011f\u0131 kullan\u0131n.<\/li>\n<li><strong>Conta De\u011fi\u015fimi ve Kalibrasyonu:<\/strong> \u00c7al\u0131\u015fma hassasiyetini korumak i\u00e7in contalar\u0131 d\u00fczenli olarak de\u011fi\u015ftirin ve hizalama ile kalibrasyonu kontrol edin. Montaj s\u0131ras\u0131nda silindirin do\u011fru hizalanmas\u0131, a\u015f\u0131nmay\u0131 \u00f6nlemek ve kullan\u0131m \u00f6mr\u00fcn\u00fc uzatmak i\u00e7in \u00e7ok \u00f6nemlidir.<\/li>\n<\/ul>\n<p><img decoding=\"async\" src=\"https:\/\/www.hydraulic-cylinders.net\/wp-content\/uploads\/2025\/04\/songte-chushion-collar.webp\" alt=\"Yast\u0131k Yaka\" \/><\/p>\n<h2>G\u00fcvenlik Hususlar\u0131 ve \u00c7evresel Fakt\u00f6rler<\/h2>\n<p>Hidrolik silindirlerle \u00e7al\u0131\u015f\u0131rken, hem operat\u00f6rleri hem de \u00e7evreyi korumak i\u00e7in g\u00fcvenlik \u00f6nlemlerinin uygulanmas\u0131 \u015fartt\u0131r. Kazalar\u0131 \u00f6nlemek i\u00e7in uygun e\u011fitim ve \u00e7al\u0131\u015fma y\u00f6nergelerine uyulmas\u0131 \u00e7ok \u00f6nemlidir. Ayr\u0131ca, \u00e7evre dostu hidrolik s\u0131v\u0131lar\u0131n kullan\u0131lmas\u0131, d\u00f6k\u00fclmelerle ilgili riskleri azaltabilir, \u00e7evre d\u00fczenlemelerine uyumu sa\u011flayabilir ve s\u00fcrd\u00fcr\u00fclebilir uygulamalar\u0131 te\u015fvik edebilir.<\/p>\n<h2>Ar\u0131za Te\u015fhisi ve Yayg\u0131n Sorunlar<\/h2>\n<ul>\n<li><strong>S\u0131z\u0131nt\u0131:<\/strong> Genellikle a\u015f\u0131nm\u0131\u015f contalardan veya yanl\u0131\u015f montajdan kaynaklanan s\u0131z\u0131nt\u0131lar, performans\u0131 \u00f6nemli \u00f6l\u00e7\u00fcde d\u00fc\u015f\u00fcrebilir. S\u0131z\u0131nt\u0131lar\u0131 tespit etmek ve derhal gidermek i\u00e7in d\u00fczenli kontroller yap\u0131lmal\u0131d\u0131r.<\/li>\n<li><strong>Yava\u015f \u00c7al\u0131\u015fma:<\/strong> Bu sorun, yetersiz hidrolik s\u0131v\u0131 veya t\u0131kanm\u0131\u015f filtrelerden kaynaklanabilir ve optimum i\u015flevselli\u011fi geri kazand\u0131rmak i\u00e7in acil m\u00fcdahale gerektirir.<\/li>\n<li><strong>Yan\u0131t vermeyen kontroller:<\/strong> Bu durum, hidrolik sistemde bir ar\u0131za oldu\u011funu g\u00f6sterebilir ve sorunu te\u015fhis edip d\u00fczeltmek i\u00e7in t\u00fcm bile\u015fenlerin kapsaml\u0131 bir \u015fekilde incelenmesini gerektirir.<\/li>\n<\/ul>\n<h2>Sorun Giderme \u0130pu\u00e7lar\u0131<\/h2>\n<p>Bom silindirindeki sorunlar\u0131 etkili bir \u015fekilde te\u015fhis etmek ve \u00e7\u00f6zmek i\u00e7in:<\/p>\n<ul>\n<li>Potansiyel sorunlar\u0131n b\u00fcy\u00fcmeden \u00f6nce tespit edilmesi i\u00e7in d\u00fczenli kontroller yap\u0131n. Erken tespit, operasyonel verimlili\u011fin korunmas\u0131 i\u00e7in \u00e7ok \u00f6nemlidir.<\/li>\n<li>Sorun giderme y\u00f6nergeleri i\u00e7in \u00fcreticinin teknik \u00f6zelliklerine bak\u0131n ve t\u00fcm bile\u015fenlerin do\u011fru \u00e7al\u0131\u015ft\u0131\u011f\u0131ndan emin olun.<\/li>\n<li>Olas\u0131 sorunlar\u0131 en aza indirmek ve hidrolik silindirin \u00f6mr\u00fcn\u00fc uzatmak i\u00e7in d\u00fczenli bak\u0131m gibi \u00f6nleyici tedbirler uygulay\u0131n.<\/li>\n<\/ul>\n<p><img decoding=\"async\" src=\"https:\/\/www.hydraulic-cylinders.net\/wp-content\/uploads\/2025\/04\/songte-bushings-with-all-kinds-of-excavator-models.webp\" alt=\"Ekskavat\u00f6r Bur\u00e7lar\u0131\" \/><\/p>\n<h2>\u015eirketimiz Hakk\u0131nda<\/h2>\n<p>\u00d6nde gelen yedek hidrolik silindir \u00fcreticisi olarak, hem yerel hem de uluslararas\u0131 pazarlar i\u00e7in kapsaml\u0131 bir \u00fcr\u00fcn yelpazesi sunuyoruz. M\u00fckemmelli\u011fe olan ba\u011fl\u0131l\u0131\u011f\u0131m\u0131z, ince \u00fcretim s\u00fcre\u00e7lerimizde ve end\u00fcstriyel \u00fcretim y\u00f6netim stratejilerimizde a\u00e7\u0131k\u00e7a g\u00f6r\u00fclmektedir. Nitelikli teknik personel, son teknoloji dijital \u00fcretim ekipmanlar\u0131 ve profesyonel test sistemleri kullanarak \u00fcretim platformumuzu s\u00fcrekli olarak geli\u015ftiriyoruz. Bu ba\u011fl\u0131l\u0131k, y\u00fcksek verimlilik, hassasiyet ve kaliteyi garanti ederek \u00e7e\u015fitli m\u00fc\u015fteri ihtiya\u00e7lar\u0131n\u0131 kar\u015f\u0131lamam\u0131z\u0131 sa\u011fl\u0131yor.<\/p>\n<p><img decoding=\"async\" src=\"https:\/\/www.hydraulic-cylinders.net\/wp-content\/uploads\/2025\/04\/songte-company-4.webp\" alt=\"\u015eirket Genel Bak\u0131\u015f\u0131\" \/><br \/>\n<img decoding=\"async\" src=\"https:\/\/www.hydraulic-cylinders.net\/wp-content\/uploads\/2025\/04\/songte-company-3.webp\" alt=\"\u00dcretim Tesisleri\" \/><\/p>\n<p>\u015eirketimiz profesyonellik, uluslararas\u0131 sertifikalar, \u00f6zel hizmetler, geli\u015fmi\u015f \u00fcretim ekipmanlar\u0131 ve ola\u011fan\u00fcst\u00fc sat\u0131\u015f sonras\u0131 destek ile gurur duymaktad\u0131r. En iyi hidrolik \u00e7\u00f6z\u00fcmleri sunmay\u0131 ve m\u00fc\u015fteri memnuniyetini sa\u011flamay\u0131 hedefliyoruz.<\/p>\n<p>Yazar: lyl<\/p>","protected":false},"excerpt":{"rendered":"<p>Boom Cylinder For Volwa Middle Excavator DLS220-8B Product Overview The Boom Cylinder for Volwa Middle Excavator DLS220-8B is a crucial component in heavy machinery, specifically designed to control the motion of the bucket in excavators, backhoe loaders, and front loaders. This hydraulic cylinder allows for the lifting, lowering, and tilting of the bucket, making it [&hellip;]<\/p>","protected":false},"featured_media":17872,"comment_status":"open","ping_status":"closed","template":"","meta":{"_et_pb_use_builder":"","_et_pb_old_content":"","_et_gb_content_width":""},"product_brand":[],"product_cat":[1546],"product_tag":[1547,1496],"class_list":{"0":"post-19609","1":"product","2":"type-product","3":"status-publish","4":"has-post-thumbnail","6":"product_cat-boom-cylinders","7":"product_tag-boom-cylinders","8":"product_tag-hydraulic-cylinders","10":"first","11":"instock","12":"shipping-taxable","13":"product-type-simple"},"amp_enabled":true,"_links":{"self":[{"href":"https:\/\/www.hydraulic-cylinders.net\/tr\/wp-json\/wp\/v2\/product\/19609","targetHints":{"allow":["GET"]}}],"collection":[{"href":"https:\/\/www.hydraulic-cylinders.net\/tr\/wp-json\/wp\/v2\/product"}],"about":[{"href":"https:\/\/www.hydraulic-cylinders.net\/tr\/wp-json\/wp\/v2\/types\/product"}],"replies":[{"embeddable":true,"href":"https:\/\/www.hydraulic-cylinders.net\/tr\/wp-json\/wp\/v2\/comments?post=19609"}],"wp:featuredmedia":[{"embeddable":true,"href":"https:\/\/www.hydraulic-cylinders.net\/tr\/wp-json\/wp\/v2\/media\/17872"}],"wp:attachment":[{"href":"https:\/\/www.hydraulic-cylinders.net\/tr\/wp-json\/wp\/v2\/media?parent=19609"}],"wp:term":[{"taxonomy":"product_brand","embeddable":true,"href":"https:\/\/www.hydraulic-cylinders.net\/tr\/wp-json\/wp\/v2\/product_brand?post=19609"},{"taxonomy":"product_cat","embeddable":true,"href":"https:\/\/www.hydraulic-cylinders.net\/tr\/wp-json\/wp\/v2\/product_cat?post=19609"},{"taxonomy":"product_tag","embeddable":true,"href":"https:\/\/www.hydraulic-cylinders.net\/tr\/wp-json\/wp\/v2\/product_tag?post=19609"}],"curies":[{"name":"wp","href":"https:\/\/api.w.org\/{rel}","templated":true}]}}