{"id":19611,"date":"2025-04-07T06:57:19","date_gmt":"2025-04-07T06:57:19","guid":{"rendered":"https:\/\/www.hydraulic-cylinders.net\/product\/boom-cylinder-for-volwa-middle-excavator-dls210-8b\/"},"modified":"2025-04-07T06:57:21","modified_gmt":"2025-04-07T06:57:21","slug":"boom-cylinder-for-volwa-middle-excavator-dls210-8b","status":"publish","type":"product","link":"https:\/\/www.hydraulic-cylinders.net\/tr\/urun\/boom-cylinder-for-volwa-middle-excavator-dls210-8b\/","title":{"rendered":"Volwa Orta Ekskavat\u00f6r DLS210-8B i\u00e7in Bom Silindiri"},"content":{"rendered":"<h1>Volwa Orta Ekskavat\u00f6r DLS210-8B i\u00e7in Bom Silindiri<\/h1>\n<h2>\u00dcr\u00fcn Genel Bak\u0131\u015f\u0131<\/h2>\n<p>Volwa DLS210-8B orta ekskavat\u00f6r i\u00e7in bom silindiri, ekskavat\u00f6r\u00fcn kolunun hareketini kontrol etmek \u00fczere \u00f6zel olarak tasarlanm\u0131\u015f, hidrolik sistemlerde \u00f6nemli bir bile\u015fendir. Bu hidrolik silindir, kep\u00e7enin kald\u0131r\u0131lmas\u0131n\u0131, indirilmesini ve e\u011filmesini sa\u011flayarak \u00e7e\u015fitli malzeme ta\u015f\u0131ma g\u00f6revlerini kolayla\u015ft\u0131r\u0131r. A\u011f\u0131r makinelerde hayati bir rol oynayarak operat\u00f6rlerin kaz\u0131, y\u00fckleme ve malzeme ta\u015f\u0131ma i\u015flemlerini verimli bir \u015fekilde ger\u00e7ekle\u015ftirmelerini sa\u011flar.<\/p>\n<p><img decoding=\"async\" src=\"https:\/\/www.hydraulic-cylinders.net\/wp-content\/uploads\/2025\/04\/songte-company-1.webp\" alt=\"Ekskavat\u00f6r Bom Silindiri\"><\/p>\n<h2>Bom Silindirinin \u00d6zellikleri<\/h2>\n<ul>\n<li>\n<h3>Y\u00fcksek G\u00fc\u00e7 ve Dayan\u0131kl\u0131l\u0131k<\/h3>\n<p>Y\u00fcksek mukavemetli \u00e7elik veya al\u00fcminyumdan \u00fcretilen bom silindiri, y\u00fcksek bas\u0131nca ve a\u011f\u0131r y\u00fcklere dayanacak \u015fekilde tasarlanm\u0131\u015ft\u0131r ve bu da onu zorlu \u00e7al\u0131\u015fma ortamlar\u0131 i\u00e7in uygun hale getirir. A\u015f\u0131nma ve korozyon direncini de i\u00e7eren tasar\u0131m\u0131, kullan\u0131m \u00f6mr\u00fcn\u00fc uzat\u0131r.<\/p>\n<\/li>\n<li>\n<h3>Verimli Hidrolik \u00c7al\u0131\u015fma<\/h3>\n<p>Bu silindir, d\u00fczg\u00fcn uzatma ve geri \u00e7ekme hareketleri sa\u011flamak i\u00e7in hidrolik ya\u011f bas\u0131nc\u0131n\u0131 kullan\u0131r. Operat\u00f6r komutlar\u0131na h\u0131zl\u0131 yan\u0131t verir ve a\u011f\u0131r malzemelerin ve karma\u015f\u0131k i\u015flerin ta\u015f\u0131nmas\u0131 i\u00e7in ideal olan etkileyici bir itme ve \u00e7ekme kuvveti sa\u011flar.<\/p>\n<\/li>\n<li>\n<h3>\u00c7e\u015fitli T\u00fcrler Mevcuttur<\/h3>\n<p>Operasyonel ihtiya\u00e7lara ba\u011fl\u0131 olarak, m\u00fc\u015fteriler tek etkili (hidrolik g\u00fcc\u00fc tek y\u00f6nde kullanan) veya \u00e7ift etkili (hidrolik g\u00fcc\u00fc her iki y\u00f6nde kullanan) silindirler aras\u0131nda se\u00e7im yapabilirler. Baz\u0131 modeller teleskopiktir ve d\u0131\u015f boyutlar\u0131 art\u0131rmadan daha uzun eri\u015fime olanak tan\u0131yarak, alan k\u0131s\u0131tlamal\u0131 uygulamalar i\u00e7in uygun hale gelirler.<\/p>\n<\/li>\n<\/ul>\n<h2>\u00dcretim Yetenekleri<\/h2>\n<p>Mevcut hidrolik silindirlerin yerine m\u00fckemmel \u015fekilde ge\u00e7ebilen bom silindirleri \u00fcretme konusunda uzmanla\u015fm\u0131\u015f durumday\u0131z. \u00dcretim tekniklerimiz, uyumluluk ve g\u00fcvenilirlik sa\u011flayarak m\u00fc\u015fteri taleplerini kar\u015f\u0131layacak y\u00fcksek kaliteli alternatifler sunmaktad\u0131r.<\/p>\n<p><img decoding=\"async\" src=\"https:\/\/www.hydraulic-cylinders.net\/wp-content\/uploads\/2025\/04\/songte-cylinder-head-with-all-kinds-excavator-models.webp\" alt=\"Hidrolik Silindir \u00dcretimi\"><\/p>\n<h2>Bom Silindirinin Uygulamalar\u0131<\/h2>\n<ul>\n<li>\n<h3>\u0130n\u015faat Ekipmanlar\u0131<\/h3>\n<p>Ekskavat\u00f6rlerde, bom silindirleri kazma, y\u00fckleme ve toprak veya moloz ta\u015f\u0131ma i\u015flemlerinde hayati \u00f6neme sahiptir. Makinenin \u00e7e\u015fitli g\u00f6revleri etkili bir \u015fekilde yerine getirme kapasitesini art\u0131rarak \u015fantiyelerde verimlili\u011fi sa\u011flarlar.<\/p>\n<\/li>\n<li>\n<h3>Tar\u0131m Makinalar\u0131<\/h3>\n<p>\u00d6n y\u00fckleyicilerde, bom silindirleri toprak, saman ve di\u011fer malzemelerin kep\u00e7elenmesi, kald\u0131r\u0131lmas\u0131 ve ta\u015f\u0131nmas\u0131 i\u00e7in hayati \u00f6neme sahiptir. G\u00fcvenilirlikleri ve sa\u011flaml\u0131klar\u0131 tar\u0131msal faaliyetleri destekleyerek \u00e7iftlik verimlili\u011fine katk\u0131da bulunur.<\/p>\n<\/li>\n<li>\n<h3>Ekskavat\u00f6rler<\/h3>\n<p>Kep\u00e7e silindiri, kep\u00e7enin topra\u011fa n\u00fcfuz etmesini sa\u011flayarak kaz\u0131 i\u015flerini kolayla\u015ft\u0131r\u0131r. Bu i\u015flevsellik, hassasiyet ve sa\u011flaml\u0131\u011f\u0131n gerekli oldu\u011fu in\u015faat, peyzaj ve madencilik faaliyetlerinde hayati \u00f6neme sahiptir.<\/p>\n<\/li>\n<li>\n<h3>Y\u00fckleyiciler<\/h3>\n<p>\u00d6n y\u00fckleyicilerde, bom silindirleri y\u00fcklerin verimli bir \u015fekilde kald\u0131r\u0131lmas\u0131na ve bo\u015falt\u0131lmas\u0131na yard\u0131mc\u0131 olur. Tasar\u0131mlar\u0131 kald\u0131rma kapasitesini en \u00fcst d\u00fczeye \u00e7\u0131kar\u0131r ve bu da onlar\u0131 malzeme ta\u015f\u0131ma uygulamalar\u0131nda vazge\u00e7ilmez k\u0131lar.<\/p>\n<\/li>\n<\/ul>\n<h2>Tasar\u0131m Hususlar\u0131 ve Se\u00e7im Kriterleri<\/h2>\n<ul>\n<li>\n<h3>Y\u00fck Kapasitesi<\/h3>\n<p>Bir bom silindiri se\u00e7erken, y\u00fck ta\u015f\u0131ma kapasitesini dikkate almak \u00e7ok \u00f6nemlidir. Silindir, performanstan veya g\u00fcvenlikten \u00f6d\u00fcn vermeden, belirli g\u00f6revler i\u00e7in gereken maksimum y\u00fckleri ta\u015f\u0131yabilmelidir. Do\u011fru derecelendirilmi\u015f bir y\u00fck ta\u015f\u0131ma kapasitesi, kazalara veya ekipman hasar\u0131na yol a\u00e7abilecek ar\u0131zalar\u0131 \u00f6nler.<\/p>\n<\/li>\n<li>\n<h3>S\u0131zd\u0131rmazl\u0131k \u00d6zellikleri<\/h3>\n<p>Etkili s\u0131zd\u0131rmazl\u0131k, hidrolik s\u0131v\u0131 s\u0131z\u0131nt\u0131s\u0131n\u0131 \u00f6nlemek ve sistem i\u00e7indeki bas\u0131nc\u0131 korumak i\u00e7in \u00e7ok \u00f6nemlidir. Y\u00fcksek kaliteli contalar, hidrolik silindirin optimum performans\u0131n\u0131 ve uzun \u00f6mr\u00fcn\u00fc sa\u011flar. De\u011fi\u015fen s\u0131cakl\u0131k ve bas\u0131n\u00e7lara dayanabilen \u00fcst\u00fcn s\u0131zd\u0131rmazl\u0131k teknolojilerine sahip silindirler se\u00e7mek \u00f6nemlidir.<\/p>\n<\/li>\n<li>\n<h3>Dayan\u0131kl\u0131l\u0131k<\/h3>\n<p>Bom silindirlerinin tasar\u0131m\u0131nda dayan\u0131kl\u0131l\u0131k \u00f6nemli bir fakt\u00f6rd\u00fcr. Bile\u015fenler, zorlu ortamlarda tekrarlayan kullan\u0131mdan kaynaklanan a\u015f\u0131nma ve yorulmaya kar\u015f\u0131 dayan\u0131kl\u0131 olacak \u015fekilde \u00fcretilmelidir. Dayan\u0131kl\u0131 bir tasar\u0131m, bak\u0131m maliyetlerini azalt\u0131r ve hidrolik sistemin hizmet \u00f6mr\u00fcn\u00fc uzat\u0131r.<\/p>\n<\/li>\n<\/ul>\n<p><img decoding=\"async\" src=\"https:\/\/www.hydraulic-cylinders.net\/wp-content\/uploads\/2025\/04\/songte-oil-pipes-and-spare-parts.webp\" alt=\"Hidrolik Silindir Par\u00e7alar\u0131\"><\/p>\n<h2>S\u0131zd\u0131rmazl\u0131k ve Ya\u011flama<\/h2>\n<p>Bom silindirlerinin verimli \u00e7al\u0131\u015fmas\u0131 i\u00e7in uygun s\u0131zd\u0131rmazl\u0131k ve ya\u011flama hayati \u00f6nem ta\u015f\u0131r. Poli\u00fcretan ve nitril kau\u00e7uk gibi dayan\u0131kl\u0131 malzemelerden \u00fcretilen piston contalar\u0131 ve mil contalar\u0131 gibi \u00e7e\u015fitli contalar, minimum a\u015f\u0131nmay\u0131 sa\u011flar ve s\u0131z\u0131nt\u0131lar\u0131 \u00f6nler. Silindir g\u00f6vdesi ve di\u015fli u\u00e7lar\u0131, a\u015f\u0131nma direncini art\u0131rmak i\u00e7in ince bir \u015fekilde i\u015flenmelidir. Sorunsuz \u00e7al\u0131\u015fmay\u0131 s\u00fcrd\u00fcrmek ve bile\u015fenlerin bozulmas\u0131n\u0131 \u00f6nlemek i\u00e7in hidrolik ya\u011f ile d\u00fczenli ya\u011flama gereklidir.<\/p>\n<h2>\u00d6nleyici Bak\u0131m \u00d6nlemleri<\/h2>\n<ul>\n<li>\n<h3>D\u00fczenli Denetimler<\/h3>\n<p>A\u015f\u0131nma, s\u0131z\u0131nt\u0131 veya hasar belirtilerini tespit etmek i\u00e7in d\u00fczenli kontroller yap\u0131n. Erken tespit, maliyetli onar\u0131mlar\u0131 \u00f6nleyebilir ve bom silindirinin \u00f6mr\u00fcn\u00fc uzatabilir.<\/p>\n<\/li>\n<li>\n<h3>Uygun Ya\u011flama<\/h3>\n<p>T\u00fcm hareketli par\u00e7alara uygun ya\u011flama uyguland\u0131\u011f\u0131ndan emin olun. Bu, s\u00fcrt\u00fcnmeyi ve a\u015f\u0131nmay\u0131 azaltarak optimum i\u015flevselli\u011fi destekler ve kullan\u0131m \u00f6mr\u00fcn\u00fc uzat\u0131r.<\/p>\n<\/li>\n<li>\n<h3>Conta De\u011fi\u015fimi<\/h3>\n<p>Hidrolik s\u0131v\u0131 s\u0131z\u0131nt\u0131lar\u0131n\u0131 \u00f6nlemek ve sistem verimlili\u011fini korumak i\u00e7in contalar\u0131 d\u00fczenli olarak kontrol edin ve gerekti\u011finde de\u011fi\u015ftirin. Contalar, hidrolik silindirin performans\u0131n\u0131 do\u011frudan etkileyen kritik bile\u015fenlerdir.<\/p>\n<\/li>\n<\/ul>\n<h2>Kurulum Talimatlar\u0131<\/h2>\n<p>Bom silindirinin do\u011fru montaj\u0131 i\u00e7in a\u015fa\u011f\u0131daki y\u00f6nergeleri izleyin:<\/p>\n<ul>\n<li>Montaj s\u0131ras\u0131nda silindirin do\u011fru hizaland\u0131\u011f\u0131ndan emin olun, b\u00f6ylece bile\u015fenler \u00fczerinde gereksiz gerilim olu\u015fmas\u0131 \u00f6nlenir.<\/li>\n<li>Silindiri yerine g\u00fcvenli bir \u015fekilde sabitlemek i\u00e7in uygun montaj braketlerini kullan\u0131n.<\/li>\n<li>Montajdan sonra ve \u00e7al\u0131\u015ft\u0131rmadan \u00f6nce hidrolik ba\u011flant\u0131larda s\u0131z\u0131nt\u0131 olup olmad\u0131\u011f\u0131n\u0131 kontrol edin.<\/li>\n<li>En iyi performans\u0131 sa\u011flamak i\u00e7in hidrolik sistemi kalibre edin.<\/li>\n<\/ul>\n<h2>Yayg\u0131n Bak\u0131m G\u00f6revleri<\/h2>\n<ul>\n<li>\n<h3>D\u00fczenli Kontroller<\/h3>\n<p>Hidrolik sistemde d\u00fczenli kontroller yapmak, potansiyel sorunlar\u0131n b\u00fcy\u00fcmeden \u00f6nce tespit edilmesine yard\u0131mc\u0131 olur. Bu, s\u0131v\u0131 seviyelerinin izlenmesini ve s\u0131z\u0131nt\u0131 olup olmad\u0131\u011f\u0131n\u0131n kontrol edilmesini i\u00e7erir.<\/p>\n<\/li>\n<li>\n<h3>Uygun Ya\u011flama<\/h3>\n<p>Verimlili\u011fin korunmas\u0131 i\u00e7in d\u00fczenli ya\u011flama \u015fartt\u0131r. A\u015f\u0131nmay\u0131 azaltmak ve \u00e7al\u0131\u015fma performans\u0131n\u0131 art\u0131rmak i\u00e7in t\u00fcm hareketli par\u00e7alar\u0131n yeterince ya\u011fland\u0131\u011f\u0131ndan emin olun.<\/p>\n<\/li>\n<li>\n<h3>Conta De\u011fi\u015fimi ve Kalibrasyonu<\/h3>\n<p>A\u015f\u0131nm\u0131\u015f contalar\u0131n de\u011fi\u015ftirilmesi ve sistemin kalibrasyonu, hidrolik sistemin b\u00fct\u00fcnl\u00fc\u011f\u00fcn\u00fc korumak i\u00e7in \u00e7ok \u00f6nemlidir. Do\u011fru kalibrasyon, sistemin belirtilen parametreler dahilinde \u00e7al\u0131\u015fmas\u0131n\u0131 sa\u011flayarak ar\u0131zalar\u0131 \u00f6nler.<\/p>\n<\/li>\n<\/ul>\n<p><img decoding=\"async\" src=\"https:\/\/www.hydraulic-cylinders.net\/wp-content\/uploads\/2025\/04\/songte-chushion-collar.webp\" alt=\"Hidrolik Silindir Yast\u0131k Yakas\u0131\"><\/p>\n<h2>G\u00fcvenlik Hususlar\u0131 ve \u00c7evresel Fakt\u00f6rler<\/h2>\n<p>Hidrolik sistemlerle \u00e7al\u0131\u015f\u0131rken g\u00fcvenlik \u00f6nlemleri son derece \u00f6nemlidir. Operat\u00f6rler hidrolik bas\u0131nc\u0131 y\u00f6netme konusunda e\u011fitilmeli ve uygun g\u00fcvenlik ekipmanlar\u0131n\u0131 kullanman\u0131n \u00f6nemini anlamal\u0131d\u0131r. S\u0131cakl\u0131k ve nem gibi \u00e7evresel fakt\u00f6rler hidrolik s\u0131v\u0131n\u0131n performans\u0131n\u0131 etkileyebilir, bu nedenle g\u00fcvenli \u00e7al\u0131\u015fma sa\u011flamak i\u00e7in ko\u015fullar\u0131n izlenmesi \u015fartt\u0131r.<\/p>\n<h2>Sorun Giderme ve Yayg\u0131n Sorunlar<\/h2>\n<ul>\n<li>\n<h3>S\u0131z\u0131nt\u0131<\/h3>\n<p>S\u0131k kar\u015f\u0131la\u015f\u0131lan sorunlardan biri hidrolik s\u0131v\u0131 s\u0131z\u0131nt\u0131s\u0131d\u0131r ve bu genellikle a\u015f\u0131nm\u0131\u015f contalardan veya yanl\u0131\u015f montajdan kaynaklan\u0131r. D\u00fczenli conta kontrolleri ve bak\u0131m\u0131 bu sorunu azaltabilir.<\/p>\n<\/li>\n<li>\n<h3>Yava\u015f \u00c7al\u0131\u015fma<\/h3>\n<p>Bom silindirinin yava\u015f \u00e7al\u0131\u015fmas\u0131, hidrolik s\u0131v\u0131 seviyesinin d\u00fc\u015f\u00fck oldu\u011funu veya kirlenmeye i\u015faret edebilir. Optimum performans i\u00e7in d\u00fczenli kontroller ve s\u0131v\u0131 de\u011fi\u015fimleri gereklidir.<\/p>\n<\/li>\n<li>\n<h3>Yan\u0131t vermeyen kontroller<\/h3>\n<p>Kontrollerin tepkisiz kalmas\u0131n\u0131n nedeni hidrolik sistemdeki hava veya ar\u0131zal\u0131 valfler olabilir. Sistemi havaland\u0131rmak ve valfleri kontrol etmek, bu sorunu \u00e7\u00f6zmek i\u00e7in gerekli ad\u0131mlard\u0131r.<\/p>\n<\/li>\n<\/ul>\n<p><img decoding=\"async\" src=\"https:\/\/www.hydraulic-cylinders.net\/wp-content\/uploads\/2025\/04\/songte-bushings-with-all-kinds-of-excavator-models.webp\" alt=\"Ekskavat\u00f6r Bur\u00e7lar\u0131\"><\/p>\n<h2>Sorun Giderme \u0130pu\u00e7lar\u0131<\/h2>\n<p>Bom silindirindeki sorunlar\u0131 etkili bir \u015fekilde te\u015fhis etmek ve \u00e7\u00f6zmek i\u00e7in a\u015fa\u011f\u0131daki ipu\u00e7lar\u0131n\u0131 g\u00f6z \u00f6n\u00fcnde bulundurun:<\/p>\n<ul>\n<li>Sorunlar\u0131 erken tespit etmek i\u00e7in d\u00fczenli aral\u0131klarla kapsaml\u0131 denetimler ger\u00e7ekle\u015ftirin.<\/li>\n<li>Zaman i\u00e7inde performans\u0131 ve sorunlar\u0131 takip etmek i\u00e7in bir bak\u0131m g\u00fcnl\u00fc\u011f\u00fc tutun.<\/li>\n<li>S\u0131k kar\u015f\u0131la\u015f\u0131lan sorunlar\u0131n ve \u00e7\u00f6z\u00fcmlerin giderilmesi i\u00e7in \u00fcretici kaynaklar\u0131ndan yararlan\u0131n.<\/li>\n<\/ul>\n<h2>\u015eirketimiz Hakk\u0131nda<\/h2>\n<p>Yedek hidrolik silindir \u00fcreticisi olarak, geni\u015f \u00fcr\u00fcn yelpazemizle hem yurti\u00e7i hem de uluslararas\u0131 pazarlarda \u00f6nde gelen hidrolik silindir \u00fcreticilerinden ve toptanc\u0131lar\u0131ndan biri olmay\u0131 hedefliyoruz. Kalitede m\u00fckemmelli\u011fe \u00f6nem veriyor, geli\u015fmi\u015f \u00fcretim stratejileri ve \u00fcst d\u00fczey dijital ekipmanlar kullan\u0131yoruz. Ekibimiz, \u00fcretim platformunu s\u00fcrekli geli\u015ftirerek, \u00e7e\u015fitli m\u00fc\u015fteri ihtiya\u00e7lar\u0131n\u0131 kar\u015f\u0131lamak i\u00e7in y\u00fcksek verimlilik, hassasiyet ve kalite sa\u011fl\u0131yor.<\/p>\n<p><img decoding=\"async\" src=\"https:\/\/www.hydraulic-cylinders.net\/wp-content\/uploads\/2025\/04\/songte-company-4.webp\" alt=\"\u015eirket Genel Bak\u0131\u015f\u0131\"><br \/>\n<img decoding=\"async\" src=\"https:\/\/www.hydraulic-cylinders.net\/wp-content\/uploads\/2025\/04\/songte-company-3.webp\" alt=\"\u00dcretim Tesisi\"><\/p>\n<h2>\u00c7\u00f6z\u00fcm<\/h2>\n<p>Kaliteye olan ba\u011fl\u0131l\u0131\u011f\u0131m\u0131z, \u00f6zelle\u015ftirme hizmetlerimiz, uluslararas\u0131 sertifikalar\u0131m\u0131z ve sat\u0131\u015f sonras\u0131 deste\u011fimiz, \u00fcr\u00fcnlerimizin en y\u00fcksek standartlar\u0131 kar\u015f\u0131lamas\u0131n\u0131 sa\u011flamaktad\u0131r. M\u00fc\u015fterilerimize ola\u011fan\u00fcst\u00fc hidrolik \u00e7\u00f6z\u00fcmler sunmaya kendimizi adad\u0131k.<\/p>\n<p>Yazar: lyl<\/p>","protected":false},"excerpt":{"rendered":"<p>Boom Cylinder For Volwa Middle Excavator DLS210-8B Product Overview The Boom Cylinder for the Volwa Middle Excavator DLS210-8B is an essential component in hydraulic systems, specifically designed to control the movement of the excavator&#8217;s arm. This hydraulic cylinder allows the bucket to lift, lower, and tilt, facilitating various material handling tasks. It plays a vital [&hellip;]<\/p>","protected":false},"featured_media":17874,"comment_status":"open","ping_status":"closed","template":"","meta":{"_et_pb_use_builder":"","_et_pb_old_content":"","_et_gb_content_width":""},"product_brand":[],"product_cat":[1546],"product_tag":[1547,1496],"class_list":{"0":"post-19611","1":"product","2":"type-product","3":"status-publish","4":"has-post-thumbnail","6":"product_cat-boom-cylinders","7":"product_tag-boom-cylinders","8":"product_tag-hydraulic-cylinders","10":"first","11":"instock","12":"shipping-taxable","13":"product-type-simple"},"amp_enabled":true,"_links":{"self":[{"href":"https:\/\/www.hydraulic-cylinders.net\/tr\/wp-json\/wp\/v2\/product\/19611","targetHints":{"allow":["GET"]}}],"collection":[{"href":"https:\/\/www.hydraulic-cylinders.net\/tr\/wp-json\/wp\/v2\/product"}],"about":[{"href":"https:\/\/www.hydraulic-cylinders.net\/tr\/wp-json\/wp\/v2\/types\/product"}],"replies":[{"embeddable":true,"href":"https:\/\/www.hydraulic-cylinders.net\/tr\/wp-json\/wp\/v2\/comments?post=19611"}],"wp:featuredmedia":[{"embeddable":true,"href":"https:\/\/www.hydraulic-cylinders.net\/tr\/wp-json\/wp\/v2\/media\/17874"}],"wp:attachment":[{"href":"https:\/\/www.hydraulic-cylinders.net\/tr\/wp-json\/wp\/v2\/media?parent=19611"}],"wp:term":[{"taxonomy":"product_brand","embeddable":true,"href":"https:\/\/www.hydraulic-cylinders.net\/tr\/wp-json\/wp\/v2\/product_brand?post=19611"},{"taxonomy":"product_cat","embeddable":true,"href":"https:\/\/www.hydraulic-cylinders.net\/tr\/wp-json\/wp\/v2\/product_cat?post=19611"},{"taxonomy":"product_tag","embeddable":true,"href":"https:\/\/www.hydraulic-cylinders.net\/tr\/wp-json\/wp\/v2\/product_tag?post=19611"}],"curies":[{"name":"wp","href":"https:\/\/api.w.org\/{rel}","templated":true}]}}