{"id":19612,"date":"2025-04-07T06:57:21","date_gmt":"2025-04-07T06:57:21","guid":{"rendered":"https:\/\/www.hydraulic-cylinders.net\/product\/boom-cylinder-for-volwa-middle-excavator-dls230-8h\/"},"modified":"2025-04-07T06:57:24","modified_gmt":"2025-04-07T06:57:24","slug":"boom-cylinder-for-volwa-middle-excavator-dls230-8h","status":"publish","type":"product","link":"https:\/\/www.hydraulic-cylinders.net\/tr\/urun\/boom-cylinder-for-volwa-middle-excavator-dls230-8h\/","title":{"rendered":"Volwa Orta Ekskavat\u00f6r DLS230-8H i\u00e7in Bom Silindiri"},"content":{"rendered":"<h1>Volwa Orta Ekskavat\u00f6r DLS230-8H i\u00e7in Bom Silindiri<\/h1>\n<h2>Bom Silindirlerine Giri\u015f<\/h2>\n<p>Bom silindiri, ekskavat\u00f6rler, kaz\u0131c\u0131 y\u00fckleyiciler ve \u00f6n y\u00fckleyiciler gibi a\u011f\u0131r makinelerin hidrolik sistemlerinde \u00e7ok \u00f6nemli bir bile\u015fendir. \u00d6zellikle kep\u00e7enin hareketini kontrol etmek, malzeme ta\u015f\u0131ma g\u00f6revleri s\u0131ras\u0131nda verimli bir \u015fekilde kald\u0131rma, indirme ve e\u011fme i\u015flemlerini ger\u00e7ekle\u015ftirmek i\u00e7in tasarlanm\u0131\u015ft\u0131r. Bu silindirler, kuvvet olu\u015fturmak i\u00e7in hidrolik s\u0131v\u0131 kullan\u0131r ve makinenin \u00e7e\u015fitli i\u015flemleri hassasiyet ve etkinlikte ger\u00e7ekle\u015ftirmesini sa\u011flar.<\/p>\n<p>As a type of hydraulic cylinder, the boom cylinder plays a significant role in various applications across different industries. By manipulating the bucket&#8217;s position, operators can optimize their workflow and increase productivity on job sites. This hydraulic system is essential for tasks such as digging, loading, and transporting materials, making it a vital asset in construction, agriculture, and mining.<\/p>\n<p><img decoding=\"async\" src=\"https:\/\/www.hydraulic-cylinders.net\/wp-content\/uploads\/2025\/04\/songte-company-1.webp\" alt=\"Hidrolik Silindir G\u00f6r\u00fcnt\u00fcs\u00fc\" \/><\/p>\n<h2>Bom Silindirinin Temel \u00d6zellikleri<\/h2>\n<ul>\n<li><strong>Y\u00fcksek Dayan\u0131kl\u0131l\u0131k ve Dayan\u0131kl\u0131l\u0131k:<\/strong> Y\u00fcksek mukavemetli \u00e7elik veya al\u00fcminyumdan \u00fcretilen bom silindiri, y\u00fcksek bas\u0131nca ve a\u011f\u0131r y\u00fcklere dayanabilir, bu da onu zorlu \u00e7al\u0131\u015fma ko\u015fullar\u0131 i\u00e7in uygun hale getirir. Tasar\u0131m\u0131nda a\u015f\u0131nma direnci ve korozyon direnci de bulunur, bu da kullan\u0131m \u00f6mr\u00fcn\u00fc uzat\u0131r.<\/li>\n<li><strong>Verimli Hidrolik \u00c7al\u0131\u015fma:<\/strong> Bom silindiri, hidrolik s\u0131v\u0131n\u0131n bas\u0131nc\u0131yla sorunsuz bir \u015fekilde \u00e7al\u0131\u015farak kontrol komutlar\u0131na h\u0131zl\u0131 yan\u0131t vermeyi ve a\u011f\u0131r nesnelerin ve karma\u015f\u0131k i\u015flerin ta\u015f\u0131nmas\u0131 i\u00e7in ideal olan \u00f6nemli bir itme ve \u00e7ekme kuvveti sa\u011flamay\u0131 m\u00fcmk\u00fcn k\u0131lar.<\/li>\n<li><strong>\u00c7e\u015fitli T\u00fcrler:<\/strong> Tek y\u00f6nl\u00fc (hidroli\u011fi yaln\u0131zca tek y\u00f6nde kullanan) veya \u00e7ift y\u00f6nl\u00fc (hidroli\u011fi her iki y\u00f6nde de kullanan) konfig\u00fcrasyonlarda bulunan bom silindiri, \u00e7e\u015fitli operasyonel ihtiya\u00e7lar\u0131 kar\u015f\u0131layacak \u015fekilde uyarlanabilir. Baz\u0131 modellerde, d\u0131\u015f boyutlar\u0131 art\u0131rmadan daha fazla uzatma sa\u011flayan teleskopik tasar\u0131mlar bulunur; bu da s\u0131n\u0131rl\u0131 alan gerektiren uygulamalar i\u00e7in idealdir.<\/li>\n<li><strong>\u00d6zel \u00dcretim:<\/strong> Firmam\u0131z bu bom silindirlerinin \u00fcretiminde uzmanla\u015fm\u0131\u015ft\u0131r ve bunlar\u0131n makinelerdeki mevcut hidrolik silindirlerin m\u00fckemmel birer alternatifi olmas\u0131n\u0131 sa\u011flamaktad\u0131r.<\/li>\n<li><strong>\u00c7ok Y\u00f6nl\u00fc Uygulamalar:<\/strong> Bom silindiri, farkl\u0131 makine tiplerine uyarlanabilir ve bu da \u00e7e\u015fitli g\u00f6revlerdeki kullan\u0131\u015fl\u0131l\u0131\u011f\u0131n\u0131 art\u0131r\u0131r.<\/li>\n<\/ul>\n<p><img decoding=\"async\" src=\"https:\/\/www.hydraulic-cylinders.net\/wp-content\/uploads\/2025\/04\/songte-cylinder-head-with-all-kinds-excavator-models.webp\" alt=\"Ekskavat\u00f6r Modelleri G\u00f6rseli\" \/><\/p>\n<h2>Bom Silindirlerinin Uygulamalar\u0131<\/h2>\n<h3>\u0130n\u015faat Ekipmanlar\u0131<\/h3>\n<p>Ekskavat\u00f6rlerde, bom silindirleri kazma, y\u00fckleme ve toprak veya moloz ta\u015f\u0131ma i\u015flemlerinde hayati \u00f6neme sahiptir. Kep\u00e7enin zemine etkili bir \u015fekilde n\u00fcfuz etmesini sa\u011flayarak verimli kaz\u0131 s\u00fcre\u00e7lerini garanti ederler. Kaz\u0131c\u0131 y\u00fckleyicilerde ise bu silindirler hem kazma hem de kald\u0131rma i\u015flemlerini kolayla\u015ft\u0131rarak \u00e7e\u015fitli in\u015faat i\u015fleri i\u00e7in vazge\u00e7ilmez hale gelirler.<\/p>\n<h3>Tar\u0131m Makinalar\u0131<\/h3>\n<p>\u00d6n y\u00fckleyicilerde, bom silindirleri toprak, saman ve di\u011fer malzemeleri kep\u00e7elemek, kald\u0131rmak ve ta\u015f\u0131mak i\u00e7in kullan\u0131l\u0131r. Tar\u0131msal i\u015flemlerin verimlili\u011fini ve etkinli\u011fini art\u0131rarak, yem y\u00fckleme ve \u00e7iftliklerde d\u00f6kme malzemelerin ta\u015f\u0131nmas\u0131 gibi i\u015flere yard\u0131mc\u0131 olurlar.<\/p>\n<h3>Ekskavat\u00f6rler<\/h3>\n<p>Kaz\u0131c\u0131 makinelerde, kep\u00e7enin topra\u011f\u0131 delerek kaz\u0131 i\u015flemlerini ger\u00e7ekle\u015ftirmesini sa\u011flayan bom silindiri \u00e7ok \u00f6nemlidir. Bu \u00f6zellik, \u00e7e\u015fitli in\u015faat ve peyzaj i\u015fleri i\u00e7in hayati \u00f6neme sahiptir ve operat\u00f6rlere etkili kaz\u0131 i\u015flemleri ger\u00e7ekle\u015ftirmek i\u00e7in gerekli g\u00fcc\u00fc sa\u011flar.<\/p>\n<h3>Y\u00fckleyiciler<\/h3>\n<p>\u00d6n y\u00fckleyicilerde, bom silindirleri y\u00fcklerin etkin bir \u015fekilde kald\u0131r\u0131lmas\u0131na ve bo\u015falt\u0131lmas\u0131na katk\u0131da bulunur. Hidrolik \u00e7al\u0131\u015fma prensibi, yumu\u015fak ge\u00e7i\u015fler ve hassas hareketler sa\u011flayarak a\u011f\u0131r malzemelerin ta\u015f\u0131nmas\u0131nda g\u00fcvenlik ve verimlilik sa\u011flar.<\/p>\n<h2>Tasar\u0131m Hususlar\u0131 ve Se\u00e7im Kriterleri<\/h2>\n<h3>Y\u00fck Kapasitesi<\/h3>\n<p>When designing a boom cylinder, load capacity is a primary consideration. It must be able to handle the maximum weight that will be applied during operation. Engineers calculate the load requirements based on the machinery&#8217;s specifications and the tasks it is expected to perform. Selecting a cylinder with the appropriate load capacity ensures safety and efficiency during operations.<\/p>\n<h3>S\u0131zd\u0131rmazl\u0131k Performans\u0131<\/h3>\n<p>Hidrolik sistemlerde etkili s\u0131zd\u0131rmazl\u0131k kritik \u00f6neme sahiptir. \u0130yi tasarlanm\u0131\u015f bir s\u0131zd\u0131rmazl\u0131k eleman\u0131, hidrolik s\u0131v\u0131 s\u0131z\u0131nt\u0131s\u0131n\u0131 \u00f6nleyerek optimum \u00e7al\u0131\u015fma sa\u011flar ve bak\u0131m ihtiya\u00e7lar\u0131n\u0131 azalt\u0131r. Poli\u00fcretan ve nitril kau\u00e7uk gibi s\u0131zd\u0131rmazl\u0131k elemanlar\u0131nda kullan\u0131lan malzemeler, a\u015f\u0131nma diren\u00e7leri ve dayan\u0131kl\u0131l\u0131klar\u0131 nedeniyle se\u00e7ilir ve bu da bom silindirinin genel \u00f6mr\u00fcne katk\u0131da bulunur.<\/p>\n<h3>Dayan\u0131kl\u0131l\u0131k<\/h3>\n<p>Bom silindirinin zorlu ortamlarda \u00e7al\u0131\u015fmas\u0131 nedeniyle dayan\u0131kl\u0131l\u0131\u011f\u0131 \u00e7ok \u00f6nemlidir. Malzeme ve m\u00fchendislik uygulamalar\u0131nda a\u015f\u0131nmaya, korozyona ve yorulmaya kar\u015f\u0131 diren\u00e7 \u00f6nceliklendirilmelidir. Bu husus, silindirin in\u015faat ve tar\u0131m uygulamalar\u0131nda g\u00fcnl\u00fck kullan\u0131m\u0131n zorluklar\u0131na dayanabilmesini sa\u011flar.<\/p>\n<h3>G\u00fcvenlik \u00d6zellikleri<\/h3>\n<p>Bom silindiri tasar\u0131m\u0131na g\u00fcvenlik \u00f6zelliklerinin entegre edilmesi \u00e7ok \u00f6nemlidir. Bunlar aras\u0131nda a\u015f\u0131r\u0131 bas\u0131n\u00e7 birikmesini \u00f6nleyen bas\u0131n\u00e7 tahliye vanalar\u0131 ve olumsuz ko\u015fullarda bile makinenin g\u00fcvenli bir \u015fekilde \u00e7al\u0131\u015fmas\u0131n\u0131 sa\u011flayan ar\u0131za emniyet mekanizmalar\u0131 yer alabilir. \u0130yi tasarlanm\u0131\u015f bir silindir, hem operat\u00f6rlerin hem de \u00e7evredeki ki\u015filerin g\u00fcvenli\u011fini \u00f6nceliklendirir.<\/p>\n<h3>Bak\u0131m kolayl\u0131\u011f\u0131<\/h3>\n<p>Bak\u0131m kolayl\u0131\u011f\u0131na y\u00f6nelik tasar\u0131m, incelemeleri ve onar\u0131mlar\u0131 kolayla\u015ft\u0131r\u0131r. Eri\u015filebilir ya\u011flama noktalar\u0131 ve mod\u00fcler bile\u015fenler gibi \u00f6zellikler, bak\u0131m i\u015flemlerini basitle\u015ftirerek bom silindirinin kullan\u0131m \u00f6mr\u00fc boyunca iyi \u00e7al\u0131\u015fma ko\u015fullar\u0131nda kalmas\u0131n\u0131 sa\u011flar. Bak\u0131m kolayl\u0131\u011f\u0131na odaklanmak, ar\u0131za s\u00fcrelerini azalt\u0131r ve verimlili\u011fi art\u0131r\u0131r.<\/p>\n<p><img decoding=\"async\" src=\"https:\/\/www.hydraulic-cylinders.net\/wp-content\/uploads\/2025\/04\/songte-oil-pipes-and-spare-parts.webp\" alt=\"Petrol Borular\u0131 ve Yedek Par\u00e7a G\u00f6rseli\" \/><\/p>\n<h2>S\u0131zd\u0131rmazl\u0131k ve Ya\u011flama<\/h2>\n<p>Bom silindirlerinin verimli \u00e7al\u0131\u015fmas\u0131 i\u00e7in uygun s\u0131zd\u0131rmazl\u0131k ve ya\u011flama temel \u00f6neme sahiptir. Hidrolik s\u0131v\u0131 s\u0131z\u0131nt\u0131s\u0131n\u0131 \u00f6nlemek i\u00e7in piston contalar\u0131 ve mil contalar\u0131 gibi \u00e7e\u015fitli s\u0131zd\u0131rmazl\u0131k elemanlar\u0131 kullan\u0131l\u0131r. Bu contalar genellikle m\u00fckemmel a\u015f\u0131nma direnci sunan poli\u00fcretan ve nitril kau\u00e7uk gibi dayan\u0131kl\u0131 malzemelerden yap\u0131l\u0131r.<\/p>\n<p>Silindir g\u00f6vdesi ve di\u015fli u\u00e7lar\u0131, dayan\u0131kl\u0131l\u0131klar\u0131n\u0131 ve a\u015f\u0131nma diren\u00e7lerini art\u0131rmak i\u00e7in hassas son i\u015flem s\u00fcre\u00e7lerinden ge\u00e7irilir. D\u00fczenli bak\u0131m, sorunsuz \u00e7al\u0131\u015fma sa\u011flamak ve hareketli par\u00e7alar aras\u0131ndaki s\u00fcrt\u00fcnmeyi azaltmak i\u00e7in uygun miktarda hidrolik ya\u011f eklemeyi i\u00e7erir. Bu ya\u011flama, erken a\u015f\u0131nmay\u0131 \u00f6nlemek ve bom silindirinin uzun \u00f6m\u00fcrl\u00fc olmas\u0131n\u0131 sa\u011flamak i\u00e7in gereklidir.<\/p>\n<h2>D\u00fczenli Muayene ve \u00d6nleyici Bak\u0131m<\/h2>\n<ul>\n<li><strong>Rutin Denetimler:<\/strong> S\u0131z\u0131nt\u0131lar\u0131, a\u015f\u0131nmay\u0131 ve di\u011fer hasar belirtilerini kontrol etmek i\u00e7in d\u00fczenli denetimler yap\u0131n. Sorunlar\u0131 erken tespit etmek, daha b\u00fcy\u00fck sorunlar\u0131 ve maliyetli onar\u0131mlar\u0131 \u00f6nleyebilir.<\/li>\n<li><strong>Uygun Ya\u011flama:<\/strong> Ensure that the boom cylinder is adequately lubricated to facilitate smooth operation and reduce wear. Use high-quality hydraulic oil and follow the manufacturer&#8217;s guidelines for lubrication schedules.<\/li>\n<li><strong>Conta De\u011fi\u015fimi:<\/strong> Regularly check the condition of seals and replace them as necessary. Worn or damaged seals can lead to hydraulic fluid leaks, compromising the cylinder&#8217;s function and safety.<\/li>\n<\/ul>\n<h2>Kurulum Talimatlar\u0131<\/h2>\n<p>Bom silindirinin montaj\u0131, optimum performans sa\u011flamak i\u00e7in ayr\u0131nt\u0131lara dikkat edilmesini gerektirir. \u00d6ncelikle silindirin makinenin montaj noktalar\u0131yla do\u011fru \u015fekilde hizaland\u0131\u011f\u0131ndan emin olun. Yanl\u0131\u015f hizalama, erken a\u015f\u0131nmaya ve ar\u0131zaya yol a\u00e7abilir.<\/p>\n<p>Utilize appropriate mounting brackets to secure the cylinder in place, ensuring that it is firmly attached to the machinery frame. Before finalizing the installation, double-check all hydraulic connections for leaks and proper fittings. Following the manufacturer&#8217;s specifications for installation is crucial in achieving the best performance and lifespan for the boom cylinder.<\/p>\n<h2>Yayg\u0131n Bak\u0131m G\u00f6revleri<\/h2>\n<ul>\n<li><strong>D\u00fczenli Denetimler:<\/strong> A\u015f\u0131nma veya hasar belirtilerini tespit etmek i\u00e7in incelemeler yap\u0131n. Herhangi bir d\u00fczensizli\u011fin g\u00f6zlemlenmesi, sorunlar\u0131n b\u00fcy\u00fcmeden \u00f6nce ele al\u0131nmas\u0131na yard\u0131mc\u0131 olabilir.<\/li>\n<li><strong>Uygun Ya\u011flama:<\/strong> Ya\u011flama i\u015fleminin \u00f6nerilen programa g\u00f6re yap\u0131ld\u0131\u011f\u0131ndan emin olun. Bu uygulama s\u00fcrt\u00fcnmeyi ve a\u015f\u0131nmay\u0131 en aza indirerek silindirin \u00f6mr\u00fcn\u00fc uzat\u0131r.<\/li>\n<li><strong>Conta De\u011fi\u015fimi:<\/strong> Contalar\u0131n durumunu d\u00fczenli olarak kontrol edin ve gerekti\u011finde de\u011fi\u015ftirin. A\u015f\u0131nm\u0131\u015f contalar hidrolik s\u0131v\u0131 s\u0131z\u0131nt\u0131lar\u0131na yol a\u00e7arak performans\u0131 etkileyebilir.<\/li>\n<\/ul>\n<h2>G\u00fcvenlik Hususlar\u0131 ve \u00c7evresel Fakt\u00f6rler<\/h2>\n<p>Bom silindirleriyle \u00e7al\u0131\u015f\u0131rken g\u00fcvenlik \u00f6nlemleri son derece \u00f6nemlidir. Operat\u00f6rler uygun ki\u015fisel koruyucu ekipman (KKD) giymeli ve g\u00fcvenli \u00e7al\u0131\u015fma prosed\u00fcrleri konusunda e\u011fitim almal\u0131d\u0131r. Kazalar\u0131 \u00f6nlemek i\u00e7in hidrolik sistemin iyi bak\u0131ml\u0131 olmas\u0131 da hayati \u00f6nem ta\u015f\u0131r. A\u015f\u0131r\u0131 s\u0131cakl\u0131klara ve a\u015f\u0131nd\u0131r\u0131c\u0131 maddelere maruz kalma gibi \u00e7evresel fakt\u00f6rler de dikkate al\u0131nmal\u0131d\u0131r, \u00e7\u00fcnk\u00fc bunlar bom silindirinin b\u00fct\u00fcnl\u00fc\u011f\u00fcn\u00fc etkileyebilir.<\/p>\n<h2>Sorun Giderme ve Yayg\u0131n Sorunlar<\/h2>\n<ul>\n<li><strong>Hidrolik S\u0131v\u0131 S\u0131z\u0131nt\u0131s\u0131:<\/strong> Hidrolik s\u0131v\u0131 s\u0131z\u0131nt\u0131s\u0131 tespit edilirse, contalar\u0131 ve ba\u011flant\u0131lar\u0131 a\u015f\u0131nma veya hasar a\u00e7\u0131s\u0131ndan kontrol edin. A\u015f\u0131nm\u0131\u015f contalar\u0131n de\u011fi\u015ftirilmesi ve ba\u011flant\u0131lar\u0131n s\u0131k\u0131la\u015ft\u0131r\u0131lmas\u0131 bu sorunu \u00e7\u00f6zebilir.<\/li>\n<li><strong>Zay\u0131f Performans:<\/strong> E\u011fer bom silindiri beklendi\u011fi gibi \u00e7al\u0131\u015fm\u0131yorsa, hidrolik hatlarda t\u0131kan\u0131kl\u0131k olup olmad\u0131\u011f\u0131n\u0131 veya s\u0131v\u0131 seviyesinin d\u00fc\u015f\u00fck olup olmad\u0131\u011f\u0131n\u0131 kontrol edin. Bu sorunlar\u0131n giderilmesi, optimum \u00e7al\u0131\u015fmay\u0131 yeniden sa\u011flayabilir.<\/li>\n<li><strong>Al\u0131\u015f\u0131lmad\u0131k Sesler:<\/strong> \u00c7al\u0131\u015fma s\u0131ras\u0131nda ola\u011fand\u0131\u015f\u0131 sesler, i\u00e7 a\u015f\u0131nma veya hasar\u0131n g\u00f6stergesi olabilir. Silindiri g\u00f6zle g\u00f6r\u00fcl\u00fcr hasar belirtileri a\u00e7\u0131s\u0131ndan inceleyin ve gerekirse bir uzmana dan\u0131\u015fmay\u0131 d\u00fc\u015f\u00fcn\u00fcn.<\/li>\n<\/ul>\n<p>\u00d6nleyici tedbirlerin uygulanmas\u0131, potansiyel sorunlar\u0131 en aza indirebilir ve bom silindirinin \u00f6mr\u00fcn\u00fc uzatabilir. D\u00fczenli bak\u0131m, denetimler ve sorunlara h\u0131zl\u0131 m\u00fcdahale, uzun vadeli i\u015flevselli\u011fi sa\u011flaman\u0131n temel stratejileridir.<\/p>\n<p><img decoding=\"async\" src=\"https:\/\/www.hydraulic-cylinders.net\/wp-content\/uploads\/2025\/04\/songte-bushings-with-all-kinds-of-excavator-models.webp\" alt=\"Bur\u00e7 Resmi\" \/><\/p>\n<h2>\u015eirketimiz Hakk\u0131nda<\/h2>\n<p>\u00d6nde gelen bir yedek hidrolik silindir \u00fcreticisi ve toptan da\u011f\u0131t\u0131c\u0131s\u0131y\u0131z; geni\u015f \u00fcr\u00fcn yelpazemiz ve kaliteye olan ba\u011fl\u0131l\u0131\u011f\u0131m\u0131zla tan\u0131n\u0131yoruz. \u015eirketimiz hem yerel hem de uluslararas\u0131 pazarlarda \u00f6nemli bir oyuncu olarak kendini kan\u0131tlam\u0131\u015ft\u0131r.<\/p>\n<p>Kalitede m\u00fckemmellik felsefesine ba\u011fl\u0131 kalarak, geli\u015fmi\u015f \u00fcretim stratejilerinden ve dijital \u00fcst d\u00fczey ekipmanlardan yararlan\u0131yoruz. \u00dcretim y\u00f6netim sistemimiz, s\u00fcrekli iyile\u015ftirmeye odaklanarak, \u00fcretim kapasitemizi art\u0131rmak i\u00e7in yetenekli teknik personel ve profesyonel test sistemlerini kullanmaktad\u0131r.<\/p>\n<p>Y\u00fcksek verimlilik, hassasiyet ve kaliteye olan ba\u011fl\u0131l\u0131\u011f\u0131m\u0131z, \u00e7e\u015fitli m\u00fc\u015fteri ihtiya\u00e7lar\u0131n\u0131 kar\u015f\u0131lamam\u0131z\u0131 sa\u011fl\u0131yor. Belirli gereksinimlere g\u00f6re uyarlanm\u0131\u015f \u00f6zel hizmetler sunarak, \u00fcr\u00fcnlerimizin yaln\u0131zca g\u00fcvenilir de\u011fil, ayn\u0131 zamanda \u00e7e\u015fitli uygulamalar i\u00e7in de uygun olmas\u0131n\u0131 sa\u011fl\u0131yoruz.<\/p>\n<p><img decoding=\"async\" src=\"https:\/\/www.hydraulic-cylinders.net\/wp-content\/uploads\/2025\/04\/songte-company-4.webp\" alt=\"\u015eirket \u0130maj\u0131\" \/><br \/>\n<img decoding=\"async\" src=\"https:\/\/www.hydraulic-cylinders.net\/wp-content\/uploads\/2025\/04\/songte-company-3.webp\" alt=\"\u015eirket \u0130maj\u0131\" \/><\/p>\n<p>Yazar: lyl<\/p>","protected":false},"excerpt":{"rendered":"<p>Boom Cylinder For Volwa Middle Excavator DLS230-8H Introduction to Boom Cylinders The boom cylinder is a crucial component in the hydraulic systems of heavy machinery such as excavators, backhoe loaders, and front loaders. It is specifically designed to control the movement of the bucket, allowing it to lift, lower, and tilt efficiently during material handling [&hellip;]<\/p>","protected":false},"featured_media":17875,"comment_status":"open","ping_status":"closed","template":"","meta":{"_et_pb_use_builder":"","_et_pb_old_content":"","_et_gb_content_width":""},"product_brand":[],"product_cat":[1546],"product_tag":[1547,1496],"class_list":{"0":"post-19612","1":"product","2":"type-product","3":"status-publish","4":"has-post-thumbnail","6":"product_cat-boom-cylinders","7":"product_tag-boom-cylinders","8":"product_tag-hydraulic-cylinders","10":"first","11":"instock","12":"shipping-taxable","13":"product-type-simple"},"amp_enabled":true,"_links":{"self":[{"href":"https:\/\/www.hydraulic-cylinders.net\/tr\/wp-json\/wp\/v2\/product\/19612","targetHints":{"allow":["GET"]}}],"collection":[{"href":"https:\/\/www.hydraulic-cylinders.net\/tr\/wp-json\/wp\/v2\/product"}],"about":[{"href":"https:\/\/www.hydraulic-cylinders.net\/tr\/wp-json\/wp\/v2\/types\/product"}],"replies":[{"embeddable":true,"href":"https:\/\/www.hydraulic-cylinders.net\/tr\/wp-json\/wp\/v2\/comments?post=19612"}],"wp:featuredmedia":[{"embeddable":true,"href":"https:\/\/www.hydraulic-cylinders.net\/tr\/wp-json\/wp\/v2\/media\/17875"}],"wp:attachment":[{"href":"https:\/\/www.hydraulic-cylinders.net\/tr\/wp-json\/wp\/v2\/media?parent=19612"}],"wp:term":[{"taxonomy":"product_brand","embeddable":true,"href":"https:\/\/www.hydraulic-cylinders.net\/tr\/wp-json\/wp\/v2\/product_brand?post=19612"},{"taxonomy":"product_cat","embeddable":true,"href":"https:\/\/www.hydraulic-cylinders.net\/tr\/wp-json\/wp\/v2\/product_cat?post=19612"},{"taxonomy":"product_tag","embeddable":true,"href":"https:\/\/www.hydraulic-cylinders.net\/tr\/wp-json\/wp\/v2\/product_tag?post=19612"}],"curies":[{"name":"wp","href":"https:\/\/api.w.org\/{rel}","templated":true}]}}